{"id":6927,"date":"2021-09-23T05:59:38","date_gmt":"2021-09-23T05:59:38","guid":{"rendered":"https:\/\/bozita.com\/de\/die-entwicklung-der-katze\/zwei-oder-mehrere-katzen-aneinander-gewohnen\/"},"modified":"2024-09-30T09:07:17","modified_gmt":"2024-09-30T09:07:17","slug":"zwei-oder-mehrere-katzen-aneinander-gewohnen","status":"publish","type":"page","link":"https:\/\/bozita.com\/de\/leben-mit-katze\/die-entwicklung-der-katze\/zwei-oder-mehrere-katzen-aneinander-gewohnen\/","title":{"rendered":"Zwei Katzen aneinander gew\u00f6hnen"},"content":{"rendered":"\t\t<section class=\"small-hero\">\n\t\t\t<div class=\"container\">\n\t\t\t\t<h1 class=\"small-hero-title\">Zwei oder mehrere Katzen aneinander gew\u00f6hnen<\/h1>\t\t\t<\/div>\n\t\t\t<\/div>\n\t\t<\/section>\n\t\n\n\t<div class=\"text-box-warp\">\n\t\t<div class=\"container\">\n\t\t\t<div class=\"text-content\">\n\t\t\t\t<p>Bozita\u00b4s Katzenexpertin Elin Hirsch hat einen Doktortitel in Verhaltensforschung mit Schwerpunkt Katzenverhalten. M\u00f6chtest du dir eine weitere Katze zulegen? In diesem Artikel erh\u00e4ltst du Tipps und Ratschl\u00e4ge, wie es dir gelingt, zwei oder mehrere Katzen aneinander zu gew\u00f6hnen!<\/p>\n<p>Trotz dessen, dass Katzen bereits seit fast 10.000 Jahren Beziehungen zu Menschen pflegen, sind sie grunds\u00e4tzlich immer noch alleinlebende Tiere mit eigenem Revier. Katzen k\u00f6nnen in jedem Fall stabile Beziehungen zu anderen Katzen aufbauen, doch sie aneinander zu gew\u00f6hnen erfordert ein wenig Vorbereitung und Geduld. Dies ist unabh\u00e4ngig davon, ob du dir eine erwachsene Katze anschaffst oder ob ein Katzenbaby dazukommt, wenn du bereits eine Katze zu Hause hast.<\/p>\n\t\t\t<\/div>\n\t\t<\/div>\n\t<\/div>\n\n\n\t<section class=\"media-object-wrap\">\n\t\t<div class=\"container\">\n\t\t\t<div class=\"media-object\">\n\t\t\t\t<div class=\"row row-eq-height align-items-stretch\">\n\t\t\t\t\t<div class=\"col-md-5\">\n\t\t\t\t\t\t\t\t\t\t\t\t\t<img decoding=\"async\" src=\"https:\/\/bozita.com\/de\/wp-content\/uploads\/sites\/8\/2024\/09\/shutterstock_2477333175-scaled.jpg\" alt=\"\">\n\t\t\t\t\t\t\t\t\t\t\t\t<\/div>\n\t\t\t\t\t<div class=\"col-md-7 d-flex align-items-center\">\n\t\t\t\t\t\t<div class=\"media-content\">\n\t\t\t\t\t\t<p><strong>GLIEDERE DIE NEUE KATZE NACH UND NACH EIN<\/strong><\/p>\n<p>Die Grundlage einer stabilen Beziehung zwischen Katzen wird beim ersten Treffen geschaffen. Hilf den Katzen, indem du ihnen gute Voraussetzungen bietest. Dadurch, dass du sie schrittweise aneinander gew\u00f6hnst, erm\u00f6glichst du den Aufbau einer sicheren Beziehung. Sowohl unter nat\u00fcrlichen Bedingungen wie auch in Katzenkolonien entwickeln sich feste Katzengruppen durch allm\u00e4hliches Eingliedern. Abh\u00e4ngig von den Individuen kann es von wenigen Tagen bis hin zu mehreren Monaten dauern, bis eine neue Katze eingegliedert ist. Als goldene Regel f\u00fcr eine harmonische Beziehung gilt: In der Ruhe liegt die Kraft, gib Allen gen\u00fcgend Zeit.<\/p>\n\t\t\t\t\t\t<\/div>\n\t\t\t\t\t<\/div>\n\t\t\t\t<\/div>\n\t\t\t<\/div>\n\t\t<\/div>\n\t<\/section>\n   \n\n\n\t<div class=\"text-box-warp\">\n\t\t<div class=\"container\">\n\t\t\t<div class=\"text-content\">\n\t\t\t\t<p><strong>NEUE KATZE EINGLIEDERN SCHRITT 1 \u2013 EIGENER RAUM<\/strong><\/p>\n<p>M\u00f6chte man sich eine weitere Katze anschaffen, sollte man dieser anfangs einen eigenen Raum zur Verf\u00fcgung stellen. Dies ist wichtig, da sich die neue Katze zus\u00e4tzlich auch an das zun\u00e4chst noch fremde physische Umfeld gew\u00f6hnen muss, was f\u00fcr Katzen immer Stress bedeutet. In diesem Raum sollte Folgendes zur Verf\u00fcgung stehen:<\/p>\n<ul>\n<li>Katzenklo<\/li>\n<li>weicher Liegeplatz<\/li>\n<li>R\u00fcckzugsort zum Verstecken<\/li>\n<li>Wasser- und Fressnapf.<\/li>\n<\/ul>\n<p>Ihr eigener Geruch beruhigt Katzen. Der Raum sollte daher mit einem Detail ausgestattet sein, das bereits den Geruch der Katze tr\u00e4gt, beispielsweise eine benutzte Decke oder ein Handtuch.<\/p>\n<p>Hat sich die neue Katze eingew\u00f6hnt, kann die eigentliche Eingliederung beginnen.<\/p>\n<p><strong>SCHRITT 2 \u2013 SAMMELE UND MISCHE GER\u00dcCHE<\/strong><\/p>\n<p>Katzen kommunizieren zu einem gro\u00dfen Teil \u00fcber Duftstoffe. Trage Ger\u00fcche von beiden Katzen auf beispielsweise Handt\u00fcchern zusammen. Am einfachsten gelingt dies, indem du die Handt\u00fccher dorthin legst, wo die Katze f\u00fcr gew\u00f6hnlich schl\u00e4ft. Pr\u00e4sentiere den Katzen dann den jeweils anderen Geruch, indem Du die Handt\u00fccher austauschst. Lege diese in die N\u00e4he der Stelle, an der die Katzen fressen. Dadurch wird der Geruch der anderen Katze mit etwas Positivem verkn\u00fcpft. Belohne die Katzen, wenn sie sich in Verbindung mit dem anderen Geruch gelassen zeigen, zum Beispiel mit Leckerlis. Faucht die Katze oder weicht sie dem fremden Geruch aus, platziere das Handtuch weiter von der Katzendecke entfernt und lege es dann schrittweise wieder n\u00e4her.<\/p>\n<p>Katzengruppen entwickeln einen \u201dGruppenduft\u201d, indem sie sich aneinander reiben. Vermische die Ger\u00fcche der Katzen, indem du die verwendeten Handt\u00fccher zusammen aufbewahrst und dann jeweils eines bei jeder Katze hinlegst. Reagieren die Katzen positiv oder ignorieren sie den anderen Geruch, kannst du damit beginnen, die neue Katze vorzustellen. Hilft den Katzen mit der Vermischung der Ger\u00fcche so lange, bis sie damit beginnen, sich aneinander zu reiben.<\/p>\n<p><strong>SCHRITT 3 \u2013 NEUE KATZE ZU HAUSE EINGEW\u00d6HNEN<\/strong><\/p>\n<p>Lasse die neue Katze eigenst\u00e4ndig ihr neues Zuhause erkunden und kennenlernen. Die bereits ans\u00e4ssige Katze sollte sich dabei an einem anderen Ort der Wohnung oder des Hauses aufhalten. Dieser Schritt ist wichtig, da die neue Katze zun\u00e4chst ihr neues Zuhause kennenlernen muss.<\/p>\n<p><strong>SCHRITT 4 \u2013 DIREKTE ZUSAMMENF\u00dcHRUNG<\/strong><\/p>\n<p>Beginne mit einer zeitlich begrenzten, direkten Zusammenf\u00fchrung, bei der sich die Katzen gegenseitig sehen, einander physisch aber nicht schaden k\u00f6nnen. Hier kannst Du ein Treppenschutzgitter verwenden oder die T\u00fcr einen Spalt offen lassen. F\u00fcttere und spiele mit den Katzen an der T\u00fcr, sodass sie sich gegenseitig mit etwas Positivem verbinden. Reagieren die Katzen entspannt, ist es an der Zeit f\u00fcr ein Aufeinandertreffen. Zu Beginn sollten die Katzen nur unter Aufsicht zusammen sein.<\/p>\n<p>Zur Vermeidung von Konflikten oder Konkurrenzdenken ist es sinnvoll, jeder Katze ein eigenes Katzenklo sowie eigene Fress- und Wassern\u00e4pfe und einen separaten Liegeplatz zu gew\u00e4hren. Jede Katze sollte ihren eigenen Fressnapf haben, da die Versorgung mit Futter sonst zu \u00c4rger f\u00fchren k\u00f6nnte.<\/p>\n<p>VIEL ERFOLG bei der Eingew\u00f6hnung deiner neuen Katze. Zwei Katzen oder Katzenbabys aneinander zu gew\u00f6hnen verlangt ein gewisses Ma\u00df an Geduld. Verl\u00e4uft die Eingew\u00f6hnung jedoch auf angemessene Weise, k\u00f6nnen Deine Katzen lernen, miteinander auszukommen und sich gegenseitig zu sch\u00e4tzen.<\/p>\n\t\t\t<\/div>\n\t\t<\/div>\n\t<\/div>\n\n\n\n\t<section class=\"block related-articles\">\n\t\t<div class=\"container\">\n\t\t\t<h2>Entdecke weitere Artikel<\/h2>\n\t\t\t<div class=\"row justify-content-center\">\n\t\t\t\t\t\t\t\t\t\t<div class=\"col-sm-6 col-md-6 col-lg-3\">\n\t\t\t\t\t\t\t\t\t\t\t\t\t\t<div class=\"card \">\n\t\t\t\t\t\t\t\t\t\t\t\t\t\t\t\t\t<img decoding=\"async\"  src=\"https:\/\/bozita.com\/de\/wp-content\/uploads\/sites\/8\/2021\/08\/bozita-kattens-historia-domesticering.jpg\" alt=\"\">\n\t\t\t\t\t\t\t\t\t\t\t\t\t\t\t\t\t<!-- <img decoding=\"async\" src=\"\n\t\t\t\t\t\t\t\t\t\t\t\t\t\t\t\t\t\t\t\t\" alt=\"\n\t\t\t\t\t\t\t\t\t\t\t\t\t\t\t\t\t\t\t\t\t\t\t\t\t\t\t\"> -->\n\t\t\t\t\t\t\t\t<div class=\"card-body\">\n\t\t\t\t\t\t\t\t\t\t\t\t\t\t\t\t\t\t\t<h6>Die Geschichte der Katze als Haustier des Menschen<\/h6>\n\t\t\t\t\t\t\t\t\t\t\t\t\t\t\t\t\t\t\t<a href=\"https:\/\/bozita.com\/de\/leben-mit-katze\/die-entwicklung-der-katze-2\/the-history-of-the-cat\/\">Weiterlesen &nbsp; ><\/a>\n\t\t\t\t\t\t\t\t<\/div>\n\t\t\t\t\t\t\t<\/div>\n\t\t\t\t\t\t<\/div>\n\n\t\t\t\t\t\t\t\t\t\t\t<div class=\"col-sm-6 col-md-6 col-lg-3\">\n\t\t\t\t\t\t\t\t\t\t\t\t\t\t<div class=\"card \">\n\t\t\t\t\t\t\t\t\t\t\t\t\t\t\t\t\t<img decoding=\"async\"  src=\"https:\/\/bozita.com\/de\/wp-content\/uploads\/sites\/8\/2021\/09\/bozita-introducera-katt-till-nytt-hem.jpg\" alt=\"\">\n\t\t\t\t\t\t\t\t\t\t\t\t\t\t\t\t\t<!-- <img decoding=\"async\" src=\"\n\t\t\t\t\t\t\t\t\t\t\t\t\t\t\t\t\t\t\t\t\" alt=\"\n\t\t\t\t\t\t\t\t\t\t\t\t\t\t\t\t\t\t\t\t\t\t\t\t\t\t\t\"> -->\n\t\t\t\t\t\t\t\t<div class=\"card-body\">\n\t\t\t\t\t\t\t\t\t\t\t\t\t\t\t\t\t\t\t<h6>Katze an neues Zuhause gew\u00f6hnen \u2013 Vorbereitungen<\/h6>\n\t\t\t\t\t\t\t\t\t\t\t\t\t\t\t\t\t\t\t<a href=\"https:\/\/bozita.com\/de\/leben-mit-katze\/katze-kaufen\/gewohnung-der-katze-an-ein-neues-zuhause\/\">Weiterlesen &nbsp; ><\/a>\n\t\t\t\t\t\t\t\t<\/div>\n\t\t\t\t\t\t\t<\/div>\n\t\t\t\t\t\t<\/div>\n\n\t\t\t\t\t\t\t\t\t\t\t<div class=\"col-sm-6 col-md-6 col-lg-3\">\n\t\t\t\t\t\t\t\t\t\t\t\t\t\t<div class=\"card \">\n\t\t\t\t\t\t\t\t\t\t\t\t\t\t\t\t\t<img decoding=\"async\"  src=\"https:\/\/bozita.com\/de\/wp-content\/uploads\/sites\/8\/2021\/08\/bozita-kattens-kroppssprak.jpg\" alt=\"\">\n\t\t\t\t\t\t\t\t\t\t\t\t\t\t\t\t\t<!-- <img decoding=\"async\" src=\"\n\t\t\t\t\t\t\t\t\t\t\t\t\t\t\t\t\t\t\t\t\" alt=\"\n\t\t\t\t\t\t\t\t\t\t\t\t\t\t\t\t\t\t\t\t\t\t\t\t\t\t\t\"> -->\n\t\t\t\t\t\t\t\t<div class=\"card-body\">\n\t\t\t\t\t\t\t\t\t\t\t\t\t\t\t\t\t\t\t<h6>Katzenverhalten &amp; K\u00f6rpersprache von Katzen<\/h6>\n\t\t\t\t\t\t\t\t\t\t\t\t\t\t\t\t\t\t\t<a href=\"https:\/\/bozita.com\/de\/leben-mit-katze\/die-entwicklung-der-katze-2\/verhalten-und-korpersprache-von-katzen\/\">Weiterlesen &nbsp; ><\/a>\n\t\t\t\t\t\t\t\t<\/div>\n\t\t\t\t\t\t\t<\/div>\n\t\t\t\t\t\t<\/div>\n\n\t\t\t\t\t\t\t\t\t\t\t\t<\/div>\n\t\t<\/div>\n\t<\/section>\n","protected":false},"excerpt":{"rendered":"","protected":false},"author":1,"featured_media":6928,"parent":6914,"menu_order":0,"comment_status":"closed","ping_status":"closed","template":"guternberg.php","meta":{"footnotes":""},"acf":[],"yoast_head":"<!-- This site is optimized with the Yoast SEO plugin v21.3 - https:\/\/yoast.com\/wordpress\/plugins\/seo\/ -->\n<title>Zwei Katzen aneinander gew\u00f6hnen | Bozita DE<\/title>\n<meta name=\"description\" content=\"Tipps &amp; Ratschl\u00e4ge zum Kauf von Katze oder Kitten, wenn Sie schon eine Katze haben. Gew\u00f6hnen Sie 2 Katzen aneinander, sodass Sie gut miteinander auskommen.\" \/>\n<meta name=\"robots\" content=\"index, follow, max-snippet:-1, max-image-preview:large, max-video-preview:-1\" \/>\n<link rel=\"canonical\" href=\"https:\/\/bozita.com\/de\/leben-mit-katze\/die-entwicklung-der-katze\/zwei-oder-mehrere-katzen-aneinander-gewohnen\/\" \/>\n<meta property=\"og:locale\" content=\"de_DE\" \/>\n<meta property=\"og:type\" content=\"article\" \/>\n<meta property=\"og:title\" content=\"Zwei Katzen aneinander gew\u00f6hnen | Bozita DE\" \/>\n<meta property=\"og:description\" content=\"Tipps &amp; Ratschl\u00e4ge zum Kauf von Katze oder Kitten, wenn Sie schon eine Katze haben. Gew\u00f6hnen Sie 2 Katzen aneinander, sodass Sie gut miteinander auskommen.\" \/>\n<meta property=\"og:url\" content=\"https:\/\/bozita.com\/de\/leben-mit-katze\/die-entwicklung-der-katze\/zwei-oder-mehrere-katzen-aneinander-gewohnen\/\" \/>\n<meta property=\"og:site_name\" content=\"Bozita DE\" \/>\n<meta property=\"article:modified_time\" content=\"2024-09-30T09:07:17+00:00\" \/>\n<meta property=\"og:image\" content=\"https:\/\/bozita.com\/de\/wp-content\/uploads\/sites\/8\/2021\/09\/bozita-introducera-katter-for-varandra-elin-hirsch.jpg\" \/>\n\t<meta property=\"og:image:width\" content=\"800\" \/>\n\t<meta property=\"og:image:height\" content=\"533\" \/>\n\t<meta property=\"og:image:type\" content=\"image\/jpeg\" \/>\n<meta name=\"twitter:card\" content=\"summary_large_image\" \/>\n<!-- \/ Yoast SEO plugin. -->","yoast_head_json":{"title":"Zwei Katzen aneinander gew\u00f6hnen | Bozita DE","description":"Tipps & Ratschl\u00e4ge zum Kauf von Katze oder Kitten, wenn Sie schon eine Katze haben. Gew\u00f6hnen Sie 2 Katzen aneinander, sodass Sie gut miteinander auskommen.","robots":{"index":"index","follow":"follow","max-snippet":"max-snippet:-1","max-image-preview":"max-image-preview:large","max-video-preview":"max-video-preview:-1"},"canonical":"https:\/\/bozita.com\/de\/leben-mit-katze\/die-entwicklung-der-katze\/zwei-oder-mehrere-katzen-aneinander-gewohnen\/","og_locale":"de_DE","og_type":"article","og_title":"Zwei Katzen aneinander gew\u00f6hnen | Bozita DE","og_description":"Tipps & Ratschl\u00e4ge zum Kauf von Katze oder Kitten, wenn Sie schon eine Katze haben. Gew\u00f6hnen Sie 2 Katzen aneinander, sodass Sie gut miteinander auskommen.","og_url":"https:\/\/bozita.com\/de\/leben-mit-katze\/die-entwicklung-der-katze\/zwei-oder-mehrere-katzen-aneinander-gewohnen\/","og_site_name":"Bozita DE","article_modified_time":"2024-09-30T09:07:17+00:00","og_image":[{"width":800,"height":533,"url":"https:\/\/bozita.com\/de\/wp-content\/uploads\/sites\/8\/2021\/09\/bozita-introducera-katter-for-varandra-elin-hirsch.jpg","type":"image\/jpeg"}],"twitter_card":"summary_large_image","schema":{"@context":"https:\/\/schema.org","@graph":[{"@type":"WebPage","@id":"https:\/\/bozita.com\/de\/leben-mit-katze\/die-entwicklung-der-katze\/zwei-oder-mehrere-katzen-aneinander-gewohnen\/","url":"https:\/\/bozita.com\/de\/leben-mit-katze\/die-entwicklung-der-katze\/zwei-oder-mehrere-katzen-aneinander-gewohnen\/","name":"Zwei Katzen aneinander gew\u00f6hnen | Bozita DE","isPartOf":{"@id":"https:\/\/bozita.com\/de\/#website"},"datePublished":"2021-09-23T05:59:38+00:00","dateModified":"2024-09-30T09:07:17+00:00","description":"Tipps & Ratschl\u00e4ge zum Kauf von Katze oder Kitten, wenn Sie schon eine Katze haben. Gew\u00f6hnen Sie 2 Katzen aneinander, sodass Sie gut miteinander auskommen.","breadcrumb":{"@id":"https:\/\/bozita.com\/de\/leben-mit-katze\/die-entwicklung-der-katze\/zwei-oder-mehrere-katzen-aneinander-gewohnen\/#breadcrumb"},"inLanguage":"de","potentialAction":[{"@type":"ReadAction","target":["https:\/\/bozita.com\/de\/leben-mit-katze\/die-entwicklung-der-katze\/zwei-oder-mehrere-katzen-aneinander-gewohnen\/"]}]},{"@type":"BreadcrumbList","@id":"https:\/\/bozita.com\/de\/leben-mit-katze\/die-entwicklung-der-katze\/zwei-oder-mehrere-katzen-aneinander-gewohnen\/#breadcrumb","itemListElement":[{"@type":"ListItem","position":1,"name":"Startseite","item":"https:\/\/bozita.com\/de\/"},{"@type":"ListItem","position":2,"name":"Leben mit Katze","item":"https:\/\/bozita.com\/de\/leben-mit-katze\/"},{"@type":"ListItem","position":3,"name":"Die Entwicklung der Katze","item":"https:\/\/bozita.com\/de\/leben-mit-katze\/die-entwicklung-der-katze\/"},{"@type":"ListItem","position":4,"name":"Zwei Katzen aneinander gew\u00f6hnen"}]},{"@type":"WebSite","@id":"https:\/\/bozita.com\/de\/#website","url":"https:\/\/bozita.com\/de\/","name":"Bozita DE","description":"","potentialAction":[{"@type":"SearchAction","target":{"@type":"EntryPoint","urlTemplate":"https:\/\/bozita.com\/de\/?s={search_term_string}"},"query-input":"required name=search_term_string"}],"inLanguage":"de"}]}},"_links":{"self":[{"href":"https:\/\/bozita.com\/de\/wp-json\/wp\/v2\/pages\/6927"}],"collection":[{"href":"https:\/\/bozita.com\/de\/wp-json\/wp\/v2\/pages"}],"about":[{"href":"https:\/\/bozita.com\/de\/wp-json\/wp\/v2\/types\/page"}],"author":[{"embeddable":true,"href":"https:\/\/bozita.com\/de\/wp-json\/wp\/v2\/users\/1"}],"replies":[{"embeddable":true,"href":"https:\/\/bozita.com\/de\/wp-json\/wp\/v2\/comments?post=6927"}],"version-history":[{"count":9,"href":"https:\/\/bozita.com\/de\/wp-json\/wp\/v2\/pages\/6927\/revisions"}],"predecessor-version":[{"id":29050,"href":"https:\/\/bozita.com\/de\/wp-json\/wp\/v2\/pages\/6927\/revisions\/29050"}],"up":[{"embeddable":true,"href":"https:\/\/bozita.com\/de\/wp-json\/wp\/v2\/pages\/6914"}],"wp:featuredmedia":[{"embeddable":true,"href":"https:\/\/bozita.com\/de\/wp-json\/wp\/v2\/media\/6928"}],"wp:attachment":[{"href":"https:\/\/bozita.com\/de\/wp-json\/wp\/v2\/media?parent=6927"}],"curies":[{"name":"wp","href":"https:\/\/api.w.org\/{rel}","templated":true}]}}