{"id":6929,"date":"2021-09-23T05:51:07","date_gmt":"2021-09-23T05:51:07","guid":{"rendered":"https:\/\/bozita.com\/de\/die-entwicklung-der-katze\/katzenbabys-entwicklung-und-sozialisierung\/"},"modified":"2022-07-19T07:36:17","modified_gmt":"2022-07-19T07:36:17","slug":"katzenbabys-entwicklung-und-sozialisierung","status":"publish","type":"page","link":"https:\/\/bozita.com\/de\/leben-mit-katze\/die-entwicklung-der-katze\/katzenbabys-entwicklung-und-sozialisierung\/","title":{"rendered":"Katzenbabys entwicklung \u2013\u00a0Die erste Zeit mit Katze"},"content":{"rendered":"\t\t<section class=\"small-hero\">\n\t\t\t<div class=\"container\">\n\t\t\t\t<h1 class=\"small-hero-title\">Katzenbabys \u2013 Entwicklung und Sozialisierung<\/h1>\t\t\t<\/div>\n\t\t\t<\/div>\n\t\t<\/section>\n\t\n\n\t<div class=\"text-box-warp\">\n\t\t<div class=\"container\">\n\t\t\t<div class=\"text-content\">\n\t\t\t\t<p>Bei der Anschaffung einer Katze gibt es in der ersten Zeit vieles zu bedenken, insbesondere hinsichtlich Katzenbabys und deren Entwicklung. Erlebnisse in der ersten Lebenszeit von Kitten haben gro\u00dfen Einfluss auf ihre Entwicklung und wie sie sich als ausgewachsenes Tier verhalten. Auch ihre Stressresistenz und die F\u00e4higkeit, mit neuen Situationen umzugehen, werden w\u00e4hrend dieses Zeitraums beeinflusst. Vor allem Ereignisse in der sogenannten \u201eSozialisierungsphase\u201c des Katzenbabys haben eine starke Bedeutung f\u00fcr das sp\u00e4tere Sozialverhalten, weshalb es wichtig ist, dass diese Phase m\u00f6glichst viele positive Erlebnisse beinhaltet, auch wenn sich die Beziehung zwischen Katzenbaby und Mensch weiterentwickelt, bis es vier Monat alt ist.<\/p>\n<h2>VERSCHIEDENE ENTWICKLUNGSSTADIEN EINER KATZE<\/h2>\n<p>Die Verhaltensentwicklung eines Katzenbabys wird in drei Phasen unterteilt: die neonatale Phase, die Sozialisierungsphase und die juvenile Phase.<\/p>\n<h3>DIE NEONATALE PHASE<\/h3>\n<p>Ein Katzenbaby wird blind und taub geboren, sodass es sich in der neonatalen Phase \u2013 von der Geburt bis zu einem Alter von ca. zwei Wochen \u2013 auf Gef\u00fchl, W\u00e4rmeempfinden und Geruchssinn verl\u00e4sst. In dieser Phase der Entwicklung eines Katzenbabys ist es zum \u00dcberleben vollst\u00e4ndig von der Mutter abh\u00e4ngig. In einem Alter von etwa zwei Wochen \u00f6ffnet das Kitten seine Augen \u2013 in diesem Moment beginnt die Sozialisierungsphase.<\/p>\n<h3>DIE SOZIALISIERUNGSPHASE<\/h3>\n<p>Die Sozialisierungsphase \u2013 das Alter zwischen zwei und sieben Wochen \u2013 ist eine sensible Zeit in der Entwicklung eines Katzenbabys. Geh\u00f6r und Gleichgewichtssinn entwickeln sich, es spielt mit seinen Wurfgeschwistern und lernt, was das Zusammenspiel mit anderen Individuen bedeutet. Langsam aber sicher beginnt es auch, feste Nahrung zu sich zu nehmen.<\/p>\n<p>In der Sozialisierungsphase ist ein Katzenbaby besonders empf\u00e4nglich f\u00fcr neue Erlebnisse, wie z. B. soziale Kontakte. Jetzt ist es sehr wichtig, dass das junge Tier regelm\u00e4\u00dfigen positiven Kontakt mit vielen Menschen hat, also sozialisiert wird, sodass es im sp\u00e4teren Leben das Zusammensein mit Menschen wertsch\u00e4tzen kann. Gleiches gilt f\u00fcr den Kontakt mit anderen Tierarten wie etwa Hunden.<\/p>\n<ul>\n<li><a title=\"Gew\u00f6hnen sie katze und hund in drei schritten aneinander\" href=\"https:\/\/bozita.com\/de\/leben-mit-hund\/die-gesundheit-des-hundes\/die-entwicklung-der-katze\/gewohne-katze-und-hund-in-drei-schritten-aneinander\/\" data-udi=\"umb:\/\/document\/9470959fbc5d4e0d89463ac1613c39c1\">Hund und Katze in drei einfachen Schritten aneinander gew\u00f6hnen<\/a><\/li>\n<\/ul>\n<h3>DIE JUVENILE PHASE<\/h3>\n<p>Die juvenile Phase des Katzenbabys beginnt in einem Alter von rund acht Wochen und setzt sich so lange fort, bis es geschlechtsreif ist (oftmals in einem Alter von rund f\u00fcnf bis sechs Monaten, allerdings kann dies zwischen unterschiedlichen Rassen variieren). In dieser Zeit entwickelt sich das Kitten zu einem selbstst\u00e4ndigen Individuum, das ohne seine Mutter zurechtkommt. Jetzt beginnt auch das Abstillen und das Katzenbaby trinkt keine Muttermilch mehr, sondern geht zu fester Nahrung \u00fcber.<\/p>\n<p>Katzenbabys sollten nicht vor einem Alter von 12 Wochen von der Mutter getrennt werden. Danach scheint die Trennung von der Mutter keine relevanten Probleme mehr zu verursachen, sodass sich die Kitten gut in andere soziale Zusammenh\u00e4nge einf\u00fcgen k\u00f6nnen.<\/p>\n<h2>ENTWICKLUNG DER KATZE IM NEUEN ZUHAUSE<\/h2>\n<p>Sobald das Katzenbaby im neuen Zuhause angekommen ist, bleibt die Entwicklung seiner sozialen Kompetenzen weiterhin ein wichtiger Aspekt.<\/p>\n<p>Auch wenn das Kitten in der Sozialisierungsphase am empf\u00e4nglichsten f\u00fcr soziale Kontakte ist, entwickelt sich die Beziehung zu Menschen weiter, bis die Katze rund vier Monate alt ist. Zum Aufbau einer guten Beziehung ist es daher wichtig, dass Du positive Assoziationen (Verkn\u00fcpfungen) zu seiner neuen Familie herstellst. Dies gelingt, indem Du z. B. mit dem Kitten spielst, es mit Futter oder Leckerlis f\u00fctterst und Dich mit ihm besch\u00e4ftigst.<\/p>\n<p><strong>Daran solltest Du denken:<\/strong><\/p>\n<ul>\n<li>Vermeide Unf\u00e4lle beim Spielen, indem Du sicheres Spielzeug verwendest, mit dem sich das Katzenbaby nicht verletzen kann. Ermuntere das K\u00e4tzchen nicht zum direkten Spiel mit Deinen H\u00e4nden oder F\u00fc\u00dfen, sondern verwende Spielsachen, die sich nicht direkt an Deinem K\u00f6rper befinden.<\/li>\n<li>Leckerlis sind eine M\u00f6glichkeit, ein positives Gef\u00fchl beim Kitten zu erzeugen, dennoch solltest Du daran denken, diese mit in die Tagesration an Futter einzurechnen, gerade wenn das K\u00e4tzchen \u00e4lter wird.<\/li>\n<\/ul>\n\t\t\t<\/div>\n\t\t<\/div>\n\t<\/div>\n\n\n\n\t<section class=\"block related-articles\">\n\t\t<div class=\"container\">\n\t\t\t<h2>Entdecke weitere Artikel<\/h2>\n\t\t\t<div class=\"row justify-content-center\">\n\t\t\t\t\t\t\t\t\t\t<div class=\"col-sm-6 col-md-6 col-lg-3\">\n\t\t\t\t\t\t\t\t\t\t\t\t\t\t<div class=\"card \">\n\t\t\t\t\t\t\t\t\t\t\t\t\t\t\t\t\t<img decoding=\"async\"  src=\"https:\/\/bozita.com\/de\/wp-content\/uploads\/sites\/8\/2021\/08\/bozita_swedish-natural-quality.jpg\" alt=\"\">\n\t\t\t\t\t\t\t\t\t\t\t\t\t\t\t\t\t<!-- <img decoding=\"async\" src=\"\n\t\t\t\t\t\t\t\t\t\t\t\t\t\t\t\t\t\t\t\t\" alt=\"\n\t\t\t\t\t\t\t\t\t\t\t\t\t\t\t\t\t\t\t\t\t\t\t\t\t\t\t\"> -->\n\t\t\t\t\t\t\t\t<div class=\"card-body\">\n\t\t\t\t\t\t\t\t\t\t\t\t\t\t\t\t\t\t\t<h6>Anatomie und Physiologie der Katze<\/h6>\n\t\t\t\t\t\t\t\t\t\t\t\t\t\t\t\t\t\t\t<a href=\"https:\/\/bozita.com\/de\/leben-mit-katze\/die-entwicklung-der-katze-2\/anatomie-und-physiologie-der-katze\/\">Weiterlesen &nbsp; ><\/a>\n\t\t\t\t\t\t\t\t<\/div>\n\t\t\t\t\t\t\t<\/div>\n\t\t\t\t\t\t<\/div>\n\n\t\t\t\t\t\t\t\t\t\t\t<div class=\"col-sm-6 col-md-6 col-lg-3\">\n\t\t\t\t\t\t\t\t\t\t\t\t\t\t<div class=\"card \">\n\t\t\t\t\t\t\t\t\t\t\t\t\t\t\t\t\t<img decoding=\"async\"  src=\"https:\/\/bozita.com\/de\/wp-content\/uploads\/sites\/8\/2021\/08\/bozita-kattens-kroppssprak.jpg\" alt=\"\">\n\t\t\t\t\t\t\t\t\t\t\t\t\t\t\t\t\t<!-- <img decoding=\"async\" src=\"\n\t\t\t\t\t\t\t\t\t\t\t\t\t\t\t\t\t\t\t\t\" alt=\"\n\t\t\t\t\t\t\t\t\t\t\t\t\t\t\t\t\t\t\t\t\t\t\t\t\t\t\t\"> -->\n\t\t\t\t\t\t\t\t<div class=\"card-body\">\n\t\t\t\t\t\t\t\t\t\t\t\t\t\t\t\t\t\t\t<h6>Katzenverhalten &amp; K\u00f6rpersprache von Katzen<\/h6>\n\t\t\t\t\t\t\t\t\t\t\t\t\t\t\t\t\t\t\t<a href=\"https:\/\/bozita.com\/de\/leben-mit-katze\/die-entwicklung-der-katze-2\/verhalten-und-korpersprache-von-katzen\/\">Weiterlesen &nbsp; ><\/a>\n\t\t\t\t\t\t\t\t<\/div>\n\t\t\t\t\t\t\t<\/div>\n\t\t\t\t\t\t<\/div>\n\n\t\t\t\t\t\t\t\t\t\t\t<div class=\"col-sm-6 col-md-6 col-lg-3\">\n\t\t\t\t\t\t\t\t\t\t\t\t\t\t<div class=\"card \">\n\t\t\t\t\t\t\t\t\t\t\t\t\t\t\t\t\t<img decoding=\"async\"  src=\"https:\/\/bozita.com\/de\/wp-content\/uploads\/sites\/8\/2021\/09\/bozita-introducera-katter-for-varandra-elin-hirsch.jpg\" alt=\"\">\n\t\t\t\t\t\t\t\t\t\t\t\t\t\t\t\t\t<!-- <img decoding=\"async\" src=\"\n\t\t\t\t\t\t\t\t\t\t\t\t\t\t\t\t\t\t\t\t\" alt=\"\n\t\t\t\t\t\t\t\t\t\t\t\t\t\t\t\t\t\t\t\t\t\t\t\t\t\t\t\"> -->\n\t\t\t\t\t\t\t\t<div class=\"card-body\">\n\t\t\t\t\t\t\t\t\t\t\t\t\t\t\t\t\t\t\t<h6>Zwei Katzen aneinander gew\u00f6hnen<\/h6>\n\t\t\t\t\t\t\t\t\t\t\t\t\t\t\t\t\t\t\t<a href=\"https:\/\/bozita.com\/de\/leben-mit-katze\/die-entwicklung-der-katze\/zwei-oder-mehrere-katzen-aneinander-gewohnen\/\">Weiterlesen &nbsp; ><\/a>\n\t\t\t\t\t\t\t\t<\/div>\n\t\t\t\t\t\t\t<\/div>\n\t\t\t\t\t\t<\/div>\n\n\t\t\t\t\t\t\t\t\t\t\t\t<\/div>\n\t\t<\/div>\n\t<\/section>\n","protected":false},"excerpt":{"rendered":"","protected":false},"author":1,"featured_media":6930,"parent":6914,"menu_order":0,"comment_status":"closed","ping_status":"closed","template":"guternberg.php","meta":{"footnotes":""},"acf":[],"yoast_head":"<!-- This site is optimized with the Yoast SEO plugin v21.3 - https:\/\/yoast.com\/wordpress\/plugins\/seo\/ -->\n<title>Katzenbabys entwicklung \u2013\u00a0Die erste Zeit mit Katze | Bozita DE<\/title>\n<meta name=\"description\" content=\"Mehr zur Entwicklung von Katzenbabys &amp; Katze \u2013 Wie bereitet man ihnen ein sch\u00f6nes Leben und f\u00f6rdert eine gute Beziehung zwischen Mensch und Tier?\" \/>\n<meta name=\"robots\" content=\"index, follow, max-snippet:-1, max-image-preview:large, max-video-preview:-1\" \/>\n<link rel=\"canonical\" href=\"https:\/\/bozita.com\/de\/leben-mit-katze\/die-entwicklung-der-katze\/katzenbabys-entwicklung-und-sozialisierung\/\" \/>\n<meta property=\"og:locale\" content=\"de_DE\" \/>\n<meta property=\"og:type\" content=\"article\" \/>\n<meta property=\"og:title\" content=\"Katzenbabys entwicklung \u2013\u00a0Die erste Zeit mit Katze | Bozita DE\" \/>\n<meta property=\"og:description\" content=\"Mehr zur Entwicklung von Katzenbabys &amp; Katze \u2013 Wie bereitet man ihnen ein sch\u00f6nes Leben und f\u00f6rdert eine gute Beziehung zwischen Mensch und Tier?\" \/>\n<meta property=\"og:url\" content=\"https:\/\/bozita.com\/de\/leben-mit-katze\/die-entwicklung-der-katze\/katzenbabys-entwicklung-und-sozialisierung\/\" \/>\n<meta property=\"og:site_name\" content=\"Bozita DE\" \/>\n<meta property=\"article:modified_time\" content=\"2022-07-19T07:36:17+00:00\" \/>\n<meta property=\"og:image\" content=\"https:\/\/bozita.com\/de\/wp-content\/uploads\/sites\/8\/2021\/09\/bozita-socialisera-kattunge.jpg\" \/>\n\t<meta property=\"og:image:width\" content=\"800\" \/>\n\t<meta property=\"og:image:height\" content=\"535\" \/>\n\t<meta property=\"og:image:type\" content=\"image\/jpeg\" \/>\n<meta name=\"twitter:card\" content=\"summary_large_image\" \/>\n<!-- \/ Yoast SEO plugin. -->","yoast_head_json":{"title":"Katzenbabys entwicklung \u2013\u00a0Die erste Zeit mit Katze | Bozita DE","description":"Mehr zur Entwicklung von Katzenbabys & Katze \u2013 Wie bereitet man ihnen ein sch\u00f6nes Leben und f\u00f6rdert eine gute Beziehung zwischen Mensch und Tier?","robots":{"index":"index","follow":"follow","max-snippet":"max-snippet:-1","max-image-preview":"max-image-preview:large","max-video-preview":"max-video-preview:-1"},"canonical":"https:\/\/bozita.com\/de\/leben-mit-katze\/die-entwicklung-der-katze\/katzenbabys-entwicklung-und-sozialisierung\/","og_locale":"de_DE","og_type":"article","og_title":"Katzenbabys entwicklung \u2013\u00a0Die erste Zeit mit Katze | Bozita DE","og_description":"Mehr zur Entwicklung von Katzenbabys & Katze \u2013 Wie bereitet man ihnen ein sch\u00f6nes Leben und f\u00f6rdert eine gute Beziehung zwischen Mensch und Tier?","og_url":"https:\/\/bozita.com\/de\/leben-mit-katze\/die-entwicklung-der-katze\/katzenbabys-entwicklung-und-sozialisierung\/","og_site_name":"Bozita DE","article_modified_time":"2022-07-19T07:36:17+00:00","og_image":[{"width":800,"height":535,"url":"https:\/\/bozita.com\/de\/wp-content\/uploads\/sites\/8\/2021\/09\/bozita-socialisera-kattunge.jpg","type":"image\/jpeg"}],"twitter_card":"summary_large_image","schema":{"@context":"https:\/\/schema.org","@graph":[{"@type":"WebPage","@id":"https:\/\/bozita.com\/de\/leben-mit-katze\/die-entwicklung-der-katze\/katzenbabys-entwicklung-und-sozialisierung\/","url":"https:\/\/bozita.com\/de\/leben-mit-katze\/die-entwicklung-der-katze\/katzenbabys-entwicklung-und-sozialisierung\/","name":"Katzenbabys entwicklung \u2013\u00a0Die erste Zeit mit Katze | Bozita DE","isPartOf":{"@id":"https:\/\/bozita.com\/de\/#website"},"datePublished":"2021-09-23T05:51:07+00:00","dateModified":"2022-07-19T07:36:17+00:00","description":"Mehr zur Entwicklung von Katzenbabys & Katze \u2013 Wie bereitet man ihnen ein sch\u00f6nes Leben und f\u00f6rdert eine gute Beziehung zwischen Mensch und Tier?","breadcrumb":{"@id":"https:\/\/bozita.com\/de\/leben-mit-katze\/die-entwicklung-der-katze\/katzenbabys-entwicklung-und-sozialisierung\/#breadcrumb"},"inLanguage":"de","potentialAction":[{"@type":"ReadAction","target":["https:\/\/bozita.com\/de\/leben-mit-katze\/die-entwicklung-der-katze\/katzenbabys-entwicklung-und-sozialisierung\/"]}]},{"@type":"BreadcrumbList","@id":"https:\/\/bozita.com\/de\/leben-mit-katze\/die-entwicklung-der-katze\/katzenbabys-entwicklung-und-sozialisierung\/#breadcrumb","itemListElement":[{"@type":"ListItem","position":1,"name":"Startseite","item":"https:\/\/bozita.com\/de\/"},{"@type":"ListItem","position":2,"name":"Leben mit Katze","item":"https:\/\/bozita.com\/de\/leben-mit-katze\/"},{"@type":"ListItem","position":3,"name":"Die Entwicklung der Katze","item":"https:\/\/bozita.com\/de\/leben-mit-katze\/die-entwicklung-der-katze\/"},{"@type":"ListItem","position":4,"name":"Katzenbabys entwicklung \u2013\u00a0Die erste Zeit mit Katze"}]},{"@type":"WebSite","@id":"https:\/\/bozita.com\/de\/#website","url":"https:\/\/bozita.com\/de\/","name":"Bozita DE","description":"","potentialAction":[{"@type":"SearchAction","target":{"@type":"EntryPoint","urlTemplate":"https:\/\/bozita.com\/de\/?s={search_term_string}"},"query-input":"required name=search_term_string"}],"inLanguage":"de"}]}},"_links":{"self":[{"href":"https:\/\/bozita.com\/de\/wp-json\/wp\/v2\/pages\/6929"}],"collection":[{"href":"https:\/\/bozita.com\/de\/wp-json\/wp\/v2\/pages"}],"about":[{"href":"https:\/\/bozita.com\/de\/wp-json\/wp\/v2\/types\/page"}],"author":[{"embeddable":true,"href":"https:\/\/bozita.com\/de\/wp-json\/wp\/v2\/users\/1"}],"replies":[{"embeddable":true,"href":"https:\/\/bozita.com\/de\/wp-json\/wp\/v2\/comments?post=6929"}],"version-history":[{"count":8,"href":"https:\/\/bozita.com\/de\/wp-json\/wp\/v2\/pages\/6929\/revisions"}],"predecessor-version":[{"id":17223,"href":"https:\/\/bozita.com\/de\/wp-json\/wp\/v2\/pages\/6929\/revisions\/17223"}],"up":[{"embeddable":true,"href":"https:\/\/bozita.com\/de\/wp-json\/wp\/v2\/pages\/6914"}],"wp:featuredmedia":[{"embeddable":true,"href":"https:\/\/bozita.com\/de\/wp-json\/wp\/v2\/media\/6930"}],"wp:attachment":[{"href":"https:\/\/bozita.com\/de\/wp-json\/wp\/v2\/media?parent=6929"}],"curies":[{"name":"wp","href":"https:\/\/api.w.org\/{rel}","templated":true}]}}