{"id":6931,"date":"2021-09-23T05:50:56","date_gmt":"2021-09-23T05:50:56","guid":{"rendered":"https:\/\/bozita.com\/de\/katze-chippen-und-registrieren-lassen-deshalb-ist-es-so-wichtig\/"},"modified":"2022-07-19T08:39:17","modified_gmt":"2022-07-19T08:39:17","slug":"katze-chippen-und-registrieren-lassen-deshalb-ist-es-so-wichtig","status":"publish","type":"page","link":"https:\/\/bozita.com\/de\/leben-mit-katze\/katze-kaufen\/katze-chippen-und-registrieren-lassen-deshalb-ist-es-so-wichtig\/","title":{"rendered":"Katze chippen, t\u00e4towieren und registrieren lassen"},"content":{"rendered":"\t\t<section class=\"small-hero\">\n\t\t\t<div class=\"container\">\n\t\t\t\t<h1 class=\"small-hero-title\">Katze chippen und registrieren lassen \u2013 deshalb ist es so wichtig<\/h1>\t\t\t<\/div>\n\t\t\t<\/div>\n\t\t<\/section>\n\t\n\n\t<div class=\"text-box-warp\">\n\t\t<div class=\"container\">\n\t\t\t<div class=\"text-content\">\n\t\t\t\t<p>Indem Du Deine Katze chippen oder mit einer T\u00e4towierung registrieren l\u00e4sst, steigen die Chancen, dass die Samtpfote wieder nach Hause zur\u00fcckkehrt, wenn sie verschwinden oder in einen Unfall geraten sollte. Beide Methoden der Kennzeichnung haben Vor- und Nachteile. M\u00f6chtest Du mit Deiner Katze ins Ausland reisen, ist eine Kennzeichnung mit Mikrochip gesetzlich verpflichtend.<\/p>\n<h2>KATZE CHIPPEN LASSEN \u2013 TRANSPONDER<\/h2>\n<p>Das Chippen bzw. Registrieren von Katzen mit einem Mikrochip ist ein schneller und einfacher Eingriff, bei dem ein kleiner Transponder unter die Haut des Tieres implantiert wird. Dieser Chip kann dann vom Tierarzt oder bei der Polizei mit einem speziellen Ger\u00e4t ausgelesen werden. Katzen k\u00f6nnen fr\u00fchestens in einem Alter von sechs Wochen gechippt werden.<\/p>\n<p>Wenn Du Deiner Katze chippen l\u00e4sst, h\u00e4lt der Transponder in den meisten F\u00e4llen ein Leben lang. Planst Du eine Auslandsreise mit Deiner Katze ist es zudem gesetzlich vorgeschrieben, das Tier mit einem Mikrochip registrieren zu lassen. Von Nachteil ist bei dieser Methode, dass der Chip nur vom Tierarzt oder von der Polizei ausgelesen werden kann.<\/p>\n<p>Der Vorteil bei dieser Art der Kennzeichnung und Registrierung besteht darin, dass der Besitzer einer entlaufenen Katze problemlos \u00fcber verschiedene Haustierregister ermittelt werden kann, z. B.\u00a0<a href=\"https:\/\/www.tasso.net\/\">TASSO<\/a>\u00a0oder\u00a0<a href=\"https:\/\/www.findefix.com\/\">Findefix<\/a>, sofern die Chip Nummer zuvor dort registriert worden ist.<\/p>\n<p><strong>Lies auch<\/strong><\/p>\n<ul>\n<li><a title=\"Reisen und Urlaub mit Katze \u2013 so klappt es\" href=\"https:\/\/bozita.com\/de\/leben-mit-katze\/die-entwicklung-der-katze\/reisen-und-urlaub-mit-katze-so-klappt-es\/\" data-udi=\"umb:\/\/document\/bda9db1f1fc445229458d353f1b4032d\">Reisen und Urlaub mit Katze \u2013 So klappt es<\/a><\/li>\n<\/ul>\n<h2>KATZE REGISTRIEREN LASSEN \u2013 GESETZLICH VERPFLICHTEND?<\/h2>\n<p>Es gibt keine gesetzliche Pflicht, eine Katze chippen oder t\u00e4towieren zu lassen. M\u00f6chtest Du allerdings mit ihr ins Ausland reisen, muss sie im Vorhinein mit einem Transponder gechippt werden. Viele Katzenliebhaber engagieren sich auch daf\u00fcr, dass sowohl die Kennzeichnung als auch die Registrierung verpflichtend wird, sodass die Tiere einen h\u00f6heren Status erhalten und sich das Problem heimatloser Katzen reduziert.<\/p>\n<h2>VERGISS NICHT, DIE KENNZEICHNUNG DEINER KATZE REGISTRIEREN ZU LASSEN<\/h2>\n<p>Viele glauben, es sei ausreichend, die Katze chippen zu lassen, doch damit Dein Stubentiger eindeutig Dir zugeordnet werden kann, muss Du Dich als Besitzer auch in einem Haustierregister eintragen, z. B. bei TASSO oder Findefix.<\/p>\n<ul>\n<li><a href=\"https:\/\/www.tasso.net\/\" target=\"_blank\" rel=\"noopener\">Registriere Deine Katze bei TASSO<\/a><\/li>\n<li><a href=\"https:\/\/www.findefix.com\/\" target=\"_blank\" rel=\"noopener\">Registriere Deine Katze bei Findefix<\/a><\/li>\n<\/ul>\n<h2>DAS KANNST DU TUN, WENN DU EINE ENTLAUFENE KATZE FINDEST<\/h2>\n<p>Wenn Du glaubst, dass Du eine entlaufene Katze gefunden hast, kannst Du sie entweder zu einem Tierarzt bringen oder die Polizei \u00fcber die jeweilige Service-Hotline Deines Bundeslandes kontaktieren und erfragen, wo sich die n\u00e4chstgelegene Polizeidienststelle mit einem Chipleseger\u00e4t befindet.<\/p>\n<p>Hat der Besitzer seine Katze zuvor in einem g\u00e4ngigen Haustierregister mit der jeweiligen Chipnummer registriert, l\u00e4sst sich der Besitzer im Idealfall ausfindig machen, z. B. bei TASSO oder Findefix.<\/p>\n<ul>\n<li><a href=\"https:\/\/www.tasso.net\/Tierregister\/Tier-gefunden\" target=\"_blank\" rel=\"noopener\">Suche den Besitzer einer entlaufenen Katze bei TASSO<\/a><\/li>\n<li><a href=\"https:\/\/www.findefix.com\/haustier-vermisst-gefunden\/was-ist-zu-tun\/\" target=\"_blank\" rel=\"noopener\">Suche den Besitzer einer entlaufenen Katze bei Findefix<\/a><\/li>\n<\/ul>\n<p>Falls der Besitzer sich und seine Katze nicht registriert hat oder die Kennzeichnung so neu ist, dass sie noch nicht registriert werden konnte, wirst Du vermutlich keinen Erfolg haben. In diesem Fall kannst Du versuchen, den Besitzer \u00fcber die Polizei ausfindig zu machen oder verschiedene Foren zu nutzen, zum Beispiel in den sozialen Medien.<\/p>\n<p>Hast Du keine M\u00f6glichkeit, die Katze w\u00e4hrend der Suche nach dem Besitzer bei Dir zu behalten, kannst Du ein Tierheim in Deiner N\u00e4he kontaktieren und um Hilfe bei der Unterbringung bitten.<\/p>\n\t\t\t<\/div>\n\t\t<\/div>\n\t<\/div>\n\n\n\n\t<section class=\"block related-articles\">\n\t\t<div class=\"container\">\n\t\t\t<h2>Entdecke weitere Artikel<\/h2>\n\t\t\t<div class=\"row justify-content-center\">\n\t\t\t\t\t\t\t\t\t\t<div class=\"col-sm-6 col-md-6 col-lg-3\">\n\t\t\t\t\t\t\t\t\t\t\t\t\t\t<div class=\"card \">\n\t\t\t\t\t\t\t\t\t\t\t\t\t\t\t\t\t<img decoding=\"async\"  src=\"https:\/\/bozita.com\/de\/wp-content\/uploads\/sites\/8\/2021\/09\/bozita-introducera-katt-till-nytt-hem.jpg\" alt=\"\">\n\t\t\t\t\t\t\t\t\t\t\t\t\t\t\t\t\t<!-- <img decoding=\"async\" src=\"\n\t\t\t\t\t\t\t\t\t\t\t\t\t\t\t\t\t\t\t\t\" alt=\"\n\t\t\t\t\t\t\t\t\t\t\t\t\t\t\t\t\t\t\t\t\t\t\t\t\t\t\t\"> -->\n\t\t\t\t\t\t\t\t<div class=\"card-body\">\n\t\t\t\t\t\t\t\t\t\t\t\t\t\t\t\t\t\t\t<h6>Katze an neues Zuhause gew\u00f6hnen \u2013 Vorbereitungen<\/h6>\n\t\t\t\t\t\t\t\t\t\t\t\t\t\t\t\t\t\t\t<a href=\"https:\/\/bozita.com\/de\/leben-mit-katze\/katze-kaufen\/gewohnung-der-katze-an-ein-neues-zuhause\/\">Weiterlesen &nbsp; ><\/a>\n\t\t\t\t\t\t\t\t<\/div>\n\t\t\t\t\t\t\t<\/div>\n\t\t\t\t\t\t<\/div>\n\n\t\t\t\t\t\t\t\t\t\t\t<div class=\"col-sm-6 col-md-6 col-lg-3\">\n\t\t\t\t\t\t\t\t\t\t\t\t\t\t<div class=\"card \">\n\t\t\t\t\t\t\t\t\t\t\t\t\t\t\t\t\t<img decoding=\"async\"  src=\"https:\/\/bozita.com\/de\/wp-content\/uploads\/sites\/8\/2021\/09\/bozita_swedish-natural-quality.jpg\" alt=\"\">\n\t\t\t\t\t\t\t\t\t\t\t\t\t\t\t\t\t<!-- <img decoding=\"async\" src=\"\n\t\t\t\t\t\t\t\t\t\t\t\t\t\t\t\t\t\t\t\t\" alt=\"\n\t\t\t\t\t\t\t\t\t\t\t\t\t\t\t\t\t\t\t\t\t\t\t\t\t\t\t\"> -->\n\t\t\t\t\t\t\t\t<div class=\"card-body\">\n\t\t\t\t\t\t\t\t\t\t\t\t\t\t\t\t\t\t\t<h6>So werden Katzenbaby und Katze Freig\u00e4nger<\/h6>\n\t\t\t\t\t\t\t\t\t\t\t\t\t\t\t\t\t\t\t<a href=\"https:\/\/bozita.com\/de\/leben-mit-katze\/katze-kaufen\/wie-werden-katzenbaby-und-katze-freiganger\/\">Weiterlesen &nbsp; ><\/a>\n\t\t\t\t\t\t\t\t<\/div>\n\t\t\t\t\t\t\t<\/div>\n\t\t\t\t\t\t<\/div>\n\n\t\t\t\t\t\t\t\t\t\t\t<div class=\"col-sm-6 col-md-6 col-lg-3\">\n\t\t\t\t\t\t\t\t\t\t\t\t\t\t<div class=\"card \">\n\t\t\t\t\t\t\t\t\t\t\t\t\t\t\t\t\t<img decoding=\"async\"  src=\"https:\/\/bozita.com\/de\/wp-content\/uploads\/sites\/8\/2021\/09\/bozita-lamna-katt-ensam.jpg\" alt=\"\">\n\t\t\t\t\t\t\t\t\t\t\t\t\t\t\t\t\t<!-- <img decoding=\"async\" src=\"\n\t\t\t\t\t\t\t\t\t\t\t\t\t\t\t\t\t\t\t\t\" alt=\"\n\t\t\t\t\t\t\t\t\t\t\t\t\t\t\t\t\t\t\t\t\t\t\t\t\t\t\t\"> -->\n\t\t\t\t\t\t\t\t<div class=\"card-body\">\n\t\t\t\t\t\t\t\t\t\t\t\t\t\t\t\t\t\t\t<h6>Wie lange kann man eine Katze allein lassen?<\/h6>\n\t\t\t\t\t\t\t\t\t\t\t\t\t\t\t\t\t\t\t<a href=\"https:\/\/bozita.com\/de\/leben-mit-katze\/katze-kaufen\/wie-lange-kann-man-eine-katze-allein-lassen\/\">Weiterlesen &nbsp; ><\/a>\n\t\t\t\t\t\t\t\t<\/div>\n\t\t\t\t\t\t\t<\/div>\n\t\t\t\t\t\t<\/div>\n\n\t\t\t\t\t\t\t\t\t\t\t\t<\/div>\n\t\t<\/div>\n\t<\/section>\n","protected":false},"excerpt":{"rendered":"","protected":false},"author":1,"featured_media":6932,"parent":6982,"menu_order":0,"comment_status":"closed","ping_status":"closed","template":"guternberg.php","meta":{"footnotes":""},"acf":[],"yoast_head":"<!-- This site is optimized with the Yoast SEO plugin v21.3 - https:\/\/yoast.com\/wordpress\/plugins\/seo\/ -->\n<title>Katze chippen, t\u00e4towieren und registrieren lassen | Bozita DE<\/title>\n<meta name=\"description\" content=\"Lassen Sie Ihre Katze chippen oder t\u00e4towieren, kann man Sie als Besitzer leicht zuordnen. Vor- und Nachteile, wenn Sie Ihre Katze registrieren lassen\" \/>\n<meta name=\"robots\" content=\"index, follow, max-snippet:-1, max-image-preview:large, max-video-preview:-1\" \/>\n<link rel=\"canonical\" href=\"https:\/\/bozita.com\/de\/leben-mit-katze\/katze-kaufen\/katze-chippen-und-registrieren-lassen-deshalb-ist-es-so-wichtig\/\" \/>\n<meta property=\"og:locale\" content=\"de_DE\" \/>\n<meta property=\"og:type\" content=\"article\" \/>\n<meta property=\"og:title\" content=\"Katze chippen, t\u00e4towieren und registrieren lassen | Bozita DE\" \/>\n<meta property=\"og:description\" content=\"Lassen Sie Ihre Katze chippen oder t\u00e4towieren, kann man Sie als Besitzer leicht zuordnen. Vor- und Nachteile, wenn Sie Ihre Katze registrieren lassen\" \/>\n<meta property=\"og:url\" content=\"https:\/\/bozita.com\/de\/leben-mit-katze\/katze-kaufen\/katze-chippen-und-registrieren-lassen-deshalb-ist-es-so-wichtig\/\" \/>\n<meta property=\"og:site_name\" content=\"Bozita DE\" \/>\n<meta property=\"article:modified_time\" content=\"2022-07-19T08:39:17+00:00\" \/>\n<meta property=\"og:image\" content=\"https:\/\/bozita.com\/de\/wp-content\/uploads\/sites\/8\/2021\/09\/bozita_swedish-natural-quality.jpg\" \/>\n\t<meta property=\"og:image:width\" content=\"800\" \/>\n\t<meta property=\"og:image:height\" content=\"533\" \/>\n\t<meta property=\"og:image:type\" content=\"image\/jpeg\" \/>\n<meta name=\"twitter:card\" content=\"summary_large_image\" \/>\n<!-- \/ Yoast SEO plugin. -->","yoast_head_json":{"title":"Katze chippen, t\u00e4towieren und registrieren lassen | Bozita DE","description":"Lassen Sie Ihre Katze chippen oder t\u00e4towieren, kann man Sie als Besitzer leicht zuordnen. Vor- und Nachteile, wenn Sie Ihre Katze registrieren lassen","robots":{"index":"index","follow":"follow","max-snippet":"max-snippet:-1","max-image-preview":"max-image-preview:large","max-video-preview":"max-video-preview:-1"},"canonical":"https:\/\/bozita.com\/de\/leben-mit-katze\/katze-kaufen\/katze-chippen-und-registrieren-lassen-deshalb-ist-es-so-wichtig\/","og_locale":"de_DE","og_type":"article","og_title":"Katze chippen, t\u00e4towieren und registrieren lassen | Bozita DE","og_description":"Lassen Sie Ihre Katze chippen oder t\u00e4towieren, kann man Sie als Besitzer leicht zuordnen. Vor- und Nachteile, wenn Sie Ihre Katze registrieren lassen","og_url":"https:\/\/bozita.com\/de\/leben-mit-katze\/katze-kaufen\/katze-chippen-und-registrieren-lassen-deshalb-ist-es-so-wichtig\/","og_site_name":"Bozita DE","article_modified_time":"2022-07-19T08:39:17+00:00","og_image":[{"width":800,"height":533,"url":"https:\/\/bozita.com\/de\/wp-content\/uploads\/sites\/8\/2021\/09\/bozita_swedish-natural-quality.jpg","type":"image\/jpeg"}],"twitter_card":"summary_large_image","schema":{"@context":"https:\/\/schema.org","@graph":[{"@type":"WebPage","@id":"https:\/\/bozita.com\/de\/leben-mit-katze\/katze-kaufen\/katze-chippen-und-registrieren-lassen-deshalb-ist-es-so-wichtig\/","url":"https:\/\/bozita.com\/de\/leben-mit-katze\/katze-kaufen\/katze-chippen-und-registrieren-lassen-deshalb-ist-es-so-wichtig\/","name":"Katze chippen, t\u00e4towieren und registrieren lassen | Bozita DE","isPartOf":{"@id":"https:\/\/bozita.com\/de\/#website"},"datePublished":"2021-09-23T05:50:56+00:00","dateModified":"2022-07-19T08:39:17+00:00","description":"Lassen Sie Ihre Katze chippen oder t\u00e4towieren, kann man Sie als Besitzer leicht zuordnen. Vor- und Nachteile, wenn Sie Ihre Katze registrieren lassen","breadcrumb":{"@id":"https:\/\/bozita.com\/de\/leben-mit-katze\/katze-kaufen\/katze-chippen-und-registrieren-lassen-deshalb-ist-es-so-wichtig\/#breadcrumb"},"inLanguage":"de","potentialAction":[{"@type":"ReadAction","target":["https:\/\/bozita.com\/de\/leben-mit-katze\/katze-kaufen\/katze-chippen-und-registrieren-lassen-deshalb-ist-es-so-wichtig\/"]}]},{"@type":"BreadcrumbList","@id":"https:\/\/bozita.com\/de\/leben-mit-katze\/katze-kaufen\/katze-chippen-und-registrieren-lassen-deshalb-ist-es-so-wichtig\/#breadcrumb","itemListElement":[{"@type":"ListItem","position":1,"name":"Startseite","item":"https:\/\/bozita.com\/de\/"},{"@type":"ListItem","position":2,"name":"Leben mit Katze","item":"https:\/\/bozita.com\/de\/leben-mit-katze\/"},{"@type":"ListItem","position":3,"name":"Katze kaufen oder anschaffen &#8211; Das ist zu beachten","item":"https:\/\/bozita.com\/de\/leben-mit-katze\/katze-kaufen\/"},{"@type":"ListItem","position":4,"name":"Katze chippen, t\u00e4towieren und registrieren lassen"}]},{"@type":"WebSite","@id":"https:\/\/bozita.com\/de\/#website","url":"https:\/\/bozita.com\/de\/","name":"Bozita DE","description":"","potentialAction":[{"@type":"SearchAction","target":{"@type":"EntryPoint","urlTemplate":"https:\/\/bozita.com\/de\/?s={search_term_string}"},"query-input":"required name=search_term_string"}],"inLanguage":"de"}]}},"_links":{"self":[{"href":"https:\/\/bozita.com\/de\/wp-json\/wp\/v2\/pages\/6931"}],"collection":[{"href":"https:\/\/bozita.com\/de\/wp-json\/wp\/v2\/pages"}],"about":[{"href":"https:\/\/bozita.com\/de\/wp-json\/wp\/v2\/types\/page"}],"author":[{"embeddable":true,"href":"https:\/\/bozita.com\/de\/wp-json\/wp\/v2\/users\/1"}],"replies":[{"embeddable":true,"href":"https:\/\/bozita.com\/de\/wp-json\/wp\/v2\/comments?post=6931"}],"version-history":[{"count":9,"href":"https:\/\/bozita.com\/de\/wp-json\/wp\/v2\/pages\/6931\/revisions"}],"predecessor-version":[{"id":17231,"href":"https:\/\/bozita.com\/de\/wp-json\/wp\/v2\/pages\/6931\/revisions\/17231"}],"up":[{"embeddable":true,"href":"https:\/\/bozita.com\/de\/wp-json\/wp\/v2\/pages\/6982"}],"wp:featuredmedia":[{"embeddable":true,"href":"https:\/\/bozita.com\/de\/wp-json\/wp\/v2\/media\/6932"}],"wp:attachment":[{"href":"https:\/\/bozita.com\/de\/wp-json\/wp\/v2\/media?parent=6931"}],"curies":[{"name":"wp","href":"https:\/\/api.w.org\/{rel}","templated":true}]}}