{"id":6933,"date":"2021-09-23T05:43:31","date_gmt":"2021-09-23T05:43:31","guid":{"rendered":"https:\/\/bozita.com\/de\/wie-werden-katzenbaby-und-katze-freiganger\/"},"modified":"2024-09-30T08:09:17","modified_gmt":"2024-09-30T08:09:17","slug":"wie-werden-katzenbaby-und-katze-freiganger","status":"publish","type":"page","link":"https:\/\/bozita.com\/de\/leben-mit-katze\/katze-kaufen\/wie-werden-katzenbaby-und-katze-freiganger\/","title":{"rendered":"So werden Katzenbaby und Katze Freig\u00e4nger"},"content":{"rendered":"\t\t<section class=\"small-hero\">\n\t\t\t<div class=\"container\">\n\t\t\t\t<h1 class=\"small-hero-title\">Wie werden Katzen und Katzenbabys Freig\u00e4nger?<\/h1>\t\t\t<\/div>\n\t\t\t<\/div>\n\t\t<\/section>\n\t\n\n\t<div class=\"text-box-warp\">\n\t\t<div class=\"container\">\n\t\t\t<div class=\"text-content\">\n\t\t\t\t<p>M\u00f6chtest du, dass deine Katze Freig\u00e4nger wird, solltest du damit erst beginnen, wenn sie physisch und psychisch daf\u00fcr bereit ist und sich gefahrlos vor deiner Haust\u00fcr sowie in der n\u00e4heren Umgebung bewegen kann. Vor allem Kitten solltest du langsam und in Ruhe an den Freigang gew\u00f6hnen.<\/p>\n\t\t\t<\/div>\n\t\t<\/div>\n\t<\/div>\n\n\n\t<section class=\"media-object-wrap\">\n\t\t<div class=\"container\">\n\t\t\t<div class=\"media-object\">\n\t\t\t\t<div class=\"row row-eq-height align-items-stretch\">\n\t\t\t\t\t<div class=\"col-md-5\">\n\t\t\t\t\t\t\t\t\t\t\t\t\t<img decoding=\"async\" src=\"https:\/\/bozita.com\/de\/wp-content\/uploads\/sites\/8\/2024\/09\/shutterstock_2053194176-scaled.jpg\" alt=\"\">\n\t\t\t\t\t\t\t\t\t\t\t\t<\/div>\n\t\t\t\t\t<div class=\"col-md-7 d-flex align-items-center\">\n\t\t\t\t\t\t<div class=\"media-content\">\n\t\t\t\t\t\t<p><strong>KATZE AN FREIGANG GEW\u00d6HNEN \u2013 IST DEIN TIER BEREITS REGISTRIERT, GEIMPFT UND KASTRIERT?<\/strong><\/p>\n<p>Eine Katze sollte mit Chip registriert, geimpft und kastriert sein, bevor sie zum selbstst\u00e4ndigen Freig\u00e4nger wird. In den meisten F\u00e4llen kannst du dein Kitten an den Freigang gew\u00f6hnen, wenn es rund sechs Monate alt ist.<\/p>\n<p>Wenn du deine Katze mit Chip kennzeichnest und registriert, steigen die Chancen, dass das Tier nach Hause zur\u00fcckkehrt, falls es einmal verschwindet bzw. entl\u00e4uft. So kannst du beispielsweise auch als Besitzer des Tieres zugeordnet werden, wenn dein Liebling in einen Unfall geraten sollte.<\/p>\n<p>Impfungen gelten als zuverl\u00e4ssiger Schutz vor einer Ansteckung mit h\u00e4ufig auftretenden Krankheiten. Die meisten Katzen verf\u00fcgen in einem Alter von rund 3 Monaten \u00fcber einen vollst\u00e4ndigen Impfschutz.<\/p>\n<p><strong>Lies auch<\/strong><\/p>\n<ul>\n<li><a href=\"https:\/\/bozita.com\/de\/leben-mit-katze\/katze-kaufen\/katze-chippen-und-registrieren-lassen-deshalb-ist-es-so-wichtig\/\">Katze chippen und registrieren lassen \u2013 deshalb ist es so wichtig<\/a><\/li>\n<li><a href=\"https:\/\/bozita.com\/de\/leben-mit-katze\/katzengesundheit\/katzen-impfen-lassen\/\">Lasse Deine Katze impfen, um das Risiko f\u00fcr h\u00e4ufig auftretende Krankheiten zu verringern<\/a><\/li>\n<\/ul>\n\t\t\t\t\t\t<\/div>\n\t\t\t\t\t<\/div>\n\t\t\t\t<\/div>\n\t\t\t<\/div>\n\t\t<\/div>\n\t<\/section>\n   \n\n\n\t<div class=\"text-box-warp\">\n\t\t<div class=\"container\">\n\t\t\t<div class=\"text-content\">\n\t\t\t\t<p>Sofern du deine Katze nicht in der Zucht einsetzen m\u00f6chtest, solltest du sie in jedem Fall kastrieren lassen. Dies wird von zahlreichen Tierschutzorganisationen in Deutschland empfohlen bzw. gefordert \u2013 insbesondere, wenn deine Katze ein Freig\u00e4nger werden soll. Mittlerweile gibt es eine Vielzahl heimatloser, nicht kastrierter Katzen, die sich unkontrolliert vermehren k\u00f6nnen, was zu einem immer gr\u00f6\u00dferen Problem wird. Es wird empfohlen, das Tier ab dem Beginn der Geschlechtsreife, in einem Alter von sechs Monaten kastrieren zu lassen.<\/p>\n<p><strong>Lies auch<\/strong><\/p>\n<ul>\n<li><a href=\"https:\/\/bozita.com\/de\/leben-mit-katze\/katzengesundheit\/das-kastrieren-einer-katze-hat-viele-vorteile\/\">Das Kastrieren von Katzen bietet viele Vorteile<\/a><\/li>\n<\/ul>\n<p><strong>KATZE ODER KITTEN AN FREIGANG GEW\u00d6HNEN \u2013 IST DAS TIER DAZU BEREIT?<\/strong><\/p>\n<p>Auch wenn dein Stubentiger registriert, geimpft und kastriert ist, muss dies nicht zwangsl\u00e4ufig bedeuten, dass das Tier auch f\u00fcr die aufregende Welt und die Natur bereit ist. M\u00f6glicherweise braucht es noch ein wenig Zeit, bis du deine Katze oder Kitten an Freigang gew\u00f6hnen kannst, beispielsweise, wenn sich das Tier leicht von ungewohnten Ger\u00e4uschen erschrecken l\u00e4sst. Viele Katzen wagen sich erst mit einem Jahr das erste Mal nach drau\u00dfen.<\/p>\n<p><strong>GEW\u00d6HNE DEINE KATZE ODER KITTEN LANGSAM AN DEN FREIGANG<\/strong><\/p>\n<p>Die gro\u00dfe weite Welt wimmelt nur so vor neuen Eindr\u00fccken. Daher kann es riskant sein, die Katze allzu abrupt an den Freigang zu gew\u00f6hnen, da sie sich vor neuen Ereignissen f\u00fcrchten und daraufhin weglaufen oder sich verstecken k\u00f6nnte. Gew\u00f6hnen deine Katze oder Kitten stattdessen lieber Schritt f\u00fcr Schritt an die ungewohnte Umgebung.<\/p>\n<p>Lasse dein K\u00e4tzchen zun\u00e4chst an einem St\u00fcck Rasen in der N\u00e4he deines Zuhauses schnuppern oder leine dein Tier an und spaziere \u00fcber einen Parkplatz, um die Katze an die Welt im Freien zu gew\u00f6hnen.<\/p>\n<p>Sobald sie sich an den Rasen oder Parkplatz gew\u00f6hnt hat und sich drau\u00dfen wohlf\u00fchlt, kannst du deine Katze auf einer gr\u00f6\u00dferen Fl\u00e4che frei laufen lassen. Belohne die Katze mit einem Leckerli, wenn sie zur\u00fcckkommt \u2013 so wird sie lernen, wo ihr Zuhause ist.<\/p>\n<p>Wird deine Katze jeden Tag zur gleichen Zeit gef\u00fcttert, kannst du sie kurz vor der F\u00fctterungszeit rauslassen, sodass sie selbstst\u00e4ndig zur\u00fcckkommt, wenn sie Hunger hat.<\/p>\n<p>Wenn du dir die n\u00f6tige Zeit nimmst und all diese Tipps beachtest, wird es nicht lange dauern, bis dein Kitten oder deine Katze Freig\u00e4nger sind.<\/p>\n<p><strong>Lies auch<\/strong><\/p>\n<ul>\n<li><a href=\"https:\/\/bozita.com\/de\/leben-mit-hund\/die-gesundheit-des-hundes\/die-entwicklung-der-katze\/kann-man-eine-katze-oder-ein-kitten-trainieren\/\">Kann man eine Katze oder ein Kitten trainieren?<\/a><\/li>\n<\/ul>\n\t\t\t<\/div>\n\t\t<\/div>\n\t<\/div>\n\n\n\n\t<section class=\"block related-articles\">\n\t\t<div class=\"container\">\n\t\t\t<h2>Entdecke weitere Artikel<\/h2>\n\t\t\t<div class=\"row justify-content-center\">\n\t\t\t\t\t\t\t\t\t\t<div class=\"col-sm-6 col-md-6 col-lg-3\">\n\t\t\t\t\t\t\t\t\t\t\t\t\t\t<div class=\"card \">\n\t\t\t\t\t\t\t\t\t\t\t\t\t\t\t\t\t<img decoding=\"async\"  src=\"https:\/\/bozita.com\/de\/wp-content\/uploads\/sites\/8\/2021\/09\/bozita_swedish-natural-quality.jpg\" alt=\"\">\n\t\t\t\t\t\t\t\t\t\t\t\t\t\t\t\t\t<!-- <img decoding=\"async\" src=\"\n\t\t\t\t\t\t\t\t\t\t\t\t\t\t\t\t\t\t\t\t\" alt=\"\n\t\t\t\t\t\t\t\t\t\t\t\t\t\t\t\t\t\t\t\t\t\t\t\t\t\t\t\"> -->\n\t\t\t\t\t\t\t\t<div class=\"card-body\">\n\t\t\t\t\t\t\t\t\t\t\t\t\t\t\t\t\t\t\t<h6>Katze chippen, t\u00e4towieren und registrieren lassen<\/h6>\n\t\t\t\t\t\t\t\t\t\t\t\t\t\t\t\t\t\t\t<a href=\"https:\/\/bozita.com\/de\/leben-mit-katze\/katze-kaufen\/katze-chippen-und-registrieren-lassen-deshalb-ist-es-so-wichtig\/\">Weiterlesen &nbsp; ><\/a>\n\t\t\t\t\t\t\t\t<\/div>\n\t\t\t\t\t\t\t<\/div>\n\t\t\t\t\t\t<\/div>\n\n\t\t\t\t\t\t\t\t\t\t\t<div class=\"col-sm-6 col-md-6 col-lg-3\">\n\t\t\t\t\t\t\t\t\t\t\t\t\t\t<div class=\"card \">\n\t\t\t\t\t\t\t\t\t\t\t\t\t\t\t\t\t<img decoding=\"async\"  src=\"https:\/\/bozita.com\/de\/wp-content\/uploads\/sites\/8\/2021\/08\/bozita_swedish-natural-quality.jpg\" alt=\"\">\n\t\t\t\t\t\t\t\t\t\t\t\t\t\t\t\t\t<!-- <img decoding=\"async\" src=\"\n\t\t\t\t\t\t\t\t\t\t\t\t\t\t\t\t\t\t\t\t\" alt=\"\n\t\t\t\t\t\t\t\t\t\t\t\t\t\t\t\t\t\t\t\t\t\t\t\t\t\t\t\"> -->\n\t\t\t\t\t\t\t\t<div class=\"card-body\">\n\t\t\t\t\t\t\t\t\t\t\t\t\t\t\t\t\t\t\t<h6>Wurmkur bei Katze und Katzenbabys<\/h6>\n\t\t\t\t\t\t\t\t\t\t\t\t\t\t\t\t\t\t\t<a href=\"https:\/\/bozita.com\/de\/leben-mit-katze\/katzengesundheit\/wurmkur-katze-und-katzenbaby\/\">Weiterlesen &nbsp; ><\/a>\n\t\t\t\t\t\t\t\t<\/div>\n\t\t\t\t\t\t\t<\/div>\n\t\t\t\t\t\t<\/div>\n\n\t\t\t\t\t\t\t\t\t\t\t<div class=\"col-sm-6 col-md-6 col-lg-3\">\n\t\t\t\t\t\t\t\t\t\t\t\t\t\t<div class=\"card \">\n\t\t\t\t\t\t\t\t\t\t\t\t\t\t\t\t\t<img decoding=\"async\"  src=\"https:\/\/bozita.com\/de\/wp-content\/uploads\/sites\/8\/2021\/09\/bozita-socialisera-kattunge.jpg\" alt=\"\">\n\t\t\t\t\t\t\t\t\t\t\t\t\t\t\t\t\t<!-- <img decoding=\"async\" src=\"\n\t\t\t\t\t\t\t\t\t\t\t\t\t\t\t\t\t\t\t\t\" alt=\"\n\t\t\t\t\t\t\t\t\t\t\t\t\t\t\t\t\t\t\t\t\t\t\t\t\t\t\t\"> -->\n\t\t\t\t\t\t\t\t<div class=\"card-body\">\n\t\t\t\t\t\t\t\t\t\t\t\t\t\t\t\t\t\t\t<h6>Katzenbabys entwicklung \u2013\u00a0Die erste Zeit mit Katze<\/h6>\n\t\t\t\t\t\t\t\t\t\t\t\t\t\t\t\t\t\t\t<a href=\"https:\/\/bozita.com\/de\/leben-mit-katze\/die-entwicklung-der-katze\/katzenbabys-entwicklung-und-sozialisierung\/\">Weiterlesen &nbsp; ><\/a>\n\t\t\t\t\t\t\t\t<\/div>\n\t\t\t\t\t\t\t<\/div>\n\t\t\t\t\t\t<\/div>\n\n\t\t\t\t\t\t\t\t\t\t\t\t<\/div>\n\t\t<\/div>\n\t<\/section>\n","protected":false},"excerpt":{"rendered":"","protected":false},"author":1,"featured_media":6932,"parent":6982,"menu_order":0,"comment_status":"closed","ping_status":"closed","template":"guternberg.php","meta":{"footnotes":""},"acf":[],"yoast_head":"<!-- This site is optimized with the Yoast SEO plugin v21.3 - https:\/\/yoast.com\/wordpress\/plugins\/seo\/ -->\n<title>So werden Katzenbaby und Katze Freig\u00e4nger | Bozita DE<\/title>\n<meta name=\"description\" content=\"Katze oder Kitten an Freigang gew\u00f6hnen \u2013 gehen Sie langsam vor und denken Sie bei Freig\u00e4ngerkatzen auch an Chip oder T\u00e4towierung, Impfungen und Kastration.\" \/>\n<meta name=\"robots\" content=\"index, follow, max-snippet:-1, max-image-preview:large, max-video-preview:-1\" \/>\n<link rel=\"canonical\" href=\"https:\/\/bozita.com\/de\/leben-mit-katze\/katze-kaufen\/wie-werden-katzenbaby-und-katze-freiganger\/\" \/>\n<meta property=\"og:locale\" content=\"de_DE\" \/>\n<meta property=\"og:type\" content=\"article\" \/>\n<meta property=\"og:title\" content=\"So werden Katzenbaby und Katze Freig\u00e4nger | Bozita DE\" \/>\n<meta property=\"og:description\" content=\"Katze oder Kitten an Freigang gew\u00f6hnen \u2013 gehen Sie langsam vor und denken Sie bei Freig\u00e4ngerkatzen auch an Chip oder T\u00e4towierung, Impfungen und Kastration.\" \/>\n<meta property=\"og:url\" content=\"https:\/\/bozita.com\/de\/leben-mit-katze\/katze-kaufen\/wie-werden-katzenbaby-und-katze-freiganger\/\" \/>\n<meta property=\"og:site_name\" content=\"Bozita DE\" \/>\n<meta property=\"article:modified_time\" content=\"2024-09-30T08:09:17+00:00\" \/>\n<meta property=\"og:image\" content=\"https:\/\/bozita.com\/de\/wp-content\/uploads\/sites\/8\/2021\/09\/bozita_swedish-natural-quality.jpg\" \/>\n\t<meta property=\"og:image:width\" content=\"800\" \/>\n\t<meta property=\"og:image:height\" content=\"533\" \/>\n\t<meta property=\"og:image:type\" content=\"image\/jpeg\" \/>\n<meta name=\"twitter:card\" content=\"summary_large_image\" \/>\n<!-- \/ Yoast SEO plugin. -->","yoast_head_json":{"title":"So werden Katzenbaby und Katze Freig\u00e4nger | Bozita DE","description":"Katze oder Kitten an Freigang gew\u00f6hnen \u2013 gehen Sie langsam vor und denken Sie bei Freig\u00e4ngerkatzen auch an Chip oder T\u00e4towierung, Impfungen und Kastration.","robots":{"index":"index","follow":"follow","max-snippet":"max-snippet:-1","max-image-preview":"max-image-preview:large","max-video-preview":"max-video-preview:-1"},"canonical":"https:\/\/bozita.com\/de\/leben-mit-katze\/katze-kaufen\/wie-werden-katzenbaby-und-katze-freiganger\/","og_locale":"de_DE","og_type":"article","og_title":"So werden Katzenbaby und Katze Freig\u00e4nger | Bozita DE","og_description":"Katze oder Kitten an Freigang gew\u00f6hnen \u2013 gehen Sie langsam vor und denken Sie bei Freig\u00e4ngerkatzen auch an Chip oder T\u00e4towierung, Impfungen und Kastration.","og_url":"https:\/\/bozita.com\/de\/leben-mit-katze\/katze-kaufen\/wie-werden-katzenbaby-und-katze-freiganger\/","og_site_name":"Bozita DE","article_modified_time":"2024-09-30T08:09:17+00:00","og_image":[{"width":800,"height":533,"url":"https:\/\/bozita.com\/de\/wp-content\/uploads\/sites\/8\/2021\/09\/bozita_swedish-natural-quality.jpg","type":"image\/jpeg"}],"twitter_card":"summary_large_image","schema":{"@context":"https:\/\/schema.org","@graph":[{"@type":"WebPage","@id":"https:\/\/bozita.com\/de\/leben-mit-katze\/katze-kaufen\/wie-werden-katzenbaby-und-katze-freiganger\/","url":"https:\/\/bozita.com\/de\/leben-mit-katze\/katze-kaufen\/wie-werden-katzenbaby-und-katze-freiganger\/","name":"So werden Katzenbaby und Katze Freig\u00e4nger | Bozita DE","isPartOf":{"@id":"https:\/\/bozita.com\/de\/#website"},"datePublished":"2021-09-23T05:43:31+00:00","dateModified":"2024-09-30T08:09:17+00:00","description":"Katze oder Kitten an Freigang gew\u00f6hnen \u2013 gehen Sie langsam vor und denken Sie bei Freig\u00e4ngerkatzen auch an Chip oder T\u00e4towierung, Impfungen und Kastration.","breadcrumb":{"@id":"https:\/\/bozita.com\/de\/leben-mit-katze\/katze-kaufen\/wie-werden-katzenbaby-und-katze-freiganger\/#breadcrumb"},"inLanguage":"de","potentialAction":[{"@type":"ReadAction","target":["https:\/\/bozita.com\/de\/leben-mit-katze\/katze-kaufen\/wie-werden-katzenbaby-und-katze-freiganger\/"]}]},{"@type":"BreadcrumbList","@id":"https:\/\/bozita.com\/de\/leben-mit-katze\/katze-kaufen\/wie-werden-katzenbaby-und-katze-freiganger\/#breadcrumb","itemListElement":[{"@type":"ListItem","position":1,"name":"Startseite","item":"https:\/\/bozita.com\/de\/"},{"@type":"ListItem","position":2,"name":"Leben mit Katze","item":"https:\/\/bozita.com\/de\/leben-mit-katze\/"},{"@type":"ListItem","position":3,"name":"Katze kaufen oder anschaffen &#8211; Das ist zu beachten","item":"https:\/\/bozita.com\/de\/leben-mit-katze\/katze-kaufen\/"},{"@type":"ListItem","position":4,"name":"So werden Katzenbaby und Katze Freig\u00e4nger"}]},{"@type":"WebSite","@id":"https:\/\/bozita.com\/de\/#website","url":"https:\/\/bozita.com\/de\/","name":"Bozita DE","description":"","potentialAction":[{"@type":"SearchAction","target":{"@type":"EntryPoint","urlTemplate":"https:\/\/bozita.com\/de\/?s={search_term_string}"},"query-input":"required name=search_term_string"}],"inLanguage":"de"}]}},"_links":{"self":[{"href":"https:\/\/bozita.com\/de\/wp-json\/wp\/v2\/pages\/6933"}],"collection":[{"href":"https:\/\/bozita.com\/de\/wp-json\/wp\/v2\/pages"}],"about":[{"href":"https:\/\/bozita.com\/de\/wp-json\/wp\/v2\/types\/page"}],"author":[{"embeddable":true,"href":"https:\/\/bozita.com\/de\/wp-json\/wp\/v2\/users\/1"}],"replies":[{"embeddable":true,"href":"https:\/\/bozita.com\/de\/wp-json\/wp\/v2\/comments?post=6933"}],"version-history":[{"count":15,"href":"https:\/\/bozita.com\/de\/wp-json\/wp\/v2\/pages\/6933\/revisions"}],"predecessor-version":[{"id":29022,"href":"https:\/\/bozita.com\/de\/wp-json\/wp\/v2\/pages\/6933\/revisions\/29022"}],"up":[{"embeddable":true,"href":"https:\/\/bozita.com\/de\/wp-json\/wp\/v2\/pages\/6982"}],"wp:featuredmedia":[{"embeddable":true,"href":"https:\/\/bozita.com\/de\/wp-json\/wp\/v2\/media\/6932"}],"wp:attachment":[{"href":"https:\/\/bozita.com\/de\/wp-json\/wp\/v2\/media?parent=6933"}],"curies":[{"name":"wp","href":"https:\/\/api.w.org\/{rel}","templated":true}]}}