{"id":6934,"date":"2021-09-23T05:41:07","date_gmt":"2021-09-23T05:41:07","guid":{"rendered":"https:\/\/bozita.com\/de\/wie-lange-kann-man-eine-katze-allein-lassen\/"},"modified":"2024-11-05T12:59:49","modified_gmt":"2024-11-05T12:59:49","slug":"wie-lange-kann-man-eine-katze-allein-lassen","status":"publish","type":"page","link":"https:\/\/bozita.com\/de\/leben-mit-katze\/katze-kaufen\/wie-lange-kann-man-eine-katze-allein-lassen\/","title":{"rendered":"Wie lange kann man eine Katze allein lassen?"},"content":{"rendered":"\t\t<section class=\"small-hero\">\n\t\t\t<div class=\"container\">\n\t\t\t\t<h1 class=\"small-hero-title\">Wie lange kann man eine Katze allein lassen?<\/h1>\t\t\t<\/div>\n\t\t\t<\/div>\n\t\t<\/section>\n\t\n\n\t<div class=\"text-box-warp\">\n\t\t<div class=\"container\">\n\t\t\t<div class=\"text-content\">\n\t\t\t\t<p>Mitunter musst du als Katzenbesitzer deine Katze f\u00fcr eine Reise oder die Arbeit allein lassen, doch Katzen k\u00f6nnen sich nicht \u00fcber einen l\u00e4ngeren Zeitraum selbst versorgen. Die Aufsicht eines Tieres ist unter dem Tierschutzgesetz der Bundesrepublik Deutschland geregelt, sodass es illegal ist, ein Tier ohne Versorgung f\u00fcr l\u00e4ngere Zeit allein zu lassen.<\/p>\n\t\t\t<\/div>\n\t\t<\/div>\n\t<\/div>\n\n\n\t<section class=\"media-object-wrap\">\n\t\t<div class=\"container\">\n\t\t\t<div class=\"media-object\">\n\t\t\t\t<div class=\"row row-eq-height align-items-stretch\">\n\t\t\t\t\t<div class=\"col-md-5\">\n\t\t\t\t\t\t\t\t\t\t\t\t\t<img decoding=\"async\" src=\"https:\/\/bozita.com\/de\/wp-content\/uploads\/sites\/8\/2024\/11\/shutterstock_2281992949-scaled.jpg\" alt=\"\">\n\t\t\t\t\t\t\t\t\t\t\t\t<\/div>\n\t\t\t\t\t<div class=\"col-md-7 d-flex align-items-center\">\n\t\t\t\t\t\t<div class=\"media-content\">\n\t\t\t\t\t\t<p><strong>ALTER, GESUNDHEIT, RASSE UND GR\u00d6SSE ENTSCHEIDEN, WIE GUT DEINE KATZE ALLEIN ZURECHT KOMMT<\/strong><\/p>\n<p>Jede Katze ist \u2013 genau wie wir Menschen \u2013 einzigartig und hat ihre eigene Pers\u00f6nlichkeit. Wie lange du deine Katze allein lassen kannst, h\u00e4ngt teilweise von deren Pers\u00f6nlichkeit ab, orientiert sich aber auch an Faktoren wie Alter, Gesundheit, Rasse und Gr\u00f6\u00dfe.<\/p>\n<p>Ein Katzenbaby, das F\u00fcrsorge und Nahrung von der Mutter braucht, darf nicht von ihr getrennt werden, sofern dies nicht absolut notwendig ist und auch dann nur vor\u00fcbergehend. Erst ab einem Alter von 12 Wochen ist ein Kitten bereit, von seiner Mama getrennt zu werden.<\/p>\n<p>Auch eine \u00e4ltere Katze hat besondere Bed\u00fcrfnisse und braucht grunds\u00e4tzlich mehr Pflege. Ist deine Katze verletzt oder tr\u00e4chtig, muss auch das in Betracht gezogen werden.<\/p>\n\t\t\t\t\t\t<\/div>\n\t\t\t\t\t<\/div>\n\t\t\t\t<\/div>\n\t\t\t<\/div>\n\t\t<\/div>\n\t<\/section>\n   \n\n\n\t<div class=\"text-box-warp\">\n\t\t<div class=\"container\">\n\t\t\t<div class=\"text-content\">\n\t\t\t\t<p>Musst du deine Rassekatze allein lassen, solltest du daran denken, dass bestimmte Rassen wie Siamkatze und Orientalisch Kurzhaar oftmals st\u00e4rkere soziale Bed\u00fcrfnisse haben als andere Rassen, weshalb es sie psychisch st\u00e4rker beeinflusst, allzu lange allein gelassen zu werden. Auch Rassen mit viel Energie, wie beispielsweise die Bengalkatze, sind oft empf\u00e4nglicher f\u00fcr psychischen Stress bei Einsamkeit, da sie zuverl\u00e4ssige t\u00e4gliche Besch\u00e4ftigung ben\u00f6tigen, damit es ihnen gut geht. Erkundige dich \u00fcber die jeweilige Rasse, bevor du deine Katze allein l\u00e4sst.<\/p>\n<p><strong>VORBEREITUNGEN, BEVOR DU DEINE KATZE ALLEIN L\u00c4SST<\/strong><\/p>\n<p>Solltest du deine Katze f\u00fcr l\u00e4ngere Zeit allein lassen m\u00fcssen, ist es wichtig, einen Katzensitter zu organisieren, der sich um deine Katze k\u00fcmmert.<\/p>\n<p><strong>FUTTER, WASSER UND KATZENKLO<\/strong><\/p>\n<p>L\u00e4sst du deine Katze allein, ben\u00f6tigt sie reichlich Futter und Wasser. Eine Wohnungskatze sollte freien Zugang zu Trinkwasser haben und Freig\u00e4ngerkatzen brauchen mindestens zweimal t\u00e4glich Wasser. Im Idealfall sollte auch ein Freig\u00e4nger ungehinderten Zugang zu Wasser haben, sodass es sich empfiehlt, mehrere Wassersch\u00e4lchen an schattigen Pl\u00e4tzen aufzustellen, damit die Fl\u00fcssigkeit nicht so schnell verdunstet. Stelle zudem sicher, dass der Katzensitter wei\u00df, wo sich Futter und Katzenstreu befinden.<\/p>\n<p><strong>SICHERER SCHLAFPLATZ UND BESCH\u00c4FTIGUNGSM\u00d6GLICHKEITEN<\/strong><\/p>\n<p>Neben Futter, Wasser und der M\u00f6glichkeit zur Verrichtung der Notdurft ist es auch wichtig, dass Deine Katze einen eigenen Schlafplatz hat und sich an beispielsweise Kratzbrett oder Kratzbaum austoben kann. Eine Wohnungskatze braucht zudem noch weitere Besch\u00e4ftigungsoptionen, weshalb die Investition in Besch\u00e4ftigungsspielzeug oder ein Spielzeug zur Futtersuche notwendig sein kann, bevor du deine Katze allein l\u00e4sst. Werden die Sinne des Tieres nicht angeregt, kann das zu einem schlechteren Wohlbefinden f\u00fchren.<\/p>\n<p><strong>TIERSCHUTZREGELN ZUM SCHUTZ VON KATZEN<\/strong><\/p>\n<p>Regelungen zum Tierschutz sollen das Wohlergehen von Katzen sichern, sodass jedem Tier beste Voraussetzungen f\u00fcr uneingeschr\u00e4nktes Wohlbefinden zur Verf\u00fcgung stehen. In diesen Gesetzen ist festgelegt, welche Anspr\u00fcche mindestens erf\u00fcllt sein m\u00fcssen, damit es der Katze sowohl physisch als auch psychisch gut geht. Das deutsche\u00a0<a href=\"https:\/\/www.gesetze-im-internet.de\/tierschg\/BJNR012770972.html#BJNR012770972BJNG000103377\">Tierschutzgesetz<\/a>\u00a0beinhaltet Vorgaben zur Beaufsichtigung von Hunden und Katzen, deren Missachtung Strafen nach sich ziehen k\u00f6nnen.<\/p>\n<ul>\n<li><a href=\"https:\/\/www.gesetze-im-internet.de\/tierschg\/BJNR012770972.html#BJNR012770972BJNG000103377\">Lies hier mehr zum Tierschutzgesetz<\/a><\/li>\n<\/ul>\n<p>&nbsp;<\/p>\n\t\t\t<\/div>\n\t\t<\/div>\n\t<\/div>\n\n\n\n\t<section class=\"block related-articles\">\n\t\t<div class=\"container\">\n\t\t\t<h2>Entdecke weitere Artikel<\/h2>\n\t\t\t<div class=\"row justify-content-center\">\n\t\t\t\t\t\t\t\t\t\t<div class=\"col-sm-6 col-md-6 col-lg-3\">\n\t\t\t\t\t\t\t\t\t\t\t\t\t\t<div class=\"card \">\n\t\t\t\t\t\t\t\t\t\t\t\t\t\t\t\t\t<img decoding=\"async\"  src=\"https:\/\/bozita.com\/de\/wp-content\/uploads\/sites\/8\/2021\/09\/bozita-introducera-katt-till-nytt-hem.jpg\" alt=\"\">\n\t\t\t\t\t\t\t\t\t\t\t\t\t\t\t\t\t<!-- <img decoding=\"async\" src=\"\n\t\t\t\t\t\t\t\t\t\t\t\t\t\t\t\t\t\t\t\t\" alt=\"\n\t\t\t\t\t\t\t\t\t\t\t\t\t\t\t\t\t\t\t\t\t\t\t\t\t\t\t\"> -->\n\t\t\t\t\t\t\t\t<div class=\"card-body\">\n\t\t\t\t\t\t\t\t\t\t\t\t\t\t\t\t\t\t\t<h6>Katze an neues Zuhause gew\u00f6hnen \u2013 Vorbereitungen<\/h6>\n\t\t\t\t\t\t\t\t\t\t\t\t\t\t\t\t\t\t\t<a href=\"https:\/\/bozita.com\/de\/leben-mit-katze\/katze-kaufen\/gewohnung-der-katze-an-ein-neues-zuhause\/\">Weiterlesen &nbsp; ><\/a>\n\t\t\t\t\t\t\t\t<\/div>\n\t\t\t\t\t\t\t<\/div>\n\t\t\t\t\t\t<\/div>\n\n\t\t\t\t\t\t\t\t\t\t\t<div class=\"col-sm-6 col-md-6 col-lg-3\">\n\t\t\t\t\t\t\t\t\t\t\t\t\t\t<div class=\"card \">\n\t\t\t\t\t\t\t\t\t\t\t\t\t\t\t\t\t<img decoding=\"async\"  src=\"https:\/\/bozita.com\/de\/wp-content\/uploads\/sites\/8\/2021\/08\/bozita-kattens-kroppssprak.jpg\" alt=\"\">\n\t\t\t\t\t\t\t\t\t\t\t\t\t\t\t\t\t<!-- <img decoding=\"async\" src=\"\n\t\t\t\t\t\t\t\t\t\t\t\t\t\t\t\t\t\t\t\t\" alt=\"\n\t\t\t\t\t\t\t\t\t\t\t\t\t\t\t\t\t\t\t\t\t\t\t\t\t\t\t\"> -->\n\t\t\t\t\t\t\t\t<div class=\"card-body\">\n\t\t\t\t\t\t\t\t\t\t\t\t\t\t\t\t\t\t\t<h6>Katzenverhalten &amp; K\u00f6rpersprache von Katzen<\/h6>\n\t\t\t\t\t\t\t\t\t\t\t\t\t\t\t\t\t\t\t<a href=\"https:\/\/bozita.com\/de\/leben-mit-katze\/die-entwicklung-der-katze-2\/verhalten-und-korpersprache-von-katzen\/\">Weiterlesen &nbsp; ><\/a>\n\t\t\t\t\t\t\t\t<\/div>\n\t\t\t\t\t\t\t<\/div>\n\t\t\t\t\t\t<\/div>\n\n\t\t\t\t\t\t\t\t\t\t\t<div class=\"col-sm-6 col-md-6 col-lg-3\">\n\t\t\t\t\t\t\t\t\t\t\t\t\t\t<div class=\"card \">\n\t\t\t\t\t\t\t\t\t\t\t\t\t\t\t\t\t<img decoding=\"async\"  src=\"https:\/\/bozita.com\/de\/wp-content\/uploads\/sites\/8\/2021\/09\/bozita-katt-rumsren-ga-pa-ladan.jpg\" alt=\"\">\n\t\t\t\t\t\t\t\t\t\t\t\t\t\t\t\t\t<!-- <img decoding=\"async\" src=\"\n\t\t\t\t\t\t\t\t\t\t\t\t\t\t\t\t\t\t\t\t\" alt=\"\n\t\t\t\t\t\t\t\t\t\t\t\t\t\t\t\t\t\t\t\t\t\t\t\t\t\t\t\"> -->\n\t\t\t\t\t\t\t\t<div class=\"card-body\">\n\t\t\t\t\t\t\t\t\t\t\t\t\t\t\t\t\t\t\t<h6>Wie bekommt man katzen oder kitten stubenrein?<\/h6>\n\t\t\t\t\t\t\t\t\t\t\t\t\t\t\t\t\t\t\t<a href=\"https:\/\/bozita.com\/de\/leben-mit-katze\/katze-kaufen\/wie-bekommt-man-katzen-stubenrein\/\">Weiterlesen &nbsp; ><\/a>\n\t\t\t\t\t\t\t\t<\/div>\n\t\t\t\t\t\t\t<\/div>\n\t\t\t\t\t\t<\/div>\n\n\t\t\t\t\t\t\t\t\t\t\t\t<\/div>\n\t\t<\/div>\n\t<\/section>\n","protected":false},"excerpt":{"rendered":"","protected":false},"author":1,"featured_media":6935,"parent":6982,"menu_order":0,"comment_status":"closed","ping_status":"closed","template":"guternberg.php","meta":{"footnotes":""},"acf":[],"yoast_head":"<!-- This site is optimized with the Yoast SEO plugin v21.3 - https:\/\/yoast.com\/wordpress\/plugins\/seo\/ -->\n<title>Wie lange kann man eine Katze allein lassen? | Bozita DE<\/title>\n<meta name=\"description\" content=\"M\u00fcssen Sie Ihre Katze eine Weile allein lassen? F\u00fcr Katzen kein Problem, doch als Besitzer haben Sie gewisse\" \/>\n<meta name=\"robots\" content=\"index, follow, max-snippet:-1, max-image-preview:large, max-video-preview:-1\" \/>\n<link rel=\"canonical\" href=\"https:\/\/bozita.com\/de\/leben-mit-katze\/katze-kaufen\/wie-lange-kann-man-eine-katze-allein-lassen\/\" \/>\n<meta property=\"og:locale\" content=\"de_DE\" \/>\n<meta property=\"og:type\" content=\"article\" \/>\n<meta property=\"og:title\" content=\"Wie lange kann man eine Katze allein lassen? | Bozita DE\" \/>\n<meta property=\"og:description\" content=\"M\u00fcssen Sie Ihre Katze eine Weile allein lassen? F\u00fcr Katzen kein Problem, doch als Besitzer haben Sie gewisse\" \/>\n<meta property=\"og:url\" content=\"https:\/\/bozita.com\/de\/leben-mit-katze\/katze-kaufen\/wie-lange-kann-man-eine-katze-allein-lassen\/\" \/>\n<meta property=\"og:site_name\" content=\"Bozita DE\" \/>\n<meta property=\"article:modified_time\" content=\"2024-11-05T12:59:49+00:00\" \/>\n<meta property=\"og:image\" content=\"https:\/\/bozita.com\/de\/wp-content\/uploads\/sites\/8\/2021\/09\/bozita-lamna-katt-ensam.jpg\" \/>\n\t<meta property=\"og:image:width\" content=\"800\" \/>\n\t<meta property=\"og:image:height\" content=\"533\" \/>\n\t<meta property=\"og:image:type\" content=\"image\/jpeg\" \/>\n<meta name=\"twitter:card\" content=\"summary_large_image\" \/>\n<!-- \/ Yoast SEO plugin. -->","yoast_head_json":{"title":"Wie lange kann man eine Katze allein lassen? | Bozita DE","description":"M\u00fcssen Sie Ihre Katze eine Weile allein lassen? F\u00fcr Katzen kein Problem, doch als Besitzer haben Sie gewisse","robots":{"index":"index","follow":"follow","max-snippet":"max-snippet:-1","max-image-preview":"max-image-preview:large","max-video-preview":"max-video-preview:-1"},"canonical":"https:\/\/bozita.com\/de\/leben-mit-katze\/katze-kaufen\/wie-lange-kann-man-eine-katze-allein-lassen\/","og_locale":"de_DE","og_type":"article","og_title":"Wie lange kann man eine Katze allein lassen? | Bozita DE","og_description":"M\u00fcssen Sie Ihre Katze eine Weile allein lassen? F\u00fcr Katzen kein Problem, doch als Besitzer haben Sie gewisse","og_url":"https:\/\/bozita.com\/de\/leben-mit-katze\/katze-kaufen\/wie-lange-kann-man-eine-katze-allein-lassen\/","og_site_name":"Bozita DE","article_modified_time":"2024-11-05T12:59:49+00:00","og_image":[{"width":800,"height":533,"url":"https:\/\/bozita.com\/de\/wp-content\/uploads\/sites\/8\/2021\/09\/bozita-lamna-katt-ensam.jpg","type":"image\/jpeg"}],"twitter_card":"summary_large_image","schema":{"@context":"https:\/\/schema.org","@graph":[{"@type":"WebPage","@id":"https:\/\/bozita.com\/de\/leben-mit-katze\/katze-kaufen\/wie-lange-kann-man-eine-katze-allein-lassen\/","url":"https:\/\/bozita.com\/de\/leben-mit-katze\/katze-kaufen\/wie-lange-kann-man-eine-katze-allein-lassen\/","name":"Wie lange kann man eine Katze allein lassen? | Bozita DE","isPartOf":{"@id":"https:\/\/bozita.com\/de\/#website"},"datePublished":"2021-09-23T05:41:07+00:00","dateModified":"2024-11-05T12:59:49+00:00","description":"M\u00fcssen Sie Ihre Katze eine Weile allein lassen? F\u00fcr Katzen kein Problem, doch als Besitzer haben Sie gewisse","breadcrumb":{"@id":"https:\/\/bozita.com\/de\/leben-mit-katze\/katze-kaufen\/wie-lange-kann-man-eine-katze-allein-lassen\/#breadcrumb"},"inLanguage":"de","potentialAction":[{"@type":"ReadAction","target":["https:\/\/bozita.com\/de\/leben-mit-katze\/katze-kaufen\/wie-lange-kann-man-eine-katze-allein-lassen\/"]}]},{"@type":"BreadcrumbList","@id":"https:\/\/bozita.com\/de\/leben-mit-katze\/katze-kaufen\/wie-lange-kann-man-eine-katze-allein-lassen\/#breadcrumb","itemListElement":[{"@type":"ListItem","position":1,"name":"Startseite","item":"https:\/\/bozita.com\/de\/"},{"@type":"ListItem","position":2,"name":"Leben mit Katze","item":"https:\/\/bozita.com\/de\/leben-mit-katze\/"},{"@type":"ListItem","position":3,"name":"Katze kaufen oder anschaffen &#8211; Das ist zu beachten","item":"https:\/\/bozita.com\/de\/leben-mit-katze\/katze-kaufen\/"},{"@type":"ListItem","position":4,"name":"Wie lange kann man eine Katze allein lassen?"}]},{"@type":"WebSite","@id":"https:\/\/bozita.com\/de\/#website","url":"https:\/\/bozita.com\/de\/","name":"Bozita DE","description":"","potentialAction":[{"@type":"SearchAction","target":{"@type":"EntryPoint","urlTemplate":"https:\/\/bozita.com\/de\/?s={search_term_string}"},"query-input":"required name=search_term_string"}],"inLanguage":"de"}]}},"_links":{"self":[{"href":"https:\/\/bozita.com\/de\/wp-json\/wp\/v2\/pages\/6934"}],"collection":[{"href":"https:\/\/bozita.com\/de\/wp-json\/wp\/v2\/pages"}],"about":[{"href":"https:\/\/bozita.com\/de\/wp-json\/wp\/v2\/types\/page"}],"author":[{"embeddable":true,"href":"https:\/\/bozita.com\/de\/wp-json\/wp\/v2\/users\/1"}],"replies":[{"embeddable":true,"href":"https:\/\/bozita.com\/de\/wp-json\/wp\/v2\/comments?post=6934"}],"version-history":[{"count":10,"href":"https:\/\/bozita.com\/de\/wp-json\/wp\/v2\/pages\/6934\/revisions"}],"predecessor-version":[{"id":29198,"href":"https:\/\/bozita.com\/de\/wp-json\/wp\/v2\/pages\/6934\/revisions\/29198"}],"up":[{"embeddable":true,"href":"https:\/\/bozita.com\/de\/wp-json\/wp\/v2\/pages\/6982"}],"wp:featuredmedia":[{"embeddable":true,"href":"https:\/\/bozita.com\/de\/wp-json\/wp\/v2\/media\/6935"}],"wp:attachment":[{"href":"https:\/\/bozita.com\/de\/wp-json\/wp\/v2\/media?parent=6934"}],"curies":[{"name":"wp","href":"https:\/\/api.w.org\/{rel}","templated":true}]}}