{"id":6936,"date":"2021-09-23T05:38:54","date_gmt":"2021-09-23T05:38:54","guid":{"rendered":"https:\/\/bozita.com\/de\/wie-bekommt-man-katzen-stubenrein\/"},"modified":"2022-07-19T08:39:47","modified_gmt":"2022-07-19T08:39:47","slug":"wie-bekommt-man-katzen-stubenrein","status":"publish","type":"page","link":"https:\/\/bozita.com\/de\/leben-mit-katze\/katze-kaufen\/wie-bekommt-man-katzen-stubenrein\/","title":{"rendered":"Wie bekommt man katzen oder kitten stubenrein?"},"content":{"rendered":"\t\t<section class=\"small-hero\">\n\t\t\t<div class=\"container\">\n\t\t\t\t<h1 class=\"small-hero-title\">Wie bekommt man Katzen stubenrein?<\/h1>\t\t\t<\/div>\n\t\t\t<\/div>\n\t\t<\/section>\n\t\n\n\t<div class=\"text-box-warp\">\n\t\t<div class=\"container\">\n\t\t\t<div class=\"text-content\">\n\t\t\t\t<p>Katzen gelten als sehr reinliche Tiere, sodass sich Katze oder Katzenbaby normalerweise leicht an die Benutzung des Katzenklos gew\u00f6hnen. Dennoch gibt es einige Dinge zu beachten, damit die Katze stubenrein wird, das Katzenklo verwendet und ihre Bed\u00fcrfnisse im neuen Zuhause am richtigen Ort verrichtet.<\/p>\n<h2>DIE BENUTZUNG DES KATZENKLOS MIT DER KATZE \u00dcBEN<\/h2>\n<p>Die Verwendung des Katzenklos ist f\u00fcr Katzen nicht gleicherma\u00dfen nat\u00fcrlich wie das Verrichten ihrer Notdurft im Freien. Daher bedarf es hier \u2013 wie auch bei vielem anderen \u2013 ein wenig \u00dcbung.<\/p>\n<p>Oftmals brauchst Du Katzenbabys die Benutzung des Katzenklos nicht selbst beibringen. Ein Kitten vom Z\u00fcchter ist dazu im Idealfall bereits in der Lage, doch zu Beginn kann es im neuen Zuhause schwierig sein, den richtigen Platz zu finden. Hebe Dein Katzenjunges hinein und lasse es den Ort selbst erkunden. Ein guter Zeitpunkt daf\u00fcr ist nach dem Fressen, denn in den meisten F\u00e4llen m\u00fcssen Katzen ihre Notdurft direkt danach verrichten.<\/p>\n<p>Uriniert die Katze an die falsche Stelle, hebe sie vorsichtig hoch und bringe sie zum Katzenklo.<\/p>\n<p>Es ist wichtig, Geduld zu haben, wenn Du eine Katze stubenrein bekommen willst. Lobe die Katze nach der Benutzung des Katzenklos. St\u00f6re sie nicht, w\u00e4hrend sie ihre Bed\u00fcrfnisse verrichtet, denn dabei kann sie sich unwohl f\u00fchlen.<\/p>\n<h2>DEN RICHTIGEN ORT F\u00dcR DAS KATZENKLO FINDEN<\/h2>\n<p>Damit Deine Katze die Benutzung des Katzenklos erlernt, solltest Du dieses so platzieren, dass Deine Katze nicht danach suchen muss, gleichzeitig aber auch einen so gesch\u00fctzten Ort w\u00e4hlen, dass sie sich nicht unwohl oder beobachtet f\u00fchlt. Katzen verrichten ihre Notdurft gerne in Ruhe.<\/p>\n<p>Sorge daf\u00fcr, dass sich Katzenklo und Fress- bzw. Wassernapf in zwei verschiedenen R\u00e4umen befinden. Niemand m\u00f6chte im selben Raum zur Toilette gehen, wo gegessen wird, auch Katzen nicht.<\/p>\n<h2>WENN DEINE KATZE DAS KATZENKLO VERWEIGERT<\/h2>\n<p>Sollte Deine Katze ihre Bed\u00fcrfnisse pl\u00f6tzlich an der falschen Stelle verrichten, gibt es vermutlich eine nat\u00fcrliche Erkl\u00e4rung daf\u00fcr, dass Deine Katze sich nicht stubenrein verh\u00e4lt.<\/p>\n<ul>\n<li><strong>Auf Sauberkeit achten!<\/strong>\u00a0\u2013 Eine der wichtigsten Voraussetzungen daf\u00fcr, dass eine Katze das Katzenklo verwenden m\u00f6chte, ist die Sauberkeit. Ein verschmutztes Katzenklo kann daher eine entscheidende Ursache daf\u00fcr sein, dass die Katze dieses ablehnt. Entferne Kot und Urin t\u00e4glich und wechsle regelm\u00e4\u00dfig Katzenstreu oder Katzensand. Beim Wechsel des Katzenstreus sollte die Kiste gr\u00fcndlich mit Sp\u00fcl- oder einem anderen Reinigungsmittel ges\u00e4ubert werden.<\/li>\n<li><strong>Mindestens ein Katzenklo pro Katze, gerne mehr<\/strong>\u00a0\u2013 Denke daran, mindestens ein Katzenklo pro Katze bereitzustellen, gerne auch ein zus\u00e4tzliches. Hast Du eine Katze, kann es von Vorteil sein, zwei Katzenklos aufzustellen.<\/li>\n<li><strong>Ausreichend Katzenstreu<\/strong>\u00a0\u2013 Es sollte ausreichend Katzenstreu im Katzenklo vorhanden sein \u2013 ca. 8\u201310 cm tief, sodass die Katze ordentlich graben kann.<\/li>\n<li><strong>Art des Katzenstreus wechseln<\/strong>\u00a0\u2013 Probiere ein anderes Katzenstreu aus. Faktoren wie Geruch oder Gr\u00f6\u00dfe des Streus bzw. der Sandk\u00f6rner k\u00f6nnen ausschlaggebend sein.<\/li>\n<li><strong>Art des Katzenklos wechseln<\/strong>\u00a0\u2013 Probiere ein g\u00e4nzlich anderes Katzenklo aus. Eine zu kleine Kiste, in der sich Deine Katze nicht ausreichend bewegen kann, f\u00fchrt wom\u00f6glich dazu, dass sie diese grunds\u00e4tzlich ablehnt.<\/li>\n<li><strong>Gro\u00dfe Ver\u00e4nderungen<\/strong>\u00a0\u2013 \u00dcberlege, ob gr\u00f6\u00dfere Ver\u00e4nderungen im Leben oder im Zuhause der Katze passiert sind, welche die Ursache daf\u00fcr sein k\u00f6nnen, dass sie au\u00dferhalb des Katzenklos uriniert.<\/li>\n<\/ul>\n\t\t\t<\/div>\n\t\t<\/div>\n\t<\/div>\n\n\n\n\t<section class=\"block related-articles\">\n\t\t<div class=\"container\">\n\t\t\t<h2>Entdecke weitere Artikel<\/h2>\n\t\t\t<div class=\"row justify-content-center\">\n\t\t\t\t\t\t\t\t\t\t<div class=\"col-sm-6 col-md-6 col-lg-3\">\n\t\t\t\t\t\t\t\t\t\t\t\t\t\t<div class=\"card \">\n\t\t\t\t\t\t\t\t\t\t\t\t\t\t\t\t\t<img decoding=\"async\"  src=\"https:\/\/bozita.com\/de\/wp-content\/uploads\/sites\/8\/2021\/09\/bozita-introducera-katt-till-nytt-hem.jpg\" alt=\"\">\n\t\t\t\t\t\t\t\t\t\t\t\t\t\t\t\t\t<!-- <img decoding=\"async\" src=\"\n\t\t\t\t\t\t\t\t\t\t\t\t\t\t\t\t\t\t\t\t\" alt=\"\n\t\t\t\t\t\t\t\t\t\t\t\t\t\t\t\t\t\t\t\t\t\t\t\t\t\t\t\"> -->\n\t\t\t\t\t\t\t\t<div class=\"card-body\">\n\t\t\t\t\t\t\t\t\t\t\t\t\t\t\t\t\t\t\t<h6>Katze an neues Zuhause gew\u00f6hnen \u2013 Vorbereitungen<\/h6>\n\t\t\t\t\t\t\t\t\t\t\t\t\t\t\t\t\t\t\t<a href=\"https:\/\/bozita.com\/de\/leben-mit-katze\/katze-kaufen\/gewohnung-der-katze-an-ein-neues-zuhause\/\">Weiterlesen &nbsp; ><\/a>\n\t\t\t\t\t\t\t\t<\/div>\n\t\t\t\t\t\t\t<\/div>\n\t\t\t\t\t\t<\/div>\n\n\t\t\t\t\t\t\t\t\t\t\t<div class=\"col-sm-6 col-md-6 col-lg-3\">\n\t\t\t\t\t\t\t\t\t\t\t\t\t\t<div class=\"card \">\n\t\t\t\t\t\t\t\t\t\t\t\t\t\t\t\t\t<img decoding=\"async\"  src=\"https:\/\/bozita.com\/de\/wp-content\/uploads\/sites\/8\/2021\/09\/bozita-lamna-katt-ensam.jpg\" alt=\"\">\n\t\t\t\t\t\t\t\t\t\t\t\t\t\t\t\t\t<!-- <img decoding=\"async\" src=\"\n\t\t\t\t\t\t\t\t\t\t\t\t\t\t\t\t\t\t\t\t\" alt=\"\n\t\t\t\t\t\t\t\t\t\t\t\t\t\t\t\t\t\t\t\t\t\t\t\t\t\t\t\"> -->\n\t\t\t\t\t\t\t\t<div class=\"card-body\">\n\t\t\t\t\t\t\t\t\t\t\t\t\t\t\t\t\t\t\t<h6>Wie lange kann man eine Katze allein lassen?<\/h6>\n\t\t\t\t\t\t\t\t\t\t\t\t\t\t\t\t\t\t\t<a href=\"https:\/\/bozita.com\/de\/leben-mit-katze\/katze-kaufen\/wie-lange-kann-man-eine-katze-allein-lassen\/\">Weiterlesen &nbsp; ><\/a>\n\t\t\t\t\t\t\t\t<\/div>\n\t\t\t\t\t\t\t<\/div>\n\t\t\t\t\t\t<\/div>\n\n\t\t\t\t\t\t\t\t\t\t\t<div class=\"col-sm-6 col-md-6 col-lg-3\">\n\t\t\t\t\t\t\t\t\t\t\t\t\t\t<div class=\"card \">\n\t\t\t\t\t\t\t\t\t\t\t\t\t\t\t\t\t<img decoding=\"async\"  src=\"https:\/\/bozita.com\/de\/wp-content\/uploads\/sites\/8\/2021\/08\/bozita-kattens-kroppssprak.jpg\" alt=\"\">\n\t\t\t\t\t\t\t\t\t\t\t\t\t\t\t\t\t<!-- <img decoding=\"async\" src=\"\n\t\t\t\t\t\t\t\t\t\t\t\t\t\t\t\t\t\t\t\t\" alt=\"\n\t\t\t\t\t\t\t\t\t\t\t\t\t\t\t\t\t\t\t\t\t\t\t\t\t\t\t\"> -->\n\t\t\t\t\t\t\t\t<div class=\"card-body\">\n\t\t\t\t\t\t\t\t\t\t\t\t\t\t\t\t\t\t\t<h6>Katzenverhalten &amp; K\u00f6rpersprache von Katzen<\/h6>\n\t\t\t\t\t\t\t\t\t\t\t\t\t\t\t\t\t\t\t<a href=\"https:\/\/bozita.com\/de\/leben-mit-katze\/die-entwicklung-der-katze-2\/verhalten-und-korpersprache-von-katzen\/\">Weiterlesen &nbsp; ><\/a>\n\t\t\t\t\t\t\t\t<\/div>\n\t\t\t\t\t\t\t<\/div>\n\t\t\t\t\t\t<\/div>\n\n\t\t\t\t\t\t\t\t\t\t\t\t<\/div>\n\t\t<\/div>\n\t<\/section>\n","protected":false},"excerpt":{"rendered":"","protected":false},"author":1,"featured_media":6937,"parent":6982,"menu_order":0,"comment_status":"closed","ping_status":"closed","template":"guternberg.php","meta":{"footnotes":""},"acf":[],"yoast_head":"<!-- This site is optimized with the Yoast SEO plugin v21.3 - https:\/\/yoast.com\/wordpress\/plugins\/seo\/ -->\n<title>Wie bekommt man katzen oder kitten stubenrein? | Bozita DE<\/title>\n<meta name=\"description\" content=\"Es ist wichtig, dass Katzen oder Katzenbabys stubenrein werden. Bozita zeigt Ihnen, wie Sie Ihre Katze dabei am besten unterst\u00fctzen und mit ihr \u00fcben.\" \/>\n<meta name=\"robots\" content=\"index, follow, max-snippet:-1, max-image-preview:large, max-video-preview:-1\" \/>\n<link rel=\"canonical\" href=\"https:\/\/bozita.com\/de\/leben-mit-katze\/katze-kaufen\/wie-bekommt-man-katzen-stubenrein\/\" \/>\n<meta property=\"og:locale\" content=\"de_DE\" \/>\n<meta property=\"og:type\" content=\"article\" \/>\n<meta property=\"og:title\" content=\"Wie bekommt man katzen oder kitten stubenrein? | Bozita DE\" \/>\n<meta property=\"og:description\" content=\"Es ist wichtig, dass Katzen oder Katzenbabys stubenrein werden. Bozita zeigt Ihnen, wie Sie Ihre Katze dabei am besten unterst\u00fctzen und mit ihr \u00fcben.\" \/>\n<meta property=\"og:url\" content=\"https:\/\/bozita.com\/de\/leben-mit-katze\/katze-kaufen\/wie-bekommt-man-katzen-stubenrein\/\" \/>\n<meta property=\"og:site_name\" content=\"Bozita DE\" \/>\n<meta property=\"article:modified_time\" content=\"2022-07-19T08:39:47+00:00\" \/>\n<meta property=\"og:image\" content=\"https:\/\/bozita.com\/de\/wp-content\/uploads\/sites\/8\/2021\/09\/bozita-katt-rumsren-ga-pa-ladan.jpg\" \/>\n\t<meta property=\"og:image:width\" content=\"800\" \/>\n\t<meta property=\"og:image:height\" content=\"533\" \/>\n\t<meta property=\"og:image:type\" content=\"image\/jpeg\" \/>\n<meta name=\"twitter:card\" content=\"summary_large_image\" \/>\n<!-- \/ Yoast SEO plugin. -->","yoast_head_json":{"title":"Wie bekommt man katzen oder kitten stubenrein? | Bozita DE","description":"Es ist wichtig, dass Katzen oder Katzenbabys stubenrein werden. Bozita zeigt Ihnen, wie Sie Ihre Katze dabei am besten unterst\u00fctzen und mit ihr \u00fcben.","robots":{"index":"index","follow":"follow","max-snippet":"max-snippet:-1","max-image-preview":"max-image-preview:large","max-video-preview":"max-video-preview:-1"},"canonical":"https:\/\/bozita.com\/de\/leben-mit-katze\/katze-kaufen\/wie-bekommt-man-katzen-stubenrein\/","og_locale":"de_DE","og_type":"article","og_title":"Wie bekommt man katzen oder kitten stubenrein? | Bozita DE","og_description":"Es ist wichtig, dass Katzen oder Katzenbabys stubenrein werden. Bozita zeigt Ihnen, wie Sie Ihre Katze dabei am besten unterst\u00fctzen und mit ihr \u00fcben.","og_url":"https:\/\/bozita.com\/de\/leben-mit-katze\/katze-kaufen\/wie-bekommt-man-katzen-stubenrein\/","og_site_name":"Bozita DE","article_modified_time":"2022-07-19T08:39:47+00:00","og_image":[{"width":800,"height":533,"url":"https:\/\/bozita.com\/de\/wp-content\/uploads\/sites\/8\/2021\/09\/bozita-katt-rumsren-ga-pa-ladan.jpg","type":"image\/jpeg"}],"twitter_card":"summary_large_image","schema":{"@context":"https:\/\/schema.org","@graph":[{"@type":"WebPage","@id":"https:\/\/bozita.com\/de\/leben-mit-katze\/katze-kaufen\/wie-bekommt-man-katzen-stubenrein\/","url":"https:\/\/bozita.com\/de\/leben-mit-katze\/katze-kaufen\/wie-bekommt-man-katzen-stubenrein\/","name":"Wie bekommt man katzen oder kitten stubenrein? | Bozita DE","isPartOf":{"@id":"https:\/\/bozita.com\/de\/#website"},"datePublished":"2021-09-23T05:38:54+00:00","dateModified":"2022-07-19T08:39:47+00:00","description":"Es ist wichtig, dass Katzen oder Katzenbabys stubenrein werden. Bozita zeigt Ihnen, wie Sie Ihre Katze dabei am besten unterst\u00fctzen und mit ihr \u00fcben.","breadcrumb":{"@id":"https:\/\/bozita.com\/de\/leben-mit-katze\/katze-kaufen\/wie-bekommt-man-katzen-stubenrein\/#breadcrumb"},"inLanguage":"de","potentialAction":[{"@type":"ReadAction","target":["https:\/\/bozita.com\/de\/leben-mit-katze\/katze-kaufen\/wie-bekommt-man-katzen-stubenrein\/"]}]},{"@type":"BreadcrumbList","@id":"https:\/\/bozita.com\/de\/leben-mit-katze\/katze-kaufen\/wie-bekommt-man-katzen-stubenrein\/#breadcrumb","itemListElement":[{"@type":"ListItem","position":1,"name":"Startseite","item":"https:\/\/bozita.com\/de\/"},{"@type":"ListItem","position":2,"name":"Leben mit Katze","item":"https:\/\/bozita.com\/de\/leben-mit-katze\/"},{"@type":"ListItem","position":3,"name":"Katze kaufen oder anschaffen &#8211; Das ist zu beachten","item":"https:\/\/bozita.com\/de\/leben-mit-katze\/katze-kaufen\/"},{"@type":"ListItem","position":4,"name":"Wie bekommt man katzen oder kitten stubenrein?"}]},{"@type":"WebSite","@id":"https:\/\/bozita.com\/de\/#website","url":"https:\/\/bozita.com\/de\/","name":"Bozita DE","description":"","potentialAction":[{"@type":"SearchAction","target":{"@type":"EntryPoint","urlTemplate":"https:\/\/bozita.com\/de\/?s={search_term_string}"},"query-input":"required name=search_term_string"}],"inLanguage":"de"}]}},"_links":{"self":[{"href":"https:\/\/bozita.com\/de\/wp-json\/wp\/v2\/pages\/6936"}],"collection":[{"href":"https:\/\/bozita.com\/de\/wp-json\/wp\/v2\/pages"}],"about":[{"href":"https:\/\/bozita.com\/de\/wp-json\/wp\/v2\/types\/page"}],"author":[{"embeddable":true,"href":"https:\/\/bozita.com\/de\/wp-json\/wp\/v2\/users\/1"}],"replies":[{"embeddable":true,"href":"https:\/\/bozita.com\/de\/wp-json\/wp\/v2\/comments?post=6936"}],"version-history":[{"count":7,"href":"https:\/\/bozita.com\/de\/wp-json\/wp\/v2\/pages\/6936\/revisions"}],"predecessor-version":[{"id":17232,"href":"https:\/\/bozita.com\/de\/wp-json\/wp\/v2\/pages\/6936\/revisions\/17232"}],"up":[{"embeddable":true,"href":"https:\/\/bozita.com\/de\/wp-json\/wp\/v2\/pages\/6982"}],"wp:featuredmedia":[{"embeddable":true,"href":"https:\/\/bozita.com\/de\/wp-json\/wp\/v2\/media\/6937"}],"wp:attachment":[{"href":"https:\/\/bozita.com\/de\/wp-json\/wp\/v2\/media?parent=6936"}],"curies":[{"name":"wp","href":"https:\/\/api.w.org\/{rel}","templated":true}]}}