{"id":6938,"date":"2021-09-23T05:37:44","date_gmt":"2021-09-23T05:37:44","guid":{"rendered":"https:\/\/bozita.com\/de\/gewohnung-der-katze-an-ein-neues-zuhause\/"},"modified":"2024-08-12T12:48:29","modified_gmt":"2024-08-12T12:48:29","slug":"gewohnung-der-katze-an-ein-neues-zuhause","status":"publish","type":"page","link":"https:\/\/bozita.com\/de\/leben-mit-katze\/katze-kaufen\/gewohnung-der-katze-an-ein-neues-zuhause\/","title":{"rendered":"Katze an neues Zuhause gew\u00f6hnen \u2013 Vorbereitungen"},"content":{"rendered":"\t\t<section class=\"small-hero\">\n\t\t\t<div class=\"container\">\n\t\t\t\t<h1 class=\"small-hero-title\">Gew\u00f6hnung der Katze an ein neues Zuhause<\/h1>\t\t\t<\/div>\n\t\t\t<\/div>\n\t\t<\/section>\n\t\n\n\t<div class=\"text-box-warp\">\n\t\t<div class=\"container\">\n\t\t\t<div class=\"text-content\">\n\t\t\t\t<p>Bevor deine neue Katze oder Dein Katzenjunges bei dir einzieht, gibt es vieles zu bedenken und vorzubereiten. Als Katzenbesitzer bist du laut deutschem Tierschutzgesetz* daf\u00fcr verantwortlich, das nat\u00fcrliche Verhalten und die Bed\u00fcrfnisse einer Katze zu kennen. Damit es etwas leichter wird, das Tier an sein neues Zuhause zu gew\u00f6hnen, haben wir zwei Checklisten erstellt \u2013 eine zu praktischen Vorbereitungen, sowie eine mit Tipps, wie du mit der Katze umgehen kannst, damit sie sich schnell heimisch f\u00fchlt.<\/p>\n\t\t\t<\/div>\n\t\t<\/div>\n\t<\/div>\n\n\n\t<section class=\"media-object-wrap\">\n\t\t<div class=\"container\">\n\t\t\t<div class=\"media-object\">\n\t\t\t\t<div class=\"row row-eq-height align-items-stretch\">\n\t\t\t\t\t<div class=\"col-md-5\">\n\t\t\t\t\t\t\t\t\t\t\t\t\t<img decoding=\"async\" src=\"https:\/\/bozita.com\/de\/wp-content\/uploads\/sites\/8\/2024\/08\/shutterstock_2177623853-scaled.jpg\" alt=\"\">\n\t\t\t\t\t\t\t\t\t\t\t\t<\/div>\n\t\t\t\t\t<div class=\"col-md-7 d-flex align-items-center\">\n\t\t\t\t\t\t<div class=\"media-content\">\n\t\t\t\t\t\t<p>Die Eingew\u00f6hnung einer Katze in ein neues Zuhause ist eine gro\u00dfe Umstellung. Das Wichtigste dabei ist, dass du als Katzenbesitzer eine Umgebung schaffst, in der sich der Vierbeiner zurechtfindet und schnell wohl und sicher f\u00fchlt.<\/p>\n<p>Versuche, die Ver\u00e4nderungen beim eigentlichen Umzug so gering wie m\u00f6glich zu halten. Um die Aufregung bei der Eingew\u00f6hnung im neuen Zuhause zu minimieren, kannst du als Katzenbesitzer so viel wie m\u00f6glich \u00fcber die fr\u00fchere Umgebung und Gewohnheiten der Katze in Erfahrung bringen, um diese anfangs zu imitieren. Finde heraus, woran die Katze von fr\u00fcher gew\u00f6hnt ist und was sie in ihrem bisherigen Leben bereits kennengelernt hat. Hatte die Katze Kontakt zu Kindern? Hatte sie bislang Zugang nach drau\u00dfen oder lebte sie nur in Innenr\u00e4umen? Dies kann ein Verst\u00e4ndnis daf\u00fcr schaffen, wie die Katze reagieren wird.<\/p>\n\t\t\t\t\t\t<\/div>\n\t\t\t\t\t<\/div>\n\t\t\t\t<\/div>\n\t\t\t<\/div>\n\t\t<\/div>\n\t<\/section>\n   \n\n\n\t<div class=\"text-box-warp\">\n\t\t<div class=\"container\">\n\t\t\t<div class=\"text-content\">\n\t\t\t\t<h2>KATZE AN IHR NEUES ZUHAUSE GEW\u00d6HNEN \u2013 CHECKLISTE<\/h2>\n<ol>\n<li><strong>Sind alle ben\u00f6tigten Utensilien f\u00fcr die Katze vorhanden?<\/strong><br \/>\nNeue Objekte in Haus oder Wohnung k\u00f6nnen bei einer Katze Stress verursachen, vor allem in einer fremden und ungewohnten Umgebung. Daher sollte von Anfang an so viel wie m\u00f6glich bereits an Ort und Stelle sein, bevor du deine Katze in ihrem neuen Zuhause eingew\u00f6hnst. Sorge daf\u00fcr, dass Katzenklo, Fress- und Wassernapf sowie alles weitere vorhanden sind. Zudem ist es sinnvoll, das bekannte Futter weiter zu f\u00fcttern, das gleiche Katzenstreu f\u00fcr das Katzenklo zu verwenden und Gewohnheiten rund um Pflege und Interaktion beizubehalten, an die das Tier bereits gew\u00f6hnt ist. <a href=\"https:\/\/bozita.com\/de\/katzenfutter\/ernahrung-and-diat\/wie-wechselt-man-das-katzenfutter\/\">Futter f\u00fcr Katzenbabys wechseln \u2013 daran solltest du denken<\/a><\/li>\n<li><strong>Gibt es Dinge aus dem alten Zuhause, die Sicherheit schaffen k\u00f6nnen?<\/strong><br \/>\nDu kannst eine gesch\u00fctzte Umgebung f\u00fcr die Katze schaffen, indem du ihren Geruch in Haus oder Wohnung verteilst. Nimm zum Beispiel eine Decke, ein Kissen oder Spielzeug aus dem alten Zuhause mit und reibe damit strategisch sinnvolle Pl\u00e4tze in deinem Zuhause ein \u2013 Orte, die Katzen zur Duftmarkierung verwenden k\u00f6nnten, wie beispielsweise M\u00f6bel, T\u00fcrrahmen und Katzenklappen. Du kannst auch Utensilien benutzen, die der Katze aus ihrem fr\u00fcheren Zuhause bekannt sind, z. B. ein \u00e4hnliches Katzenklo, den gleichen Fress- und Wassernapf sowie einen entsprechenden R\u00fcckzugsort zum Verstecken. Ist es nicht m\u00f6glich, Gegenst\u00e4nde aus dem alten Zuhause mitzunehmen, kann der Geruch auch auf oder mit neuen Dingen bzw. Objekten gesammelt werden. Es ist wichtig f\u00fcr eine Katze, dass sie weit nach oben gelangt und sich vorzugsweise auch oberhalb des Fu\u00dfbodens bewegen kann. Anfangs ist es mitunter sinnvoll, zerbrechliche Gegenst\u00e4nde von Fensterbrettern oder aus B\u00fccherregalen zu entfernen. Dies ist insbesondere bei Kitten und j\u00fcngeren Katzen notwendig, da diese f\u00fcr Aktivit\u00e4ten und Spiel oft auch den Raum dreidimensional nutzen.<\/li>\n<li><strong>Ist dein Zuhause soweit sicher, sodass Unf\u00e4lle und Sch\u00e4den vermieden bzw. minimiert werden k\u00f6nnen?<\/strong><br \/>\nGiftige Pflanzen sowie zerbrechliche Gegenst\u00e4nde zu entfernen ist eine M\u00f6glichkeit, Risiken vorherzusehen und bereits im Vorfeld zu beseitigen. Dies sollte geschehen, noch bevor du deine Katze in ihrem neuen Zuhause eingew\u00f6hnst. Dar\u00fcber hinaus ist es sinnvoll zu \u00fcberlegen, ob es Orte gibt, die deine Katze aus Neugier erforschen oder sich dort aus Angst verstecken und dann festsitzen k\u00f6nnte, wie zum Beispiel hinter einer Gefriertruhe oder Waschmaschine.<\/li>\n<\/ol>\n<h2>WIE GEHST DU IN DER ERSTEN ZEIT AM BESTEN MIT DEINER KATZE UM?<\/h2>\n<p style=\"padding-left: 40px\"><strong>1.Vorbereitungen zur Eingew\u00f6hnung der Katze in das neue Zuhause und die neue Familie<\/strong><br \/>\nBei der eigentlichen Eingew\u00f6hnung ist es sinnvoll, mit dieser in einem begrenzten Teil des Hauses oder der Wohnung zu beginnen, zum Beispiel in einem festgelegten Raum. W\u00e4hle ein Zimmer, das sich auch in Zukunft gut als sichere Basis und Ausgangspunkt f\u00fcr die Katze eignet, wenn sie einmal bereit ist, die restlichen Wohnbereiche zu erkunden und kennenzulernen. Im entsprechenden Raum sollte alles vorhanden sein, was die Katze ben\u00f6tigt \u2013 Katzenklo, Ort zum Verstecken, weiche Liegepl\u00e4tze, Futter und Wasser, Spielsachen sowie die M\u00f6glichkeit zur Interaktion mit Menschen. Gew\u00f6hne die Katze f\u00fcr einige Tage oder bis sie entspannt zu sein scheint an diesen Ort. Familienmitglieder k\u00f6nnen das Tier unter ruhigen Bedingungen in \u201cihrem\u201d Raum kennenlernen. Denke dabei daran, die Katze entscheiden zu lassen, wie viel Kontakt ihr vorerst guttut.<\/p>\n<p>Hat sie sich an das Zimmer gew\u00f6hnt und den Rest der Familie kennengelernt, kannst du die Katze im gesamten Zuhause eingew\u00f6hnen. Nach und nach k\u00f6nnen auch Katzenklo sowie Futter- und Wassernapf an ihre vorgesehenen Pl\u00e4tze gebracht werden.<\/p>\n<p style=\"padding-left: 40px\"><strong>2. Erm\u00f6gliche Ruhepausen und biete Besch\u00e4ftigungs- sowie Spieloptionen an<\/strong><br \/>\nGew\u00f6hnt man eine Katze an ein neues Zuhause, sollte man f\u00fcr M\u00f6glichkeiten zum Ausruhen, Besch\u00e4ftigen und Spielen sorgen. Zudem sollte sich die Katze zur\u00fcckziehen und ungest\u00f6rt ausruhen k\u00f6nnen, wann immer sie das m\u00f6chte. <a href=\"https:\/\/bozita.com\/de\/leben-mit-katze\/beschaftige-deine-katze\/beschaftige-deine-katze\/\">Lies hier mehr dazu, wie du deine Katze besch\u00e4ftigen kannst.<\/a><\/p>\n<p>Spiele immer so, dass dein K\u00f6rper nicht unmittelbar involviert ist, z. B. indem du ein Spielzeug von dir wegwirfst. Spiele niemals direkt mit H\u00e4nden oder F\u00fc\u00dfen, denn dadurch kann die Katze ein problematisches Verhalten gegen\u00fcber Menschen entwickeln und sich im ausgewachsenen Alter eventuell aggressiv zeigen.<\/p>\n<p style=\"padding-left: 40px\"><strong>3. Der Katze Gehorsam beibringen und f\u00fcr Sicherheit sorgen<br \/>\n<\/strong>Es kann von Vorteil sein, das Herbeirufen der Katze bereits w\u00e4hrend der Eingew\u00f6hnung an ihr neues Zuhause zu \u00fcben. So lernt Deine Katze, auf ihren Namen zu h\u00f6ren und kommt, wenn du nach ihr rufst. Das l\u00e4sst sich spielerisch trainieren, indem du den Namen der Katze sagst und direkt darauf ein Leckerli gibst. Wiederhole dies, bis du eine Reaktion auf dein Kommando erh\u00e4ltst \u2013 sobald die Katze auf ihren Namen reagiert und nach ihrer Belohnung sucht. Vergr\u00f6\u00dfere schrittweise den Abstand zu ihr und denke daran, nur die Verhaltensweisen zu belohnen, die w\u00fcnschenswert sind.<\/p>\n<p>Bei der Eingew\u00f6hnung einer Katze in ihr neues Zuhause wird sie eine gewisse Art Stress und Angst erleben, egal, wie gut alles vorbereitet ist. Dies kann dazu f\u00fchren, dass sie sich zu einem gro\u00dfen Teil der Zeit versteckt, was vollkommen in Ordnung ist, denn das ist eine Strategie von Katzen, Kontrolle \u00fcber bestimmte Situationen zu gewinnen.<\/p>\n<p>*Mehr Informationen zu Deiner Verantwortung als Tierhalter in Deutschland findest Du\u00a0<a href=\"https:\/\/www.gesetze-im-internet.de\/tierschg\/BJNR012770972.html#BJNR012770972BJNG000103377\">hier<\/a>.<\/p>\n\t\t\t<\/div>\n\t\t<\/div>\n\t<\/div>\n\n\n\t<section class=\"block section-promos\">\n\t\t<div class=\"container\">\n\t\t\t<div class=\"row\">\n\t\t\t\t\t\t\t\t\t\t<div class=\"col-md-6\">\n\t\t\t\t\t\t\t<div class=\"card\">\n\t\t\t\t\t\t\t\t\t\t\t\t\t\t\t\t\t<img decoding=\"async\" class=\"card-img-top\" src=\"https:\/\/bozita.com\/de\/wp-content\/uploads\/sites\/8\/2024\/08\/Katze-Nassfutter-scaled.jpg\" alt=\"\">\n\t\t\t\t\t\t\t\t\t\t\t\t\t\t\t\t<div class=\"card-body\">\n\t\t\t\t\t\t\t\t\t<h5 class=\"card-title\">Bozita Nassfutter Katze<\/h5>\n\t\t\t\t\t\t\t\t\t<p class=\"card-text\"><\/p>\n\t\t\t\t\t\t\t\t\t\t\t\t\t\t\t\t\t\t\t<a target=\"_blank\" href=\"https:\/\/www.bozita-shop.de\/Katzen\/Katzenfutter-nass:::163_171.html\" class=\"btn btn-white\">ONLINE KAUFEN<\/a>\n\t\t\t\t\t\t\t\t\t\t\t\t\t\t\t\t\t\t<\/div>\n\t\t\t\t\t\t\t<\/div>\n\t\t\t\t\t\t<\/div>\n\t\t\t\t\t\t\t\t\t\t\t\t<div class=\"col-md-6\">\n\t\t\t\t\t\t\t<div class=\"card\">\n\t\t\t\t\t\t\t\t\t\t\t\t\t\t\t\t\t<img decoding=\"async\" class=\"card-img-top\" src=\"https:\/\/bozita.com\/de\/wp-content\/uploads\/sites\/8\/2024\/08\/Katze-Trockenfutter-scaled.jpg\" alt=\"\">\n\t\t\t\t\t\t\t\t\t\t\t\t\t\t\t\t<div class=\"card-body\">\n\t\t\t\t\t\t\t\t\t<h5 class=\"card-title\">Bozita Trockenfutter Katze<\/h5>\n\t\t\t\t\t\t\t\t\t<p class=\"card-text\"><\/p>\n\t\t\t\t\t\t\t\t\t\t\t\t\t\t\t\t\t\t\t<a target=\"_blank\" href=\"https:\/\/www.bozita-shop.de\/Katzen\/Katzenfutter-trocken:::163_175.html\" class=\"btn btn-white\">ONLINE KAUFEN<\/a>\n\t\t\t\t\t\t\t\t\t\t\t\t\t\t\t\t\t\t<\/div>\n\t\t\t\t\t\t\t<\/div>\n\t\t\t\t\t\t<\/div>\n\t\t\t\t\t\t\t\t\t<\/div>\n\t\t<\/div>\n\t<\/section>\n\n\n\n\t<section class=\"block related-articles\">\n\t\t<div class=\"container\">\n\t\t\t<h2>Entdecke weitere Artikel<\/h2>\n\t\t\t<div class=\"row justify-content-center\">\n\t\t\t\t\t\t\t\t\t\t<div class=\"col-sm-6 col-md-6 col-lg-3\">\n\t\t\t\t\t\t\t\t\t\t\t\t\t\t<div class=\"card \">\n\t\t\t\t\t\t\t\t\t\t\t\t\t\t\t\t\t<img decoding=\"async\"  src=\"https:\/\/bozita.com\/de\/wp-content\/uploads\/sites\/8\/2021\/09\/bozita-katt-rumsren-ga-pa-ladan.jpg\" alt=\"\">\n\t\t\t\t\t\t\t\t\t\t\t\t\t\t\t\t\t<!-- <img decoding=\"async\" src=\"\n\t\t\t\t\t\t\t\t\t\t\t\t\t\t\t\t\t\t\t\t\" alt=\"\n\t\t\t\t\t\t\t\t\t\t\t\t\t\t\t\t\t\t\t\t\t\t\t\t\t\t\t\"> -->\n\t\t\t\t\t\t\t\t<div class=\"card-body\">\n\t\t\t\t\t\t\t\t\t\t\t\t\t\t\t\t\t\t\t<h6>Wie bekommt man katzen oder kitten stubenrein?<\/h6>\n\t\t\t\t\t\t\t\t\t\t\t\t\t\t\t\t\t\t\t<a href=\"https:\/\/bozita.com\/de\/leben-mit-katze\/katze-kaufen\/wie-bekommt-man-katzen-stubenrein\/\">Weiterlesen &nbsp; ><\/a>\n\t\t\t\t\t\t\t\t<\/div>\n\t\t\t\t\t\t\t<\/div>\n\t\t\t\t\t\t<\/div>\n\n\t\t\t\t\t\t\t\t\t\t\t<div class=\"col-sm-6 col-md-6 col-lg-3\">\n\t\t\t\t\t\t\t\t\t\t\t\t\t\t<div class=\"card \">\n\t\t\t\t\t\t\t\t\t\t\t\t\t\t\t\t\t<img decoding=\"async\"  src=\"https:\/\/bozita.com\/de\/wp-content\/uploads\/sites\/8\/2021\/09\/bozita-lamna-katt-ensam.jpg\" alt=\"\">\n\t\t\t\t\t\t\t\t\t\t\t\t\t\t\t\t\t<!-- <img decoding=\"async\" src=\"\n\t\t\t\t\t\t\t\t\t\t\t\t\t\t\t\t\t\t\t\t\" alt=\"\n\t\t\t\t\t\t\t\t\t\t\t\t\t\t\t\t\t\t\t\t\t\t\t\t\t\t\t\"> -->\n\t\t\t\t\t\t\t\t<div class=\"card-body\">\n\t\t\t\t\t\t\t\t\t\t\t\t\t\t\t\t\t\t\t<h6>Wie lange kann man eine Katze allein lassen?<\/h6>\n\t\t\t\t\t\t\t\t\t\t\t\t\t\t\t\t\t\t\t<a href=\"https:\/\/bozita.com\/de\/leben-mit-katze\/katze-kaufen\/wie-lange-kann-man-eine-katze-allein-lassen\/\">Weiterlesen &nbsp; ><\/a>\n\t\t\t\t\t\t\t\t<\/div>\n\t\t\t\t\t\t\t<\/div>\n\t\t\t\t\t\t<\/div>\n\n\t\t\t\t\t\t\t\t\t\t\t<div class=\"col-sm-6 col-md-6 col-lg-3\">\n\t\t\t\t\t\t\t\t\t\t\t\t\t\t<div class=\"card \">\n\t\t\t\t\t\t\t\t\t\t\t\t\t\t\t\t\t<img decoding=\"async\"  src=\"https:\/\/bozita.com\/de\/wp-content\/uploads\/sites\/8\/2021\/09\/bozita_swedish-natural-quality.jpg\" alt=\"\">\n\t\t\t\t\t\t\t\t\t\t\t\t\t\t\t\t\t<!-- <img decoding=\"async\" src=\"\n\t\t\t\t\t\t\t\t\t\t\t\t\t\t\t\t\t\t\t\t\" alt=\"\n\t\t\t\t\t\t\t\t\t\t\t\t\t\t\t\t\t\t\t\t\t\t\t\t\t\t\t\"> -->\n\t\t\t\t\t\t\t\t<div class=\"card-body\">\n\t\t\t\t\t\t\t\t\t\t\t\t\t\t\t\t\t\t\t<h6>So werden Katzenbaby und Katze Freig\u00e4nger<\/h6>\n\t\t\t\t\t\t\t\t\t\t\t\t\t\t\t\t\t\t\t<a href=\"https:\/\/bozita.com\/de\/leben-mit-katze\/katze-kaufen\/wie-werden-katzenbaby-und-katze-freiganger\/\">Weiterlesen &nbsp; ><\/a>\n\t\t\t\t\t\t\t\t<\/div>\n\t\t\t\t\t\t\t<\/div>\n\t\t\t\t\t\t<\/div>\n\n\t\t\t\t\t\t\t\t\t\t\t\t<\/div>\n\t\t<\/div>\n\t<\/section>\n","protected":false},"excerpt":{"rendered":"","protected":false},"author":1,"featured_media":6939,"parent":6982,"menu_order":0,"comment_status":"closed","ping_status":"closed","template":"guternberg.php","meta":{"footnotes":""},"acf":[],"yoast_head":"<!-- This site is optimized with the Yoast SEO plugin v21.3 - https:\/\/yoast.com\/wordpress\/plugins\/seo\/ -->\n<title>Katze an neues Zuhause gew\u00f6hnen \u2013 Vorbereitungen | Bozita DE<\/title>\n<meta name=\"description\" content=\"Bereiten Sie sich darauf vor, Ihre Katze an ihr neues Zuhause zu gew\u00f6hnen. Das reduziert Stress und die Katze wird sich wohlf\u00fchlen. Checkliste ansehen.\" \/>\n<meta name=\"robots\" content=\"index, follow, max-snippet:-1, max-image-preview:large, max-video-preview:-1\" \/>\n<link rel=\"canonical\" href=\"https:\/\/bozita.com\/de\/leben-mit-katze\/katze-kaufen\/gewohnung-der-katze-an-ein-neues-zuhause\/\" \/>\n<meta property=\"og:locale\" content=\"de_DE\" \/>\n<meta property=\"og:type\" content=\"article\" \/>\n<meta property=\"og:title\" content=\"Katze an neues Zuhause gew\u00f6hnen \u2013 Vorbereitungen | Bozita DE\" \/>\n<meta property=\"og:description\" content=\"Bereiten Sie sich darauf vor, Ihre Katze an ihr neues Zuhause zu gew\u00f6hnen. Das reduziert Stress und die Katze wird sich wohlf\u00fchlen. Checkliste ansehen.\" \/>\n<meta property=\"og:url\" content=\"https:\/\/bozita.com\/de\/leben-mit-katze\/katze-kaufen\/gewohnung-der-katze-an-ein-neues-zuhause\/\" \/>\n<meta property=\"og:site_name\" content=\"Bozita DE\" \/>\n<meta property=\"article:modified_time\" content=\"2024-08-12T12:48:29+00:00\" \/>\n<meta property=\"og:image\" content=\"https:\/\/bozita.com\/de\/wp-content\/uploads\/sites\/8\/2021\/09\/bozita-introducera-katt-till-nytt-hem.jpg\" \/>\n\t<meta property=\"og:image:width\" content=\"800\" \/>\n\t<meta property=\"og:image:height\" content=\"533\" \/>\n\t<meta property=\"og:image:type\" content=\"image\/jpeg\" \/>\n<meta name=\"twitter:card\" content=\"summary_large_image\" \/>\n<!-- \/ Yoast SEO plugin. -->","yoast_head_json":{"title":"Katze an neues Zuhause gew\u00f6hnen \u2013 Vorbereitungen | Bozita DE","description":"Bereiten Sie sich darauf vor, Ihre Katze an ihr neues Zuhause zu gew\u00f6hnen. Das reduziert Stress und die Katze wird sich wohlf\u00fchlen. Checkliste ansehen.","robots":{"index":"index","follow":"follow","max-snippet":"max-snippet:-1","max-image-preview":"max-image-preview:large","max-video-preview":"max-video-preview:-1"},"canonical":"https:\/\/bozita.com\/de\/leben-mit-katze\/katze-kaufen\/gewohnung-der-katze-an-ein-neues-zuhause\/","og_locale":"de_DE","og_type":"article","og_title":"Katze an neues Zuhause gew\u00f6hnen \u2013 Vorbereitungen | Bozita DE","og_description":"Bereiten Sie sich darauf vor, Ihre Katze an ihr neues Zuhause zu gew\u00f6hnen. Das reduziert Stress und die Katze wird sich wohlf\u00fchlen. Checkliste ansehen.","og_url":"https:\/\/bozita.com\/de\/leben-mit-katze\/katze-kaufen\/gewohnung-der-katze-an-ein-neues-zuhause\/","og_site_name":"Bozita DE","article_modified_time":"2024-08-12T12:48:29+00:00","og_image":[{"width":800,"height":533,"url":"https:\/\/bozita.com\/de\/wp-content\/uploads\/sites\/8\/2021\/09\/bozita-introducera-katt-till-nytt-hem.jpg","type":"image\/jpeg"}],"twitter_card":"summary_large_image","schema":{"@context":"https:\/\/schema.org","@graph":[{"@type":"WebPage","@id":"https:\/\/bozita.com\/de\/leben-mit-katze\/katze-kaufen\/gewohnung-der-katze-an-ein-neues-zuhause\/","url":"https:\/\/bozita.com\/de\/leben-mit-katze\/katze-kaufen\/gewohnung-der-katze-an-ein-neues-zuhause\/","name":"Katze an neues Zuhause gew\u00f6hnen \u2013 Vorbereitungen | Bozita DE","isPartOf":{"@id":"https:\/\/bozita.com\/de\/#website"},"datePublished":"2021-09-23T05:37:44+00:00","dateModified":"2024-08-12T12:48:29+00:00","description":"Bereiten Sie sich darauf vor, Ihre Katze an ihr neues Zuhause zu gew\u00f6hnen. Das reduziert Stress und die Katze wird sich wohlf\u00fchlen. Checkliste ansehen.","breadcrumb":{"@id":"https:\/\/bozita.com\/de\/leben-mit-katze\/katze-kaufen\/gewohnung-der-katze-an-ein-neues-zuhause\/#breadcrumb"},"inLanguage":"de","potentialAction":[{"@type":"ReadAction","target":["https:\/\/bozita.com\/de\/leben-mit-katze\/katze-kaufen\/gewohnung-der-katze-an-ein-neues-zuhause\/"]}]},{"@type":"BreadcrumbList","@id":"https:\/\/bozita.com\/de\/leben-mit-katze\/katze-kaufen\/gewohnung-der-katze-an-ein-neues-zuhause\/#breadcrumb","itemListElement":[{"@type":"ListItem","position":1,"name":"Startseite","item":"https:\/\/bozita.com\/de\/"},{"@type":"ListItem","position":2,"name":"Leben mit Katze","item":"https:\/\/bozita.com\/de\/leben-mit-katze\/"},{"@type":"ListItem","position":3,"name":"Katze kaufen oder anschaffen &#8211; Das ist zu beachten","item":"https:\/\/bozita.com\/de\/leben-mit-katze\/katze-kaufen\/"},{"@type":"ListItem","position":4,"name":"Katze an neues Zuhause gew\u00f6hnen \u2013 Vorbereitungen"}]},{"@type":"WebSite","@id":"https:\/\/bozita.com\/de\/#website","url":"https:\/\/bozita.com\/de\/","name":"Bozita DE","description":"","potentialAction":[{"@type":"SearchAction","target":{"@type":"EntryPoint","urlTemplate":"https:\/\/bozita.com\/de\/?s={search_term_string}"},"query-input":"required name=search_term_string"}],"inLanguage":"de"}]}},"_links":{"self":[{"href":"https:\/\/bozita.com\/de\/wp-json\/wp\/v2\/pages\/6938"}],"collection":[{"href":"https:\/\/bozita.com\/de\/wp-json\/wp\/v2\/pages"}],"about":[{"href":"https:\/\/bozita.com\/de\/wp-json\/wp\/v2\/types\/page"}],"author":[{"embeddable":true,"href":"https:\/\/bozita.com\/de\/wp-json\/wp\/v2\/users\/1"}],"replies":[{"embeddable":true,"href":"https:\/\/bozita.com\/de\/wp-json\/wp\/v2\/comments?post=6938"}],"version-history":[{"count":17,"href":"https:\/\/bozita.com\/de\/wp-json\/wp\/v2\/pages\/6938\/revisions"}],"predecessor-version":[{"id":28817,"href":"https:\/\/bozita.com\/de\/wp-json\/wp\/v2\/pages\/6938\/revisions\/28817"}],"up":[{"embeddable":true,"href":"https:\/\/bozita.com\/de\/wp-json\/wp\/v2\/pages\/6982"}],"wp:featuredmedia":[{"embeddable":true,"href":"https:\/\/bozita.com\/de\/wp-json\/wp\/v2\/media\/6939"}],"wp:attachment":[{"href":"https:\/\/bozita.com\/de\/wp-json\/wp\/v2\/media?parent=6938"}],"curies":[{"name":"wp","href":"https:\/\/api.w.org\/{rel}","templated":true}]}}