{"id":6942,"date":"2021-09-23T05:18:17","date_gmt":"2021-09-23T05:18:17","guid":{"rendered":"https:\/\/bozita.com\/de\/wurmkur-bei-welpen-und-ausgewachsenen-hunden\/"},"modified":"2022-07-18T12:01:24","modified_gmt":"2022-07-18T12:01:24","slug":"wurmkur-bei-welpen-und-ausgewachsenen-hunden","status":"publish","type":"page","link":"https:\/\/bozita.com\/de\/leben-mit-hund\/die-gesundheit-des-hundes\/wurmkur-bei-welpen-und-ausgewachsenen-hunden\/","title":{"rendered":"Wurmkur bei Welpen und ausgewachsenen Hunden"},"content":{"rendered":"\t\t<section class=\"small-hero\">\n\t\t\t<div class=\"container\">\n\t\t\t\t<h1 class=\"small-hero-title\">Wurmkur bei Welpen und ausgewachsenen Hunden<\/h1>\t\t\t<\/div>\n\t\t\t<\/div>\n\t\t<\/section>\n\t\n\n\t<div class=\"text-box-warp\">\n\t\t<div class=\"container\">\n\t\t\t<div class=\"text-content\">\n\t\t\t\t<p>Ob und wann Du Deinen Hund entwurmen solltest, h\u00e4ngt von seinem Alter, dem Wohnort sowie eventuell bestehenden Symptomen f\u00fcr einen m\u00f6glichen Wurmbefall ab. S\u00e4ugende H\u00fcndinnen und Welpen sollten in der ersten Zeit regelm\u00e4\u00dfig entwurmt werden. Ausgewachsene Hunde unterzieht man mittlerweile nicht mehr grunds\u00e4tzlich, quasi &#8222;zur Sicherheit&#8220; einer Wurmkur, um Resistenzentwicklung und damit der Unwirksamkeit des Pr\u00e4parates entgegenzuwirken. Bei Verdacht auf Wurmbefall wird zun\u00e4chst eine Probe entnommen, um sicherzustellen, dass man gegen die Art Wurm behandelt, von der der Hund eventuell befallen ist. Planst Du eine Auslandsreise mit Deinem Hund, musst Du im Vorhinein \u00fcberpr\u00fcfen, welche Regeln f\u00fcr die Einreise in das Zielland sowie die Wiedereinreise nach Deutschland gelten.<\/p>\n<h2>WURMKUR BEI S\u00c4UGENDEN H\u00dcNDINNEN UND WELPEN<\/h2>\n<p>Fadenw\u00fcrmer sieht man bei den meisten Welpen, da sie bereits in der Geb\u00e4rmutter oder \u00fcber die Muttermilch von der H\u00fcndin angesteckt werden. H\u00fcndin und Welpen sollten daher regelm\u00e4\u00dfig entwurmt werden. Informiere Dich beim Tierarzt, welches Pr\u00e4parat am besten f\u00fcr s\u00e4ugende H\u00fcndinnen und Welpen geeignet ist und folge der Anleitung zur richtigen Anwendung der Wurmkur.<\/p>\n<p>Hast Du erst k\u00fcrzlich einen Welpen zu Dir nach Hause geholt, sollte der Z\u00fcchter dar\u00fcber Auskunft geben k\u00f6nnen, ob der Welpe alle Dosen erhalten hat oder Du die letzte Dosis selbst verabreichst, welches Pr\u00e4parat Du verwenden solltest und wie Dein Welpe die Wurmkur verabreicht bekommt.<\/p>\n<h2>WURMKUR BEI EINEM AUSGEWACHSENEN HUND<\/h2>\n<p>Routinem\u00e4\u00dfige Wurmkuren von ausgewachsenen Hunden waren fr\u00fcher \u00fcblich. Mittlerweile hat sich diese Empfehlung ge\u00e4ndert und es wird nur noch in bestimmten F\u00e4llen zu einer Wurmkur geraten, wenn durch die Laboranalyse einer Kotprobe Wurmbefall beim Hund festgestellt wird. Andernfalls besteht die Gefahr einer Resistenzentwicklung. Dies bedeutet, dass ein Organismus, in diesem Fall der Wurm, die F\u00e4higkeit entwickelt, das Pr\u00e4parat zur Bek\u00e4mpfung zu \u00fcberleben.<\/p>\n<p>Bei Verdacht auf Wurmbefall gibt es geeignete Testkits in der Apotheke zu kaufen. Die Kotprobe wird zur Analyse ins Labor geschickt und zeigt, ob und von welcher Art Wurm Dein Hund befallen ist. Um das Risiko einer Resistenz bei Parasiten zu verringern, solltest Du nur gegen die Art Wurm entwurmen, von der Dein Hund nachweislich betroffen ist.<\/p>\n<h2>WURMKUREN F\u00dcR HUNDE<\/h2>\n<p>Welches Pr\u00e4parat Du f\u00fcr die Entwurmung Deines Hundes w\u00e4hlen solltest, h\u00e4ngt von der Art Wurm ab, die sie behandeln m\u00fcssen. Erkundige Dich bei Deinem Tierarzt, welches Mittel sich f\u00fcr Deinen Hund am besten eignet. Wiege Deinen Hund vor dem Kauf, sodass Du die richtige Dosis erh\u00e4ltst.<\/p>\n<p>Wurmkuren sind als Tabletten und Pasten in der Apotheke erh\u00e4ltlich. Es gibt sowohl frei verk\u00e4ufliche als auch verschreibungspflichtige Pr\u00e4parate.<\/p>\n<p>Denke daran, dass es einige Tage dauern kann, bis der Wurm vollst\u00e4ndig aus dem Kot des Hundes verschwunden ist, da tote Parasiten im Darm verbleiben.<\/p>\n<h2>ANZEICHEN F\u00dcR W\u00dcRMER BEIM HUND<\/h2>\n<p>Es ist nicht immer m\u00f6glich, W\u00fcrmer mit blo\u00dfem Auge zu sehen. Fadenw\u00fcrmer k\u00f6nnen Hunde mitunter erbrechen, w\u00e4hrend Bandw\u00fcrmer in bestimmten F\u00e4llen im Analbereich des Hundes zu sehen sind. Achte daher auf Erbrochenes und den Kot Deines Hundes.<\/p>\n<p>Weitere Anzeichen f\u00fcr einen m\u00f6glichen Wurmbefall bei Deinem Hund sind:<\/p>\n<ul>\n<li>Durchfall<\/li>\n<li>Abmagerung<\/li>\n<li>glanzloses Fell<\/li>\n<li>Erbrechen<\/li>\n<li>Husten<\/li>\n<li>schlechter Allgemeinzustand<\/li>\n<\/ul>\n<h2>WIE UND MIT WELCHEM RISIKO WERDEN W\u00dcRMER \u00dcBERTRAGEN<\/h2>\n<p>Welpen k\u00f6nnen bereits im Bauch der H\u00fcndin oder durch die Milch mit W\u00fcrmern in den ersten Monaten ihres Lebens angesteckt werden. Daher sollten H\u00fcndin und Welpen in der ersten Zeit regelm\u00e4\u00dfig einer Wurmkur unterzogen werden.<\/p>\n<p>Ausgewachsene Hunde werden in den meisten F\u00e4llen durch etwas Essbares von W\u00fcrmern befallen, zum Beispiel durch infizierte kleine Nagetiere oder indem sie Wurmeier \u00fcber ihre Umgebung aufnehmen. Ein zahmer Hund in st\u00e4dtischer Umgebung, der keinen Kontakt zu wilden Tieren hat, ist daher nur sehr selten von W\u00fcrmern betroffen. Jagdhunde, Zuchthunde, Arbeitshunde und Hunde auf Reisen haben ein h\u00f6heres Risiko der Ansteckung. Hunde, die sich frei bewegen und eventuell kleine Nagetiere in der Natur oder rohes Fleisch und Innereien vom Wild fressen, k\u00f6nnen definitiv mit W\u00fcrmern infiziert werden.<\/p>\n<h2>WURMKUR BEIM HUND VOR AUSLANDSREISEN<\/h2>\n<p>Vor Auslandsreisen ist eine Wurmkur beim Tierarzt f\u00fcr gew\u00f6hnlich notwendig, um den Hund in ein Land einzuf\u00fchren. Beim Bundesministerium f\u00fcr Ern\u00e4hrung und Landwirtschaft erh\u00e4ltst Du Informationen zu Ein- und Ausfuhr von Hunden innerhalb und au\u00dferhalb der EU. Achte dabei darauf, die genauen Bestimmungen des jeweiligen Landes zu befolgen. Die g\u00fcltigen Vorschriften solltest Du unbedingt im Vorhinein in Erfahrung bringen, sodass bei der Aus- und Einreise an der Grenze keine Probleme entstehen.<\/p>\n<p>Auslandsreisen in bestimmte L\u00e4nder Europas setzen eine Wurmkur gegen den Fuchs-Zwergbandwurm voraus. Die Behandlung muss vom Tierarzt durchgef\u00fchrt und im sogenannten EU-Heimtierausweis des Hundes dokumentiert werden. Kontaktiere Deinen Tierarzt rechtzeitig vor der Reise.<\/p>\n<h2>FADENW\u00dcRMER, BANDW\u00dcRMER UND ZWERGBANDW\u00dcRMER BEI HUNDEN<\/h2>\n<p>Die \u00fcblichsten Wurmarten, von denen Dein Welpe oder Hund befallen werden kann, sind Bandw\u00fcrmer und Fadenw\u00fcrmer. Sie sind relativ ungef\u00e4hrlich, sofern sie umgehend behandelt werden.<\/p>\n<p>Der Zwergbandwurm ist umso gef\u00e4hrlicher f\u00fcr den Hund, findet sich aber gl\u00fccklicherweise \u00e4u\u00dferst selten in Deutschland.<\/p>\n<h3>FADENW\u00dcRMER BEIM HUND<\/h3>\n<p>Fadenw\u00fcrmer kommen vorrangig bei Welpen und Junghunden vor. Sie sind gelb und etwa 6 bis 18 cm lang, sodass sie relativ leicht im Kot und Erbrochenen des Hundes zu erkennen sind. Sind es viele W\u00fcrmer gleichzeitig, k\u00f6nnen sie das junge Tier stark belasten.<\/p>\n<p>Bei Welpen wachsen die Larven des Fadenwurms im Darm heran, wandern daraufhin zu den Lungen und verursachen dort Husten. Dies kommt bei ausgewachsenen Hunden nicht vor, bei ihnen lassen sich die Fadenw\u00fcrmer stattdessen im Darm nieder. Im Larvenstadium k\u00f6nnen sie in andere Organe wandern, wo sie sich in die Ruhephase begeben. Wird eine H\u00fcndin tr\u00e4chtig, werden die Larven wieder aktiv und wandern in der Embryonalphase weiter zu den Welpen oder erreichen diese \u00fcber die Milch.<\/p>\n<p>Fadenw\u00fcrmer lassen sich relativ einfach behandeln. Allerdings hat die Behandlung keine Langzeitwirkung, sodass der Hund erneut infiziert werden kann.<\/p>\n<h3>BANDW\u00dcRMER BEIM HUND<\/h3>\n<p>Wird der Hund vom Bandwurm befallen, kannst Du die Eier des Wurmes im Hundekot, an der Anal\u00f6ffnung oder an der Schwanzwurzel sehen. Die Eier \u00e4hneln in ihrem Aussehen Reisk\u00f6rnern.<\/p>\n<p>Der Bandwurm wird durch sogenannte Zwischenwirte \u00fcbertragen. Der Hund muss also ein anderes befallenes Tier fressen, zum Beispiel ein kleines Nagetier oder Fl\u00f6he, um infiziert zu werden. Da die Ansteckung immer durch einen Zwischenwirt geschieht, sind erwachsene Hunde \u00f6fter befallen als Welpen. Am gr\u00f6\u00dften ist die Gefahr f\u00fcr Jagdhunde, die rohes Fleisch oder Innereien fressen sowie Hunde, die Fl\u00f6he haben.<\/p>\n<p>Der Bandwurm verursacht keine schwerwiegenden Symptome beim Hund, sofern umgehend entwurmt wird.<\/p>\n<h3>ZWERGBANDW\u00dcRMER BEIM HUND<\/h3>\n<p>Der Zwergbandwurm ist eine gef\u00e4hrlichere Wurmart, die Leber, Lungen oder andere Organe des Hundes befallen kann. In Deutschland kommt der Zwergbandwurm nur selten vor. Am h\u00e4ufigsten findet sich diese Spezies Wurm in w\u00e4rmeren Regionen und in L\u00e4ndern, in denen Hunde als Weidetiere dienen.<\/p>\n<p>Der Zwergbandwurm nutzt sowohl Hauptwirtstiere (auf denen sich der ausgewachsene Parasit aufh\u00e4lt) als auch Zwischenwirte (auf denen sich die Eier zu Larven entwickeln) und wird auf gleiche Art wie der Bandwurm \u00fcbertragen.<\/p>\n<p>Ein spezieller Typ des Zwergbandwurms findet sich bei F\u00fcchsen, der ebenso den Hund anstecken kann. Diese Art Zwergbandwurm verursacht erhebliche Krankheitssymptome. Sei daher vorsichtig mit Kot vom Fuchs.<\/p>\n<p>In der Regel wird eine Wurmkur beim Hund empfohlen, sofern der Zwergbandwurm in Deinem Wohngebiet vorkommt. Dennoch solltest Du zun\u00e4chst einen Tierarzt um Rat bitten.<\/p>\n\t\t\t<\/div>\n\t\t<\/div>\n\t<\/div>\n\n\n\n\t<section class=\"block related-articles\">\n\t\t<div class=\"container\">\n\t\t\t<h2>Entdecke weitere Artikel<\/h2>\n\t\t\t<div class=\"row justify-content-center\">\n\t\t\t\t\t\t\t\t\t\t<div class=\"col-sm-6 col-md-6 col-lg-3\">\n\t\t\t\t\t\t\t\t\t\t\t\t\t\t<div class=\"card \">\n\t\t\t\t\t\t\t\t\t\t\t\t\t\t\t\t\t<img decoding=\"async\"  src=\"https:\/\/bozita.com\/de\/wp-content\/uploads\/sites\/8\/2021\/06\/bozita-utfodra-valp.jpg\" alt=\"\">\n\t\t\t\t\t\t\t\t\t\t\t\t\t\t\t\t\t<!-- <img decoding=\"async\" src=\"\n\t\t\t\t\t\t\t\t\t\t\t\t\t\t\t\t\t\t\t\t\" alt=\"\n\t\t\t\t\t\t\t\t\t\t\t\t\t\t\t\t\t\t\t\t\t\t\t\t\t\t\t\"> -->\n\t\t\t\t\t\t\t\t<div class=\"card-body\">\n\t\t\t\t\t\t\t\t\t\t\t\t\t\t\t\t\t\t\t<h6>Was d\u00fcrfen Hunde nicht fressen?<\/h6>\n\t\t\t\t\t\t\t\t\t\t\t\t\t\t\t\t\t\t\t<a href=\"https:\/\/bozita.com\/de\/hundefutter\/ernahrung-and-diat\/was-durfen-hunde-nicht-fressen\/\">Weiterlesen &nbsp; ><\/a>\n\t\t\t\t\t\t\t\t<\/div>\n\t\t\t\t\t\t\t<\/div>\n\t\t\t\t\t\t<\/div>\n\n\t\t\t\t\t\t\t\t\t\t\t<div class=\"col-sm-6 col-md-6 col-lg-3\">\n\t\t\t\t\t\t\t\t\t\t\t\t\t\t<div class=\"card \">\n\t\t\t\t\t\t\t\t\t\t\t\t\t\t\t\t\t<img decoding=\"async\"  src=\"https:\/\/bozita.com\/de\/wp-content\/uploads\/sites\/8\/2021\/09\/bozita-hund-huggormsbiten.jpg\" alt=\"\">\n\t\t\t\t\t\t\t\t\t\t\t\t\t\t\t\t\t<!-- <img decoding=\"async\" src=\"\n\t\t\t\t\t\t\t\t\t\t\t\t\t\t\t\t\t\t\t\t\" alt=\"\n\t\t\t\t\t\t\t\t\t\t\t\t\t\t\t\t\t\t\t\t\t\t\t\t\t\t\t\"> -->\n\t\t\t\t\t\t\t\t<div class=\"card-body\">\n\t\t\t\t\t\t\t\t\t\t\t\t\t\t\t\t\t\t\t<h6>Vipern m\u00f6gen die Sonne<\/h6>\n\t\t\t\t\t\t\t\t\t\t\t\t\t\t\t\t\t\t\t<a href=\"https:\/\/bozita.com\/de\/leben-mit-hund\/die-gesundheit-des-hundes\/vipern-mogen-die-sonne\/\">Weiterlesen &nbsp; ><\/a>\n\t\t\t\t\t\t\t\t<\/div>\n\t\t\t\t\t\t\t<\/div>\n\t\t\t\t\t\t<\/div>\n\n\t\t\t\t\t\t\t\t\t\t\t<div class=\"col-sm-6 col-md-6 col-lg-3\">\n\t\t\t\t\t\t\t\t\t\t\t\t\t\t<div class=\"card \">\n\t\t\t\t\t\t\t\t\t\t\t\t\t\t\t\t\t<img decoding=\"async\"  src=\"https:\/\/bozita.com\/de\/wp-content\/uploads\/sites\/8\/2021\/08\/bozita-hundvalp-ensam-trana.jpeg\" alt=\"\">\n\t\t\t\t\t\t\t\t\t\t\t\t\t\t\t\t\t<!-- <img decoding=\"async\" src=\"\n\t\t\t\t\t\t\t\t\t\t\t\t\t\t\t\t\t\t\t\t\" alt=\"\n\t\t\t\t\t\t\t\t\t\t\t\t\t\t\t\t\t\t\t\t\t\t\t\t\t\t\t\"> -->\n\t\t\t\t\t\t\t\t<div class=\"card-body\">\n\t\t\t\t\t\t\t\t\t\t\t\t\t\t\t\t\t\t\t<h6>So trainierst Du Deinen Hund, allein zu sein<\/h6>\n\t\t\t\t\t\t\t\t\t\t\t\t\t\t\t\t\t\t\t<a href=\"https:\/\/bozita.com\/de\/leben-mit-hund\/entwicklung-deines-hundes\/so-trainieren-sie-ihren-hund-allein-zu-sein\/\">Weiterlesen &nbsp; ><\/a>\n\t\t\t\t\t\t\t\t<\/div>\n\t\t\t\t\t\t\t<\/div>\n\t\t\t\t\t\t<\/div>\n\n\t\t\t\t\t\t\t\t\t\t\t\t<\/div>\n\t\t<\/div>\n\t<\/section>\n","protected":false},"excerpt":{"rendered":"","protected":false},"author":1,"featured_media":6943,"parent":7074,"menu_order":0,"comment_status":"closed","ping_status":"closed","template":"guternberg.php","meta":{"footnotes":""},"acf":[],"yoast_head":"<!-- This site is optimized with the Yoast SEO plugin v21.3 - https:\/\/yoast.com\/wordpress\/plugins\/seo\/ -->\n<title>Wurmkur bei Welpen und ausgewachsenen Hunden | Bozita DE<\/title>\n<meta name=\"description\" content=\"Ob und wann Sie Ihren Hund entwurmen sollten, h\u00e4ngt von seinem Alter, dem Wohnort sowie eventuell bestehenden Symptomen f\u00fcr einen m\u00f6glichen Wurmbefall ab.\" \/>\n<meta name=\"robots\" content=\"index, follow, max-snippet:-1, max-image-preview:large, max-video-preview:-1\" \/>\n<link rel=\"canonical\" href=\"https:\/\/bozita.com\/de\/leben-mit-hund\/die-gesundheit-des-hundes\/wurmkur-bei-welpen-und-ausgewachsenen-hunden\/\" \/>\n<meta property=\"og:locale\" content=\"de_DE\" \/>\n<meta property=\"og:type\" content=\"article\" \/>\n<meta property=\"og:title\" content=\"Wurmkur bei Welpen und ausgewachsenen Hunden | Bozita DE\" \/>\n<meta property=\"og:description\" content=\"Ob und wann Sie Ihren Hund entwurmen sollten, h\u00e4ngt von seinem Alter, dem Wohnort sowie eventuell bestehenden Symptomen f\u00fcr einen m\u00f6glichen Wurmbefall ab.\" \/>\n<meta property=\"og:url\" content=\"https:\/\/bozita.com\/de\/leben-mit-hund\/die-gesundheit-des-hundes\/wurmkur-bei-welpen-und-ausgewachsenen-hunden\/\" \/>\n<meta property=\"og:site_name\" content=\"Bozita DE\" \/>\n<meta property=\"article:modified_time\" content=\"2022-07-18T12:01:24+00:00\" \/>\n<meta property=\"og:image\" content=\"https:\/\/bozita.com\/de\/wp-content\/uploads\/sites\/8\/2021\/06\/bozita-avmaska-hundvalp-hund.jpg\" \/>\n\t<meta property=\"og:image:width\" content=\"800\" \/>\n\t<meta property=\"og:image:height\" content=\"533\" \/>\n\t<meta property=\"og:image:type\" content=\"image\/jpeg\" \/>\n<meta name=\"twitter:card\" content=\"summary_large_image\" \/>\n<!-- \/ Yoast SEO plugin. -->","yoast_head_json":{"title":"Wurmkur bei Welpen und ausgewachsenen Hunden | Bozita DE","description":"Ob und wann Sie Ihren Hund entwurmen sollten, h\u00e4ngt von seinem Alter, dem Wohnort sowie eventuell bestehenden Symptomen f\u00fcr einen m\u00f6glichen Wurmbefall ab.","robots":{"index":"index","follow":"follow","max-snippet":"max-snippet:-1","max-image-preview":"max-image-preview:large","max-video-preview":"max-video-preview:-1"},"canonical":"https:\/\/bozita.com\/de\/leben-mit-hund\/die-gesundheit-des-hundes\/wurmkur-bei-welpen-und-ausgewachsenen-hunden\/","og_locale":"de_DE","og_type":"article","og_title":"Wurmkur bei Welpen und ausgewachsenen Hunden | Bozita DE","og_description":"Ob und wann Sie Ihren Hund entwurmen sollten, h\u00e4ngt von seinem Alter, dem Wohnort sowie eventuell bestehenden Symptomen f\u00fcr einen m\u00f6glichen Wurmbefall ab.","og_url":"https:\/\/bozita.com\/de\/leben-mit-hund\/die-gesundheit-des-hundes\/wurmkur-bei-welpen-und-ausgewachsenen-hunden\/","og_site_name":"Bozita DE","article_modified_time":"2022-07-18T12:01:24+00:00","og_image":[{"width":800,"height":533,"url":"https:\/\/bozita.com\/de\/wp-content\/uploads\/sites\/8\/2021\/06\/bozita-avmaska-hundvalp-hund.jpg","type":"image\/jpeg"}],"twitter_card":"summary_large_image","schema":{"@context":"https:\/\/schema.org","@graph":[{"@type":"WebPage","@id":"https:\/\/bozita.com\/de\/leben-mit-hund\/die-gesundheit-des-hundes\/wurmkur-bei-welpen-und-ausgewachsenen-hunden\/","url":"https:\/\/bozita.com\/de\/leben-mit-hund\/die-gesundheit-des-hundes\/wurmkur-bei-welpen-und-ausgewachsenen-hunden\/","name":"Wurmkur bei Welpen und ausgewachsenen Hunden | Bozita DE","isPartOf":{"@id":"https:\/\/bozita.com\/de\/#website"},"datePublished":"2021-09-23T05:18:17+00:00","dateModified":"2022-07-18T12:01:24+00:00","description":"Ob und wann Sie Ihren Hund entwurmen sollten, h\u00e4ngt von seinem Alter, dem Wohnort sowie eventuell bestehenden Symptomen f\u00fcr einen m\u00f6glichen Wurmbefall ab.","breadcrumb":{"@id":"https:\/\/bozita.com\/de\/leben-mit-hund\/die-gesundheit-des-hundes\/wurmkur-bei-welpen-und-ausgewachsenen-hunden\/#breadcrumb"},"inLanguage":"de","potentialAction":[{"@type":"ReadAction","target":["https:\/\/bozita.com\/de\/leben-mit-hund\/die-gesundheit-des-hundes\/wurmkur-bei-welpen-und-ausgewachsenen-hunden\/"]}]},{"@type":"BreadcrumbList","@id":"https:\/\/bozita.com\/de\/leben-mit-hund\/die-gesundheit-des-hundes\/wurmkur-bei-welpen-und-ausgewachsenen-hunden\/#breadcrumb","itemListElement":[{"@type":"ListItem","position":1,"name":"Startseite","item":"https:\/\/bozita.com\/de\/"},{"@type":"ListItem","position":2,"name":"Leben mit Hund","item":"https:\/\/bozita.com\/de\/leben-mit-hund\/"},{"@type":"ListItem","position":3,"name":"Gesundheit Deines Hundes","item":"https:\/\/bozita.com\/de\/leben-mit-hund\/die-gesundheit-des-hundes\/"},{"@type":"ListItem","position":4,"name":"Wurmkur bei Welpen und ausgewachsenen Hunden"}]},{"@type":"WebSite","@id":"https:\/\/bozita.com\/de\/#website","url":"https:\/\/bozita.com\/de\/","name":"Bozita DE","description":"","potentialAction":[{"@type":"SearchAction","target":{"@type":"EntryPoint","urlTemplate":"https:\/\/bozita.com\/de\/?s={search_term_string}"},"query-input":"required name=search_term_string"}],"inLanguage":"de"}]}},"_links":{"self":[{"href":"https:\/\/bozita.com\/de\/wp-json\/wp\/v2\/pages\/6942"}],"collection":[{"href":"https:\/\/bozita.com\/de\/wp-json\/wp\/v2\/pages"}],"about":[{"href":"https:\/\/bozita.com\/de\/wp-json\/wp\/v2\/types\/page"}],"author":[{"embeddable":true,"href":"https:\/\/bozita.com\/de\/wp-json\/wp\/v2\/users\/1"}],"replies":[{"embeddable":true,"href":"https:\/\/bozita.com\/de\/wp-json\/wp\/v2\/comments?post=6942"}],"version-history":[{"count":6,"href":"https:\/\/bozita.com\/de\/wp-json\/wp\/v2\/pages\/6942\/revisions"}],"predecessor-version":[{"id":12107,"href":"https:\/\/bozita.com\/de\/wp-json\/wp\/v2\/pages\/6942\/revisions\/12107"}],"up":[{"embeddable":true,"href":"https:\/\/bozita.com\/de\/wp-json\/wp\/v2\/pages\/7074"}],"wp:featuredmedia":[{"embeddable":true,"href":"https:\/\/bozita.com\/de\/wp-json\/wp\/v2\/media\/6943"}],"wp:attachment":[{"href":"https:\/\/bozita.com\/de\/wp-json\/wp\/v2\/media?parent=6942"}],"curies":[{"name":"wp","href":"https:\/\/api.w.org\/{rel}","templated":true}]}}