{"id":6944,"date":"2021-09-23T05:15:05","date_gmt":"2021-09-23T05:15:05","guid":{"rendered":"https:\/\/bozita.com\/de\/vorsicht-vergiftungsgefahr-durch-pilze-im-wald\/"},"modified":"2022-07-18T12:00:26","modified_gmt":"2022-07-18T12:00:26","slug":"vorsicht-vergiftungsgefahr-durch-pilze-im-wald","status":"publish","type":"page","link":"https:\/\/bozita.com\/de\/leben-mit-hund\/die-gesundheit-des-hundes\/vorsicht-vergiftungsgefahr-durch-pilze-im-wald\/","title":{"rendered":"Vorsicht &#8211; Vergiftungsgefahr durch Pilze im Wald"},"content":{"rendered":"\t\t<section class=\"small-hero\">\n\t\t\t<div class=\"container\">\n\t\t\t\t<h1 class=\"small-hero-title\">Vorsicht &#8211; Vergiftungsgefahr durch Pilze im Wald<\/h1>\t\t\t<\/div>\n\t\t\t<\/div>\n\t\t<\/section>\n\t\n\n\t<div class=\"text-box-warp\">\n\t\t<div class=\"container\">\n\t\t\t<div class=\"text-content\">\n\t\t\t\t<p>Laut der schwedischen Tierversicherung Agria erleiden in Schweden jedes Jahr um die 50 Hunde eine Pilzvergiftung. Normalerweise sind die Symptome leicht und nur von kurzer Dauer, aber in manchen F\u00e4llen k\u00f6nnen die Vergiftungen auch t\u00f6dlich sein.<\/p>\n<p>Die Bl\u00e4tter fallen, ein Regenschauer folgt dem n\u00e4chsten und die Temperaturen sinken. Mit anderen Worten: der Herbst steht vor der T\u00fcr. Wenn die Tage k\u00fcrzer und k\u00e4lter werden, machen es sich manche zuhause unter einer warmen Decke gem\u00fctlich, w\u00e4hrend andere im Wald auf Schatzsuche gehen. Auf der Suche nach leckeren Pilzen zieht es viele in den Wald, was nat\u00fcrlich auch eine fantastische Gelegenheit f\u00fcr Deinen Hund ist, sich einmal so richtig auszutoben, w\u00e4hrend Du nach Pilzen suchst. Allerdings solltest Du hierbei nicht nur nach Pilzen Ausschau halten, sondern auch Deinen Hund genau im Auge behalten.<\/p>\n<h2>RISIKEN F\u00dcR VERFRESSENE HUNDE<\/h2>\n<p>Jedes Jahr erleiden in Schweden um die 50 Hunde eine Pilzvergiftung. Wenn es richtig schlecht l\u00e4uft, kann diese f\u00fcr den Hund lebensbedrohlich sein. Wenn Dein Hund zur verfressenen Sorte geh\u00f6rt, solltest Du besonders gut aufpassen. Manchmal reicht es schon, dass Hunde an einem Pilz schnuppern oder diesen ablecken, um sich zu vergiften.<\/p>\n<h2>MANCHE SYMPTOME KOMMEN ERST SP\u00c4TER<\/h2>\n<p>Die Symptome sind meist Erbrechen und Durchf\u00e4lle. In manchen F\u00e4llen ist es jedoch schwierig zu erkennen, dass es sich um eine Vergiftung handelt, wenn es dem Hund erst nach einer Zeit schlecht geht. Der spitzgebuckelte Raukopf ist einer von Schwedens giftigsten Pilzen, bei dem die Symptome erst ein paar Tage nach dem Verzehr auftreten. Er sch\u00e4digt zuerst die Leber und wenn Du merkst, dass Dein Hund krank ist, k\u00f6nnen die Sch\u00e4den bereits chronisch und sogar lebensbedrohlich sein. Diese Pilzart ist ebenso bei uns in S\u00fcddeutschland, insbesondere im Schwarzwald, in \u00d6sterreich und der Schweiz verbreitet.<\/p>\n<h2>SOFORT ZUM TIERARZT<\/h2>\n<p>Wenn Du vermutest, dass Dein Hund einen giftigen Pilz gefressen hat, solltest Du ihn sofort zum Tierarzt bringen. Wenn Du wei\u00dft, um welchen Pilz es sich handelt, ist es gut, wenn Du ein Exemplar mitbringst. Pilze, die f\u00fcr uns Menschen giftig sind, sind meist noch giftiger f\u00fcr Hunde. Auf der Seite der deutschen Giftnotrufzentrale sowie der Deutschen Gesellschaft f\u00fcr Mykologie e.V. erf\u00e4hrst Du, was Du beim Pilzsuchen bedenken solltest.<\/p>\n<h2>DEUTSCHLANDS GEF\u00c4HRLICHSTE PILZE<\/h2>\n<ul>\n<li>Roter Fliegenpilz<\/li>\n<li>Gift-H\u00e4ubling<\/li>\n<li>Orangefuchsiger Hautkopf<\/li>\n<li>Gr\u00fcner Knollenbl\u00e4tterpilz<\/li>\n<\/ul>\n\t\t\t<\/div>\n\t\t<\/div>\n\t<\/div>\n\n\n\n\t<section class=\"block related-articles\">\n\t\t<div class=\"container\">\n\t\t\t<h2>Entdecke weitere Artikel<\/h2>\n\t\t\t<div class=\"row justify-content-center\">\n\t\t\t\t\t\t\t\t\t\t<div class=\"col-sm-6 col-md-6 col-lg-3\">\n\t\t\t\t\t\t\t\t\t\t\t\t\t\t<div class=\"card \">\n\t\t\t\t\t\t\t\t\t\t\t\t\t\t\t\t\t<img decoding=\"async\"  src=\"https:\/\/bozita.com\/de\/wp-content\/uploads\/sites\/8\/2021\/06\/bozita-utfodra-valp.jpg\" alt=\"\">\n\t\t\t\t\t\t\t\t\t\t\t\t\t\t\t\t\t<!-- <img decoding=\"async\" src=\"\n\t\t\t\t\t\t\t\t\t\t\t\t\t\t\t\t\t\t\t\t\" alt=\"\n\t\t\t\t\t\t\t\t\t\t\t\t\t\t\t\t\t\t\t\t\t\t\t\t\t\t\t\"> -->\n\t\t\t\t\t\t\t\t<div class=\"card-body\">\n\t\t\t\t\t\t\t\t\t\t\t\t\t\t\t\t\t\t\t<h6>Was d\u00fcrfen Hunde nicht fressen?<\/h6>\n\t\t\t\t\t\t\t\t\t\t\t\t\t\t\t\t\t\t\t<a href=\"https:\/\/bozita.com\/de\/hundefutter\/ernahrung-and-diat\/was-durfen-hunde-nicht-fressen\/\">Weiterlesen &nbsp; ><\/a>\n\t\t\t\t\t\t\t\t<\/div>\n\t\t\t\t\t\t\t<\/div>\n\t\t\t\t\t\t<\/div>\n\n\t\t\t\t\t\t\t\t\t\t\t<div class=\"col-sm-6 col-md-6 col-lg-3\">\n\t\t\t\t\t\t\t\t\t\t\t\t\t\t<div class=\"card \">\n\t\t\t\t\t\t\t\t\t\t\t\t\t\t\t\t\t<img decoding=\"async\"  src=\"https:\/\/bozita.com\/de\/wp-content\/uploads\/sites\/8\/2021\/09\/bozita-hund-huggormsbiten.jpg\" alt=\"\">\n\t\t\t\t\t\t\t\t\t\t\t\t\t\t\t\t\t<!-- <img decoding=\"async\" src=\"\n\t\t\t\t\t\t\t\t\t\t\t\t\t\t\t\t\t\t\t\t\" alt=\"\n\t\t\t\t\t\t\t\t\t\t\t\t\t\t\t\t\t\t\t\t\t\t\t\t\t\t\t\"> -->\n\t\t\t\t\t\t\t\t<div class=\"card-body\">\n\t\t\t\t\t\t\t\t\t\t\t\t\t\t\t\t\t\t\t<h6>Vipern m\u00f6gen die Sonne<\/h6>\n\t\t\t\t\t\t\t\t\t\t\t\t\t\t\t\t\t\t\t<a href=\"https:\/\/bozita.com\/de\/leben-mit-hund\/die-gesundheit-des-hundes\/vipern-mogen-die-sonne\/\">Weiterlesen &nbsp; ><\/a>\n\t\t\t\t\t\t\t\t<\/div>\n\t\t\t\t\t\t\t<\/div>\n\t\t\t\t\t\t<\/div>\n\n\t\t\t\t\t\t\t\t\t\t\t<div class=\"col-sm-6 col-md-6 col-lg-3\">\n\t\t\t\t\t\t\t\t\t\t\t\t\t\t<div class=\"card \">\n\t\t\t\t\t\t\t\t\t\t\t\t\t\t\t\t\t<img decoding=\"async\"  src=\"https:\/\/bozita.com\/de\/wp-content\/uploads\/sites\/8\/2021\/06\/bozita-avmaska-hundvalp-hund.jpg\" alt=\"\">\n\t\t\t\t\t\t\t\t\t\t\t\t\t\t\t\t\t<!-- <img decoding=\"async\" src=\"\n\t\t\t\t\t\t\t\t\t\t\t\t\t\t\t\t\t\t\t\t\" alt=\"\n\t\t\t\t\t\t\t\t\t\t\t\t\t\t\t\t\t\t\t\t\t\t\t\t\t\t\t\"> -->\n\t\t\t\t\t\t\t\t<div class=\"card-body\">\n\t\t\t\t\t\t\t\t\t\t\t\t\t\t\t\t\t\t\t<h6>Wurmkur bei Welpen und ausgewachsenen Hunden<\/h6>\n\t\t\t\t\t\t\t\t\t\t\t\t\t\t\t\t\t\t\t<a href=\"https:\/\/bozita.com\/de\/leben-mit-hund\/die-gesundheit-des-hundes\/wurmkur-bei-welpen-und-ausgewachsenen-hunden\/\">Weiterlesen &nbsp; ><\/a>\n\t\t\t\t\t\t\t\t<\/div>\n\t\t\t\t\t\t\t<\/div>\n\t\t\t\t\t\t<\/div>\n\n\t\t\t\t\t\t\t\t\t\t\t\t<\/div>\n\t\t<\/div>\n\t<\/section>\n","protected":false},"excerpt":{"rendered":"","protected":false},"author":1,"featured_media":6945,"parent":7074,"menu_order":0,"comment_status":"closed","ping_status":"closed","template":"guternberg.php","meta":{"footnotes":""},"acf":[],"yoast_head":"<!-- This site is optimized with the Yoast SEO plugin v21.3 - https:\/\/yoast.com\/wordpress\/plugins\/seo\/ -->\n<title>Vorsicht - Vergiftungsgefahr durch Pilze im Wald | Bozita DE<\/title>\n<meta name=\"description\" content=\"Hunde und Pilzvergiftung. Normalerweise sind die Symptome leicht und nur von kurzer Dauer, aber in manchen F\u00e4llen k\u00f6nnen die Vergiftungen auch t\u00f6dlich sein.\" \/>\n<meta name=\"robots\" content=\"index, follow, max-snippet:-1, max-image-preview:large, max-video-preview:-1\" \/>\n<link rel=\"canonical\" href=\"https:\/\/bozita.com\/de\/leben-mit-hund\/die-gesundheit-des-hundes\/vorsicht-vergiftungsgefahr-durch-pilze-im-wald\/\" \/>\n<meta property=\"og:locale\" content=\"de_DE\" \/>\n<meta property=\"og:type\" content=\"article\" \/>\n<meta property=\"og:title\" content=\"Vorsicht - Vergiftungsgefahr durch Pilze im Wald | Bozita DE\" \/>\n<meta property=\"og:description\" content=\"Hunde und Pilzvergiftung. Normalerweise sind die Symptome leicht und nur von kurzer Dauer, aber in manchen F\u00e4llen k\u00f6nnen die Vergiftungen auch t\u00f6dlich sein.\" \/>\n<meta property=\"og:url\" content=\"https:\/\/bozita.com\/de\/leben-mit-hund\/die-gesundheit-des-hundes\/vorsicht-vergiftungsgefahr-durch-pilze-im-wald\/\" \/>\n<meta property=\"og:site_name\" content=\"Bozita DE\" \/>\n<meta property=\"article:modified_time\" content=\"2022-07-18T12:00:26+00:00\" \/>\n<meta property=\"og:image\" content=\"https:\/\/bozita.com\/de\/wp-content\/uploads\/sites\/8\/2021\/09\/bozita-forgiftning-svamp-hund.jpg\" \/>\n\t<meta property=\"og:image:width\" content=\"800\" \/>\n\t<meta property=\"og:image:height\" content=\"534\" \/>\n\t<meta property=\"og:image:type\" content=\"image\/jpeg\" \/>\n<meta name=\"twitter:card\" content=\"summary_large_image\" \/>\n<!-- \/ Yoast SEO plugin. -->","yoast_head_json":{"title":"Vorsicht - Vergiftungsgefahr durch Pilze im Wald | Bozita DE","description":"Hunde und Pilzvergiftung. Normalerweise sind die Symptome leicht und nur von kurzer Dauer, aber in manchen F\u00e4llen k\u00f6nnen die Vergiftungen auch t\u00f6dlich sein.","robots":{"index":"index","follow":"follow","max-snippet":"max-snippet:-1","max-image-preview":"max-image-preview:large","max-video-preview":"max-video-preview:-1"},"canonical":"https:\/\/bozita.com\/de\/leben-mit-hund\/die-gesundheit-des-hundes\/vorsicht-vergiftungsgefahr-durch-pilze-im-wald\/","og_locale":"de_DE","og_type":"article","og_title":"Vorsicht - Vergiftungsgefahr durch Pilze im Wald | Bozita DE","og_description":"Hunde und Pilzvergiftung. Normalerweise sind die Symptome leicht und nur von kurzer Dauer, aber in manchen F\u00e4llen k\u00f6nnen die Vergiftungen auch t\u00f6dlich sein.","og_url":"https:\/\/bozita.com\/de\/leben-mit-hund\/die-gesundheit-des-hundes\/vorsicht-vergiftungsgefahr-durch-pilze-im-wald\/","og_site_name":"Bozita DE","article_modified_time":"2022-07-18T12:00:26+00:00","og_image":[{"width":800,"height":534,"url":"https:\/\/bozita.com\/de\/wp-content\/uploads\/sites\/8\/2021\/09\/bozita-forgiftning-svamp-hund.jpg","type":"image\/jpeg"}],"twitter_card":"summary_large_image","schema":{"@context":"https:\/\/schema.org","@graph":[{"@type":"WebPage","@id":"https:\/\/bozita.com\/de\/leben-mit-hund\/die-gesundheit-des-hundes\/vorsicht-vergiftungsgefahr-durch-pilze-im-wald\/","url":"https:\/\/bozita.com\/de\/leben-mit-hund\/die-gesundheit-des-hundes\/vorsicht-vergiftungsgefahr-durch-pilze-im-wald\/","name":"Vorsicht - Vergiftungsgefahr durch Pilze im Wald | Bozita DE","isPartOf":{"@id":"https:\/\/bozita.com\/de\/#website"},"datePublished":"2021-09-23T05:15:05+00:00","dateModified":"2022-07-18T12:00:26+00:00","description":"Hunde und Pilzvergiftung. Normalerweise sind die Symptome leicht und nur von kurzer Dauer, aber in manchen F\u00e4llen k\u00f6nnen die Vergiftungen auch t\u00f6dlich sein.","breadcrumb":{"@id":"https:\/\/bozita.com\/de\/leben-mit-hund\/die-gesundheit-des-hundes\/vorsicht-vergiftungsgefahr-durch-pilze-im-wald\/#breadcrumb"},"inLanguage":"de","potentialAction":[{"@type":"ReadAction","target":["https:\/\/bozita.com\/de\/leben-mit-hund\/die-gesundheit-des-hundes\/vorsicht-vergiftungsgefahr-durch-pilze-im-wald\/"]}]},{"@type":"BreadcrumbList","@id":"https:\/\/bozita.com\/de\/leben-mit-hund\/die-gesundheit-des-hundes\/vorsicht-vergiftungsgefahr-durch-pilze-im-wald\/#breadcrumb","itemListElement":[{"@type":"ListItem","position":1,"name":"Startseite","item":"https:\/\/bozita.com\/de\/"},{"@type":"ListItem","position":2,"name":"Leben mit Hund","item":"https:\/\/bozita.com\/de\/leben-mit-hund\/"},{"@type":"ListItem","position":3,"name":"Gesundheit Deines Hundes","item":"https:\/\/bozita.com\/de\/leben-mit-hund\/die-gesundheit-des-hundes\/"},{"@type":"ListItem","position":4,"name":"Vorsicht &#8211; Vergiftungsgefahr durch Pilze im Wald"}]},{"@type":"WebSite","@id":"https:\/\/bozita.com\/de\/#website","url":"https:\/\/bozita.com\/de\/","name":"Bozita DE","description":"","potentialAction":[{"@type":"SearchAction","target":{"@type":"EntryPoint","urlTemplate":"https:\/\/bozita.com\/de\/?s={search_term_string}"},"query-input":"required name=search_term_string"}],"inLanguage":"de"}]}},"_links":{"self":[{"href":"https:\/\/bozita.com\/de\/wp-json\/wp\/v2\/pages\/6944"}],"collection":[{"href":"https:\/\/bozita.com\/de\/wp-json\/wp\/v2\/pages"}],"about":[{"href":"https:\/\/bozita.com\/de\/wp-json\/wp\/v2\/types\/page"}],"author":[{"embeddable":true,"href":"https:\/\/bozita.com\/de\/wp-json\/wp\/v2\/users\/1"}],"replies":[{"embeddable":true,"href":"https:\/\/bozita.com\/de\/wp-json\/wp\/v2\/comments?post=6944"}],"version-history":[{"count":6,"href":"https:\/\/bozita.com\/de\/wp-json\/wp\/v2\/pages\/6944\/revisions"}],"predecessor-version":[{"id":12104,"href":"https:\/\/bozita.com\/de\/wp-json\/wp\/v2\/pages\/6944\/revisions\/12104"}],"up":[{"embeddable":true,"href":"https:\/\/bozita.com\/de\/wp-json\/wp\/v2\/pages\/7074"}],"wp:featuredmedia":[{"embeddable":true,"href":"https:\/\/bozita.com\/de\/wp-json\/wp\/v2\/media\/6945"}],"wp:attachment":[{"href":"https:\/\/bozita.com\/de\/wp-json\/wp\/v2\/media?parent=6944"}],"curies":[{"name":"wp","href":"https:\/\/api.w.org\/{rel}","templated":true}]}}