{"id":6948,"date":"2021-09-23T05:02:44","date_gmt":"2021-09-23T05:02:44","guid":{"rendered":"https:\/\/bozita.com\/de\/was-macht-man-mit-einem-schwierigen-pubertierenden-hund\/"},"modified":"2024-09-30T09:02:12","modified_gmt":"2024-09-30T09:02:12","slug":"was-macht-man-mit-einem-schwierigen-pubertierenden-hund","status":"publish","type":"page","link":"https:\/\/bozita.com\/de\/leben-mit-hund\/hund-kaufen\/wie-man-die-richtige-rasse-auswahlt\/was-macht-man-mit-einem-schwierigen-pubertierenden-hund\/","title":{"rendered":"Was macht man mit einem schwierigen pubertierenden Hund?"},"content":{"rendered":"\t\t<section class=\"small-hero\">\n\t\t\t<div class=\"container\">\n\t\t\t\t<h1 class=\"small-hero-title\">Was macht man mit einem schwierigen pubertierenden Hund?<\/h1>\t\t\t<\/div>\n\t\t\t<\/div>\n\t\t<\/section>\n\t\n\n\t<div class=\"text-box-warp\">\n\t\t<div class=\"container\">\n\t\t\t<div class=\"text-content\">\n\t\t\t\t<p>Der niedliche Welpe w\u00e4chst heran und ver\u00e4ndert sich ganz pl\u00f6tzlich zum schwierigen Teenager, der nicht auf dich h\u00f6rt. Die beste Art, mit einem Hund in der sogenannten Trotz- oder Flegelphase umzugehen, ist zu verstehen, dass der Hund noch nicht erwachsen ist. Zudem solltest du weiter an der Beziehung zueinander arbeiten, die ihr bereits entwickelt habt.<\/p>\n\t\t\t<\/div>\n\t\t<\/div>\n\t<\/div>\n\n\n\t<section class=\"media-object-wrap\">\n\t\t<div class=\"container\">\n\t\t\t<div class=\"media-object\">\n\t\t\t\t<div class=\"row row-eq-height align-items-stretch\">\n\t\t\t\t\t<div class=\"col-md-5\">\n\t\t\t\t\t\t\t\t\t\t\t\t\t<img decoding=\"async\" src=\"https:\/\/bozita.com\/de\/wp-content\/uploads\/sites\/8\/2024\/09\/shutterstock_2022091928-scaled.jpg\" alt=\"\">\n\t\t\t\t\t\t\t\t\t\t\t\t<\/div>\n\t\t\t\t\t<div class=\"col-md-7 d-flex align-items-center\">\n\t\t\t\t\t\t<div class=\"media-content\">\n\t\t\t\t\t\t<p><strong>BEHALTE DIE FREUDE AN DER BEZIEHUNGSARBEIT ZU DEINEM HUND<\/strong><\/p>\n<p>In der Trotz- oder Flegelphase, wenn dein Hund scheinbar pl\u00f6tzlich nicht mehr auf dich h\u00f6ren will, geraten viele Hundebesitzer in eine negative Spirale, in der Gereiztheit und Verzweiflung Teile des Alltags werden. Dann ist es wichtig, innezuhalten und umzudenken. Wut und Beschimpfungen n\u00fctzen weder dir noch deinem Hund etwas.<\/p>\n<p>\u00dcberlege stattdessen, wie du von deinem Hund wahrgenommen wirst. Wie sch\u00f6n ist es, mit dir zusammen Zeit zu verbringen? Wie erscheinst du interessanter als alles andere, das die Aufmerksamkeit des Hundes auf sich zieht? Achte mehr darauf, was du von deinem Hund erwartest als auf das, was er nicht tun soll.<\/p>\n\t\t\t\t\t\t<\/div>\n\t\t\t\t\t<\/div>\n\t\t\t\t<\/div>\n\t\t\t<\/div>\n\t\t<\/div>\n\t<\/section>\n   \n\n\n\t<div class=\"text-box-warp\">\n\t\t<div class=\"container\">\n\t\t\t<div class=\"text-content\">\n\t\t\t\t<p>Veranstalte ein lustiges Versteckspiel, wenn du deinen Hund rufst, balanciere auf einer Mauer statt auf dem Gehweg zu laufen, \u00fcbersch\u00fctte deinen Hund mit Lob, wenn er etwas richtig macht. Vielleicht funktioniert das nicht jedes Mal, aber mit Geduld lernt der Hund so nach und nach, dass es bei dir sch\u00f6n ist und jede Ablenkung erscheint weniger spannend.<\/p>\n<p><strong>Lesen Sie auch<\/strong><\/p>\n<ul>\n<li><a href=\"https:\/\/bozita.com\/de\/leben-mit-hund\/hunde-beschaftigen\/verbessern-sie-die-interaktion-mit-ihrem-hund-mithilfe-von-aktivitaten\/\">Lust auf etwas Neues? Entdecke Kurse f\u00fcr dich und deinen Hund<\/a><\/li>\n<li><a href=\"https:\/\/bozita.com\/de\/leben-mit-hund\/hund-kaufen\/wie-man-die-richtige-rasse-auswahlt\/furchtet-sich-der-hund-plotzlich-vor-alltaglichen-dingen-vermutlich-hat-er-die-spooky-periods-erreicht\/\">Pl\u00f6tzliche \u00c4ngste? Lies mehr \u00fcber die \u201eSpooky Periods\u201c<\/a><\/li>\n<\/ul>\n<p><strong>DENKE DARAN, DASS DER HUND NOCH NICHT ERWACHSEN IST<\/strong><\/p>\n<p>Der pubertierende Hund steht in vielerlei Hinsicht vor den gleichen Herausforderungen wie ein menschlicher Teenager \u2013 das Gehirn ist noch nicht vollst\u00e4ndig entwickelt, gleichzeitig sprudeln die Hormone im K\u00f6rper \u00fcber. Will dein Hund einfach nicht h\u00f6ren, denke daran, dass ein Hund noch nicht erwachsen ist, auch wenn er nicht mehr wie ein Welpe aussieht. Du solltest nicht zu viel verlangen und erwarten, dass er alle Kommandos versteht. Der Hund braucht etwas Zeit, um sich und seinen Platz in der Welt zu finden.<\/p>\n<p>&nbsp;<\/p>\n\t\t\t<\/div>\n\t\t<\/div>\n\t<\/div>\n\n\n\n\t<section class=\"block related-articles\">\n\t\t<div class=\"container\">\n\t\t\t<h2>Entdecke weitere Artikel<\/h2>\n\t\t\t<div class=\"row justify-content-center\">\n\t\t\t\t\t\t\t\t\t\t<div class=\"col-sm-6 col-md-6 col-lg-3\">\n\t\t\t\t\t\t\t\t\t\t\t\t\t\t<div class=\"card \">\n\t\t\t\t\t\t\t\t\t\t\t\t\t\t\t\t\t<img decoding=\"async\"  src=\"https:\/\/bozita.com\/de\/wp-content\/uploads\/sites\/8\/2021\/08\/bozita-hundens-utveckling-stadier.jpeg\" alt=\"\">\n\t\t\t\t\t\t\t\t\t\t\t\t\t\t\t\t\t<!-- <img decoding=\"async\" src=\"\n\t\t\t\t\t\t\t\t\t\t\t\t\t\t\t\t\t\t\t\t\" alt=\"\n\t\t\t\t\t\t\t\t\t\t\t\t\t\t\t\t\t\t\t\t\t\t\t\t\t\t\t\"> -->\n\t\t\t\t\t\t\t\t<div class=\"card-body\">\n\t\t\t\t\t\t\t\t\t\t\t\t\t\t\t\t\t\t\t<h6>Die Entwicklung des Hundes vom Welpen zum erwachsenen Hund<\/h6>\n\t\t\t\t\t\t\t\t\t\t\t\t\t\t\t\t\t\t\t<a href=\"https:\/\/bozita.com\/de\/leben-mit-hund\/entwicklung-deines-hundes\/die-entwicklung-des-hundes-vom-welpen-zum-erwachsenen-hund\/\">Weiterlesen &nbsp; ><\/a>\n\t\t\t\t\t\t\t\t<\/div>\n\t\t\t\t\t\t\t<\/div>\n\t\t\t\t\t\t<\/div>\n\n\t\t\t\t\t\t\t\t\t\t\t<div class=\"col-sm-6 col-md-6 col-lg-3\">\n\t\t\t\t\t\t\t\t\t\t\t\t\t\t<div class=\"card \">\n\t\t\t\t\t\t\t\t\t\t\t\t\t\t\t\t\t<img decoding=\"async\"  src=\"https:\/\/bozita.com\/de\/wp-content\/uploads\/sites\/8\/2021\/06\/bozita-smakgaranti-hundmat-kattmat.jpeg\" alt=\"\">\n\t\t\t\t\t\t\t\t\t\t\t\t\t\t\t\t\t<!-- <img decoding=\"async\" src=\"\n\t\t\t\t\t\t\t\t\t\t\t\t\t\t\t\t\t\t\t\t\" alt=\"\n\t\t\t\t\t\t\t\t\t\t\t\t\t\t\t\t\t\t\t\t\t\t\t\t\t\t\t\"> -->\n\t\t\t\t\t\t\t\t<div class=\"card-body\">\n\t\t\t\t\t\t\t\t\t\t\t\t\t\t\t\t\t\t\t<h6>Verbessere die Interaktion mit Deinem Hund mithilfe von Aktivit\u00e4ten<\/h6>\n\t\t\t\t\t\t\t\t\t\t\t\t\t\t\t\t\t\t\t<a href=\"https:\/\/bozita.com\/de\/leben-mit-hund\/hunde-beschaftigen\/verbessern-sie-die-interaktion-mit-ihrem-hund-mithilfe-von-aktivitaten\/\">Weiterlesen &nbsp; ><\/a>\n\t\t\t\t\t\t\t\t<\/div>\n\t\t\t\t\t\t\t<\/div>\n\t\t\t\t\t\t<\/div>\n\n\t\t\t\t\t\t\t\t\t\t\t<div class=\"col-sm-6 col-md-6 col-lg-3\">\n\t\t\t\t\t\t\t\t\t\t\t\t\t\t<div class=\"card \">\n\t\t\t\t\t\t\t\t\t\t\t\t\t\t\t\t\t<img decoding=\"async\"  src=\"https:\/\/bozita.com\/de\/wp-content\/uploads\/sites\/8\/2021\/08\/bozita_swedish-natural-quality.jpg\" alt=\"\">\n\t\t\t\t\t\t\t\t\t\t\t\t\t\t\t\t\t<!-- <img decoding=\"async\" src=\"\n\t\t\t\t\t\t\t\t\t\t\t\t\t\t\t\t\t\t\t\t\" alt=\"\n\t\t\t\t\t\t\t\t\t\t\t\t\t\t\t\t\t\t\t\t\t\t\t\t\t\t\t\"> -->\n\t\t\t\t\t\t\t\t<div class=\"card-body\">\n\t\t\t\t\t\t\t\t\t\t\t\t\t\t\t\t\t\t\t<h6>Hundefutter f\u00fcr empfindliche M\u00e4gen<\/h6>\n\t\t\t\t\t\t\t\t\t\t\t\t\t\t\t\t\t\t\t<a href=\"https:\/\/bozita.com\/de\/hundefutter\/ernahrung-and-diat\/hundefutter-fur-empfindliche-magen\/\">Weiterlesen &nbsp; ><\/a>\n\t\t\t\t\t\t\t\t<\/div>\n\t\t\t\t\t\t\t<\/div>\n\t\t\t\t\t\t<\/div>\n\n\t\t\t\t\t\t\t\t\t\t\t\t<\/div>\n\t\t<\/div>\n\t<\/section>\n","protected":false},"excerpt":{"rendered":"","protected":false},"author":1,"featured_media":6949,"parent":6951,"menu_order":0,"comment_status":"closed","ping_status":"closed","template":"guternberg.php","meta":{"footnotes":""},"acf":[],"yoast_head":"<!-- This site is optimized with the Yoast SEO plugin v21.3 - https:\/\/yoast.com\/wordpress\/plugins\/seo\/ -->\n<title>Was macht man mit einem schwierigen pubertierenden Hund? | Bozita DE<\/title>\n<meta name=\"description\" content=\"Der Welpe w\u00e4chst heran und ver\u00e4ndert sich ganz pl\u00f6tzlich zum schwierigen Teenager. Die beste Art ist zu verstehen, dass der Hund noch nicht erwachsen ist.\" \/>\n<meta name=\"robots\" content=\"index, follow, max-snippet:-1, max-image-preview:large, max-video-preview:-1\" \/>\n<link rel=\"canonical\" href=\"https:\/\/bozita.com\/de\/leben-mit-hund\/hund-kaufen\/wie-man-die-richtige-rasse-auswahlt\/was-macht-man-mit-einem-schwierigen-pubertierenden-hund\/\" \/>\n<meta property=\"og:locale\" content=\"de_DE\" \/>\n<meta property=\"og:type\" content=\"article\" \/>\n<meta property=\"og:title\" content=\"Was macht man mit einem schwierigen pubertierenden Hund? | Bozita DE\" \/>\n<meta property=\"og:description\" content=\"Der Welpe w\u00e4chst heran und ver\u00e4ndert sich ganz pl\u00f6tzlich zum schwierigen Teenager. Die beste Art ist zu verstehen, dass der Hund noch nicht erwachsen ist.\" \/>\n<meta property=\"og:url\" content=\"https:\/\/bozita.com\/de\/leben-mit-hund\/hund-kaufen\/wie-man-die-richtige-rasse-auswahlt\/was-macht-man-mit-einem-schwierigen-pubertierenden-hund\/\" \/>\n<meta property=\"og:site_name\" content=\"Bozita DE\" \/>\n<meta property=\"article:modified_time\" content=\"2024-09-30T09:02:12+00:00\" \/>\n<meta property=\"og:image\" content=\"https:\/\/bozita.com\/de\/wp-content\/uploads\/sites\/8\/2021\/09\/bozita-hund-tonaring.jpg\" \/>\n\t<meta property=\"og:image:width\" content=\"800\" \/>\n\t<meta property=\"og:image:height\" content=\"533\" \/>\n\t<meta property=\"og:image:type\" content=\"image\/jpeg\" \/>\n<meta name=\"twitter:card\" content=\"summary_large_image\" \/>\n<!-- \/ Yoast SEO plugin. -->","yoast_head_json":{"title":"Was macht man mit einem schwierigen pubertierenden Hund? | Bozita DE","description":"Der Welpe w\u00e4chst heran und ver\u00e4ndert sich ganz pl\u00f6tzlich zum schwierigen Teenager. Die beste Art ist zu verstehen, dass der Hund noch nicht erwachsen ist.","robots":{"index":"index","follow":"follow","max-snippet":"max-snippet:-1","max-image-preview":"max-image-preview:large","max-video-preview":"max-video-preview:-1"},"canonical":"https:\/\/bozita.com\/de\/leben-mit-hund\/hund-kaufen\/wie-man-die-richtige-rasse-auswahlt\/was-macht-man-mit-einem-schwierigen-pubertierenden-hund\/","og_locale":"de_DE","og_type":"article","og_title":"Was macht man mit einem schwierigen pubertierenden Hund? | Bozita DE","og_description":"Der Welpe w\u00e4chst heran und ver\u00e4ndert sich ganz pl\u00f6tzlich zum schwierigen Teenager. Die beste Art ist zu verstehen, dass der Hund noch nicht erwachsen ist.","og_url":"https:\/\/bozita.com\/de\/leben-mit-hund\/hund-kaufen\/wie-man-die-richtige-rasse-auswahlt\/was-macht-man-mit-einem-schwierigen-pubertierenden-hund\/","og_site_name":"Bozita DE","article_modified_time":"2024-09-30T09:02:12+00:00","og_image":[{"width":800,"height":533,"url":"https:\/\/bozita.com\/de\/wp-content\/uploads\/sites\/8\/2021\/09\/bozita-hund-tonaring.jpg","type":"image\/jpeg"}],"twitter_card":"summary_large_image","schema":{"@context":"https:\/\/schema.org","@graph":[{"@type":"WebPage","@id":"https:\/\/bozita.com\/de\/leben-mit-hund\/hund-kaufen\/wie-man-die-richtige-rasse-auswahlt\/was-macht-man-mit-einem-schwierigen-pubertierenden-hund\/","url":"https:\/\/bozita.com\/de\/leben-mit-hund\/hund-kaufen\/wie-man-die-richtige-rasse-auswahlt\/was-macht-man-mit-einem-schwierigen-pubertierenden-hund\/","name":"Was macht man mit einem schwierigen pubertierenden Hund? | Bozita DE","isPartOf":{"@id":"https:\/\/bozita.com\/de\/#website"},"datePublished":"2021-09-23T05:02:44+00:00","dateModified":"2024-09-30T09:02:12+00:00","description":"Der Welpe w\u00e4chst heran und ver\u00e4ndert sich ganz pl\u00f6tzlich zum schwierigen Teenager. Die beste Art ist zu verstehen, dass der Hund noch nicht erwachsen ist.","breadcrumb":{"@id":"https:\/\/bozita.com\/de\/leben-mit-hund\/hund-kaufen\/wie-man-die-richtige-rasse-auswahlt\/was-macht-man-mit-einem-schwierigen-pubertierenden-hund\/#breadcrumb"},"inLanguage":"de","potentialAction":[{"@type":"ReadAction","target":["https:\/\/bozita.com\/de\/leben-mit-hund\/hund-kaufen\/wie-man-die-richtige-rasse-auswahlt\/was-macht-man-mit-einem-schwierigen-pubertierenden-hund\/"]}]},{"@type":"BreadcrumbList","@id":"https:\/\/bozita.com\/de\/leben-mit-hund\/hund-kaufen\/wie-man-die-richtige-rasse-auswahlt\/was-macht-man-mit-einem-schwierigen-pubertierenden-hund\/#breadcrumb","itemListElement":[{"@type":"ListItem","position":1,"name":"Startseite","item":"https:\/\/bozita.com\/de\/"},{"@type":"ListItem","position":2,"name":"Leben mit Hund","item":"https:\/\/bozita.com\/de\/leben-mit-hund\/"},{"@type":"ListItem","position":3,"name":"Einen Hund kaufen","item":"https:\/\/bozita.com\/de\/leben-mit-hund\/hund-kaufen\/"},{"@type":"ListItem","position":4,"name":"Wie man die richtige Rasse ausw\u00e4hlt","item":"https:\/\/bozita.com\/de\/leben-mit-hund\/hund-kaufen\/wie-man-die-richtige-rasse-auswahlt\/"},{"@type":"ListItem","position":5,"name":"Was macht man mit einem schwierigen pubertierenden Hund?"}]},{"@type":"WebSite","@id":"https:\/\/bozita.com\/de\/#website","url":"https:\/\/bozita.com\/de\/","name":"Bozita DE","description":"","potentialAction":[{"@type":"SearchAction","target":{"@type":"EntryPoint","urlTemplate":"https:\/\/bozita.com\/de\/?s={search_term_string}"},"query-input":"required name=search_term_string"}],"inLanguage":"de"}]}},"_links":{"self":[{"href":"https:\/\/bozita.com\/de\/wp-json\/wp\/v2\/pages\/6948"}],"collection":[{"href":"https:\/\/bozita.com\/de\/wp-json\/wp\/v2\/pages"}],"about":[{"href":"https:\/\/bozita.com\/de\/wp-json\/wp\/v2\/types\/page"}],"author":[{"embeddable":true,"href":"https:\/\/bozita.com\/de\/wp-json\/wp\/v2\/users\/1"}],"replies":[{"embeddable":true,"href":"https:\/\/bozita.com\/de\/wp-json\/wp\/v2\/comments?post=6948"}],"version-history":[{"count":10,"href":"https:\/\/bozita.com\/de\/wp-json\/wp\/v2\/pages\/6948\/revisions"}],"predecessor-version":[{"id":29046,"href":"https:\/\/bozita.com\/de\/wp-json\/wp\/v2\/pages\/6948\/revisions\/29046"}],"up":[{"embeddable":true,"href":"https:\/\/bozita.com\/de\/wp-json\/wp\/v2\/pages\/6951"}],"wp:featuredmedia":[{"embeddable":true,"href":"https:\/\/bozita.com\/de\/wp-json\/wp\/v2\/media\/6949"}],"wp:attachment":[{"href":"https:\/\/bozita.com\/de\/wp-json\/wp\/v2\/media?parent=6948"}],"curies":[{"name":"wp","href":"https:\/\/api.w.org\/{rel}","templated":true}]}}