{"id":6950,"date":"2021-09-23T04:57:01","date_gmt":"2021-09-23T04:57:01","guid":{"rendered":"https:\/\/bozita.com\/de\/furchtet-sich-der-hund-plotzlich-vor-alltaglichen-dingen-vermutlich-hat-er-die-spooky-periods-erreicht\/"},"modified":"2024-09-30T08:28:49","modified_gmt":"2024-09-30T08:28:49","slug":"furchtet-sich-der-hund-plotzlich-vor-alltaglichen-dingen-vermutlich-hat-er-die-spooky-periods-erreicht","status":"publish","type":"page","link":"https:\/\/bozita.com\/de\/leben-mit-hund\/hund-kaufen\/wie-man-die-richtige-rasse-auswahlt\/furchtet-sich-der-hund-plotzlich-vor-alltaglichen-dingen-vermutlich-hat-er-die-spooky-periods-erreicht\/","title":{"rendered":"Die \u201eSpooky Periods\u201c bei Hunden"},"content":{"rendered":"\t\t<section class=\"small-hero\">\n\t\t\t<div class=\"container\">\n\t\t\t\t<h1 class=\"small-hero-title\">F\u00fcrchtet sich der Hund pl\u00f6tzlich vor allt\u00e4glichen Dingen? Vermutlich hat er die &#8222;Spooky Periods&#8220; erreicht<\/h1>\t\t\t<\/div>\n\t\t\t<\/div>\n\t\t<\/section>\n\t\n\n\t<div class=\"text-box-warp\">\n\t\t<div class=\"container\">\n\t\t\t<div class=\"text-content\">\n\t\t\t\t<p>F\u00fcrchtet sich Dein rund 5 Monate alter Welpe pl\u00f6tzlich und scheinbar grundlos vor Dingen, die bislang keine Probleme darstellten, hat er vermutlich die sogenannten &#8222;Spooky Periods&#8220; erreicht. Diese Fremdelphase tritt ungef\u00e4hr gleichzeitig mit dem Beginn der Pubert\u00e4t sowie der Geschlechtsreife ein, dauert aber weniger lange an. Mit den richtigen Kenntnissen kannst Du Deinen Hund durch die &#8222;Spooky Periods&#8220; leiten, ohne bleibende Probleme im Erwachsenenalter zu riskieren.<\/p>\n\t\t\t<\/div>\n\t\t<\/div>\n\t<\/div>\n\n\n\t<section class=\"media-object-wrap\">\n\t\t<div class=\"container\">\n\t\t\t<div class=\"media-object\">\n\t\t\t\t<div class=\"row row-eq-height align-items-stretch\">\n\t\t\t\t\t<div class=\"col-md-5\">\n\t\t\t\t\t\t\t\t\t\t\t\t\t<img decoding=\"async\" src=\"https:\/\/bozita.com\/de\/wp-content\/uploads\/sites\/8\/2024\/09\/shutterstock_2192873203-scaled.jpg\" alt=\"\">\n\t\t\t\t\t\t\t\t\t\t\t\t<\/div>\n\t\t\t\t\t<div class=\"col-md-7 d-flex align-items-center\">\n\t\t\t\t\t\t<div class=\"media-content\">\n\t\t\t\t\t\t<p><strong>WANN BEGINNEN DIE \u201eSPOOKY PERIODS\u201c BEI HUNDEN?<\/strong><\/p>\n<p>Die \u201eSpooky Periods\u201c beginnen in einem Alter von etwa 5 bis 7 Monaten, an der Schwelle von der juvenilen Phase zur Pubert\u00e4t des Hundes und zeitgleich mit der Geschlechtsreife. Tritt die Geschlechtsreife ein, herrscht allgemeines Chaos im Gehirn aufgrund der Hormonsteigerung (die Anteile von unter anderem \u00d6strogen bzw. Testosteron steigen und schwanken) und der Hund erscheint h\u00e4ufig weniger sozial und stattdessen feindlich gegen\u00fcber fremden Hunden eingestellt.<\/p>\n<p><strong>Erfahre mehr<\/strong><\/p>\n<ul>\n<li><a href=\"https:\/\/bozita.com\/de\/leben-mit-hund\/entwicklung-deines-hundes\/die-entwicklung-des-hundes-vom-welpen-zum-erwachsenen-hund\/\">Die juvenile Phase des Hundes<\/a><\/li>\n<li><a href=\"https:\/\/bozita.com\/de\/leben-mit-hund\/entwicklung-deines-hundes\/die-entwicklung-des-hundes-vom-welpen-zum-erwachsenen-hund\/\">Die Pubert\u00e4t beim Hund<\/a><\/li>\n<\/ul>\n\t\t\t\t\t\t<\/div>\n\t\t\t\t\t<\/div>\n\t\t\t\t<\/div>\n\t\t\t<\/div>\n\t\t<\/div>\n\t<\/section>\n   \n\n\n\t<div class=\"text-box-warp\">\n\t\t<div class=\"container\">\n\t\t\t<div class=\"text-content\">\n\t\t\t\t<p><strong>DER HUND HAT PL\u00d6TZLICH ANGST<\/strong><\/p>\n<p>W\u00e4hrend der \u201eSpooky Periods\u201c kann sich der Hund pl\u00f6tzlich und unerkl\u00e4rlich vor Dingen und Ereignissen f\u00fcrchten, mit denen er bislang keine Probleme hatte, zum Beispiel vor einem M\u00fclleimer oder einem fliegenden Blatt. Andere Hunde werden mit einem Mal als Bedrohung des Rudels wahrgenommen. Auch kann es passieren, dass er dir nicht mehr gehorcht oder nicht reagiert, wenn du ihn ansprichst.<\/p>\n<p>Einige Theorien besagen, dass die \u201eSpooky Periods\u201c ein \u00dcberbleibsel der Zeiten sind, als Hunde noch in wilden Rudeln lebten. Entfernten sich geschlechtsreife R\u00fcden alleine von ihrer Gruppe, mussten sie besonders wachsam gegen\u00fcber Gefahren sein. Dieses Muster ist den domestizierten Hunden erhalten geblieben.<\/p>\n<p><strong>BEGEGNE DEN \u00c4NGSTEN DES HUNDES AUF ANGEMESSENE WEISE<\/strong><\/p>\n<p>Kennt man all die unterschiedlichen Phasen, die ein Hund auf seiner Reise vom Welpen zum ausgewachsenen Hund durchlebt, wird es leichter, das Verhalten des Hundes zu verstehen und alle Phasen akzeptieren und genie\u00dfen zu k\u00f6nnen. Allerdings sollte man nicht erwarten, dass sich das Problemverhalten von alleine l\u00f6st. Unerw\u00fcnschtem Benehmen sollte entgegengewirkt werden, sodass dies im sp\u00e4teren Leben des Hundes zu keinem gr\u00f6\u00dferen Problem wird. Auf diese Weise gehst du die Herausforderung richtig an.<\/p>\n<p><strong>SEI KONSEQUENT MIT REGELN<\/strong><\/p>\n<p>Um ohne bleibende Probleme durch die \u201eSpooky Periods\u201c zu kommen, ist es wichtig, dass du und weitere Familienmitglieder konsequent in Eurem Verhalten und mit den geltenden Regeln sind. Funktioniert das Kommando nicht mehr, beginne von vorne und erinnern dich daran, was Du beim Welpentraining gelernt hast.<\/p>\n<p><strong>SETZE DAS UMGEBUNGSTRAINING MIT DEINEM HUND FORT<\/strong><\/p>\n<p>Nimm deinen Hund weiterhin \u00fcberall mit hin, sodass er sich an unterschiedliche Orte gew\u00f6hnen kann.<\/p>\n<p><strong>Erfahre mehr<\/strong><\/p>\n<ul>\n<li><a href=\"https:\/\/bozita.com\/de\/leben-mit-hund\/entwicklung-deines-hundes\/umgebungstraining-mit-dem-welpen-was-wann-und-wie\/\">Praktische Checkliste zum Umgebungstraining mit dem Welpen<\/a><\/li>\n<\/ul>\n<p><strong>\u200bKONFRONTIERE DEN HUND MIT GEFAHREN UND BEMITLEIDE IHN NICHT<\/strong><\/p>\n<p>Konfrontiere deinen Hund mit Angst einfl\u00f6\u00dfenden Dingen, indem du ihm zeigst, dass diese keine Gefahr darstellen. Klopfe auf die gef\u00e4hrliche M\u00fclltonne und rede mit dieser, als w\u00e4re es das Nat\u00fcrlichste auf der Welt. Verst\u00e4rke nicht die Angst des Hundes vor Dingen und Ereignissen, indem du ihn bemitleidest oder auf den Arm nimmst.<\/p>\n<p>Zwinge den Hund niemals zu etwas, das er als erschreckend erlebt. Versuche stattdessen, ihn neugierig zu machen und mit seiner Neugier zu \u00fcberzeugen.<\/p>\n<p>Erschreckt sich der Hund vor etwas, \u00fcber das du keine Kontrolle hast, zum Beispiel einer\/m vorbeifahrenden Radfahrer\/in, versuche, die Aufmerksamkeit mithilfe eines Spielzeugs oder Leckerlis abzulenken.<\/p>\n<p>Kann der Hund seine Angst nicht sofort \u00fcberwinden, komme immer und immer wieder an den Ort zur\u00fcck, bis es keine gr\u00f6\u00dfere Sache mehr ist. Belohne den Hund, wenn er seine Angst \u00fcberwunden hat.<\/p>\n<p>Vergiss auch nicht, gemeinsam Spa\u00df zu haben! Entdecke Aktivit\u00e4ten, die sowohl dem Hund als auch Dir gefallen.<\/p>\n<p><strong>Erfahre mehr<\/strong><\/p>\n<p><a href=\"https:\/\/bozita.com\/de\/leben-mit-hund\/hunde-beschaftigen\/verbessern-sie-die-interaktion-mit-ihrem-hund-mithilfe-von-aktivitaten\/\">Verbessere das Zusammenspiel mit Deinem Hund mithilfe sch\u00f6ner Aktivit\u00e4ten<\/a><\/p>\n\t\t\t<\/div>\n\t\t<\/div>\n\t<\/div>\n\n\n\n\t<section class=\"block related-articles\">\n\t\t<div class=\"container\">\n\t\t\t<h2>Entdecke weitere Artikel<\/h2>\n\t\t\t<div class=\"row justify-content-center\">\n\t\t\t\t\t\t\t\t\t\t<div class=\"col-sm-6 col-md-6 col-lg-3\">\n\t\t\t\t\t\t\t\t\t\t\t\t\t\t<div class=\"card \">\n\t\t\t\t\t\t\t\t\t\t\t\t\t\t\t\t\t<img decoding=\"async\"  src=\"https:\/\/bozita.com\/de\/wp-content\/uploads\/sites\/8\/2021\/08\/bozita-hundens-utveckling-stadier.jpeg\" alt=\"\">\n\t\t\t\t\t\t\t\t\t\t\t\t\t\t\t\t\t<!-- <img decoding=\"async\" src=\"\n\t\t\t\t\t\t\t\t\t\t\t\t\t\t\t\t\t\t\t\t\" alt=\"\n\t\t\t\t\t\t\t\t\t\t\t\t\t\t\t\t\t\t\t\t\t\t\t\t\t\t\t\"> -->\n\t\t\t\t\t\t\t\t<div class=\"card-body\">\n\t\t\t\t\t\t\t\t\t\t\t\t\t\t\t\t\t\t\t<h6>Die Entwicklung des Hundes vom Welpen zum erwachsenen Hund<\/h6>\n\t\t\t\t\t\t\t\t\t\t\t\t\t\t\t\t\t\t\t<a href=\"https:\/\/bozita.com\/de\/leben-mit-hund\/entwicklung-deines-hundes\/die-entwicklung-des-hundes-vom-welpen-zum-erwachsenen-hund\/\">Weiterlesen &nbsp; ><\/a>\n\t\t\t\t\t\t\t\t<\/div>\n\t\t\t\t\t\t\t<\/div>\n\t\t\t\t\t\t<\/div>\n\n\t\t\t\t\t\t\t\t\t\t\t<div class=\"col-sm-6 col-md-6 col-lg-3\">\n\t\t\t\t\t\t\t\t\t\t\t\t\t\t<div class=\"card \">\n\t\t\t\t\t\t\t\t\t\t\t\t\t\t\t\t\t<img decoding=\"async\"  src=\"https:\/\/bozita.com\/de\/wp-content\/uploads\/sites\/8\/2021\/06\/bozita-smakgaranti-hundmat-kattmat.jpeg\" alt=\"\">\n\t\t\t\t\t\t\t\t\t\t\t\t\t\t\t\t\t<!-- <img decoding=\"async\" src=\"\n\t\t\t\t\t\t\t\t\t\t\t\t\t\t\t\t\t\t\t\t\" alt=\"\n\t\t\t\t\t\t\t\t\t\t\t\t\t\t\t\t\t\t\t\t\t\t\t\t\t\t\t\"> -->\n\t\t\t\t\t\t\t\t<div class=\"card-body\">\n\t\t\t\t\t\t\t\t\t\t\t\t\t\t\t\t\t\t\t<h6>Verbessere die Interaktion mit Deinem Hund mithilfe von Aktivit\u00e4ten<\/h6>\n\t\t\t\t\t\t\t\t\t\t\t\t\t\t\t\t\t\t\t<a href=\"https:\/\/bozita.com\/de\/leben-mit-hund\/hunde-beschaftigen\/verbessern-sie-die-interaktion-mit-ihrem-hund-mithilfe-von-aktivitaten\/\">Weiterlesen &nbsp; ><\/a>\n\t\t\t\t\t\t\t\t<\/div>\n\t\t\t\t\t\t\t<\/div>\n\t\t\t\t\t\t<\/div>\n\n\t\t\t\t\t\t\t\t\t\t\t<div class=\"col-sm-6 col-md-6 col-lg-3\">\n\t\t\t\t\t\t\t\t\t\t\t\t\t\t<div class=\"card \">\n\t\t\t\t\t\t\t\t\t\t\t\t\t\t\t\t\t<img decoding=\"async\"  src=\"https:\/\/bozita.com\/de\/wp-content\/uploads\/sites\/8\/2021\/09\/bozita-hund-tonaring.jpg\" alt=\"\">\n\t\t\t\t\t\t\t\t\t\t\t\t\t\t\t\t\t<!-- <img decoding=\"async\" src=\"\n\t\t\t\t\t\t\t\t\t\t\t\t\t\t\t\t\t\t\t\t\" alt=\"\n\t\t\t\t\t\t\t\t\t\t\t\t\t\t\t\t\t\t\t\t\t\t\t\t\t\t\t\"> -->\n\t\t\t\t\t\t\t\t<div class=\"card-body\">\n\t\t\t\t\t\t\t\t\t\t\t\t\t\t\t\t\t\t\t<h6>Was macht man mit einem schwierigen pubertierenden Hund?<\/h6>\n\t\t\t\t\t\t\t\t\t\t\t\t\t\t\t\t\t\t\t<a href=\"https:\/\/bozita.com\/de\/leben-mit-hund\/hund-kaufen\/wie-man-die-richtige-rasse-auswahlt\/was-macht-man-mit-einem-schwierigen-pubertierenden-hund\/\">Weiterlesen &nbsp; ><\/a>\n\t\t\t\t\t\t\t\t<\/div>\n\t\t\t\t\t\t\t<\/div>\n\t\t\t\t\t\t<\/div>\n\n\t\t\t\t\t\t\t\t\t\t\t\t<\/div>\n\t\t<\/div>\n\t<\/section>\n","protected":false},"excerpt":{"rendered":"","protected":false},"author":1,"featured_media":7987,"parent":6951,"menu_order":0,"comment_status":"closed","ping_status":"closed","template":"guternberg.php","meta":{"footnotes":""},"acf":[],"yoast_head":"<!-- This site is optimized with the Yoast SEO plugin v21.3 - https:\/\/yoast.com\/wordpress\/plugins\/seo\/ -->\n<title>Die \u201eSpooky Periods\u201c bei Hunden | Bozita DE<\/title>\n<meta name=\"description\" content=\"F\u00fcrchtet sich Dein rund 5 Monate alter Welpe pl\u00f6tzlich und scheinbar grundlos vor Dingen hat er vermutlich die sogenannten \u201eSpooky Periods\u201c erreicht.\" \/>\n<meta name=\"robots\" content=\"index, follow, max-snippet:-1, max-image-preview:large, max-video-preview:-1\" \/>\n<link rel=\"canonical\" href=\"https:\/\/bozita.com\/de\/leben-mit-hund\/hund-kaufen\/wie-man-die-richtige-rasse-auswahlt\/furchtet-sich-der-hund-plotzlich-vor-alltaglichen-dingen-vermutlich-hat-er-die-spooky-periods-erreicht\/\" \/>\n<meta property=\"og:locale\" content=\"de_DE\" \/>\n<meta property=\"og:type\" content=\"article\" \/>\n<meta property=\"og:title\" content=\"Die \u201eSpooky Periods\u201c bei Hunden | Bozita DE\" \/>\n<meta property=\"og:description\" content=\"F\u00fcrchtet sich Dein rund 5 Monate alter Welpe pl\u00f6tzlich und scheinbar grundlos vor Dingen hat er vermutlich die sogenannten \u201eSpooky Periods\u201c erreicht.\" \/>\n<meta property=\"og:url\" content=\"https:\/\/bozita.com\/de\/leben-mit-hund\/hund-kaufen\/wie-man-die-richtige-rasse-auswahlt\/furchtet-sich-der-hund-plotzlich-vor-alltaglichen-dingen-vermutlich-hat-er-die-spooky-periods-erreicht\/\" \/>\n<meta property=\"og:site_name\" content=\"Bozita DE\" \/>\n<meta property=\"article:modified_time\" content=\"2024-09-30T08:28:49+00:00\" \/>\n<meta property=\"og:image\" content=\"https:\/\/bozita.com\/de\/wp-content\/uploads\/sites\/8\/2021\/09\/bozita-hundvalp-spokalder-plotsliga-radslor.jpg\" \/>\n\t<meta property=\"og:image:width\" content=\"800\" \/>\n\t<meta property=\"og:image:height\" content=\"533\" \/>\n\t<meta property=\"og:image:type\" content=\"image\/jpeg\" \/>\n<meta name=\"twitter:card\" content=\"summary_large_image\" \/>\n<!-- \/ Yoast SEO plugin. -->","yoast_head_json":{"title":"Die \u201eSpooky Periods\u201c bei Hunden | Bozita DE","description":"F\u00fcrchtet sich Dein rund 5 Monate alter Welpe pl\u00f6tzlich und scheinbar grundlos vor Dingen hat er vermutlich die sogenannten \u201eSpooky Periods\u201c erreicht.","robots":{"index":"index","follow":"follow","max-snippet":"max-snippet:-1","max-image-preview":"max-image-preview:large","max-video-preview":"max-video-preview:-1"},"canonical":"https:\/\/bozita.com\/de\/leben-mit-hund\/hund-kaufen\/wie-man-die-richtige-rasse-auswahlt\/furchtet-sich-der-hund-plotzlich-vor-alltaglichen-dingen-vermutlich-hat-er-die-spooky-periods-erreicht\/","og_locale":"de_DE","og_type":"article","og_title":"Die \u201eSpooky Periods\u201c bei Hunden | Bozita DE","og_description":"F\u00fcrchtet sich Dein rund 5 Monate alter Welpe pl\u00f6tzlich und scheinbar grundlos vor Dingen hat er vermutlich die sogenannten \u201eSpooky Periods\u201c erreicht.","og_url":"https:\/\/bozita.com\/de\/leben-mit-hund\/hund-kaufen\/wie-man-die-richtige-rasse-auswahlt\/furchtet-sich-der-hund-plotzlich-vor-alltaglichen-dingen-vermutlich-hat-er-die-spooky-periods-erreicht\/","og_site_name":"Bozita DE","article_modified_time":"2024-09-30T08:28:49+00:00","og_image":[{"width":800,"height":533,"url":"https:\/\/bozita.com\/de\/wp-content\/uploads\/sites\/8\/2021\/09\/bozita-hundvalp-spokalder-plotsliga-radslor.jpg","type":"image\/jpeg"}],"twitter_card":"summary_large_image","schema":{"@context":"https:\/\/schema.org","@graph":[{"@type":"WebPage","@id":"https:\/\/bozita.com\/de\/leben-mit-hund\/hund-kaufen\/wie-man-die-richtige-rasse-auswahlt\/furchtet-sich-der-hund-plotzlich-vor-alltaglichen-dingen-vermutlich-hat-er-die-spooky-periods-erreicht\/","url":"https:\/\/bozita.com\/de\/leben-mit-hund\/hund-kaufen\/wie-man-die-richtige-rasse-auswahlt\/furchtet-sich-der-hund-plotzlich-vor-alltaglichen-dingen-vermutlich-hat-er-die-spooky-periods-erreicht\/","name":"Die \u201eSpooky Periods\u201c bei Hunden | Bozita DE","isPartOf":{"@id":"https:\/\/bozita.com\/de\/#website"},"datePublished":"2021-09-23T04:57:01+00:00","dateModified":"2024-09-30T08:28:49+00:00","description":"F\u00fcrchtet sich Dein rund 5 Monate alter Welpe pl\u00f6tzlich und scheinbar grundlos vor Dingen hat er vermutlich die sogenannten \u201eSpooky Periods\u201c erreicht.","breadcrumb":{"@id":"https:\/\/bozita.com\/de\/leben-mit-hund\/hund-kaufen\/wie-man-die-richtige-rasse-auswahlt\/furchtet-sich-der-hund-plotzlich-vor-alltaglichen-dingen-vermutlich-hat-er-die-spooky-periods-erreicht\/#breadcrumb"},"inLanguage":"de","potentialAction":[{"@type":"ReadAction","target":["https:\/\/bozita.com\/de\/leben-mit-hund\/hund-kaufen\/wie-man-die-richtige-rasse-auswahlt\/furchtet-sich-der-hund-plotzlich-vor-alltaglichen-dingen-vermutlich-hat-er-die-spooky-periods-erreicht\/"]}]},{"@type":"BreadcrumbList","@id":"https:\/\/bozita.com\/de\/leben-mit-hund\/hund-kaufen\/wie-man-die-richtige-rasse-auswahlt\/furchtet-sich-der-hund-plotzlich-vor-alltaglichen-dingen-vermutlich-hat-er-die-spooky-periods-erreicht\/#breadcrumb","itemListElement":[{"@type":"ListItem","position":1,"name":"Startseite","item":"https:\/\/bozita.com\/de\/"},{"@type":"ListItem","position":2,"name":"Leben mit Hund","item":"https:\/\/bozita.com\/de\/leben-mit-hund\/"},{"@type":"ListItem","position":3,"name":"Einen Hund kaufen","item":"https:\/\/bozita.com\/de\/leben-mit-hund\/hund-kaufen\/"},{"@type":"ListItem","position":4,"name":"Wie man die richtige Rasse ausw\u00e4hlt","item":"https:\/\/bozita.com\/de\/leben-mit-hund\/hund-kaufen\/wie-man-die-richtige-rasse-auswahlt\/"},{"@type":"ListItem","position":5,"name":"Die \u201eSpooky Periods\u201c bei Hunden"}]},{"@type":"WebSite","@id":"https:\/\/bozita.com\/de\/#website","url":"https:\/\/bozita.com\/de\/","name":"Bozita DE","description":"","potentialAction":[{"@type":"SearchAction","target":{"@type":"EntryPoint","urlTemplate":"https:\/\/bozita.com\/de\/?s={search_term_string}"},"query-input":"required name=search_term_string"}],"inLanguage":"de"}]}},"_links":{"self":[{"href":"https:\/\/bozita.com\/de\/wp-json\/wp\/v2\/pages\/6950"}],"collection":[{"href":"https:\/\/bozita.com\/de\/wp-json\/wp\/v2\/pages"}],"about":[{"href":"https:\/\/bozita.com\/de\/wp-json\/wp\/v2\/types\/page"}],"author":[{"embeddable":true,"href":"https:\/\/bozita.com\/de\/wp-json\/wp\/v2\/users\/1"}],"replies":[{"embeddable":true,"href":"https:\/\/bozita.com\/de\/wp-json\/wp\/v2\/comments?post=6950"}],"version-history":[{"count":16,"href":"https:\/\/bozita.com\/de\/wp-json\/wp\/v2\/pages\/6950\/revisions"}],"predecessor-version":[{"id":29035,"href":"https:\/\/bozita.com\/de\/wp-json\/wp\/v2\/pages\/6950\/revisions\/29035"}],"up":[{"embeddable":true,"href":"https:\/\/bozita.com\/de\/wp-json\/wp\/v2\/pages\/6951"}],"wp:featuredmedia":[{"embeddable":true,"href":"https:\/\/bozita.com\/de\/wp-json\/wp\/v2\/media\/7987"}],"wp:attachment":[{"href":"https:\/\/bozita.com\/de\/wp-json\/wp\/v2\/media?parent=6950"}],"curies":[{"name":"wp","href":"https:\/\/api.w.org\/{rel}","templated":true}]}}