{"id":6951,"date":"2021-09-23T04:53:20","date_gmt":"2021-09-23T04:53:20","guid":{"rendered":"https:\/\/bozita.com\/de\/wie-man-die-richtige-rasse-auswahlt\/"},"modified":"2024-08-12T12:27:12","modified_gmt":"2024-08-12T12:27:12","slug":"wie-man-die-richtige-rasse-auswahlt","status":"publish","type":"page","link":"https:\/\/bozita.com\/de\/leben-mit-hund\/hund-kaufen\/wie-man-die-richtige-rasse-auswahlt\/","title":{"rendered":"Wie man die richtige Rasse ausw\u00e4hlt"},"content":{"rendered":"\t\t<section class=\"small-hero\">\n\t\t\t<div class=\"container\">\n\t\t\t\t<h1 class=\"small-hero-title\">Wie man die richtige Rasse ausw\u00e4hlt<\/h1>\t\t\t<\/div>\n\t\t\t<\/div>\n\t\t<\/section>\n\t\n\n\t<div class=\"text-box-warp\">\n\t\t<div class=\"container\">\n\t\t\t<div class=\"text-content\">\n\t\t\t\t<p>Du denkst dar\u00fcber nach dir einen Welpen zu holen? Das ist eine gro\u00dfe Entscheidung. F\u00fcr viele Jahre wirst du einen treuen Freund an deiner Seite haben und bevor du dich f\u00fcr eine Rasse entscheidest, gibt es ein paar Dinge, die du ber\u00fccksichtigen solltest. Zum Beispiel, ob es die richtige Rasse f\u00fcr Kinder ist und soll der Hund Allergiker freundlich sein? Wie viele Bewegung braucht dein Hund und nat\u00fcrlich, k\u00f6nnen wir neben der Arbeit einen Hund haben?<\/p>\n<p>Die Auswahl der richtigen Rasse ist mit Sicherheit der wichtigste Schritt f\u00fcr einen neuen Hundebesitzer. Es ist etwas sehr pers\u00f6nlich, und nat\u00fcrlich hat jeder seine Vorlieben f\u00fcr eine Rasse. Dennoch ist es wichtig drauf zu achten, wie die Charaktere der unterschiedlichen Rassen sind und das ist wichtiger als das Aussehen und die Farbe des Hundes.<\/p>\n<p>Die verschiedenen Rassen, deren Charaktere und Bed\u00fcrfnisse sollten dem Besitzer entsprechen. Es gibt mehr als 300 Rassen. Einige haben einen ausgepr\u00e4gten Jagdtrieb, andere sind eher Begleithunde und wieder andere Hunde brauchen viel Bewegung, knifflige Aufgaben oder sind sehr gem\u00fctlich. Bevor du dir einen Hund kaufst, frag dich, warum du einen Hund m\u00f6chtest. W\u00fcnschst du dir Gesellschaft vor dem Fernseher oder zum Jagen? Oder doch einen Hund f\u00fcr ruhige Spazierg\u00e4nge im Wald oder zum Gehorsamstraining.<\/p>\n\t\t\t<\/div>\n\t\t<\/div>\n\t<\/div>\n\n\n\t<section class=\"media-object-wrap\">\n\t\t<div class=\"container\">\n\t\t\t<div class=\"media-object\">\n\t\t\t\t<div class=\"row row-eq-height align-items-stretch\">\n\t\t\t\t\t<div class=\"col-md-5\">\n\t\t\t\t\t\t\t\t\t\t\t\t\t<img decoding=\"async\" src=\"https:\/\/bozita.com\/de\/wp-content\/uploads\/sites\/8\/2024\/08\/Hunderasse.jpg\" alt=\"\">\n\t\t\t\t\t\t\t\t\t\t\t\t<\/div>\n\t\t\t\t\t<div class=\"col-md-7 d-flex align-items-center\">\n\t\t\t\t\t\t<div class=\"media-content\">\n\t\t\t\t\t\t<h2>W\u00c4HLE MIT BEDACHT<\/h2>\n<p>Wenn die Entscheidung gefallen ist, ist man oftmals sehr aufgeregt und m\u00f6chte den Welpen sofort haben. Aber jetzt kommt erstmal der Teil, in dem du dich f\u00fcr eine Weile beruhigen und erkennen solltest, dass diese Entscheidung gro\u00dfe Ver\u00e4nderung mit sich bringen wird und der Hund, den du ausgesucht hast, in dein Leben und zu deinen Gewohnheiten passen muss. Eine gr\u00fcndliche, sorgf\u00e4ltige und realistische Recherche ist das A und O. Welcher Erwartung hast du und was braucht der Hund? Welche Eigenschaften passen zu deiner Lebensweise und wie viel Zeit und Energie wirst du in deinen Hund investieren? Wenn du in einer Wohnung in der Stadt lebst und in einem nahen gelegenen Park spazieren gehen m\u00fcsstest, sollten Rassen mit Jagdinstinkt gemieden werden. Du musst ehrlich zu dir selbst, deiner Situation und deiner Grenzen sein, so ist es viel einfacher die richtige Rasse zu finden. Ein Hund zu besitzen sollte Spa\u00df machen und nicht viele Probleme bereiten.<\/p>\n\t\t\t\t\t\t<\/div>\n\t\t\t\t\t<\/div>\n\t\t\t\t<\/div>\n\t\t\t<\/div>\n\t\t<\/div>\n\t<\/section>\n   \n\n\n\t<div class=\"text-box-warp\">\n\t\t<div class=\"container\">\n\t\t\t<div class=\"text-content\">\n\t\t\t\t<h2>SOZIALE WESEN MIT UNTERSCHIEDLICHEN BED\u00dcRFNISSEN<\/h2>\n<p>Unterschiedliche Rassen haben unterschiedliche Bed\u00fcrfnisse in Bezug auf geistige Eigenschaften und ihrem nat\u00fcrlichen Verwendungsgebiet. Viele Rassen brauchen viel Bewegung, um bei guter Gesundheut zu sein. Andere wiederum m\u00fcssen Ihre Nase benutzen und knifflige Aufgaben l\u00f6sen oder sogar Beides. Alle Rassen haben jedoch eines gemeinsam, sie h\u00fcten Tiere. Sie sind soziale Wesen und wollen Teil aller m\u00f6glichen Ereignisse sein. Deshalb ist es wichtig, dass du dir bewusst bist, dass dein Hund deine Aufmerksamkeit braucht. Auch die Gr\u00f6\u00dfe deines Hundes ist wichtig. Unter allen Haustieren, weist d er Hund die meisten Gr\u00f6\u00dfenunterschiede auf. Einige Rassen passen in eine gr\u00f6\u00dfere Tasche und andere nicht einmal in ein kleines Auto. Ein gro\u00dfes Auto. Ein gro\u00dfer Hund braucht viel Platz, sowohl zu Hause als auch im Auto. Sie sind auch k\u00f6rperlich sehr stark, daher ist es wichtig, dass du einen gut gewachsenen und starken Hund f\u00fchren kannst, wenn du dich f\u00fcr eine dieser Rassen entscheiden. Aber lass Dich nicht von der Gr\u00f6\u00dfe t\u00e4uschen! Ein kleiner Hund kann ebenso eine anspruchsvolle Pers\u00f6nlichkeit und Bed\u00fcrfnisse haben. Obwohl der Hund klein ist, bedeutet es nicht, dass er kleinere Bed\u00fcrfnisse hat.<\/p>\n<p>Wenn du ein klares Bild von einem normalen Tag mit deinem Hund hast, ist es wichtig so viel wie m\u00f6glich \u00fcber die geeignete Rasse herauszufinden, Es gibt viele B\u00fccher und Informationen im Internet mit vielen n\u00fctzlichen Informationen. Ein weiterer Tipp ist, mit Z\u00fcchtern und Vereinen zu plaudern und eine Hundeausstellung zu besuchen um Z\u00fcchter vor Ort fragen stellen zu k\u00f6nnen. Dabei gibt es eine wichtige Frage: Was kann ich von dieser Rasse erwarten? Obwohl es unterschiedliche Individuen sind, hat dein Hund wahrscheinlich das gleiche Temperament und die gleiche Art und Weise wie die typische Rasse. Einige Rassen haben Verhaltens- und Pers\u00f6nlichkeitsbeschreibungen. BHP zu lesen. Dann lernst du wie Verspiel, Gesellig oder \u00e4ngstlich die verschiedenen Rassen sind. Weitere Ratgeber gibt es bei\u00a0<a href=\"https:\/\/www.vdh.de\/welpen\/inhalt\/tippsanschaffung\">VDH (Verband f\u00fcr das Deutsche Hundewesen)<\/a>.<\/p>\n\t\t\t<\/div>\n\t\t<\/div>\n\t<\/div>\n\n\n\t<section class=\"media-object-wrap\">\n\t\t<div class=\"container\">\n\t\t\t<div class=\"media-object\">\n\t\t\t\t<div class=\"row row-eq-height align-items-stretch\">\n\t\t\t\t\t<div class=\"col-md-5\">\n\t\t\t\t\t\t\t\t\t\t\t\t\t<img decoding=\"async\" src=\"https:\/\/bozita.com\/de\/wp-content\/uploads\/sites\/8\/2021\/09\/bozita-hundkurser-valpkurs.jpg\" alt=\"\">\n\t\t\t\t\t\t\t\t\t\t\t\t<\/div>\n\t\t\t\t\t<div class=\"col-md-7 d-flex align-items-center\">\n\t\t\t\t\t\t<div class=\"media-content\">\n\t\t\t\t\t\t<h2>BEIM KAUF<\/h2>\n<p>Wenn du dich f\u00fcr eine Rasse entschieden hast, stell sicher, das du den Z\u00fcchter in seinem eigenen Zuhause treffen kannst. Dort kannst du dir normalerweise, Mutter, Vater und andere Welpen des Wurfes ansehen. Stell dem Z\u00fcchter alle m\u00f6glichen Fragen. Wenn du das Gef\u00fchl hast, dass die Hunde kein gutes zuhause haben oder sich unwohl f\u00fchlen oder wenn du dich beim Z\u00fcchter nicht wohl oder zuversichtlich f\u00fchlst, lehne den Kauf ab. Das gilt auch, wenn der Welpe oder die Eltern des Welpen Angst haben und keinen Kontakt zu dir herstellen m\u00f6chten. Kaufe niemals einen Hund, auch aus Mitleid nicht, wenn du zum ersten Mal einen Welpen kaufst.<\/p>\n\t\t\t\t\t\t<\/div>\n\t\t\t\t\t<\/div>\n\t\t\t\t<\/div>\n\t\t\t<\/div>\n\t\t<\/div>\n\t<\/section>\n   \n\n\n\t<div class=\"text-box-warp\">\n\t\t<div class=\"container\">\n\t\t\t<div class=\"text-content\">\n\t\t\t\t<p>Die zehn beliebtesten Rassen in Deutschland laut\u00a0<a href=\"https:\/\/www.vdh.de\/welpen\/top50-beliebteste-hunderassen\">VDH (Verband f\u00fcr das Deutsche Hundewesen)<\/a>.<\/p>\n<ul>\n<li>Deutscher Sch\u00e4ferhund<\/li>\n<li>Teckel<\/li>\n<li>Deutscher Drahthaar<\/li>\n<li>Labrador Retriever<\/li>\n<li>Golden Retriever<\/li>\n<li>Pudel<\/li>\n<li>Rottweiler<\/li>\n<li>Deutscher Boxer<\/li>\n<li>Deutsche Dogge<\/li>\n<li>Cavalier King Charles Spaniel<\/li>\n<\/ul>\n\t\t\t<\/div>\n\t\t<\/div>\n\t<\/div>\n\n\n\t<section class=\"block section-promos\">\n\t\t<div class=\"container\">\n\t\t\t<div class=\"row\">\n\t\t\t\t\t\t\t\t\t\t<div class=\"col-md-6\">\n\t\t\t\t\t\t\t<div class=\"card\">\n\t\t\t\t\t\t\t\t\t\t\t\t\t\t\t\t\t<img decoding=\"async\" class=\"card-img-top\" src=\"https:\/\/bozita.com\/de\/wp-content\/uploads\/sites\/8\/2024\/07\/Hund-trocken-scaled.jpg\" alt=\"\">\n\t\t\t\t\t\t\t\t\t\t\t\t\t\t\t\t<div class=\"card-body\">\n\t\t\t\t\t\t\t\t\t<h5 class=\"card-title\">Bozita Trockenfutter Hund<\/h5>\n\t\t\t\t\t\t\t\t\t<p class=\"card-text\"><\/p>\n\t\t\t\t\t\t\t\t\t\t\t\t\t\t\t\t\t\t\t<a target=\"_blank\" href=\"https:\/\/www.bozita-shop.de\/Hunde\/Hundefutter-trocken:::15_35.html\" class=\"btn btn-white\">ONLINE KAUFEN<\/a>\n\t\t\t\t\t\t\t\t\t\t\t\t\t\t\t\t\t\t<\/div>\n\t\t\t\t\t\t\t<\/div>\n\t\t\t\t\t\t<\/div>\n\t\t\t\t\t\t\t\t\t\t\t\t<div class=\"col-md-6\">\n\t\t\t\t\t\t\t<div class=\"card\">\n\t\t\t\t\t\t\t\t\t\t\t\t\t\t\t\t\t<img decoding=\"async\" class=\"card-img-top\" src=\"https:\/\/bozita.com\/de\/wp-content\/uploads\/sites\/8\/2024\/07\/Hund-Nassfutter-scaled.jpg\" alt=\"\">\n\t\t\t\t\t\t\t\t\t\t\t\t\t\t\t\t<div class=\"card-body\">\n\t\t\t\t\t\t\t\t\t<h5 class=\"card-title\">Bozita Nassfutter Hund<\/h5>\n\t\t\t\t\t\t\t\t\t<p class=\"card-text\"><\/p>\n\t\t\t\t\t\t\t\t\t\t\t\t\t\t\t\t\t\t\t<a target=\"_blank\" href=\"https:\/\/www.bozita-shop.de\/Hunde\/Hundefutter-nass:::15_33.html\" class=\"btn btn-white\">ONLINE KAUFEN<\/a>\n\t\t\t\t\t\t\t\t\t\t\t\t\t\t\t\t\t\t<\/div>\n\t\t\t\t\t\t\t<\/div>\n\t\t\t\t\t\t<\/div>\n\t\t\t\t\t\t\t\t\t<\/div>\n\t\t<\/div>\n\t<\/section>\n\n\n<section class=\"block product-promos\">\n\t<div class=\"container\">\n\t\t<div class=\"row align-items-center\">\n\t\t\t<div class=\"col-md-5\">\n\t\t\t\t<div class=\"prdt__promos-heading\">\n\t\t\t\t\t<h3>\n\t\t\t\t\t\tGUTES TROCKENFUTTER F\u00dcR WELPEN UND JUNGHUNDE\t\t\t\t\t<\/h3>\n\t\t\t\t\t\t\t\t\t<\/div>\n\t\t\t<\/div>\n\t\t\t<div class=\"col-md-7\">\n\t\t\t\t\t\t\t\t\t<div class=\"owl-carousel owl-theme product-promo-carousel\">\n\t\t\t\t\t\t\t\t\t\t\t\t\t<a href=\"https:\/\/bozita.com\/de\/hundefutter\/bozita-robur-mother-and-puppy-old\/\">\n\t\t\t\t\t\t\t\t<div class=\"blk__prdt-item\">\n\t\t\t\t\t\t\t\t\t<figure>\n\t\t\t\t\t\t\t\t\t\t<img loading=\"lazy\" decoding=\"async\" width=\"400\" height=\"457\" src=\"https:\/\/bozita.com\/de\/wp-content\/uploads\/sites\/8\/2021\/06\/2035-bozita-robur-mother-puppy.png\" class=\"attachment-post-thumbnail size-post-thumbnail wp-post-image\" alt=\"Bozita Robur Mother &amp; Puppy\" srcset=\"https:\/\/bozita.com\/de\/wp-content\/uploads\/sites\/8\/2021\/06\/2035-bozita-robur-mother-puppy.png 400w, https:\/\/bozita.com\/de\/wp-content\/uploads\/sites\/8\/2021\/06\/2035-bozita-robur-mother-puppy-263x300.png 263w\" sizes=\"(max-width: 400px) 100vw, 400px\" \/>\t\t\t\t\t\t\t\t\t\t\t\t\t\t\t\t\t\t\t<\/figure>\n\t\t\t\t\t\t\t\t\t<h4 class=\"carousel-title\"><\/h4>\n\t\t\t\t\t\t\t\t\t<span class=\"carousel-category\">Bozita Robur Mother &amp; Puppy<\/span>\n\t\t\t\t\t\t\t\t\t  \n\t\t\t\t\t\t\t\t\t<ul class=\"category-list\">\n\t\t\t\t\t\t\t\t\t\t\t\t\t\t\t\t\t\t\t\t\t\t\t<li class=\"svg-image\">\n\t\t\t\t\t\t\t\t\t\t\t\t\t\t<img decoding=\"async\" src=\"https:\/\/bozita.com\/de\/wp-content\/uploads\/sites\/8\/2021\/06\/icon-wheat-free.svg\" \/>\n\t\t\t\t\t\t\t\t\t\t\t\t\t<\/li>\n\t\t\t\t\t\t\t\t\t\t\t\t\t\t\t\t\t\t\t\t\t\t\t\t\t\t\t\t\t\t\t\t\t\t\t\t<li class=\"svg-image\">\n\t\t\t\t\t\t\t\t\t\t\t\t\t\t<img decoding=\"async\" src=\"https:\/\/bozita.com\/de\/wp-content\/uploads\/sites\/8\/2021\/06\/icon-flavour-chicken.svg\" \/>\n\t\t\t\t\t\t\t\t\t\t\t\t\t<\/li>\n\t\t\t\t\t\t\t\t\t\t\t\t\t\t\t\t\t\t\t\t\t\t<\/ul>       \n\n\t\t\t\t\t\t\t\t<\/div>\n\t\t\t\t\t\t\t<\/a>\n\t\t\t\t\t\t\t\t\t\t\t\t\t\t\t\t\t\t\t\t<a href=\"https:\/\/bozita.com\/de\/hundefutter\/bozita-robur-mother-and-puppy-xl-old\/\">\n\t\t\t\t\t\t\t\t<div class=\"blk__prdt-item\">\n\t\t\t\t\t\t\t\t\t<figure>\n\t\t\t\t\t\t\t\t\t\t<img loading=\"lazy\" decoding=\"async\" width=\"400\" height=\"457\" src=\"https:\/\/bozita.com\/de\/wp-content\/uploads\/sites\/8\/2021\/06\/2036-bozita-robur-mother-puppy-xl.png\" class=\"attachment-post-thumbnail size-post-thumbnail wp-post-image\" alt=\"Bozita Active &amp; Sterilised Getreidefrei Lamm\" srcset=\"https:\/\/bozita.com\/de\/wp-content\/uploads\/sites\/8\/2021\/06\/2036-bozita-robur-mother-puppy-xl.png 400w, https:\/\/bozita.com\/de\/wp-content\/uploads\/sites\/8\/2021\/06\/2036-bozita-robur-mother-puppy-xl-263x300.png 263w\" sizes=\"(max-width: 400px) 100vw, 400px\" \/>\t\t\t\t\t\t\t\t\t\t\t\t\t\t\t\t\t\t\t<\/figure>\n\t\t\t\t\t\t\t\t\t<h4 class=\"carousel-title\"><\/h4>\n\t\t\t\t\t\t\t\t\t<span class=\"carousel-category\">Bozita Robur Mother &amp; Puppy XL<\/span>\n\t\t\t\t\t\t\t\t\t  \n\t\t\t\t\t\t\t\t\t<ul class=\"category-list\">\n\t\t\t\t\t\t\t\t\t\t\t\t\t\t\t\t\t\t\t\t\t\t\t<li class=\"svg-image\">\n\t\t\t\t\t\t\t\t\t\t\t\t\t\t<img decoding=\"async\" src=\"https:\/\/bozita.com\/de\/wp-content\/uploads\/sites\/8\/2021\/06\/icon-wheat-free.svg\" \/>\n\t\t\t\t\t\t\t\t\t\t\t\t\t<\/li>\n\t\t\t\t\t\t\t\t\t\t\t\t\t\t\t\t\t\t\t\t\t\t\t\t\t\t\t\t\t\t\t\t\t\t\t\t<li class=\"svg-image\">\n\t\t\t\t\t\t\t\t\t\t\t\t\t\t<img decoding=\"async\" src=\"https:\/\/bozita.com\/de\/wp-content\/uploads\/sites\/8\/2021\/06\/icon-flavour-chicken.svg\" \/>\n\t\t\t\t\t\t\t\t\t\t\t\t\t<\/li>\n\t\t\t\t\t\t\t\t\t\t\t\t\t\t\t\t\t\t\t\t\t\t<\/ul>       \n\n\t\t\t\t\t\t\t\t<\/div>\n\t\t\t\t\t\t\t<\/a>\n\t\t\t\t\t\t\t\t\t\t\t\t\t\t\t\t\t\t<\/div>\n\t\t\t\t\t\t\t<\/div>\n\t\t<\/div>\n\t<\/div>\n<\/section>\n<script>\njQuery(document).ready(function($) {\n\tjQuery('.product-promo-carousel').owlCarousel({\n\tloop: true,\n\tmargin: 10,\n\tresponsiveClass: true,\n\tresponsive: {\n\t\t0: {\n\t\titems: 1,\n\t\tnav: true\n\t\t},\n\t\t600: {\n\t\titems: 1,\n\t\tnav: true\n\t\t},\n\t\t1000: {\n\t\titems: 2,\n\t\tnav: true,\n\t\t}\n\t}\n\t})\n\tjQuery(\".owl-prev\").html('<span><<\/span>');\n\tjQuery(\".owl-next\").html('<span>><\/span>');\n\n\tvar slider = jQuery('.promo-slider-list');\n\tslider.owlCarousel();\n\tjQuery('.nextbtn-a').click(function() {\n\tslider.trigger('next.owl.carousel');\n\t})\n\t\/\/ Go to the previous item\n\tjQuery('.prebtn-a').click(function() {\n\tslider.trigger('prev.owl.carousel', [300]);\n\t})\n});\n<\/script>\n\n\n\n\t<section class=\"block related-articles\">\n\t\t<div class=\"container\">\n\t\t\t<h2>Entdecke weitere Artikel<\/h2>\n\t\t\t<div class=\"row justify-content-center\">\n\t\t\t\t\t\t\t\t\t\t<div class=\"col-sm-6 col-md-6 col-lg-3\">\n\t\t\t\t\t\t\t\t\t\t\t\t\t\t<div class=\"card \">\n\t\t\t\t\t\t\t\t\t\t\t\t\t\t\t\t\t<img decoding=\"async\"  src=\"https:\/\/bozita.com\/de\/wp-content\/uploads\/sites\/8\/2021\/09\/bozita-hund-tonaring.jpg\" alt=\"\">\n\t\t\t\t\t\t\t\t\t\t\t\t\t\t\t\t\t<!-- <img decoding=\"async\" src=\"\n\t\t\t\t\t\t\t\t\t\t\t\t\t\t\t\t\t\t\t\t\" alt=\"\n\t\t\t\t\t\t\t\t\t\t\t\t\t\t\t\t\t\t\t\t\t\t\t\t\t\t\t\"> -->\n\t\t\t\t\t\t\t\t<div class=\"card-body\">\n\t\t\t\t\t\t\t\t\t\t\t\t\t\t\t\t\t\t\t<h6>Was macht man mit einem schwierigen pubertierenden Hund?<\/h6>\n\t\t\t\t\t\t\t\t\t\t\t\t\t\t\t\t\t\t\t<a href=\"https:\/\/bozita.com\/de\/leben-mit-hund\/hund-kaufen\/wie-man-die-richtige-rasse-auswahlt\/was-macht-man-mit-einem-schwierigen-pubertierenden-hund\/\">Weiterlesen &nbsp; ><\/a>\n\t\t\t\t\t\t\t\t<\/div>\n\t\t\t\t\t\t\t<\/div>\n\t\t\t\t\t\t<\/div>\n\n\t\t\t\t\t\t\t\t\t\t\t<div class=\"col-sm-6 col-md-6 col-lg-3\">\n\t\t\t\t\t\t\t\t\t\t\t\t\t\t<div class=\"card \">\n\t\t\t\t\t\t\t\t\t\t\t\t\t\t\t\t\t<img decoding=\"async\"  src=\"https:\/\/bozita.com\/de\/wp-content\/uploads\/sites\/8\/2021\/08\/bozita-hundvalp-ensam-trana.jpeg\" alt=\"\">\n\t\t\t\t\t\t\t\t\t\t\t\t\t\t\t\t\t<!-- <img decoding=\"async\" src=\"\n\t\t\t\t\t\t\t\t\t\t\t\t\t\t\t\t\t\t\t\t\" alt=\"\n\t\t\t\t\t\t\t\t\t\t\t\t\t\t\t\t\t\t\t\t\t\t\t\t\t\t\t\"> -->\n\t\t\t\t\t\t\t\t<div class=\"card-body\">\n\t\t\t\t\t\t\t\t\t\t\t\t\t\t\t\t\t\t\t<h6>So trainierst Du Deinen Hund, allein zu sein<\/h6>\n\t\t\t\t\t\t\t\t\t\t\t\t\t\t\t\t\t\t\t<a href=\"https:\/\/bozita.com\/de\/leben-mit-hund\/entwicklung-deines-hundes\/so-trainieren-sie-ihren-hund-allein-zu-sein\/\">Weiterlesen &nbsp; ><\/a>\n\t\t\t\t\t\t\t\t<\/div>\n\t\t\t\t\t\t\t<\/div>\n\t\t\t\t\t\t<\/div>\n\n\t\t\t\t\t\t\t\t\t\t\t<div class=\"col-sm-6 col-md-6 col-lg-3\">\n\t\t\t\t\t\t\t\t\t\t\t\t\t\t<div class=\"card \">\n\t\t\t\t\t\t\t\t\t\t\t\t\t\t\t\t\t<img decoding=\"async\"  src=\"https:\/\/bozita.com\/de\/wp-content\/uploads\/sites\/8\/2021\/06\/bozita-avmaska-hundvalp-hund.jpg\" alt=\"\">\n\t\t\t\t\t\t\t\t\t\t\t\t\t\t\t\t\t<!-- <img decoding=\"async\" src=\"\n\t\t\t\t\t\t\t\t\t\t\t\t\t\t\t\t\t\t\t\t\" alt=\"\n\t\t\t\t\t\t\t\t\t\t\t\t\t\t\t\t\t\t\t\t\t\t\t\t\t\t\t\"> -->\n\t\t\t\t\t\t\t\t<div class=\"card-body\">\n\t\t\t\t\t\t\t\t\t\t\t\t\t\t\t\t\t\t\t<h6>Wurmkur bei Welpen und ausgewachsenen Hunden<\/h6>\n\t\t\t\t\t\t\t\t\t\t\t\t\t\t\t\t\t\t\t<a href=\"https:\/\/bozita.com\/de\/leben-mit-hund\/die-gesundheit-des-hundes\/wurmkur-bei-welpen-und-ausgewachsenen-hunden\/\">Weiterlesen &nbsp; ><\/a>\n\t\t\t\t\t\t\t\t<\/div>\n\t\t\t\t\t\t\t<\/div>\n\t\t\t\t\t\t<\/div>\n\n\t\t\t\t\t\t\t\t\t\t\t\t<\/div>\n\t\t<\/div>\n\t<\/section>\n","protected":false},"excerpt":{"rendered":"","protected":false},"author":1,"featured_media":0,"parent":6996,"menu_order":0,"comment_status":"closed","ping_status":"closed","template":"guternberg.php","meta":{"footnotes":""},"acf":[],"yoast_head":"<!-- This site is optimized with the Yoast SEO plugin v21.3 - https:\/\/yoast.com\/wordpress\/plugins\/seo\/ -->\n<title>Wie man die richtige Rasse ausw\u00e4hlt | Bozita DE<\/title>\n<meta name=\"description\" content=\"Du denkst dar\u00fcber nach dir einen Welpen zu holen? Die Auswahl der richtigen Rasse ist mit Sicherheit der wichtigste Schritt f\u00fcr einen neuen Hundebesitzer.\" \/>\n<meta name=\"robots\" content=\"index, follow, max-snippet:-1, max-image-preview:large, max-video-preview:-1\" \/>\n<link rel=\"canonical\" href=\"https:\/\/bozita.com\/de\/leben-mit-hund\/hund-kaufen\/wie-man-die-richtige-rasse-auswahlt\/\" \/>\n<meta property=\"og:locale\" content=\"de_DE\" \/>\n<meta property=\"og:type\" content=\"article\" \/>\n<meta property=\"og:title\" content=\"Wie man die richtige Rasse ausw\u00e4hlt | Bozita DE\" \/>\n<meta property=\"og:description\" content=\"Du denkst dar\u00fcber nach dir einen Welpen zu holen? Die Auswahl der richtigen Rasse ist mit Sicherheit der wichtigste Schritt f\u00fcr einen neuen Hundebesitzer.\" \/>\n<meta property=\"og:url\" content=\"https:\/\/bozita.com\/de\/leben-mit-hund\/hund-kaufen\/wie-man-die-richtige-rasse-auswahlt\/\" \/>\n<meta property=\"og:site_name\" content=\"Bozita DE\" \/>\n<meta property=\"article:modified_time\" content=\"2024-08-12T12:27:12+00:00\" \/>\n<meta name=\"twitter:card\" content=\"summary_large_image\" \/>\n<!-- \/ Yoast SEO plugin. -->","yoast_head_json":{"title":"Wie man die richtige Rasse ausw\u00e4hlt | Bozita DE","description":"Du denkst dar\u00fcber nach dir einen Welpen zu holen? Die Auswahl der richtigen Rasse ist mit Sicherheit der wichtigste Schritt f\u00fcr einen neuen Hundebesitzer.","robots":{"index":"index","follow":"follow","max-snippet":"max-snippet:-1","max-image-preview":"max-image-preview:large","max-video-preview":"max-video-preview:-1"},"canonical":"https:\/\/bozita.com\/de\/leben-mit-hund\/hund-kaufen\/wie-man-die-richtige-rasse-auswahlt\/","og_locale":"de_DE","og_type":"article","og_title":"Wie man die richtige Rasse ausw\u00e4hlt | Bozita DE","og_description":"Du denkst dar\u00fcber nach dir einen Welpen zu holen? Die Auswahl der richtigen Rasse ist mit Sicherheit der wichtigste Schritt f\u00fcr einen neuen Hundebesitzer.","og_url":"https:\/\/bozita.com\/de\/leben-mit-hund\/hund-kaufen\/wie-man-die-richtige-rasse-auswahlt\/","og_site_name":"Bozita DE","article_modified_time":"2024-08-12T12:27:12+00:00","twitter_card":"summary_large_image","schema":{"@context":"https:\/\/schema.org","@graph":[{"@type":"WebPage","@id":"https:\/\/bozita.com\/de\/leben-mit-hund\/hund-kaufen\/wie-man-die-richtige-rasse-auswahlt\/","url":"https:\/\/bozita.com\/de\/leben-mit-hund\/hund-kaufen\/wie-man-die-richtige-rasse-auswahlt\/","name":"Wie man die richtige Rasse ausw\u00e4hlt | Bozita DE","isPartOf":{"@id":"https:\/\/bozita.com\/de\/#website"},"datePublished":"2021-09-23T04:53:20+00:00","dateModified":"2024-08-12T12:27:12+00:00","description":"Du denkst dar\u00fcber nach dir einen Welpen zu holen? Die Auswahl der richtigen Rasse ist mit Sicherheit der wichtigste Schritt f\u00fcr einen neuen Hundebesitzer.","breadcrumb":{"@id":"https:\/\/bozita.com\/de\/leben-mit-hund\/hund-kaufen\/wie-man-die-richtige-rasse-auswahlt\/#breadcrumb"},"inLanguage":"de","potentialAction":[{"@type":"ReadAction","target":["https:\/\/bozita.com\/de\/leben-mit-hund\/hund-kaufen\/wie-man-die-richtige-rasse-auswahlt\/"]}]},{"@type":"BreadcrumbList","@id":"https:\/\/bozita.com\/de\/leben-mit-hund\/hund-kaufen\/wie-man-die-richtige-rasse-auswahlt\/#breadcrumb","itemListElement":[{"@type":"ListItem","position":1,"name":"Startseite","item":"https:\/\/bozita.com\/de\/"},{"@type":"ListItem","position":2,"name":"Leben mit Hund","item":"https:\/\/bozita.com\/de\/leben-mit-hund\/"},{"@type":"ListItem","position":3,"name":"Einen Hund kaufen","item":"https:\/\/bozita.com\/de\/leben-mit-hund\/hund-kaufen\/"},{"@type":"ListItem","position":4,"name":"Wie man die richtige Rasse ausw\u00e4hlt"}]},{"@type":"WebSite","@id":"https:\/\/bozita.com\/de\/#website","url":"https:\/\/bozita.com\/de\/","name":"Bozita DE","description":"","potentialAction":[{"@type":"SearchAction","target":{"@type":"EntryPoint","urlTemplate":"https:\/\/bozita.com\/de\/?s={search_term_string}"},"query-input":"required name=search_term_string"}],"inLanguage":"de"}]}},"_links":{"self":[{"href":"https:\/\/bozita.com\/de\/wp-json\/wp\/v2\/pages\/6951"}],"collection":[{"href":"https:\/\/bozita.com\/de\/wp-json\/wp\/v2\/pages"}],"about":[{"href":"https:\/\/bozita.com\/de\/wp-json\/wp\/v2\/types\/page"}],"author":[{"embeddable":true,"href":"https:\/\/bozita.com\/de\/wp-json\/wp\/v2\/users\/1"}],"replies":[{"embeddable":true,"href":"https:\/\/bozita.com\/de\/wp-json\/wp\/v2\/comments?post=6951"}],"version-history":[{"count":24,"href":"https:\/\/bozita.com\/de\/wp-json\/wp\/v2\/pages\/6951\/revisions"}],"predecessor-version":[{"id":28804,"href":"https:\/\/bozita.com\/de\/wp-json\/wp\/v2\/pages\/6951\/revisions\/28804"}],"up":[{"embeddable":true,"href":"https:\/\/bozita.com\/de\/wp-json\/wp\/v2\/pages\/6996"}],"wp:attachment":[{"href":"https:\/\/bozita.com\/de\/wp-json\/wp\/v2\/media?parent=6951"}],"curies":[{"name":"wp","href":"https:\/\/api.w.org\/{rel}","templated":true}]}}