{"id":6963,"date":"2021-08-12T17:58:28","date_gmt":"2021-08-12T17:58:28","guid":{"rendered":"https:\/\/bozita.com\/de\/our-privacy-policy\/"},"modified":"2025-01-17T07:07:44","modified_gmt":"2025-01-17T07:07:44","slug":"our-privacy-policy","status":"publish","type":"page","link":"https:\/\/bozita.com\/de\/our-privacy-policy\/","title":{"rendered":"Our Privacy Policy"},"content":{"rendered":"\t\t<section class=\"small-hero\">\n\t\t\t<div class=\"container\">\n\t\t\t\t<h5>Bozita<\/h5><h1 class=\"small-hero-title\">Our Privacy Policy<\/h1>\t\t\t<\/div>\n\t\t\t<\/div>\n\t\t<\/section>\n\t\n\n\t<div class=\"text-box-warp\">\n\t\t<div class=\"container\">\n\t\t\t<div class=\"text-content\">\n\t\t\t\t<div class=\"article__introduction\">\n<h1 class=\"article__heading\">GDPR<\/h1>\n<p>Bei allen Kontakten mit der Partner in Pet Food Nordics AB \u2013 als Mitglied\/Teilnehmer an einem Gewinnspiel\/bei Kontakten mit Doggy \u2013 sollen Sie sich immer sicher f\u00fchlen, dass wir Ihre pers\u00f6nlichen Daten vertraulich behandeln. Aufgrund der neuen EU-Datenschutz-Grundverordnung (EU-DSGVO) haben wir unsere Datenschutzerkl\u00e4rung ab einschlie\u00dflich 25. Mai 2018 neu angepasst und verdeutlicht. Die neue DSGVO stellt an uns als Unternehmen h\u00f6here Anforderungen und wir begr\u00fc\u00dfen die neuen Regeln. Bei Ihren Kontakten mit der Partner in Pet Food Nordics AB werden Sie jedoch keine merklichen Unterschiede feststellen. Wir nehmen den Schutz Ihrer personenbezogenen Daten bereits heute sehr ernst und f\u00fcr uns ist die hohe Sicherheit Ihrer Daten oberstes Ziel. Wenn Sie Fragen zum Datenschutz haben oder in irgendeiner Weise nicht damit einverstanden sind, wie wir Ihre Daten behandeln, kontaktieren Sie uns gerne.<\/p>\n<\/div>\n<div class=\"article__body\">\n<h2>DATENSCHUTZERKL\u00c4RUNG<\/h2>\n<ol>\n<li><strong>Information \u00fcber die Verarbeitung Ihrer personenbezogenen Daten<\/strong><br \/>\nDie Partner in Pet Food Nordics AB nimmt den Schutz Ihrer personenbezogenen Daten sehr ernst und wir wollen, dass Sie sich stets sicher f\u00fchlen, wenn Sie uns Ihre Daten anvertrauen. F\u00fcr uns bei Partner in Pet Food Nordics AB ist es wichtig, dass wir Sie offen und in verst\u00e4ndlicher Weise dar\u00fcber informieren, wie wir Ihre personenbezogenen Daten behandeln.<\/li>\n<\/ol>\n<p>Diese Datenschutzerkl\u00e4rung enth\u00e4lt Informationen dar\u00fcber, wie wir Ihre Daten verarbeiten. Die neueste Version der Datenschutzerkl\u00e4rung finden Sie unter\u00a0<a href=\"http:\/\/web.archive.org\/web\/20210125190840\/http:\/\/www.doggyab.se\/\">www.doggyab.se<\/a>.<\/p>\n<p>Bitte lassen Sie uns wissen, wenn Sie noch Fragen oder Anmerkungen haben.<\/p>\n<ol start=\"2\">\n<li><strong>Verantwortlicher f\u00fcr die personenbezogenen Daten<\/strong><br \/>\nVerantwortlicher f\u00fcr die Verarbeitung Ihrer personenbezogenen Daten ist die Partner in Pet Food Nordics AB, Firmennummer 556055-5129. Wir sind nicht dazu verpflichtet, einen Datenschutzbeauftragten zu bestellen. Sollten Sie Fragen oder Einwendungen dazu haben, wie wir Ihre Daten behandeln, kontaktieren Sie uns bitte wie folgt:<\/li>\n<\/ol>\n<p>E-Mail:\u00a0<a href=\"mailto:dataprotection@doggy.se\">dataprotection@doggy.se<\/a><\/p>\n<p>Zentrale: +46 (0) 322-61 78 00<\/p>\n<p>Unser Ziel ist es, Sie stets korrekt und in verst\u00e4ndlicher Weise dar\u00fcber zu informieren, wie wir mit Ihren Daten umgehen. Der Schutz Ihrer personenbezogenen Daten ist f\u00fcr uns oberstes Ziel und wir arbeiten st\u00e4ndig daran, diesen zu verbessern. Bei allen Kontakten mit uns sollen Sie sich immer sicher f\u00fchlen, dass wir Daten, die Sie uns anvertrauen, vertraulich behandeln.<\/p>\n<ol start=\"3\">\n<li><strong>Welche personenbezogenen Daten werden von der Partner in Pet Food Nordics AB erfasst?<\/strong><br \/>\nWir erheben personenbezogene Daten nur in den F\u00e4llen, wenn eine rechtliche Grundlage daf\u00fcr vorliegt und wir verarbeiten diese Daten nur dann,<\/li>\n<\/ol>\n<p>wenn dies zur Erf\u00fcllung unserer Verpflichtungen gegen\u00fcber Ihnen,<\/p>\n<p>die sich aus gesetzlichen Vorschriften oder Vertr\u00e4gen ergeben, erforderlich ist.<\/p>\n<p>&nbsp;<\/p>\n<p>Personenbezogene Daten, die Sie Doggy anvertrauen, k\u00f6nnen abh\u00e4ngig vom jeweiligen gesch\u00e4ftlichen Zusammenhang\/Zweck z. B. folgende sein:<\/p>\n<ul>\n<li>Vorname und Name<\/li>\n<li>Anschrift<\/li>\n<li>E-Mail-Adresse<\/li>\n<li>Telefonnummer<\/li>\n<li>Personenkennziffer\/Geburtsdatum<\/li>\n<li>Informationen \u00fcber den jeweiligen Vorgang<\/li>\n<li>Informationen an den Kundendienst<\/li>\n<li>Daten und Informationen, die Sie uns freiwillig zur Verf\u00fcgung stellen<\/li>\n<li>Inhalte\/Fotografien, die Sie selbst auf unseren sozialen Medien ver\u00f6ffentlichen, sog. nutzergenerierte Inhalte<\/li>\n<\/ul>\n<p>&nbsp;<\/p>\n<p>Weitere Informationen \u00fcber die Verarbeitung personenbezogener Daten, siehe Punkt 4.<\/p>\n<p>&nbsp;<\/p>\n<ol start=\"4\">\n<li><strong>Warum verarbeitet die Partner in Pet Food Nordics AB Ihre personenbezogenen Daten?<\/strong><br \/>\nWenn Sie uns, der Partner in Pet Food Nordics AB, personenbezogene Daten anvertrauen, verwenden wir diese nur f\u00fcr die unten angegebenen Zwecke sowie in Einklang mit den gesetzlichen Grundlagen und geltenden Aufbewahrungsfristen:<\/li>\n<li><strong>a)<\/strong><strong>\u00a0Rechtliche Verpflichtungen:\u00a0Verarbeitungszweck Ihrer personenbezogenen Daten:<\/strong><br \/>\nZur Erf\u00fcllung rechtlicher Verpflichtungen des Unternehmens bez\u00fcglich Produktsicherheit, Beschl\u00fcssen von Beh\u00f6rden, Buchf\u00fchrungspflicht oder zur Erf\u00fcllung steuerrechtlicher Vorschriften.<\/li>\n<\/ol>\n<p><strong><u>Unsere gesetzliche Grundlage f\u00fcr diesen Zweck ist:<\/u><\/strong><br \/>\nDie gesetzliche Grundlage zur Erf\u00fcllung unserer rechtlichen Verpflichtungen.<\/p>\n<p><strong><u>Datenspeicherung und Dauer:<br \/>\n<\/u><\/strong>Die Daten werden im Rahmen der gesetzlich vorgeschrieben Fristen gespeichert.<\/p>\n<ol>\n<li><strong>b)\u00a0<\/strong><strong>Mitgliedschaft:<\/strong>\u00a0<strong>Verarbeitungszweck Ihrer personenbezogenen Daten:<\/strong><br \/>\nZur Verwaltung Ihrer Mitgliedschaft in einem unserer Z\u00fcchter- und Mitgliedsclubs.<\/li>\n<\/ol>\n<p><strong><u>Unsere gesetzliche Grundlage f\u00fcr diesen Zweck ist:<\/u><\/strong><br \/>\nDie mit Ihnen geschlossenen Vertr\u00e4ge bilden die rechtliche Grundlage f\u00fcr die Bearbeitung und Verwaltung Ihrer Mitgliedschaft und daraus resultierenden Vorteilen.<\/p>\n<p><strong><u>Datenspeicherung und Dauer:<\/u><\/strong><br \/>\nDas Unternehmen speichert \u00fcber Sie als Mitglied relevante und aktuelle Angaben \u00fcber Ihre Mitgliedschaft, und zwar solange Sie bei uns Mitglied sind. Wenn Sie Ihre Mitgliedschaft bei uns beenden wollen, werden wir Ihre Daten unverz\u00fcglich l\u00f6schen, jedoch sp\u00e4testens einen (1) Monat nachdem wir Ihre K\u00fcndigung erhalten haben. Wenn Sie als Mitglied drei (3) Jahre hintereinander inaktiv waren, werden Ihre Mitgliedschaft und somit alle damit verbundenen personenbezogenen Daten \u00fcber Sie gel\u00f6scht. Wenn Sie nicht l\u00e4nger Werbung im Rahmen unseres Direktmarketings von Doggy erhalten m\u00f6chten, k\u00f6nnen Sie sich jederzeit davon abmelden.<\/p>\n<ol>\n<li><strong>c)\u00a0<\/strong><strong>Kundendienstleistungen: Verarbeitungszweck Ihrer personenbezogenen Daten:<\/strong><br \/>\nZur Bearbeitung von Kundendienstleistungen werden personenbezogene Daten erhoben, wie z. B. Daten und Informationen, die Sie uns beim Kontakt mit unserem Kundendienst zur Verf\u00fcgung stellen.<\/li>\n<\/ol>\n<p><strong><u>Unsere gesetzliche Grundlage f\u00fcr diesen Zweck ist:<\/u><\/strong><br \/>\nGesetzliche Grundlage ist das berechtigte Interesse des Unternehmens daran, Fragen \u00fcber unsere Produkte beantworten zu k\u00f6nnen sowie Reklamationen bez\u00fcglich unserer Produkte zu bearbeiten und nachzuverfolgen. Wenn Ihre Anfrage eine Reklamation betrifft, werden wir Ihre Daten mit dem Zweck verarbeiten, unsere Verpflichtungen aus dem geltenden Verbraucherrecht erf\u00fcllen zu k\u00f6nnen.<\/p>\n<p><strong><u>Datenspeicherung und Dauer:<br \/>\n<\/u><\/strong>Die Angaben, die sich auf den Kundendienst\/eine Reklamation beziehen, werden so lange gespeichert, bis die jeweilige Sache abgeschlossen ist.<\/p>\n<ol>\n<li><strong>d)\u00a0<\/strong><strong>Gewinnspiele\/Veranstaltungen:\u00a0Verarbeitungszweck Ihrer personenbezogenen Daten:<\/strong><br \/>\nZur Bearbeitung und Durchf\u00fchrung Ihrer Teilnahme an Gewinnspielen und Veranstaltungen.<\/li>\n<\/ol>\n<p><strong><u>Unsere gesetzliche Grundlage f\u00fcr diesen Zweck ist:<\/u><\/strong><br \/>\nDie gesetzliche Grundlage ist unser berechtigtes Interesse daran, dass wir die M\u00f6glichkeit haben, Gewinnspiele\/Wettbewerbe und Veranstaltungen zu bearbeiten bzw. nachzuverfolgen, z. B. durch Anmeldebest\u00e4tigungen oder zur Beantwortung von Fragen oder Weitergabe von Informationen an die Gewinner und Teilnehmer.<\/p>\n<p><strong><u>Datenspeicherung und Dauer:<br \/>\n<\/u><\/strong>Die erhobenen Daten werden so lange gespeichert, bis das Gewinnspiel\/die Veranstaltung abgeschlossen ist.<\/p>\n<ol>\n<li><strong>e)<\/strong><strong>\u00a0Allgemeines Marketing:\u00a0Verarbeitungszweck Ihrer personenbezogenen Daten:<\/strong><br \/>\nDamit wir Ihnen allgemeine Werbeunterlagen (z. B. Kampagnen, Brosch\u00fcren oder Angebote) schicken k\u00f6nnen sowie au\u00dferdem pers\u00f6nliche Informationen im Rahmen des Direktmarketings \u00fcber E-Mail, SMS, Post oder soziale Medien.<\/li>\n<\/ol>\n<p><strong><u>Unsere gesetzliche Grundlage f\u00fcr diesen Zweck ist:<\/u><\/strong><br \/>\nDoggy kann Ihre personenbezogenen Daten, die wir \u00fcber Kontakte mit Ihnen erlangen, dazu verwenden, um Ihnen Werbeunterlagen zukommen zu lassen, und zwar auf der Grundlage unseres berechtigten Interesses, unsere Produkte und Dienstleistungen zu bewerben und Ihnen diese anbieten zu k\u00f6nnen. Dies bedeutet, dass wir der Meinung sind, dass eine Verarbeitung Ihrer personenbezogenen Daten f\u00fcr die oben genannten Zwecke eine m\u00f6gliche Verletzung Ihrer Privatsph\u00e4re \u00fcberwiegt. Bei dieser Beurteilung haben wir besonders ber\u00fccksichtigt, dass wir der Meinung sind, dass die Verarbeitung f\u00fcr Sie vorteilhaft ist.<\/p>\n<p><strong><u>Datenspeicherung und Dauer:<br \/>\n<\/u><\/strong>Die erhobenen Daten werden 36 Monate lang gespeichert. Sie haben jederzeit das Recht, sich von der Zusendung solcher Werbesendungen abzumelden.<\/p>\n<ol start=\"5\">\n<li><strong>Datenspeicherung und Dauer<\/strong><br \/>\nIhre personenbezogenen Daten werden von Doggy so lange gespeichert, wie dies zur Erf\u00fcllung der Zwecke, f\u00fcr die diese Angaben gesammelt wurden, erforderlich ist (siehe Punkt 4). Des Weiteren k\u00f6nnen die Daten auch so lange gespeichert werden, wie dies gesetzlich gefordert ist. Wir ergreifen regelm\u00e4\u00dfig Ma\u00dfnahmen, um sicherzustellen, dass keine unn\u00f6tigen Daten \u00fcber Sie gespeichert sind und dass die Dauer der Speicherung in gr\u00f6\u00dftm\u00f6glichem Umfang auf ein Minimum reduziert ist.<\/li>\n<\/ol>\n<p><strong>Informationen, die wir nach Ihrer Einwilligung erfassen:<br \/>\n<\/strong>Wenn Sie weder Kunde noch Mitglied in einem unserer Clubs sind, aber z. B. die Websites von Doggy besuchen oder anderweitig mit uns in Kontakt treten, wird die Partner in Pet Food Nordics AB Ihre Einwilligung einholen, bevor wir personenbezogene Daten von Ihnen erfassen und bearbeiten. Informationen und Daten, die wir mit Ihrer Einwilligung erfassen, werden so lange gespeichert, wie diese relevant sind. Jedoch werden historische Daten fortlaufend ab dem Zeitpunkt der Erhebung wieder gel\u00f6scht. Sie k\u00f6nnen Ihre Einwilligung jederzeit widerrufen und die Informationen werden unverz\u00fcglich gel\u00f6scht.<\/p>\n<ol start=\"6\">\n<li><strong>Weitergabe Ihrer personenbezogenen Daten an Dritte<\/strong><br \/>\nDoggy wird Ihre personenbezogenen Daten nur in den F\u00e4llen an Dritte weitergeben, wenn dies gesetzlich gefordert oder in sonstiger Weise rechtlich erlaubt ist. In bestimmten F\u00e4llen bedienen wir uns externer Auftragsverarbeiter, die uns bei der Durchf\u00fchrung von Marketingaktivit\u00e4ten oder bei der Bearbeitung von Vertr\u00e4gen und Bestellungen behilflich sind. Beispiele solcher Unternehmen sind Speditions- und Logistikunternehmen, Banken und Kreditkartenunternehmen oder Marketingpartner. In solchen F\u00e4llen schlie\u00dfen wir mit dem jeweiligen Auftragsverarbeiter einen Vertrag ab, um zu gew\u00e4hrleisten, dass Ihre personenbezogenen Daten hinreichend gesch\u00fctzt sind. Wenn wir Ihre Daten an Dritte weitergeben, erfolgt dies zum gleichen Zweck, wie diese gesammelt wurden.<\/li>\n<\/ol>\n<p>Doggy \u00fcbermittelt Ihre Daten nicht an L\u00e4nder au\u00dferhalb der EU\/des EWR. Sollten personenbezogene Daten in bestimmten F\u00e4llen dennoch \u00fcber Auftragsverarbeiter an ein Land au\u00dferhalb der EU\/des EWR weitergegeben werden, geschieht dies, indem wir besonders hohe Anforderungen stellen. Au\u00dferdem schlie\u00dfen wir Vertr\u00e4ge ab und halten selbstverst\u00e4ndlich alle gesetzlichen Datenschutzvorschriften ein.<\/p>\n<ol start=\"7\">\n<li><strong>Sicherheit Ihrer personenbezogenen Daten<\/strong><br \/>\nDie Partner in Pet Food Nordics AB gew\u00e4hrleistet, dass Ihre personenbezogenen Daten anhand geeigneter Sicherheitsma\u00dfnahmen verarbeitet werden, so dass Ihre Daten gegen unbefugten oder unrechtm\u00e4\u00dfigen Zugriff stets gesch\u00fctzt sind. Die Partner in Pet Food Nordics AB verarbeitet nur Daten und Informationen, die erforderlich sind. Der Umgang mit diesen Daten ist auf Personen beschr\u00e4nkt, die diese Informationen dazu ben\u00f6tigen, um unseren Kunden, Mitgliedern und Teilnehmern an Gewinnspielen das bestm\u00f6gliche Angebot zur Verf\u00fcgung zu stellen.<\/li>\n<li><strong>Ihre Rechte<\/strong><br \/>\nAls Verantwortlicher gew\u00e4hrleistet die Partner in Pet Food Nordics AB die Einhaltung der Regeln des geltenden Datenschutzrechts. Sie haben nach Art. 15 DSGVO das Recht, einmal im Kalenderjahr kostenlos Auskunft dar\u00fcber zu erhalten, welche personenbezogenen Daten \u00fcber Sie gespeichert sind sowie zu welchem Zweck diese von uns verarbeitet werden. Au\u00dferdem haben Sie nach Art. 17 DSGVO das Recht, Ihre Einwilligung zur Datenverarbeitung zu widerrufen und\/oder die L\u00f6schung Ihrer personenbezogenen Daten zu verlangen.<\/li>\n<\/ol>\n<p>Sie sind gesetzlich dazu berechtigt, uns zu fragen, welche Informationen wir \u00fcber Sie speichern. Sie k\u00f6nnen von uns verlangen, dass wir unrichtige Daten berichtigen sowie Ihre Daten l\u00f6schen. Ferner k\u00f6nnen Sie eine Kopie der \u00fcber Sie gespeicherten Informationen verlangen.<\/p>\n<p>Sie k\u00f6nnen ebenfalls begehren, dass wir Ihre Daten nicht l\u00e4nger nutzen. Schicken Sie dazu einfach eine E-Mail oder rufen Sie uns an, siehe Kontaktangaben unter Punkt 2 oben.<\/p>\n<p><strong>9. Beschwerden und Aufsichtsbeh\u00f6rde<\/strong><br \/>\nWenn Sie Fragen haben oder damit unzufrieden sind, wie wir Ihre Daten nutzen, nehmen Sie bitte mit uns, der Partner in Pet Food Nordics AB, Kontakt auf. Die Kontaktangaben sind oben genannt.<\/p>\n<p>Die Datenschutzbeh\u00f6rde ist nach der Datenschutzverordnung die verantwortliche Aufsichtsbeh\u00f6rde. Wenn Sie der Meinung sind, dass Ihre personenbezogenen Daten nicht in \u00dcbereinstimmung mit den geltenden Regeln behandelt werden, k\u00f6nnen Sie bei der Datenschutzbeh\u00f6rde Beschwerde erheben.<\/p>\n<\/div>\n\t\t\t<\/div>\n\t\t<\/div>\n\t<\/div>\n","protected":false},"excerpt":{"rendered":"","protected":false},"author":4,"featured_media":6964,"parent":0,"menu_order":0,"comment_status":"closed","ping_status":"closed","template":"guternberg.php","meta":{"footnotes":""},"acf":[],"yoast_head":"<!-- This site is optimized with the Yoast SEO plugin v21.3 - https:\/\/yoast.com\/wordpress\/plugins\/seo\/ -->\n<title>Our Privacy Policy | Bozita DE<\/title>\n<meta name=\"description\" content=\"Bei allen Kontakten mit der Doggy AB sollen Sie sich immer sicher f\u00fchlen, dass wir Ihre pers\u00f6nlichen Daten vertraulich behandeln.\" \/>\n<meta name=\"robots\" content=\"index, follow, max-snippet:-1, max-image-preview:large, max-video-preview:-1\" \/>\n<link rel=\"canonical\" href=\"https:\/\/bozita.com\/de\/our-privacy-policy\/\" \/>\n<meta property=\"og:locale\" content=\"de_DE\" \/>\n<meta property=\"og:type\" content=\"article\" \/>\n<meta property=\"og:title\" content=\"Our Privacy Policy | Bozita DE\" \/>\n<meta property=\"og:description\" content=\"Bei allen Kontakten mit der Doggy AB sollen Sie sich immer sicher f\u00fchlen, dass wir Ihre pers\u00f6nlichen Daten vertraulich behandeln.\" \/>\n<meta property=\"og:url\" content=\"https:\/\/bozita.com\/de\/our-privacy-policy\/\" \/>\n<meta property=\"og:site_name\" content=\"Bozita DE\" \/>\n<meta property=\"article:modified_time\" content=\"2025-01-17T07:07:44+00:00\" \/>\n<meta property=\"og:image\" content=\"https:\/\/bozita.com\/de\/wp-content\/uploads\/sites\/8\/2021\/08\/bozita_swedish-natural-quality.jpg\" \/>\n\t<meta property=\"og:image:width\" content=\"800\" \/>\n\t<meta property=\"og:image:height\" content=\"533\" \/>\n\t<meta property=\"og:image:type\" content=\"image\/jpeg\" \/>\n<meta name=\"twitter:card\" content=\"summary_large_image\" \/>\n<!-- \/ Yoast SEO plugin. -->","yoast_head_json":{"title":"Our Privacy Policy | Bozita DE","description":"Bei allen Kontakten mit der Doggy AB sollen Sie sich immer sicher f\u00fchlen, dass wir Ihre pers\u00f6nlichen Daten vertraulich behandeln.","robots":{"index":"index","follow":"follow","max-snippet":"max-snippet:-1","max-image-preview":"max-image-preview:large","max-video-preview":"max-video-preview:-1"},"canonical":"https:\/\/bozita.com\/de\/our-privacy-policy\/","og_locale":"de_DE","og_type":"article","og_title":"Our Privacy Policy | Bozita DE","og_description":"Bei allen Kontakten mit der Doggy AB sollen Sie sich immer sicher f\u00fchlen, dass wir Ihre pers\u00f6nlichen Daten vertraulich behandeln.","og_url":"https:\/\/bozita.com\/de\/our-privacy-policy\/","og_site_name":"Bozita DE","article_modified_time":"2025-01-17T07:07:44+00:00","og_image":[{"width":800,"height":533,"url":"https:\/\/bozita.com\/de\/wp-content\/uploads\/sites\/8\/2021\/08\/bozita_swedish-natural-quality.jpg","type":"image\/jpeg"}],"twitter_card":"summary_large_image","schema":{"@context":"https:\/\/schema.org","@graph":[{"@type":"WebPage","@id":"https:\/\/bozita.com\/de\/our-privacy-policy\/","url":"https:\/\/bozita.com\/de\/our-privacy-policy\/","name":"Our Privacy Policy | Bozita DE","isPartOf":{"@id":"https:\/\/bozita.com\/de\/#website"},"datePublished":"2021-08-12T17:58:28+00:00","dateModified":"2025-01-17T07:07:44+00:00","description":"Bei allen Kontakten mit der Doggy AB sollen Sie sich immer sicher f\u00fchlen, dass wir Ihre pers\u00f6nlichen Daten vertraulich behandeln.","breadcrumb":{"@id":"https:\/\/bozita.com\/de\/our-privacy-policy\/#breadcrumb"},"inLanguage":"de","potentialAction":[{"@type":"ReadAction","target":["https:\/\/bozita.com\/de\/our-privacy-policy\/"]}]},{"@type":"BreadcrumbList","@id":"https:\/\/bozita.com\/de\/our-privacy-policy\/#breadcrumb","itemListElement":[{"@type":"ListItem","position":1,"name":"Startseite","item":"https:\/\/bozita.com\/de\/"},{"@type":"ListItem","position":2,"name":"Our Privacy Policy"}]},{"@type":"WebSite","@id":"https:\/\/bozita.com\/de\/#website","url":"https:\/\/bozita.com\/de\/","name":"Bozita DE","description":"","potentialAction":[{"@type":"SearchAction","target":{"@type":"EntryPoint","urlTemplate":"https:\/\/bozita.com\/de\/?s={search_term_string}"},"query-input":"required name=search_term_string"}],"inLanguage":"de"}]}},"_links":{"self":[{"href":"https:\/\/bozita.com\/de\/wp-json\/wp\/v2\/pages\/6963"}],"collection":[{"href":"https:\/\/bozita.com\/de\/wp-json\/wp\/v2\/pages"}],"about":[{"href":"https:\/\/bozita.com\/de\/wp-json\/wp\/v2\/types\/page"}],"author":[{"embeddable":true,"href":"https:\/\/bozita.com\/de\/wp-json\/wp\/v2\/users\/4"}],"replies":[{"embeddable":true,"href":"https:\/\/bozita.com\/de\/wp-json\/wp\/v2\/comments?post=6963"}],"version-history":[{"count":8,"href":"https:\/\/bozita.com\/de\/wp-json\/wp\/v2\/pages\/6963\/revisions"}],"predecessor-version":[{"id":29275,"href":"https:\/\/bozita.com\/de\/wp-json\/wp\/v2\/pages\/6963\/revisions\/29275"}],"wp:featuredmedia":[{"embeddable":true,"href":"https:\/\/bozita.com\/de\/wp-json\/wp\/v2\/media\/6964"}],"wp:attachment":[{"href":"https:\/\/bozita.com\/de\/wp-json\/wp\/v2\/media?parent=6963"}],"curies":[{"name":"wp","href":"https:\/\/api.w.org\/{rel}","templated":true}]}}