{"id":6968,"date":"2021-08-12T17:57:46","date_gmt":"2021-08-12T17:57:46","guid":{"rendered":"https:\/\/bozita.com\/de\/wandern-mit-deinem-hund\/"},"modified":"2022-07-18T12:13:33","modified_gmt":"2022-07-18T12:13:33","slug":"wandern-mit-deinem-hund","status":"publish","type":"page","link":"https:\/\/bozita.com\/de\/leben-mit-hund\/hunde-beschaftigen\/wandern-mit-deinem-hund\/","title":{"rendered":"Wandern mit Deinem Hund"},"content":{"rendered":"\t\t<section class=\"small-hero\">\n\t\t\t<div class=\"container\">\n\t\t\t\t<h1 class=\"small-hero-title\">Wandern mit Deinem Hund<\/h1><p><p>Es gibt viele M\u00f6glichkeiten, um gemeinsam mit Deinem Hund aktiv zu sein. Die wohl bekannteste ist gemeinsames Wandern mit dem Hund.<\/p>\n<\/p>\t\t\t<\/div>\n\t\t\t<\/div>\n\t\t<\/section>\n\t\n\n\t<div class=\"text-box-warp\">\n\t\t<div class=\"container\">\n\t\t\t<div class=\"text-content\">\n\t\t\t\t<p>Es gibt viele kleine Pfade und Wanderwege und Du musst nicht lange gehen, um diese zu finden. Dies macht es zu einer entspannten und einfachen Aktivit\u00e4t, mit der man seinen Horizont erweitern kann.<\/p>\n<p>Hierbei gibt es ein paar Dinge zu beachten. Zum einen m\u00fcssen Du und Dein Hund physisch auf den Wanderweg, den Du ausgew\u00e4hlt hast, vorbereitet sein, um Verletzungen bei Euch beiden zu vermeiden.<\/p>\n<p>Dann kannst Du die L\u00e4nge und die Schwierigkeit schrittweise erh\u00f6hen und sicherstellen, dass beides Deinem Alters- und Fitnessniveau entspricht. Dein Hund verbraucht bei einer solchen Wanderung mehr Energie als sonst, daher ist es wichtig, dass er mehr Futter bekommt, um den Energiebedarf wieder aufzuf\u00fcllen und dass er sich nach der Wanderung ausreichend erholen kann. Ein einfacher Tipp hierbei ist unser Bozita Nassfutter in Tetras. So kann Dein Hund nicht nur Energie, sondern auch seinen Wasserhaushalt auff\u00fcllen.<\/p>\n<p>Die Wasserzufuhr bei einer solchen Wanderung ist sowohl f\u00fcr Dich, als auch f\u00fcr Deinen Hund sehr wichtig. Also packe ausreichend Wasser ein, vielleicht sogar ein bisschen mehr, als Du denkst, dass ihr ben\u00f6tigt. Um Platz in Deinem Rucksack zu sparen, gibt es Schalen, in denen sowohl Essen als auch Getr\u00e4nke aufbewahrt werden k\u00f6nnen und sich perfekt f\u00fcr diesen Zweck eignen.<\/p>\n<p>Wenn Dein Hund darauf trainiert ist, zu apportieren bzw. Dinge zu tragen, kannst Du ihn sein eigenes Wasser und Futter tragen lassen. Bevor Ihr in die Natur hinauszieht, ist es wichtig, sich vorab zu informieren, wo welche Regeln bez\u00fcglich der Leinenpflicht gelten. Es gibt spezielle Bereiche in denen Hunde angeleint werden m\u00fcssen.<\/p>\n<p><img loading=\"lazy\" decoding=\"async\" class=\"alignnone wp-image-2714\" src=\"https:\/\/bozita.com\/de\/wp-content\/uploads\/sites\/8\/2021\/06\/bozita-vandra-med-hund-300x200.jpg\" alt=\"\" width=\"545\" height=\"364\" srcset=\"https:\/\/bozita.com\/de\/wp-content\/uploads\/sites\/8\/2021\/06\/bozita-vandra-med-hund-300x200.jpg 300w, https:\/\/bozita.com\/de\/wp-content\/uploads\/sites\/8\/2021\/06\/bozita-vandra-med-hund.jpg 500w\" sizes=\"(max-width: 545px) 100vw, 545px\" \/><\/p>\n\t\t\t<\/div>\n\t\t<\/div>\n\t<\/div>\n\n\n\n\t<section class=\"block related-articles\">\n\t\t<div class=\"container\">\n\t\t\t<h2>Entdecke weitere Artikel<\/h2>\n\t\t\t<div class=\"row justify-content-center\">\n\t\t\t\t\t\t\t\t\t\t<div class=\"col-sm-6 col-md-6 col-lg-3\">\n\t\t\t\t\t\t\t\t\t\t\t\t\t\t<div class=\"card \">\n\t\t\t\t\t\t\t\t\t\t\t\t\t\t\t\t\t<img decoding=\"async\"  src=\"https:\/\/bozita.com\/de\/wp-content\/uploads\/sites\/8\/2021\/06\/bozita-smakgaranti-hundmat-kattmat.jpeg\" alt=\"\">\n\t\t\t\t\t\t\t\t\t\t\t\t\t\t\t\t\t<!-- <img decoding=\"async\" src=\"\n\t\t\t\t\t\t\t\t\t\t\t\t\t\t\t\t\t\t\t\t\" alt=\"\n\t\t\t\t\t\t\t\t\t\t\t\t\t\t\t\t\t\t\t\t\t\t\t\t\t\t\t\"> -->\n\t\t\t\t\t\t\t\t<div class=\"card-body\">\n\t\t\t\t\t\t\t\t\t\t\t\t\t\t\t\t\t\t\t<h6>Verbessere die Interaktion mit Deinem Hund mithilfe von Aktivit\u00e4ten<\/h6>\n\t\t\t\t\t\t\t\t\t\t\t\t\t\t\t\t\t\t\t<a href=\"https:\/\/bozita.com\/de\/leben-mit-hund\/hunde-beschaftigen\/verbessern-sie-die-interaktion-mit-ihrem-hund-mithilfe-von-aktivitaten\/\">Weiterlesen &nbsp; ><\/a>\n\t\t\t\t\t\t\t\t<\/div>\n\t\t\t\t\t\t\t<\/div>\n\t\t\t\t\t\t<\/div>\n\n\t\t\t\t\t\t\t\t\t\t\t<div class=\"col-sm-6 col-md-6 col-lg-3\">\n\t\t\t\t\t\t\t\t\t\t\t\t\t\t<div class=\"card \">\n\t\t\t\t\t\t\t\t\t\t\t\t\t\t\t\t<!-- <img decoding=\"async\" src=\"\n\t\t\t\t\t\t\t\t\t\t\t\t\t\t\t\t\t\t\t\t\" alt=\"\n\t\t\t\t\t\t\t\t\t\t\t\t\t\t\t\t\t\t\t\t\t\t\t\t\t\t\t\"> -->\n\t\t\t\t\t\t\t\t<div class=\"card-body\">\n\t\t\t\t\t\t\t\t\t\t\t\t\t\t\t\t\t\t\t<h6>Das Interesse f\u00fcr Lauftraining mit Hund im Canicross-Geschirr w\u00e4chst<\/h6>\n\t\t\t\t\t\t\t\t\t\t\t\t\t\t\t\t\t\t\t<a href=\"https:\/\/bozita.com\/de\/das-interesse-fur-lauftraining-mit-hund-im-canicross-geschirr-wachst\/\">Weiterlesen &nbsp; ><\/a>\n\t\t\t\t\t\t\t\t<\/div>\n\t\t\t\t\t\t\t<\/div>\n\t\t\t\t\t\t<\/div>\n\n\t\t\t\t\t\t\t\t\t\t\t<div class=\"col-sm-6 col-md-6 col-lg-3\">\n\t\t\t\t\t\t\t\t\t\t\t\t\t\t<div class=\"card \">\n\t\t\t\t\t\t\t\t\t\t\t\t\t\t\t\t\t<img decoding=\"async\"  src=\"https:\/\/bozita.com\/de\/wp-content\/uploads\/sites\/8\/2021\/08\/bozita_swedish-natural-quality.jpg\" alt=\"\">\n\t\t\t\t\t\t\t\t\t\t\t\t\t\t\t\t\t<!-- <img decoding=\"async\" src=\"\n\t\t\t\t\t\t\t\t\t\t\t\t\t\t\t\t\t\t\t\t\" alt=\"\n\t\t\t\t\t\t\t\t\t\t\t\t\t\t\t\t\t\t\t\t\t\t\t\t\t\t\t\"> -->\n\t\t\t\t\t\t\t\t<div class=\"card-body\">\n\t\t\t\t\t\t\t\t\t\t\t\t\t\t\t\t\t\t\t<h6>Balance Training mit Astrid<\/h6>\n\t\t\t\t\t\t\t\t\t\t\t\t\t\t\t\t\t\t\t<a href=\"https:\/\/bozita.com\/de\/leben-mit-hund\/hunde-beschaftigen\/balance-training-mit-astrid\/\">Weiterlesen &nbsp; ><\/a>\n\t\t\t\t\t\t\t\t<\/div>\n\t\t\t\t\t\t\t<\/div>\n\t\t\t\t\t\t<\/div>\n\n\t\t\t\t\t\t\t\t\t\t\t\t<\/div>\n\t\t<\/div>\n\t<\/section>\n","protected":false},"excerpt":{"rendered":"","protected":false},"author":1,"featured_media":0,"parent":7134,"menu_order":0,"comment_status":"closed","ping_status":"closed","template":"guternberg.php","meta":{"footnotes":""},"acf":[],"yoast_head":"<!-- This site is optimized with the Yoast SEO plugin v21.3 - https:\/\/yoast.com\/wordpress\/plugins\/seo\/ -->\n<title>Wandern mit Deinem Hund | Bozita DE<\/title>\n<meta name=\"description\" content=\"Es gibt viele M\u00f6glichkeiten, um gemeinsam mit Deinem Hund aktiv zu sein. Die wohl bekannteste ist gemeinsames Wandern mit dem Hund.\" \/>\n<meta name=\"robots\" content=\"index, follow, max-snippet:-1, max-image-preview:large, max-video-preview:-1\" \/>\n<link rel=\"canonical\" href=\"https:\/\/bozita.com\/de\/leben-mit-hund\/hunde-beschaftigen\/wandern-mit-deinem-hund\/\" \/>\n<meta property=\"og:locale\" content=\"de_DE\" \/>\n<meta property=\"og:type\" content=\"article\" \/>\n<meta property=\"og:title\" content=\"Wandern mit Deinem Hund | Bozita DE\" \/>\n<meta property=\"og:description\" content=\"Es gibt viele M\u00f6glichkeiten, um gemeinsam mit Deinem Hund aktiv zu sein. Die wohl bekannteste ist gemeinsames Wandern mit dem Hund.\" \/>\n<meta property=\"og:url\" content=\"https:\/\/bozita.com\/de\/leben-mit-hund\/hunde-beschaftigen\/wandern-mit-deinem-hund\/\" \/>\n<meta property=\"og:site_name\" content=\"Bozita DE\" \/>\n<meta property=\"article:modified_time\" content=\"2022-07-18T12:13:33+00:00\" \/>\n<meta property=\"og:image\" content=\"https:\/\/bozita.com\/de\/wp-content\/uploads\/sites\/8\/2021\/08\/bozita-vandra-med-hund-300x200-1.jpg\" \/>\n\t<meta property=\"og:image:width\" content=\"300\" \/>\n\t<meta property=\"og:image:height\" content=\"200\" \/>\n\t<meta property=\"og:image:type\" content=\"image\/jpeg\" \/>\n<meta name=\"twitter:card\" content=\"summary_large_image\" \/>\n<!-- \/ Yoast SEO plugin. -->","yoast_head_json":{"title":"Wandern mit Deinem Hund | Bozita DE","description":"Es gibt viele M\u00f6glichkeiten, um gemeinsam mit Deinem Hund aktiv zu sein. Die wohl bekannteste ist gemeinsames Wandern mit dem Hund.","robots":{"index":"index","follow":"follow","max-snippet":"max-snippet:-1","max-image-preview":"max-image-preview:large","max-video-preview":"max-video-preview:-1"},"canonical":"https:\/\/bozita.com\/de\/leben-mit-hund\/hunde-beschaftigen\/wandern-mit-deinem-hund\/","og_locale":"de_DE","og_type":"article","og_title":"Wandern mit Deinem Hund | Bozita DE","og_description":"Es gibt viele M\u00f6glichkeiten, um gemeinsam mit Deinem Hund aktiv zu sein. Die wohl bekannteste ist gemeinsames Wandern mit dem Hund.","og_url":"https:\/\/bozita.com\/de\/leben-mit-hund\/hunde-beschaftigen\/wandern-mit-deinem-hund\/","og_site_name":"Bozita DE","article_modified_time":"2022-07-18T12:13:33+00:00","og_image":[{"width":300,"height":200,"url":"https:\/\/bozita.com\/de\/wp-content\/uploads\/sites\/8\/2021\/08\/bozita-vandra-med-hund-300x200-1.jpg","type":"image\/jpeg"}],"twitter_card":"summary_large_image","schema":{"@context":"https:\/\/schema.org","@graph":[{"@type":"WebPage","@id":"https:\/\/bozita.com\/de\/leben-mit-hund\/hunde-beschaftigen\/wandern-mit-deinem-hund\/","url":"https:\/\/bozita.com\/de\/leben-mit-hund\/hunde-beschaftigen\/wandern-mit-deinem-hund\/","name":"Wandern mit Deinem Hund | Bozita DE","isPartOf":{"@id":"https:\/\/bozita.com\/de\/#website"},"datePublished":"2021-08-12T17:57:46+00:00","dateModified":"2022-07-18T12:13:33+00:00","description":"Es gibt viele M\u00f6glichkeiten, um gemeinsam mit Deinem Hund aktiv zu sein. Die wohl bekannteste ist gemeinsames Wandern mit dem Hund.","breadcrumb":{"@id":"https:\/\/bozita.com\/de\/leben-mit-hund\/hunde-beschaftigen\/wandern-mit-deinem-hund\/#breadcrumb"},"inLanguage":"de","potentialAction":[{"@type":"ReadAction","target":["https:\/\/bozita.com\/de\/leben-mit-hund\/hunde-beschaftigen\/wandern-mit-deinem-hund\/"]}]},{"@type":"BreadcrumbList","@id":"https:\/\/bozita.com\/de\/leben-mit-hund\/hunde-beschaftigen\/wandern-mit-deinem-hund\/#breadcrumb","itemListElement":[{"@type":"ListItem","position":1,"name":"Startseite","item":"https:\/\/bozita.com\/de\/"},{"@type":"ListItem","position":2,"name":"Leben mit Hund","item":"https:\/\/bozita.com\/de\/leben-mit-hund\/"},{"@type":"ListItem","position":3,"name":"Besch\u00e4ftige Deinen Hund","item":"https:\/\/bozita.com\/de\/leben-mit-hund\/hunde-beschaftigen\/"},{"@type":"ListItem","position":4,"name":"Wandern mit Deinem Hund"}]},{"@type":"WebSite","@id":"https:\/\/bozita.com\/de\/#website","url":"https:\/\/bozita.com\/de\/","name":"Bozita DE","description":"","potentialAction":[{"@type":"SearchAction","target":{"@type":"EntryPoint","urlTemplate":"https:\/\/bozita.com\/de\/?s={search_term_string}"},"query-input":"required name=search_term_string"}],"inLanguage":"de"}]}},"_links":{"self":[{"href":"https:\/\/bozita.com\/de\/wp-json\/wp\/v2\/pages\/6968"}],"collection":[{"href":"https:\/\/bozita.com\/de\/wp-json\/wp\/v2\/pages"}],"about":[{"href":"https:\/\/bozita.com\/de\/wp-json\/wp\/v2\/types\/page"}],"author":[{"embeddable":true,"href":"https:\/\/bozita.com\/de\/wp-json\/wp\/v2\/users\/1"}],"replies":[{"embeddable":true,"href":"https:\/\/bozita.com\/de\/wp-json\/wp\/v2\/comments?post=6968"}],"version-history":[{"count":6,"href":"https:\/\/bozita.com\/de\/wp-json\/wp\/v2\/pages\/6968\/revisions"}],"predecessor-version":[{"id":12118,"href":"https:\/\/bozita.com\/de\/wp-json\/wp\/v2\/pages\/6968\/revisions\/12118"}],"up":[{"embeddable":true,"href":"https:\/\/bozita.com\/de\/wp-json\/wp\/v2\/pages\/7134"}],"wp:attachment":[{"href":"https:\/\/bozita.com\/de\/wp-json\/wp\/v2\/media?parent=6968"}],"curies":[{"name":"wp","href":"https:\/\/api.w.org\/{rel}","templated":true}]}}