{"id":6975,"date":"2021-08-12T17:57:20","date_gmt":"2021-08-12T17:57:20","guid":{"rendered":"https:\/\/bozita.com\/de\/welpen-futtern\/"},"modified":"2024-08-12T12:54:20","modified_gmt":"2024-08-12T12:54:20","slug":"welpen-futtern","status":"publish","type":"page","link":"https:\/\/bozita.com\/de\/hundefutter\/ernahrung-and-diat\/welpen-futtern\/","title":{"rendered":"Welpen f\u00fcttern"},"content":{"rendered":"\t\t<section class=\"small-hero\">\n\t\t\t<div class=\"container\">\n\t\t\t\t<h1 class=\"small-hero-title\">Welpen f\u00fcttern<\/h1>\t\t\t<\/div>\n\t\t\t<\/div>\n\t\t<\/section>\n\t\n\n\t<div class=\"text-box-warp\">\n\t\t<div class=\"container\">\n\t\t\t<div class=\"text-content\">\n\t\t\t\t<div class=\"article__introduction\">\n<p>Es gibt eine Menge Dinge, an die es zu denken gilt, wenn man endlich seinen Welpen abholt und ihn nach Hause bringt. Welches Futter solltest du f\u00fcttern? Eine weit verbreitete Frage.<\/p>\n<\/div>\n<div class=\"article__body\">\n<p>Welpen kauen gerne auf vielen Dingen herum und wissen gar nicht, dass einige davon sch\u00e4dlich f\u00fcr sie sind. Aus diesen Grund solltest du dich gr\u00fcndlich in deinem Haus umschauen, bevor du deinen Welpen nach Hause holst, um gegebenenfalls Stromkabel zu verdecken oder Schutzschalter zu installieren. Chemikalien und M\u00fcll sollten eingeschlossen werden. Giftige Pflanzen und das Spielzeug der Kinder sollten au\u00dferhalb der Reichweite des Welpen aufbewahrt werden.<\/p>\n<\/div>\n\t\t\t<\/div>\n\t\t<\/div>\n\t<\/div>\n\n\n\t<section class=\"media-object-wrap\">\n\t\t<div class=\"container\">\n\t\t\t<div class=\"media-object\">\n\t\t\t\t<div class=\"row row-eq-height align-items-stretch\">\n\t\t\t\t\t<div class=\"col-md-5\">\n\t\t\t\t\t\t\t\t\t\t\t\t\t<img decoding=\"async\" src=\"https:\/\/bozita.com\/de\/wp-content\/uploads\/sites\/8\/2024\/08\/shutterstock_2283414399-scaled.jpg\" alt=\"\">\n\t\t\t\t\t\t\t\t\t\t\t\t<\/div>\n\t\t\t\t\t<div class=\"col-md-7 d-flex align-items-center\">\n\t\t\t\t\t\t<div class=\"media-content\">\n\t\t\t\t\t\t<p>Welches Futter solltest du f\u00fcttern? Es ist eine gro\u00dfe Umstellung f\u00fcr den Welpen von seiner Mutter und der bekannten Umgebung wegzuziehen. Daher solltest du deinem Welpen zun\u00e4chst das gleiche Futter geben, welches er beim Z\u00fcchter erhalten hat. Zumindest zu Beginn.<\/p>\n<p>Wenn du das Futter sofort wechselst, kann es sein, dass der Stress der Umgebungsver\u00e4nderung und Futterumstellung zur gleichen Zeit zu Magen- und Darmproblemen f\u00fchrt, was sehr anstrengend f\u00fcr einen kleinen Welpen sein kann. Da der Welpe noch keinen so gro\u00dfen Magen hat, wie ein ausgewachsener Hund, sollte er mehrere Mahlzeiten am Tag erhalten und nicht zu viel Futter zur selben Zeit.<\/p>\n\t\t\t\t\t\t<\/div>\n\t\t\t\t\t<\/div>\n\t\t\t\t<\/div>\n\t\t\t<\/div>\n\t\t<\/div>\n\t<\/section>\n   \n\n\n\t<div class=\"text-box-warp\">\n\t\t<div class=\"container\">\n\t\t\t<div class=\"text-content\">\n\t\t\t\t<p>Wenn der Welpe sich bei dir eingelebt hat, kann eine Futterumstellung stattfinden, sofern du nicht zufrieden bist mit dem Futter des Z\u00fcchters. Was du bei der Wahl des neuen Futters mit einbeziehen musst, ist das Alter deines Hundes. Du musst ein Futter w\u00e4hlen, welches speziell f\u00fcr Welpen und heranwachsende Hunde geeignet ist, da diese einen anderen N\u00e4hrstoffbedarf haben, als ausgewachsene Hunde. Das richtige Proteinlevel, der geeignete Fettanteil, der passende Energiegehalt und die Balance zwischen Kalzium und Phosphor sind sehr wichtig f\u00fcr einen heranwachsenden Hund.<\/p>\n<p>F\u00fcr erwachsene gro\u00dfe Rassen gibt es ebenfalls spezielles Futter. Gro\u00dfe Rassen wachsen auf eine andere Art &amp; Weise, und haben ein gr\u00f6\u00dferes Risiko, Fehlbildungen des Skeletts zu entwickeln, wenn das Futter zu nahrhaft ist, in Bezug auf den Energie-, Kalzium- und Phosphorgehalt. Wenn du eine Futterumstellung durchf\u00fchrst ist es sehr wichtig, dass du es nicht von einem auf den anderen Tag umstellst. Du musst das alte und neue Futter zun\u00e4chst mischen und dann von Tag zu Tag immer mehr vom neuen Futter hinzugeben, bis du deinem Hund irgendwann eine komplette Portion des neuen Futters f\u00fcttern kannst.<\/p>\n\t\t\t<\/div>\n\t\t<\/div>\n\t<\/div>\n\n\n\t<section class=\"block section-promos\">\n\t\t<div class=\"container\">\n\t\t\t<div class=\"row\">\n\t\t\t\t\t\t\t\t\t\t<div class=\"col-md-6\">\n\t\t\t\t\t\t\t<div class=\"card\">\n\t\t\t\t\t\t\t\t\t\t\t\t\t\t\t\t\t<img decoding=\"async\" class=\"card-img-top\" src=\"https:\/\/bozita.com\/de\/wp-content\/uploads\/sites\/8\/2024\/07\/Hund-trocken-scaled.jpg\" alt=\"\">\n\t\t\t\t\t\t\t\t\t\t\t\t\t\t\t\t<div class=\"card-body\">\n\t\t\t\t\t\t\t\t\t<h5 class=\"card-title\">Bozita Trockenfutter Hund<\/h5>\n\t\t\t\t\t\t\t\t\t<p class=\"card-text\"><\/p>\n\t\t\t\t\t\t\t\t\t\t\t\t\t\t\t\t\t\t\t<a target=\"_blank\" href=\"https:\/\/www.bozita-shop.de\/Hunde\/Hundefutter-trocken:::15_35.html\" class=\"btn btn-white\">ONLINE KAUFEN<\/a>\n\t\t\t\t\t\t\t\t\t\t\t\t\t\t\t\t\t\t<\/div>\n\t\t\t\t\t\t\t<\/div>\n\t\t\t\t\t\t<\/div>\n\t\t\t\t\t\t\t\t\t\t\t\t<div class=\"col-md-6\">\n\t\t\t\t\t\t\t<div class=\"card\">\n\t\t\t\t\t\t\t\t\t\t\t\t\t\t\t\t\t<img decoding=\"async\" class=\"card-img-top\" src=\"https:\/\/bozita.com\/de\/wp-content\/uploads\/sites\/8\/2024\/07\/Hund-Nassfutter-scaled.jpg\" alt=\"\">\n\t\t\t\t\t\t\t\t\t\t\t\t\t\t\t\t<div class=\"card-body\">\n\t\t\t\t\t\t\t\t\t<h5 class=\"card-title\">Bozita Nassfutter Hund<\/h5>\n\t\t\t\t\t\t\t\t\t<p class=\"card-text\"><\/p>\n\t\t\t\t\t\t\t\t\t\t\t\t\t\t\t\t\t\t\t<a target=\"_blank\" href=\"https:\/\/www.bozita-shop.de\/Hunde\/Hundefutter-nass:::15_33.html\" class=\"btn btn-white\">ONLINE KAUFEN<\/a>\n\t\t\t\t\t\t\t\t\t\t\t\t\t\t\t\t\t\t<\/div>\n\t\t\t\t\t\t\t<\/div>\n\t\t\t\t\t\t<\/div>\n\t\t\t\t\t\t\t\t\t<\/div>\n\t\t<\/div>\n\t<\/section>\n\n\n\n\t<section class=\"block related-articles\">\n\t\t<div class=\"container\">\n\t\t\t<h2>Entdecke weitere Artikel<\/h2>\n\t\t\t<div class=\"row justify-content-center\">\n\t\t\t\t\t\t\t\t\t\t<div class=\"col-sm-6 col-md-6 col-lg-3\">\n\t\t\t\t\t\t\t\t\t\t\t\t\t\t<div class=\"card \">\n\t\t\t\t\t\t\t\t\t\t\t\t\t\t\t\t\t<img decoding=\"async\"  src=\"https:\/\/bozita.com\/de\/wp-content\/uploads\/sites\/8\/2021\/08\/bozita-hund-byta-valpfoder-vuxenfoder.jpeg\" alt=\"\">\n\t\t\t\t\t\t\t\t\t\t\t\t\t\t\t\t\t<!-- <img decoding=\"async\" src=\"\n\t\t\t\t\t\t\t\t\t\t\t\t\t\t\t\t\t\t\t\t\" alt=\"\n\t\t\t\t\t\t\t\t\t\t\t\t\t\t\t\t\t\t\t\t\t\t\t\t\t\t\t\"> -->\n\t\t\t\t\t\t\t\t<div class=\"card-body\">\n\t\t\t\t\t\t\t\t\t\t\t\t\t\t\t\t\t\t\t<h6>Vom Welpenfutter zum normalen Futter wechseln<\/h6>\n\t\t\t\t\t\t\t\t\t\t\t\t\t\t\t\t\t\t\t<a href=\"https:\/\/bozita.com\/de\/hundefutter\/ernahrung-and-diat\/vom-welpenfutter-zum-normalen-futter-wechseln\/\">Weiterlesen &nbsp; ><\/a>\n\t\t\t\t\t\t\t\t<\/div>\n\t\t\t\t\t\t\t<\/div>\n\t\t\t\t\t\t<\/div>\n\n\t\t\t\t\t\t\t\t\t\t\t<div class=\"col-sm-6 col-md-6 col-lg-3\">\n\t\t\t\t\t\t\t\t\t\t\t\t\t\t<div class=\"card \">\n\t\t\t\t\t\t\t\t\t\t\t\t\t\t\t\t\t<img decoding=\"async\"  src=\"https:\/\/bozita.com\/de\/wp-content\/uploads\/sites\/8\/2021\/06\/bozita-utfodra-valp.jpg\" alt=\"\">\n\t\t\t\t\t\t\t\t\t\t\t\t\t\t\t\t\t<!-- <img decoding=\"async\" src=\"\n\t\t\t\t\t\t\t\t\t\t\t\t\t\t\t\t\t\t\t\t\" alt=\"\n\t\t\t\t\t\t\t\t\t\t\t\t\t\t\t\t\t\t\t\t\t\t\t\t\t\t\t\"> -->\n\t\t\t\t\t\t\t\t<div class=\"card-body\">\n\t\t\t\t\t\t\t\t\t\t\t\t\t\t\t\t\t\t\t<h6>Was d\u00fcrfen Hunde nicht fressen?<\/h6>\n\t\t\t\t\t\t\t\t\t\t\t\t\t\t\t\t\t\t\t<a href=\"https:\/\/bozita.com\/de\/hundefutter\/ernahrung-and-diat\/was-durfen-hunde-nicht-fressen\/\">Weiterlesen &nbsp; ><\/a>\n\t\t\t\t\t\t\t\t<\/div>\n\t\t\t\t\t\t\t<\/div>\n\t\t\t\t\t\t<\/div>\n\n\t\t\t\t\t\t\t\t\t\t\t<div class=\"col-sm-6 col-md-6 col-lg-3\">\n\t\t\t\t\t\t\t\t\t\t\t\t\t\t<div class=\"card \">\n\t\t\t\t\t\t\t\t\t\t\t\t\t\t\t\t\t<img decoding=\"async\"  src=\"https:\/\/bozita.com\/de\/wp-content\/uploads\/sites\/8\/2021\/08\/bozita-hundens-utveckling-stadier.jpeg\" alt=\"\">\n\t\t\t\t\t\t\t\t\t\t\t\t\t\t\t\t\t<!-- <img decoding=\"async\" src=\"\n\t\t\t\t\t\t\t\t\t\t\t\t\t\t\t\t\t\t\t\t\" alt=\"\n\t\t\t\t\t\t\t\t\t\t\t\t\t\t\t\t\t\t\t\t\t\t\t\t\t\t\t\"> -->\n\t\t\t\t\t\t\t\t<div class=\"card-body\">\n\t\t\t\t\t\t\t\t\t\t\t\t\t\t\t\t\t\t\t<h6>Die Entwicklung des Hundes vom Welpen zum erwachsenen Hund<\/h6>\n\t\t\t\t\t\t\t\t\t\t\t\t\t\t\t\t\t\t\t<a href=\"https:\/\/bozita.com\/de\/leben-mit-hund\/entwicklung-deines-hundes\/die-entwicklung-des-hundes-vom-welpen-zum-erwachsenen-hund\/\">Weiterlesen &nbsp; ><\/a>\n\t\t\t\t\t\t\t\t<\/div>\n\t\t\t\t\t\t\t<\/div>\n\t\t\t\t\t\t<\/div>\n\n\t\t\t\t\t\t\t\t\t\t\t\t<\/div>\n\t\t<\/div>\n\t<\/section>\n","protected":false},"excerpt":{"rendered":"","protected":false},"author":1,"featured_media":6964,"parent":7043,"menu_order":0,"comment_status":"closed","ping_status":"closed","template":"guternberg.php","meta":{"footnotes":""},"acf":[],"yoast_head":"<!-- This site is optimized with the Yoast SEO plugin v21.3 - https:\/\/yoast.com\/wordpress\/plugins\/seo\/ -->\n<title>Welpen f\u00fcttern | Bozita DE<\/title>\n<meta name=\"description\" content=\"Es gibt eine Menge Dinge, an die es zu denken gilt, wenn man endlich seinen Welpen abholt und ihn nach Hause bringt. Welches Futter sollten Sie f\u00fcttern?\" \/>\n<meta name=\"robots\" content=\"index, follow, max-snippet:-1, max-image-preview:large, max-video-preview:-1\" \/>\n<link rel=\"canonical\" href=\"https:\/\/bozita.com\/de\/hundefutter\/ernahrung-and-diat\/welpen-futtern\/\" \/>\n<meta property=\"og:locale\" content=\"de_DE\" \/>\n<meta property=\"og:type\" content=\"article\" \/>\n<meta property=\"og:title\" content=\"Welpen f\u00fcttern | Bozita DE\" \/>\n<meta property=\"og:description\" content=\"Es gibt eine Menge Dinge, an die es zu denken gilt, wenn man endlich seinen Welpen abholt und ihn nach Hause bringt. Welches Futter sollten Sie f\u00fcttern?\" \/>\n<meta property=\"og:url\" content=\"https:\/\/bozita.com\/de\/hundefutter\/ernahrung-and-diat\/welpen-futtern\/\" \/>\n<meta property=\"og:site_name\" content=\"Bozita DE\" \/>\n<meta property=\"article:modified_time\" content=\"2024-08-12T12:54:20+00:00\" \/>\n<meta property=\"og:image\" content=\"https:\/\/bozita.com\/de\/wp-content\/uploads\/sites\/8\/2021\/08\/bozita_swedish-natural-quality.jpg\" \/>\n\t<meta property=\"og:image:width\" content=\"800\" \/>\n\t<meta property=\"og:image:height\" content=\"533\" \/>\n\t<meta property=\"og:image:type\" content=\"image\/jpeg\" \/>\n<meta name=\"twitter:card\" content=\"summary_large_image\" \/>\n<!-- \/ Yoast SEO plugin. -->","yoast_head_json":{"title":"Welpen f\u00fcttern | Bozita DE","description":"Es gibt eine Menge Dinge, an die es zu denken gilt, wenn man endlich seinen Welpen abholt und ihn nach Hause bringt. Welches Futter sollten Sie f\u00fcttern?","robots":{"index":"index","follow":"follow","max-snippet":"max-snippet:-1","max-image-preview":"max-image-preview:large","max-video-preview":"max-video-preview:-1"},"canonical":"https:\/\/bozita.com\/de\/hundefutter\/ernahrung-and-diat\/welpen-futtern\/","og_locale":"de_DE","og_type":"article","og_title":"Welpen f\u00fcttern | Bozita DE","og_description":"Es gibt eine Menge Dinge, an die es zu denken gilt, wenn man endlich seinen Welpen abholt und ihn nach Hause bringt. Welches Futter sollten Sie f\u00fcttern?","og_url":"https:\/\/bozita.com\/de\/hundefutter\/ernahrung-and-diat\/welpen-futtern\/","og_site_name":"Bozita DE","article_modified_time":"2024-08-12T12:54:20+00:00","og_image":[{"width":800,"height":533,"url":"https:\/\/bozita.com\/de\/wp-content\/uploads\/sites\/8\/2021\/08\/bozita_swedish-natural-quality.jpg","type":"image\/jpeg"}],"twitter_card":"summary_large_image","schema":{"@context":"https:\/\/schema.org","@graph":[{"@type":"WebPage","@id":"https:\/\/bozita.com\/de\/hundefutter\/ernahrung-and-diat\/welpen-futtern\/","url":"https:\/\/bozita.com\/de\/hundefutter\/ernahrung-and-diat\/welpen-futtern\/","name":"Welpen f\u00fcttern | Bozita DE","isPartOf":{"@id":"https:\/\/bozita.com\/de\/#website"},"datePublished":"2021-08-12T17:57:20+00:00","dateModified":"2024-08-12T12:54:20+00:00","description":"Es gibt eine Menge Dinge, an die es zu denken gilt, wenn man endlich seinen Welpen abholt und ihn nach Hause bringt. Welches Futter sollten Sie f\u00fcttern?","breadcrumb":{"@id":"https:\/\/bozita.com\/de\/hundefutter\/ernahrung-and-diat\/welpen-futtern\/#breadcrumb"},"inLanguage":"de","potentialAction":[{"@type":"ReadAction","target":["https:\/\/bozita.com\/de\/hundefutter\/ernahrung-and-diat\/welpen-futtern\/"]}]},{"@type":"BreadcrumbList","@id":"https:\/\/bozita.com\/de\/hundefutter\/ernahrung-and-diat\/welpen-futtern\/#breadcrumb","itemListElement":[{"@type":"ListItem","position":1,"name":"Startseite","item":"https:\/\/bozita.com\/de\/"},{"@type":"ListItem","position":2,"name":"Hundefutter &#8211; In Schweden hergestellt und nat\u00fcrlich","item":"https:\/\/bozita.com\/de\/hundefutter\/"},{"@type":"ListItem","position":3,"name":"Ern\u00e4hrung und Di\u00e4t","item":"https:\/\/bozita.com\/de\/hundefutter\/ernahrung-and-diat\/"},{"@type":"ListItem","position":4,"name":"Welpen f\u00fcttern"}]},{"@type":"WebSite","@id":"https:\/\/bozita.com\/de\/#website","url":"https:\/\/bozita.com\/de\/","name":"Bozita DE","description":"","potentialAction":[{"@type":"SearchAction","target":{"@type":"EntryPoint","urlTemplate":"https:\/\/bozita.com\/de\/?s={search_term_string}"},"query-input":"required name=search_term_string"}],"inLanguage":"de"}]}},"_links":{"self":[{"href":"https:\/\/bozita.com\/de\/wp-json\/wp\/v2\/pages\/6975"}],"collection":[{"href":"https:\/\/bozita.com\/de\/wp-json\/wp\/v2\/pages"}],"about":[{"href":"https:\/\/bozita.com\/de\/wp-json\/wp\/v2\/types\/page"}],"author":[{"embeddable":true,"href":"https:\/\/bozita.com\/de\/wp-json\/wp\/v2\/users\/1"}],"replies":[{"embeddable":true,"href":"https:\/\/bozita.com\/de\/wp-json\/wp\/v2\/comments?post=6975"}],"version-history":[{"count":8,"href":"https:\/\/bozita.com\/de\/wp-json\/wp\/v2\/pages\/6975\/revisions"}],"predecessor-version":[{"id":28821,"href":"https:\/\/bozita.com\/de\/wp-json\/wp\/v2\/pages\/6975\/revisions\/28821"}],"up":[{"embeddable":true,"href":"https:\/\/bozita.com\/de\/wp-json\/wp\/v2\/pages\/7043"}],"wp:featuredmedia":[{"embeddable":true,"href":"https:\/\/bozita.com\/de\/wp-json\/wp\/v2\/media\/6964"}],"wp:attachment":[{"href":"https:\/\/bozita.com\/de\/wp-json\/wp\/v2\/media?parent=6975"}],"curies":[{"name":"wp","href":"https:\/\/api.w.org\/{rel}","templated":true}]}}