{"id":6978,"date":"2021-08-12T17:57:05","date_gmt":"2021-08-12T17:57:05","guid":{"rendered":"https:\/\/bozita.com\/de\/hunde-und-impfungen\/"},"modified":"2021-10-28T08:11:40","modified_gmt":"2021-10-28T08:11:40","slug":"hunde-und-impfungen","status":"publish","type":"page","link":"https:\/\/bozita.com\/de\/leben-mit-hund\/die-gesundheit-des-hundes\/hunde-und-impfungen\/","title":{"rendered":"Hunde und Impfungen"},"content":{"rendered":"\t\t<section class=\"small-hero\">\n\t\t\t<div class=\"container\">\n\t\t\t\t<h1 class=\"small-hero-title\">Hunde und Impfungen<\/h1>\t\t\t<\/div>\n\t\t\t<\/div>\n\t\t<\/section>\n\t\n\n\t<div class=\"text-box-warp\">\n\t\t<div class=\"container\">\n\t\t\t<div class=\"text-content\">\n\t\t\t\t<p>Indem Du Deinen Hund impfen l\u00e4sst, ersparst Du ihm unn\u00f6tiges Leid und verhinderst die Ausbreitung von Krankheiten. Ein Welpe ist bei der Abholung vom Z\u00fcchter f\u00fcr gew\u00f6hnlich grundimmunisiert, danach liegt die Verantwortung bei den neuen Besitzern. Bei Ausstellungs- und Wettbewerbshunden musst Du gesonderte Regeln befolgen, damit der Hund teilnehmen darf. Reist Du mit Deinem Hund ins Ausland, solltest Du Dich im Vorfeld \u00fcber die geltenden Regeln bez\u00fcglich Ein- und Ausreise informieren.<\/p>\n<h2>LASSE DEINEN HUND GEGEN PARVOVIROSE, STAUPE UND HEPATITIS IMPFEN<\/h2>\n<p>Hunde erhalten ihre erste Impfung gegen Parvovirose, Staupe und Hepatitis normalerweise in einem Alter von rund 7 bis 8 Wochen. Da Welpen vor der 8. Lebenswoche nicht von ihrer Mutter getrennt werden d\u00fcrfen, wird diese Impfung in den meisten F\u00e4llen vom Z\u00fcchter veranlasst. Infos zu Impfungen sollten im Kaufvertrag aufgef\u00fchrt sein. Ebenso sollte beim Kauf ein vom Tierarzt ausgestellter Impfausweis ausgeh\u00e4ndigt werden. Ist der Welpe aus bestimmten Gr\u00fcnden nicht bis zum Alter von 8 Wochen geimpft worden, liegt die Verantwortung bei den neuen Besitzern, dies so schnell wie m\u00f6glich nachzuholen.<\/p>\n<p>Die Impfung sollte aufgefrischt werden, sobald der Hund 12 Wochen und 1 Jahr alt ist. F\u00fcr einen durchgehenden Schutz empfiehlt es sich, den Hund in regelm\u00e4\u00dfigen Abst\u00e4nden erneut impfen zu lassen. Der empfohlene Abstand zwischen den Impfungen betr\u00e4gt 3 Jahre.<\/p>\n<p>Die Impfungen gegen Parvovirose, Staupe und Hepatitis sind besonders wichtig, wenn der Hund sich in Gebieten mit vielen anderen Hunden aufh\u00e4lt, zum Beispiel in Hundeparks oder bei Ausstellungen und Wettk\u00e4mpfen.<\/p>\n<h2>PARVOVIROSE BEI HUNDEN<\/h2>\n<p>Die auch als &#8222;Hundeseuche&#8220; bekannte Parvovirose bef\u00e4llt vorrangig Hunde und ist extrem ansteckend. Welpen sind besonders h\u00e4ufig betroffen. Typische Symptome umfassen hohes Fieber, Erbrechen und Durchfall. Das Parvovirus wird \u00fcber die Ausscheidungen des Hundes abgesondert und kann in der sogenannten infekti\u00f6sen (ansteckenden) Form sowohl in Innen- als auch Au\u00dfenbereichen \u00fcber einen langen Zeitraum \u00fcberleben. Dank der hohen Impfrate kommt die Parvovirose bei Hunden in Deutschland nur selten vor.<\/p>\n<h2>STAUPE BEI HUNDEN<\/h2>\n<p>Die Staupe bef\u00e4llt vorrangig junge Hunde in einem Alter von 2 bis 18 Monaten. Das Virus befindet sich im Nasen- und Ohrensekret und wird entweder direkt von Hund zu Hund oder indirekt durch Personen und Gegenst\u00e4nde \u00fcbertragen. Die Erkrankung beginnt mit hohem Fieber, Abgeschlagenheit sowie verringertem Appetit. Sp\u00e4tere Symptome umfassen Erbrechen, Durchfall, Augenausfluss, schweren Husten und Hautausschlag mit eitrigen Blasen. Mitunter wird auch das Nervensystem befallen. Dank der hohen Impfrate kommt die Staupe bei Hunden in Deutschland nur selten vor.<\/p>\n<h2>HEPATITIS BEI HUNDEN<\/h2>\n<p>Die infekti\u00f6se Hepatitis beim Hund (HCC, Hepatitis contagiosa canis) wird durch ein Virus verursacht, das \u00fcber verschiedene K\u00f6rperfl\u00fcssigkeiten \u00fcbertragen wird. \u00dcbliche Symptome umfassen Durchfall, Unwohlsein und Bauchschmerzen, aufgrund derer sich der Hund nicht bewegen m\u00f6chte. Die Schleimh\u00e4ute in Maul und Augen k\u00f6nnen blass und\/oder gelblich erscheinen. Ebenso \u00fcblich sind Blutungen und Schwellungen im Nacken, auf der Haut oder dem K\u00f6rper. Oft entwickelt sich eine ernsthafte Augenentz\u00fcndung. Einige befallene Hunde zeigen jedoch \u00fcberhaupt keine Symptome. Dank der hohen Impfrate gibt es j\u00e4hrlich nur wenige F\u00e4lle infekti\u00f6ser Hepatitis in Deutschland.<\/p>\n<h2>IMPFUNG GEGEN ZWINGERHUSTEN<\/h2>\n<p>Zwingerhusten ist ein Sammelbegriff f\u00fcr Symptome bei Hunden, die dem Keuchhusten \u00e4hneln. Als typische Krankheitszeichen zeigen sich akut einsetzende Hustenattacken, die mitunter zu Brechreiz f\u00fchren oder den Hund wei\u00dfen Schleim aushusten lassen. Kurze Fieberspitzen sind ebenso m\u00f6glich.<\/p>\n<p>Hunde, die in Gegenden mit vielen anderen Hunden leben, sollten j\u00e4hrlich gegen Zwingerhusten geimpft werden. Auch wenn die Erkrankung nicht direkt lebensbedrohlich ist, so ist sie doch ungemein entkr\u00e4ftend und zudem \u00e4u\u00dferst ansteckend. Die Impfung sch\u00fctzt nicht gegen alle Arten von Erregern, die Zwingerhusten verursachen k\u00f6nnen, verringert aber das Risiko einer Ansteckung und schw\u00e4cht die Symptome deutlich ab.<\/p>\n<h2>IMPFUNGEN VON WETTKAMPFHUNDEN<\/h2>\n<p>F\u00fcr Hunde, die an Wettk\u00e4mpfen, Pr\u00fcfungen und\/oder Ausstellungen teilnehmen, m\u00fcssen spezielle Regeln befolgt werden, um zur Teilnahme zugelassen zu werden. Weiterf\u00fchrende Informationen erh\u00e4ltst Du auf den Seiten des Verbands f\u00fcr das Deutsche Hundewesen (VDH) e.V. unter dem Punkt Services, \u00fcber den Du zu den Informationen rund um Satzungen &amp; Ordnungen gelangst.<\/p>\n<p>Satzungen &amp; Ordnungen des Verbands f\u00fcr das Deutsche Hundewesen (VDH) e.V.<\/p>\n<h2>HUNDEIMPFUNGEN AUFGRUND VON AUSLANDSREISEN<\/h2>\n<p>Vor einer Auslandsreise ist es besonders wichtig, sich \u00fcber geltende Regeln f\u00fcr die Ein- und Ausfuhr des jeweiligen Landes zu informieren. F\u00fcr ausf\u00fchrliche Informationen kannst Du die Botschaft des Ziellandes kontaktieren oder Deinen Tierarzt um Rat fragen. Warte nicht zu lange! Einige Impfungen m\u00fcssen lange im Voraus erfolgen. Denke auch daran, dass es in bestimmten L\u00e4ndern Krankheiten gibt, die in Deutschland nicht vorkommen und ebenso Menschen befallen k\u00f6nnen.<\/p>\n<p>Beim Bundesministerium f\u00fcr Ern\u00e4hrung und Landwirtschaft erh\u00e4ltst Du Informationen zu Ein- und Ausfuhr von Hunden innerhalb und au\u00dferhalb der EU.<\/p>\n\t\t\t<\/div>\n\t\t<\/div>\n\t<\/div>\n\n\n\n\t<section class=\"block related-articles\">\n\t\t<div class=\"container\">\n\t\t\t<h2>Entdecke weitere Artikel<\/h2>\n\t\t\t<div class=\"row justify-content-center\">\n\t\t\t\t\t\t\t\t\t\t<div class=\"col-sm-6 col-md-6 col-lg-3\">\n\t\t\t\t\t\t\t\t\t\t\t\t\t\t<div class=\"card \">\n\t\t\t\t\t\t\t\t\t\t\t\t\t\t\t\t\t<img decoding=\"async\"  src=\"https:\/\/bozita.com\/de\/wp-content\/uploads\/sites\/8\/2021\/06\/bozita-avmaska-hundvalp-hund.jpg\" alt=\"\">\n\t\t\t\t\t\t\t\t\t\t\t\t\t\t\t\t\t<!-- <img decoding=\"async\" src=\"\n\t\t\t\t\t\t\t\t\t\t\t\t\t\t\t\t\t\t\t\t\" alt=\"\n\t\t\t\t\t\t\t\t\t\t\t\t\t\t\t\t\t\t\t\t\t\t\t\t\t\t\t\"> -->\n\t\t\t\t\t\t\t\t<div class=\"card-body\">\n\t\t\t\t\t\t\t\t\t\t\t\t\t\t\t\t\t\t\t<h6>Wurmkur bei Welpen und ausgewachsenen Hunden<\/h6>\n\t\t\t\t\t\t\t\t\t\t\t\t\t\t\t\t\t\t\t<a href=\"https:\/\/bozita.com\/de\/leben-mit-hund\/die-gesundheit-des-hundes\/wurmkur-bei-welpen-und-ausgewachsenen-hunden\/\">Weiterlesen &nbsp; ><\/a>\n\t\t\t\t\t\t\t\t<\/div>\n\t\t\t\t\t\t\t<\/div>\n\t\t\t\t\t\t<\/div>\n\n\t\t\t\t\t\t\t\t\t\t\t<div class=\"col-sm-6 col-md-6 col-lg-3\">\n\t\t\t\t\t\t\t\t\t\t\t\t\t\t<div class=\"card \">\n\t\t\t\t\t\t\t\t\t\t\t\t\t\t\t\t\t<img decoding=\"async\"  src=\"https:\/\/bozita.com\/de\/wp-content\/uploads\/sites\/8\/2021\/08\/bozita-hund-borsta-tander-hygien.jpeg\" alt=\"\">\n\t\t\t\t\t\t\t\t\t\t\t\t\t\t\t\t\t<!-- <img decoding=\"async\" src=\"\n\t\t\t\t\t\t\t\t\t\t\t\t\t\t\t\t\t\t\t\t\" alt=\"\n\t\t\t\t\t\t\t\t\t\t\t\t\t\t\t\t\t\t\t\t\t\t\t\t\t\t\t\"> -->\n\t\t\t\t\t\t\t\t<div class=\"card-body\">\n\t\t\t\t\t\t\t\t\t\t\t\t\t\t\t\t\t\t\t<h6>Die Z\u00e4hne des Hundes und wie du diese pflegst<\/h6>\n\t\t\t\t\t\t\t\t\t\t\t\t\t\t\t\t\t\t\t<a href=\"https:\/\/bozita.com\/de\/leben-mit-hund\/die-gesundheit-des-hundes\/die-zahne-des-hundes-und-wie-sie-diese-pflegen\/\">Weiterlesen &nbsp; ><\/a>\n\t\t\t\t\t\t\t\t<\/div>\n\t\t\t\t\t\t\t<\/div>\n\t\t\t\t\t\t<\/div>\n\n\t\t\t\t\t\t\t\t\t\t\t<div class=\"col-sm-6 col-md-6 col-lg-3\">\n\t\t\t\t\t\t\t\t\t\t\t\t\t\t<div class=\"card \">\n\t\t\t\t\t\t\t\t\t\t\t\t\t\t\t\t\t<img decoding=\"async\"  src=\"https:\/\/bozita.com\/de\/wp-content\/uploads\/sites\/8\/2021\/06\/bozita-utfodra-valp.jpg\" alt=\"\">\n\t\t\t\t\t\t\t\t\t\t\t\t\t\t\t\t\t<!-- <img decoding=\"async\" src=\"\n\t\t\t\t\t\t\t\t\t\t\t\t\t\t\t\t\t\t\t\t\" alt=\"\n\t\t\t\t\t\t\t\t\t\t\t\t\t\t\t\t\t\t\t\t\t\t\t\t\t\t\t\"> -->\n\t\t\t\t\t\t\t\t<div class=\"card-body\">\n\t\t\t\t\t\t\t\t\t\t\t\t\t\t\t\t\t\t\t<h6>Was d\u00fcrfen Hunde nicht fressen?<\/h6>\n\t\t\t\t\t\t\t\t\t\t\t\t\t\t\t\t\t\t\t<a href=\"https:\/\/bozita.com\/de\/hundefutter\/ernahrung-and-diat\/was-durfen-hunde-nicht-fressen\/\">Weiterlesen &nbsp; ><\/a>\n\t\t\t\t\t\t\t\t<\/div>\n\t\t\t\t\t\t\t<\/div>\n\t\t\t\t\t\t<\/div>\n\n\t\t\t\t\t\t\t\t\t\t\t\t<\/div>\n\t\t<\/div>\n\t<\/section>\n","protected":false},"excerpt":{"rendered":"","protected":false},"author":1,"featured_media":6979,"parent":7074,"menu_order":0,"comment_status":"closed","ping_status":"closed","template":"guternberg.php","meta":{"footnotes":""},"acf":[],"yoast_head":"<!-- This site is optimized with the Yoast SEO plugin v21.3 - https:\/\/yoast.com\/wordpress\/plugins\/seo\/ -->\n<title>Hunde und Impfungen | Bozita DE<\/title>\n<meta name=\"description\" content=\"Advice on vaccination of dogs and puppies. How often and when should you vaccinate your dog? It is important to vaccinate the dog against puppy disease, parvovirus and hepatitis.\" \/>\n<meta name=\"robots\" content=\"index, follow, max-snippet:-1, max-image-preview:large, max-video-preview:-1\" \/>\n<link rel=\"canonical\" href=\"https:\/\/bozita.com\/de\/leben-mit-hund\/die-gesundheit-des-hundes\/hunde-und-impfungen\/\" \/>\n<meta property=\"og:locale\" content=\"de_DE\" \/>\n<meta property=\"og:type\" content=\"article\" \/>\n<meta property=\"og:title\" content=\"Hunde und Impfungen | Bozita DE\" \/>\n<meta property=\"og:description\" content=\"Advice on vaccination of dogs and puppies. How often and when should you vaccinate your dog? It is important to vaccinate the dog against puppy disease, parvovirus and hepatitis.\" \/>\n<meta property=\"og:url\" content=\"https:\/\/bozita.com\/de\/leben-mit-hund\/die-gesundheit-des-hundes\/hunde-und-impfungen\/\" \/>\n<meta property=\"og:site_name\" content=\"Bozita DE\" \/>\n<meta property=\"article:modified_time\" content=\"2021-10-28T08:11:40+00:00\" \/>\n<meta property=\"og:image\" content=\"https:\/\/bozita.com\/de\/wp-content\/uploads\/sites\/8\/2021\/08\/bozita-hund-vaccinera.jpeg\" \/>\n\t<meta property=\"og:image:width\" content=\"800\" \/>\n\t<meta property=\"og:image:height\" content=\"532\" \/>\n\t<meta property=\"og:image:type\" content=\"image\/jpeg\" \/>\n<meta name=\"twitter:card\" content=\"summary_large_image\" \/>\n<!-- \/ Yoast SEO plugin. -->","yoast_head_json":{"title":"Hunde und Impfungen | Bozita DE","description":"Advice on vaccination of dogs and puppies. How often and when should you vaccinate your dog? It is important to vaccinate the dog against puppy disease, parvovirus and hepatitis.","robots":{"index":"index","follow":"follow","max-snippet":"max-snippet:-1","max-image-preview":"max-image-preview:large","max-video-preview":"max-video-preview:-1"},"canonical":"https:\/\/bozita.com\/de\/leben-mit-hund\/die-gesundheit-des-hundes\/hunde-und-impfungen\/","og_locale":"de_DE","og_type":"article","og_title":"Hunde und Impfungen | Bozita DE","og_description":"Advice on vaccination of dogs and puppies. How often and when should you vaccinate your dog? It is important to vaccinate the dog against puppy disease, parvovirus and hepatitis.","og_url":"https:\/\/bozita.com\/de\/leben-mit-hund\/die-gesundheit-des-hundes\/hunde-und-impfungen\/","og_site_name":"Bozita DE","article_modified_time":"2021-10-28T08:11:40+00:00","og_image":[{"width":800,"height":532,"url":"https:\/\/bozita.com\/de\/wp-content\/uploads\/sites\/8\/2021\/08\/bozita-hund-vaccinera.jpeg","type":"image\/jpeg"}],"twitter_card":"summary_large_image","schema":{"@context":"https:\/\/schema.org","@graph":[{"@type":"WebPage","@id":"https:\/\/bozita.com\/de\/leben-mit-hund\/die-gesundheit-des-hundes\/hunde-und-impfungen\/","url":"https:\/\/bozita.com\/de\/leben-mit-hund\/die-gesundheit-des-hundes\/hunde-und-impfungen\/","name":"Hunde und Impfungen | Bozita DE","isPartOf":{"@id":"https:\/\/bozita.com\/de\/#website"},"datePublished":"2021-08-12T17:57:05+00:00","dateModified":"2021-10-28T08:11:40+00:00","description":"Advice on vaccination of dogs and puppies. How often and when should you vaccinate your dog? It is important to vaccinate the dog against puppy disease, parvovirus and hepatitis.","breadcrumb":{"@id":"https:\/\/bozita.com\/de\/leben-mit-hund\/die-gesundheit-des-hundes\/hunde-und-impfungen\/#breadcrumb"},"inLanguage":"de","potentialAction":[{"@type":"ReadAction","target":["https:\/\/bozita.com\/de\/leben-mit-hund\/die-gesundheit-des-hundes\/hunde-und-impfungen\/"]}]},{"@type":"BreadcrumbList","@id":"https:\/\/bozita.com\/de\/leben-mit-hund\/die-gesundheit-des-hundes\/hunde-und-impfungen\/#breadcrumb","itemListElement":[{"@type":"ListItem","position":1,"name":"Startseite","item":"https:\/\/bozita.com\/de\/"},{"@type":"ListItem","position":2,"name":"Leben mit Hund","item":"https:\/\/bozita.com\/de\/leben-mit-hund\/"},{"@type":"ListItem","position":3,"name":"Gesundheit Deines Hundes","item":"https:\/\/bozita.com\/de\/leben-mit-hund\/die-gesundheit-des-hundes\/"},{"@type":"ListItem","position":4,"name":"Hunde und Impfungen"}]},{"@type":"WebSite","@id":"https:\/\/bozita.com\/de\/#website","url":"https:\/\/bozita.com\/de\/","name":"Bozita DE","description":"","potentialAction":[{"@type":"SearchAction","target":{"@type":"EntryPoint","urlTemplate":"https:\/\/bozita.com\/de\/?s={search_term_string}"},"query-input":"required name=search_term_string"}],"inLanguage":"de"}]}},"_links":{"self":[{"href":"https:\/\/bozita.com\/de\/wp-json\/wp\/v2\/pages\/6978"}],"collection":[{"href":"https:\/\/bozita.com\/de\/wp-json\/wp\/v2\/pages"}],"about":[{"href":"https:\/\/bozita.com\/de\/wp-json\/wp\/v2\/types\/page"}],"author":[{"embeddable":true,"href":"https:\/\/bozita.com\/de\/wp-json\/wp\/v2\/users\/1"}],"replies":[{"embeddable":true,"href":"https:\/\/bozita.com\/de\/wp-json\/wp\/v2\/comments?post=6978"}],"version-history":[{"count":10,"href":"https:\/\/bozita.com\/de\/wp-json\/wp\/v2\/pages\/6978\/revisions"}],"predecessor-version":[{"id":12092,"href":"https:\/\/bozita.com\/de\/wp-json\/wp\/v2\/pages\/6978\/revisions\/12092"}],"up":[{"embeddable":true,"href":"https:\/\/bozita.com\/de\/wp-json\/wp\/v2\/pages\/7074"}],"wp:featuredmedia":[{"embeddable":true,"href":"https:\/\/bozita.com\/de\/wp-json\/wp\/v2\/media\/6979"}],"wp:attachment":[{"href":"https:\/\/bozita.com\/de\/wp-json\/wp\/v2\/media?parent=6978"}],"curies":[{"name":"wp","href":"https:\/\/api.w.org\/{rel}","templated":true}]}}