{"id":6982,"date":"2021-08-12T17:56:53","date_gmt":"2021-08-12T17:56:53","guid":{"rendered":"https:\/\/bozita.com\/de\/katze-kaufen\/"},"modified":"2022-07-19T08:38:07","modified_gmt":"2022-07-19T08:38:07","slug":"katze-kaufen","status":"publish","type":"page","link":"https:\/\/bozita.com\/de\/leben-mit-katze\/katze-kaufen\/","title":{"rendered":"Katze kaufen oder anschaffen &#8211; Das ist zu beachten"},"content":{"rendered":"\n\t\t<section class=\"small-hero-with-image\">\n\t\t\t\t\t\t\t<img decoding=\"async\" class=\"background-image\" src=\"https:\/\/bozita.com\/de\/wp-content\/uploads\/sites\/8\/2021\/08\/Bozita_Kitten_lax_optimized-new-a.png\" alt=\"\">\n\t\t\t\t\t\t\t<div class=\"overlay-v1 overlay-bg\">\n\t\t\t\t<div class=\"container\">\n\t\t\t\t\t<div class=\"row\">\n\t\t\t\t\t\t<div class=\"col-md-6 col-lg-5\">\n\t\t\t\t\t\t\t<h5>Katzenwissen<\/h5><h1>Wenn Du eine Katze kaufen m\u00f6chtest<\/h1><p><p>\u00dcberlegst Du Dir eine Katze zu kaufen oder zu adoptieren? Denke vor der Anschaffung sorgf\u00e4ltig \u00fcber Deinen Entschluss nach und lies mehr dazu, wie Du Dich am besten\u00a0<a title=\"Katzengesundheit\" href=\"https:\/\/bozita.com\/de\/leben-mit-katze\/katzengesundheit\/\" data-udi=\"umb:\/\/document\/34644018bd6a47348d6c4433f2ea4729\">um Deine Katze k\u00fcmmerst.<\/a> Bist Du bereit, eine Katze zu kaufen oder bist Du neuer Katzenbesitzer? Bereite Dich auf das Leben mit Katze gut vor, damit Ihr beide einen idealen Start in Euer neues, gemeinsames Leben bekommt.<\/p>\n<\/p>\t\t\t\t\t\t<\/div>\n\t\t\t\t\t<\/div>\n\t\t\t\t<\/div>\n\t\t\t<\/div>\n\t\t<\/section>\n\t\t\n\n\t<div class=\"text-box-warp\">\n\t\t<div class=\"container\">\n\t\t\t<div class=\"text-content\">\n\t\t\t\t<p>Bist Du dazu bereit, die Verantwortung f\u00fcr Deine Katze f\u00fcr viele Jahre zu \u00fcbernehmen? Das s\u00fc\u00dfe kleine Katzenbaby w\u00e4chst heran, wird gro\u00df und kann \u2013 wenn es gesund ist \u2013 mehr als 15 Jahre alt werden. Hast Du die n\u00f6tige Zeit und die finanziellen Mittel f\u00fcr eine Katze? Diese sollte mindestens zweimal t\u00e4glich versorgt werden und neben Katzenfutter und Katzenstreu sind auch Versicherung, Tierarztkosten und mehr zu bezahlen. Hast Du Dir es gut \u00fcberlegt und einen Entschluss gefasst, k\u00f6nnen viele Fragen auftreten: Wie kommt man an einen Z\u00fcchter oder m\u00f6chtest Du ein Tier aus dem Tierheim aufnehmen? Solltest Du ein Kater oder K\u00e4tzin w\u00e4hlen? Wirst Du Dich f\u00fcr ein Katzenbaby oder eine ausgewachsene Katze entscheiden?<\/p>\n<p>&nbsp;<\/p>\n\t\t\t<\/div>\n\t\t<\/div>\n\t<\/div>\n\n\n\t<section class=\"block section-promos\">\n\t\t<div class=\"container\">\n\t\t\t<div class=\"row\">\n\t\t\t\t\t\t\t\t\t\t<div class=\"col-md-6\">\n\t\t\t\t\t\t\t<div class=\"card\">\n\t\t\t\t\t\t\t\t\t\t\t\t\t\t\t\t\t<img decoding=\"async\" class=\"card-img-top\" src=\"https:\/\/bozita.com\/de\/wp-content\/uploads\/sites\/8\/2021\/09\/bozita-introducera-katt-till-nytt-hem.jpg\" alt=\"\">\n\t\t\t\t\t\t\t\t\t\t\t\t\t\t\t\t<div class=\"card-body\">\n\t\t\t\t\t\t\t\t\t<h5 class=\"card-title\">Gew\u00f6hnung der Katze an ein neues Zuhause<\/h5>\n\t\t\t\t\t\t\t\t\t<p class=\"card-text\">Bevor Deine neue Katze oder Dein Katzenjunges bei Dir einzieht, gibt es vieles zu bedenken und vorzubereiten. Als Katzenbesitzer bist Du laut deutschem Tierschutzgesetz* daf\u00fcr verantwortlich, das nat\u00fcrliche Verhalten und die Bed\u00fcrfnisse einer Katze zu kennen. Damit es etwas leichter wird, das Tier an sein neues Zuhause zu gew\u00f6hnen, haben wir zwei Checklisten erstellt \u2013 eine zu praktischen Vorbereitungen, sowie eine mit Tipps, wie Du mit der Katze umgehen kannst, damit sie sich schnell heimisch f\u00fchlt.<\/p>\n\t\t\t\t\t\t\t\t\t\t\t\t\t\t\t\t\t\t\t<a target=\"\" href=\"https:\/\/bozita.com\/de\/leben-mit-katze\/katze-kaufen\/gewohnung-der-katze-an-ein-neues-zuhause\/\" class=\"btn btn-white\">Weiterlesen<\/a>\n\t\t\t\t\t\t\t\t\t\t\t\t\t\t\t\t\t\t<\/div>\n\t\t\t\t\t\t\t<\/div>\n\t\t\t\t\t\t<\/div>\n\t\t\t\t\t\t\t\t\t\t\t\t<div class=\"col-md-6\">\n\t\t\t\t\t\t\t<div class=\"card\">\n\t\t\t\t\t\t\t\t\t\t\t\t\t\t\t\t\t<img decoding=\"async\" class=\"card-img-top\" src=\"https:\/\/bozita.com\/de\/wp-content\/uploads\/sites\/8\/2021\/06\/bozita-katt-utveckling.jpg\" alt=\"\">\n\t\t\t\t\t\t\t\t\t\t\t\t\t\t\t\t<div class=\"card-body\">\n\t\t\t\t\t\t\t\t\t<h5 class=\"card-title\">Wie werden Katzenbaby und Katze Freig\u00e4nger?<\/h5>\n\t\t\t\t\t\t\t\t\t<p class=\"card-text\">M\u00f6chtest Du, dass Deine Katze Freig\u00e4nger wird, solltest Du damit erst beginnen, wenn sie physisch und psychisch daf\u00fcr bereit ist und sich gefahrlos vor Deiner Haust\u00fcr sowie in der n\u00e4heren Umgebung bewegen kann. Vor allem Kitten solltest Du langsam und in Ruhe an den Freigang gew\u00f6hnen.<\/p>\n\t\t\t\t\t\t\t\t\t\t\t\t\t\t\t\t\t\t\t<a target=\"\" href=\"https:\/\/bozita.com\/de\/leben-mit-katze\/katze-kaufen\/wie-werden-katzenbaby-und-katze-freiganger\/\" class=\"btn btn-white\">Weiterlesen<\/a>\n\t\t\t\t\t\t\t\t\t\t\t\t\t\t\t\t\t\t<\/div>\n\t\t\t\t\t\t\t<\/div>\n\t\t\t\t\t\t<\/div>\n\t\t\t\t\t\t\t\t\t\t\t\t<div class=\"col-md-6\">\n\t\t\t\t\t\t\t<div class=\"card\">\n\t\t\t\t\t\t\t\t\t\t\t\t\t\t\t\t\t<img decoding=\"async\" class=\"card-img-top\" src=\"https:\/\/bozita.com\/de\/wp-content\/uploads\/sites\/8\/2021\/08\/bozita-katt-ater-inte-dricker-inte-krasen-dalig-aptit.jpg\" alt=\"\">\n\t\t\t\t\t\t\t\t\t\t\t\t\t\t\t\t<div class=\"card-body\">\n\t\t\t\t\t\t\t\t\t<h5 class=\"card-title\">Wie lange kann man eine Katze allein lassen?<\/h5>\n\t\t\t\t\t\t\t\t\t<p class=\"card-text\">Mitunter musst Du als Katzenbesitzer Deine Katze f\u00fcr eine Reise oder die Arbeit allein lassen, doch Katzen k\u00f6nnen sich nicht \u00fcber einen l\u00e4ngeren Zeitraum selbst versorgen. Die Aufsicht eines Tieres ist unter dem Tierschutzgesetz der Bundesrepublik Deutschland geregelt, sodass es illegal ist, ein Tier ohne Versorgung f\u00fcr l\u00e4ngere Zeit allein zu lassen.<\/p>\n\t\t\t\t\t\t\t\t\t\t\t\t\t\t\t\t\t\t\t<a target=\"\" href=\"https:\/\/bozita.com\/de\/leben-mit-katze\/katze-kaufen\/wie-lange-kann-man-eine-katze-allein-lassen\/\" class=\"btn btn-white\">Weiterlesen<\/a>\n\t\t\t\t\t\t\t\t\t\t\t\t\t\t\t\t\t\t<\/div>\n\t\t\t\t\t\t\t<\/div>\n\t\t\t\t\t\t<\/div>\n\t\t\t\t\t\t\t\t\t\t\t\t<div class=\"col-md-6\">\n\t\t\t\t\t\t\t<div class=\"card\">\n\t\t\t\t\t\t\t\t\t\t\t\t\t\t\t\t\t<img decoding=\"async\" class=\"card-img-top\" src=\"https:\/\/bozita.com\/de\/wp-content\/uploads\/sites\/8\/2021\/09\/bozita-katt-rumsren-ga-pa-ladan.jpg\" alt=\"\">\n\t\t\t\t\t\t\t\t\t\t\t\t\t\t\t\t<div class=\"card-body\">\n\t\t\t\t\t\t\t\t\t<h5 class=\"card-title\">Wie bekommt man Katzen stubenrein?<\/h5>\n\t\t\t\t\t\t\t\t\t<p class=\"card-text\">Katzen gelten als sehr reinliche Tiere, sodass sich Katze oder Katzenbaby normalerweise leicht an die Benutzung des Katzenklos gew\u00f6hnen. Dennoch gibt es einige Dinge zu beachten, damit die Katze stubenrein wird, das Katzenklo verwendet und ihre Bed\u00fcrfnisse im neuen Zuhause am richtigen Ort verrichtet.<\/p>\n\t\t\t\t\t\t\t\t\t\t\t\t\t\t\t\t\t\t\t<a target=\"\" href=\"https:\/\/bozita.com\/de\/leben-mit-katze\/katze-kaufen\/wie-bekommt-man-katzen-stubenrein\/\" class=\"btn btn-white\">Weiterlesen<\/a>\n\t\t\t\t\t\t\t\t\t\t\t\t\t\t\t\t\t\t<\/div>\n\t\t\t\t\t\t\t<\/div>\n\t\t\t\t\t\t<\/div>\n\t\t\t\t\t\t\t\t\t\t\t\t<div class=\"col-md-6\">\n\t\t\t\t\t\t\t<div class=\"card\">\n\t\t\t\t\t\t\t\t\t\t\t\t\t\t\t\t\t<img decoding=\"async\" class=\"card-img-top\" src=\"https:\/\/bozita.com\/de\/wp-content\/uploads\/sites\/8\/2021\/07\/maria-chernetskaya-gfcIwMXxHiM-unsplash-300x192-1.png\" alt=\"\">\n\t\t\t\t\t\t\t\t\t\t\t\t\t\t\t\t<div class=\"card-body\">\n\t\t\t\t\t\t\t\t\t<h5 class=\"card-title\">Katze chippen und registrieren lassen <\/h5>\n\t\t\t\t\t\t\t\t\t<p class=\"card-text\">Indem Du Deine Katze chippen oder mit einer T\u00e4towierung registrieren l\u00e4sst, steigen die Chancen, dass die Samtpfote wieder nach Hause zur\u00fcckkehrt, wenn sie verschwinden oder in einen Unfall geraten sollte. Beide Methoden der Kennzeichnung haben Vor- und Nachteile. M\u00f6chtest Du mit Deiner Katze ins Ausland reisen, ist eine Kennzeichnung mit Mikrochip gesetzlich verpflichtend.<\/p>\n\t\t\t\t\t\t\t\t\t\t\t\t\t\t\t\t\t\t\t<a target=\"\" href=\"https:\/\/bozita.com\/de\/leben-mit-katze\/katze-kaufen\/katze-chippen-und-registrieren-lassen-deshalb-ist-es-so-wichtig\/\" class=\"btn btn-white\">Weiterlesen<\/a>\n\t\t\t\t\t\t\t\t\t\t\t\t\t\t\t\t\t\t<\/div>\n\t\t\t\t\t\t\t<\/div>\n\t\t\t\t\t\t<\/div>\n\t\t\t\t\t\t\t\t\t\t\t\t<div class=\"col-md-6\">\n\t\t\t\t\t\t\t<div class=\"card\">\n\t\t\t\t\t\t\t\t\t\t\t\t\t\t\t\t\t<img decoding=\"async\" class=\"card-img-top\" src=\"https:\/\/bozita.com\/de\/wp-content\/uploads\/sites\/8\/2021\/09\/bozita-socialisera-kattunge.jpg\" alt=\"\">\n\t\t\t\t\t\t\t\t\t\t\t\t\t\t\t\t<div class=\"card-body\">\n\t\t\t\t\t\t\t\t\t<h5 class=\"card-title\">Katzen aneinander gew\u00f6hnen<\/h5>\n\t\t\t\t\t\t\t\t\t<p class=\"card-text\">In diesem Artikel erh\u00e4ltst Du Tipps und Ratschl\u00e4ge, wie es Dir gelingt, zwei oder mehrere Katzen aneinander zu gew\u00f6hnen.<\/p>\n\t\t\t\t\t\t\t\t\t\t\t\t\t\t\t\t\t\t\t<a target=\"\" href=\"https:\/\/bozita.com\/de\/leben-mit-katze\/die-entwicklung-der-katze\/zwei-oder-mehrere-katzen-aneinander-gewohnen\/\" class=\"btn btn-white\">Weiterlesen<\/a>\n\t\t\t\t\t\t\t\t\t\t\t\t\t\t\t\t\t\t<\/div>\n\t\t\t\t\t\t\t<\/div>\n\t\t\t\t\t\t<\/div>\n\t\t\t\t\t\t\t\t\t\t\t\t<div class=\"col-md-6\">\n\t\t\t\t\t\t\t<div class=\"card\">\n\t\t\t\t\t\t\t\t\t\t\t\t\t\t\t\t\t<img decoding=\"async\" class=\"card-img-top\" src=\"https:\/\/bozita.com\/de\/wp-content\/uploads\/sites\/8\/2021\/08\/bozita-introducera-katt-hund.jpg\" alt=\"\">\n\t\t\t\t\t\t\t\t\t\t\t\t\t\t\t\t<div class=\"card-body\">\n\t\t\t\t\t\t\t\t\t<h5 class=\"card-title\">Katze und Hund aneinander gew\u00f6hnen<\/h5>\n\t\t\t\t\t\t\t\t\t<p class=\"card-text\">Hund und Katze aneinander zu gew\u00f6hnen funktioniert in den meisten F\u00e4llen reibungslos, doch ben\u00f6tigt es etwas \u00dcbung und Geduld, bis sie gut miteinander auskommen und zusammenleben k\u00f6nnen. <\/p>\n\t\t\t\t\t\t\t\t\t\t\t\t\t\t\t\t\t\t\t<a target=\"\" href=\"https:\/\/bozita.com\/de\/leben-mit-hund\/die-gesundheit-des-hundes\/die-entwicklung-der-katze\/gewohne-katze-und-hund-in-drei-schritten-aneinander\/\" class=\"btn btn-white\">Weiterlesen<\/a>\n\t\t\t\t\t\t\t\t\t\t\t\t\t\t\t\t\t\t<\/div>\n\t\t\t\t\t\t\t<\/div>\n\t\t\t\t\t\t<\/div>\n\t\t\t\t\t\t\t\t\t\t\t\t<div class=\"col-md-6\">\n\t\t\t\t\t\t\t<div class=\"card\">\n\t\t\t\t\t\t\t\t\t\t\t\t\t\t\t\t\t<img decoding=\"async\" class=\"card-img-top\" src=\"https:\/\/bozita.com\/de\/wp-content\/uploads\/sites\/8\/2021\/09\/bozita-lamna-katt-ensam.jpg\" alt=\"\">\n\t\t\t\t\t\t\t\t\t\t\t\t\t\t\t\t<div class=\"card-body\">\n\t\t\t\t\t\t\t\t\t<h5 class=\"card-title\">Reisen und Urlaub mit Katze <\/h5>\n\t\t\t\t\t\t\t\t\t<p class=\"card-text\">Eine Reise oder ein Urlaub mit Katze ben\u00f6tigt immer eine gute Vorbereitung \u2013 egal, wie lang die Reisestrecke ist, wie viele Tage Du von zu Hause wegbleibst und ob Du mit dem Tier Auto, Zug oder Bus fahren oder gar fliegen m\u00f6chtest.<\/p>\n\t\t\t\t\t\t\t\t\t\t\t\t\t\t\t\t\t\t\t<a target=\"\" href=\"https:\/\/bozita.com\/de\/leben-mit-katze\/die-entwicklung-der-katze\/reisen-und-urlaub-mit-katze-so-klappt-es\/\" class=\"btn btn-white\">Weiterlesen<\/a>\n\t\t\t\t\t\t\t\t\t\t\t\t\t\t\t\t\t\t<\/div>\n\t\t\t\t\t\t\t<\/div>\n\t\t\t\t\t\t<\/div>\n\t\t\t\t\t\t\t\t\t<\/div>\n\t\t<\/div>\n\t<\/section>\n\n\n\n\t<section class=\"block explore-other-topics\">\n\t<div class=\"container\">\n\t\t<h2>Entdecke weitere Themen<\/h2>\n\t\t<div class=\"row\">\n\t\t\t\t\t\t\t\t<div class=\"col-md-6 col-lg-3\">\n\t\t\t\t\t\t\t\t\t\t\t\t\t<h6>Katzenern\u00e4hrung und Di\u00e4t<\/h6>\n\t\t\t\t\t\t\t\t\t\t\t\t\t<div class=\"card \">\n\t\t\t\t\t\t\t<img loading=\"lazy\" decoding=\"async\" width=\"800\" height=\"533\" src=\"https:\/\/bozita.com\/de\/wp-content\/uploads\/sites\/8\/2021\/06\/bozita-nutrition-kost-katt.jpg\" class=\"attachment-post-thumbnail size-post-thumbnail wp-post-image\" alt=\"Katzenern\u00e4hrung und Di\u00e4t\" srcset=\"https:\/\/bozita.com\/de\/wp-content\/uploads\/sites\/8\/2021\/06\/bozita-nutrition-kost-katt.jpg 800w, https:\/\/bozita.com\/de\/wp-content\/uploads\/sites\/8\/2021\/06\/bozita-nutrition-kost-katt-300x200.jpg 300w, https:\/\/bozita.com\/de\/wp-content\/uploads\/sites\/8\/2021\/06\/bozita-nutrition-kost-katt-768x512.jpg 768w\" sizes=\"(max-width: 800px) 100vw, 800px\" \/>\n\t\t\t\t\t\t\t\t\t\t\t\t\t\t<div class=\"card-body\">\n\t\t\t\t\t\t\t\t\n\t\t\t\t\t\t\t\t\t\t\t\t\t\t\t\t\t<ul>\n\t\t\t\t\t\t\t\t\t\t\t\t\t\t\t\t\t\t\t\t\t<li><a href=\"https:\/\/bozita.com\/de\/katzenfutter\/ernahrung-and-diat\/deine-katze-frisst-oder-trinkt-nicht\/\">Katze frisst oder trinkt nicht? Tipps &amp; Ratschl\u00e4ge<\/a><\/li>\n\t\t\t\t\t\t\t\t\t\t\t\t\t\t\t\t\t\t\t\t\t\t<li><a href=\"https:\/\/bozita.com\/de\/katzenfutter\/ernahrung-and-diat\/was-essen-katzen\/\">Was essen Katzen und wie viel?<\/a><\/li>\n\t\t\t\t\t\t\t\t\t\t\t\t\t\t\t\t\t\t\t\t\t\t<li><a href=\"https:\/\/bozita.com\/de\/katzenfutter\/ernahrung-and-diat\/wie-wechselt-man-das-katzenfutter\/\">Futter von Katzen oder Kitten wechseln? So klappt&#8217;s<\/a><\/li>\n\t\t\t\t\t\t\t\t\t\t\t\t\t\t\t\t\t\t\t\t<\/ul>\n\t\t\t\t\t\t\t\t\t\t\t\t\t\t\t\t<a target=\"\" href=\"https:\/\/bozita.com\/de\/katzenfutter\/ernahrung-and-diat\/\" class=\"btn btn-primary\">Weitere Artikel <\/a>\n\t\t\t\t\t\t\t<\/div>\n\t\t\t\t\t\t<\/div>\n\t\t\t\t\t<\/div>\n\t\t\t\t\t\t\t\t\t\t<div class=\"col-md-6 col-lg-3\">\n\t\t\t\t\t\t\t\t\t\t\t\t\t<h6>K\u00fcmmern Sie sich um Ihre Katze \u2013 Katzengesundheit<\/h6>\n\t\t\t\t\t\t\t\t\t\t\t\t\t<div class=\"card \">\n\t\t\t\t\t\t\t<img loading=\"lazy\" decoding=\"async\" width=\"800\" height=\"533\" src=\"https:\/\/bozita.com\/de\/wp-content\/uploads\/sites\/8\/2021\/06\/bozita-katt-halsa.jpg\" class=\"attachment-post-thumbnail size-post-thumbnail wp-post-image\" alt=\"K\u00fcmmern Sie sich um Ihre Katze \u2013 Katzengesundheit\" srcset=\"https:\/\/bozita.com\/de\/wp-content\/uploads\/sites\/8\/2021\/06\/bozita-katt-halsa.jpg 800w, https:\/\/bozita.com\/de\/wp-content\/uploads\/sites\/8\/2021\/06\/bozita-katt-halsa-300x200.jpg 300w, https:\/\/bozita.com\/de\/wp-content\/uploads\/sites\/8\/2021\/06\/bozita-katt-halsa-768x512.jpg 768w\" sizes=\"(max-width: 800px) 100vw, 800px\" \/>\n\t\t\t\t\t\t\t\t\t\t\t\t\t\t<div class=\"card-body\">\n\t\t\t\t\t\t\t\t\n\t\t\t\t\t\t\t\t\t\t\t\t\t\t\t\t\t<ul>\n\t\t\t\t\t\t\t\t\t\t\t\t\t\t\t\t\t\t\t\t\t<li><a href=\"https:\/\/bozita.com\/de\/leben-mit-katze\/katzengesundheit\/weihnachten-ist-da\/\">Weihnachten ist da!<\/a><\/li>\n\t\t\t\t\t\t\t\t\t\t\t\t\t\t\t\t\t\t\t\t\t\t<li><a href=\"https:\/\/bozita.com\/de\/leben-mit-katze\/katzengesundheit\/das-kastrieren-einer-katze-hat-viele-vorteile\/\">Lassen Sie Ihre Katze kastrieren oder sterilisieren<\/a><\/li>\n\t\t\t\t\t\t\t\t\t\t\t\t\t\t\t\t\t\t\t\t\t\t<li><a href=\"https:\/\/bozita.com\/de\/leben-mit-katze\/katzengesundheit\/wurmkur-katze-und-katzenbaby\/\">Wurmkur bei Katze und Katzenbabys<\/a><\/li>\n\t\t\t\t\t\t\t\t\t\t\t\t\t\t\t\t\t\t\t\t<\/ul>\n\t\t\t\t\t\t\t\t\t\t\t\t\t\t\t\t<a target=\"\" href=\"https:\/\/bozita.com\/de\/leben-mit-katze\/katzengesundheit\/\" class=\"btn btn-primary\">Weitere Artikel <\/a>\n\t\t\t\t\t\t\t<\/div>\n\t\t\t\t\t\t<\/div>\n\t\t\t\t\t<\/div>\n\t\t\t\t\t\t\t\t\t\t<div class=\"col-md-6 col-lg-3\">\n\t\t\t\t\t\t\t\t\t\t\t\t\t<h6>Katzenentwicklung \u2013 Guter Katzenbesitzer werden<\/h6>\n\t\t\t\t\t\t\t\t\t\t\t\t\t<div class=\"card \">\n\t\t\t\t\t\t\t<img loading=\"lazy\" decoding=\"async\" width=\"1600\" height=\"578\" src=\"https:\/\/bozita.com\/de\/wp-content\/uploads\/sites\/8\/2021\/06\/bozita-katt-utveckling-2.jpg\" class=\"attachment-post-thumbnail size-post-thumbnail wp-post-image\" alt=\"Katzenentwicklung \u2013 Guter Katzenbesitzer werden\" srcset=\"https:\/\/bozita.com\/de\/wp-content\/uploads\/sites\/8\/2021\/06\/bozita-katt-utveckling-2.jpg 1600w, https:\/\/bozita.com\/de\/wp-content\/uploads\/sites\/8\/2021\/06\/bozita-katt-utveckling-2-300x108.jpg 300w, https:\/\/bozita.com\/de\/wp-content\/uploads\/sites\/8\/2021\/06\/bozita-katt-utveckling-2-1024x370.jpg 1024w, https:\/\/bozita.com\/de\/wp-content\/uploads\/sites\/8\/2021\/06\/bozita-katt-utveckling-2-768x277.jpg 768w, https:\/\/bozita.com\/de\/wp-content\/uploads\/sites\/8\/2021\/06\/bozita-katt-utveckling-2-1536x555.jpg 1536w\" sizes=\"(max-width: 1600px) 100vw, 1600px\" \/>\n\t\t\t\t\t\t\t\t\t\t\t\t\t\t<div class=\"card-body\">\n\t\t\t\t\t\t\t\t\n\t\t\t\t\t\t\t\t\t\t\t\t\t\t\t\t\t<ul>\n\t\t\t\t\t\t\t\t\t\t\t\t\t\t\t\t\t\t\t\t\t<li><a href=\"https:\/\/bozita.com\/de\/leben-mit-katze\/die-entwicklung-der-katze-2\/verhalten-und-korpersprache-von-katzen\/\">Katzenverhalten &amp; K\u00f6rpersprache von Katzen<\/a><\/li>\n\t\t\t\t\t\t\t\t\t\t\t\t\t\t\t\t\t\t\t\t\t\t<li><a href=\"https:\/\/bozita.com\/de\/leben-mit-katze\/die-entwicklung-der-katze-2\/the-history-of-the-cat\/\">Die Geschichte der Katze als Haustier des Menschen<\/a><\/li>\n\t\t\t\t\t\t\t\t\t\t\t\t\t\t\t\t\t\t\t\t\t\t<li><a href=\"https:\/\/bozita.com\/de\/leben-mit-katze\/die-entwicklung-der-katze-2\/anatomie-und-physiologie-der-katze\/\">Anatomie und Physiologie der Katze<\/a><\/li>\n\t\t\t\t\t\t\t\t\t\t\t\t\t\t\t\t\t\t\t\t<\/ul>\n\t\t\t\t\t\t\t\t\t\t\t\t\t\t\t\t<a target=\"\" href=\"https:\/\/bozita.com\/de\/leben-mit-katze\/die-entwicklung-der-katze-2\/\" class=\"btn btn-primary\">Weitere Artikel <\/a>\n\t\t\t\t\t\t\t<\/div>\n\t\t\t\t\t\t<\/div>\n\t\t\t\t\t<\/div>\n\t\t\t\t\t\t\t\t\t\t<div class=\"col-md-6 col-lg-3\">\n\t\t\t\t\t\t\t\t\t\t\t\t\t<h6>Besch\u00e4ftige Deine Katze<\/h6>\n\t\t\t\t\t\t\t\t\t\t\t\t\t<div class=\"card \">\n\t\t\t\t\t\t\t<img loading=\"lazy\" decoding=\"async\" width=\"1600\" height=\"578\" src=\"https:\/\/bozita.com\/de\/wp-content\/uploads\/sites\/8\/2021\/06\/bozita-aktivera-katt.jpg\" class=\"attachment-post-thumbnail size-post-thumbnail wp-post-image\" alt=\"Leben mit Katze\" srcset=\"https:\/\/bozita.com\/de\/wp-content\/uploads\/sites\/8\/2021\/06\/bozita-aktivera-katt.jpg 1600w, https:\/\/bozita.com\/de\/wp-content\/uploads\/sites\/8\/2021\/06\/bozita-aktivera-katt-300x108.jpg 300w, https:\/\/bozita.com\/de\/wp-content\/uploads\/sites\/8\/2021\/06\/bozita-aktivera-katt-1024x370.jpg 1024w, https:\/\/bozita.com\/de\/wp-content\/uploads\/sites\/8\/2021\/06\/bozita-aktivera-katt-768x277.jpg 768w, https:\/\/bozita.com\/de\/wp-content\/uploads\/sites\/8\/2021\/06\/bozita-aktivera-katt-1536x555.jpg 1536w\" sizes=\"(max-width: 1600px) 100vw, 1600px\" \/>\n\t\t\t\t\t\t\t\t\t\t\t\t\t\t<div class=\"card-body\">\n\t\t\t\t\t\t\t\t\n\t\t\t\t\t\t\t\t\t\t\t\t\t\t\t\t\t<ul>\n\t\t\t\t\t\t\t\t\t\t\t\t\t\t\t\t\t\t\t\t\t<li><a href=\"https:\/\/bozita.com\/de\/leben-mit-katze\/beschaftige-deine-katze\/beschaftige-deine-katze\/\">Tipps, wie Sie Ihre Katze besch\u00e4ftigen k\u00f6nnen<\/a><\/li>\n\t\t\t\t\t\t\t\t\t\t\t\t\t\t\t\t\t\t\t\t<\/ul>\n\t\t\t\t\t\t\t\t\t\t\t\t\t\t\t\t<a target=\"\" href=\"https:\/\/bozita.com\/de\/leben-mit-katze\/beschaftige-deine-katze\/\" class=\"btn btn-primary\">Weitere Artikel <\/a>\n\t\t\t\t\t\t\t<\/div>\n\t\t\t\t\t\t<\/div>\n\t\t\t\t\t<\/div>\n\t\t\t\t\t\t\t<\/div>\n\t<\/div>\n<\/section>\n","protected":false},"excerpt":{"rendered":"","protected":false},"author":1,"featured_media":6983,"parent":6994,"menu_order":1,"comment_status":"closed","ping_status":"closed","template":"guternberg.php","meta":{"footnotes":""},"acf":[],"yoast_head":"<!-- This site is optimized with the Yoast SEO plugin v21.3 - https:\/\/yoast.com\/wordpress\/plugins\/seo\/ -->\n<title>Katze kaufen oder anschaffen - Das ist zu beachten | Bozita DE<\/title>\n<meta name=\"description\" content=\"Der Kauf oder die Adoption von Katze oder Katzenbaby ben\u00f6tigt wenig Vorbereitung. Bozita hilft Ihnen dabei, an alles Wichtige zu denken.\" \/>\n<meta name=\"robots\" content=\"index, follow, max-snippet:-1, max-image-preview:large, max-video-preview:-1\" \/>\n<link rel=\"canonical\" href=\"https:\/\/bozita.com\/de\/leben-mit-katze\/katze-kaufen\/\" \/>\n<meta property=\"og:locale\" content=\"de_DE\" \/>\n<meta property=\"og:type\" content=\"article\" \/>\n<meta property=\"og:title\" content=\"Katze kaufen oder anschaffen - Das ist zu beachten | Bozita DE\" \/>\n<meta property=\"og:description\" content=\"Der Kauf oder die Adoption von Katze oder Katzenbaby ben\u00f6tigt wenig Vorbereitung. Bozita hilft Ihnen dabei, an alles Wichtige zu denken.\" \/>\n<meta property=\"og:url\" content=\"https:\/\/bozita.com\/de\/leben-mit-katze\/katze-kaufen\/\" \/>\n<meta property=\"og:site_name\" content=\"Bozita DE\" \/>\n<meta property=\"article:modified_time\" content=\"2022-07-19T08:38:07+00:00\" \/>\n<meta property=\"og:image\" content=\"https:\/\/bozita.com\/de\/wp-content\/uploads\/sites\/8\/2021\/08\/Bozita_Kitten_lax_optimized-new.png\" \/>\n\t<meta property=\"og:image:width\" content=\"600\" \/>\n\t<meta property=\"og:image:height\" content=\"401\" \/>\n\t<meta property=\"og:image:type\" content=\"image\/png\" \/>\n<meta name=\"twitter:card\" content=\"summary_large_image\" \/>\n<!-- \/ Yoast SEO plugin. -->","yoast_head_json":{"title":"Katze kaufen oder anschaffen - Das ist zu beachten | Bozita DE","description":"Der Kauf oder die Adoption von Katze oder Katzenbaby ben\u00f6tigt wenig Vorbereitung. Bozita hilft Ihnen dabei, an alles Wichtige zu denken.","robots":{"index":"index","follow":"follow","max-snippet":"max-snippet:-1","max-image-preview":"max-image-preview:large","max-video-preview":"max-video-preview:-1"},"canonical":"https:\/\/bozita.com\/de\/leben-mit-katze\/katze-kaufen\/","og_locale":"de_DE","og_type":"article","og_title":"Katze kaufen oder anschaffen - Das ist zu beachten | Bozita DE","og_description":"Der Kauf oder die Adoption von Katze oder Katzenbaby ben\u00f6tigt wenig Vorbereitung. Bozita hilft Ihnen dabei, an alles Wichtige zu denken.","og_url":"https:\/\/bozita.com\/de\/leben-mit-katze\/katze-kaufen\/","og_site_name":"Bozita DE","article_modified_time":"2022-07-19T08:38:07+00:00","og_image":[{"width":600,"height":401,"url":"https:\/\/bozita.com\/de\/wp-content\/uploads\/sites\/8\/2021\/08\/Bozita_Kitten_lax_optimized-new.png","type":"image\/png"}],"twitter_card":"summary_large_image","schema":{"@context":"https:\/\/schema.org","@graph":[{"@type":"WebPage","@id":"https:\/\/bozita.com\/de\/leben-mit-katze\/katze-kaufen\/","url":"https:\/\/bozita.com\/de\/leben-mit-katze\/katze-kaufen\/","name":"Katze kaufen oder anschaffen - Das ist zu beachten | Bozita DE","isPartOf":{"@id":"https:\/\/bozita.com\/de\/#website"},"datePublished":"2021-08-12T17:56:53+00:00","dateModified":"2022-07-19T08:38:07+00:00","description":"Der Kauf oder die Adoption von Katze oder Katzenbaby ben\u00f6tigt wenig Vorbereitung. Bozita hilft Ihnen dabei, an alles Wichtige zu denken.","breadcrumb":{"@id":"https:\/\/bozita.com\/de\/leben-mit-katze\/katze-kaufen\/#breadcrumb"},"inLanguage":"de","potentialAction":[{"@type":"ReadAction","target":["https:\/\/bozita.com\/de\/leben-mit-katze\/katze-kaufen\/"]}]},{"@type":"BreadcrumbList","@id":"https:\/\/bozita.com\/de\/leben-mit-katze\/katze-kaufen\/#breadcrumb","itemListElement":[{"@type":"ListItem","position":1,"name":"Startseite","item":"https:\/\/bozita.com\/de\/"},{"@type":"ListItem","position":2,"name":"Leben mit Katze","item":"https:\/\/bozita.com\/de\/leben-mit-katze\/"},{"@type":"ListItem","position":3,"name":"Katze kaufen oder anschaffen &#8211; Das ist zu beachten"}]},{"@type":"WebSite","@id":"https:\/\/bozita.com\/de\/#website","url":"https:\/\/bozita.com\/de\/","name":"Bozita DE","description":"","potentialAction":[{"@type":"SearchAction","target":{"@type":"EntryPoint","urlTemplate":"https:\/\/bozita.com\/de\/?s={search_term_string}"},"query-input":"required name=search_term_string"}],"inLanguage":"de"}]}},"_links":{"self":[{"href":"https:\/\/bozita.com\/de\/wp-json\/wp\/v2\/pages\/6982"}],"collection":[{"href":"https:\/\/bozita.com\/de\/wp-json\/wp\/v2\/pages"}],"about":[{"href":"https:\/\/bozita.com\/de\/wp-json\/wp\/v2\/types\/page"}],"author":[{"embeddable":true,"href":"https:\/\/bozita.com\/de\/wp-json\/wp\/v2\/users\/1"}],"replies":[{"embeddable":true,"href":"https:\/\/bozita.com\/de\/wp-json\/wp\/v2\/comments?post=6982"}],"version-history":[{"count":28,"href":"https:\/\/bozita.com\/de\/wp-json\/wp\/v2\/pages\/6982\/revisions"}],"predecessor-version":[{"id":17229,"href":"https:\/\/bozita.com\/de\/wp-json\/wp\/v2\/pages\/6982\/revisions\/17229"}],"up":[{"embeddable":true,"href":"https:\/\/bozita.com\/de\/wp-json\/wp\/v2\/pages\/6994"}],"wp:featuredmedia":[{"embeddable":true,"href":"https:\/\/bozita.com\/de\/wp-json\/wp\/v2\/media\/6983"}],"wp:attachment":[{"href":"https:\/\/bozita.com\/de\/wp-json\/wp\/v2\/media?parent=6982"}],"curies":[{"name":"wp","href":"https:\/\/api.w.org\/{rel}","templated":true}]}}