{"id":6984,"date":"2021-08-12T17:56:47","date_gmt":"2021-08-12T17:56:47","guid":{"rendered":"https:\/\/bozita.com\/de\/die-zahne-des-hundes-und-wie-sie-diese-pflegen\/"},"modified":"2024-11-05T12:55:07","modified_gmt":"2024-11-05T12:55:07","slug":"die-zahne-des-hundes-und-wie-sie-diese-pflegen","status":"publish","type":"page","link":"https:\/\/bozita.com\/de\/leben-mit-hund\/die-gesundheit-des-hundes\/die-zahne-des-hundes-und-wie-sie-diese-pflegen\/","title":{"rendered":"Die Z\u00e4hne des Hundes und wie du diese pflegst"},"content":{"rendered":"\t\t<section class=\"small-hero\">\n\t\t\t<div class=\"container\">\n\t\t\t\t<h1 class=\"small-hero-title\">Die Z\u00e4hne des Hundes und wie du diese pflegst<\/h1>\t\t\t<\/div>\n\t\t\t<\/div>\n\t\t<\/section>\n\t\n\n\t<div class=\"text-box-warp\">\n\t\t<div class=\"container\">\n\t\t\t<div class=\"text-content\">\n\t\t\t\t<p>Die bleibenden Z\u00e4hne des Hundes wachsen in einem Alter von rund vier Monaten und bleiben das gesamte Leben erhalten. Um eine gute Mundhygiene zu bewahren und Problemen vorzubeugen, solltest du die Z\u00e4hne des Hundes putzen und diese einschlie\u00dflich Gebiss und Mundh\u00f6hle regelm\u00e4\u00dfig kontrollieren. Hunde zeigen bei Beschwerden mit Z\u00e4hnen und dem Mund oftmals keine Symptome, wodurch es schwierig sein kann, Probleme zu erkennen.<\/p>\n<p>&nbsp;<\/p>\n\t\t\t<\/div>\n\t\t<\/div>\n\t<\/div>\n\n\n\t<section class=\"media-object-wrap\">\n\t\t<div class=\"container\">\n\t\t\t<div class=\"media-object\">\n\t\t\t\t<div class=\"row row-eq-height align-items-stretch\">\n\t\t\t\t\t<div class=\"col-md-5\">\n\t\t\t\t\t\t\t\t\t\t\t\t\t<img decoding=\"async\" src=\"https:\/\/bozita.com\/de\/wp-content\/uploads\/sites\/8\/2024\/11\/Hund-Zaehne-Putzen.jpg\" alt=\"\">\n\t\t\t\t\t\t\t\t\t\t\t\t<\/div>\n\t\t\t\t\t<div class=\"col-md-7 d-flex align-items-center\">\n\t\t\t\t\t\t<div class=\"media-content\">\n\t\t\t\t\t\t<p><strong>ZAHNPFLEGE UND MUNDHYGIENE DES HUNDES<\/strong><\/p>\n<p>Die bleibenden Z\u00e4hne des Hundes sollen ihn ein Leben lang begleiten und ben\u00f6tigen daher bestm\u00f6gliche Pflege.<\/p>\n<p>Lasse das t\u00e4gliche Z\u00e4hneputzen zur Gewohnheit werden und kontrolliere die Z\u00e4hne und das Maul in regelm\u00e4\u00dfigen Abst\u00e4nden. Beginne bereits im Welpenalter damit zu \u00fcben, dem Hund ins Maul zu schauen. Das Kauen auf Zahnstein vorbeugenden Leckerlis ist gut, ersetzt aber nicht das Z\u00e4hneputzen. Vermeide allzu harte Knochen, die den Z\u00e4hnen schaden k\u00f6nnen.<\/p>\n<p>Viele Hunde weisen bei Beschwerden im Mundbereich keinerlei Symptome auf, wodurch es knifflig sein kann, diese zu entdecken. M\u00f6gliche Anzeichen f\u00fcr Probleme k\u00f6nnen sein, dass der Hund weiches Futter bevorzugt, er nur auf einer Seite oder \u00fcberhaupt nicht kaut, Mundgeruch, \u00fcberm\u00e4\u00dfiges Sabbern, verminderter Appetit oder Z\u00e4hneklappern. Kontaktiere deinen Tierarzt, wenn du Schwierigkeiten bei deinem Hund vermutest.<\/p>\n\t\t\t\t\t\t<\/div>\n\t\t\t\t\t<\/div>\n\t\t\t\t<\/div>\n\t\t\t<\/div>\n\t\t<\/div>\n\t<\/section>\n   \n\n\n\t<div class=\"text-box-warp\">\n\t\t<div class=\"container\">\n\t\t\t<div class=\"text-content\">\n\t\t\t\t<p><strong>T\u00c4GLICHES Z\u00c4HNEPUTZEN BEUGT ZAHNSTEIN BEI HUNDEN VOR<\/strong><\/p>\n<p>Auch Hunde bekommen von Essensresten und Speichel Plaque auf den Z\u00e4hnen. Wird dieser Belag nicht entfernt, bildet sich Zahnstein und gelegentlich kommt es auch zu ernsthafteren Problemen wie Zahnfleischentz\u00fcndungen sowie Zahnverlust. Die Neigung zur Bildung von Zahnstein variiert von Hund zu Hund. Rassen, deren Z\u00e4hne enger zusammenstehen oder \u00e4ltere Hunde k\u00f6nnen beispielsweise h\u00e4ufiger Zahnstein bekommen. Oberfl\u00e4chlicher Plaque kann durch Z\u00e4hneputzen entfernt werden, w\u00e4hrend hartn\u00e4ckiger Zahnstein unter Narkose vom Tierarzt entfernt werden sollte.<\/p>\n<p>Die allerbeste Art, die Mundgesundheit des Hundes perfekt in Schuss zu halten, ist, dem Zahnstein mithilfe einer t\u00e4glichen Zahnputzroutine vorzubeugen und die Z\u00e4hne des Hundes von Belag zu befreien. Beginne bereits im Welpenalter damit und lasse das Z\u00e4hneputzen zur guten Gewohnheit werden. Zu Beginn reicht es, wenn du 10 Sekunden putzt. Verl\u00e4ngere die Zeit nach und nach, bis du alle Z\u00e4hne problemlos putzen kannst.<\/p>\n<p>Es gibt spezielle Zahncremes f\u00fcr Hunde, die gut riechen und schmecken, doch im Grunde ist die mechanische Bewegung am wichtigsten. Verwende keine Zahncreme f\u00fcr Menschen, da das darin enthaltene Fluorid sowie weitere Bestandteile dem Hund schaden k\u00f6nnen.<\/p>\n<p>Die Z\u00e4hne des Hundes sollten wei\u00df und das Zahnfleisch hellrosa sein. Hunde k\u00f6nnen dunklere Pigmentierungen im Mund aufweisen, ebenso wie auf der Haut und auf dem Fell.<\/p>\n<p><strong>DIE MILCHZ\u00c4HNE DES HUNDES<\/strong><\/p>\n<p>Die Z\u00e4hne des Hundes beginnen in einem Alter von etwa drei Wochen durchzubrechen. Dies f\u00e4llt normalerweise mit dem Zeitpunkt zusammen, an dem die Milchproduktion der H\u00fcndin zu sinken beginnt. Im Alter von etwa sechs Wochen sind alle Z\u00e4hne vorhanden. Insgesamt bekommen Welpen 28 Z\u00e4hne, 14 im Ober- und 14 im Unterkiefer. In der Regel erscheinen zuerst die beiden Eckz\u00e4hne des Oberkiefers, gefolgt von den sechs Vorderz\u00e4hnen. Die Backenz\u00e4hne brechen f\u00fcr gew\u00f6hnlich zuerst im Unterkiefer durch.<\/p>\n<p><strong>DIE BLEIBENDEN Z\u00c4HNE DES HUNDES<\/strong><\/p>\n<p>In einem Alter von ungef\u00e4hr vier Monaten wird das Milchzahngebiss des Welpen durch bleibende Z\u00e4hne ersetzt. Mit etwa sechs Monaten sind normalerweise alle bleibenden Z\u00e4hne, insgesamt 42 St\u00fcck, voll ausgebildet.<\/p>\n<p>\u00dcberpr\u00fcfe, ob die bleibenden Z\u00e4hne richtig wachsen. Manchmal w\u00e4chst ein bleibender Zahn neben dem Milchzahn, einem sogenannten persistierenden Milchzahn. Dieses Ph\u00e4nomen tritt bei kleineren Hunderassen h\u00e4ufiger auf. Wende dich immer an einen Tierarzt, um Milchz\u00e4hne zu ziehen, die sich nicht von selbst l\u00f6sen. Verengungen k\u00f6nnen zu Entz\u00fcndungen und Zahnstein f\u00fchren. Der Tierarzt kann des Weiteren feststellen, ob ein Zahn fehlt, und Bissfehler rechtzeitig erkennen.<\/p>\n<p>Dass ein Welpe alles ankauen will, ist gerade vor dem Zahnwechsel besonders stark ausgepr\u00e4gt, aber v\u00f6llig normal. Sobald der Zahnwechselprozess beginnt, kann das Maul des Welpen so wund werden, dass sich dessen Appetit f\u00fcr eine Weile verschlechtert. Um ihm die Nahrungsaufnahme w\u00e4hrend dieser Zeit zu erleichtern, kannst du sein Trockenfutter einweichen oder vor\u00fcbergehend weicheres Futter anbieten.<\/p>\n<p>Der Zahnwurzelkanal schlie\u00dft sich beim Hund erst in einem Alter von 1,5 bis 2 Jahren. Bevor dies geschieht, sind die Z\u00e4hne zerbrechlicher. Denke deshalb daran, deinem Hund vorher keine allzu harten Knochen zu geben und vermeide es, ihn schwere Gegenst\u00e4nde apportieren zu lassen.<\/p>\n<p><strong>WICHTIG IST EIN KORREKTER BISS<\/strong><\/p>\n<p>Es ist wichtig, dass der Biss des Hundes korrekt ist, damit er keine Probleme mit beispielsweise erh\u00f6htem Zahnverschlei\u00df, Schmerzen oder bei der Nahrungsaufnahme bekommt.<\/p>\n<p>Bei\u00dft der Hund die Kiefer zusammen, sollten die Vorderz\u00e4hne des Oberkiefers die Vorderz\u00e4hne des Unterkiefers ber\u00fchren, wobei die oberen Vorderz\u00e4hne genau vor die unteren Vorderz\u00e4hne gleiten sollten.<\/p>\n<p><strong>DIE FUNKTIONEN DER VERSCHIEDENEN Z\u00c4HNE<\/strong><\/p>\n<p>Ein ausgewachsener Hund hat 42 Z\u00e4hne: 12 Vorderz\u00e4hne, vier Eckz\u00e4hne, 16 vordere Backenz\u00e4hne und 10 hintere Backenz\u00e4hne.<\/p>\n<p>Der Hund benutzt seine 12 Vorderz\u00e4hne (sechs oben und sechs unten), um Fleisch von einem Knochen zu nagen oder sich bei Juckreiz zu bei\u00dfen.<\/p>\n<p>Die Eckz\u00e4hne (zwei im Oberkiefer und zwei im Unterkiefer) oder \u201eFangz\u00e4hne\u201c sind die l\u00e4ngsten Z\u00e4hne des Hundes und werden zum Fangen und Festhalten verwendet. Diese Eckz\u00e4hne sind es auch, die beim Kampf mit anderen Hunden tiefe Wunden verursachen k\u00f6nnen. Die Wurzeln der Eckz\u00e4hne sind \u00e4u\u00dferst lang und sehr stark verankert.<\/p>\n<p>Der Hund hat 16 vordere Backenz\u00e4hne, acht im Oberkiefer und acht im Unterkiefer. Die vorderen Backenz\u00e4hne werden haupts\u00e4chlich zum Fassen verwendet, w\u00e4hrend die hinteren Backenz\u00e4hne eine breitere Kaufl\u00e4che haben und vor allem zum Kauen genutzt werden.<\/p>\n<p>Der Hund verf\u00fcgt \u00fcber 10 hintere Backenz\u00e4hne, vier im Oberkiefer und sechs im Unterkiefer. Diese Z\u00e4hne haben eine gro\u00dfe Kaufl\u00e4che und dienen haupts\u00e4chlich zum Mahlen und Zerkleinern von Lebensmitteln. Die zwei gr\u00f6\u00dften hinteren Backenz\u00e4hne im Unterkiefer und die beiden gr\u00f6\u00dften vorderen Backenz\u00e4hne im Oberkiefer werden oft auch als Rei\u00dfz\u00e4hne bezeichnet. Zusammen sind sie sehr stark.<\/p>\n\t\t\t<\/div>\n\t\t<\/div>\n\t<\/div>\n\n\n\n\t<section class=\"block related-articles\">\n\t\t<div class=\"container\">\n\t\t\t<h2>Entdecke weitere Artikel<\/h2>\n\t\t\t<div class=\"row justify-content-center\">\n\t\t\t\t\t\t\t\t\t\t<div class=\"col-sm-6 col-md-6 col-lg-3\">\n\t\t\t\t\t\t\t\t\t\t\t\t\t\t<div class=\"card \">\n\t\t\t\t\t\t\t\t\t\t\t\t\t\t\t\t\t<img decoding=\"async\"  src=\"https:\/\/bozita.com\/de\/wp-content\/uploads\/sites\/8\/2021\/06\/bozita-avmaska-hundvalp-hund.jpg\" alt=\"\">\n\t\t\t\t\t\t\t\t\t\t\t\t\t\t\t\t\t<!-- <img decoding=\"async\" src=\"\n\t\t\t\t\t\t\t\t\t\t\t\t\t\t\t\t\t\t\t\t\" alt=\"\n\t\t\t\t\t\t\t\t\t\t\t\t\t\t\t\t\t\t\t\t\t\t\t\t\t\t\t\"> -->\n\t\t\t\t\t\t\t\t<div class=\"card-body\">\n\t\t\t\t\t\t\t\t\t\t\t\t\t\t\t\t\t\t\t<h6>Wurmkur bei Welpen und ausgewachsenen Hunden<\/h6>\n\t\t\t\t\t\t\t\t\t\t\t\t\t\t\t\t\t\t\t<a href=\"https:\/\/bozita.com\/de\/leben-mit-hund\/die-gesundheit-des-hundes\/wurmkur-bei-welpen-und-ausgewachsenen-hunden\/\">Weiterlesen &nbsp; ><\/a>\n\t\t\t\t\t\t\t\t<\/div>\n\t\t\t\t\t\t\t<\/div>\n\t\t\t\t\t\t<\/div>\n\n\t\t\t\t\t\t\t\t\t\t\t<div class=\"col-sm-6 col-md-6 col-lg-3\">\n\t\t\t\t\t\t\t\t\t\t\t\t\t\t<div class=\"card \">\n\t\t\t\t\t\t\t\t\t\t\t\t\t\t\t\t\t<img decoding=\"async\"  src=\"https:\/\/bozita.com\/de\/wp-content\/uploads\/sites\/8\/2021\/08\/bozita-hund-vaccinera.jpeg\" alt=\"\">\n\t\t\t\t\t\t\t\t\t\t\t\t\t\t\t\t\t<!-- <img decoding=\"async\" src=\"\n\t\t\t\t\t\t\t\t\t\t\t\t\t\t\t\t\t\t\t\t\" alt=\"\n\t\t\t\t\t\t\t\t\t\t\t\t\t\t\t\t\t\t\t\t\t\t\t\t\t\t\t\"> -->\n\t\t\t\t\t\t\t\t<div class=\"card-body\">\n\t\t\t\t\t\t\t\t\t\t\t\t\t\t\t\t\t\t\t<h6>Hunde und Impfungen<\/h6>\n\t\t\t\t\t\t\t\t\t\t\t\t\t\t\t\t\t\t\t<a href=\"https:\/\/bozita.com\/de\/leben-mit-hund\/die-gesundheit-des-hundes\/hunde-und-impfungen\/\">Weiterlesen &nbsp; ><\/a>\n\t\t\t\t\t\t\t\t<\/div>\n\t\t\t\t\t\t\t<\/div>\n\t\t\t\t\t\t<\/div>\n\n\t\t\t\t\t\t\t\t\t\t\t<div class=\"col-sm-6 col-md-6 col-lg-3\">\n\t\t\t\t\t\t\t\t\t\t\t\t\t\t<div class=\"card \">\n\t\t\t\t\t\t\t\t\t\t\t\t\t\t\t\t\t<img decoding=\"async\"  src=\"https:\/\/bozita.com\/de\/wp-content\/uploads\/sites\/8\/2021\/06\/bozita-utfodra-valp.jpg\" alt=\"\">\n\t\t\t\t\t\t\t\t\t\t\t\t\t\t\t\t\t<!-- <img decoding=\"async\" src=\"\n\t\t\t\t\t\t\t\t\t\t\t\t\t\t\t\t\t\t\t\t\" alt=\"\n\t\t\t\t\t\t\t\t\t\t\t\t\t\t\t\t\t\t\t\t\t\t\t\t\t\t\t\"> -->\n\t\t\t\t\t\t\t\t<div class=\"card-body\">\n\t\t\t\t\t\t\t\t\t\t\t\t\t\t\t\t\t\t\t<h6>Was d\u00fcrfen Hunde nicht fressen?<\/h6>\n\t\t\t\t\t\t\t\t\t\t\t\t\t\t\t\t\t\t\t<a href=\"https:\/\/bozita.com\/de\/hundefutter\/ernahrung-and-diat\/was-durfen-hunde-nicht-fressen\/\">Weiterlesen &nbsp; ><\/a>\n\t\t\t\t\t\t\t\t<\/div>\n\t\t\t\t\t\t\t<\/div>\n\t\t\t\t\t\t<\/div>\n\n\t\t\t\t\t\t\t\t\t\t\t\t<\/div>\n\t\t<\/div>\n\t<\/section>\n","protected":false},"excerpt":{"rendered":"","protected":false},"author":1,"featured_media":6985,"parent":7074,"menu_order":0,"comment_status":"closed","ping_status":"closed","template":"guternberg.php","meta":{"footnotes":""},"acf":[],"yoast_head":"<!-- This site is optimized with the Yoast SEO plugin v21.3 - https:\/\/yoast.com\/wordpress\/plugins\/seo\/ -->\n<title>Die Z\u00e4hne des Hundes und wie du diese pflegst | Bozita DE<\/title>\n<meta name=\"description\" content=\"Hunde und Impfungen. Indem Du Deinen Hund impfen l\u00e4sst, ersparst Du ihm unn\u00f6tiges Leid und verhinderst die Ausbreitung von Krankheiten.\" \/>\n<meta name=\"robots\" content=\"index, follow, max-snippet:-1, max-image-preview:large, max-video-preview:-1\" \/>\n<link rel=\"canonical\" href=\"https:\/\/bozita.com\/de\/leben-mit-hund\/die-gesundheit-des-hundes\/die-zahne-des-hundes-und-wie-sie-diese-pflegen\/\" \/>\n<meta property=\"og:locale\" content=\"de_DE\" \/>\n<meta property=\"og:type\" content=\"article\" \/>\n<meta property=\"og:title\" content=\"Die Z\u00e4hne des Hundes und wie du diese pflegst | Bozita DE\" \/>\n<meta property=\"og:description\" content=\"Hunde und Impfungen. Indem Du Deinen Hund impfen l\u00e4sst, ersparst Du ihm unn\u00f6tiges Leid und verhinderst die Ausbreitung von Krankheiten.\" \/>\n<meta property=\"og:url\" content=\"https:\/\/bozita.com\/de\/leben-mit-hund\/die-gesundheit-des-hundes\/die-zahne-des-hundes-und-wie-sie-diese-pflegen\/\" \/>\n<meta property=\"og:site_name\" content=\"Bozita DE\" \/>\n<meta property=\"article:modified_time\" content=\"2024-11-05T12:55:07+00:00\" \/>\n<meta property=\"og:image\" content=\"https:\/\/bozita.com\/de\/wp-content\/uploads\/sites\/8\/2021\/08\/bozita-hund-borsta-tander-hygien.jpeg\" \/>\n\t<meta property=\"og:image:width\" content=\"800\" \/>\n\t<meta property=\"og:image:height\" content=\"533\" \/>\n\t<meta property=\"og:image:type\" content=\"image\/jpeg\" \/>\n<meta name=\"twitter:card\" content=\"summary_large_image\" \/>\n<!-- \/ Yoast SEO plugin. -->","yoast_head_json":{"title":"Die Z\u00e4hne des Hundes und wie du diese pflegst | Bozita DE","description":"Hunde und Impfungen. Indem Du Deinen Hund impfen l\u00e4sst, ersparst Du ihm unn\u00f6tiges Leid und verhinderst die Ausbreitung von Krankheiten.","robots":{"index":"index","follow":"follow","max-snippet":"max-snippet:-1","max-image-preview":"max-image-preview:large","max-video-preview":"max-video-preview:-1"},"canonical":"https:\/\/bozita.com\/de\/leben-mit-hund\/die-gesundheit-des-hundes\/die-zahne-des-hundes-und-wie-sie-diese-pflegen\/","og_locale":"de_DE","og_type":"article","og_title":"Die Z\u00e4hne des Hundes und wie du diese pflegst | Bozita DE","og_description":"Hunde und Impfungen. Indem Du Deinen Hund impfen l\u00e4sst, ersparst Du ihm unn\u00f6tiges Leid und verhinderst die Ausbreitung von Krankheiten.","og_url":"https:\/\/bozita.com\/de\/leben-mit-hund\/die-gesundheit-des-hundes\/die-zahne-des-hundes-und-wie-sie-diese-pflegen\/","og_site_name":"Bozita DE","article_modified_time":"2024-11-05T12:55:07+00:00","og_image":[{"width":800,"height":533,"url":"https:\/\/bozita.com\/de\/wp-content\/uploads\/sites\/8\/2021\/08\/bozita-hund-borsta-tander-hygien.jpeg","type":"image\/jpeg"}],"twitter_card":"summary_large_image","schema":{"@context":"https:\/\/schema.org","@graph":[{"@type":"WebPage","@id":"https:\/\/bozita.com\/de\/leben-mit-hund\/die-gesundheit-des-hundes\/die-zahne-des-hundes-und-wie-sie-diese-pflegen\/","url":"https:\/\/bozita.com\/de\/leben-mit-hund\/die-gesundheit-des-hundes\/die-zahne-des-hundes-und-wie-sie-diese-pflegen\/","name":"Die Z\u00e4hne des Hundes und wie du diese pflegst | Bozita DE","isPartOf":{"@id":"https:\/\/bozita.com\/de\/#website"},"datePublished":"2021-08-12T17:56:47+00:00","dateModified":"2024-11-05T12:55:07+00:00","description":"Hunde und Impfungen. Indem Du Deinen Hund impfen l\u00e4sst, ersparst Du ihm unn\u00f6tiges Leid und verhinderst die Ausbreitung von Krankheiten.","breadcrumb":{"@id":"https:\/\/bozita.com\/de\/leben-mit-hund\/die-gesundheit-des-hundes\/die-zahne-des-hundes-und-wie-sie-diese-pflegen\/#breadcrumb"},"inLanguage":"de","potentialAction":[{"@type":"ReadAction","target":["https:\/\/bozita.com\/de\/leben-mit-hund\/die-gesundheit-des-hundes\/die-zahne-des-hundes-und-wie-sie-diese-pflegen\/"]}]},{"@type":"BreadcrumbList","@id":"https:\/\/bozita.com\/de\/leben-mit-hund\/die-gesundheit-des-hundes\/die-zahne-des-hundes-und-wie-sie-diese-pflegen\/#breadcrumb","itemListElement":[{"@type":"ListItem","position":1,"name":"Startseite","item":"https:\/\/bozita.com\/de\/"},{"@type":"ListItem","position":2,"name":"Leben mit Hund","item":"https:\/\/bozita.com\/de\/leben-mit-hund\/"},{"@type":"ListItem","position":3,"name":"Gesundheit Deines Hundes","item":"https:\/\/bozita.com\/de\/leben-mit-hund\/die-gesundheit-des-hundes\/"},{"@type":"ListItem","position":4,"name":"Die Z\u00e4hne des Hundes und wie du diese pflegst"}]},{"@type":"WebSite","@id":"https:\/\/bozita.com\/de\/#website","url":"https:\/\/bozita.com\/de\/","name":"Bozita DE","description":"","potentialAction":[{"@type":"SearchAction","target":{"@type":"EntryPoint","urlTemplate":"https:\/\/bozita.com\/de\/?s={search_term_string}"},"query-input":"required name=search_term_string"}],"inLanguage":"de"}]}},"_links":{"self":[{"href":"https:\/\/bozita.com\/de\/wp-json\/wp\/v2\/pages\/6984"}],"collection":[{"href":"https:\/\/bozita.com\/de\/wp-json\/wp\/v2\/pages"}],"about":[{"href":"https:\/\/bozita.com\/de\/wp-json\/wp\/v2\/types\/page"}],"author":[{"embeddable":true,"href":"https:\/\/bozita.com\/de\/wp-json\/wp\/v2\/users\/1"}],"replies":[{"embeddable":true,"href":"https:\/\/bozita.com\/de\/wp-json\/wp\/v2\/comments?post=6984"}],"version-history":[{"count":12,"href":"https:\/\/bozita.com\/de\/wp-json\/wp\/v2\/pages\/6984\/revisions"}],"predecessor-version":[{"id":29192,"href":"https:\/\/bozita.com\/de\/wp-json\/wp\/v2\/pages\/6984\/revisions\/29192"}],"up":[{"embeddable":true,"href":"https:\/\/bozita.com\/de\/wp-json\/wp\/v2\/pages\/7074"}],"wp:featuredmedia":[{"embeddable":true,"href":"https:\/\/bozita.com\/de\/wp-json\/wp\/v2\/media\/6985"}],"wp:attachment":[{"href":"https:\/\/bozita.com\/de\/wp-json\/wp\/v2\/media?parent=6984"}],"curies":[{"name":"wp","href":"https:\/\/api.w.org\/{rel}","templated":true}]}}