{"id":6991,"date":"2021-08-12T17:56:11","date_gmt":"2021-08-12T17:56:11","guid":{"rendered":"https:\/\/bozita.com\/de\/getreidefreies-hundefutter-alles-was-du-wissen-musst\/"},"modified":"2022-07-19T07:02:37","modified_gmt":"2022-07-19T07:02:37","slug":"getreidefreies-hundefutter-alles-was-du-wissen-musst","status":"publish","type":"page","link":"https:\/\/bozita.com\/de\/hundefutter\/ernahrung-and-diat\/getreidefreies-hundefutter-alles-was-du-wissen-musst\/","title":{"rendered":"Warum Getreidefreies Hundefutter w\u00e4hlen"},"content":{"rendered":"\t\t<section class=\"small-hero\">\n\t\t\t<div class=\"container\">\n\t\t\t\t<h1 class=\"small-hero-title\">Getreidefreies Hundefutter \u2013 alles, was Du wissen musst<\/h1>\t\t\t<\/div>\n\t\t\t<\/div>\n\t\t<\/section>\n\t\n\n\t<div class=\"text-box-warp\">\n\t\t<div class=\"container\">\n\t\t\t<div class=\"text-content\">\n\t\t\t\t<div class=\"article__introduction\">\n<p>Da wir Menschen immer bewusster darauf achten, was wir essen, denken wir auch immer mehr \u00fcber die Ern\u00e4hrung unserer Hunde und das Hundefutter nach, das wir ihnen geben. In den letzten Jahren ist die Nachfrage nach hochwertigem getreidefreiem Hundefutter stark gestiegen. Aber warum solltest Du Deinem Hund getreidefreies Futter geben, was sind die Vorteile und was ist zu beachten? Bozita&#8217;s Ern\u00e4hrungsberaterin Cecilia Hjelm erkl\u00e4rt den Begriff. Sie ist Produktentwicklerin und ausgebildete Tier-Agronomin, mit dem Spezialgebiet Ern\u00e4hrung. Mit ihrer gro\u00dfen Leidenschaft f\u00fcr Hunde und ihrem weitreichenden Wissen \u00fcber die N\u00e4hrstoffbed\u00fcrfnisse von Hunden, wei\u00df Cecilia, wie Du Deinen Hund am besten f\u00fctterst.<\/p>\n<\/div>\n<div class=\"article__body\">\n<h2>WAS IST GETREIDEFREIES HUNDEFUTTER?<\/h2>\n<p>Getreidefreies Hundefutter enth\u00e4lt keine Rohstoffe, die als Getreide klassifiziert werden. Viele Menschen glauben, dass Getreide nur die klassischen Getreidearten wie Weizen, Gerste und sogar Mais sind. Tats\u00e4chlich z\u00e4hlt aber auch Reis zu den Getreiden, weshalb Bozita keinen Reis in sein getreidefreies Futter aufnimmt. Stattdessen enth\u00e4lt das Futter oft verschiedene Kartoffel-, Erbsen- und Linsensorten. Bozita hat sich entschieden, Kartoffeln und Erbsen in das getreidefreie Trockenfutter zu geben, w\u00e4hrend unser getreidefreies Nassfutter aus tierischen Rohstoffen und Mineralien besteht. Der Grund, warum Bozita f\u00fcr sein getreidefreies Trockenfutter Kartoffeln und Erbsen verwendet, liegt darin, dass diese Rohstoffe ben\u00f6tigt werden, um eine Krokette formen zu k\u00f6nnen. Kartoffeln und Erbsen enthalten St\u00e4rke, die beim Erhitzen ein wenig wie Leim wirkt und dazu beitr\u00e4gt, alle Zutaten im Rezept zu einem Teig zu verbinden, der dann zu Kroketten geformt wird.<\/p>\n<h2>WARUM EIN HUNDEFUTTER OHNE GETREIDE W\u00c4HLEN?<\/h2>\n<p>Solltest Du getreidefreies Hundefutter w\u00e4hlen oder nicht? Die Gr\u00fcnde, warum Du Dich f\u00fcr ein Futter ohne Getreide entscheidest, k\u00f6nnen vielf\u00e4ltig sein, doch f\u00fcr Hundebesitzer mit weizenempfindlichen Hunden ist getreidefreies Futter meist die naheliegendste Wahl. Viele Hundebesitzer erleben auch, dass ihre Hunde nur mit getreidefreiem Futter gut zurechtkommen. Hundebesitzer, die glutenfreies Hundefutter f\u00fcr ihren Hund suchen, k\u00f6nnen ebenfalls problemlos getreidefreies Futter f\u00fcttern, da es kein Gluten enth\u00e4lt.<\/p>\n<h2>EIGNET SICH GETREIDEFREIES FUTTER F\u00dcR ALLE HUNDE?<\/h2>\n<p>Die einfache Antwort ist: Nein. Hunde sind Individuen wie wir Menschen auch und obwohl getreidefreies Futter vielen Hunden gut bekommt, f\u00fchlen sich andere Hunde mit anderer Nahrung besser. Wichtig ist, dass Du ein Futter findest, das zu Deinem Hund passt und mit dem er sich wohlf\u00fchlt. Ein Hund, der ein Futter frisst, das ihm gut tut, kann ein aktives Leben mit Dir f\u00fchren. Dies ist der wichtigste Faktor, wenn Du als Hundebesitzer Futter f\u00fcr Deinen Hund ausw\u00e4hlst.<\/p>\n<p>Bozita bietet eine gro\u00dfe Auswahl an getreide- und weizenfreien Hundefuttersorten, die alle im schwedischen V\u00e5rg\u00e5rda hergestellt werden.\u00a0<a title=\"mother-puppy\" href=\"https:\/\/bozita.com\/de\/hundefutter\/bozita-robur-mother-and-puppy\/\" data-udi=\"umb:\/\/document\/f5c08433036144ed8bc4d21ed6358841\">Bozita Robur Mother &amp; Puppy<\/a>\u00a0ist ein weizenfreies Hundefutter, das speziell f\u00fcr Welpen und heranwachsende Junghunde sowie f\u00fcr tr\u00e4chtige und s\u00e4ugende H\u00fcndinnen geeignet ist.<\/p>\n<h2>AN WAS MUSS ICH DENKEN, WENN ICH MEINEM HUND GETREIDEFREIES HUNDEFUTTER F\u00dcTTERE?<\/h2>\n<p>F\u00fcttere wie bei anderen Futtermitteln gem\u00e4\u00df den Empfehlungen und passe die Menge dem Fettgewebe bzw. der K\u00f6rperf\u00fclle Deines Hundes, seinem Aktivit\u00e4tslevel und seinen individuellen Bed\u00fcrfnissen an. Wenn Dein Hund empfindlich auf Gluten oder Weizen reagiert, solltest Du bedenken, dass auch einige Leckerlis Getreide enthalten k\u00f6nnen. Lies Dir daher die Inhaltsangabe auf der Verpackung immer sorgf\u00e4ltig durch, um sicherzustellen, dass Du Deinem Hund Leckerlis ohne Getreide gibst.<\/p>\n<h2>BOZITA NASSFUTTER UND TROCKENFUTTER OHNE GETREIDE<\/h2>\n<p>Bozita Robur ist ein in Schweden hergestelltes, getreide- oder weizenfreies Super-Premium-Trockenfutter f\u00fcr Hunde mit Rohstoffen von h\u00f6chster Qualit\u00e4t. Das Futter enth\u00e4lt viel frisches schwedisches Fleisch f\u00fcr guten Geschmack und einen verbesserten Verdauungsprozess.<\/p>\n<ul>\n<li><a title=\"Robur\" href=\"https:\/\/bozita.com\/de\/hundefutter\/bozita-schwedisches-qualitatshundefutter\/\" data-udi=\"umb:\/\/document\/13d1f3713554496a900fc098db7544b2\">Bozita Robur \u2013 getreidefreies Trockenfutter<\/a><\/li>\n<\/ul>\n<p>Alle Nassfutter f\u00fcr Hunde von Bozita sind getreidefrei und enthalten viel tierisches Eiwei\u00df.<\/p>\n<\/div>\n\t\t\t<\/div>\n\t\t<\/div>\n\t<\/div>\n\n\n\n\t<section class=\"block related-articles\">\n\t\t<div class=\"container\">\n\t\t\t<h2>Entdecke weitere Artikel<\/h2>\n\t\t\t<div class=\"row justify-content-center\">\n\t\t\t\t\t\t\t\t\t\t<div class=\"col-sm-6 col-md-6 col-lg-3\">\n\t\t\t\t\t\t\t\t\t\t\t\t\t\t<div class=\"card \">\n\t\t\t\t\t\t\t\t\t\t\t\t\t\t\t\t\t<img decoding=\"async\"  src=\"https:\/\/bozita.com\/de\/wp-content\/uploads\/sites\/8\/2021\/08\/bozita_swedish-natural-quality.jpg\" alt=\"\">\n\t\t\t\t\t\t\t\t\t\t\t\t\t\t\t\t\t<!-- <img decoding=\"async\" src=\"\n\t\t\t\t\t\t\t\t\t\t\t\t\t\t\t\t\t\t\t\t\" alt=\"\n\t\t\t\t\t\t\t\t\t\t\t\t\t\t\t\t\t\t\t\t\t\t\t\t\t\t\t\"> -->\n\t\t\t\t\t\t\t\t<div class=\"card-body\">\n\t\t\t\t\t\t\t\t\t\t\t\t\t\t\t\t\t\t\t<h6>Hundefutter f\u00fcr empfindliche M\u00e4gen<\/h6>\n\t\t\t\t\t\t\t\t\t\t\t\t\t\t\t\t\t\t\t<a href=\"https:\/\/bozita.com\/de\/hundefutter\/ernahrung-and-diat\/hundefutter-fur-empfindliche-magen\/\">Weiterlesen &nbsp; ><\/a>\n\t\t\t\t\t\t\t\t<\/div>\n\t\t\t\t\t\t\t<\/div>\n\t\t\t\t\t\t<\/div>\n\n\t\t\t\t\t\t\t\t\t\t\t<div class=\"col-sm-6 col-md-6 col-lg-3\">\n\t\t\t\t\t\t\t\t\t\t\t\t\t\t<div class=\"card \">\n\t\t\t\t\t\t\t\t\t\t\t\t\t\t\t\t\t<img decoding=\"async\"  src=\"https:\/\/bozita.com\/de\/wp-content\/uploads\/sites\/8\/2021\/08\/bozita-hund-byta-valpfoder-vuxenfoder.jpeg\" alt=\"\">\n\t\t\t\t\t\t\t\t\t\t\t\t\t\t\t\t\t<!-- <img decoding=\"async\" src=\"\n\t\t\t\t\t\t\t\t\t\t\t\t\t\t\t\t\t\t\t\t\" alt=\"\n\t\t\t\t\t\t\t\t\t\t\t\t\t\t\t\t\t\t\t\t\t\t\t\t\t\t\t\"> -->\n\t\t\t\t\t\t\t\t<div class=\"card-body\">\n\t\t\t\t\t\t\t\t\t\t\t\t\t\t\t\t\t\t\t<h6>Vom Welpenfutter zum normalen Futter wechseln<\/h6>\n\t\t\t\t\t\t\t\t\t\t\t\t\t\t\t\t\t\t\t<a href=\"https:\/\/bozita.com\/de\/hundefutter\/ernahrung-and-diat\/vom-welpenfutter-zum-normalen-futter-wechseln\/\">Weiterlesen &nbsp; ><\/a>\n\t\t\t\t\t\t\t\t<\/div>\n\t\t\t\t\t\t\t<\/div>\n\t\t\t\t\t\t<\/div>\n\n\t\t\t\t\t\t\t\t\t\t\t<div class=\"col-sm-6 col-md-6 col-lg-3\">\n\t\t\t\t\t\t\t\t\t\t\t\t\t\t<div class=\"card \">\n\t\t\t\t\t\t\t\t\t\t\t\t\t\t\t\t\t<img decoding=\"async\"  src=\"https:\/\/bozita.com\/de\/wp-content\/uploads\/sites\/8\/2021\/08\/bozita_swedish-natural-quality.jpg\" alt=\"\">\n\t\t\t\t\t\t\t\t\t\t\t\t\t\t\t\t\t<!-- <img decoding=\"async\" src=\"\n\t\t\t\t\t\t\t\t\t\t\t\t\t\t\t\t\t\t\t\t\" alt=\"\n\t\t\t\t\t\t\t\t\t\t\t\t\t\t\t\t\t\t\t\t\t\t\t\t\t\t\t\"> -->\n\t\t\t\t\t\t\t\t<div class=\"card-body\">\n\t\t\t\t\t\t\t\t\t\t\t\t\t\t\t\t\t\t\t<h6>Nachhaltig f\u00fcr Tier und Natur<\/h6>\n\t\t\t\t\t\t\t\t\t\t\t\t\t\t\t\t\t\t\t<a href=\"https:\/\/bozita.com\/de\/der-naturliche-weg-zum-wohlbefinden\/sustainable-for-animals-and-nature\/\">Weiterlesen &nbsp; ><\/a>\n\t\t\t\t\t\t\t\t<\/div>\n\t\t\t\t\t\t\t<\/div>\n\t\t\t\t\t\t<\/div>\n\n\t\t\t\t\t\t\t\t\t\t\t\t<\/div>\n\t\t<\/div>\n\t<\/section>\n","protected":false},"excerpt":{"rendered":"","protected":false},"author":1,"featured_media":6964,"parent":7043,"menu_order":0,"comment_status":"closed","ping_status":"closed","template":"guternberg.php","meta":{"footnotes":""},"acf":[],"yoast_head":"<!-- This site is optimized with the Yoast SEO plugin v21.3 - https:\/\/yoast.com\/wordpress\/plugins\/seo\/ -->\n<title>Warum Getreidefreies Hundefutter w\u00e4hlen | Bozita DE<\/title>\n<meta name=\"description\" content=\"Getreidefreies Hundefutter enth\u00e4lt keine Rohwaren, die als Getreide klassifiziert werden. Warum Getreidefreies Hundefutter? Alles, was Du wissen musst.\" \/>\n<meta name=\"robots\" content=\"index, follow, max-snippet:-1, max-image-preview:large, max-video-preview:-1\" \/>\n<link rel=\"canonical\" href=\"https:\/\/bozita.com\/de\/hundefutter\/ernahrung-and-diat\/getreidefreies-hundefutter-alles-was-du-wissen-musst\/\" \/>\n<meta property=\"og:locale\" content=\"de_DE\" \/>\n<meta property=\"og:type\" content=\"article\" \/>\n<meta property=\"og:title\" content=\"Warum Getreidefreies Hundefutter w\u00e4hlen | Bozita DE\" \/>\n<meta property=\"og:description\" content=\"Getreidefreies Hundefutter enth\u00e4lt keine Rohwaren, die als Getreide klassifiziert werden. Warum Getreidefreies Hundefutter? Alles, was Du wissen musst.\" \/>\n<meta property=\"og:url\" content=\"https:\/\/bozita.com\/de\/hundefutter\/ernahrung-and-diat\/getreidefreies-hundefutter-alles-was-du-wissen-musst\/\" \/>\n<meta property=\"og:site_name\" content=\"Bozita DE\" \/>\n<meta property=\"article:modified_time\" content=\"2022-07-19T07:02:37+00:00\" \/>\n<meta property=\"og:image\" content=\"https:\/\/bozita.com\/de\/wp-content\/uploads\/sites\/8\/2021\/08\/bozita_swedish-natural-quality.jpg\" \/>\n\t<meta property=\"og:image:width\" content=\"800\" \/>\n\t<meta property=\"og:image:height\" content=\"533\" \/>\n\t<meta property=\"og:image:type\" content=\"image\/jpeg\" \/>\n<meta name=\"twitter:card\" content=\"summary_large_image\" \/>\n<!-- \/ Yoast SEO plugin. -->","yoast_head_json":{"title":"Warum Getreidefreies Hundefutter w\u00e4hlen | Bozita DE","description":"Getreidefreies Hundefutter enth\u00e4lt keine Rohwaren, die als Getreide klassifiziert werden. Warum Getreidefreies Hundefutter? Alles, was Du wissen musst.","robots":{"index":"index","follow":"follow","max-snippet":"max-snippet:-1","max-image-preview":"max-image-preview:large","max-video-preview":"max-video-preview:-1"},"canonical":"https:\/\/bozita.com\/de\/hundefutter\/ernahrung-and-diat\/getreidefreies-hundefutter-alles-was-du-wissen-musst\/","og_locale":"de_DE","og_type":"article","og_title":"Warum Getreidefreies Hundefutter w\u00e4hlen | Bozita DE","og_description":"Getreidefreies Hundefutter enth\u00e4lt keine Rohwaren, die als Getreide klassifiziert werden. Warum Getreidefreies Hundefutter? Alles, was Du wissen musst.","og_url":"https:\/\/bozita.com\/de\/hundefutter\/ernahrung-and-diat\/getreidefreies-hundefutter-alles-was-du-wissen-musst\/","og_site_name":"Bozita DE","article_modified_time":"2022-07-19T07:02:37+00:00","og_image":[{"width":800,"height":533,"url":"https:\/\/bozita.com\/de\/wp-content\/uploads\/sites\/8\/2021\/08\/bozita_swedish-natural-quality.jpg","type":"image\/jpeg"}],"twitter_card":"summary_large_image","schema":{"@context":"https:\/\/schema.org","@graph":[{"@type":"WebPage","@id":"https:\/\/bozita.com\/de\/hundefutter\/ernahrung-and-diat\/getreidefreies-hundefutter-alles-was-du-wissen-musst\/","url":"https:\/\/bozita.com\/de\/hundefutter\/ernahrung-and-diat\/getreidefreies-hundefutter-alles-was-du-wissen-musst\/","name":"Warum Getreidefreies Hundefutter w\u00e4hlen | Bozita DE","isPartOf":{"@id":"https:\/\/bozita.com\/de\/#website"},"datePublished":"2021-08-12T17:56:11+00:00","dateModified":"2022-07-19T07:02:37+00:00","description":"Getreidefreies Hundefutter enth\u00e4lt keine Rohwaren, die als Getreide klassifiziert werden. Warum Getreidefreies Hundefutter? Alles, was Du wissen musst.","breadcrumb":{"@id":"https:\/\/bozita.com\/de\/hundefutter\/ernahrung-and-diat\/getreidefreies-hundefutter-alles-was-du-wissen-musst\/#breadcrumb"},"inLanguage":"de","potentialAction":[{"@type":"ReadAction","target":["https:\/\/bozita.com\/de\/hundefutter\/ernahrung-and-diat\/getreidefreies-hundefutter-alles-was-du-wissen-musst\/"]}]},{"@type":"BreadcrumbList","@id":"https:\/\/bozita.com\/de\/hundefutter\/ernahrung-and-diat\/getreidefreies-hundefutter-alles-was-du-wissen-musst\/#breadcrumb","itemListElement":[{"@type":"ListItem","position":1,"name":"Startseite","item":"https:\/\/bozita.com\/de\/"},{"@type":"ListItem","position":2,"name":"Hundefutter &#8211; In Schweden hergestellt und nat\u00fcrlich","item":"https:\/\/bozita.com\/de\/hundefutter\/"},{"@type":"ListItem","position":3,"name":"Ern\u00e4hrung und Di\u00e4t","item":"https:\/\/bozita.com\/de\/hundefutter\/ernahrung-and-diat\/"},{"@type":"ListItem","position":4,"name":"Warum Getreidefreies Hundefutter w\u00e4hlen"}]},{"@type":"WebSite","@id":"https:\/\/bozita.com\/de\/#website","url":"https:\/\/bozita.com\/de\/","name":"Bozita DE","description":"","potentialAction":[{"@type":"SearchAction","target":{"@type":"EntryPoint","urlTemplate":"https:\/\/bozita.com\/de\/?s={search_term_string}"},"query-input":"required name=search_term_string"}],"inLanguage":"de"}]}},"_links":{"self":[{"href":"https:\/\/bozita.com\/de\/wp-json\/wp\/v2\/pages\/6991"}],"collection":[{"href":"https:\/\/bozita.com\/de\/wp-json\/wp\/v2\/pages"}],"about":[{"href":"https:\/\/bozita.com\/de\/wp-json\/wp\/v2\/types\/page"}],"author":[{"embeddable":true,"href":"https:\/\/bozita.com\/de\/wp-json\/wp\/v2\/users\/1"}],"replies":[{"embeddable":true,"href":"https:\/\/bozita.com\/de\/wp-json\/wp\/v2\/comments?post=6991"}],"version-history":[{"count":12,"href":"https:\/\/bozita.com\/de\/wp-json\/wp\/v2\/pages\/6991\/revisions"}],"predecessor-version":[{"id":17204,"href":"https:\/\/bozita.com\/de\/wp-json\/wp\/v2\/pages\/6991\/revisions\/17204"}],"up":[{"embeddable":true,"href":"https:\/\/bozita.com\/de\/wp-json\/wp\/v2\/pages\/7043"}],"wp:featuredmedia":[{"embeddable":true,"href":"https:\/\/bozita.com\/de\/wp-json\/wp\/v2\/media\/6964"}],"wp:attachment":[{"href":"https:\/\/bozita.com\/de\/wp-json\/wp\/v2\/media?parent=6991"}],"curies":[{"name":"wp","href":"https:\/\/api.w.org\/{rel}","templated":true}]}}