{"id":6994,"date":"2021-08-12T17:55:42","date_gmt":"2021-08-12T17:55:42","guid":{"rendered":"https:\/\/bozita.com\/de\/leben-mit-katze\/"},"modified":"2025-09-09T08:01:38","modified_gmt":"2025-09-09T08:01:38","slug":"leben-mit-katze","status":"publish","type":"page","link":"https:\/\/bozita.com\/de\/leben-mit-katze\/","title":{"rendered":"Leben mit Katze"},"content":{"rendered":"\n\t\t<section class=\"small-hero-with-image\">\n\t\t\t\t\t\t\t<img decoding=\"async\" class=\"background-image\" src=\"https:\/\/bozita.com\/de\/wp-content\/uploads\/sites\/8\/2021\/06\/bozita-livet-med-katt.jpg\" alt=\"\">\n\t\t\t\t\t\t\t<div class=\"overlay-v1 overlay-bg\">\n\t\t\t\t<div class=\"container\">\n\t\t\t\t\t<div class=\"row\">\n\t\t\t\t\t\t<div class=\"col-md-6 col-lg-5\">\n\t\t\t\t\t\t\t<h1>LEBEN MIT KATZE<\/h1>\t\t\t\t\t\t<\/div>\n\t\t\t\t\t<\/div>\n\t\t\t\t<\/div>\n\t\t\t<\/div>\n\t\t<\/section>\n\t\t\n\n\t<div class=\"text-box-warp\">\n\t\t<div class=\"container\">\n\t\t\t<div class=\"text-content\">\n\t\t\t\t<p>Denkst Du dar\u00fcber nach, Dir eine Katze anzuschaffen? Wie sch\u00f6n, Katzenbesitzer zu sein ist wirklich fantastisch! Eine Katze ist ein ganz wunderbares Tier. Sie ist selbstst\u00e4ndig und intelligent, zudem sehr treu und familiengebunden. Spielst Du mit dem &#8222;Katzengedanken&#8220;, gibt es viele Dinge zu ber\u00fccksichtigen. Daher ist es wichtig, sich ausreichend mit dem Entschluss auseinanderzusetzen, bevor Du Dir eine Katze anschaffst.<\/p>\n<ul>\n<li><a title=\"Katze kaufen\" href=\"https:\/\/bozita.com\/de\/leben-mit-katze\/katze-kaufen\/\" data-udi=\"umb:\/\/document\/c5c4ff18e1b54ebf954a5d3166e438ce\"><u>Daran solltest Du denken, bevor Du eine Katze kaufst<\/u><\/a><\/li>\n<\/ul>\n<p>Hast Du Dich entschieden oder bereits eine geliebte Katze zu Hause? Wir bei Bozita versorgen Dich mit Informationen rund um die erste gemeinsame Zeit, wie Du Deine Katze pflegst, und nicht zuletzt, was die Katzen fressen sollte, damit es ihr gut geht.<\/p>\n<ul>\n<li><a title=\"Katzengesundheit\" href=\"https:\/\/bozita.com\/de\/leben-mit-katze\/katzengesundheit\/\" data-udi=\"umb:\/\/document\/34644018bd6a47348d6c4433f2ea4729\"><u>Tipps und Ratschl\u00e4ge \u2013 K\u00fcmmere Dich um Deine Katze<\/u><\/a><\/li>\n<\/ul>\n\t\t\t<\/div>\n\t\t<\/div>\n\t<\/div>\n\n\n\t<section class=\"block section-promos\">\n\t\t<div class=\"container\">\n\t\t\t<div class=\"row\">\n\t\t\t\t\t\t\t\t\t\t<div class=\"col-md-6\">\n\t\t\t\t\t\t\t<div class=\"card\">\n\t\t\t\t\t\t\t\t\t\t\t\t\t\t\t\t\t<img decoding=\"async\" class=\"card-img-top\" src=\"https:\/\/bozita.com\/de\/wp-content\/uploads\/sites\/8\/2021\/08\/buying-cat-promo-kitten.jpg\" alt=\"\">\n\t\t\t\t\t\t\t\t\t\t\t\t\t\t\t\t<div class=\"card-body\">\n\t\t\t\t\t\t\t\t\t<h5 class=\"card-title\">Katze kaufen<\/h5>\n\t\t\t\t\t\t\t\t\t<p class=\"card-text\"><\/p>\n\t\t\t\t\t\t\t\t\t\t\t\t\t\t\t\t\t\t\t<a target=\"\" href=\"https:\/\/bozita.com\/de\/leben-mit-katze\/katze-kaufen\/\" class=\"btn btn-white\">Katze kaufen<\/a>\n\t\t\t\t\t\t\t\t\t\t\t\t\t\t\t\t\t\t<\/div>\n\t\t\t\t\t\t\t<\/div>\n\t\t\t\t\t\t<\/div>\n\t\t\t\t\t\t\t\t\t\t\t\t<div class=\"col-md-6\">\n\t\t\t\t\t\t\t<div class=\"card\">\n\t\t\t\t\t\t\t\t\t\t\t\t\t\t\t\t\t<img decoding=\"async\" class=\"card-img-top\" src=\"https:\/\/bozita.com\/de\/wp-content\/uploads\/sites\/8\/2021\/06\/bozita-nutrition-kost-katt.jpg\" alt=\"\">\n\t\t\t\t\t\t\t\t\t\t\t\t\t\t\t\t<div class=\"card-body\">\n\t\t\t\t\t\t\t\t\t<h5 class=\"card-title\">Ern\u00e4hrung &amp; Di\u00e4t<\/h5>\n\t\t\t\t\t\t\t\t\t<p class=\"card-text\"><\/p>\n\t\t\t\t\t\t\t\t\t\t\t\t\t\t\t\t\t\t\t<a target=\"\" href=\"https:\/\/bozita.com\/de\/katzenfutter\/ernahrung-and-diat\/\" class=\"btn btn-white\">Ern\u00e4hrung &amp; Di\u00e4t<\/a>\n\t\t\t\t\t\t\t\t\t\t\t\t\t\t\t\t\t\t<\/div>\n\t\t\t\t\t\t\t<\/div>\n\t\t\t\t\t\t<\/div>\n\t\t\t\t\t\t\t\t\t\t\t\t<div class=\"col-md-6\">\n\t\t\t\t\t\t\t<div class=\"card\">\n\t\t\t\t\t\t\t\t\t\t\t\t\t\t\t\t\t<img decoding=\"async\" class=\"card-img-top\" src=\"https:\/\/bozita.com\/de\/wp-content\/uploads\/sites\/8\/2021\/06\/bozita-katt-utveckling.jpg\" alt=\"\">\n\t\t\t\t\t\t\t\t\t\t\t\t\t\t\t\t<div class=\"card-body\">\n\t\t\t\t\t\t\t\t\t<h5 class=\"card-title\">Die Entwicklung der Katze<\/h5>\n\t\t\t\t\t\t\t\t\t<p class=\"card-text\"><\/p>\n\t\t\t\t\t\t\t\t\t\t\t\t\t\t\t\t\t\t\t<a target=\"\" href=\"https:\/\/bozita.com\/de\/leben-mit-katze\/die-entwicklung-der-katze-2\/\" class=\"btn btn-white\">Die Entwicklung der Katze<\/a>\n\t\t\t\t\t\t\t\t\t\t\t\t\t\t\t\t\t\t<\/div>\n\t\t\t\t\t\t\t<\/div>\n\t\t\t\t\t\t<\/div>\n\t\t\t\t\t\t\t\t\t\t\t\t<div class=\"col-md-6\">\n\t\t\t\t\t\t\t<div class=\"card\">\n\t\t\t\t\t\t\t\t\t\t\t\t\t\t\t\t\t<img decoding=\"async\" class=\"card-img-top\" src=\"https:\/\/bozita.com\/de\/wp-content\/uploads\/sites\/8\/2021\/06\/bozita-katt-halsa.jpg\" alt=\"\">\n\t\t\t\t\t\t\t\t\t\t\t\t\t\t\t\t<div class=\"card-body\">\n\t\t\t\t\t\t\t\t\t<h5 class=\"card-title\">Katzengesundheit<\/h5>\n\t\t\t\t\t\t\t\t\t<p class=\"card-text\"><\/p>\n\t\t\t\t\t\t\t\t\t\t\t\t\t\t\t\t\t\t\t<a target=\"\" href=\"https:\/\/bozita.com\/de\/leben-mit-katze\/katzengesundheit\/\" class=\"btn btn-white\">Katzengesundheit<\/a>\n\t\t\t\t\t\t\t\t\t\t\t\t\t\t\t\t\t\t<\/div>\n\t\t\t\t\t\t\t<\/div>\n\t\t\t\t\t\t<\/div>\n\t\t\t\t\t\t\t\t\t\t\t\t<div class=\"col-md-6\">\n\t\t\t\t\t\t\t<div class=\"card\">\n\t\t\t\t\t\t\t\t\t\t\t\t\t\t\t\t\t<img decoding=\"async\" class=\"card-img-top\" src=\"https:\/\/bozita.com\/de\/wp-content\/uploads\/sites\/8\/2021\/06\/bozita-aktivera-katt.jpg\" alt=\"\">\n\t\t\t\t\t\t\t\t\t\t\t\t\t\t\t\t<div class=\"card-body\">\n\t\t\t\t\t\t\t\t\t<h5 class=\"card-title\">Fakten &amp; Infos \u00fcber Katzen<\/h5>\n\t\t\t\t\t\t\t\t\t<p class=\"card-text\">Hier findest du n\u00fctzliche Fakten und Infos \u00fcber Katzen, die f\u00fcr dich als Katzenbesitzer oder zuk\u00fcnftiger Katzenbesitzer wichtig sind.<\/p>\n\t\t\t\t\t\t\t\t\t\t\t\t\t\t\t\t\t\t\t<a target=\"\" href=\"https:\/\/bozita.com\/de\/leben-mit-katze\/fakten-infos-uber-katzen\/\" class=\"btn btn-white\">Weiterlesen<\/a>\n\t\t\t\t\t\t\t\t\t\t\t\t\t\t\t\t\t\t<\/div>\n\t\t\t\t\t\t\t<\/div>\n\t\t\t\t\t\t<\/div>\n\t\t\t\t\t\t\t\t\t<\/div>\n\t\t<\/div>\n\t<\/section>\n\n\n<section class=\"block product-promos\">\n\t<div class=\"container\">\n\t\t<div class=\"row align-items-center\">\n\t\t\t<div class=\"col-md-5\">\n\t\t\t\t<div class=\"prdt__promos-heading\">\n\t\t\t\t\t<h3>\n\t\t\t\t\t\tEinige schwedische Favoriten\t\t\t\t\t<\/h3>\n\t\t\t\t\t\t\t\t\t<\/div>\n\t\t\t<\/div>\n\t\t\t<div class=\"col-md-7\">\n\t\t\t\t\t\t\t\t\t<div class=\"owl-carousel owl-theme product-promo-carousel\">\n\t\t\t\t\t\t\t\t\t\t\t\t\t<a href=\"https:\/\/bozita.com\/de\/katzenfutter\/bozita-active-and-sterilised-getreidefrei-lamm\/\">\n\t\t\t\t\t\t\t\t<div class=\"blk__prdt-item\">\n\t\t\t\t\t\t\t\t\t<figure>\n\t\t\t\t\t\t\t\t\t\t<img loading=\"lazy\" decoding=\"async\" width=\"1300\" height=\"1300\" src=\"https:\/\/bozita.com\/de\/wp-content\/uploads\/sites\/8\/2024\/10\/31321-03-Bozita-Dry-Cat-Active-Sterilised-Lamb-GF-2kg-Bag.png\" class=\"attachment-post-thumbnail size-post-thumbnail wp-post-image\" alt=\"\" srcset=\"https:\/\/bozita.com\/de\/wp-content\/uploads\/sites\/8\/2024\/10\/31321-03-Bozita-Dry-Cat-Active-Sterilised-Lamb-GF-2kg-Bag.png 1300w, https:\/\/bozita.com\/de\/wp-content\/uploads\/sites\/8\/2024\/10\/31321-03-Bozita-Dry-Cat-Active-Sterilised-Lamb-GF-2kg-Bag-300x300.png 300w, https:\/\/bozita.com\/de\/wp-content\/uploads\/sites\/8\/2024\/10\/31321-03-Bozita-Dry-Cat-Active-Sterilised-Lamb-GF-2kg-Bag-1024x1024.png 1024w, https:\/\/bozita.com\/de\/wp-content\/uploads\/sites\/8\/2024\/10\/31321-03-Bozita-Dry-Cat-Active-Sterilised-Lamb-GF-2kg-Bag-150x150.png 150w, https:\/\/bozita.com\/de\/wp-content\/uploads\/sites\/8\/2024\/10\/31321-03-Bozita-Dry-Cat-Active-Sterilised-Lamb-GF-2kg-Bag-768x768.png 768w\" sizes=\"(max-width: 1300px) 100vw, 1300px\" \/>\t\t\t\t\t\t\t\t\t\t\t\t\t\t\t\t\t\t\t<\/figure>\n\t\t\t\t\t\t\t\t\t<h4 class=\"carousel-title\"><\/h4>\n\t\t\t\t\t\t\t\t\t<span class=\"carousel-category\">Bozita Active &amp; Sterilised Getreidefrei Lamm<\/span>\n\t\t\t\t\t\t\t\t\t  \n\t\t\t\t\t\t\t\t\t<ul class=\"category-list\">\n\t\t\t\t\t\t\t\t\t\t\t\t\t\t\t\t\t\t\t\t\t\t\t<li class=\"svg-image\">\n\t\t\t\t\t\t\t\t\t\t\t\t\t\t<img decoding=\"async\" src=\"https:\/\/bozita.com\/de\/wp-content\/uploads\/sites\/8\/2021\/06\/icon-grain-free.svg\" \/>\n\t\t\t\t\t\t\t\t\t\t\t\t\t<\/li>\n\t\t\t\t\t\t\t\t\t\t\t\t\t\t\t\t\t\t\t\t\t\t\t\t\t\t\t\t\t\t\t\t\t\t\t\t<li class=\"svg-image\">\n\t\t\t\t\t\t\t\t\t\t\t\t\t\t<img decoding=\"async\" src=\"https:\/\/bozita.com\/de\/wp-content\/uploads\/sites\/8\/2021\/06\/icon-flavour-lamb.svg\" \/>\n\t\t\t\t\t\t\t\t\t\t\t\t\t<\/li>\n\t\t\t\t\t\t\t\t\t\t\t\t\t\t\t\t\t\t\t\t\t\t<\/ul>       \n\n\t\t\t\t\t\t\t\t<\/div>\n\t\t\t\t\t\t\t<\/a>\n\t\t\t\t\t\t\t\t\t\t\t\t\t\t\t\t\t\t\t\t<a href=\"https:\/\/bozita.com\/de\/katzenfutter\/bozita-indoor-and-sterilised-getreidefrei-rentier\/\">\n\t\t\t\t\t\t\t\t<div class=\"blk__prdt-item\">\n\t\t\t\t\t\t\t\t\t<figure>\n\t\t\t\t\t\t\t\t\t\t<img loading=\"lazy\" decoding=\"async\" width=\"1300\" height=\"1300\" src=\"https:\/\/bozita.com\/de\/wp-content\/uploads\/sites\/8\/2024\/10\/31221-03-Bozita-Dry-Cat-Indoor-Sterilised-Reindeer-GF-2kg-Bag.png\" class=\"attachment-post-thumbnail size-post-thumbnail wp-post-image\" alt=\"\" srcset=\"https:\/\/bozita.com\/de\/wp-content\/uploads\/sites\/8\/2024\/10\/31221-03-Bozita-Dry-Cat-Indoor-Sterilised-Reindeer-GF-2kg-Bag.png 1300w, https:\/\/bozita.com\/de\/wp-content\/uploads\/sites\/8\/2024\/10\/31221-03-Bozita-Dry-Cat-Indoor-Sterilised-Reindeer-GF-2kg-Bag-300x300.png 300w, https:\/\/bozita.com\/de\/wp-content\/uploads\/sites\/8\/2024\/10\/31221-03-Bozita-Dry-Cat-Indoor-Sterilised-Reindeer-GF-2kg-Bag-1024x1024.png 1024w, https:\/\/bozita.com\/de\/wp-content\/uploads\/sites\/8\/2024\/10\/31221-03-Bozita-Dry-Cat-Indoor-Sterilised-Reindeer-GF-2kg-Bag-150x150.png 150w, https:\/\/bozita.com\/de\/wp-content\/uploads\/sites\/8\/2024\/10\/31221-03-Bozita-Dry-Cat-Indoor-Sterilised-Reindeer-GF-2kg-Bag-768x768.png 768w\" sizes=\"(max-width: 1300px) 100vw, 1300px\" \/>\t\t\t\t\t\t\t\t\t\t\t\t\t\t\t\t\t\t\t<\/figure>\n\t\t\t\t\t\t\t\t\t<h4 class=\"carousel-title\"><\/h4>\n\t\t\t\t\t\t\t\t\t<span class=\"carousel-category\">Bozita Indoor &amp; Sterilised Getreidefrei Rentier<\/span>\n\t\t\t\t\t\t\t\t\t  \n\t\t\t\t\t\t\t\t\t<ul class=\"category-list\">\n\t\t\t\t\t\t\t\t\t\t\t\t\t\t\t\t\t\t\t\t\t\t\t<li class=\"svg-image\">\n\t\t\t\t\t\t\t\t\t\t\t\t\t\t<img decoding=\"async\" src=\"https:\/\/bozita.com\/de\/wp-content\/uploads\/sites\/8\/2021\/06\/icon-grain-free.svg\" \/>\n\t\t\t\t\t\t\t\t\t\t\t\t\t<\/li>\n\t\t\t\t\t\t\t\t\t\t\t\t\t\t\t\t\t\t\t\t\t\t\t\t\t\t\t\t\t\t\t\t\t\t\t\t<li class=\"svg-image\">\n\t\t\t\t\t\t\t\t\t\t\t\t\t\t<img decoding=\"async\" src=\"https:\/\/bozita.com\/de\/wp-content\/uploads\/sites\/8\/2021\/06\/icon-flavour-reindeer.svg\" \/>\n\t\t\t\t\t\t\t\t\t\t\t\t\t<\/li>\n\t\t\t\t\t\t\t\t\t\t\t\t\t\t\t\t\t\t\t\t\t\t<\/ul>       \n\n\t\t\t\t\t\t\t\t<\/div>\n\t\t\t\t\t\t\t<\/a>\n\t\t\t\t\t\t\t\t\t\t\t\t\t\t\t\t\t\t\t\t\t\t\t\t\t\t\t<a href=\"https:\/\/bozita.com\/de\/katzenfutter\/bozita-happchen-in-sosse-mit-lachs\/\">\n\t\t\t\t\t\t\t\t<div class=\"blk__prdt-item\">\n\t\t\t\t\t\t\t\t\t<figure>\n\t\t\t\t\t\t\t\t\t\t<img loading=\"lazy\" decoding=\"async\" width=\"1300\" height=\"1300\" src=\"https:\/\/bozita.com\/de\/wp-content\/uploads\/sites\/8\/2021\/08\/3614-02-Bozita-Salmon-in-Sauce-85g-Pouch.png\" class=\"attachment-post-thumbnail size-post-thumbnail wp-post-image\" alt=\"Bozita H\u00e4ppchen in Sauce mit Lachs\" srcset=\"https:\/\/bozita.com\/de\/wp-content\/uploads\/sites\/8\/2021\/08\/3614-02-Bozita-Salmon-in-Sauce-85g-Pouch.png 1300w, https:\/\/bozita.com\/de\/wp-content\/uploads\/sites\/8\/2021\/08\/3614-02-Bozita-Salmon-in-Sauce-85g-Pouch-300x300.png 300w, https:\/\/bozita.com\/de\/wp-content\/uploads\/sites\/8\/2021\/08\/3614-02-Bozita-Salmon-in-Sauce-85g-Pouch-1024x1024.png 1024w, https:\/\/bozita.com\/de\/wp-content\/uploads\/sites\/8\/2021\/08\/3614-02-Bozita-Salmon-in-Sauce-85g-Pouch-150x150.png 150w, https:\/\/bozita.com\/de\/wp-content\/uploads\/sites\/8\/2021\/08\/3614-02-Bozita-Salmon-in-Sauce-85g-Pouch-768x768.png 768w\" sizes=\"(max-width: 1300px) 100vw, 1300px\" \/>\t\t\t\t\t\t\t\t\t\t\t\t\t\t\t\t\t\t\t<\/figure>\n\t\t\t\t\t\t\t\t\t<h4 class=\"carousel-title\"><\/h4>\n\t\t\t\t\t\t\t\t\t<span class=\"carousel-category\">Bozita H\u00e4ppchen in Sauce mit Lachs<\/span>\n\t\t\t\t\t\t\t\t\t  \n\t\t\t\t\t\t\t\t\t<ul class=\"category-list\">\n\t\t\t\t\t\t\t\t\t\t\t\t\t\t\t\t\t\t\t\t\t\t\t<li class=\"svg-image\">\n\t\t\t\t\t\t\t\t\t\t\t\t\t\t<img decoding=\"async\" src=\"https:\/\/bozita.com\/de\/wp-content\/uploads\/sites\/8\/2021\/06\/icon-grain-free.svg\" \/>\n\t\t\t\t\t\t\t\t\t\t\t\t\t<\/li>\n\t\t\t\t\t\t\t\t\t\t\t\t\t\t\t\t\t\t\t\t\t\t\t\t\t\t<li class=\"svg-image\">\n\t\t\t\t\t\t\t\t\t\t\t\t\t\t<img decoding=\"async\" src=\"https:\/\/bozita.com\/de\/wp-content\/uploads\/sites\/8\/2021\/06\/icon-wheat-free.svg\" \/>\n\t\t\t\t\t\t\t\t\t\t\t\t\t<\/li>\n\t\t\t\t\t\t\t\t\t\t\t\t\t\t\t\t\t\t\t\t\t\t\t\t\t\t\t\t\t\t\t\t\t\t\t\t<li class=\"svg-image\">\n\t\t\t\t\t\t\t\t\t\t\t\t\t\t<img decoding=\"async\" src=\"https:\/\/bozita.com\/de\/wp-content\/uploads\/sites\/8\/2021\/06\/icon-flavour-salmon.svg\" \/>\n\t\t\t\t\t\t\t\t\t\t\t\t\t<\/li>\n\t\t\t\t\t\t\t\t\t\t\t\t\t\t\t\t\t\t\t\t\t\t<\/ul>       \n\n\t\t\t\t\t\t\t\t<\/div>\n\t\t\t\t\t\t\t<\/a>\n\t\t\t\t\t\t\t\t\t\t\t\t\t\t\t\t\t\t\t\t<a href=\"https:\/\/bozita.com\/de\/katzenfutter\/bozita-happchen-in-sosse-mit-rentier\/\">\n\t\t\t\t\t\t\t\t<div class=\"blk__prdt-item\">\n\t\t\t\t\t\t\t\t\t<figure>\n\t\t\t\t\t\t\t\t\t\t<img loading=\"lazy\" decoding=\"async\" width=\"1300\" height=\"1300\" src=\"https:\/\/bozita.com\/de\/wp-content\/uploads\/sites\/8\/2021\/08\/3611-02-Bozita-Reindeer-in-Sauce-85g-Pouch.png\" class=\"attachment-post-thumbnail size-post-thumbnail wp-post-image\" alt=\"Bozita H\u00e4ppchen in Sauce mit Rentier\" srcset=\"https:\/\/bozita.com\/de\/wp-content\/uploads\/sites\/8\/2021\/08\/3611-02-Bozita-Reindeer-in-Sauce-85g-Pouch.png 1300w, https:\/\/bozita.com\/de\/wp-content\/uploads\/sites\/8\/2021\/08\/3611-02-Bozita-Reindeer-in-Sauce-85g-Pouch-300x300.png 300w, https:\/\/bozita.com\/de\/wp-content\/uploads\/sites\/8\/2021\/08\/3611-02-Bozita-Reindeer-in-Sauce-85g-Pouch-1024x1024.png 1024w, https:\/\/bozita.com\/de\/wp-content\/uploads\/sites\/8\/2021\/08\/3611-02-Bozita-Reindeer-in-Sauce-85g-Pouch-150x150.png 150w, https:\/\/bozita.com\/de\/wp-content\/uploads\/sites\/8\/2021\/08\/3611-02-Bozita-Reindeer-in-Sauce-85g-Pouch-768x768.png 768w\" sizes=\"(max-width: 1300px) 100vw, 1300px\" \/>\t\t\t\t\t\t\t\t\t\t\t\t\t\t\t\t\t\t\t<\/figure>\n\t\t\t\t\t\t\t\t\t<h4 class=\"carousel-title\"><\/h4>\n\t\t\t\t\t\t\t\t\t<span class=\"carousel-category\">Bozita H\u00e4ppchen in Sauce mit Rentier<\/span>\n\t\t\t\t\t\t\t\t\t  \n\t\t\t\t\t\t\t\t\t<ul class=\"category-list\">\n\t\t\t\t\t\t\t\t\t\t\t\t\t\t\t\t\t\t\t\t\t\t\t<li class=\"svg-image\">\n\t\t\t\t\t\t\t\t\t\t\t\t\t\t<img decoding=\"async\" src=\"https:\/\/bozita.com\/de\/wp-content\/uploads\/sites\/8\/2021\/06\/icon-grain-free.svg\" \/>\n\t\t\t\t\t\t\t\t\t\t\t\t\t<\/li>\n\t\t\t\t\t\t\t\t\t\t\t\t\t\t\t\t\t\t\t\t\t\t\t\t\t\t<li class=\"svg-image\">\n\t\t\t\t\t\t\t\t\t\t\t\t\t\t<img decoding=\"async\" src=\"https:\/\/bozita.com\/de\/wp-content\/uploads\/sites\/8\/2021\/06\/icon-wheat-free.svg\" \/>\n\t\t\t\t\t\t\t\t\t\t\t\t\t<\/li>\n\t\t\t\t\t\t\t\t\t\t\t\t\t\t\t\t\t\t\t\t\t\t\t\t\t\t\t\t\t\t\t\t\t\t\t\t<li class=\"svg-image\">\n\t\t\t\t\t\t\t\t\t\t\t\t\t\t<img decoding=\"async\" src=\"https:\/\/bozita.com\/de\/wp-content\/uploads\/sites\/8\/2021\/06\/icon-flavour-reindeer.svg\" \/>\n\t\t\t\t\t\t\t\t\t\t\t\t\t<\/li>\n\t\t\t\t\t\t\t\t\t\t\t\t\t\t\t\t\t\t\t\t\t\t<\/ul>       \n\n\t\t\t\t\t\t\t\t<\/div>\n\t\t\t\t\t\t\t<\/a>\n\t\t\t\t\t\t\t\t\t\t\t\t\t\t\t\t\t\t<\/div>\n\t\t\t\t\t\t\t<\/div>\n\t\t<\/div>\n\t<\/div>\n<\/section>\n<script>\njQuery(document).ready(function($) {\n\tjQuery('.product-promo-carousel').owlCarousel({\n\tloop: true,\n\tmargin: 10,\n\tresponsiveClass: true,\n\tresponsive: {\n\t\t0: {\n\t\titems: 1,\n\t\tnav: true\n\t\t},\n\t\t600: {\n\t\titems: 1,\n\t\tnav: true\n\t\t},\n\t\t1000: {\n\t\titems: 2,\n\t\tnav: true,\n\t\t}\n\t}\n\t})\n\tjQuery(\".owl-prev\").html('<span><<\/span>');\n\tjQuery(\".owl-next\").html('<span>><\/span>');\n\n\tvar slider = jQuery('.promo-slider-list');\n\tslider.owlCarousel();\n\tjQuery('.nextbtn-a').click(function() {\n\tslider.trigger('next.owl.carousel');\n\t})\n\t\/\/ Go to the previous item\n\tjQuery('.prebtn-a').click(function() {\n\tslider.trigger('prev.owl.carousel', [300]);\n\t})\n});\n<\/script>\n\n\n\t\t<section class=\"block full-width-promo \">\n\t\t<div class=\"overlay-v2\">\n\t\t\t\t\t\t\t\t<img decoding=\"async\" class=\"background-image-v2\" src=\"https:\/\/bozita.com\/de\/wp-content\/uploads\/sites\/8\/2021\/06\/bozita-feline-vatfoder.jpg\" alt=\"\">\n\t\t\t\t\t\t\t\t<div class=\"container\">\n\t\t\t\t<div class=\"row\">\n\t\t\t\t\t<div class=\"col-md-6 col-lg-5\">\n\t\t\t\t\t\t<h5>TRITT DEM BOZITA BREEDERS CLUB BEI<\/h5><h1>Bist Du Z\u00fcchter?<\/h1><p>LIES HIER MEHR ZU DEN VORTEILEN UND REGULARIEN<\/p>\t\t\t\t\t\t<a class=\"btn btn-white\" href=\"https:\/\/bozita.com\/de\/bozita-breeders-club\/\">Bozita Breeders Club<\/a>\t\t\t\t\t<\/div>\n\t\t\t\t<\/div>\n\t\t\t<\/div>\n\t\t<\/div>\n\t<\/section>\n","protected":false},"excerpt":{"rendered":"","protected":false},"author":4,"featured_media":6995,"parent":0,"menu_order":0,"comment_status":"closed","ping_status":"closed","template":"guternberg.php","meta":{"footnotes":""},"acf":[],"yoast_head":"<!-- This site is optimized with the Yoast SEO plugin v21.3 - https:\/\/yoast.com\/wordpress\/plugins\/seo\/ -->\n<title>Leben mit Katze | Bozita DE<\/title>\n<meta name=\"description\" content=\"Vor dem Entschluss, eine Katze anzuschaffen &amp; Verantwortung als Katzenbesitzer. Erste gemeinsame Zeit, Pflege, Besch\u00e4ftigung, Gesundheit und Katzenfutter.\" \/>\n<meta name=\"robots\" content=\"index, follow, max-snippet:-1, max-image-preview:large, max-video-preview:-1\" \/>\n<link rel=\"canonical\" href=\"https:\/\/bozita.com\/de\/leben-mit-katze\/\" \/>\n<meta property=\"og:locale\" content=\"de_DE\" \/>\n<meta property=\"og:type\" content=\"article\" \/>\n<meta property=\"og:title\" content=\"Leben mit Katze | Bozita DE\" \/>\n<meta property=\"og:description\" content=\"Vor dem Entschluss, eine Katze anzuschaffen &amp; Verantwortung als Katzenbesitzer. Erste gemeinsame Zeit, Pflege, Besch\u00e4ftigung, Gesundheit und Katzenfutter.\" \/>\n<meta property=\"og:url\" content=\"https:\/\/bozita.com\/de\/leben-mit-katze\/\" \/>\n<meta property=\"og:site_name\" content=\"Bozita DE\" \/>\n<meta property=\"article:modified_time\" content=\"2025-09-09T08:01:38+00:00\" \/>\n<meta property=\"og:image\" content=\"https:\/\/bozita.com\/de\/wp-content\/uploads\/sites\/8\/2021\/06\/bozita-livet-med-katt.jpg\" \/>\n\t<meta property=\"og:image:width\" content=\"1600\" \/>\n\t<meta property=\"og:image:height\" content=\"578\" \/>\n\t<meta property=\"og:image:type\" content=\"image\/jpeg\" \/>\n<meta name=\"twitter:card\" content=\"summary_large_image\" \/>\n<!-- \/ Yoast SEO plugin. -->","yoast_head_json":{"title":"Leben mit Katze | Bozita DE","description":"Vor dem Entschluss, eine Katze anzuschaffen & Verantwortung als Katzenbesitzer. Erste gemeinsame Zeit, Pflege, Besch\u00e4ftigung, Gesundheit und Katzenfutter.","robots":{"index":"index","follow":"follow","max-snippet":"max-snippet:-1","max-image-preview":"max-image-preview:large","max-video-preview":"max-video-preview:-1"},"canonical":"https:\/\/bozita.com\/de\/leben-mit-katze\/","og_locale":"de_DE","og_type":"article","og_title":"Leben mit Katze | Bozita DE","og_description":"Vor dem Entschluss, eine Katze anzuschaffen & Verantwortung als Katzenbesitzer. Erste gemeinsame Zeit, Pflege, Besch\u00e4ftigung, Gesundheit und Katzenfutter.","og_url":"https:\/\/bozita.com\/de\/leben-mit-katze\/","og_site_name":"Bozita DE","article_modified_time":"2025-09-09T08:01:38+00:00","og_image":[{"width":1600,"height":578,"url":"https:\/\/bozita.com\/de\/wp-content\/uploads\/sites\/8\/2021\/06\/bozita-livet-med-katt.jpg","type":"image\/jpeg"}],"twitter_card":"summary_large_image","schema":{"@context":"https:\/\/schema.org","@graph":[{"@type":"WebPage","@id":"https:\/\/bozita.com\/de\/leben-mit-katze\/","url":"https:\/\/bozita.com\/de\/leben-mit-katze\/","name":"Leben mit Katze | Bozita DE","isPartOf":{"@id":"https:\/\/bozita.com\/de\/#website"},"datePublished":"2021-08-12T17:55:42+00:00","dateModified":"2025-09-09T08:01:38+00:00","description":"Vor dem Entschluss, eine Katze anzuschaffen & Verantwortung als Katzenbesitzer. Erste gemeinsame Zeit, Pflege, Besch\u00e4ftigung, Gesundheit und Katzenfutter.","breadcrumb":{"@id":"https:\/\/bozita.com\/de\/leben-mit-katze\/#breadcrumb"},"inLanguage":"de","potentialAction":[{"@type":"ReadAction","target":["https:\/\/bozita.com\/de\/leben-mit-katze\/"]}]},{"@type":"BreadcrumbList","@id":"https:\/\/bozita.com\/de\/leben-mit-katze\/#breadcrumb","itemListElement":[{"@type":"ListItem","position":1,"name":"Startseite","item":"https:\/\/bozita.com\/de\/"},{"@type":"ListItem","position":2,"name":"Leben mit Katze"}]},{"@type":"WebSite","@id":"https:\/\/bozita.com\/de\/#website","url":"https:\/\/bozita.com\/de\/","name":"Bozita DE","description":"","potentialAction":[{"@type":"SearchAction","target":{"@type":"EntryPoint","urlTemplate":"https:\/\/bozita.com\/de\/?s={search_term_string}"},"query-input":"required name=search_term_string"}],"inLanguage":"de"}]}},"_links":{"self":[{"href":"https:\/\/bozita.com\/de\/wp-json\/wp\/v2\/pages\/6994"}],"collection":[{"href":"https:\/\/bozita.com\/de\/wp-json\/wp\/v2\/pages"}],"about":[{"href":"https:\/\/bozita.com\/de\/wp-json\/wp\/v2\/types\/page"}],"author":[{"embeddable":true,"href":"https:\/\/bozita.com\/de\/wp-json\/wp\/v2\/users\/4"}],"replies":[{"embeddable":true,"href":"https:\/\/bozita.com\/de\/wp-json\/wp\/v2\/comments?post=6994"}],"version-history":[{"count":13,"href":"https:\/\/bozita.com\/de\/wp-json\/wp\/v2\/pages\/6994\/revisions"}],"predecessor-version":[{"id":30030,"href":"https:\/\/bozita.com\/de\/wp-json\/wp\/v2\/pages\/6994\/revisions\/30030"}],"wp:featuredmedia":[{"embeddable":true,"href":"https:\/\/bozita.com\/de\/wp-json\/wp\/v2\/media\/6995"}],"wp:attachment":[{"href":"https:\/\/bozita.com\/de\/wp-json\/wp\/v2\/media?parent=6994"}],"curies":[{"name":"wp","href":"https:\/\/api.w.org\/{rel}","templated":true}]}}