{"id":7006,"date":"2021-08-12T17:54:56","date_gmt":"2021-08-12T17:54:56","guid":{"rendered":"https:\/\/bozita.com\/de\/die-entwicklung-der-katze\/the-history-of-the-cat\/"},"modified":"2022-07-19T07:34:27","modified_gmt":"2022-07-19T07:34:27","slug":"the-history-of-the-cat","status":"publish","type":"page","link":"https:\/\/bozita.com\/de\/leben-mit-katze\/die-entwicklung-der-katze-2\/the-history-of-the-cat\/","title":{"rendered":"Die Geschichte der Katze als Haustier des Menschen"},"content":{"rendered":"\t\t<section class=\"small-hero\">\n\t\t\t<div class=\"container\">\n\t\t\t\t<h1 class=\"small-hero-title\">Geschichte der Katze<\/h1>\t\t\t<\/div>\n\t\t\t<\/div>\n\t\t<\/section>\n\t\n\n\t<div class=\"text-box-warp\">\n\t\t<div class=\"container\">\n\t\t\t<div class=\"text-content\">\n\t\t\t\t<p><strong>Die Katze ist seit mehreren tausend Jahren domestiziert und hat sich von der Hofkatze zu einem geliebten Familienmitglied entwickelt.<\/strong><\/p>\n<h2>VON DER HOFKATZE ZUM FAMILIENMITGLIED<\/h2>\n<p>Die heutige Hauskatze wurde vor mehreren tausend Jahren aus der Wildkatze domestiziert. Forscher glauben, dass die Katze aufgrund ihrer F\u00e4higkeit, Ungeziefer und insbesondere Nagetiere von den Vorr\u00e4ten fernzuhalten, domestiziert wurde. Die Katze hat eine spannende Geschichte. Schon viele Jahre vor Christus wurden Katzen in \u00c4gypten hoch gesch\u00e4tzt, aber es dauerte lange, bis sie in Europa ebenso gesch\u00e4tzt wurden. Seit den 1800er Jahren nimmt die Popularit\u00e4t der Katze zu, und heute gibt es in Schweden und vielen anderen europ\u00e4ischen L\u00e4ndern mehr Katzen als Hunde. Die Katze hat sich in den letzten Jahren in noch st\u00e4rkerem Ma\u00dfe von der Hofkatze, welche Ungeziefer verjagt, zu einem hochgesch\u00e4tzten Familienmitglied entwickelt.<\/p>\n<h2>DER JAGDINSTINKT DER KATZE IST GEBLIEBEN<\/h2>\n<p>Obwohl die Katze mittlerweile mehr als Haustier gilt, ist es trotz Zuchtversuchen schwierig, der Katze den Jagdinstinkt auszutreiben, wie die meisten Katzenbesitzer wissen. Der Grund daf\u00fcr liegt vermutlich darin, dass die Ern\u00e4hrungsbed\u00fcrfnisse der Katze erst seit kurzem vom Menschen mit ausgewogener Nahrung wie <a href=\"https:\/\/bozita.com\/de\/katzenfutter\/bozita-nassfutter-katze\/\">Nass-<\/a> und <a href=\"https:\/\/bozita.com\/de\/katzenfutter\/bozita-trockenfutter-katze\/\">Trockenfutter<\/a> befriedigt werden k\u00f6nnen. Fr\u00fcher mussten Katzen ihre eigene Beute fangen, um alle lebenswichtigen N\u00e4hrstoffe zu erhalten, auch wenn der Mensch sie mit Futter versorgte.<\/p>\n<h2>IST DIE KATZE NUN DOMESTIZIERT ODER NICHT?<\/h2>\n<p>Eine interessante Frage, die sich viele Forscher im Laufe der Geschichte der Katze gestellt haben und die sie sich auch heute noch stellen, ist, ob die Katze tats\u00e4chlich als domestiziert gelten kann. Der Grund daf\u00fcr ist, dass Katzen nicht so sehr auf den Menschen angewiesen sind wie Hunde und dass sich ihr Verhalten gegen\u00fcber dem Menschen deutlich unterscheidet. Katzen sind mitunter nicht so freundlich wie Hunde. Die Meinungen der Forscher gehen jedoch auseinander, und einige halten die Katze eindeutig f\u00fcr domestiziert, w\u00e4hrend andere sagen, sie sei &#8222;halb&#8220; domestiziert. Wie auch immer, Bozita ist der Meinung, dass Katzen fantastische Begleiter sind, auch wenn sie das nicht immer zeigen.<\/p>\n\t\t\t<\/div>\n\t\t<\/div>\n\t<\/div>\n\n\n\n\t<section class=\"block related-articles\">\n\t\t<div class=\"container\">\n\t\t\t<h2>Entdecke weitere Artikel<\/h2>\n\t\t\t<div class=\"row justify-content-center\">\n\t\t\t\t\t\t\t\t\t\t<div class=\"col-sm-6 col-md-6 col-lg-3\">\n\t\t\t\t\t\t\t\t\t\t\t\t\t\t<div class=\"card \">\n\t\t\t\t\t\t\t\t\t\t\t\t\t\t\t\t\t<img decoding=\"async\"  src=\"https:\/\/bozita.com\/de\/wp-content\/uploads\/sites\/8\/2021\/08\/bozita_swedish-natural-quality.jpg\" alt=\"\">\n\t\t\t\t\t\t\t\t\t\t\t\t\t\t\t\t\t<!-- <img decoding=\"async\" src=\"\n\t\t\t\t\t\t\t\t\t\t\t\t\t\t\t\t\t\t\t\t\" alt=\"\n\t\t\t\t\t\t\t\t\t\t\t\t\t\t\t\t\t\t\t\t\t\t\t\t\t\t\t\"> -->\n\t\t\t\t\t\t\t\t<div class=\"card-body\">\n\t\t\t\t\t\t\t\t\t\t\t\t\t\t\t\t\t\t\t<h6>Anatomie und Physiologie der Katze<\/h6>\n\t\t\t\t\t\t\t\t\t\t\t\t\t\t\t\t\t\t\t<a href=\"https:\/\/bozita.com\/de\/leben-mit-katze\/die-entwicklung-der-katze-2\/anatomie-und-physiologie-der-katze\/\">Weiterlesen &nbsp; ><\/a>\n\t\t\t\t\t\t\t\t<\/div>\n\t\t\t\t\t\t\t<\/div>\n\t\t\t\t\t\t<\/div>\n\n\t\t\t\t\t\t\t\t\t\t\t<div class=\"col-sm-6 col-md-6 col-lg-3\">\n\t\t\t\t\t\t\t\t\t\t\t\t\t\t<div class=\"card \">\n\t\t\t\t\t\t\t\t\t\t\t\t\t\t\t\t\t<img decoding=\"async\"  src=\"https:\/\/bozita.com\/de\/wp-content\/uploads\/sites\/8\/2021\/08\/bozita-introducera-katt-hund.jpg\" alt=\"\">\n\t\t\t\t\t\t\t\t\t\t\t\t\t\t\t\t\t<!-- <img decoding=\"async\" src=\"\n\t\t\t\t\t\t\t\t\t\t\t\t\t\t\t\t\t\t\t\t\" alt=\"\n\t\t\t\t\t\t\t\t\t\t\t\t\t\t\t\t\t\t\t\t\t\t\t\t\t\t\t\"> -->\n\t\t\t\t\t\t\t\t<div class=\"card-body\">\n\t\t\t\t\t\t\t\t\t\t\t\t\t\t\t\t\t\t\t<h6>Hund an Katze gew\u00f6hnen \u2013 So funktioniert&#8217;s<\/h6>\n\t\t\t\t\t\t\t\t\t\t\t\t\t\t\t\t\t\t\t<a href=\"https:\/\/bozita.com\/de\/leben-mit-katze\/die-entwicklung-der-katze-2\/gewohne-katze-und-hund-in-drei-schritten-aneinander\/\">Weiterlesen &nbsp; ><\/a>\n\t\t\t\t\t\t\t\t<\/div>\n\t\t\t\t\t\t\t<\/div>\n\t\t\t\t\t\t<\/div>\n\n\t\t\t\t\t\t\t\t\t\t\t<div class=\"col-sm-6 col-md-6 col-lg-3\">\n\t\t\t\t\t\t\t\t\t\t\t\t\t\t<div class=\"card \">\n\t\t\t\t\t\t\t\t\t\t\t\t\t\t\t\t\t<img decoding=\"async\"  src=\"https:\/\/bozita.com\/de\/wp-content\/uploads\/sites\/8\/2021\/08\/bozita-kattens-kroppssprak.jpg\" alt=\"\">\n\t\t\t\t\t\t\t\t\t\t\t\t\t\t\t\t\t<!-- <img decoding=\"async\" src=\"\n\t\t\t\t\t\t\t\t\t\t\t\t\t\t\t\t\t\t\t\t\" alt=\"\n\t\t\t\t\t\t\t\t\t\t\t\t\t\t\t\t\t\t\t\t\t\t\t\t\t\t\t\"> -->\n\t\t\t\t\t\t\t\t<div class=\"card-body\">\n\t\t\t\t\t\t\t\t\t\t\t\t\t\t\t\t\t\t\t<h6>Katzenverhalten &amp; K\u00f6rpersprache von Katzen<\/h6>\n\t\t\t\t\t\t\t\t\t\t\t\t\t\t\t\t\t\t\t<a href=\"https:\/\/bozita.com\/de\/leben-mit-katze\/die-entwicklung-der-katze-2\/verhalten-und-korpersprache-von-katzen\/\">Weiterlesen &nbsp; ><\/a>\n\t\t\t\t\t\t\t\t<\/div>\n\t\t\t\t\t\t\t<\/div>\n\t\t\t\t\t\t<\/div>\n\n\t\t\t\t\t\t\t\t\t\t\t\t<\/div>\n\t\t<\/div>\n\t<\/section>\n","protected":false},"excerpt":{"rendered":"","protected":false},"author":1,"featured_media":7007,"parent":6955,"menu_order":0,"comment_status":"closed","ping_status":"closed","template":"guternberg.php","meta":{"footnotes":""},"acf":[],"yoast_head":"<!-- This site is optimized with the Yoast SEO plugin v21.3 - https:\/\/yoast.com\/wordpress\/plugins\/seo\/ -->\n<title>Die Geschichte der Katze als Haustier des Menschen | Bozita DE<\/title>\n<meta name=\"description\" content=\"Katzen und Menschen leben seit Jahrtausenden zusammen \u2013 doch wie domestiziert sind Katzen wirklich? Erfahren Sie mehr zur spannenden Geschichte der Katzen.\" \/>\n<meta name=\"robots\" content=\"index, follow, max-snippet:-1, max-image-preview:large, max-video-preview:-1\" \/>\n<link rel=\"canonical\" href=\"https:\/\/bozita.com\/de\/leben-mit-katze\/die-entwicklung-der-katze-2\/the-history-of-the-cat\/\" \/>\n<meta property=\"og:locale\" content=\"de_DE\" \/>\n<meta property=\"og:type\" content=\"article\" \/>\n<meta property=\"og:title\" content=\"Die Geschichte der Katze als Haustier des Menschen | Bozita DE\" \/>\n<meta property=\"og:description\" content=\"Katzen und Menschen leben seit Jahrtausenden zusammen \u2013 doch wie domestiziert sind Katzen wirklich? Erfahren Sie mehr zur spannenden Geschichte der Katzen.\" \/>\n<meta property=\"og:url\" content=\"https:\/\/bozita.com\/de\/leben-mit-katze\/die-entwicklung-der-katze-2\/the-history-of-the-cat\/\" \/>\n<meta property=\"og:site_name\" content=\"Bozita DE\" \/>\n<meta property=\"article:modified_time\" content=\"2022-07-19T07:34:27+00:00\" \/>\n<meta property=\"og:image\" content=\"https:\/\/bozita.com\/de\/wp-content\/uploads\/sites\/8\/2021\/08\/bozita-kattens-historia-domesticering.jpg\" \/>\n\t<meta property=\"og:image:width\" content=\"800\" \/>\n\t<meta property=\"og:image:height\" content=\"532\" \/>\n\t<meta property=\"og:image:type\" content=\"image\/jpeg\" \/>\n<meta name=\"twitter:card\" content=\"summary_large_image\" \/>\n<!-- \/ Yoast SEO plugin. -->","yoast_head_json":{"title":"Die Geschichte der Katze als Haustier des Menschen | Bozita DE","description":"Katzen und Menschen leben seit Jahrtausenden zusammen \u2013 doch wie domestiziert sind Katzen wirklich? Erfahren Sie mehr zur spannenden Geschichte der Katzen.","robots":{"index":"index","follow":"follow","max-snippet":"max-snippet:-1","max-image-preview":"max-image-preview:large","max-video-preview":"max-video-preview:-1"},"canonical":"https:\/\/bozita.com\/de\/leben-mit-katze\/die-entwicklung-der-katze-2\/the-history-of-the-cat\/","og_locale":"de_DE","og_type":"article","og_title":"Die Geschichte der Katze als Haustier des Menschen | Bozita DE","og_description":"Katzen und Menschen leben seit Jahrtausenden zusammen \u2013 doch wie domestiziert sind Katzen wirklich? Erfahren Sie mehr zur spannenden Geschichte der Katzen.","og_url":"https:\/\/bozita.com\/de\/leben-mit-katze\/die-entwicklung-der-katze-2\/the-history-of-the-cat\/","og_site_name":"Bozita DE","article_modified_time":"2022-07-19T07:34:27+00:00","og_image":[{"width":800,"height":532,"url":"https:\/\/bozita.com\/de\/wp-content\/uploads\/sites\/8\/2021\/08\/bozita-kattens-historia-domesticering.jpg","type":"image\/jpeg"}],"twitter_card":"summary_large_image","schema":{"@context":"https:\/\/schema.org","@graph":[{"@type":"WebPage","@id":"https:\/\/bozita.com\/de\/leben-mit-katze\/die-entwicklung-der-katze-2\/the-history-of-the-cat\/","url":"https:\/\/bozita.com\/de\/leben-mit-katze\/die-entwicklung-der-katze-2\/the-history-of-the-cat\/","name":"Die Geschichte der Katze als Haustier des Menschen | Bozita DE","isPartOf":{"@id":"https:\/\/bozita.com\/de\/#website"},"datePublished":"2021-08-12T17:54:56+00:00","dateModified":"2022-07-19T07:34:27+00:00","description":"Katzen und Menschen leben seit Jahrtausenden zusammen \u2013 doch wie domestiziert sind Katzen wirklich? Erfahren Sie mehr zur spannenden Geschichte der Katzen.","breadcrumb":{"@id":"https:\/\/bozita.com\/de\/leben-mit-katze\/die-entwicklung-der-katze-2\/the-history-of-the-cat\/#breadcrumb"},"inLanguage":"de","potentialAction":[{"@type":"ReadAction","target":["https:\/\/bozita.com\/de\/leben-mit-katze\/die-entwicklung-der-katze-2\/the-history-of-the-cat\/"]}]},{"@type":"BreadcrumbList","@id":"https:\/\/bozita.com\/de\/leben-mit-katze\/die-entwicklung-der-katze-2\/the-history-of-the-cat\/#breadcrumb","itemListElement":[{"@type":"ListItem","position":1,"name":"Startseite","item":"https:\/\/bozita.com\/de\/"},{"@type":"ListItem","position":2,"name":"Leben mit Katze","item":"https:\/\/bozita.com\/de\/leben-mit-katze\/"},{"@type":"ListItem","position":3,"name":"Katzenentwicklung \u2013 Guter Katzenbesitzer werden","item":"https:\/\/bozita.com\/de\/leben-mit-katze\/die-entwicklung-der-katze-2\/"},{"@type":"ListItem","position":4,"name":"Die Geschichte der Katze als Haustier des Menschen"}]},{"@type":"WebSite","@id":"https:\/\/bozita.com\/de\/#website","url":"https:\/\/bozita.com\/de\/","name":"Bozita DE","description":"","potentialAction":[{"@type":"SearchAction","target":{"@type":"EntryPoint","urlTemplate":"https:\/\/bozita.com\/de\/?s={search_term_string}"},"query-input":"required name=search_term_string"}],"inLanguage":"de"}]}},"_links":{"self":[{"href":"https:\/\/bozita.com\/de\/wp-json\/wp\/v2\/pages\/7006"}],"collection":[{"href":"https:\/\/bozita.com\/de\/wp-json\/wp\/v2\/pages"}],"about":[{"href":"https:\/\/bozita.com\/de\/wp-json\/wp\/v2\/types\/page"}],"author":[{"embeddable":true,"href":"https:\/\/bozita.com\/de\/wp-json\/wp\/v2\/users\/1"}],"replies":[{"embeddable":true,"href":"https:\/\/bozita.com\/de\/wp-json\/wp\/v2\/comments?post=7006"}],"version-history":[{"count":7,"href":"https:\/\/bozita.com\/de\/wp-json\/wp\/v2\/pages\/7006\/revisions"}],"predecessor-version":[{"id":17221,"href":"https:\/\/bozita.com\/de\/wp-json\/wp\/v2\/pages\/7006\/revisions\/17221"}],"up":[{"embeddable":true,"href":"https:\/\/bozita.com\/de\/wp-json\/wp\/v2\/pages\/6955"}],"wp:featuredmedia":[{"embeddable":true,"href":"https:\/\/bozita.com\/de\/wp-json\/wp\/v2\/media\/7007"}],"wp:attachment":[{"href":"https:\/\/bozita.com\/de\/wp-json\/wp\/v2\/media?parent=7006"}],"curies":[{"name":"wp","href":"https:\/\/api.w.org\/{rel}","templated":true}]}}