{"id":7008,"date":"2021-08-12T17:54:46","date_gmt":"2021-08-12T17:54:46","guid":{"rendered":"https:\/\/bozita.com\/de\/die-entwicklung-der-katze\/anatomie-und-physiologie-der-katze\/"},"modified":"2022-07-18T12:19:42","modified_gmt":"2022-07-18T12:19:42","slug":"anatomie-und-physiologie-der-katze","status":"publish","type":"page","link":"https:\/\/bozita.com\/de\/leben-mit-katze\/die-entwicklung-der-katze-2\/anatomie-und-physiologie-der-katze\/","title":{"rendered":"Anatomie und Physiologie der Katze"},"content":{"rendered":"\t\t<section class=\"small-hero\">\n\t\t\t<div class=\"container\">\n\t\t\t\t<h1 class=\"small-hero-title\">Anatomie und Physiologie der Katze<\/h1>\t\t\t<\/div>\n\t\t\t<\/div>\n\t\t<\/section>\n\t\n\n\t<div class=\"text-box-warp\">\n\t\t<div class=\"container\">\n\t\t\t<div class=\"text-content\">\n\t\t\t\t<p>Es gibt viele verschiedene Katzenrassen und -arten, und trotzdem funktionieren ihre K\u00f6rper auf ungef\u00e4hr gleiche Weise. Genau wie andere Raubtiere sind sie mit schnellen Reflexen und gelenkigen K\u00f6rpern ausgestattet, um leicht vor gef\u00e4hrlichen Tieren fl\u00fcchten zu k\u00f6nnen und um auf Beutefang zu gehen. Um das Verhalten und die Funktionsweise ihres K\u00f6rpers zu verstehen, ist es sinnvoll, einige anatomische Fakten (Aufbau des K\u00f6rpers) und physiologische Abl\u00e4ufe zu Katzen zu kennen.<\/p>\n<h2>KATZEN SEHEN BEI DUNKELHEIT GUT<\/h2>\n<p>Ihre Augen erlauben es der Katze, im Dunkeln besonders gut zu sehen und sind damit ein wichtiger Teil ihrer Anatomie. Die Tiere haben einen Sichtwinkel von 285 Grad, wobei sich etwa die H\u00e4lfte des Blickfeldes beider Augen \u00fcberschneidet. Katzen sind f\u00fcr ihr gutes und vor allem im Dunkeln vorteilhaftes Sehverm\u00f6gen bekannt. Forschungen haben gezeigt, dass sich die Augen von nachtaktiven S\u00e4ugetieren zu uns tagaktiven S\u00e4ugern unterscheiden, sodass erstere bei Dunkelheit sechsmal besser sehen als Menschen.<\/p>\n<p>Grund daf\u00fcr sind Millionen kleiner Linsen im Katzenauge, die das Licht auffangen. Somit brauchen Katzen nur eine kleine Menge an Licht, um sehen zu k\u00f6nnen. In vollst\u00e4ndiger Dunkelheit sehen sie hingegen nicht mit den Augen, sondern nutzen ihre Schnurrhaare sowie Geh\u00f6r und Geruchssinn zur Orientierung.<\/p>\n<p>Dar\u00fcber hinaus weisen Katzenaugen eine lichtreflektierende Oberfl\u00e4che hinter der Netzhaut auf. Daher wirken ihre Augen mitunter, als ob sie leuchten, wenn man in der Dunkelheit eine Lampe auf sie richtet.<\/p>\n<h2>ANATOMIE DER KATZE \u2013 SKELETT UND MUSKELN<\/h2>\n<p>Skelett und Muskeln der Katze sind an die Jagd angepasst. Der Katzenk\u00f6rper besteht aus Knorpeln, w\u00e4hrend das Skelett \u00fcber bis zu 282 Knochen verf\u00fcgt und als Mineralstoffdepot f\u00fcr Phosphor und Kalzium dient.<\/p>\n<p>Ihre Anatomie und Physiologie machen Katzen zu erfolgreichen J\u00e4gern. Die Vierbeiner besitzen gut entwickelte Muskeln vor allem im Kiefer und im R\u00fccken, die sie bei der Jagd unterst\u00fctzen. Sie verf\u00fcgen zudem \u00fcber eine sehr bewegliche Wirbels\u00e4ule, durch die sie flexibel sind. Der Schwanz unterst\u00fctzt als Verl\u00e4ngerung des R\u00fcckgrats das Gleichgewicht. Durch ihre Beweglichkeit k\u00f6nnen sich Katzen auf Beutefang leichter anschleichen und nahezu m\u00fchelos Hindernisse \u00fcberwinden oder unter bzw. zwischen diesen hindurchkriechen.<\/p>\n<p>Dank der starken Muskeln in R\u00fccken und Hinterbeinen sowie ihrer Krallen k\u00f6nnen Katzen problemlos z. B. senkrecht auf B\u00e4ume klettern. Katzenkrallen sind jedoch nicht dazu gemacht, um pfeilgerade nach unten zu gelangen, weshalb Katzen oft in B\u00e4umen festsitzen.<\/p>\n<h2>HAUT UND FELL SCH\u00dcTZEN UND W\u00c4RMEN<\/h2>\n<p>Haut und Fell dienen zuallererst als Schutz vor \u00e4u\u00dferen Einfl\u00fcssen. Die Hautdr\u00fcsen sondern zudem Stoffe ab, sogenannte Pheromone, die zum Markieren des Reviers genutzt werden. Daher streifen Katzen oft an Beinen oder M\u00f6beln entlang.<\/p>\n<p>Das Katzenfell ist besonders dicht. Hat ein einzelnes Haar seine volle L\u00e4nge erreicht, w\u00e4chst es nicht weiter. Das Fell besteht \u2013 egal ob Deine Katze kurz- oder langhaarig ist \u2013 aus drei verschiedenen Arten von Haaren und hat unterschiedliche Funktionen.<\/p>\n<ul>\n<li>Das\u00a0<strong>Deckhaar<\/strong>\u00a0bildet die oberste Haarschicht, die gerade und gleichm\u00e4\u00dfig dick ist. Dieses verleiht der Katze seine haupts\u00e4chliche F\u00e4rbung und sch\u00fctzt vor N\u00e4sse.<\/li>\n<li>Das\u00a0<strong>Zwischenfell<\/strong>\u00a0befindet sich unterhalb des Deckhaares und bietet gemeinsam mit diesem Schutz vor \u00e4u\u00dferen Einfl\u00fcssen. Diese Fellschicht besteht aus Leithaar, Grannenhaar und Wollhaar.<\/li>\n<li>Die\u00a0<strong>Unterwolle<\/strong>\u00a0liegt dem K\u00f6rper mit d\u00fcnnen und weichen Haaren am n\u00e4chsten. Diese dienen zum Warmhalten der Katze.<\/li>\n<\/ul>\n<h2>ANATOMIE DER KATZE \u2013 MAGEN UND DARM<\/h2>\n<p>Eine einwandfreie Funktion von Magen und Darm ist Voraussetzung daf\u00fcr, dass Deine Katze N\u00e4hrstoffe aus dem Futter aufnehmen kann. Ihr Speichel enth\u00e4lt im Gegensatz zu uns Menschen jedoch keine spaltenden Enzyme, weshalb die Katze ihr Futter nicht so lange kaut. Stattdessen beginnt die Verdauung erst im Magen.<\/p>\n<p>Im Magen-Darm-Trakt wird das Futter zerteilt, sodass N\u00e4hrstoffe richtig aufgenommen werden. Die Enzyme sind so beschaffen, dass sie ohne Weiteres Proteine und Fette verarbeiten k\u00f6nnen, Kohlenhydrate allerdings nicht. Daher ist eine allzu hohe Menge an Kohlenhydraten f\u00fcr Katzen ungeeignet.<\/p>\n<p>Der pH-Wert des Magens ist sehr sauer, was den Reinigungsprozess erleichtert und als nat\u00fcrlicher Schutz vor Infektionen im Verdauungsapparat dient.<\/p>\n\t\t\t<\/div>\n\t\t<\/div>\n\t<\/div>\n\n\n\n\t<section class=\"block related-articles\">\n\t\t<div class=\"container\">\n\t\t\t<h2>Entdecke weitere Artikel<\/h2>\n\t\t\t<div class=\"row justify-content-center\">\n\t\t\t\t\t\t\t\t\t\t<div class=\"col-sm-6 col-md-6 col-lg-3\">\n\t\t\t\t\t\t\t\t\t\t\t\t\t\t<div class=\"card \">\n\t\t\t\t\t\t\t\t\t\t\t\t\t\t\t\t\t<img decoding=\"async\"  src=\"https:\/\/bozita.com\/de\/wp-content\/uploads\/sites\/8\/2021\/06\/bozita-katt-utveckling-2.jpg\" alt=\"\">\n\t\t\t\t\t\t\t\t\t\t\t\t\t\t\t\t\t<!-- <img decoding=\"async\" src=\"\n\t\t\t\t\t\t\t\t\t\t\t\t\t\t\t\t\t\t\t\t\" alt=\"\n\t\t\t\t\t\t\t\t\t\t\t\t\t\t\t\t\t\t\t\t\t\t\t\t\t\t\t\"> -->\n\t\t\t\t\t\t\t\t<div class=\"card-body\">\n\t\t\t\t\t\t\t\t\t\t\t\t\t\t\t\t\t\t\t<h6>Katzenentwicklung \u2013 Guter Katzenbesitzer werden<\/h6>\n\t\t\t\t\t\t\t\t\t\t\t\t\t\t\t\t\t\t\t<a href=\"https:\/\/bozita.com\/de\/leben-mit-katze\/die-entwicklung-der-katze-2\/\">Weiterlesen &nbsp; ><\/a>\n\t\t\t\t\t\t\t\t<\/div>\n\t\t\t\t\t\t\t<\/div>\n\t\t\t\t\t\t<\/div>\n\n\t\t\t\t\t\t\t\t\t\t\t<div class=\"col-sm-6 col-md-6 col-lg-3\">\n\t\t\t\t\t\t\t\t\t\t\t\t\t\t<div class=\"card \">\n\t\t\t\t\t\t\t\t\t\t\t\t\t\t\t\t\t<img decoding=\"async\"  src=\"https:\/\/bozita.com\/de\/wp-content\/uploads\/sites\/8\/2021\/08\/bozita-kattens-kroppssprak.jpg\" alt=\"\">\n\t\t\t\t\t\t\t\t\t\t\t\t\t\t\t\t\t<!-- <img decoding=\"async\" src=\"\n\t\t\t\t\t\t\t\t\t\t\t\t\t\t\t\t\t\t\t\t\" alt=\"\n\t\t\t\t\t\t\t\t\t\t\t\t\t\t\t\t\t\t\t\t\t\t\t\t\t\t\t\"> -->\n\t\t\t\t\t\t\t\t<div class=\"card-body\">\n\t\t\t\t\t\t\t\t\t\t\t\t\t\t\t\t\t\t\t<h6>Katzenverhalten &amp; K\u00f6rpersprache von Katzen<\/h6>\n\t\t\t\t\t\t\t\t\t\t\t\t\t\t\t\t\t\t\t<a href=\"https:\/\/bozita.com\/de\/leben-mit-katze\/die-entwicklung-der-katze-2\/verhalten-und-korpersprache-von-katzen\/\">Weiterlesen &nbsp; ><\/a>\n\t\t\t\t\t\t\t\t<\/div>\n\t\t\t\t\t\t\t<\/div>\n\t\t\t\t\t\t<\/div>\n\n\t\t\t\t\t\t\t\t\t\t\t<div class=\"col-sm-6 col-md-6 col-lg-3\">\n\t\t\t\t\t\t\t\t\t\t\t\t\t\t<div class=\"card \">\n\t\t\t\t\t\t\t\t\t\t\t\t\t\t\t\t\t<img decoding=\"async\"  src=\"https:\/\/bozita.com\/de\/wp-content\/uploads\/sites\/8\/2021\/09\/bozita-aktivera-innekatt.jpg\" alt=\"\">\n\t\t\t\t\t\t\t\t\t\t\t\t\t\t\t\t\t<!-- <img decoding=\"async\" src=\"\n\t\t\t\t\t\t\t\t\t\t\t\t\t\t\t\t\t\t\t\t\" alt=\"\n\t\t\t\t\t\t\t\t\t\t\t\t\t\t\t\t\t\t\t\t\t\t\t\t\t\t\t\"> -->\n\t\t\t\t\t\t\t\t<div class=\"card-body\">\n\t\t\t\t\t\t\t\t\t\t\t\t\t\t\t\t\t\t\t<h6>Tipps, wie Sie Ihre Katze besch\u00e4ftigen k\u00f6nnen<\/h6>\n\t\t\t\t\t\t\t\t\t\t\t\t\t\t\t\t\t\t\t<a href=\"https:\/\/bozita.com\/de\/leben-mit-katze\/beschaftige-deine-katze\/beschaftige-deine-katze\/\">Weiterlesen &nbsp; ><\/a>\n\t\t\t\t\t\t\t\t<\/div>\n\t\t\t\t\t\t\t<\/div>\n\t\t\t\t\t\t<\/div>\n\n\t\t\t\t\t\t\t\t\t\t\t\t<\/div>\n\t\t<\/div>\n\t<\/section>\n","protected":false},"excerpt":{"rendered":"","protected":false},"author":1,"featured_media":6964,"parent":6955,"menu_order":0,"comment_status":"closed","ping_status":"closed","template":"guternberg.php","meta":{"footnotes":""},"acf":[],"yoast_head":"<!-- This site is optimized with the Yoast SEO plugin v21.3 - https:\/\/yoast.com\/wordpress\/plugins\/seo\/ -->\n<title>Anatomie und Physiologie der Katze | Bozita DE<\/title>\n<meta name=\"description\" content=\"Eine Einf\u00fchrung in die Anatomie (k\u00f6rperlicher Aufbau) und Physiologie (Funktionen und Abl\u00e4ufe) der Katze: Skelett, Muskeln, Haut, Fell, Magen, Darm\" \/>\n<meta name=\"robots\" content=\"index, follow, max-snippet:-1, max-image-preview:large, max-video-preview:-1\" \/>\n<link rel=\"canonical\" href=\"https:\/\/bozita.com\/de\/leben-mit-katze\/die-entwicklung-der-katze-2\/anatomie-und-physiologie-der-katze\/\" \/>\n<meta property=\"og:locale\" content=\"de_DE\" \/>\n<meta property=\"og:type\" content=\"article\" \/>\n<meta property=\"og:title\" content=\"Anatomie und Physiologie der Katze | Bozita DE\" \/>\n<meta property=\"og:description\" content=\"Eine Einf\u00fchrung in die Anatomie (k\u00f6rperlicher Aufbau) und Physiologie (Funktionen und Abl\u00e4ufe) der Katze: Skelett, Muskeln, Haut, Fell, Magen, Darm\" \/>\n<meta property=\"og:url\" content=\"https:\/\/bozita.com\/de\/leben-mit-katze\/die-entwicklung-der-katze-2\/anatomie-und-physiologie-der-katze\/\" \/>\n<meta property=\"og:site_name\" content=\"Bozita DE\" \/>\n<meta property=\"article:modified_time\" content=\"2022-07-18T12:19:42+00:00\" \/>\n<meta property=\"og:image\" content=\"https:\/\/bozita.com\/de\/wp-content\/uploads\/sites\/8\/2021\/08\/bozita_swedish-natural-quality.jpg\" \/>\n\t<meta property=\"og:image:width\" content=\"800\" \/>\n\t<meta property=\"og:image:height\" content=\"533\" \/>\n\t<meta property=\"og:image:type\" content=\"image\/jpeg\" \/>\n<meta name=\"twitter:card\" content=\"summary_large_image\" \/>\n<!-- \/ Yoast SEO plugin. -->","yoast_head_json":{"title":"Anatomie und Physiologie der Katze | Bozita DE","description":"Eine Einf\u00fchrung in die Anatomie (k\u00f6rperlicher Aufbau) und Physiologie (Funktionen und Abl\u00e4ufe) der Katze: Skelett, Muskeln, Haut, Fell, Magen, Darm","robots":{"index":"index","follow":"follow","max-snippet":"max-snippet:-1","max-image-preview":"max-image-preview:large","max-video-preview":"max-video-preview:-1"},"canonical":"https:\/\/bozita.com\/de\/leben-mit-katze\/die-entwicklung-der-katze-2\/anatomie-und-physiologie-der-katze\/","og_locale":"de_DE","og_type":"article","og_title":"Anatomie und Physiologie der Katze | Bozita DE","og_description":"Eine Einf\u00fchrung in die Anatomie (k\u00f6rperlicher Aufbau) und Physiologie (Funktionen und Abl\u00e4ufe) der Katze: Skelett, Muskeln, Haut, Fell, Magen, Darm","og_url":"https:\/\/bozita.com\/de\/leben-mit-katze\/die-entwicklung-der-katze-2\/anatomie-und-physiologie-der-katze\/","og_site_name":"Bozita DE","article_modified_time":"2022-07-18T12:19:42+00:00","og_image":[{"width":800,"height":533,"url":"https:\/\/bozita.com\/de\/wp-content\/uploads\/sites\/8\/2021\/08\/bozita_swedish-natural-quality.jpg","type":"image\/jpeg"}],"twitter_card":"summary_large_image","schema":{"@context":"https:\/\/schema.org","@graph":[{"@type":"WebPage","@id":"https:\/\/bozita.com\/de\/leben-mit-katze\/die-entwicklung-der-katze-2\/anatomie-und-physiologie-der-katze\/","url":"https:\/\/bozita.com\/de\/leben-mit-katze\/die-entwicklung-der-katze-2\/anatomie-und-physiologie-der-katze\/","name":"Anatomie und Physiologie der Katze | Bozita DE","isPartOf":{"@id":"https:\/\/bozita.com\/de\/#website"},"datePublished":"2021-08-12T17:54:46+00:00","dateModified":"2022-07-18T12:19:42+00:00","description":"Eine Einf\u00fchrung in die Anatomie (k\u00f6rperlicher Aufbau) und Physiologie (Funktionen und Abl\u00e4ufe) der Katze: Skelett, Muskeln, Haut, Fell, Magen, Darm","breadcrumb":{"@id":"https:\/\/bozita.com\/de\/leben-mit-katze\/die-entwicklung-der-katze-2\/anatomie-und-physiologie-der-katze\/#breadcrumb"},"inLanguage":"de","potentialAction":[{"@type":"ReadAction","target":["https:\/\/bozita.com\/de\/leben-mit-katze\/die-entwicklung-der-katze-2\/anatomie-und-physiologie-der-katze\/"]}]},{"@type":"BreadcrumbList","@id":"https:\/\/bozita.com\/de\/leben-mit-katze\/die-entwicklung-der-katze-2\/anatomie-und-physiologie-der-katze\/#breadcrumb","itemListElement":[{"@type":"ListItem","position":1,"name":"Startseite","item":"https:\/\/bozita.com\/de\/"},{"@type":"ListItem","position":2,"name":"Leben mit Katze","item":"https:\/\/bozita.com\/de\/leben-mit-katze\/"},{"@type":"ListItem","position":3,"name":"Katzenentwicklung \u2013 Guter Katzenbesitzer werden","item":"https:\/\/bozita.com\/de\/leben-mit-katze\/die-entwicklung-der-katze-2\/"},{"@type":"ListItem","position":4,"name":"Anatomie und Physiologie der Katze"}]},{"@type":"WebSite","@id":"https:\/\/bozita.com\/de\/#website","url":"https:\/\/bozita.com\/de\/","name":"Bozita DE","description":"","potentialAction":[{"@type":"SearchAction","target":{"@type":"EntryPoint","urlTemplate":"https:\/\/bozita.com\/de\/?s={search_term_string}"},"query-input":"required name=search_term_string"}],"inLanguage":"de"}]}},"_links":{"self":[{"href":"https:\/\/bozita.com\/de\/wp-json\/wp\/v2\/pages\/7008"}],"collection":[{"href":"https:\/\/bozita.com\/de\/wp-json\/wp\/v2\/pages"}],"about":[{"href":"https:\/\/bozita.com\/de\/wp-json\/wp\/v2\/types\/page"}],"author":[{"embeddable":true,"href":"https:\/\/bozita.com\/de\/wp-json\/wp\/v2\/users\/1"}],"replies":[{"embeddable":true,"href":"https:\/\/bozita.com\/de\/wp-json\/wp\/v2\/comments?post=7008"}],"version-history":[{"count":8,"href":"https:\/\/bozita.com\/de\/wp-json\/wp\/v2\/pages\/7008\/revisions"}],"predecessor-version":[{"id":11945,"href":"https:\/\/bozita.com\/de\/wp-json\/wp\/v2\/pages\/7008\/revisions\/11945"}],"up":[{"embeddable":true,"href":"https:\/\/bozita.com\/de\/wp-json\/wp\/v2\/pages\/6955"}],"wp:featuredmedia":[{"embeddable":true,"href":"https:\/\/bozita.com\/de\/wp-json\/wp\/v2\/media\/6964"}],"wp:attachment":[{"href":"https:\/\/bozita.com\/de\/wp-json\/wp\/v2\/media?parent=7008"}],"curies":[{"name":"wp","href":"https:\/\/api.w.org\/{rel}","templated":true}]}}