{"id":7012,"date":"2021-08-12T17:54:31","date_gmt":"2021-08-12T17:54:31","guid":{"rendered":"https:\/\/bozita.com\/de\/hundefutter-fur-empfindliche-magen\/"},"modified":"2022-07-18T11:17:04","modified_gmt":"2022-07-18T11:17:04","slug":"hundefutter-fur-empfindliche-magen","status":"publish","type":"page","link":"https:\/\/bozita.com\/de\/hundefutter\/ernahrung-and-diat\/hundefutter-fur-empfindliche-magen\/","title":{"rendered":"Hundefutter f\u00fcr empfindliche M\u00e4gen"},"content":{"rendered":"\t\t<section class=\"small-hero\">\n\t\t\t<div class=\"container\">\n\t\t\t\t<h1 class=\"small-hero-title\">Hundefutter f\u00fcr empfindliche M\u00e4gen<\/h1>\t\t\t<\/div>\n\t\t\t<\/div>\n\t\t<\/section>\n\t\n\n\t<div class=\"text-box-warp\">\n\t\t<div class=\"container\">\n\t\t\t<div class=\"text-content\">\n\t\t\t\t<p>Hunde k\u00f6nnen wie wir Menschen empfindliche M\u00e4gen haben. Wenn Dein Hund Verdauungsprobleme hat, ist es wichtig, dass er das richtige Hundefutter erh\u00e4lt, welches magenschonend ist und ihm erlaubt alle N\u00e4hrstoffe aufzunehmen, um gesund und fit zu bleiben. Ein \u00fcber einen l\u00e4ngeren Zeitraum \u00fcberlastetes Verdauungssystem kann noch weitere Symptome und Probleme als die ganz offensichtlichen hervorrufen. Dies liegt daran, dass die Widerstandskraft des Immunsystems nachl\u00e4sst, wenn Dein Hund st\u00e4ndig unter Magenproblemen leidet.<\/p>\n<p>Artikel von der Ern\u00e4hrungswissenschaftlerin Cecilia Hjelm &#8211; Ausgebildete Tier-Agronomin und Produktentwicklerin mit Fachkompetenz im Bereich Ern\u00e4hrung.<\/p>\n<p>Welches Hundefutter ein Hund mit einem empfindlichen Magen braucht, kann von Fall zu Fall unterschiedlich sein und h\u00e4ngt auch davon ab, was Deinem Hund nicht bekommt. Generell k\u00f6nnen viele Hunde auf zu energiereiches, also sehr fettreiches Futter reagieren. Oft wird dann versucht, die tierische Proteinquelle zu wechseln, um zu sehen, ob das besser funktioniert.<\/p>\n<h2>WIE WEISS MAN, OB EIN HUND HUNDEFUTTER F\u00dcR EINEN EMPFINDLICHEN MAGEN BRAUCHT?<\/h2>\n<p>Der Kot des Hundes ist der beste Hinweis darauf, wie seine Verdauung funktioniert. Weicher Stuhl \u00fcber einen l\u00e4ngeren Zeitraum ist ein Zeichen daf\u00fcr, dass das Verdauungssystem des Hundes mit dem angebotenen Futter nicht wirklich zurechtkommt. Ein Hund mit einem empfindlichen Magen kann auch st\u00e4rker auf eine Futterumstellung, neue Kauknochen oder Leckerlis reagieren. Das Futter eines Hundes mit empfindlichem Magen sollte immer \u00fcber einen l\u00e4ngeren Zeitraum umgestellt werden, damit sein Verdauungssystem Zeit hat, sich daran zu gew\u00f6hnen. Allerdings sollte man auch auf eventuelle Magenverstimmungen w\u00e4hrend des Futterwechsels achten, da diese ein Zeichen daf\u00fcr sein k\u00f6nnen, dass der Hund mit dem neuen Futter nicht gut zurechtkommt.<\/p>\n<h2>DURCHFALL BEIM HUND<\/h2>\n<p>Hunde bekommen gelegentlich Durchfall oder haben Verdauungsprobleme. In den meisten F\u00e4llen ist dies v\u00f6llig harmlos und kann an Dingen wie Futterwechsel liegen oder dass der Hund etwas gefressen hat, das seine Darmflora kurzzeitig st\u00f6rt.<\/p>\n<p>In der Regel geht dies schnell wieder vorbei. Wenn der Hund Durchfallsymptome zeigt, nimm am besten sein Futter weg und warte, bis sich sein Magen wieder beruhigt hat. Der Hund sollte allerdings immer freien Zugang zu Wasser haben, da er bei Durchfall viel Fl\u00fcssigkeit verliert. Sobald sich die Probleme zu verbessern scheinen, kannst Du nach und nach beginnen, ihm wieder kleine Portionen Futter bereitzustellen oder etwas Reis zu kochen und in sehr kleinen Portionen zu f\u00fcttern. Achte darauf, ob der Magen des Hundes wieder anf\u00e4ngt zu reagieren \u2013 wenn ja, hast Du zu schnell oder zu viel gegeben.<\/p>\n<h2>HUND MIT DURCHFALL \u2013 WANN SOLLTE ICH ZUM TIERARZT?<\/h2>\n<p>Behalte den Hund bei Durchfall gut im Auge und suche immer einen Tierarzt auf, wenn Blut im Kot enthalten ist, Dein Hund ein reduziertes Allgemeinwohlbefinden hat, viel Fl\u00fcssigkeit verliert oder sich sein Zustand nicht bessert. Bei Welpen ist es besonders wichtig, bei Durchfall fr\u00fchzeitig einen Tierarzt aufzusuchen, da der hohe Fl\u00fcssigkeitsverlust f\u00fcr einen kleinen Hund schnell lebensbedrohlich werden kann. Wende Dich immer an Deinen Tierarzt, wenn Du Dir unsicher bist.<\/p>\n<h2>MAGENVERSTIMMUNGEN BEIM HUND VERMEIDEN<\/h2>\n<p>Magenverstimmungen oder Durchfall bei Hunden zu vermeiden ist oft leichter gesagt als getan. Unsere Hunde finden w\u00e4hrend eines Spaziergangs oft Dinge zum Fressen, die ihren Magen aus dem Gleichgewicht bringen und Durchfall verursachen. Das Beste ist jedoch, ein Hundefutter zu finden, das dem Magen Deines Hundes gut tut und seine Verdauung im Gleichgewicht h\u00e4lt. So hat der Hund eine gr\u00f6\u00dfere Widerstandsf\u00e4higkeit gegen\u00fcber unerwarteten Dingen. Versuche auch, den Hund immer im Auge zu behalten, wenn ihr zusammen unterwegs seid, damit er nichts frisst, was er nicht fressen sollte.<\/p>\n<h2>BOZITA&#8217;S HUNDEFUTTER UND HUNDEFUTTER F\u00dcR EINEN EMPFINDLICHEN MAGEN<\/h2>\n<p>Worauf das Verdauungssystem des Hundes empfindlich reagiert, variiert von Hund zu Hund und f\u00fcr eine sachgerechte Untersuchung solltest Du einen Tierarzt aufsuchen. Generell f\u00fchren sehr energiereiches Futter (Futter mit hohem Fettgehalt) und bestimmte Eiwei\u00df- und Getreidequellen oft zu einer Reaktion des Hundemagens. Wir von Bozita haben zusammen mit unseren Ern\u00e4hrungswissenschaftlern ein magenschonendes Hundefutter entwickelt.<\/p>\n<p>Um Bozita Hundefutter f\u00fcr empfindliche M\u00e4gen zu finden, besuche unsere Seite f\u00fcr Hundefutter und nutze die Filterfunktion, um unser Sortiment f\u00fcr empfindliche M\u00e4gen einzusehen.<\/p>\n<p><strong>Lies mehr zu den Themen<\/strong><\/p>\n<ul>\n<li><a title=\"Getreidefreies Hundefutter \u2013 alles, was du wissen musst\" href=\"https:\/\/bozita.com\/de\/hundefutter\/ernahrung-and-diat\/getreidefreies-hundefutter-alles-was-du-wissen-musst\/\" data-udi=\"umb:\/\/document\/cab396e12de045e4afa58036040ee0e3\">Getreidefreies Hundefutter \u2013 alles, was Du wissen musst<\/a><\/li>\n<\/ul>\n\t\t\t<\/div>\n\t\t<\/div>\n\t<\/div>\n\n\n\n\t<section class=\"block related-articles\">\n\t\t<div class=\"container\">\n\t\t\t<h2>Entdecke weitere Artikel<\/h2>\n\t\t\t<div class=\"row justify-content-center\">\n\t\t\t\t\t\t\t\t\t\t<div class=\"col-sm-6 col-md-6 col-lg-3\">\n\t\t\t\t\t\t\t\t\t\t\t\t\t\t<div class=\"card \">\n\t\t\t\t\t\t\t\t\t\t\t\t\t\t\t\t\t<img decoding=\"async\"  src=\"https:\/\/bozita.com\/de\/wp-content\/uploads\/sites\/8\/2021\/06\/bozita-utfodra-valp.jpg\" alt=\"\">\n\t\t\t\t\t\t\t\t\t\t\t\t\t\t\t\t\t<!-- <img decoding=\"async\" src=\"\n\t\t\t\t\t\t\t\t\t\t\t\t\t\t\t\t\t\t\t\t\" alt=\"\n\t\t\t\t\t\t\t\t\t\t\t\t\t\t\t\t\t\t\t\t\t\t\t\t\t\t\t\"> -->\n\t\t\t\t\t\t\t\t<div class=\"card-body\">\n\t\t\t\t\t\t\t\t\t\t\t\t\t\t\t\t\t\t\t<h6>Was d\u00fcrfen Hunde nicht fressen?<\/h6>\n\t\t\t\t\t\t\t\t\t\t\t\t\t\t\t\t\t\t\t<a href=\"https:\/\/bozita.com\/de\/hundefutter\/ernahrung-and-diat\/was-durfen-hunde-nicht-fressen\/\">Weiterlesen &nbsp; ><\/a>\n\t\t\t\t\t\t\t\t<\/div>\n\t\t\t\t\t\t\t<\/div>\n\t\t\t\t\t\t<\/div>\n\n\t\t\t\t\t\t\t\t\t\t\t<div class=\"col-sm-6 col-md-6 col-lg-3\">\n\t\t\t\t\t\t\t\t\t\t\t\t\t\t<div class=\"card \">\n\t\t\t\t\t\t\t\t\t\t\t\t\t\t\t\t\t<img decoding=\"async\"  src=\"https:\/\/bozita.com\/de\/wp-content\/uploads\/sites\/8\/2021\/08\/bozita_swedish-natural-quality.jpg\" alt=\"\">\n\t\t\t\t\t\t\t\t\t\t\t\t\t\t\t\t\t<!-- <img decoding=\"async\" src=\"\n\t\t\t\t\t\t\t\t\t\t\t\t\t\t\t\t\t\t\t\t\" alt=\"\n\t\t\t\t\t\t\t\t\t\t\t\t\t\t\t\t\t\t\t\t\t\t\t\t\t\t\t\"> -->\n\t\t\t\t\t\t\t\t<div class=\"card-body\">\n\t\t\t\t\t\t\t\t\t\t\t\t\t\t\t\t\t\t\t<h6>Warum Getreidefreies Hundefutter w\u00e4hlen<\/h6>\n\t\t\t\t\t\t\t\t\t\t\t\t\t\t\t\t\t\t\t<a href=\"https:\/\/bozita.com\/de\/hundefutter\/ernahrung-and-diat\/getreidefreies-hundefutter-alles-was-du-wissen-musst\/\">Weiterlesen &nbsp; ><\/a>\n\t\t\t\t\t\t\t\t<\/div>\n\t\t\t\t\t\t\t<\/div>\n\t\t\t\t\t\t<\/div>\n\n\t\t\t\t\t\t\t\t\t\t\t<div class=\"col-sm-6 col-md-6 col-lg-3\">\n\t\t\t\t\t\t\t\t\t\t\t\t\t\t<div class=\"card \">\n\t\t\t\t\t\t\t\t\t\t\t\t\t\t\t\t\t<img decoding=\"async\"  src=\"https:\/\/bozita.com\/de\/wp-content\/uploads\/sites\/8\/2021\/08\/bozita_swedish-natural-quality.jpg\" alt=\"\">\n\t\t\t\t\t\t\t\t\t\t\t\t\t\t\t\t\t<!-- <img decoding=\"async\" src=\"\n\t\t\t\t\t\t\t\t\t\t\t\t\t\t\t\t\t\t\t\t\" alt=\"\n\t\t\t\t\t\t\t\t\t\t\t\t\t\t\t\t\t\t\t\t\t\t\t\t\t\t\t\"> -->\n\t\t\t\t\t\t\t\t<div class=\"card-body\">\n\t\t\t\t\t\t\t\t\t\t\t\t\t\t\t\t\t\t\t<h6>Nachhaltig f\u00fcr Tier und Natur<\/h6>\n\t\t\t\t\t\t\t\t\t\t\t\t\t\t\t\t\t\t\t<a href=\"https:\/\/bozita.com\/de\/der-naturliche-weg-zum-wohlbefinden\/sustainable-for-animals-and-nature\/\">Weiterlesen &nbsp; ><\/a>\n\t\t\t\t\t\t\t\t<\/div>\n\t\t\t\t\t\t\t<\/div>\n\t\t\t\t\t\t<\/div>\n\n\t\t\t\t\t\t\t\t\t\t\t\t<\/div>\n\t\t<\/div>\n\t<\/section>\n","protected":false},"excerpt":{"rendered":"","protected":false},"author":1,"featured_media":6964,"parent":7043,"menu_order":0,"comment_status":"closed","ping_status":"closed","template":"guternberg.php","meta":{"footnotes":""},"acf":[],"yoast_head":"<!-- This site is optimized with the Yoast SEO plugin v21.3 - https:\/\/yoast.com\/wordpress\/plugins\/seo\/ -->\n<title>Hundefutter f\u00fcr empfindliche M\u00e4gen | Bozita DE<\/title>\n<meta name=\"description\" content=\"Hundefutter f\u00fcr empfindliche M\u00e4gen - hat Dein Hund Verdauungsprobleme, ist es wichtig, dass er das richtige Hundefutter erh\u00e4lt um gesund und fit zu bleiben.\" \/>\n<meta name=\"robots\" content=\"index, follow, max-snippet:-1, max-image-preview:large, max-video-preview:-1\" \/>\n<link rel=\"canonical\" href=\"https:\/\/bozita.com\/de\/hundefutter\/ernahrung-and-diat\/hundefutter-fur-empfindliche-magen\/\" \/>\n<meta property=\"og:locale\" content=\"de_DE\" \/>\n<meta property=\"og:type\" content=\"article\" \/>\n<meta property=\"og:title\" content=\"Hundefutter f\u00fcr empfindliche M\u00e4gen | Bozita DE\" \/>\n<meta property=\"og:description\" content=\"Hundefutter f\u00fcr empfindliche M\u00e4gen - hat Dein Hund Verdauungsprobleme, ist es wichtig, dass er das richtige Hundefutter erh\u00e4lt um gesund und fit zu bleiben.\" \/>\n<meta property=\"og:url\" content=\"https:\/\/bozita.com\/de\/hundefutter\/ernahrung-and-diat\/hundefutter-fur-empfindliche-magen\/\" \/>\n<meta property=\"og:site_name\" content=\"Bozita DE\" \/>\n<meta property=\"article:modified_time\" content=\"2022-07-18T11:17:04+00:00\" \/>\n<meta property=\"og:image\" content=\"https:\/\/bozita.com\/de\/wp-content\/uploads\/sites\/8\/2021\/08\/bozita_swedish-natural-quality.jpg\" \/>\n\t<meta property=\"og:image:width\" content=\"800\" \/>\n\t<meta property=\"og:image:height\" content=\"533\" \/>\n\t<meta property=\"og:image:type\" content=\"image\/jpeg\" \/>\n<meta name=\"twitter:card\" content=\"summary_large_image\" \/>\n<!-- \/ Yoast SEO plugin. -->","yoast_head_json":{"title":"Hundefutter f\u00fcr empfindliche M\u00e4gen | Bozita DE","description":"Hundefutter f\u00fcr empfindliche M\u00e4gen - hat Dein Hund Verdauungsprobleme, ist es wichtig, dass er das richtige Hundefutter erh\u00e4lt um gesund und fit zu bleiben.","robots":{"index":"index","follow":"follow","max-snippet":"max-snippet:-1","max-image-preview":"max-image-preview:large","max-video-preview":"max-video-preview:-1"},"canonical":"https:\/\/bozita.com\/de\/hundefutter\/ernahrung-and-diat\/hundefutter-fur-empfindliche-magen\/","og_locale":"de_DE","og_type":"article","og_title":"Hundefutter f\u00fcr empfindliche M\u00e4gen | Bozita DE","og_description":"Hundefutter f\u00fcr empfindliche M\u00e4gen - hat Dein Hund Verdauungsprobleme, ist es wichtig, dass er das richtige Hundefutter erh\u00e4lt um gesund und fit zu bleiben.","og_url":"https:\/\/bozita.com\/de\/hundefutter\/ernahrung-and-diat\/hundefutter-fur-empfindliche-magen\/","og_site_name":"Bozita DE","article_modified_time":"2022-07-18T11:17:04+00:00","og_image":[{"width":800,"height":533,"url":"https:\/\/bozita.com\/de\/wp-content\/uploads\/sites\/8\/2021\/08\/bozita_swedish-natural-quality.jpg","type":"image\/jpeg"}],"twitter_card":"summary_large_image","schema":{"@context":"https:\/\/schema.org","@graph":[{"@type":"WebPage","@id":"https:\/\/bozita.com\/de\/hundefutter\/ernahrung-and-diat\/hundefutter-fur-empfindliche-magen\/","url":"https:\/\/bozita.com\/de\/hundefutter\/ernahrung-and-diat\/hundefutter-fur-empfindliche-magen\/","name":"Hundefutter f\u00fcr empfindliche M\u00e4gen | Bozita DE","isPartOf":{"@id":"https:\/\/bozita.com\/de\/#website"},"datePublished":"2021-08-12T17:54:31+00:00","dateModified":"2022-07-18T11:17:04+00:00","description":"Hundefutter f\u00fcr empfindliche M\u00e4gen - hat Dein Hund Verdauungsprobleme, ist es wichtig, dass er das richtige Hundefutter erh\u00e4lt um gesund und fit zu bleiben.","breadcrumb":{"@id":"https:\/\/bozita.com\/de\/hundefutter\/ernahrung-and-diat\/hundefutter-fur-empfindliche-magen\/#breadcrumb"},"inLanguage":"de","potentialAction":[{"@type":"ReadAction","target":["https:\/\/bozita.com\/de\/hundefutter\/ernahrung-and-diat\/hundefutter-fur-empfindliche-magen\/"]}]},{"@type":"BreadcrumbList","@id":"https:\/\/bozita.com\/de\/hundefutter\/ernahrung-and-diat\/hundefutter-fur-empfindliche-magen\/#breadcrumb","itemListElement":[{"@type":"ListItem","position":1,"name":"Startseite","item":"https:\/\/bozita.com\/de\/"},{"@type":"ListItem","position":2,"name":"Hundefutter &#8211; In Schweden hergestellt und nat\u00fcrlich","item":"https:\/\/bozita.com\/de\/hundefutter\/"},{"@type":"ListItem","position":3,"name":"Ern\u00e4hrung und Di\u00e4t","item":"https:\/\/bozita.com\/de\/hundefutter\/ernahrung-and-diat\/"},{"@type":"ListItem","position":4,"name":"Hundefutter f\u00fcr empfindliche M\u00e4gen"}]},{"@type":"WebSite","@id":"https:\/\/bozita.com\/de\/#website","url":"https:\/\/bozita.com\/de\/","name":"Bozita DE","description":"","potentialAction":[{"@type":"SearchAction","target":{"@type":"EntryPoint","urlTemplate":"https:\/\/bozita.com\/de\/?s={search_term_string}"},"query-input":"required name=search_term_string"}],"inLanguage":"de"}]}},"_links":{"self":[{"href":"https:\/\/bozita.com\/de\/wp-json\/wp\/v2\/pages\/7012"}],"collection":[{"href":"https:\/\/bozita.com\/de\/wp-json\/wp\/v2\/pages"}],"about":[{"href":"https:\/\/bozita.com\/de\/wp-json\/wp\/v2\/types\/page"}],"author":[{"embeddable":true,"href":"https:\/\/bozita.com\/de\/wp-json\/wp\/v2\/users\/1"}],"replies":[{"embeddable":true,"href":"https:\/\/bozita.com\/de\/wp-json\/wp\/v2\/comments?post=7012"}],"version-history":[{"count":7,"href":"https:\/\/bozita.com\/de\/wp-json\/wp\/v2\/pages\/7012\/revisions"}],"predecessor-version":[{"id":17194,"href":"https:\/\/bozita.com\/de\/wp-json\/wp\/v2\/pages\/7012\/revisions\/17194"}],"up":[{"embeddable":true,"href":"https:\/\/bozita.com\/de\/wp-json\/wp\/v2\/pages\/7043"}],"wp:featuredmedia":[{"embeddable":true,"href":"https:\/\/bozita.com\/de\/wp-json\/wp\/v2\/media\/6964"}],"wp:attachment":[{"href":"https:\/\/bozita.com\/de\/wp-json\/wp\/v2\/media?parent=7012"}],"curies":[{"name":"wp","href":"https:\/\/api.w.org\/{rel}","templated":true}]}}