{"id":7013,"date":"2021-08-12T17:54:17","date_gmt":"2021-08-12T17:54:17","guid":{"rendered":"https:\/\/bozita.com\/de\/futterung-schwangerer-und-stillender-hundinnen\/"},"modified":"2022-07-18T11:11:39","modified_gmt":"2022-07-18T11:11:39","slug":"futterung-schwangerer-und-stillender-hundinnen","status":"publish","type":"page","link":"https:\/\/bozita.com\/de\/hundefutter\/ernahrung-and-diat\/futterung-schwangerer-und-stillender-hundinnen\/","title":{"rendered":"F\u00fctterung schwangerer und stillender H\u00fcndinnen"},"content":{"rendered":"\t\t<section class=\"small-hero\">\n\t\t\t<div class=\"container\">\n\t\t\t\t<h1 class=\"small-hero-title\">F\u00fctterung tr\u00e4chtiger und s\u00e4ugender H\u00fcndinnen<\/h1>\t\t\t<\/div>\n\t\t\t<\/div>\n\t\t<\/section>\n\t\n\n\t<div class=\"text-box-warp\">\n\t\t<div class=\"container\">\n\t\t\t<div class=\"text-content\">\n\t\t\t\t<div class=\"article__introduction\">\n<p><strong>Der Welpe steht immer im Mittelpunkt. Die richtige Nahrung, ist wichtig, um gesund wachsen zu k\u00f6nnen. Ebenso wichtig ist es, der H\u00fcndin das richtige Futter zu geben und dass sie das richtige Fleisch w\u00e4hrend der Tr\u00e4chtigkeit und Stillzeit bekommt. Das ist ein Muss, um gesunde Welpen zu bekommen.<\/strong><\/p>\n<\/div>\n<div class=\"article__body\">\n<p>Vor der Paarung und w\u00e4hrend der Tr\u00e4chtigkeit ist es wichtig, dass die H\u00fcndin das richtige Futter bekommt. Wenn die H\u00fcndin untergewichtig ist, besteht die Gefahr, dass sie nicht genug R\u00fccklagen f\u00fcr sich und die heranwachsenden Welpen im Uterus hat. Dies k\u00f6nnte zu einem geringeren Geburtsgewicht und einer h\u00f6heren Sterblichkeit bei den Welpen f\u00fchren. Ebenso k\u00f6nnte es schwieriger sein, w\u00e4hrend der Stillzeit die richtigen N\u00e4hrstoffe weiterzugeben. Wenn die H\u00fcndin \u00fcbergewichtig ist, besteht das Risiko, gr\u00f6\u00dfere Welpen zu bekommen, was zu einer schwierigeren Geburt f\u00fchrt.<\/p>\n<p>W\u00e4hrend der ersten H\u00e4lfte der Tr\u00e4chtigkeit werden sie im Vergleich zu kurz vor der Geburt nur um 30% wachsen. W\u00e4hrend dieses Zeitraums braucht die H\u00fcndin also kein Futter mehr, aber es ist eine gute Idee, dass Welpenfutter langsam einzuf\u00fchren.<\/p>\n<p>Dieses Futter ist auch f\u00fcr tr\u00e4chtige und laktierende H\u00fcndinnen geeignet, da es einen h\u00f6heren Eiwei\u00df- und Fettgehalt aufweist und auf diese Weise mehr Energie liefert. Dadurch kann die H\u00fcndin so viel Futter zu sich nehmen, wie sie braucht. So k\u00f6nnen die Welpen w\u00e4hrend der Tr\u00e4chtigkeit gesund wachsen und verlieren sp\u00e4ter w\u00e4hrend der Stillzeit nicht an Gewicht. Nach der H\u00e4lfte der Tr\u00e4chtigkeit beginnen die Welpen schneller zu wachsen und Ihr k\u00f6nnt die Portionen erh\u00f6hen. Ein Tipp: Von der H\u00e4lfte der Tr\u00e4chtigkeit bis zum Zeitpunkt der Geburt sollte die H\u00fcndin 30-50% mehr Futter zu sich nehmen, aber in dieser Zeit nicht mehr als 15-25% des normalen K\u00f6rpergewichts zunehmen.<\/p>\n<p>Nach der Geburt beginnt die Stillzeit und es ist wichtig, dass die H\u00fcndin gen\u00fcgend Wasser trinkt. Die Milch enth\u00e4lt 78% Wasser. Stellt die Wassersch\u00fcssel an einem sicheren Ort ab, damit es nicht zu Unf\u00e4llen kommt. Wenn es schwierig ist, Deinen Hund zum Trinken zu bringen, kannst Du das Trockenfutter mit Wasser anreichern. Wie viel die H\u00fcndin fressen sollte, h\u00e4ngt davon ab, wie viele Welpen sie hat. Als Faustregel gilt jedoch, dass sie 2-3 Mal h\u00e4ufiger als gew\u00f6hnlich fressen sollte, wenn sie alle Welpen s\u00e4ugt.<\/p>\n<p>Nach normalerweise 3-4 Wochen k\u00f6nnt Ihr das Futter reduzieren, wenn die Welpen anfangen, normales Futter zu sich zu nehmen und beginnen sich von der Muttermilch zu entw\u00f6hnen. Wenn die Welpen w\u00e4hrend der Stillzeit Magenprobleme bekommen, liegt das oft daran, dass die H\u00fcndin zu viel frisst. Versucht dann etwas weniger Futter zu geben und schaut, ob es den Welpen besser geht.<\/p>\n<\/div>\n\t\t\t<\/div>\n\t\t<\/div>\n\t<\/div>\n\n\n<section class=\"block product-promos\">\n\t<div class=\"container\">\n\t\t<div class=\"row align-items-center\">\n\t\t\t<div class=\"col-md-5\">\n\t\t\t\t<div class=\"prdt__promos-heading\">\n\t\t\t\t\t<h3>\n\t\t\t\t\t\tGUTES TROCKENFUTTER F\u00dcR WELPEN UND JUNGHUNDE\t\t\t\t\t<\/h3>\n\t\t\t\t\t\t\t\t\t<\/div>\n\t\t\t<\/div>\n\t\t\t<div class=\"col-md-7\">\n\t\t\t\t\t\t\t\t\t<div class=\"owl-carousel owl-theme product-promo-carousel\">\n\t\t\t\t\t\t\t\t\t\t\t\t\t<a href=\"https:\/\/bozita.com\/de\/hundefutter\/bozita-robur-mother-and-puppy-old\/\">\n\t\t\t\t\t\t\t\t<div class=\"blk__prdt-item\">\n\t\t\t\t\t\t\t\t\t<figure>\n\t\t\t\t\t\t\t\t\t\t<img loading=\"lazy\" decoding=\"async\" width=\"400\" height=\"457\" src=\"https:\/\/bozita.com\/de\/wp-content\/uploads\/sites\/8\/2021\/06\/2035-bozita-robur-mother-puppy.png\" class=\"attachment-post-thumbnail size-post-thumbnail wp-post-image\" alt=\"Bozita Robur Mother &amp; Puppy\" srcset=\"https:\/\/bozita.com\/de\/wp-content\/uploads\/sites\/8\/2021\/06\/2035-bozita-robur-mother-puppy.png 400w, https:\/\/bozita.com\/de\/wp-content\/uploads\/sites\/8\/2021\/06\/2035-bozita-robur-mother-puppy-263x300.png 263w\" sizes=\"(max-width: 400px) 100vw, 400px\" \/>\t\t\t\t\t\t\t\t\t\t\t\t\t\t\t\t\t\t\t<\/figure>\n\t\t\t\t\t\t\t\t\t<h4 class=\"carousel-title\"><\/h4>\n\t\t\t\t\t\t\t\t\t<span class=\"carousel-category\">Bozita Robur Mother &amp; Puppy<\/span>\n\t\t\t\t\t\t\t\t\t  \n\t\t\t\t\t\t\t\t\t<ul class=\"category-list\">\n\t\t\t\t\t\t\t\t\t\t\t\t\t\t\t\t\t\t\t\t\t\t\t<li class=\"svg-image\">\n\t\t\t\t\t\t\t\t\t\t\t\t\t\t<img decoding=\"async\" src=\"https:\/\/bozita.com\/de\/wp-content\/uploads\/sites\/8\/2021\/06\/icon-wheat-free.svg\" \/>\n\t\t\t\t\t\t\t\t\t\t\t\t\t<\/li>\n\t\t\t\t\t\t\t\t\t\t\t\t\t\t\t\t\t\t\t\t\t\t\t\t\t\t\t\t\t\t\t\t\t\t\t\t<li class=\"svg-image\">\n\t\t\t\t\t\t\t\t\t\t\t\t\t\t<img decoding=\"async\" src=\"https:\/\/bozita.com\/de\/wp-content\/uploads\/sites\/8\/2021\/06\/icon-flavour-chicken.svg\" \/>\n\t\t\t\t\t\t\t\t\t\t\t\t\t<\/li>\n\t\t\t\t\t\t\t\t\t\t\t\t\t\t\t\t\t\t\t\t\t\t<\/ul>       \n\n\t\t\t\t\t\t\t\t<\/div>\n\t\t\t\t\t\t\t<\/a>\n\t\t\t\t\t\t\t\t\t\t\t\t\t\t\t\t\t\t\t\t<a href=\"https:\/\/bozita.com\/de\/hundefutter\/bozita-robur-mother-and-puppy-xl-old\/\">\n\t\t\t\t\t\t\t\t<div class=\"blk__prdt-item\">\n\t\t\t\t\t\t\t\t\t<figure>\n\t\t\t\t\t\t\t\t\t\t<img loading=\"lazy\" decoding=\"async\" width=\"400\" height=\"457\" src=\"https:\/\/bozita.com\/de\/wp-content\/uploads\/sites\/8\/2021\/06\/2036-bozita-robur-mother-puppy-xl.png\" class=\"attachment-post-thumbnail size-post-thumbnail wp-post-image\" alt=\"Bozita Active &amp; Sterilised Getreidefrei Lamm\" srcset=\"https:\/\/bozita.com\/de\/wp-content\/uploads\/sites\/8\/2021\/06\/2036-bozita-robur-mother-puppy-xl.png 400w, https:\/\/bozita.com\/de\/wp-content\/uploads\/sites\/8\/2021\/06\/2036-bozita-robur-mother-puppy-xl-263x300.png 263w\" sizes=\"(max-width: 400px) 100vw, 400px\" \/>\t\t\t\t\t\t\t\t\t\t\t\t\t\t\t\t\t\t\t<\/figure>\n\t\t\t\t\t\t\t\t\t<h4 class=\"carousel-title\"><\/h4>\n\t\t\t\t\t\t\t\t\t<span class=\"carousel-category\">Bozita Robur Mother &amp; Puppy XL<\/span>\n\t\t\t\t\t\t\t\t\t  \n\t\t\t\t\t\t\t\t\t<ul class=\"category-list\">\n\t\t\t\t\t\t\t\t\t\t\t\t\t\t\t\t\t\t\t\t\t\t\t<li class=\"svg-image\">\n\t\t\t\t\t\t\t\t\t\t\t\t\t\t<img decoding=\"async\" src=\"https:\/\/bozita.com\/de\/wp-content\/uploads\/sites\/8\/2021\/06\/icon-wheat-free.svg\" \/>\n\t\t\t\t\t\t\t\t\t\t\t\t\t<\/li>\n\t\t\t\t\t\t\t\t\t\t\t\t\t\t\t\t\t\t\t\t\t\t\t\t\t\t\t\t\t\t\t\t\t\t\t\t<li class=\"svg-image\">\n\t\t\t\t\t\t\t\t\t\t\t\t\t\t<img decoding=\"async\" src=\"https:\/\/bozita.com\/de\/wp-content\/uploads\/sites\/8\/2021\/06\/icon-flavour-chicken.svg\" \/>\n\t\t\t\t\t\t\t\t\t\t\t\t\t<\/li>\n\t\t\t\t\t\t\t\t\t\t\t\t\t\t\t\t\t\t\t\t\t\t<\/ul>       \n\n\t\t\t\t\t\t\t\t<\/div>\n\t\t\t\t\t\t\t<\/a>\n\t\t\t\t\t\t\t\t\t\t\t\t\t\t\t\t\t\t<\/div>\n\t\t\t\t\t\t\t<\/div>\n\t\t<\/div>\n\t<\/div>\n<\/section>\n<script>\njQuery(document).ready(function($) {\n\tjQuery('.product-promo-carousel').owlCarousel({\n\tloop: true,\n\tmargin: 10,\n\tresponsiveClass: true,\n\tresponsive: {\n\t\t0: {\n\t\titems: 1,\n\t\tnav: true\n\t\t},\n\t\t600: {\n\t\titems: 1,\n\t\tnav: true\n\t\t},\n\t\t1000: {\n\t\titems: 2,\n\t\tnav: true,\n\t\t}\n\t}\n\t})\n\tjQuery(\".owl-prev\").html('<span><<\/span>');\n\tjQuery(\".owl-next\").html('<span>><\/span>');\n\n\tvar slider = jQuery('.promo-slider-list');\n\tslider.owlCarousel();\n\tjQuery('.nextbtn-a').click(function() {\n\tslider.trigger('next.owl.carousel');\n\t})\n\t\/\/ Go to the previous item\n\tjQuery('.prebtn-a').click(function() {\n\tslider.trigger('prev.owl.carousel', [300]);\n\t})\n});\n<\/script>\n\n\n\n\t<section class=\"block related-articles\">\n\t\t<div class=\"container\">\n\t\t\t<h2>Entdecke weitere Artikel<\/h2>\n\t\t\t<div class=\"row justify-content-center\">\n\t\t\t\t\t\t\t\t\t\t<div class=\"col-sm-6 col-md-6 col-lg-3\">\n\t\t\t\t\t\t\t\t\t\t\t\t\t\t<div class=\"card \">\n\t\t\t\t\t\t\t\t\t\t\t\t\t\t\t\t\t<img decoding=\"async\"  src=\"https:\/\/bozita.com\/de\/wp-content\/uploads\/sites\/8\/2021\/08\/bozita_swedish-natural-quality.jpg\" alt=\"\">\n\t\t\t\t\t\t\t\t\t\t\t\t\t\t\t\t\t<!-- <img decoding=\"async\" src=\"\n\t\t\t\t\t\t\t\t\t\t\t\t\t\t\t\t\t\t\t\t\" alt=\"\n\t\t\t\t\t\t\t\t\t\t\t\t\t\t\t\t\t\t\t\t\t\t\t\t\t\t\t\"> -->\n\t\t\t\t\t\t\t\t<div class=\"card-body\">\n\t\t\t\t\t\t\t\t\t\t\t\t\t\t\t\t\t\t\t<h6>Was essen Hunde? Wie viel sollte ein Hund fressen?<\/h6>\n\t\t\t\t\t\t\t\t\t\t\t\t\t\t\t\t\t\t\t<a href=\"https:\/\/bozita.com\/de\/hundefutter\/ernahrung-and-diat\/was-und-wie-viel-sollte-ein-hund-am-tag-fressen\/\">Weiterlesen &nbsp; ><\/a>\n\t\t\t\t\t\t\t\t<\/div>\n\t\t\t\t\t\t\t<\/div>\n\t\t\t\t\t\t<\/div>\n\n\t\t\t\t\t\t\t\t\t\t\t<div class=\"col-sm-6 col-md-6 col-lg-3\">\n\t\t\t\t\t\t\t\t\t\t\t\t\t\t<div class=\"card \">\n\t\t\t\t\t\t\t\t\t\t\t\t\t\t\t\t\t<img decoding=\"async\"  src=\"https:\/\/bozita.com\/de\/wp-content\/uploads\/sites\/8\/2021\/08\/bozita-hund-byta-valpfoder-vuxenfoder.jpeg\" alt=\"\">\n\t\t\t\t\t\t\t\t\t\t\t\t\t\t\t\t\t<!-- <img decoding=\"async\" src=\"\n\t\t\t\t\t\t\t\t\t\t\t\t\t\t\t\t\t\t\t\t\" alt=\"\n\t\t\t\t\t\t\t\t\t\t\t\t\t\t\t\t\t\t\t\t\t\t\t\t\t\t\t\"> -->\n\t\t\t\t\t\t\t\t<div class=\"card-body\">\n\t\t\t\t\t\t\t\t\t\t\t\t\t\t\t\t\t\t\t<h6>Vom Welpenfutter zum normalen Futter wechseln<\/h6>\n\t\t\t\t\t\t\t\t\t\t\t\t\t\t\t\t\t\t\t<a href=\"https:\/\/bozita.com\/de\/hundefutter\/ernahrung-and-diat\/vom-welpenfutter-zum-normalen-futter-wechseln\/\">Weiterlesen &nbsp; ><\/a>\n\t\t\t\t\t\t\t\t<\/div>\n\t\t\t\t\t\t\t<\/div>\n\t\t\t\t\t\t<\/div>\n\n\t\t\t\t\t\t\t\t\t\t\t<div class=\"col-sm-6 col-md-6 col-lg-3\">\n\t\t\t\t\t\t\t\t\t\t\t\t\t\t<div class=\"card \">\n\t\t\t\t\t\t\t\t\t\t\t\t\t\t\t\t\t<img decoding=\"async\"  src=\"https:\/\/bozita.com\/de\/wp-content\/uploads\/sites\/8\/2021\/06\/bozita-utfodra-valp.jpg\" alt=\"\">\n\t\t\t\t\t\t\t\t\t\t\t\t\t\t\t\t\t<!-- <img decoding=\"async\" src=\"\n\t\t\t\t\t\t\t\t\t\t\t\t\t\t\t\t\t\t\t\t\" alt=\"\n\t\t\t\t\t\t\t\t\t\t\t\t\t\t\t\t\t\t\t\t\t\t\t\t\t\t\t\"> -->\n\t\t\t\t\t\t\t\t<div class=\"card-body\">\n\t\t\t\t\t\t\t\t\t\t\t\t\t\t\t\t\t\t\t<h6>Was d\u00fcrfen Hunde nicht fressen?<\/h6>\n\t\t\t\t\t\t\t\t\t\t\t\t\t\t\t\t\t\t\t<a href=\"https:\/\/bozita.com\/de\/hundefutter\/ernahrung-and-diat\/was-durfen-hunde-nicht-fressen\/\">Weiterlesen &nbsp; ><\/a>\n\t\t\t\t\t\t\t\t<\/div>\n\t\t\t\t\t\t\t<\/div>\n\t\t\t\t\t\t<\/div>\n\n\t\t\t\t\t\t\t\t\t\t\t\t<\/div>\n\t\t<\/div>\n\t<\/section>\n","protected":false},"excerpt":{"rendered":"","protected":false},"author":1,"featured_media":7015,"parent":7043,"menu_order":0,"comment_status":"closed","ping_status":"closed","template":"guternberg.php","meta":{"footnotes":""},"acf":[],"yoast_head":"<!-- This site is optimized with the Yoast SEO plugin v21.3 - https:\/\/yoast.com\/wordpress\/plugins\/seo\/ -->\n<title>F\u00fctterung schwangerer und stillender H\u00fcndinnen | Bozita DE<\/title>\n<meta name=\"description\" content=\"Der Welpe steht immer im Mittelpunkt. Was zu essen, ist wichtig um gesund wachsen zu k\u00f6nnen. Ebenso wichtig ist es, der H\u00fcndin das richtige Futter zu geben.\" \/>\n<meta name=\"robots\" content=\"index, follow, max-snippet:-1, max-image-preview:large, max-video-preview:-1\" \/>\n<link rel=\"canonical\" href=\"https:\/\/bozita.com\/de\/hundefutter\/ernahrung-and-diat\/futterung-schwangerer-und-stillender-hundinnen\/\" \/>\n<meta property=\"og:locale\" content=\"de_DE\" \/>\n<meta property=\"og:type\" content=\"article\" \/>\n<meta property=\"og:title\" content=\"F\u00fctterung schwangerer und stillender H\u00fcndinnen | Bozita DE\" \/>\n<meta property=\"og:description\" content=\"Der Welpe steht immer im Mittelpunkt. Was zu essen, ist wichtig um gesund wachsen zu k\u00f6nnen. Ebenso wichtig ist es, der H\u00fcndin das richtige Futter zu geben.\" \/>\n<meta property=\"og:url\" content=\"https:\/\/bozita.com\/de\/hundefutter\/ernahrung-and-diat\/futterung-schwangerer-und-stillender-hundinnen\/\" \/>\n<meta property=\"og:site_name\" content=\"Bozita DE\" \/>\n<meta property=\"article:modified_time\" content=\"2022-07-18T11:11:39+00:00\" \/>\n<meta property=\"og:image\" content=\"https:\/\/bozita.com\/de\/wp-content\/uploads\/sites\/8\/2021\/08\/bozita-utfodring-tik-draktig-digivande.jpeg\" \/>\n\t<meta property=\"og:image:width\" content=\"800\" \/>\n\t<meta property=\"og:image:height\" content=\"533\" \/>\n\t<meta property=\"og:image:type\" content=\"image\/jpeg\" \/>\n<meta name=\"twitter:card\" content=\"summary_large_image\" \/>\n<!-- \/ Yoast SEO plugin. -->","yoast_head_json":{"title":"F\u00fctterung schwangerer und stillender H\u00fcndinnen | Bozita DE","description":"Der Welpe steht immer im Mittelpunkt. Was zu essen, ist wichtig um gesund wachsen zu k\u00f6nnen. Ebenso wichtig ist es, der H\u00fcndin das richtige Futter zu geben.","robots":{"index":"index","follow":"follow","max-snippet":"max-snippet:-1","max-image-preview":"max-image-preview:large","max-video-preview":"max-video-preview:-1"},"canonical":"https:\/\/bozita.com\/de\/hundefutter\/ernahrung-and-diat\/futterung-schwangerer-und-stillender-hundinnen\/","og_locale":"de_DE","og_type":"article","og_title":"F\u00fctterung schwangerer und stillender H\u00fcndinnen | Bozita DE","og_description":"Der Welpe steht immer im Mittelpunkt. Was zu essen, ist wichtig um gesund wachsen zu k\u00f6nnen. Ebenso wichtig ist es, der H\u00fcndin das richtige Futter zu geben.","og_url":"https:\/\/bozita.com\/de\/hundefutter\/ernahrung-and-diat\/futterung-schwangerer-und-stillender-hundinnen\/","og_site_name":"Bozita DE","article_modified_time":"2022-07-18T11:11:39+00:00","og_image":[{"width":800,"height":533,"url":"https:\/\/bozita.com\/de\/wp-content\/uploads\/sites\/8\/2021\/08\/bozita-utfodring-tik-draktig-digivande.jpeg","type":"image\/jpeg"}],"twitter_card":"summary_large_image","schema":{"@context":"https:\/\/schema.org","@graph":[{"@type":"WebPage","@id":"https:\/\/bozita.com\/de\/hundefutter\/ernahrung-and-diat\/futterung-schwangerer-und-stillender-hundinnen\/","url":"https:\/\/bozita.com\/de\/hundefutter\/ernahrung-and-diat\/futterung-schwangerer-und-stillender-hundinnen\/","name":"F\u00fctterung schwangerer und stillender H\u00fcndinnen | Bozita DE","isPartOf":{"@id":"https:\/\/bozita.com\/de\/#website"},"datePublished":"2021-08-12T17:54:17+00:00","dateModified":"2022-07-18T11:11:39+00:00","description":"Der Welpe steht immer im Mittelpunkt. Was zu essen, ist wichtig um gesund wachsen zu k\u00f6nnen. Ebenso wichtig ist es, der H\u00fcndin das richtige Futter zu geben.","breadcrumb":{"@id":"https:\/\/bozita.com\/de\/hundefutter\/ernahrung-and-diat\/futterung-schwangerer-und-stillender-hundinnen\/#breadcrumb"},"inLanguage":"de","potentialAction":[{"@type":"ReadAction","target":["https:\/\/bozita.com\/de\/hundefutter\/ernahrung-and-diat\/futterung-schwangerer-und-stillender-hundinnen\/"]}]},{"@type":"BreadcrumbList","@id":"https:\/\/bozita.com\/de\/hundefutter\/ernahrung-and-diat\/futterung-schwangerer-und-stillender-hundinnen\/#breadcrumb","itemListElement":[{"@type":"ListItem","position":1,"name":"Startseite","item":"https:\/\/bozita.com\/de\/"},{"@type":"ListItem","position":2,"name":"Hundefutter &#8211; In Schweden hergestellt und nat\u00fcrlich","item":"https:\/\/bozita.com\/de\/hundefutter\/"},{"@type":"ListItem","position":3,"name":"Ern\u00e4hrung und Di\u00e4t","item":"https:\/\/bozita.com\/de\/hundefutter\/ernahrung-and-diat\/"},{"@type":"ListItem","position":4,"name":"F\u00fctterung schwangerer und stillender H\u00fcndinnen"}]},{"@type":"WebSite","@id":"https:\/\/bozita.com\/de\/#website","url":"https:\/\/bozita.com\/de\/","name":"Bozita DE","description":"","potentialAction":[{"@type":"SearchAction","target":{"@type":"EntryPoint","urlTemplate":"https:\/\/bozita.com\/de\/?s={search_term_string}"},"query-input":"required name=search_term_string"}],"inLanguage":"de"}]}},"_links":{"self":[{"href":"https:\/\/bozita.com\/de\/wp-json\/wp\/v2\/pages\/7013"}],"collection":[{"href":"https:\/\/bozita.com\/de\/wp-json\/wp\/v2\/pages"}],"about":[{"href":"https:\/\/bozita.com\/de\/wp-json\/wp\/v2\/types\/page"}],"author":[{"embeddable":true,"href":"https:\/\/bozita.com\/de\/wp-json\/wp\/v2\/users\/1"}],"replies":[{"embeddable":true,"href":"https:\/\/bozita.com\/de\/wp-json\/wp\/v2\/comments?post=7013"}],"version-history":[{"count":10,"href":"https:\/\/bozita.com\/de\/wp-json\/wp\/v2\/pages\/7013\/revisions"}],"predecessor-version":[{"id":11953,"href":"https:\/\/bozita.com\/de\/wp-json\/wp\/v2\/pages\/7013\/revisions\/11953"}],"up":[{"embeddable":true,"href":"https:\/\/bozita.com\/de\/wp-json\/wp\/v2\/pages\/7043"}],"wp:featuredmedia":[{"embeddable":true,"href":"https:\/\/bozita.com\/de\/wp-json\/wp\/v2\/media\/7015"}],"wp:attachment":[{"href":"https:\/\/bozita.com\/de\/wp-json\/wp\/v2\/media?parent=7013"}],"curies":[{"name":"wp","href":"https:\/\/api.w.org\/{rel}","templated":true}]}}