{"id":7016,"date":"2021-08-12T17:54:10","date_gmt":"2021-08-12T17:54:10","guid":{"rendered":"https:\/\/bozita.com\/de\/so-trainieren-sie-ihren-hund-allein-zu-sein\/"},"modified":"2022-07-18T11:48:36","modified_gmt":"2022-07-18T11:48:36","slug":"so-trainieren-sie-ihren-hund-allein-zu-sein","status":"publish","type":"page","link":"https:\/\/bozita.com\/de\/leben-mit-hund\/entwicklung-deines-hundes\/so-trainieren-sie-ihren-hund-allein-zu-sein\/","title":{"rendered":"So trainierst Du Deinen Hund, allein zu sein"},"content":{"rendered":"\t\t<section class=\"small-hero\">\n\t\t\t<div class=\"container\">\n\t\t\t\t<h1 class=\"small-hero-title\">So trainierst Du Deinen Hund, allein zu sein<\/h1>\t\t\t<\/div>\n\t\t\t<\/div>\n\t\t<\/section>\n\t\n\n\t<div class=\"text-box-warp\">\n\t\t<div class=\"container\">\n\t\t\t<div class=\"text-content\">\n\t\t\t\t<div class=\"article__introduction\">\n<p>Als Hundebesitzer musst Du Deinen Vierbeiner hin und wieder alleine lassen k\u00f6nnen. Da der Hund ein Rudeltier ist, das sich am wohlsten in Gesellschaft anderer f\u00fchlt, kann es einige Zeit dauern, ihn an das Alleinsein zu gew\u00f6hnen. Wir empfehlen, bereits im Welpenalter damit zu beginnen und den Schwierigkeitsgrad langsam aber sicher im eigenen Tempo des Welpen zu erh\u00f6hen. So ist das Risiko geringer, dass der Hunde destruktive Verhaltensweisen entwickelt, zum Beispiel zu bellen oder Sachen zu zerbei\u00dfen, wenn er alleine ist.<\/p>\n<\/div>\n<div class=\"article__body\">\n<h2>BEGINNE MIT DEM \u00dcBEN DES ALLEINSEINS, WENN DER WELPE HEIMISCH GEWORDEN IST<\/h2>\n<p>Du kannst mit dem Training des Alleinseins beginnen, sobald der Hund sich sicher bei Dir zu Hause f\u00fchlt. Dies dauert \u00fcblicherweise einige Wochen, nachdem er eingezogen ist. Bis zu einem Alter von 6 Monaten sollte der Welpe nur f\u00fcr kurze Zeit am St\u00fcck auf sich selbst gestellt sein. Dennoch ist es sinnvoll, ihn darauf vorzubereiten, f\u00fcr l\u00e4ngere Zeit alleine zu sein.<\/p>\n<p>Jeder Hund ist individuell. Arbeite daher in einem Tempo, das gut zu Deinem Welpen passt. Ziel ist es, dass er ruhig und entspannt ist, wenn Du ihn alleine l\u00e4sst.<\/p>\n<h2>LASSE DEN HUND ALLEIN, INDEM DU DEN RAUM F\u00dcR KURZE ZEIT WECHSELST<\/h2>\n<p>In einem ersten Schritt, den Hund allein zu lassen, kannst Du Deinen Welpen daran gew\u00f6hnen, dass Du Dich nicht im selben Raum befindest. \u00dcbe h\u00e4ufig, daf\u00fcr aber nur f\u00fcr jeweils kurze Zeit.<\/p>\n<p>Stelle Hindernisse, zum Beispiel ein Treppenschutzgitter zwischen zwei R\u00e4umen auf. Gehe in den anderen Raum, sodass der Hund Dir nicht folgen kann und bleibe gut sichtbar f\u00fcr ihn. Sollte der Hund unruhig werden oder anfangen zu winseln, zeige Dich unbeeindruckt. Gehe zu ihm, wenn er wieder entspannt ist. Du kannst liebevoll mit Deinem Hund sprechen, solltest aber kein gro\u00dfes Aufsehen darum machen, weder beim Gehen noch beim Zur\u00fcckkehren.<\/p>\n<p>Ist der Welpe sehr aufgeregt oder zeigt keine Anzeichen, sich zu beruhigen, solltest Du nat\u00fcrlich zur\u00fcckgehen, aber auch dann ohne ihm dabei zu viel Aufmerksamkeit zu schenken. Wiederhole die \u00dcbung zu einem sp\u00e4teren Zeitpunkt.<\/p>\n<p>Achte darauf, dass der Welpe Zugang zu seinem Bett oder einem Spielzeug hat, doch bemitleide und besteche ihn nicht mit Futter oder Leckerlis.<\/p>\n<p>Selbst \u00e4ngstliche Welpen kommen nach einigen Wochen Training gut damit klar, f\u00fcr kurze Zeit in einem Raum alleine zu bleiben.<\/p>\n<h2>ERH\u00d6HE DEN SCHWIERIGKEITSGRAD ALLM\u00c4HLICH<\/h2>\n<p>Erh\u00f6he nach und nach den Schwierigkeitsgrad, indem Du das Zuhause f\u00fcr eine Weile ganz verl\u00e4sst. Zu Beginn reicht der Weg zur M\u00fclltonne, sp\u00e4ter ein kurzer Gang zum Supermarkt und letztendlich ein l\u00e4ngerer Kinobesuch. Behalte das Gehen und Zur\u00fcckkommen genauso bei, wie Du es beim \u00dcben mit dem Wechsel der R\u00e4ume gehalten hast.<\/p>\n<p>Ein gut trainierter, ausgewachsener Hund kann problemlos 4 bis 5 Stunden alleine sein.<\/p>\n<h2>EIN HUND SOLLTE ALLE SECHS STUNDEN GASSI GEHEN<\/h2>\n<p>Laut deutscher Tierschutz-Hundeverordnung ist dem Hund ausreichend Umgang mit seiner Betreuungsperson zu gew\u00e4hren, sodass Du Deinen Vierbeiner nie allzu lange alleine lassen solltest. Grunds\u00e4tzlich wird empfohlen, den Hund mindestens alle sechs Stunden an der frischen Luft spazieren zu f\u00fchren.<\/p>\n<\/div>\n\t\t\t<\/div>\n\t\t<\/div>\n\t<\/div>\n\n\n\n\t<section class=\"block related-articles\">\n\t\t<div class=\"container\">\n\t\t\t<h2>Entdecke weitere Artikel<\/h2>\n\t\t\t<div class=\"row justify-content-center\">\n\t\t\t\t\t\t\t\t\t\t<div class=\"col-sm-6 col-md-6 col-lg-3\">\n\t\t\t\t\t\t\t\t\t\t\t\t\t\t<div class=\"card \">\n\t\t\t\t\t\t\t\t\t\t\t\t\t\t\t\t\t<img decoding=\"async\"  src=\"https:\/\/bozita.com\/de\/wp-content\/uploads\/sites\/8\/2021\/09\/bozita-hund-tonaring.jpg\" alt=\"\">\n\t\t\t\t\t\t\t\t\t\t\t\t\t\t\t\t\t<!-- <img decoding=\"async\" src=\"\n\t\t\t\t\t\t\t\t\t\t\t\t\t\t\t\t\t\t\t\t\" alt=\"\n\t\t\t\t\t\t\t\t\t\t\t\t\t\t\t\t\t\t\t\t\t\t\t\t\t\t\t\"> -->\n\t\t\t\t\t\t\t\t<div class=\"card-body\">\n\t\t\t\t\t\t\t\t\t\t\t\t\t\t\t\t\t\t\t<h6>Was macht man mit einem schwierigen pubertierenden Hund?<\/h6>\n\t\t\t\t\t\t\t\t\t\t\t\t\t\t\t\t\t\t\t<a href=\"https:\/\/bozita.com\/de\/leben-mit-hund\/hund-kaufen\/wie-man-die-richtige-rasse-auswahlt\/was-macht-man-mit-einem-schwierigen-pubertierenden-hund\/\">Weiterlesen &nbsp; ><\/a>\n\t\t\t\t\t\t\t\t<\/div>\n\t\t\t\t\t\t\t<\/div>\n\t\t\t\t\t\t<\/div>\n\n\t\t\t\t\t\t\t\t\t\t\t<div class=\"col-sm-6 col-md-6 col-lg-3\">\n\t\t\t\t\t\t\t\t\t\t\t\t\t\t<div class=\"card \">\n\t\t\t\t\t\t\t\t\t\t\t\t\t\t\t\t\t<img decoding=\"async\"  src=\"https:\/\/bozita.com\/de\/wp-content\/uploads\/sites\/8\/2021\/08\/bozita-hundens-utveckling-stadier.jpeg\" alt=\"\">\n\t\t\t\t\t\t\t\t\t\t\t\t\t\t\t\t\t<!-- <img decoding=\"async\" src=\"\n\t\t\t\t\t\t\t\t\t\t\t\t\t\t\t\t\t\t\t\t\" alt=\"\n\t\t\t\t\t\t\t\t\t\t\t\t\t\t\t\t\t\t\t\t\t\t\t\t\t\t\t\"> -->\n\t\t\t\t\t\t\t\t<div class=\"card-body\">\n\t\t\t\t\t\t\t\t\t\t\t\t\t\t\t\t\t\t\t<h6>Die Entwicklung des Hundes vom Welpen zum erwachsenen Hund<\/h6>\n\t\t\t\t\t\t\t\t\t\t\t\t\t\t\t\t\t\t\t<a href=\"https:\/\/bozita.com\/de\/leben-mit-hund\/entwicklung-deines-hundes\/die-entwicklung-des-hundes-vom-welpen-zum-erwachsenen-hund\/\">Weiterlesen &nbsp; ><\/a>\n\t\t\t\t\t\t\t\t<\/div>\n\t\t\t\t\t\t\t<\/div>\n\t\t\t\t\t\t<\/div>\n\n\t\t\t\t\t\t\t\t\t\t\t<div class=\"col-sm-6 col-md-6 col-lg-3\">\n\t\t\t\t\t\t\t\t\t\t\t\t\t\t<div class=\"card \">\n\t\t\t\t\t\t\t\t\t\t\t\t\t\t\t\t\t<img decoding=\"async\"  src=\"https:\/\/bozita.com\/de\/wp-content\/uploads\/sites\/8\/2021\/09\/bozita-forgiftning-svamp-hund.jpg\" alt=\"\">\n\t\t\t\t\t\t\t\t\t\t\t\t\t\t\t\t\t<!-- <img decoding=\"async\" src=\"\n\t\t\t\t\t\t\t\t\t\t\t\t\t\t\t\t\t\t\t\t\" alt=\"\n\t\t\t\t\t\t\t\t\t\t\t\t\t\t\t\t\t\t\t\t\t\t\t\t\t\t\t\"> -->\n\t\t\t\t\t\t\t\t<div class=\"card-body\">\n\t\t\t\t\t\t\t\t\t\t\t\t\t\t\t\t\t\t\t<h6>Vorsicht &#8211; Vergiftungsgefahr durch Pilze im Wald<\/h6>\n\t\t\t\t\t\t\t\t\t\t\t\t\t\t\t\t\t\t\t<a href=\"https:\/\/bozita.com\/de\/leben-mit-hund\/die-gesundheit-des-hundes\/vorsicht-vergiftungsgefahr-durch-pilze-im-wald\/\">Weiterlesen &nbsp; ><\/a>\n\t\t\t\t\t\t\t\t<\/div>\n\t\t\t\t\t\t\t<\/div>\n\t\t\t\t\t\t<\/div>\n\n\t\t\t\t\t\t\t\t\t\t\t\t<\/div>\n\t\t<\/div>\n\t<\/section>\n","protected":false},"excerpt":{"rendered":"","protected":false},"author":1,"featured_media":7017,"parent":7071,"menu_order":0,"comment_status":"closed","ping_status":"closed","template":"guternberg.php","meta":{"footnotes":""},"acf":[],"yoast_head":"<!-- This site is optimized with the Yoast SEO plugin v21.3 - https:\/\/yoast.com\/wordpress\/plugins\/seo\/ -->\n<title>So trainierst Du Deinen Hund, allein zu sein | Bozita DE<\/title>\n<meta name=\"description\" content=\"Als Hundebesitzer musst Du Deinen Hund auch mal alleine lassen k\u00f6nnen. Du kannst mit dem Training beginnen, sobald der Hund sich sicher bei Dir zu Hause f\u00fchlt.\" \/>\n<meta name=\"robots\" content=\"index, follow, max-snippet:-1, max-image-preview:large, max-video-preview:-1\" \/>\n<link rel=\"canonical\" href=\"https:\/\/bozita.com\/de\/leben-mit-hund\/entwicklung-deines-hundes\/so-trainieren-sie-ihren-hund-allein-zu-sein\/\" \/>\n<meta property=\"og:locale\" content=\"de_DE\" \/>\n<meta property=\"og:type\" content=\"article\" \/>\n<meta property=\"og:title\" content=\"So trainierst Du Deinen Hund, allein zu sein | Bozita DE\" \/>\n<meta property=\"og:description\" content=\"Als Hundebesitzer musst Du Deinen Hund auch mal alleine lassen k\u00f6nnen. Du kannst mit dem Training beginnen, sobald der Hund sich sicher bei Dir zu Hause f\u00fchlt.\" \/>\n<meta property=\"og:url\" content=\"https:\/\/bozita.com\/de\/leben-mit-hund\/entwicklung-deines-hundes\/so-trainieren-sie-ihren-hund-allein-zu-sein\/\" \/>\n<meta property=\"og:site_name\" content=\"Bozita DE\" \/>\n<meta property=\"article:modified_time\" content=\"2022-07-18T11:48:36+00:00\" \/>\n<meta property=\"og:image\" content=\"https:\/\/bozita.com\/de\/wp-content\/uploads\/sites\/8\/2021\/08\/bozita-hundvalp-ensam-trana.jpeg\" \/>\n\t<meta property=\"og:image:width\" content=\"800\" \/>\n\t<meta property=\"og:image:height\" content=\"533\" \/>\n\t<meta property=\"og:image:type\" content=\"image\/jpeg\" \/>\n<meta name=\"twitter:card\" content=\"summary_large_image\" \/>\n<!-- \/ Yoast SEO plugin. -->","yoast_head_json":{"title":"So trainierst Du Deinen Hund, allein zu sein | Bozita DE","description":"Als Hundebesitzer musst Du Deinen Hund auch mal alleine lassen k\u00f6nnen. Du kannst mit dem Training beginnen, sobald der Hund sich sicher bei Dir zu Hause f\u00fchlt.","robots":{"index":"index","follow":"follow","max-snippet":"max-snippet:-1","max-image-preview":"max-image-preview:large","max-video-preview":"max-video-preview:-1"},"canonical":"https:\/\/bozita.com\/de\/leben-mit-hund\/entwicklung-deines-hundes\/so-trainieren-sie-ihren-hund-allein-zu-sein\/","og_locale":"de_DE","og_type":"article","og_title":"So trainierst Du Deinen Hund, allein zu sein | Bozita DE","og_description":"Als Hundebesitzer musst Du Deinen Hund auch mal alleine lassen k\u00f6nnen. Du kannst mit dem Training beginnen, sobald der Hund sich sicher bei Dir zu Hause f\u00fchlt.","og_url":"https:\/\/bozita.com\/de\/leben-mit-hund\/entwicklung-deines-hundes\/so-trainieren-sie-ihren-hund-allein-zu-sein\/","og_site_name":"Bozita DE","article_modified_time":"2022-07-18T11:48:36+00:00","og_image":[{"width":800,"height":533,"url":"https:\/\/bozita.com\/de\/wp-content\/uploads\/sites\/8\/2021\/08\/bozita-hundvalp-ensam-trana.jpeg","type":"image\/jpeg"}],"twitter_card":"summary_large_image","schema":{"@context":"https:\/\/schema.org","@graph":[{"@type":"WebPage","@id":"https:\/\/bozita.com\/de\/leben-mit-hund\/entwicklung-deines-hundes\/so-trainieren-sie-ihren-hund-allein-zu-sein\/","url":"https:\/\/bozita.com\/de\/leben-mit-hund\/entwicklung-deines-hundes\/so-trainieren-sie-ihren-hund-allein-zu-sein\/","name":"So trainierst Du Deinen Hund, allein zu sein | Bozita DE","isPartOf":{"@id":"https:\/\/bozita.com\/de\/#website"},"datePublished":"2021-08-12T17:54:10+00:00","dateModified":"2022-07-18T11:48:36+00:00","description":"Als Hundebesitzer musst Du Deinen Hund auch mal alleine lassen k\u00f6nnen. Du kannst mit dem Training beginnen, sobald der Hund sich sicher bei Dir zu Hause f\u00fchlt.","breadcrumb":{"@id":"https:\/\/bozita.com\/de\/leben-mit-hund\/entwicklung-deines-hundes\/so-trainieren-sie-ihren-hund-allein-zu-sein\/#breadcrumb"},"inLanguage":"de","potentialAction":[{"@type":"ReadAction","target":["https:\/\/bozita.com\/de\/leben-mit-hund\/entwicklung-deines-hundes\/so-trainieren-sie-ihren-hund-allein-zu-sein\/"]}]},{"@type":"BreadcrumbList","@id":"https:\/\/bozita.com\/de\/leben-mit-hund\/entwicklung-deines-hundes\/so-trainieren-sie-ihren-hund-allein-zu-sein\/#breadcrumb","itemListElement":[{"@type":"ListItem","position":1,"name":"Startseite","item":"https:\/\/bozita.com\/de\/"},{"@type":"ListItem","position":2,"name":"Leben mit Hund","item":"https:\/\/bozita.com\/de\/leben-mit-hund\/"},{"@type":"ListItem","position":3,"name":"Entwicklung Deines Hundes","item":"https:\/\/bozita.com\/de\/leben-mit-hund\/entwicklung-deines-hundes\/"},{"@type":"ListItem","position":4,"name":"So trainierst Du Deinen Hund, allein zu sein"}]},{"@type":"WebSite","@id":"https:\/\/bozita.com\/de\/#website","url":"https:\/\/bozita.com\/de\/","name":"Bozita DE","description":"","potentialAction":[{"@type":"SearchAction","target":{"@type":"EntryPoint","urlTemplate":"https:\/\/bozita.com\/de\/?s={search_term_string}"},"query-input":"required name=search_term_string"}],"inLanguage":"de"}]}},"_links":{"self":[{"href":"https:\/\/bozita.com\/de\/wp-json\/wp\/v2\/pages\/7016"}],"collection":[{"href":"https:\/\/bozita.com\/de\/wp-json\/wp\/v2\/pages"}],"about":[{"href":"https:\/\/bozita.com\/de\/wp-json\/wp\/v2\/types\/page"}],"author":[{"embeddable":true,"href":"https:\/\/bozita.com\/de\/wp-json\/wp\/v2\/users\/1"}],"replies":[{"embeddable":true,"href":"https:\/\/bozita.com\/de\/wp-json\/wp\/v2\/comments?post=7016"}],"version-history":[{"count":10,"href":"https:\/\/bozita.com\/de\/wp-json\/wp\/v2\/pages\/7016\/revisions"}],"predecessor-version":[{"id":12050,"href":"https:\/\/bozita.com\/de\/wp-json\/wp\/v2\/pages\/7016\/revisions\/12050"}],"up":[{"embeddable":true,"href":"https:\/\/bozita.com\/de\/wp-json\/wp\/v2\/pages\/7071"}],"wp:featuredmedia":[{"embeddable":true,"href":"https:\/\/bozita.com\/de\/wp-json\/wp\/v2\/media\/7017"}],"wp:attachment":[{"href":"https:\/\/bozita.com\/de\/wp-json\/wp\/v2\/media?parent=7016"}],"curies":[{"name":"wp","href":"https:\/\/api.w.org\/{rel}","templated":true}]}}