{"id":7019,"date":"2021-08-12T17:53:55","date_gmt":"2021-08-12T17:53:55","guid":{"rendered":"https:\/\/bozita.com\/de\/vom-welpenfutter-zum-normalen-futter-wechseln\/"},"modified":"2024-11-05T12:10:47","modified_gmt":"2024-11-05T12:10:47","slug":"vom-welpenfutter-zum-normalen-futter-wechseln","status":"publish","type":"page","link":"https:\/\/bozita.com\/de\/hundefutter\/ernahrung-and-diat\/vom-welpenfutter-zum-normalen-futter-wechseln\/","title":{"rendered":"Vom Welpenfutter zum normalen Futter wechseln"},"content":{"rendered":"\t\t<section class=\"small-hero\">\n\t\t\t<div class=\"container\">\n\t\t\t\t<h1 class=\"small-hero-title\">Vom Welpenfutter zum normalen Futter wechseln<\/h1>\t\t\t<\/div>\n\t\t\t<\/div>\n\t\t<\/section>\n\t\n\n\t<div class=\"text-box-warp\">\n\t\t<div class=\"container\">\n\t\t\t<div class=\"text-content\">\n\t\t\t\t<p>Sobald der Hund die Widerristh\u00f6he und sein volles Gewicht erreicht hat, wird er rein physisch als ausgewachsen angesehen. Nun ist es an der Zeit, vom Welpenfutter zum normalen Hundefutter zu wechseln. Der \u00dcbergang sollte langsam erfolgen, sodass der Verdauungsapparat des Hundes nicht \u00fcberfordert wird.<\/p>\n\t\t\t<\/div>\n\t\t<\/div>\n\t<\/div>\n\n\n\t<section class=\"media-object-wrap\">\n\t\t<div class=\"container\">\n\t\t\t<div class=\"media-object\">\n\t\t\t\t<div class=\"row row-eq-height align-items-stretch\">\n\t\t\t\t\t<div class=\"col-md-5\">\n\t\t\t\t\t\t\t\t\t\t\t\t\t<img decoding=\"async\" src=\"https:\/\/bozita.com\/de\/wp-content\/uploads\/sites\/8\/2024\/11\/shutterstock_596342315-scaled.jpg\" alt=\"\">\n\t\t\t\t\t\t\t\t\t\t\t\t<\/div>\n\t\t\t\t\t<div class=\"col-md-7 d-flex align-items-center\">\n\t\t\t\t\t\t<div class=\"media-content\">\n\t\t\t\t\t\t<p><strong>WANN SOLLTE MAN VOM WELPENFUTTER ZUM NORMALEN FUTTER WECHSELN?<\/strong><\/p>\n<p>Der Wechsel vom Welpenfutter zu normalem Hundefutter sollte erfolgen, sobald der Hund ausgewachsen ist. Ein Hund wird als ausgewachsen (physisch, nicht mental) angesehen, sobald er seine Widerristh\u00f6he und sein volles Gewicht erreicht hat. Wann dies soweit ist, h\u00e4ngt von der jeweiligen Rasse ab. Es k\u00f6nnen mehrere Monate dazwischen liegen, wann besonders kleine Hunde im Vergleich zu richtig gro\u00dfen Hunden ihre ausgewachsene Gr\u00f6\u00dfe erreichen.<\/p>\n<p>Zwerghunde, kleine und mittelgro\u00dfe Hunde wie beispielsweise Chihuahua und Springer Spaniel erreichen ihre volle Widerristh\u00f6he sowie ihr Erwachsenengewicht in einem Alter von 8 bis 12 Monaten. Gro\u00dfe Rassen wie Labrador Retriever und Golden Retriever sind erst etwas sp\u00e4ter, etwa zwischen dem 12. und 15. Lebensmonat, ausgewachsen. Und richtig gro\u00dfe Rassen \u2013 Deutsche Dogge, Neufundl\u00e4nder und andere \u2013 ben\u00f6tigen 18 bis 24 Monate, um ihre wesentlich gr\u00f6\u00dfere Widerristh\u00f6he und ihr endg\u00fcltiges Gewicht zu erreichen.<\/p>\n\t\t\t\t\t\t<\/div>\n\t\t\t\t\t<\/div>\n\t\t\t\t<\/div>\n\t\t\t<\/div>\n\t\t<\/div>\n\t<\/section>\n   \n\n\n\t<div class=\"text-box-warp\">\n\t\t<div class=\"container\">\n\t\t\t<div class=\"text-content\">\n\t\t\t\t<p><strong>GEW\u00d6HNE DEINEN HUND SCHRITT F\u00dcR SCHRITT AN DAS NEUE FUTTER<\/strong><\/p>\n<p>Um Magenprobleme (beispielsweise Durchfall) zu vermeiden, sollte der \u00dcbergang vom Welpenfutter zu normalem Futter schrittweise erfolgen, sodass der Verdauungsapparat gen\u00fcgend Zeit hat, um sich an das neue Futter zu gew\u00f6hnen. Zu Beginn solltest du in einem Zeitraum von 14 bis 28 Tagen lediglich kleine Mengen des Welpenfutters mit normalem Futter ersetzen. Erh\u00f6he den Anteil an normalem Futter jeden zweiten Tag, bis du letztendlich ausschlie\u00dflich normales Futter anbietest.<\/p>\n<p><strong>NASSFUTTER BIETET NEUE GESCHMACKSERLEBNISSE UND IST EINE IDEALE FL\u00dcSSIGKEITSQUELLE<\/strong><\/p>\n<p>Hunde ben\u00f6tigen nicht unbedingt abwechslungsreiche Nahrung. Ist dein Hund gesund und munter, brauchst du das Futter in den meisten F\u00e4llen nicht zu wechseln. M\u00f6chtest du ihm dennoch neue Geschmacks- und Konsistenzerlebnisse bieten, kannst du Teile des Trockenfutters mit Nassfutter in unterschiedlichen Geschmacksrichtungen austauschen. Nassfutter dient zudem als ideale Fl\u00fcssigkeitsquelle und eignet sich besonders gut, wenn du etwas mehr Fl\u00fcssigkeit anbieten m\u00f6chtest, zum Beispiel in Verbindung mit schwerer Arbeit oder warmen Temperaturen.<\/p>\n<p>&nbsp;<\/p>\n\t\t\t<\/div>\n\t\t<\/div>\n\t<\/div>\n\n\n\t<section class=\"block section-promos\">\n\t\t<div class=\"container\">\n\t\t\t<div class=\"row\">\n\t\t\t\t\t\t\t\t\t\t<div class=\" col-md-6 condensed_V1\">\n\t\t\t\t\t\t\t<div class=\"card\">\n\t\t\t\t\t\t\t\t\t\t\t\t\t\t\t\t\t<img decoding=\"async\" class=\"card-img-top\" src=\"https:\/\/bozita.com\/de\/wp-content\/uploads\/sites\/8\/2021\/08\/bozita-robur-hundfoder-torrfoder.jpg\" alt=\"\">\n\t\t\t\t\t\t\t\t\t\t\t\t\t\t\t\t<div class=\"card-body\">\n\t\t\t\t\t\t\t\t\t<h5 class=\"card-title\">BOZITA ROBUR &#8211; GLUTENFREIES SUPER-PREMIUM-HUNDEFUTTER<\/h5>\n\t\t\t\t\t\t\t\t\t<p class=\"card-text\">Bozita Robur ist ein schwedisches, glutenfreies Super-Premium-Futter f\u00fcr hohe Leistung und gesunde Verdauung. Hunde, die Bozita Robur fressen, haben die Kraft, sich allem zu stellen.<\/p>\n\t\t\t\t\t\t\t\t\t\t\t\t\t\t\t\t\t<\/div>\n\t\t\t\t\t\t\t<\/div>\n\t\t\t\t\t\t<\/div>\n\t\t\t\t\t\t\t\t\t\t\t\t<div class=\" col-md-6 condensed_V1\">\n\t\t\t\t\t\t\t<div class=\"card\">\n\t\t\t\t\t\t\t\t\t\t\t\t\t\t\t\t\t<img decoding=\"async\" class=\"card-img-top\" src=\"https:\/\/bozita.com\/de\/wp-content\/uploads\/sites\/8\/2021\/08\/bozita-torrfoder-vatfoder.jpg\" alt=\"\">\n\t\t\t\t\t\t\t\t\t\t\t\t\t\t\t\t<div class=\"card-body\">\n\t\t\t\t\t\t\t\t\t<h5 class=\"card-title\">BOZITA &#8211; SCHWEDISCHES QUALIT\u00c4TSFUTTER<\/h5>\n\t\t\t\t\t\t\t\t\t<p class=\"card-text\">Bozita ist schwedisches Qualit\u00e4tsfutter f\u00fcr aktive Hunde. Das Sortiment umfasst sowohl Trockenfutter als auch Nassfutter f\u00fcr Hunde jeden Alters und jeder Gr\u00f6\u00dfe. Du findest hier auch weizen- und getreidefreies Futter sowie Futter, das speziell f\u00fcr Hunde mit empfindlicher Haut oder empfindlichem Magen entwickelt wurde.<\/p>\n\t\t\t\t\t\t\t\t\t\t\t\t\t\t\t\t\t<\/div>\n\t\t\t\t\t\t\t<\/div>\n\t\t\t\t\t\t<\/div>\n\t\t\t\t\t\t\t\t\t<\/div>\n\t\t<\/div>\n\t<\/section>\n\n\n<section class=\"block product-promos\">\n\t<div class=\"container\">\n\t\t<div class=\"row align-items-center\">\n\t\t\t<div class=\"col-md-5\">\n\t\t\t\t<div class=\"prdt__promos-heading\">\n\t\t\t\t\t<h3>\n\t\t\t\t\t\tEinige Favoriten\t\t\t\t\t<\/h3>\n\t\t\t\t\t\t\t\t\t\t\t<span><a class=\"btn btn-primary\" href=\"https:\/\/bozita.com\/de\/hundefutter\/\" target=\"\">Produkte ansehen<\/a><\/span>\n\t\t\t\t\t\t\t\t\t\t<\/div>\n\t\t\t<\/div>\n\t\t\t<div class=\"col-md-7\">\n\t\t\t\t\t\t\t\t\t<div class=\"owl-carousel owl-theme product-promo-carousel\">\n\t\t\t\t\t\t\t\t\t\t\t\t\t<a href=\"https:\/\/bozita.com\/de\/hundefutter\/bozita-flavour-plus\/\">\n\t\t\t\t\t\t\t\t<div class=\"blk__prdt-item\">\n\t\t\t\t\t\t\t\t\t<figure>\n\t\t\t\t\t\t\t\t\t\t<img loading=\"lazy\" decoding=\"async\" width=\"1300\" height=\"1300\" src=\"https:\/\/bozita.com\/de\/wp-content\/uploads\/sites\/8\/2021\/08\/41423-1-Bozita-Original-Adult-Flavour-Plus-3kg-Bag.png\" class=\"attachment-post-thumbnail size-post-thumbnail wp-post-image\" alt=\"BOZITA ORIGINAL FLAVOUR PLUS WEIZENFREI\" srcset=\"https:\/\/bozita.com\/de\/wp-content\/uploads\/sites\/8\/2021\/08\/41423-1-Bozita-Original-Adult-Flavour-Plus-3kg-Bag.png 1300w, https:\/\/bozita.com\/de\/wp-content\/uploads\/sites\/8\/2021\/08\/41423-1-Bozita-Original-Adult-Flavour-Plus-3kg-Bag-300x300.png 300w, https:\/\/bozita.com\/de\/wp-content\/uploads\/sites\/8\/2021\/08\/41423-1-Bozita-Original-Adult-Flavour-Plus-3kg-Bag-1024x1024.png 1024w, https:\/\/bozita.com\/de\/wp-content\/uploads\/sites\/8\/2021\/08\/41423-1-Bozita-Original-Adult-Flavour-Plus-3kg-Bag-150x150.png 150w, https:\/\/bozita.com\/de\/wp-content\/uploads\/sites\/8\/2021\/08\/41423-1-Bozita-Original-Adult-Flavour-Plus-3kg-Bag-768x768.png 768w\" sizes=\"(max-width: 1300px) 100vw, 1300px\" \/>\t\t\t\t\t\t\t\t\t\t\t\t\t\t\t\t\t\t\t<\/figure>\n\t\t\t\t\t\t\t\t\t<h4 class=\"carousel-title\"><\/h4>\n\t\t\t\t\t\t\t\t\t<span class=\"carousel-category\">BOZITA ORIGINAL FLAVOUR PLUS WEIZENFREI<\/span>\n\t\t\t\t\t\t\t\t\t  \n\t\t\t\t\t\t\t\t\t<ul class=\"category-list\">\n\t\t\t\t\t\t\t\t\t\t\t\t\t\t\t\t\t\t\t\t\t\t\t<li class=\"svg-image\">\n\t\t\t\t\t\t\t\t\t\t\t\t\t\t<img decoding=\"async\" src=\"https:\/\/bozita.com\/de\/wp-content\/uploads\/sites\/8\/2021\/06\/icon-wheat-free.svg\" \/>\n\t\t\t\t\t\t\t\t\t\t\t\t\t<\/li>\n\t\t\t\t\t\t\t\t\t\t\t\t\t\t\t\t\t\t\t\t\t\t\t\t\t\t\t\t\t\t\t\t\t\t\t\t<li class=\"svg-image\">\n\t\t\t\t\t\t\t\t\t\t\t\t\t\t<img decoding=\"async\" src=\"https:\/\/bozita.com\/de\/wp-content\/uploads\/sites\/8\/2021\/06\/icon-flavour-chicken.svg\" \/>\n\t\t\t\t\t\t\t\t\t\t\t\t\t<\/li>\n\t\t\t\t\t\t\t\t\t\t\t\t\t\t\t\t\t\t\t\t\t\t\t\t\t\t<li class=\"svg-image\">\n\t\t\t\t\t\t\t\t\t\t\t\t\t\t<img decoding=\"async\" src=\"https:\/\/bozita.com\/de\/wp-content\/uploads\/sites\/8\/2021\/06\/icon-flavour-reindeer.svg\" \/>\n\t\t\t\t\t\t\t\t\t\t\t\t\t<\/li>\n\t\t\t\t\t\t\t\t\t\t\t\t\t\t\t\t\t\t\t\t\t\t<\/ul>       \n\n\t\t\t\t\t\t\t\t<\/div>\n\t\t\t\t\t\t\t<\/a>\n\t\t\t\t\t\t\t\t\t\t\t\t\t\t\t\t\t\t\t\t<a href=\"https:\/\/bozita.com\/de\/hundefutter\/bozita-original\/\">\n\t\t\t\t\t\t\t\t<div class=\"blk__prdt-item\">\n\t\t\t\t\t\t\t\t\t<figure>\n\t\t\t\t\t\t\t\t\t\t<img loading=\"lazy\" decoding=\"async\" width=\"1300\" height=\"1300\" src=\"https:\/\/bozita.com\/de\/wp-content\/uploads\/sites\/8\/2021\/08\/41223-1-Bozita-Original-Adult-Classic-3kg-Bag_23-Protein.png\" class=\"attachment-post-thumbnail size-post-thumbnail wp-post-image\" alt=\"BOZITA ORIGINAL ADULT CLASSIC\" srcset=\"https:\/\/bozita.com\/de\/wp-content\/uploads\/sites\/8\/2021\/08\/41223-1-Bozita-Original-Adult-Classic-3kg-Bag_23-Protein.png 1300w, https:\/\/bozita.com\/de\/wp-content\/uploads\/sites\/8\/2021\/08\/41223-1-Bozita-Original-Adult-Classic-3kg-Bag_23-Protein-300x300.png 300w, https:\/\/bozita.com\/de\/wp-content\/uploads\/sites\/8\/2021\/08\/41223-1-Bozita-Original-Adult-Classic-3kg-Bag_23-Protein-1024x1024.png 1024w, https:\/\/bozita.com\/de\/wp-content\/uploads\/sites\/8\/2021\/08\/41223-1-Bozita-Original-Adult-Classic-3kg-Bag_23-Protein-150x150.png 150w, https:\/\/bozita.com\/de\/wp-content\/uploads\/sites\/8\/2021\/08\/41223-1-Bozita-Original-Adult-Classic-3kg-Bag_23-Protein-768x768.png 768w\" sizes=\"(max-width: 1300px) 100vw, 1300px\" \/>\t\t\t\t\t\t\t\t\t\t\t\t\t\t\t\t\t\t\t<\/figure>\n\t\t\t\t\t\t\t\t\t<h4 class=\"carousel-title\"><\/h4>\n\t\t\t\t\t\t\t\t\t<span class=\"carousel-category\">BOZITA ORIGINAL ADULT CLASSIC<\/span>\n\t\t\t\t\t\t\t\t\t  \n\t\t\t\t\t\t\t\t\t<ul class=\"category-list\">\n\t\t\t\t\t\t\t\t\t\t\t\t\t\t\t\t\t\t\t\t\t\t\t\t\t\t\t\t\t\t\t\t\t<li class=\"svg-image\">\n\t\t\t\t\t\t\t\t\t\t\t\t\t\t<img decoding=\"async\" src=\"https:\/\/bozita.com\/de\/wp-content\/uploads\/sites\/8\/2021\/06\/icon-flavour-chicken.svg\" \/>\n\t\t\t\t\t\t\t\t\t\t\t\t\t<\/li>\n\t\t\t\t\t\t\t\t\t\t\t\t\t\t\t\t\t\t\t\t\t\t<\/ul>       \n\n\t\t\t\t\t\t\t\t<\/div>\n\t\t\t\t\t\t\t<\/a>\n\t\t\t\t\t\t\t\t\t\t\t\t\t\t\t\t\t\t\t\t\t\t\t\t\t\t\t<a href=\"https:\/\/bozita.com\/de\/hundefutter\/bozita-robur-adult-maintenance-old\/\">\n\t\t\t\t\t\t\t\t<div class=\"blk__prdt-item\">\n\t\t\t\t\t\t\t\t\t<figure>\n\t\t\t\t\t\t\t\t\t\t<img loading=\"lazy\" decoding=\"async\" width=\"1000\" height=\"1000\" src=\"https:\/\/bozita.com\/de\/wp-content\/uploads\/sites\/8\/2021\/05\/adult-maintenance.jpg\" class=\"attachment-post-thumbnail size-post-thumbnail wp-post-image\" alt=\"BOZITA ROBUR ADULT MAINTENANCE\" srcset=\"https:\/\/bozita.com\/de\/wp-content\/uploads\/sites\/8\/2021\/05\/adult-maintenance.jpg 1000w, https:\/\/bozita.com\/de\/wp-content\/uploads\/sites\/8\/2021\/05\/adult-maintenance-300x300.jpg 300w, https:\/\/bozita.com\/de\/wp-content\/uploads\/sites\/8\/2021\/05\/adult-maintenance-150x150.jpg 150w, https:\/\/bozita.com\/de\/wp-content\/uploads\/sites\/8\/2021\/05\/adult-maintenance-768x768.jpg 768w\" sizes=\"(max-width: 1000px) 100vw, 1000px\" \/>\t\t\t\t\t\t\t\t\t\t\t\t\t\t\t\t\t\t\t<\/figure>\n\t\t\t\t\t\t\t\t\t<h4 class=\"carousel-title\"><\/h4>\n\t\t\t\t\t\t\t\t\t<span class=\"carousel-category\">BOZITA ROBUR ADULT MAINTENANCE<\/span>\n\t\t\t\t\t\t\t\t\t  \n\t\t\t\t\t\t\t\t\t<ul class=\"category-list\">\n\t\t\t\t\t\t\t\t\t\t\t\t\t\t\t\t\t\t\t\t\t\t\t<li class=\"svg-image\">\n\t\t\t\t\t\t\t\t\t\t\t\t\t\t<img decoding=\"async\" src=\"https:\/\/bozita.com\/de\/wp-content\/uploads\/sites\/8\/2021\/06\/icon-wheat-free.svg\" \/>\n\t\t\t\t\t\t\t\t\t\t\t\t\t<\/li>\n\t\t\t\t\t\t\t\t\t\t\t\t\t\t\t\t\t\t\t\t\t\t\t\t\t\t\t\t\t\t\t\t\t\t\t\t<li class=\"svg-image\">\n\t\t\t\t\t\t\t\t\t\t\t\t\t\t<img decoding=\"async\" src=\"https:\/\/bozita.com\/de\/wp-content\/uploads\/sites\/8\/2021\/06\/icon-flavour-chicken.svg\" \/>\n\t\t\t\t\t\t\t\t\t\t\t\t\t<\/li>\n\t\t\t\t\t\t\t\t\t\t\t\t\t\t\t\t\t\t\t\t\t\t<\/ul>       \n\n\t\t\t\t\t\t\t\t<\/div>\n\t\t\t\t\t\t\t<\/a>\n\t\t\t\t\t\t\t\t\t\t\t\t\t\t\t\t\t\t\t\t<a href=\"https:\/\/bozita.com\/de\/hundefutter\/bozita-robur-sensitive-single-protein-lamb-rice-old\/\">\n\t\t\t\t\t\t\t\t<div class=\"blk__prdt-item\">\n\t\t\t\t\t\t\t\t\t<figure>\n\t\t\t\t\t\t\t\t\t\t<img loading=\"lazy\" decoding=\"async\" width=\"400\" height=\"457\" src=\"https:\/\/bozita.com\/de\/wp-content\/uploads\/sites\/8\/2021\/08\/2034-bozita-roburt-sensitive-single-protein-lamb-rice.png\" class=\"attachment-post-thumbnail size-post-thumbnail wp-post-image\" alt=\"Bozita Robur Sensitive Single Protein Lamb &#038; Rice\" srcset=\"https:\/\/bozita.com\/de\/wp-content\/uploads\/sites\/8\/2021\/08\/2034-bozita-roburt-sensitive-single-protein-lamb-rice.png 400w, https:\/\/bozita.com\/de\/wp-content\/uploads\/sites\/8\/2021\/08\/2034-bozita-roburt-sensitive-single-protein-lamb-rice-263x300.png 263w\" sizes=\"(max-width: 400px) 100vw, 400px\" \/>\t\t\t\t\t\t\t\t\t\t\t\t\t\t\t\t\t\t\t<\/figure>\n\t\t\t\t\t\t\t\t\t<h4 class=\"carousel-title\"><\/h4>\n\t\t\t\t\t\t\t\t\t<span class=\"carousel-category\">Bozita Robur Sensitive Single Protein Lamb &#038; Rice<\/span>\n\t\t\t\t\t\t\t\t\t  \n\t\t\t\t\t\t\t\t\t<ul class=\"category-list\">\n\t\t\t\t\t\t\t\t\t\t\t\t\t\t\t\t\t\t\t\t\t\t\t<li class=\"svg-image\">\n\t\t\t\t\t\t\t\t\t\t\t\t\t\t<img decoding=\"async\" src=\"https:\/\/bozita.com\/de\/wp-content\/uploads\/sites\/8\/2021\/06\/icon-wheat-free.svg\" \/>\n\t\t\t\t\t\t\t\t\t\t\t\t\t<\/li>\n\t\t\t\t\t\t\t\t\t\t\t\t\t\t\t\t\t\t\t\t\t\t\t\t\t\t\t\t\t\t\t\t\t\t\t\t<li class=\"svg-image\">\n\t\t\t\t\t\t\t\t\t\t\t\t\t\t<img decoding=\"async\" src=\"https:\/\/bozita.com\/de\/wp-content\/uploads\/sites\/8\/2021\/06\/icon-flavour-lamb.svg\" \/>\n\t\t\t\t\t\t\t\t\t\t\t\t\t<\/li>\n\t\t\t\t\t\t\t\t\t\t\t\t\t\t\t\t\t\t\t\t\t\t<\/ul>       \n\n\t\t\t\t\t\t\t\t<\/div>\n\t\t\t\t\t\t\t<\/a>\n\t\t\t\t\t\t\t\t\t\t\t\t\t\t\t\t\t\t<\/div>\n\t\t\t\t\t\t\t<\/div>\n\t\t<\/div>\n\t<\/div>\n<\/section>\n<script>\njQuery(document).ready(function($) {\n\tjQuery('.product-promo-carousel').owlCarousel({\n\tloop: true,\n\tmargin: 10,\n\tresponsiveClass: true,\n\tresponsive: {\n\t\t0: {\n\t\titems: 1,\n\t\tnav: true\n\t\t},\n\t\t600: {\n\t\titems: 1,\n\t\tnav: true\n\t\t},\n\t\t1000: {\n\t\titems: 2,\n\t\tnav: true,\n\t\t}\n\t}\n\t})\n\tjQuery(\".owl-prev\").html('<span><<\/span>');\n\tjQuery(\".owl-next\").html('<span>><\/span>');\n\n\tvar slider = jQuery('.promo-slider-list');\n\tslider.owlCarousel();\n\tjQuery('.nextbtn-a').click(function() {\n\tslider.trigger('next.owl.carousel');\n\t})\n\t\/\/ Go to the previous item\n\tjQuery('.prebtn-a').click(function() {\n\tslider.trigger('prev.owl.carousel', [300]);\n\t})\n});\n<\/script>\n\n\n\n\t<section class=\"block related-articles\">\n\t\t<div class=\"container\">\n\t\t\t<h2>Entdecke weitere Artikel<\/h2>\n\t\t\t<div class=\"row justify-content-center\">\n\t\t\t\t\t\t\t\t\t\t<div class=\"col-sm-6 col-md-6 col-lg-3\">\n\t\t\t\t\t\t\t\t\t\t\t\t\t\t<div class=\"card \">\n\t\t\t\t\t\t\t\t\t\t\t\t\t\t\t\t\t<img decoding=\"async\"  src=\"https:\/\/bozita.com\/de\/wp-content\/uploads\/sites\/8\/2021\/08\/bozita-utfodring-tik-draktig-digivande.jpeg\" alt=\"\">\n\t\t\t\t\t\t\t\t\t\t\t\t\t\t\t\t\t<!-- <img decoding=\"async\" src=\"\n\t\t\t\t\t\t\t\t\t\t\t\t\t\t\t\t\t\t\t\t\" alt=\"\n\t\t\t\t\t\t\t\t\t\t\t\t\t\t\t\t\t\t\t\t\t\t\t\t\t\t\t\"> -->\n\t\t\t\t\t\t\t\t<div class=\"card-body\">\n\t\t\t\t\t\t\t\t\t\t\t\t\t\t\t\t\t\t\t<h6>F\u00fctterung schwangerer und stillender H\u00fcndinnen<\/h6>\n\t\t\t\t\t\t\t\t\t\t\t\t\t\t\t\t\t\t\t<a href=\"https:\/\/bozita.com\/de\/hundefutter\/ernahrung-and-diat\/futterung-schwangerer-und-stillender-hundinnen\/\">Weiterlesen &nbsp; ><\/a>\n\t\t\t\t\t\t\t\t<\/div>\n\t\t\t\t\t\t\t<\/div>\n\t\t\t\t\t\t<\/div>\n\n\t\t\t\t\t\t\t\t\t\t\t<div class=\"col-sm-6 col-md-6 col-lg-3\">\n\t\t\t\t\t\t\t\t\t\t\t\t\t\t<div class=\"card \">\n\t\t\t\t\t\t\t\t\t\t\t\t\t\t\t\t\t<img decoding=\"async\"  src=\"https:\/\/bozita.com\/de\/wp-content\/uploads\/sites\/8\/2021\/08\/bozita_swedish-natural-quality.jpg\" alt=\"\">\n\t\t\t\t\t\t\t\t\t\t\t\t\t\t\t\t\t<!-- <img decoding=\"async\" src=\"\n\t\t\t\t\t\t\t\t\t\t\t\t\t\t\t\t\t\t\t\t\" alt=\"\n\t\t\t\t\t\t\t\t\t\t\t\t\t\t\t\t\t\t\t\t\t\t\t\t\t\t\t\"> -->\n\t\t\t\t\t\t\t\t<div class=\"card-body\">\n\t\t\t\t\t\t\t\t\t\t\t\t\t\t\t\t\t\t\t<h6>Hundefutter f\u00fcr empfindliche M\u00e4gen<\/h6>\n\t\t\t\t\t\t\t\t\t\t\t\t\t\t\t\t\t\t\t<a href=\"https:\/\/bozita.com\/de\/hundefutter\/ernahrung-and-diat\/hundefutter-fur-empfindliche-magen\/\">Weiterlesen &nbsp; ><\/a>\n\t\t\t\t\t\t\t\t<\/div>\n\t\t\t\t\t\t\t<\/div>\n\t\t\t\t\t\t<\/div>\n\n\t\t\t\t\t\t\t\t\t\t\t<div class=\"col-sm-6 col-md-6 col-lg-3\">\n\t\t\t\t\t\t\t\t\t\t\t\t\t\t<div class=\"card \">\n\t\t\t\t\t\t\t\t\t\t\t\t\t\t\t\t\t<img decoding=\"async\"  src=\"https:\/\/bozita.com\/de\/wp-content\/uploads\/sites\/8\/2021\/08\/bozita_swedish-natural-quality.jpg\" alt=\"\">\n\t\t\t\t\t\t\t\t\t\t\t\t\t\t\t\t\t<!-- <img decoding=\"async\" src=\"\n\t\t\t\t\t\t\t\t\t\t\t\t\t\t\t\t\t\t\t\t\" alt=\"\n\t\t\t\t\t\t\t\t\t\t\t\t\t\t\t\t\t\t\t\t\t\t\t\t\t\t\t\"> -->\n\t\t\t\t\t\t\t\t<div class=\"card-body\">\n\t\t\t\t\t\t\t\t\t\t\t\t\t\t\t\t\t\t\t<h6>Was essen Hunde? Wie viel sollte ein Hund fressen?<\/h6>\n\t\t\t\t\t\t\t\t\t\t\t\t\t\t\t\t\t\t\t<a href=\"https:\/\/bozita.com\/de\/hundefutter\/ernahrung-and-diat\/was-und-wie-viel-sollte-ein-hund-am-tag-fressen\/\">Weiterlesen &nbsp; ><\/a>\n\t\t\t\t\t\t\t\t<\/div>\n\t\t\t\t\t\t\t<\/div>\n\t\t\t\t\t\t<\/div>\n\n\t\t\t\t\t\t\t\t\t\t\t\t<\/div>\n\t\t<\/div>\n\t<\/section>\n","protected":false},"excerpt":{"rendered":"","protected":false},"author":1,"featured_media":7020,"parent":7043,"menu_order":0,"comment_status":"closed","ping_status":"closed","template":"guternberg.php","meta":{"footnotes":""},"acf":[],"yoast_head":"<!-- This site is optimized with the Yoast SEO plugin v21.3 - https:\/\/yoast.com\/wordpress\/plugins\/seo\/ -->\n<title>Vom Welpenfutter zum normalen Futter wechseln | Bozita DE<\/title>\n<meta name=\"description\" content=\"Wann ist ein Hund ausgewachsen? Wann sollte man vom Welpenfutter zum normalen Hundefutter wechseln? Bei all diesen Fragen hilft Ihnen Bozita.\" \/>\n<meta name=\"robots\" content=\"index, follow, max-snippet:-1, max-image-preview:large, max-video-preview:-1\" \/>\n<link rel=\"canonical\" href=\"https:\/\/bozita.com\/de\/hundefutter\/ernahrung-and-diat\/vom-welpenfutter-zum-normalen-futter-wechseln\/\" \/>\n<meta property=\"og:locale\" content=\"de_DE\" \/>\n<meta property=\"og:type\" content=\"article\" \/>\n<meta property=\"og:title\" content=\"Vom Welpenfutter zum normalen Futter wechseln | Bozita DE\" \/>\n<meta property=\"og:description\" content=\"Wann ist ein Hund ausgewachsen? Wann sollte man vom Welpenfutter zum normalen Hundefutter wechseln? Bei all diesen Fragen hilft Ihnen Bozita.\" \/>\n<meta property=\"og:url\" content=\"https:\/\/bozita.com\/de\/hundefutter\/ernahrung-and-diat\/vom-welpenfutter-zum-normalen-futter-wechseln\/\" \/>\n<meta property=\"og:site_name\" content=\"Bozita DE\" \/>\n<meta property=\"article:modified_time\" content=\"2024-11-05T12:10:47+00:00\" \/>\n<meta property=\"og:image\" content=\"https:\/\/bozita.com\/de\/wp-content\/uploads\/sites\/8\/2021\/08\/bozita-hund-byta-valpfoder-vuxenfoder.jpeg\" \/>\n\t<meta property=\"og:image:width\" content=\"800\" \/>\n\t<meta property=\"og:image:height\" content=\"532\" \/>\n\t<meta property=\"og:image:type\" content=\"image\/jpeg\" \/>\n<meta name=\"twitter:card\" content=\"summary_large_image\" \/>\n<!-- \/ Yoast SEO plugin. -->","yoast_head_json":{"title":"Vom Welpenfutter zum normalen Futter wechseln | Bozita DE","description":"Wann ist ein Hund ausgewachsen? Wann sollte man vom Welpenfutter zum normalen Hundefutter wechseln? Bei all diesen Fragen hilft Ihnen Bozita.","robots":{"index":"index","follow":"follow","max-snippet":"max-snippet:-1","max-image-preview":"max-image-preview:large","max-video-preview":"max-video-preview:-1"},"canonical":"https:\/\/bozita.com\/de\/hundefutter\/ernahrung-and-diat\/vom-welpenfutter-zum-normalen-futter-wechseln\/","og_locale":"de_DE","og_type":"article","og_title":"Vom Welpenfutter zum normalen Futter wechseln | Bozita DE","og_description":"Wann ist ein Hund ausgewachsen? Wann sollte man vom Welpenfutter zum normalen Hundefutter wechseln? Bei all diesen Fragen hilft Ihnen Bozita.","og_url":"https:\/\/bozita.com\/de\/hundefutter\/ernahrung-and-diat\/vom-welpenfutter-zum-normalen-futter-wechseln\/","og_site_name":"Bozita DE","article_modified_time":"2024-11-05T12:10:47+00:00","og_image":[{"width":800,"height":532,"url":"https:\/\/bozita.com\/de\/wp-content\/uploads\/sites\/8\/2021\/08\/bozita-hund-byta-valpfoder-vuxenfoder.jpeg","type":"image\/jpeg"}],"twitter_card":"summary_large_image","schema":{"@context":"https:\/\/schema.org","@graph":[{"@type":"WebPage","@id":"https:\/\/bozita.com\/de\/hundefutter\/ernahrung-and-diat\/vom-welpenfutter-zum-normalen-futter-wechseln\/","url":"https:\/\/bozita.com\/de\/hundefutter\/ernahrung-and-diat\/vom-welpenfutter-zum-normalen-futter-wechseln\/","name":"Vom Welpenfutter zum normalen Futter wechseln | Bozita DE","isPartOf":{"@id":"https:\/\/bozita.com\/de\/#website"},"datePublished":"2021-08-12T17:53:55+00:00","dateModified":"2024-11-05T12:10:47+00:00","description":"Wann ist ein Hund ausgewachsen? Wann sollte man vom Welpenfutter zum normalen Hundefutter wechseln? Bei all diesen Fragen hilft Ihnen Bozita.","breadcrumb":{"@id":"https:\/\/bozita.com\/de\/hundefutter\/ernahrung-and-diat\/vom-welpenfutter-zum-normalen-futter-wechseln\/#breadcrumb"},"inLanguage":"de","potentialAction":[{"@type":"ReadAction","target":["https:\/\/bozita.com\/de\/hundefutter\/ernahrung-and-diat\/vom-welpenfutter-zum-normalen-futter-wechseln\/"]}]},{"@type":"BreadcrumbList","@id":"https:\/\/bozita.com\/de\/hundefutter\/ernahrung-and-diat\/vom-welpenfutter-zum-normalen-futter-wechseln\/#breadcrumb","itemListElement":[{"@type":"ListItem","position":1,"name":"Startseite","item":"https:\/\/bozita.com\/de\/"},{"@type":"ListItem","position":2,"name":"Hundefutter &#8211; In Schweden hergestellt und nat\u00fcrlich","item":"https:\/\/bozita.com\/de\/hundefutter\/"},{"@type":"ListItem","position":3,"name":"Ern\u00e4hrung und Di\u00e4t","item":"https:\/\/bozita.com\/de\/hundefutter\/ernahrung-and-diat\/"},{"@type":"ListItem","position":4,"name":"Vom Welpenfutter zum normalen Futter wechseln"}]},{"@type":"WebSite","@id":"https:\/\/bozita.com\/de\/#website","url":"https:\/\/bozita.com\/de\/","name":"Bozita DE","description":"","potentialAction":[{"@type":"SearchAction","target":{"@type":"EntryPoint","urlTemplate":"https:\/\/bozita.com\/de\/?s={search_term_string}"},"query-input":"required name=search_term_string"}],"inLanguage":"de"}]}},"_links":{"self":[{"href":"https:\/\/bozita.com\/de\/wp-json\/wp\/v2\/pages\/7019"}],"collection":[{"href":"https:\/\/bozita.com\/de\/wp-json\/wp\/v2\/pages"}],"about":[{"href":"https:\/\/bozita.com\/de\/wp-json\/wp\/v2\/types\/page"}],"author":[{"embeddable":true,"href":"https:\/\/bozita.com\/de\/wp-json\/wp\/v2\/users\/1"}],"replies":[{"embeddable":true,"href":"https:\/\/bozita.com\/de\/wp-json\/wp\/v2\/comments?post=7019"}],"version-history":[{"count":16,"href":"https:\/\/bozita.com\/de\/wp-json\/wp\/v2\/pages\/7019\/revisions"}],"predecessor-version":[{"id":29170,"href":"https:\/\/bozita.com\/de\/wp-json\/wp\/v2\/pages\/7019\/revisions\/29170"}],"up":[{"embeddable":true,"href":"https:\/\/bozita.com\/de\/wp-json\/wp\/v2\/pages\/7043"}],"wp:featuredmedia":[{"embeddable":true,"href":"https:\/\/bozita.com\/de\/wp-json\/wp\/v2\/media\/7020"}],"wp:attachment":[{"href":"https:\/\/bozita.com\/de\/wp-json\/wp\/v2\/media?parent=7019"}],"curies":[{"name":"wp","href":"https:\/\/api.w.org\/{rel}","templated":true}]}}