{"id":7021,"date":"2021-08-11T17:37:28","date_gmt":"2021-08-11T17:37:28","guid":{"rendered":"https:\/\/bozita.com\/de\/der-naturliche-weg-zum-wohlbefinden\/"},"modified":"2025-02-18T14:29:28","modified_gmt":"2025-02-18T14:29:28","slug":"der-naturliche-weg-zum-wohlbefinden","status":"publish","type":"page","link":"https:\/\/bozita.com\/de\/der-naturliche-weg-zum-wohlbefinden\/","title":{"rendered":"DER NAT\u00dcRLICHE WEG ZUM WOHLBEFINDEN"},"content":{"rendered":"\n<section class=\"block video\">\n\t<img decoding=\"async\" id=\"videoImg\" src=\"https:\/\/bozita.com\/de\/wp-content\/uploads\/sites\/8\/2021\/08\/Anette-Andersson_100320_5628_HIRES@2x-_optimised.png\" alt=\"\">\t\n\t<div class=\"overlay\">\n\t\t<div class=\"container\">\n\t\t\t<div class=\"row\">\n\t\t\t\t<div class=\"col-md-7 col-lg-6\">\n\t\t\t\t\t<h4>SWEDISH NATURAL QUALITY<\/h4>\n\t\t\t\t\t<h1>DER NAT\u00dcRLICHE WEG ZUM WOHLBEFINDEN<\/h1>\n\t\t\t\t\t\t\t\t\t\t<!-- <a class=\"btn btn-default\" href=\"#\"><i class=\"fas fa-play\"><\/i> WATCH THE VIDEO<\/a> -->\n\t\t\t\t\t<button type=\"button\" class=\"btn btn-default video-btn\" data-toggle=\"modal\" data-src=\"https:\/\/www.youtube.com\/embed\/O4jvVbFY51w\"  data-target=\"#myModal\">\n\t\t\t\t\t\t<i class=\"fas fa-play\"><\/i> Schaue Dir das Video an\t\t\t\t\t<\/button>\n\n\t\t\t\t\t<div class=\"modal fade\" id=\"myModal\" tabindex=\"-1\" role=\"dialog\" aria-labelledby=\"exampleModalLabel\" aria-hidden=\"true\">\n\t\t\t\t\t\t<div class=\"modal-dialog modal-dialog-centered\" role=\"document\">\n\t\t\t\t\t\t\t<div class=\"modal-content\">\n\t\t\t\t\t\t\t\t<div class=\"modal-body\">\n\t\t\t\t\t\t\t\t\t<button type=\"button\" class=\"close\" data-dismiss=\"modal\" aria-label=\"Close\">\n\t\t\t\t\t\t\t\t\t\t<span aria-hidden=\"true\">Close X<\/span>\n\t\t\t\t\t\t\t\t\t<\/button>\n\t\t\t\t\t\t\t\t\t<!-- 16:9 aspect ratio -->\n\t\t\t\t\t\t\t\t\t<div class=\"embed-responsive embed-responsive-16by9\">\n\t\t\t\t\t\t\t\t\t\t<iframe class=\"embed-responsive-item\" src=\"\" id=\"video\" allowscriptaccess=\"always\" allow=\"autoplay\"><\/iframe>\n\t\t\t\t\t\t\t\t\t<\/div>\n\t\t\t\t\t\t\t\t<\/div>\n\t\t\t\t\t\t\t<\/div>\n\t\t\t\t\t\t<\/div>\n\t\t\t\t\t<\/div>\n\t\t\t\t<\/div>\n\t\t\t<\/div>\n\n\t\t<\/div>\n\t<\/div>\n<\/section>\n<script>\n\tvar videoImg    = 1;   \n\tvar videoSource = 'https:\/\/www.youtube.com\/embed\/O4jvVbFY51w'; \n<\/script>\n\n\n\t<div class=\"text-box-warp\">\n\t\t<div class=\"container\">\n\t\t\t<div class=\"text-content\">\n\t\t\t\t<h2>SCHWEDISCHE NAT\u00dcRLICHE QUALIT\u00c4T<\/h2>\n<p>F\u00fcr uns ist es mehr als das Futter im Napf. Es geht darum, wie wir handeln und Dinge tun. Wir sehen Katzen und Hunde als unsere lebenslangen Gef\u00e4hrten und glauben daran, dass ihr Wohlbefinden von einer nat\u00fcrlichen gesunden Ern\u00e4hrung und einem aktiven Lebensstil kommt. Unser nat\u00fcrliches Katzen- und Hundefutter wird mit Liebe im Herzen des l\u00e4ndlichen Schwedens zubereitet \u2013 dort, wo gute Qualit\u00e4t nat\u00fcrlich und selbstverst\u00e4ndlich ist. Schweden hat ein reiches Wildleben, einzigartige Fauna und au\u00dferordentlich saubere Luft und Wasser. Durch unseren Respekt f\u00fcr die Tiere und die Natur um uns herum, verwenden wir m\u00f6glichst Rohstoffe aus der nordischen Wildnis und von zuverl\u00e4ssigen schwedischen H\u00f6fen, die unsere Philosophie teilen.<\/p>\n<h2>LEBENSMITTEL ZERTIFIZIERTE K\u00dcCHE<\/h2>\n<p>Wir bei Bozita bem\u00fchen uns um h\u00f6chste Qualit\u00e4t. Daher ist unsere K\u00fcche in V\u00e5rg\u00e5rda seit 2007 lebensmittelzertifiziert nach ISO 22000. ISO 22000 ist ein Standard f\u00fcr das Qualit\u00e4tsmanagement in der Lebensmittelindustrie mit dem Fokus auf Lebensmittelsicherheit.<\/p>\n\t\t\t<\/div>\n\t\t<\/div>\n\t<\/div>\n\n\n\t<section class=\"block section-promos\">\n\t\t<div class=\"container\">\n\t\t\t<div class=\"row\">\n\t\t\t\t\t\t\t\t\t\t<div class=\"col-md-6\">\n\t\t\t\t\t\t\t<div class=\"card\">\n\t\t\t\t\t\t\t\t\t\t\t\t\t\t\t\t\t<img decoding=\"async\" class=\"card-img-top\" src=\"https:\/\/bozita.com\/de\/wp-content\/uploads\/sites\/8\/2021\/06\/bozita-about-us.jpeg\" alt=\"\">\n\t\t\t\t\t\t\t\t\t\t\t\t\t\t\t\t<div class=\"card-body\">\n\t\t\t\t\t\t\t\t\t<h5 class=\"card-title\">\u00dcber uns<\/h5>\n\t\t\t\t\t\t\t\t\t<p class=\"card-text\">Wir stellen seit \u00fcber 100 Jahren Katzen- und Hundefutter her! Unser gesamtes Tierfutter wird in V\u00e5rg\u00e5rda aus Zutaten h\u00f6chster Qualit\u00e4t hergestellt.<\/p>\n\t\t\t\t\t\t\t\t\t\t\t\t\t\t\t\t\t\t\t<a target=\"\" href=\"https:\/\/bozita.com\/de\/uber-uns\/\" class=\"btn btn-white\">Weiterlesen<\/a>\n\t\t\t\t\t\t\t\t\t\t\t\t\t\t\t\t\t\t<\/div>\n\t\t\t\t\t\t\t<\/div>\n\t\t\t\t\t\t<\/div>\n\t\t\t\t\t\t\t\t\t\t\t\t<div class=\"col-md-6\">\n\t\t\t\t\t\t\t<div class=\"card\">\n\t\t\t\t\t\t\t\t\t\t\t\t\t\t\t\t\t<img decoding=\"async\" class=\"card-img-top\" src=\"https:\/\/bozita.com\/de\/wp-content\/uploads\/sites\/8\/2021\/06\/bozita-breeders-club-dog-cat.jpeg\" alt=\"\">\n\t\t\t\t\t\t\t\t\t\t\t\t\t\t\t\t<div class=\"card-body\">\n\t\t\t\t\t\t\t\t\t<h5 class=\"card-title\">Bozita Breeders Club<\/h5>\n\t\t\t\t\t\t\t\t\t<p class=\"card-text\">Wenn Du Katzen- oder Hundez\u00fcchter bist kannst Du Mitglied in unserem Club, dem Bozita Breeder&#8217;s Club, werden.<\/p>\n\t\t\t\t\t\t\t\t\t\t\t\t\t\t\t\t\t\t\t<a target=\"\" href=\"https:\/\/bozita.com\/de\/bozita-breeders-club\/\" class=\"btn btn-white\">Weiterlesen<\/a>\n\t\t\t\t\t\t\t\t\t\t\t\t\t\t\t\t\t\t<\/div>\n\t\t\t\t\t\t\t<\/div>\n\t\t\t\t\t\t<\/div>\n\t\t\t\t\t\t\t\t\t\t\t\t<div class=\"col-md-6\">\n\t\t\t\t\t\t\t<div class=\"card\">\n\t\t\t\t\t\t\t\t\t\t\t\t\t\t\t\t\t<img decoding=\"async\" class=\"card-img-top\" src=\"https:\/\/bozita.com\/de\/wp-content\/uploads\/sites\/8\/2021\/06\/bozita-miljovanlig-forpackning-tetra-recart.jpeg\" alt=\"\">\n\t\t\t\t\t\t\t\t\t\t\t\t\t\t\t\t<div class=\"card-body\">\n\t\t\t\t\t\t\t\t\t<h5 class=\"card-title\">Umweltfreundliche Verpackung<\/h5>\n\t\t\t\t\t\t\t\t\t<p class=\"card-text\">Ein Gro\u00dfteil unseres Nassfutter wird im Tetra Recart geliefert &#8211; einer klimafreundlichen Verpackung, die zusammen mit Papier und Karton recycelt werden kann.<\/p>\n\t\t\t\t\t\t\t\t\t\t\t\t\t\t\t\t\t\t\t<a target=\"\" href=\"https:\/\/bozita.com\/de\/der-naturliche-weg-zum-wohlbefinden\/tetra-recart-die-umweltschonende-verpackung-fur-nassfutter\/\" class=\"btn btn-white\">Weiterlesen<\/a>\n\t\t\t\t\t\t\t\t\t\t\t\t\t\t\t\t\t\t<\/div>\n\t\t\t\t\t\t\t<\/div>\n\t\t\t\t\t\t<\/div>\n\t\t\t\t\t\t\t\t\t\t\t\t<div class=\"col-md-6\">\n\t\t\t\t\t\t\t<div class=\"card\">\n\t\t\t\t\t\t\t\t\t\t\t\t\t\t\t\t\t<img decoding=\"async\" class=\"card-img-top\" src=\"\" alt=\"\">\n\t\t\t\t\t\t\t\t\t\t\t\t\t\t\t\t<div class=\"card-body\">\n\t\t\t\t\t\t\t\t\t<h5 class=\"card-title\">Markenbotschafter<\/h5>\n\t\t\t\t\t\t\t\t\t<p class=\"card-text\">Darum haben wir uns f\u00fcr unsere Markenbotschafter entschieden.<\/p>\n\t\t\t\t\t\t\t\t\t\t\t\t\t\t\t\t\t\t\t<a target=\"\" href=\"https:\/\/bozita.com\/de\/der-naturliche-weg-zum-wohlbefinden\/markenbotschafter\/\" class=\"btn btn-white\">Weiterlesen<\/a>\n\t\t\t\t\t\t\t\t\t\t\t\t\t\t\t\t\t\t<\/div>\n\t\t\t\t\t\t\t<\/div>\n\t\t\t\t\t\t<\/div>\n\t\t\t\t\t\t\t\t\t\t\t\t<div class=\"col-md-6\">\n\t\t\t\t\t\t\t<div class=\"card\">\n\t\t\t\t\t\t\t\t\t\t\t\t\t\t\t\t\t<img decoding=\"async\" class=\"card-img-top\" src=\"https:\/\/bozita.com\/de\/wp-content\/uploads\/sites\/8\/2021\/06\/bozita-tassalyckan-katthem-provsmakare-produktutveckling.jpeg\" alt=\"\">\n\t\t\t\t\t\t\t\t\t\t\t\t\t\t\t\t<div class=\"card-body\">\n\t\t\t\t\t\t\t\t\t<h5 class=\"card-title\">Das Katzenhaus &#8222;Tassalyckan&#8220;<\/h5>\n\t\t\t\t\t\t\t\t\t<p class=\"card-text\">Drei\u00dfig Katzen arbeiten in unserem Katzenhaus Tassalyckan, um uns bei der Verkostung und Entwicklung unseres Trocken- und Nassfutters f\u00fcr Katzen zu helfen.<\/p>\n\t\t\t\t\t\t\t\t\t\t\t\t\t\t\t\t\t\t\t<a target=\"\" href=\"https:\/\/bozita.com\/de\/das-katzenhaus-tassalyckan\/\" class=\"btn btn-white\">Weiterlesen<\/a>\n\t\t\t\t\t\t\t\t\t\t\t\t\t\t\t\t\t\t<\/div>\n\t\t\t\t\t\t\t<\/div>\n\t\t\t\t\t\t<\/div>\n\t\t\t\t\t\t\t\t\t<\/div>\n\t\t<\/div>\n\t<\/section>\n\n\n<section class=\"block product-promos\">\n\t<div class=\"container\">\n\t\t<div class=\"row align-items-center\">\n\t\t\t<div class=\"col-md-5\">\n\t\t\t\t<div class=\"prdt__promos-heading\">\n\t\t\t\t\t<h3>\n\t\t\t\t\t\tSchwedisches Qualit\u00e4tsfutter \t\t\t\t\t<\/h3>\n\t\t\t\t\t\t\t\t\t<\/div>\n\t\t\t<\/div>\n\t\t\t<div class=\"col-md-7\">\n\t\t\t\t\t\t\t\t\t<div class=\"owl-carousel owl-theme product-promo-carousel\">\n\t\t\t\t\t\t\t\t\t\t\t\t\t<a href=\"https:\/\/bozita.com\/de\/hundefutter\/bozita-getreidefrei-rentier\/\">\n\t\t\t\t\t\t\t\t<div class=\"blk__prdt-item\">\n\t\t\t\t\t\t\t\t\t<figure>\n\t\t\t\t\t\t\t\t\t\t<img loading=\"lazy\" decoding=\"async\" width=\"400\" height=\"400\" src=\"https:\/\/bozita.com\/de\/wp-content\/uploads\/sites\/8\/2021\/08\/40712-bozita-grain-free-reindeer-1.png\" class=\"attachment-post-thumbnail size-post-thumbnail wp-post-image\" alt=\"Privat: BOZITA GETREIDEFREI RENTIER\" srcset=\"https:\/\/bozita.com\/de\/wp-content\/uploads\/sites\/8\/2021\/08\/40712-bozita-grain-free-reindeer-1.png 400w, https:\/\/bozita.com\/de\/wp-content\/uploads\/sites\/8\/2021\/08\/40712-bozita-grain-free-reindeer-1-300x300.png 300w, https:\/\/bozita.com\/de\/wp-content\/uploads\/sites\/8\/2021\/08\/40712-bozita-grain-free-reindeer-1-150x150.png 150w\" sizes=\"(max-width: 400px) 100vw, 400px\" \/>\t\t\t\t\t\t\t\t\t\t\t\t\t\t\t\t\t\t\t<\/figure>\n\t\t\t\t\t\t\t\t\t<h4 class=\"carousel-title\"><\/h4>\n\t\t\t\t\t\t\t\t\t<span class=\"carousel-category\">Privat: BOZITA GETREIDEFREI RENTIER<\/span>\n\t\t\t\t\t\t\t\t\t  \n\t\t\t\t\t\t\t\t\t<ul class=\"category-list\">\n\t\t\t\t\t\t\t\t\t\t\t\t\t\t\t\t\t\t\t\t\t\t\t<li class=\"svg-image\">\n\t\t\t\t\t\t\t\t\t\t\t\t\t\t<img decoding=\"async\" src=\"https:\/\/bozita.com\/de\/wp-content\/uploads\/sites\/8\/2021\/06\/icon-grain-free.svg\" \/>\n\t\t\t\t\t\t\t\t\t\t\t\t\t<\/li>\n\t\t\t\t\t\t\t\t\t\t\t\t\t\t\t\t\t\t\t\t\t\t\t\t\t\t\t\t\t\t\t\t\t\t\t\t<li class=\"svg-image\">\n\t\t\t\t\t\t\t\t\t\t\t\t\t\t<img decoding=\"async\" src=\"https:\/\/bozita.com\/de\/wp-content\/uploads\/sites\/8\/2021\/06\/icon-flavour-reindeer.svg\" \/>\n\t\t\t\t\t\t\t\t\t\t\t\t\t<\/li>\n\t\t\t\t\t\t\t\t\t\t\t\t\t\t\t\t\t\t\t\t\t\t<\/ul>       \n\n\t\t\t\t\t\t\t\t<\/div>\n\t\t\t\t\t\t\t<\/a>\n\t\t\t\t\t\t\t\t\t\t\t\t\t\t\t\t\t\t\t\t<a href=\"https:\/\/bozita.com\/de\/katzenfutter\/bozita-indoor-and-sterilised-huhn\/\">\n\t\t\t\t\t\t\t\t<div class=\"blk__prdt-item\">\n\t\t\t\t\t\t\t\t\t<figure>\n\t\t\t\t\t\t\t\t\t\t<img loading=\"lazy\" decoding=\"async\" width=\"1300\" height=\"1300\" src=\"https:\/\/bozita.com\/de\/wp-content\/uploads\/sites\/8\/2024\/10\/31721-03-Bozita-Dry-Cat-Indoor-Sterilised-Chicken-2kg-Bag.png\" class=\"attachment-post-thumbnail size-post-thumbnail wp-post-image\" alt=\"\" srcset=\"https:\/\/bozita.com\/de\/wp-content\/uploads\/sites\/8\/2024\/10\/31721-03-Bozita-Dry-Cat-Indoor-Sterilised-Chicken-2kg-Bag.png 1300w, https:\/\/bozita.com\/de\/wp-content\/uploads\/sites\/8\/2024\/10\/31721-03-Bozita-Dry-Cat-Indoor-Sterilised-Chicken-2kg-Bag-300x300.png 300w, https:\/\/bozita.com\/de\/wp-content\/uploads\/sites\/8\/2024\/10\/31721-03-Bozita-Dry-Cat-Indoor-Sterilised-Chicken-2kg-Bag-1024x1024.png 1024w, https:\/\/bozita.com\/de\/wp-content\/uploads\/sites\/8\/2024\/10\/31721-03-Bozita-Dry-Cat-Indoor-Sterilised-Chicken-2kg-Bag-150x150.png 150w, https:\/\/bozita.com\/de\/wp-content\/uploads\/sites\/8\/2024\/10\/31721-03-Bozita-Dry-Cat-Indoor-Sterilised-Chicken-2kg-Bag-768x768.png 768w\" sizes=\"(max-width: 1300px) 100vw, 1300px\" \/>\t\t\t\t\t\t\t\t\t\t\t\t\t\t\t\t\t\t\t<\/figure>\n\t\t\t\t\t\t\t\t\t<h4 class=\"carousel-title\"><\/h4>\n\t\t\t\t\t\t\t\t\t<span class=\"carousel-category\">Bozita Indoor &amp; Sterilised Huhn<\/span>\n\t\t\t\t\t\t\t\t\t  \n\t\t\t\t\t\t\t\t\t<ul class=\"category-list\">\n\t\t\t\t\t\t\t\t\t\t\t\t\t\t\t\t\t\t\t\t\t\t\t\t\t\t\t\t\t\t\t\t\t<li class=\"svg-image\">\n\t\t\t\t\t\t\t\t\t\t\t\t\t\t<img decoding=\"async\" src=\"https:\/\/bozita.com\/de\/wp-content\/uploads\/sites\/8\/2021\/06\/icon-flavour-chicken.svg\" \/>\n\t\t\t\t\t\t\t\t\t\t\t\t\t<\/li>\n\t\t\t\t\t\t\t\t\t\t\t\t\t\t\t\t\t\t\t\t\t\t<\/ul>       \n\n\t\t\t\t\t\t\t\t<\/div>\n\t\t\t\t\t\t\t<\/a>\n\t\t\t\t\t\t\t\t\t\t\t\t\t\t\t\t\t\t\t\t\t\t\t\t\t\t\t<a href=\"https:\/\/bozita.com\/de\/hundefutter\/bozita-puppy-and-junior-weizenfrei\/\">\n\t\t\t\t\t\t\t\t<div class=\"blk__prdt-item\">\n\t\t\t\t\t\t\t\t\t<figure>\n\t\t\t\t\t\t\t\t\t\t<img loading=\"lazy\" decoding=\"async\" width=\"1300\" height=\"1300\" src=\"https:\/\/bozita.com\/de\/wp-content\/uploads\/sites\/8\/2021\/08\/41023-1-Bozita-Original-Puppy-Junior-3kg.png\" class=\"attachment-post-thumbnail size-post-thumbnail wp-post-image\" alt=\"BOZITA ORIGINAL PUPPY &amp; JUNIOR WEIZENFREI\" srcset=\"https:\/\/bozita.com\/de\/wp-content\/uploads\/sites\/8\/2021\/08\/41023-1-Bozita-Original-Puppy-Junior-3kg.png 1300w, https:\/\/bozita.com\/de\/wp-content\/uploads\/sites\/8\/2021\/08\/41023-1-Bozita-Original-Puppy-Junior-3kg-300x300.png 300w, https:\/\/bozita.com\/de\/wp-content\/uploads\/sites\/8\/2021\/08\/41023-1-Bozita-Original-Puppy-Junior-3kg-1024x1024.png 1024w, https:\/\/bozita.com\/de\/wp-content\/uploads\/sites\/8\/2021\/08\/41023-1-Bozita-Original-Puppy-Junior-3kg-150x150.png 150w, https:\/\/bozita.com\/de\/wp-content\/uploads\/sites\/8\/2021\/08\/41023-1-Bozita-Original-Puppy-Junior-3kg-768x768.png 768w\" sizes=\"(max-width: 1300px) 100vw, 1300px\" \/>\t\t\t\t\t\t\t\t\t\t\t\t\t\t\t\t\t\t\t<\/figure>\n\t\t\t\t\t\t\t\t\t<h4 class=\"carousel-title\"><\/h4>\n\t\t\t\t\t\t\t\t\t<span class=\"carousel-category\">BOZITA ORIGINAL PUPPY &amp; JUNIOR WEIZENFREI<\/span>\n\t\t\t\t\t\t\t\t\t  \n\t\t\t\t\t\t\t\t\t<ul class=\"category-list\">\n\t\t\t\t\t\t\t\t\t\t\t\t\t\t\t\t\t\t\t\t\t\t\t<li class=\"svg-image\">\n\t\t\t\t\t\t\t\t\t\t\t\t\t\t<img decoding=\"async\" src=\"https:\/\/bozita.com\/de\/wp-content\/uploads\/sites\/8\/2021\/06\/icon-wheat-free.svg\" \/>\n\t\t\t\t\t\t\t\t\t\t\t\t\t<\/li>\n\t\t\t\t\t\t\t\t\t\t\t\t\t\t\t\t\t\t\t\t\t\t\t\t\t\t\t\t\t\t\t\t\t\t\t\t<li class=\"svg-image\">\n\t\t\t\t\t\t\t\t\t\t\t\t\t\t<img decoding=\"async\" src=\"https:\/\/bozita.com\/de\/wp-content\/uploads\/sites\/8\/2021\/06\/icon-flavour-chicken.svg\" \/>\n\t\t\t\t\t\t\t\t\t\t\t\t\t<\/li>\n\t\t\t\t\t\t\t\t\t\t\t\t\t\t\t\t\t\t\t\t\t\t<\/ul>       \n\n\t\t\t\t\t\t\t\t<\/div>\n\t\t\t\t\t\t\t<\/a>\n\t\t\t\t\t\t\t\t\t\t\t\t\t\t\t\t\t\t\t\t<a href=\"https:\/\/bozita.com\/de\/katzenfutter\/bozita-happchen-in-sosse-mit-lachs\/\">\n\t\t\t\t\t\t\t\t<div class=\"blk__prdt-item\">\n\t\t\t\t\t\t\t\t\t<figure>\n\t\t\t\t\t\t\t\t\t\t<img loading=\"lazy\" decoding=\"async\" width=\"1300\" height=\"1300\" src=\"https:\/\/bozita.com\/de\/wp-content\/uploads\/sites\/8\/2021\/08\/3614-02-Bozita-Salmon-in-Sauce-85g-Pouch.png\" class=\"attachment-post-thumbnail size-post-thumbnail wp-post-image\" alt=\"Bozita H\u00e4ppchen in Sauce mit Lachs\" srcset=\"https:\/\/bozita.com\/de\/wp-content\/uploads\/sites\/8\/2021\/08\/3614-02-Bozita-Salmon-in-Sauce-85g-Pouch.png 1300w, https:\/\/bozita.com\/de\/wp-content\/uploads\/sites\/8\/2021\/08\/3614-02-Bozita-Salmon-in-Sauce-85g-Pouch-300x300.png 300w, https:\/\/bozita.com\/de\/wp-content\/uploads\/sites\/8\/2021\/08\/3614-02-Bozita-Salmon-in-Sauce-85g-Pouch-1024x1024.png 1024w, https:\/\/bozita.com\/de\/wp-content\/uploads\/sites\/8\/2021\/08\/3614-02-Bozita-Salmon-in-Sauce-85g-Pouch-150x150.png 150w, https:\/\/bozita.com\/de\/wp-content\/uploads\/sites\/8\/2021\/08\/3614-02-Bozita-Salmon-in-Sauce-85g-Pouch-768x768.png 768w\" sizes=\"(max-width: 1300px) 100vw, 1300px\" \/>\t\t\t\t\t\t\t\t\t\t\t\t\t\t\t\t\t\t\t<\/figure>\n\t\t\t\t\t\t\t\t\t<h4 class=\"carousel-title\"><\/h4>\n\t\t\t\t\t\t\t\t\t<span class=\"carousel-category\">Bozita H\u00e4ppchen in Sauce mit Lachs<\/span>\n\t\t\t\t\t\t\t\t\t  \n\t\t\t\t\t\t\t\t\t<ul class=\"category-list\">\n\t\t\t\t\t\t\t\t\t\t\t\t\t\t\t\t\t\t\t\t\t\t\t<li class=\"svg-image\">\n\t\t\t\t\t\t\t\t\t\t\t\t\t\t<img decoding=\"async\" src=\"https:\/\/bozita.com\/de\/wp-content\/uploads\/sites\/8\/2021\/06\/icon-grain-free.svg\" \/>\n\t\t\t\t\t\t\t\t\t\t\t\t\t<\/li>\n\t\t\t\t\t\t\t\t\t\t\t\t\t\t\t\t\t\t\t\t\t\t\t\t\t\t<li class=\"svg-image\">\n\t\t\t\t\t\t\t\t\t\t\t\t\t\t<img decoding=\"async\" src=\"https:\/\/bozita.com\/de\/wp-content\/uploads\/sites\/8\/2021\/06\/icon-wheat-free.svg\" \/>\n\t\t\t\t\t\t\t\t\t\t\t\t\t<\/li>\n\t\t\t\t\t\t\t\t\t\t\t\t\t\t\t\t\t\t\t\t\t\t\t\t\t\t\t\t\t\t\t\t\t\t\t\t<li class=\"svg-image\">\n\t\t\t\t\t\t\t\t\t\t\t\t\t\t<img decoding=\"async\" src=\"https:\/\/bozita.com\/de\/wp-content\/uploads\/sites\/8\/2021\/06\/icon-flavour-salmon.svg\" \/>\n\t\t\t\t\t\t\t\t\t\t\t\t\t<\/li>\n\t\t\t\t\t\t\t\t\t\t\t\t\t\t\t\t\t\t\t\t\t\t<\/ul>       \n\n\t\t\t\t\t\t\t\t<\/div>\n\t\t\t\t\t\t\t<\/a>\n\t\t\t\t\t\t\t\t\t\t\t\t\t\t\t\t\t\t<\/div>\n\t\t\t\t\t\t\t<\/div>\n\t\t<\/div>\n\t<\/div>\n<\/section>\n<script>\njQuery(document).ready(function($) {\n\tjQuery('.product-promo-carousel').owlCarousel({\n\tloop: true,\n\tmargin: 10,\n\tresponsiveClass: true,\n\tresponsive: {\n\t\t0: {\n\t\titems: 1,\n\t\tnav: true\n\t\t},\n\t\t600: {\n\t\titems: 1,\n\t\tnav: true\n\t\t},\n\t\t1000: {\n\t\titems: 2,\n\t\tnav: true,\n\t\t}\n\t}\n\t})\n\tjQuery(\".owl-prev\").html('<span><<\/span>');\n\tjQuery(\".owl-next\").html('<span>><\/span>');\n\n\tvar slider = jQuery('.promo-slider-list');\n\tslider.owlCarousel();\n\tjQuery('.nextbtn-a').click(function() {\n\tslider.trigger('next.owl.carousel');\n\t})\n\t\/\/ Go to the previous item\n\tjQuery('.prebtn-a').click(function() {\n\tslider.trigger('prev.owl.carousel', [300]);\n\t})\n});\n<\/script>\n","protected":false},"excerpt":{"rendered":"","protected":false},"author":4,"featured_media":7023,"parent":0,"menu_order":0,"comment_status":"closed","ping_status":"closed","template":"guternberg.php","meta":{"footnotes":""},"acf":[],"yoast_head":"<!-- This site is optimized with the Yoast SEO plugin v21.3 - https:\/\/yoast.com\/wordpress\/plugins\/seo\/ -->\n<title>DER NAT\u00dcRLICHE WEG ZUM WOHLBEFINDEN | Bozita DE<\/title>\n<meta name=\"description\" content=\"Katzen und Hunde sind unsere Begleiter durchs ganze Leben und ihr Wohlbefinden kommt von einer nat\u00fcrlichen, gesunden Ern\u00e4hrung und einem aktiven Lebensstil.\" \/>\n<meta name=\"robots\" content=\"index, follow, max-snippet:-1, max-image-preview:large, max-video-preview:-1\" \/>\n<link rel=\"canonical\" href=\"https:\/\/bozita.com\/de\/der-naturliche-weg-zum-wohlbefinden\/\" \/>\n<meta property=\"og:locale\" content=\"de_DE\" \/>\n<meta property=\"og:type\" content=\"article\" \/>\n<meta property=\"og:title\" content=\"DER NAT\u00dcRLICHE WEG ZUM WOHLBEFINDEN | Bozita DE\" \/>\n<meta property=\"og:description\" content=\"Katzen und Hunde sind unsere Begleiter durchs ganze Leben und ihr Wohlbefinden kommt von einer nat\u00fcrlichen, gesunden Ern\u00e4hrung und einem aktiven Lebensstil.\" \/>\n<meta property=\"og:url\" content=\"https:\/\/bozita.com\/de\/der-naturliche-weg-zum-wohlbefinden\/\" \/>\n<meta property=\"og:site_name\" content=\"Bozita DE\" \/>\n<meta property=\"article:modified_time\" content=\"2025-02-18T14:29:28+00:00\" \/>\n<meta property=\"og:image\" content=\"https:\/\/bozita.com\/de\/wp-content\/uploads\/sites\/8\/2021\/05\/Bozita-Home-Hero-Image-Dog-v2@2x-scaled.jpg\" \/>\n\t<meta property=\"og:image:width\" content=\"2560\" \/>\n\t<meta property=\"og:image:height\" content=\"1333\" \/>\n\t<meta property=\"og:image:type\" content=\"image\/jpeg\" \/>\n<meta name=\"twitter:card\" content=\"summary_large_image\" \/>\n<!-- \/ Yoast SEO plugin. -->","yoast_head_json":{"title":"DER NAT\u00dcRLICHE WEG ZUM WOHLBEFINDEN | Bozita DE","description":"Katzen und Hunde sind unsere Begleiter durchs ganze Leben und ihr Wohlbefinden kommt von einer nat\u00fcrlichen, gesunden Ern\u00e4hrung und einem aktiven Lebensstil.","robots":{"index":"index","follow":"follow","max-snippet":"max-snippet:-1","max-image-preview":"max-image-preview:large","max-video-preview":"max-video-preview:-1"},"canonical":"https:\/\/bozita.com\/de\/der-naturliche-weg-zum-wohlbefinden\/","og_locale":"de_DE","og_type":"article","og_title":"DER NAT\u00dcRLICHE WEG ZUM WOHLBEFINDEN | Bozita DE","og_description":"Katzen und Hunde sind unsere Begleiter durchs ganze Leben und ihr Wohlbefinden kommt von einer nat\u00fcrlichen, gesunden Ern\u00e4hrung und einem aktiven Lebensstil.","og_url":"https:\/\/bozita.com\/de\/der-naturliche-weg-zum-wohlbefinden\/","og_site_name":"Bozita DE","article_modified_time":"2025-02-18T14:29:28+00:00","og_image":[{"width":2560,"height":1333,"url":"https:\/\/bozita.com\/de\/wp-content\/uploads\/sites\/8\/2021\/05\/Bozita-Home-Hero-Image-Dog-v2@2x-scaled.jpg","type":"image\/jpeg"}],"twitter_card":"summary_large_image","schema":{"@context":"https:\/\/schema.org","@graph":[{"@type":"WebPage","@id":"https:\/\/bozita.com\/de\/der-naturliche-weg-zum-wohlbefinden\/","url":"https:\/\/bozita.com\/de\/der-naturliche-weg-zum-wohlbefinden\/","name":"DER NAT\u00dcRLICHE WEG ZUM WOHLBEFINDEN | Bozita DE","isPartOf":{"@id":"https:\/\/bozita.com\/de\/#website"},"datePublished":"2021-08-11T17:37:28+00:00","dateModified":"2025-02-18T14:29:28+00:00","description":"Katzen und Hunde sind unsere Begleiter durchs ganze Leben und ihr Wohlbefinden kommt von einer nat\u00fcrlichen, gesunden Ern\u00e4hrung und einem aktiven Lebensstil.","breadcrumb":{"@id":"https:\/\/bozita.com\/de\/der-naturliche-weg-zum-wohlbefinden\/#breadcrumb"},"inLanguage":"de","potentialAction":[{"@type":"ReadAction","target":["https:\/\/bozita.com\/de\/der-naturliche-weg-zum-wohlbefinden\/"]}]},{"@type":"BreadcrumbList","@id":"https:\/\/bozita.com\/de\/der-naturliche-weg-zum-wohlbefinden\/#breadcrumb","itemListElement":[{"@type":"ListItem","position":1,"name":"Startseite","item":"https:\/\/bozita.com\/de\/"},{"@type":"ListItem","position":2,"name":"DER NAT\u00dcRLICHE WEG ZUM WOHLBEFINDEN"}]},{"@type":"WebSite","@id":"https:\/\/bozita.com\/de\/#website","url":"https:\/\/bozita.com\/de\/","name":"Bozita DE","description":"","potentialAction":[{"@type":"SearchAction","target":{"@type":"EntryPoint","urlTemplate":"https:\/\/bozita.com\/de\/?s={search_term_string}"},"query-input":"required name=search_term_string"}],"inLanguage":"de"}]}},"_links":{"self":[{"href":"https:\/\/bozita.com\/de\/wp-json\/wp\/v2\/pages\/7021"}],"collection":[{"href":"https:\/\/bozita.com\/de\/wp-json\/wp\/v2\/pages"}],"about":[{"href":"https:\/\/bozita.com\/de\/wp-json\/wp\/v2\/types\/page"}],"author":[{"embeddable":true,"href":"https:\/\/bozita.com\/de\/wp-json\/wp\/v2\/users\/4"}],"replies":[{"embeddable":true,"href":"https:\/\/bozita.com\/de\/wp-json\/wp\/v2\/comments?post=7021"}],"version-history":[{"count":15,"href":"https:\/\/bozita.com\/de\/wp-json\/wp\/v2\/pages\/7021\/revisions"}],"predecessor-version":[{"id":29301,"href":"https:\/\/bozita.com\/de\/wp-json\/wp\/v2\/pages\/7021\/revisions\/29301"}],"wp:featuredmedia":[{"embeddable":true,"href":"https:\/\/bozita.com\/de\/wp-json\/wp\/v2\/media\/7023"}],"wp:attachment":[{"href":"https:\/\/bozita.com\/de\/wp-json\/wp\/v2\/media?parent=7021"}],"curies":[{"name":"wp","href":"https:\/\/api.w.org\/{rel}","templated":true}]}}