{"id":7027,"date":"2021-08-11T17:37:06","date_gmt":"2021-08-11T17:37:06","guid":{"rendered":"https:\/\/bozita.com\/de\/umgebungstraining-mit-dem-welpen-was-wann-und-wie\/"},"modified":"2022-07-18T11:51:51","modified_gmt":"2022-07-18T11:51:51","slug":"umgebungstraining-mit-dem-welpen-was-wann-und-wie","status":"publish","type":"page","link":"https:\/\/bozita.com\/de\/leben-mit-hund\/entwicklung-deines-hundes\/umgebungstraining-mit-dem-welpen-was-wann-und-wie\/","title":{"rendered":"Umgebungstraining mit dem Welpen \u2013 was, wann und wie"},"content":{"rendered":"\t\t<section class=\"small-hero\">\n\t\t\t<div class=\"container\">\n\t\t\t\t<h1 class=\"small-hero-title\">Umgebungstraining mit dem Welpen \u2013 was, wann und wie<\/h1>\t\t\t<\/div>\n\t\t\t<\/div>\n\t\t<\/section>\n\t\n\n\t<div class=\"text-box-warp\">\n\t\t<div class=\"container\">\n\t\t\t<div class=\"text-content\">\n\t\t\t\t<div class=\"article__introduction\">\n<p>Im fr\u00fchen Alter sind Welpen besonders empf\u00e4nglich f\u00fcr soziale Reize \u2013 die perfekte Zeit f\u00fcr das Umgebungstraining, um das junge Tier an die Welt um uns herum zu gew\u00f6hnen. Mit dem Training legst Du den Grundstein zur Entwicklung eines harmonischen erwachsenen Hundes, der sich an verschiedenen Orten und mit unterschiedlichen Menschen wohlf\u00fchlt. Wir bei Bozita haben eine praktische &#8222;Checkliste&#8220; zusammengestellt, in der Du einige allt\u00e4gliche Ph\u00e4nomene findest, die Du mit dem Welpen beim Umgebungstraining \u00fcben kannst.<\/p>\n<\/div>\n<div class=\"article__body\">\n<h2>DAS UMGEBUNGSTRAINING BEGINNT BEREITS BEIM Z\u00dcCHTER<\/h2>\n<p>Forschungen zeigen, dass die Erlebnisse des Welpen in der sogenannten Sozialisierungsphase (die Zeit, in der der Welpe am empf\u00e4nglichsten f\u00fcr soziale Reize ist) seine weitere Entwicklung stark beeinflussen. Der Z\u00fcchter hat daher eine gro\u00dfe Verantwortung, das Umgebungstraining auf angemessen Weise einzuf\u00fchren, indem er den Welpen Teil des Alltagslebens werden l\u00e4sst \u2013 mit allem, was dazugeh\u00f6rt.<\/p>\n<p>In einem Alter von 5 bis 6 Wochen sollte der Kontakt zu Menschen nach und nach gesteigert werden. Kuscheln, Spielen und Pflege sind wichtige Bestandteile und d\u00fcrfen mitunter auch alleine erfolgen, ohne Unterst\u00fctzung der Wurfgeschwister. Welpen mit fehlendem Kontakt zu Menschen sind oft schwerer zu handhaben und erfolgreich zu erziehen.<\/p>\n<p>Zieht der Welpe in einem Alter von etwa 8 bis 9 Wochen in sein neues Zuhause um, liegt es am neuen Besitzer, die bereits begonnene Arbeit des Z\u00fcchters zu \u00fcbernehmen und fortzuf\u00fchren. Die Zeit zwischen der 8. und 12. Lebenswoche eignet sich ideal zum Lernen, da Ereignisse immer \u00f6fter zu bleibenden Erinnerungen werden. Es ist auch eine wichtige Phase hinsichtlich sozialer Aspekte. Jetzt wird die Grundlage f\u00fcr die zuk\u00fcnftige Mentalit\u00e4t des Hundes geschaffen.<\/p>\n<h2>ERSTELLE EINEN &#8222;TRAININGSPLAN&#8220; F\u00dcR DEINEN HUND<\/h2>\n<p>Das Umgebungstraining mit einem Welpen muss nicht sonderlich kompliziert sein. Darf der Hund Frauchen oder Herrchen in allen m\u00f6glichen Situationen begleiten, kommt das meiste ganz von selbst. Hilfreich ist das Erstellen eines &#8222;Trainingsplans&#8220;, eine Art Checkliste dar\u00fcber, was Du mit Deinem Hund \u00fcben solltest. Du musst dieser nicht hundertprozentig folgen. Solltest Du etwas auslassen, ist es nie zu sp\u00e4t, Deinen Hund auch im h\u00f6heren Alter zu erziehen. Das Tier ist sein ganzes Leben lang lernf\u00e4hig. Es braucht sp\u00e4ter nur etwas mehr Zeit und Geduld, denn eingefahrene Verhaltensweisen lassen sich oft nur schwer ver\u00e4ndern.<\/p>\n<p>Passe das Umgebungstraining Deiner Lebenssituation und der Deines Hundes an. Wohnst Du auf dem Land, konzentriere Dich auf all das, was Dir dort t\u00e4glich begegnet. Gleiches gilt in der Stadt.<\/p>\n<h3>CHECKLISTE F\u00dcR DAS UMGEBUNGSTRAINING<\/h3>\n<p>Im Folgenden haben wir 11 Punkte aufgelistet, die sich gut f\u00fcr einen Trainingsplan eignen. Je mehr Dinge Du Deinem Hund jetzt zeigst, desto einfacher wird er f\u00fcr den Rest seines Lebens mit neuen Situationen umgehen k\u00f6nnen.<\/p>\n<ol>\n<li><strong>Setze Deinen Hund verschiedenen Ger\u00e4uschen zu Hause aus<\/strong><br \/>\nDu musst nicht auf Zehenspitzen durch das Haus laufen, um den Welpen nicht zu st\u00f6ren. Lasse das Leben wie gehabt weiterlaufen. Gew\u00f6hne den jungen Hund an Fernseher, Staubsauger, Rasenm\u00e4her, F\u00f6hn, Telefon oder T\u00fcrklingel und klappere mit Kocht\u00f6pfen und allem anderen, was in Deinem Zuhause ger\u00e4uschvoll sein kann.<\/li>\n<li><strong>Lasse den Hund verschiedene Menschen treffen<\/strong><br \/>\nDein Hund sollte sich in der Gegenwart anderer Menschen wohlf\u00fchlen und von diesen auch umsorgen lassen (streicheln, anfassen, auf den Arm nehmen, in den Mund fassen, in die Ohren schauen usw.). Nicht zuletzt ist dies notwendig, wenn Du zum Tierarzt gehst. Zudem k\u00f6nnen Situationen eintreffen, in denen sich andere Menschen um Deinen Hund k\u00fcmmern m\u00fcssen, zum Beispiel, wenn Du erkrankst, Dich verletzt oder gezwungen bist, eine Zeit lang zu verreisen.Welpen m\u00fcssen sich auch daran gew\u00f6hnen, dass Menschen sich unterschiedlich bewegen k\u00f6nnen, zum Beispiel Personen im Rollstuhl, Fahrradfahrende oder Inlineskatende.<\/li>\n<li><strong>Gew\u00f6hne den Hund an Kinder<\/strong><br \/>\nKinder sind lauter und bewegen sich anders als Erwachsene. Hast Du keine Kinder in Deinem Umfeld, spaziere an einer Schule vorbei, wo Kinder n\u00e4her kommen und Deinen Welpen streicheln k\u00f6nnen.Lasse kleine Kinder niemals unbeaufsichtigt mit einem Hund!<\/li>\n<li><strong>Lasse Deinen Hund andere Hunde treffen<\/strong><br \/>\nWelpen m\u00fcssen die Hundesprache erlernen, worin wir Menschen \u2013 aus ersichtlichen Gr\u00fcnden \u2013 nicht besonders gut sind. Je mehr freundliche, kleine wie gro\u00dfe Hunde Dein junger Welpe trifft, desto besser wird sein Vertrauen in unbekannte Hunde. Lasse Deinen Welpen immer mal wieder mit einem freundlichen, \u00e4lteren Hund spielen.Mangel an Kontakt zu anderen Hunden kann nach acht Wochen zur Verschlechterung der Hundesprache f\u00fchren. Warte daher nicht bis zur Impfung in der 12. Woche. Der Welpe verf\u00fcgt \u00fcber gen\u00fcgend Antik\u00f6rper der geimpften H\u00fcndin. Zudem ist das Risiko der Ansteckung sehr gering, wenn der \u00e4ltere Hund ausreichend geimpft ist. Der Nutzen der Sozialisierung ist wesentlich gr\u00f6\u00dfer als die Gefahr der Ansteckung.<\/li>\n<li><strong>Lasse den Hund auf verschiedenen Fl\u00e4chen laufen<\/strong><br \/>\nLasse den Welpen beispielsweise auf Gras, Kies, Asphalt, Schnee, Holzboden, Teppichen, Stein, Sand oder durch Wasser laufen. So werden verschiedene Untergr\u00fcnde zur allt\u00e4glichen Routine und der Welpe kann sich ungehindert in verschiedenen Umgebungen bewegen.<\/li>\n<li><strong>Fahre Auto, Bus, Zug oder Boot mit dem Hund<\/strong><br \/>\nMit je mehr Transportmitteln Du Deinen Hund vertraut machst, desto mehr Bewegungsfreiheit hast Du. Beginne immer mit kurzen, etwa f\u00fcnf Minuten langen Strecken und beende den Ausflug mit etwas Sch\u00f6nem, zum Beispiel einem Waldspaziergang. So kann der Welpe spannende Abenteuer mit Auto-, Bus-, Zug- oder Bootreisen verbinden. Dehne die Ausfl\u00fcge St\u00fcck f\u00fcr St\u00fcck aus. Denke daran, dass der Hund beim Autofahren immer angegurtet oder in einer Transportbox gesichert werden muss. In Deutschland ist es nicht erlaubt, Hunde ungesichert im Auto mitfahren zu lassen.<\/li>\n<li><strong>Nimm den Hund mit unter Menschenmengen<\/strong><br \/>\nMenschenmengen sind Teil des Alltags, egal, wo man wohnt. F\u00fcr einen Hund bedeutet dies viele Ger\u00e4usch- und Dufteindr\u00fccke. Zudem sehen sie oft nur die Beine der Menschen. Gew\u00f6hne den Hund langsam daran, dass es manchmal eng werden kann. Ein kleinerer Hund sollte m\u00f6glichst getragen werden, da es mitunter vorkommen kann, dass das Tier in Menschenmengen niedergetrampelt wird.<\/li>\n<li><strong>Spaziere mit dem Hund \u00fcber Br\u00fccken und durch Tunnel<\/strong><br \/>\nSpaziere \u00fcber Br\u00fccken und durch Tunnel, um den Welpen daran zu gew\u00f6hnen, dass sich Verkehr dar\u00fcber und darunter bewegt. In Tunneln ist es zudem dunkel und Ger\u00e4usche ver\u00e4ndern sich auf ungewohnte Weise.<\/li>\n<li><strong>Steige mit Deinem Hund Treppen und fahre Aufzug<\/strong><br \/>\nTrainiere in geeignetem Ma\u00df, Treppen auf- und abzusteigen. Die ungewohnte Belastung strapaziert die Gelenke und Muskeln des Hundes, die noch nicht vollst\u00e4ndig entwickelt sind. Vermeide m\u00f6glichst Rolltreppen, sofern der Hund nicht noch getragen werden kann. Schwanz oder Pfote k\u00f6nnen schnell eingeklemmt werden.\u00dcbe auch, mit dem Aufzug zu fahren, sodass dieser im sp\u00e4teren Leben keine (unangenehme) \u00dcberraschung wird.<\/li>\n<li><strong>Zeige Deinem Hund sowohl D\u00f6rfer als auch St\u00e4dte<\/strong><br \/>\nWechsele die Umgebung in regelm\u00e4\u00dfigen Abst\u00e4nden. Nimm Deinen Hund mit aufs Land oder in die Stadt und zeige ihm alles, was es dort zu sehen gibt, zum Beispiel andere Tiere, laute Menschen, gro\u00dfe Fahrzeuge und Maschinen, Baustellen oder Stra\u00dfenbauarbeiten.<\/li>\n<li><strong>Gew\u00f6hne Deinen Hund an besonders laute, pl\u00f6tzliche Ger\u00e4usche<\/strong><br \/>\nEinen Hund an laute und pl\u00f6tzliche Ger\u00e4usche wie Gewitter, Sch\u00fcsse oder Feuerwerk zu gew\u00f6hnen, braucht Zeit und sollte langsam erfolgen. Es gibt geeignete Apps und CDs mit verschiedenen Ger\u00e4uschen, die Du verwenden kannst. Beginne mit sehr leiser Lautst\u00e4rke und erh\u00f6he diese je nachdem, wie schnell sich der Hund daran gew\u00f6hnt.<\/li>\n<\/ol>\n<h2>LASSE DEN HUND DAS TEMPO BEIM UMGEBUNGSTRAINING BESTIMMEN<\/h2>\n<p>Das definitiv Wichtigste beim Umgebungstraining mit Deinem Hund ist, die richtige Motivation zu behalten und alle neuen Situationen auf ruhige und angenehme Weise anzugehen. Gib dem Welpen Zeit, sich in seinem Tempo an neue Ereignisse zu gew\u00f6hnen und sorge daf\u00fcr, dass es immer einen Ausweg gibt, sollte es zu viel werden. Der Welpe darf sich nie bedr\u00e4ngt oder bedroht f\u00fchlen. In dem Fall ist es besser, einen Schritt zur\u00fcckzugehen und es zu einem anderen Zeitpunkt erneut zu probieren. Erlebt der Welpe zu starke, erschreckende Sinneseindr\u00fccke, kann er verst\u00f6rt werden und im schlimmsten Fall f\u00fcr den Rest seines Lebens darunter leiden.<\/p>\n<p>Als Frauchen oder Herrchen solltest Du stets ruhig und zur\u00fcckhaltend auftreten. Passiert etwas Unerwartetes, sucht Dein Hund Kontakt mit seinem Anf\u00fchrenden. Wirst Du hektisch oder hast Angst, \u00fcbertr\u00e4gt sich das auf Deinen Hund, sodass auch er \u00e4ngstlich und unruhig werden kann. Du solltest f\u00fcr Sicherheit stehen und signalisieren, dass keine Gefahr besteht.<\/p>\n<\/div>\n\t\t\t<\/div>\n\t\t<\/div>\n\t<\/div>\n\n\n\n\t<section class=\"block related-articles\">\n\t\t<div class=\"container\">\n\t\t\t<h2>Entdecke weitere Artikel<\/h2>\n\t\t\t<div class=\"row justify-content-center\">\n\t\t\t\t\t\t\t\t\t\t<div class=\"col-sm-6 col-md-6 col-lg-3\">\n\t\t\t\t\t\t\t\t\t\t\t\t\t\t<div class=\"card \">\n\t\t\t\t\t\t\t\t\t\t\t\t\t\t\t\t\t<img decoding=\"async\"  src=\"https:\/\/bozita.com\/de\/wp-content\/uploads\/sites\/8\/2021\/09\/bozita-hundvalp-spokalder-plotsliga-radslor.jpg\" alt=\"\">\n\t\t\t\t\t\t\t\t\t\t\t\t\t\t\t\t\t<!-- <img decoding=\"async\" src=\"\n\t\t\t\t\t\t\t\t\t\t\t\t\t\t\t\t\t\t\t\t\" alt=\"\n\t\t\t\t\t\t\t\t\t\t\t\t\t\t\t\t\t\t\t\t\t\t\t\t\t\t\t\"> -->\n\t\t\t\t\t\t\t\t<div class=\"card-body\">\n\t\t\t\t\t\t\t\t\t\t\t\t\t\t\t\t\t\t\t<h6>Die \u201eSpooky Periods\u201c bei Hunden<\/h6>\n\t\t\t\t\t\t\t\t\t\t\t\t\t\t\t\t\t\t\t<a href=\"https:\/\/bozita.com\/de\/leben-mit-hund\/hund-kaufen\/wie-man-die-richtige-rasse-auswahlt\/furchtet-sich-der-hund-plotzlich-vor-alltaglichen-dingen-vermutlich-hat-er-die-spooky-periods-erreicht\/\">Weiterlesen &nbsp; ><\/a>\n\t\t\t\t\t\t\t\t<\/div>\n\t\t\t\t\t\t\t<\/div>\n\t\t\t\t\t\t<\/div>\n\n\t\t\t\t\t\t\t\t\t\t\t<div class=\"col-sm-6 col-md-6 col-lg-3\">\n\t\t\t\t\t\t\t\t\t\t\t\t\t\t<div class=\"card \">\n\t\t\t\t\t\t\t\t\t\t\t\t\t\t\t\t\t<img decoding=\"async\"  src=\"https:\/\/bozita.com\/de\/wp-content\/uploads\/sites\/8\/2021\/06\/bozita-smakgaranti-hundmat-kattmat.jpeg\" alt=\"\">\n\t\t\t\t\t\t\t\t\t\t\t\t\t\t\t\t\t<!-- <img decoding=\"async\" src=\"\n\t\t\t\t\t\t\t\t\t\t\t\t\t\t\t\t\t\t\t\t\" alt=\"\n\t\t\t\t\t\t\t\t\t\t\t\t\t\t\t\t\t\t\t\t\t\t\t\t\t\t\t\"> -->\n\t\t\t\t\t\t\t\t<div class=\"card-body\">\n\t\t\t\t\t\t\t\t\t\t\t\t\t\t\t\t\t\t\t<h6>Verbessere die Interaktion mit Deinem Hund mithilfe von Aktivit\u00e4ten<\/h6>\n\t\t\t\t\t\t\t\t\t\t\t\t\t\t\t\t\t\t\t<a href=\"https:\/\/bozita.com\/de\/leben-mit-hund\/hunde-beschaftigen\/verbessern-sie-die-interaktion-mit-ihrem-hund-mithilfe-von-aktivitaten\/\">Weiterlesen &nbsp; ><\/a>\n\t\t\t\t\t\t\t\t<\/div>\n\t\t\t\t\t\t\t<\/div>\n\t\t\t\t\t\t<\/div>\n\n\t\t\t\t\t\t\t\t\t\t\t<div class=\"col-sm-6 col-md-6 col-lg-3\">\n\t\t\t\t\t\t\t\t\t\t\t\t\t\t<div class=\"card \">\n\t\t\t\t\t\t\t\t\t\t\t\t\t\t\t\t\t<img decoding=\"async\"  src=\"https:\/\/bozita.com\/de\/wp-content\/uploads\/sites\/8\/2021\/09\/bozita-hund-tonaring.jpg\" alt=\"\">\n\t\t\t\t\t\t\t\t\t\t\t\t\t\t\t\t\t<!-- <img decoding=\"async\" src=\"\n\t\t\t\t\t\t\t\t\t\t\t\t\t\t\t\t\t\t\t\t\" alt=\"\n\t\t\t\t\t\t\t\t\t\t\t\t\t\t\t\t\t\t\t\t\t\t\t\t\t\t\t\"> -->\n\t\t\t\t\t\t\t\t<div class=\"card-body\">\n\t\t\t\t\t\t\t\t\t\t\t\t\t\t\t\t\t\t\t<h6>Was macht man mit einem schwierigen pubertierenden Hund?<\/h6>\n\t\t\t\t\t\t\t\t\t\t\t\t\t\t\t\t\t\t\t<a href=\"https:\/\/bozita.com\/de\/leben-mit-hund\/hund-kaufen\/wie-man-die-richtige-rasse-auswahlt\/was-macht-man-mit-einem-schwierigen-pubertierenden-hund\/\">Weiterlesen &nbsp; ><\/a>\n\t\t\t\t\t\t\t\t<\/div>\n\t\t\t\t\t\t\t<\/div>\n\t\t\t\t\t\t<\/div>\n\n\t\t\t\t\t\t\t\t\t\t\t\t<\/div>\n\t\t<\/div>\n\t<\/section>\n","protected":false},"excerpt":{"rendered":"","protected":false},"author":1,"featured_media":7028,"parent":7071,"menu_order":0,"comment_status":"closed","ping_status":"closed","template":"guternberg.php","meta":{"footnotes":""},"acf":[],"yoast_head":"<!-- This site is optimized with the Yoast SEO plugin v21.3 - https:\/\/yoast.com\/wordpress\/plugins\/seo\/ -->\n<title>Umgebungstraining mit dem Welpen \u2013 was, wann und wie | Bozita DE<\/title>\n<meta name=\"description\" content=\"Im fr\u00fchen Alter sind Welpen besonders empf\u00e4nglich f\u00fcr soziale Anreize \u2013 die perfekte Zeit f\u00fcr das Umgebungstraining.\" \/>\n<meta name=\"robots\" content=\"index, follow, max-snippet:-1, max-image-preview:large, max-video-preview:-1\" \/>\n<link rel=\"canonical\" href=\"https:\/\/bozita.com\/de\/leben-mit-hund\/entwicklung-deines-hundes\/umgebungstraining-mit-dem-welpen-was-wann-und-wie\/\" \/>\n<meta property=\"og:locale\" content=\"de_DE\" \/>\n<meta property=\"og:type\" content=\"article\" \/>\n<meta property=\"og:title\" content=\"Umgebungstraining mit dem Welpen \u2013 was, wann und wie | Bozita DE\" \/>\n<meta property=\"og:description\" content=\"Im fr\u00fchen Alter sind Welpen besonders empf\u00e4nglich f\u00fcr soziale Anreize \u2013 die perfekte Zeit f\u00fcr das Umgebungstraining.\" \/>\n<meta property=\"og:url\" content=\"https:\/\/bozita.com\/de\/leben-mit-hund\/entwicklung-deines-hundes\/umgebungstraining-mit-dem-welpen-was-wann-und-wie\/\" \/>\n<meta property=\"og:site_name\" content=\"Bozita DE\" \/>\n<meta property=\"article:modified_time\" content=\"2022-07-18T11:51:51+00:00\" \/>\n<meta property=\"og:image\" content=\"https:\/\/bozita.com\/de\/wp-content\/uploads\/sites\/8\/2021\/08\/bozita-hundvalp-miljotraning-socialisering.jpeg\" \/>\n\t<meta property=\"og:image:width\" content=\"800\" \/>\n\t<meta property=\"og:image:height\" content=\"533\" \/>\n\t<meta property=\"og:image:type\" content=\"image\/jpeg\" \/>\n<meta name=\"twitter:card\" content=\"summary_large_image\" \/>\n<!-- \/ Yoast SEO plugin. -->","yoast_head_json":{"title":"Umgebungstraining mit dem Welpen \u2013 was, wann und wie | Bozita DE","description":"Im fr\u00fchen Alter sind Welpen besonders empf\u00e4nglich f\u00fcr soziale Anreize \u2013 die perfekte Zeit f\u00fcr das Umgebungstraining.","robots":{"index":"index","follow":"follow","max-snippet":"max-snippet:-1","max-image-preview":"max-image-preview:large","max-video-preview":"max-video-preview:-1"},"canonical":"https:\/\/bozita.com\/de\/leben-mit-hund\/entwicklung-deines-hundes\/umgebungstraining-mit-dem-welpen-was-wann-und-wie\/","og_locale":"de_DE","og_type":"article","og_title":"Umgebungstraining mit dem Welpen \u2013 was, wann und wie | Bozita DE","og_description":"Im fr\u00fchen Alter sind Welpen besonders empf\u00e4nglich f\u00fcr soziale Anreize \u2013 die perfekte Zeit f\u00fcr das Umgebungstraining.","og_url":"https:\/\/bozita.com\/de\/leben-mit-hund\/entwicklung-deines-hundes\/umgebungstraining-mit-dem-welpen-was-wann-und-wie\/","og_site_name":"Bozita DE","article_modified_time":"2022-07-18T11:51:51+00:00","og_image":[{"width":800,"height":533,"url":"https:\/\/bozita.com\/de\/wp-content\/uploads\/sites\/8\/2021\/08\/bozita-hundvalp-miljotraning-socialisering.jpeg","type":"image\/jpeg"}],"twitter_card":"summary_large_image","schema":{"@context":"https:\/\/schema.org","@graph":[{"@type":"WebPage","@id":"https:\/\/bozita.com\/de\/leben-mit-hund\/entwicklung-deines-hundes\/umgebungstraining-mit-dem-welpen-was-wann-und-wie\/","url":"https:\/\/bozita.com\/de\/leben-mit-hund\/entwicklung-deines-hundes\/umgebungstraining-mit-dem-welpen-was-wann-und-wie\/","name":"Umgebungstraining mit dem Welpen \u2013 was, wann und wie | Bozita DE","isPartOf":{"@id":"https:\/\/bozita.com\/de\/#website"},"datePublished":"2021-08-11T17:37:06+00:00","dateModified":"2022-07-18T11:51:51+00:00","description":"Im fr\u00fchen Alter sind Welpen besonders empf\u00e4nglich f\u00fcr soziale Anreize \u2013 die perfekte Zeit f\u00fcr das Umgebungstraining.","breadcrumb":{"@id":"https:\/\/bozita.com\/de\/leben-mit-hund\/entwicklung-deines-hundes\/umgebungstraining-mit-dem-welpen-was-wann-und-wie\/#breadcrumb"},"inLanguage":"de","potentialAction":[{"@type":"ReadAction","target":["https:\/\/bozita.com\/de\/leben-mit-hund\/entwicklung-deines-hundes\/umgebungstraining-mit-dem-welpen-was-wann-und-wie\/"]}]},{"@type":"BreadcrumbList","@id":"https:\/\/bozita.com\/de\/leben-mit-hund\/entwicklung-deines-hundes\/umgebungstraining-mit-dem-welpen-was-wann-und-wie\/#breadcrumb","itemListElement":[{"@type":"ListItem","position":1,"name":"Startseite","item":"https:\/\/bozita.com\/de\/"},{"@type":"ListItem","position":2,"name":"Leben mit Hund","item":"https:\/\/bozita.com\/de\/leben-mit-hund\/"},{"@type":"ListItem","position":3,"name":"Entwicklung Deines Hundes","item":"https:\/\/bozita.com\/de\/leben-mit-hund\/entwicklung-deines-hundes\/"},{"@type":"ListItem","position":4,"name":"Umgebungstraining mit dem Welpen \u2013 was, wann und wie"}]},{"@type":"WebSite","@id":"https:\/\/bozita.com\/de\/#website","url":"https:\/\/bozita.com\/de\/","name":"Bozita DE","description":"","potentialAction":[{"@type":"SearchAction","target":{"@type":"EntryPoint","urlTemplate":"https:\/\/bozita.com\/de\/?s={search_term_string}"},"query-input":"required name=search_term_string"}],"inLanguage":"de"}]}},"_links":{"self":[{"href":"https:\/\/bozita.com\/de\/wp-json\/wp\/v2\/pages\/7027"}],"collection":[{"href":"https:\/\/bozita.com\/de\/wp-json\/wp\/v2\/pages"}],"about":[{"href":"https:\/\/bozita.com\/de\/wp-json\/wp\/v2\/types\/page"}],"author":[{"embeddable":true,"href":"https:\/\/bozita.com\/de\/wp-json\/wp\/v2\/users\/1"}],"replies":[{"embeddable":true,"href":"https:\/\/bozita.com\/de\/wp-json\/wp\/v2\/comments?post=7027"}],"version-history":[{"count":6,"href":"https:\/\/bozita.com\/de\/wp-json\/wp\/v2\/pages\/7027\/revisions"}],"predecessor-version":[{"id":11966,"href":"https:\/\/bozita.com\/de\/wp-json\/wp\/v2\/pages\/7027\/revisions\/11966"}],"up":[{"embeddable":true,"href":"https:\/\/bozita.com\/de\/wp-json\/wp\/v2\/pages\/7071"}],"wp:featuredmedia":[{"embeddable":true,"href":"https:\/\/bozita.com\/de\/wp-json\/wp\/v2\/media\/7028"}],"wp:attachment":[{"href":"https:\/\/bozita.com\/de\/wp-json\/wp\/v2\/media?parent=7027"}],"curies":[{"name":"wp","href":"https:\/\/api.w.org\/{rel}","templated":true}]}}