{"id":7053,"date":"2021-08-11T17:34:40","date_gmt":"2021-08-11T17:34:40","guid":{"rendered":"https:\/\/bozita.com\/de\/die-entwicklung-der-katze\/kann-man-eine-katze-oder-ein-kitten-trainieren\/"},"modified":"2022-07-19T05:22:41","modified_gmt":"2022-07-19T05:22:41","slug":"kann-man-eine-katze-oder-ein-kitten-trainieren","status":"publish","type":"page","link":"https:\/\/bozita.com\/de\/leben-mit-katze\/die-entwicklung-der-katze-2\/kann-man-eine-katze-oder-ein-kitten-trainieren\/","title":{"rendered":"Kann man eine Katze oder ein Kitten trainieren?"},"content":{"rendered":"\t\t<section class=\"small-hero\">\n\t\t\t<div class=\"container\">\n\t\t\t\t<h1 class=\"small-hero-title\">Kann man eine Katze oder ein Kitten trainieren? <\/h1>\t\t\t<\/div>\n\t\t\t<\/div>\n\t\t<\/section>\n\t\n\n\t<div class=\"text-box-warp\">\n\t\t<div class=\"container\">\n\t\t\t<div class=\"text-content\">\n\t\t\t\t<p>Ist es an der Zeit, zum Tierarzt oder in die Ferien zu fahren? F\u00fcr viele Katzen und Katzenbesitzer bedeutet das Stress, da Katzen Gewohnheitstiere sind und in der Vertrautheit ihrer Umgebung ihr Gef\u00fchl von Sicherheit entwickeln. Reisen oder Tierarztbesuche m\u00fcssen jedoch nicht unbedingt mit Angst und Stress einhergehen. Es gibt Methoden, mit denen Du Deine Katze bzw. Dein Katzenbaby trainieren kannst, um sie schneller an neue Dinge zu gew\u00f6hnen. So verringerst Du das Risiko, dass die Katze diese Art von Situation als negativ empfindet.<\/p>\n<h2>TRAINIERE DEINE KATZE MIT BELOHNUNGEN<\/h2>\n<p>Als Tierhalter erwarten wir, dass Katzen mit einer Reihe von allt\u00e4glichen Situationen umgehen, die sich f\u00fcr Katzen jedoch eher unnat\u00fcrlich anf\u00fchlen k\u00f6nnen, wie z. B. Autofahren, Tierarztbesuche oder regelm\u00e4\u00dfige Pflege wie Krallenschneiden oder Zahnpflege. Als Haustierbesitzer kannst Du Deinem Katzenbaby helfen, mit diesen und anderen ungewohnten Situationen umzugehen, indem Du Dein Kitten trainierst. Katzen reagieren sehr gut auf belohnungsbasiertes Training. Bei dieser Art von Training wird die gew\u00fcnschte Verhaltensweise durch etwas verst\u00e4rkt, das die Katze als lohnenswert erachtet, und ungew\u00fcnschte Verhaltensmuster vom Tierhalter ignoriert. Dieser Ansatz wird auch als positive Verst\u00e4rkung bezeichnet. Was als Belohnung empfunden wird, ist dabei individuell abh\u00e4ngig. Das kann beispielsweise ein Leckerli sein, gemeinsames Spielen, Streicheleinheiten oder B\u00fcrsten. Wichtig ist, dass es die Katze als positiv, also lohnenswert, empfindet.<\/p>\n<h2>TRAINIERE DEINE KATZE ODER KITTEN SCHRITTWEISE<\/h2>\n<p>Eine Herangehensweise, wie Du mit positiver Verst\u00e4rkung ein gew\u00fcnschtes Verhalten trainieren kannst, besteht darin, das endg\u00fcltige Verhaltensmuster in kleinere Trainingseinheiten aufzuteilen und diese Schritt f\u00fcr Schritt anzutrainieren. In ihrer Gesamtheit schaffen diese Trainingsabschnitte dann das gew\u00fcnschte Verhaltensmuster. Du kannst diese Methode anwenden, wenn die Katze mit einer neuen Situation konfrontiert wird, wie z. B. dem Z\u00e4hneputzen, Krallenschneiden oder wenn sie sich daran gew\u00f6hnen soll, in einer Transportbox zu sein. Ein Katzenbaby an eine Transportbox zu gew\u00f6hnen und sie sogar zu einer positiven Erfahrung werden zu lassen, kann viele Alltagssituationen vereinfachen. So trainierst Du Deine Katze&#8230;<\/p>\n<p>Hier siehst Du ein Beispiel daf\u00fcr, wie Du Dein Kitten trainieren kannst, damit es sich an die Transportbox gew\u00f6hnt und diese lieben lernt. \u00c4hnliche Herangehensweisen, bei denen das gew\u00fcnschte Verhalten in kleineren Trainingsschritten aufgeteilt wird, k\u00f6nnen auch angewandt werden, um das Katzenbaby auf andere Aktivit\u00e4ten, wie Krallenschneiden oder an der Leine laufen, vorzubereiten. Im hier gezeigten Beispiel wurden Leckerlis als Belohnung verwendet. Abh\u00e4ngig davon, was das Katzenbaby bevorzugt, kannst Du es aber auch mit Streicheleinheiten oder Spielen belohnen. Wenn das Kitten Zeichen von Unwohlsein zeigt, solltest Du Eurer Training um einen oder mehrere Schritte zur\u00fcckfahren.<\/p>\n<ol>\n<li><strong>Trainiere das Kitten, sich mit der Transportbox anzufreunden.<\/strong><br \/>\nSchaffe eine positive Verbindung mit der Transportbox, indem Du sie vorerst (ohne T\u00fcr) hinstellst und das Katzenbaby belohnst, wenn es in dessen N\u00e4he und schlie\u00dflich darin sitzt.<\/li>\n<li><strong>Trainiere das Kitten, in der Box zu bleiben.<\/strong><br \/>\nWenn sich das Katzenbaby in der Box wohlf\u00fchlt und es diese freiwillig betritt, kannst Du zus\u00e4tzlich die T\u00fcr schlie\u00dfen. Beginne, indem Du einfach die T\u00fcr schlie\u00dft, eine Belohnung gibst und die T\u00fcr wieder \u00f6ffnest. Erh\u00f6he langsam die Zeitspanne, in der die T\u00fcr geschlossen bleibt, z. B. 3 Sekunden lang, belohne das K\u00e4tzchen und \u00f6ffne die T\u00fcr wieder. Verl\u00e4ngere langsam die Zeitspanne, abh\u00e4ngig davon, wie das Katzenbaby reagiert.<\/li>\n<li><strong>Gew\u00f6hne das Katzenbaby an die Bewegung der Transportbox.<\/strong><br \/>\nWenn sich das Katzenbaby f\u00fcr eine l\u00e4ngere Zeit (ca. 3 Minuten) in der Box wohlf\u00fchlt, kannst Du den K\u00e4fig zus\u00e4tzlich leicht anheben, absenken und das Katzenbaby dann belohnen. Lege dann k\u00fcrzere Strecken mit der Transportbox zur\u00fcck. Erst innerhalb des Hauses und dann bis zum Auto und zur\u00fcck. Belohne Dein K\u00e4tzchen kontinuierlich.<\/li>\n<li><strong>Gew\u00f6hne die Katze an das Reisen in der Transportbox.<\/strong><br \/>\nWenn das Katzenbaby mit allen vorherigen Schritten umgehen kann, was Du daran sehen kannst, dass es ruhig bleibt und seine Belohnungen entgegennimmt, kannst Du damit beginnen, das Auto zu starten und danach k\u00fcrzere Strecken mit dem Kitten zur\u00fcckzulegen. Behalte das Belohnen kontinuierlich bei. Au\u00dferdem ist es empfehlenswert, dass die ersten Ausfl\u00fcge in Erfahrungen resultieren, die das Katzenbaby als positiv empfindet, z. B. wenn es nach dem Ausstieg aus der Box auf sein Lieblingsessen trifft.<\/li>\n<li><strong>Erhalte das positive Bild der Transportbox f\u00fcr das Katzenbaby aufrecht.<\/strong><br \/>\nBewahre die Transportbox (ohne T\u00fcr) als Teil Deiner Einrichtung zu Hause auf, damit das Katzenbaby es sich auch weiterhin darin gem\u00fctlich machen kann. Es ist zu empfehlen, das Kitten auch weiterhin ab und zu in der Box zu belohnen.<\/li>\n<\/ol>\n<h2>TRAINIERE DEINE KATZE MIT POSITIVEN ERFAHRUNGEN<\/h2>\n<p>Es ist immer besser, erste Erfahrungen mit einer f\u00fcr das Katzenbaby neuen Situation positiv zu gestalten, anstatt diese im Nachhinein mithilfe von Belohnungen in k\u00fcnftigen Situationen verbessern zu wollen. Deshalb sollte der erste Besuch beim Tierarzt nicht zu einer Impfinjektion oder einer Untersuchung f\u00fchren, sondern lediglich zu ein paar Leckerlis. Viele Tierkliniken bieten die M\u00f6glichkeit, nur zu Besuch zu kommen, um aus der Transportbox auszusteigen und Streicheleinheiten und ein Leckerli zu bekommen. Macht die Katze bei ihrem ersten Besuch in der Klinik eine positive Erfahrung, erleichtert das dem Tierarztpersonal bei zuk\u00fcnftigen Besuchen und Behandlungen die Arbeit.<\/p>\n<h2>WENN DIE KATZE UNS TRAINIERT<\/h2>\n<p>Nicht nur wir trainieren Katzen, Katzen \u201etrainieren\u201c auch uns. Katzen verstehen sehr schnell, ihr Verhalten (Handlungen) mit w\u00fcnschenswerten Konsequenzen, die als f\u00fcr sie lohnenswert empfunden werden, miteinander zu verkn\u00fcpfen. Da kann schon mal das Mauzen in der Nacht reichen, das zu mehr Futter (der Belohnung) f\u00fchrt oder das Kratzen an der T\u00fcr, das dazu f\u00fchrt, dass sie jemand \u00f6ffnet (die Belohnung). Achte also darauf, welches Verhalten Du als Katzenbesitzer akzeptieren und belohnen m\u00f6chtest. Wenn Du bereits ein bestimmtes Verhalten belohnt hast, das Du nun bereust, ist es einfacher, das Verhalten durch ein neues akzeptableres zu ersetzen, als es abzutrainieren. Wenn die Katze beispielsweise an der T\u00fcr kratzt, um zu signalisieren, dass sie nach drau\u00dfen gehen m\u00f6chte und dies nicht als w\u00fcnschenswert empfunden wird, ist es einfacher ein akzeptableres Verhalten zu finden, z. B. einen \u201ePing\u201c aufzuh\u00e4ngen, den die Katze aktivieren kann, als zu versuchen, das Verhalten der Katze zu beenden, indem Du sie ignorierst.<\/p>\n\t\t\t<\/div>\n\t\t<\/div>\n\t<\/div>\n\n\n\n\t<section class=\"block related-articles\">\n\t\t<div class=\"container\">\n\t\t\t<h2>Entdecke weitere Themen <\/h2>\n\t\t\t<div class=\"row justify-content-center\">\n\t\t\t\t\t\t\t\t\t\t<div class=\"col-sm-6 col-md-6 col-lg-3\">\n\t\t\t\t\t\t\t\t\t\t\t\t\t\t<div class=\"card \">\n\t\t\t\t\t\t\t\t\t\t\t\t\t\t\t\t\t<img decoding=\"async\"  src=\"https:\/\/bozita.com\/de\/wp-content\/uploads\/sites\/8\/2021\/09\/bozita-socialisera-kattunge.jpg\" alt=\"\">\n\t\t\t\t\t\t\t\t\t\t\t\t\t\t\t\t\t<!-- <img decoding=\"async\" src=\"\n\t\t\t\t\t\t\t\t\t\t\t\t\t\t\t\t\t\t\t\t\" alt=\"\n\t\t\t\t\t\t\t\t\t\t\t\t\t\t\t\t\t\t\t\t\t\t\t\t\t\t\t\"> -->\n\t\t\t\t\t\t\t\t<div class=\"card-body\">\n\t\t\t\t\t\t\t\t\t\t\t\t\t\t\t\t\t\t\t<h6>Katzenbabys entwicklung \u2013\u00a0Die erste Zeit mit Katze<\/h6>\n\t\t\t\t\t\t\t\t\t\t\t\t\t\t\t\t\t\t\t<a href=\"https:\/\/bozita.com\/de\/leben-mit-katze\/die-entwicklung-der-katze\/katzenbabys-entwicklung-und-sozialisierung\/\">Weiterlesen &nbsp; ><\/a>\n\t\t\t\t\t\t\t\t<\/div>\n\t\t\t\t\t\t\t<\/div>\n\t\t\t\t\t\t<\/div>\n\n\t\t\t\t\t\t\t\t\t\t\t<div class=\"col-sm-6 col-md-6 col-lg-3\">\n\t\t\t\t\t\t\t\t\t\t\t\t\t\t<div class=\"card \">\n\t\t\t\t\t\t\t\t\t\t\t\t\t\t\t\t\t<img decoding=\"async\"  src=\"https:\/\/bozita.com\/de\/wp-content\/uploads\/sites\/8\/2021\/09\/bozita-introducera-katter-for-varandra-elin-hirsch.jpg\" alt=\"\">\n\t\t\t\t\t\t\t\t\t\t\t\t\t\t\t\t\t<!-- <img decoding=\"async\" src=\"\n\t\t\t\t\t\t\t\t\t\t\t\t\t\t\t\t\t\t\t\t\" alt=\"\n\t\t\t\t\t\t\t\t\t\t\t\t\t\t\t\t\t\t\t\t\t\t\t\t\t\t\t\"> -->\n\t\t\t\t\t\t\t\t<div class=\"card-body\">\n\t\t\t\t\t\t\t\t\t\t\t\t\t\t\t\t\t\t\t<h6>Zwei Katzen aneinander gew\u00f6hnen<\/h6>\n\t\t\t\t\t\t\t\t\t\t\t\t\t\t\t\t\t\t\t<a href=\"https:\/\/bozita.com\/de\/leben-mit-katze\/die-entwicklung-der-katze\/zwei-oder-mehrere-katzen-aneinander-gewohnen\/\">Weiterlesen &nbsp; ><\/a>\n\t\t\t\t\t\t\t\t<\/div>\n\t\t\t\t\t\t\t<\/div>\n\t\t\t\t\t\t<\/div>\n\n\t\t\t\t\t\t\t\t\t\t\t<div class=\"col-sm-6 col-md-6 col-lg-3\">\n\t\t\t\t\t\t\t\t\t\t\t\t\t\t<div class=\"card \">\n\t\t\t\t\t\t\t\t\t\t\t\t\t\t\t\t\t<img decoding=\"async\"  src=\"https:\/\/bozita.com\/de\/wp-content\/uploads\/sites\/8\/2021\/08\/bozita-introducera-katt-hund.jpg\" alt=\"\">\n\t\t\t\t\t\t\t\t\t\t\t\t\t\t\t\t\t<!-- <img decoding=\"async\" src=\"\n\t\t\t\t\t\t\t\t\t\t\t\t\t\t\t\t\t\t\t\t\" alt=\"\n\t\t\t\t\t\t\t\t\t\t\t\t\t\t\t\t\t\t\t\t\t\t\t\t\t\t\t\"> -->\n\t\t\t\t\t\t\t\t<div class=\"card-body\">\n\t\t\t\t\t\t\t\t\t\t\t\t\t\t\t\t\t\t\t<h6>Hund an Katze gew\u00f6hnen \u2013 So funktioniert&#8217;s<\/h6>\n\t\t\t\t\t\t\t\t\t\t\t\t\t\t\t\t\t\t\t<a href=\"https:\/\/bozita.com\/de\/leben-mit-katze\/die-entwicklung-der-katze-2\/gewohne-katze-und-hund-in-drei-schritten-aneinander\/\">Weiterlesen &nbsp; ><\/a>\n\t\t\t\t\t\t\t\t<\/div>\n\t\t\t\t\t\t\t<\/div>\n\t\t\t\t\t\t<\/div>\n\n\t\t\t\t\t\t\t\t\t\t\t\t<\/div>\n\t\t<\/div>\n\t<\/section>\n","protected":false},"excerpt":{"rendered":"","protected":false},"author":1,"featured_media":7054,"parent":6955,"menu_order":0,"comment_status":"closed","ping_status":"closed","template":"guternberg.php","meta":{"footnotes":""},"acf":[],"yoast_head":"<!-- This site is optimized with the Yoast SEO plugin v21.3 - https:\/\/yoast.com\/wordpress\/plugins\/seo\/ -->\n<title>Kann man eine Katze oder ein Kitten trainieren? | Bozita DE<\/title>\n<meta name=\"description\" content=\"Das Katzentraining l\u00e4sst sich spielend leicht mit Belohnungen realisieren. So k\u00f6nnen Sie etwa mit Ihrem Kitten trainieren, die Transportbox zu akzeptieren.\" \/>\n<meta name=\"robots\" content=\"index, follow, max-snippet:-1, max-image-preview:large, max-video-preview:-1\" \/>\n<link rel=\"canonical\" href=\"https:\/\/bozita.com\/de\/leben-mit-katze\/die-entwicklung-der-katze-2\/kann-man-eine-katze-oder-ein-kitten-trainieren\/\" \/>\n<meta property=\"og:locale\" content=\"de_DE\" \/>\n<meta property=\"og:type\" content=\"article\" \/>\n<meta property=\"og:title\" content=\"Kann man eine Katze oder ein Kitten trainieren? | Bozita DE\" \/>\n<meta property=\"og:description\" content=\"Das Katzentraining l\u00e4sst sich spielend leicht mit Belohnungen realisieren. So k\u00f6nnen Sie etwa mit Ihrem Kitten trainieren, die Transportbox zu akzeptieren.\" \/>\n<meta property=\"og:url\" content=\"https:\/\/bozita.com\/de\/leben-mit-katze\/die-entwicklung-der-katze-2\/kann-man-eine-katze-oder-ein-kitten-trainieren\/\" \/>\n<meta property=\"og:site_name\" content=\"Bozita DE\" \/>\n<meta property=\"article:modified_time\" content=\"2022-07-19T05:22:41+00:00\" \/>\n<meta property=\"og:image\" content=\"https:\/\/bozita.com\/de\/wp-content\/uploads\/sites\/8\/2021\/08\/bozita-trana-katt-kattunge.jpg\" \/>\n\t<meta property=\"og:image:width\" content=\"800\" \/>\n\t<meta property=\"og:image:height\" content=\"534\" \/>\n\t<meta property=\"og:image:type\" content=\"image\/jpeg\" \/>\n<meta name=\"twitter:card\" content=\"summary_large_image\" \/>\n<!-- \/ Yoast SEO plugin. -->","yoast_head_json":{"title":"Kann man eine Katze oder ein Kitten trainieren? | Bozita DE","description":"Das Katzentraining l\u00e4sst sich spielend leicht mit Belohnungen realisieren. So k\u00f6nnen Sie etwa mit Ihrem Kitten trainieren, die Transportbox zu akzeptieren.","robots":{"index":"index","follow":"follow","max-snippet":"max-snippet:-1","max-image-preview":"max-image-preview:large","max-video-preview":"max-video-preview:-1"},"canonical":"https:\/\/bozita.com\/de\/leben-mit-katze\/die-entwicklung-der-katze-2\/kann-man-eine-katze-oder-ein-kitten-trainieren\/","og_locale":"de_DE","og_type":"article","og_title":"Kann man eine Katze oder ein Kitten trainieren? | Bozita DE","og_description":"Das Katzentraining l\u00e4sst sich spielend leicht mit Belohnungen realisieren. So k\u00f6nnen Sie etwa mit Ihrem Kitten trainieren, die Transportbox zu akzeptieren.","og_url":"https:\/\/bozita.com\/de\/leben-mit-katze\/die-entwicklung-der-katze-2\/kann-man-eine-katze-oder-ein-kitten-trainieren\/","og_site_name":"Bozita DE","article_modified_time":"2022-07-19T05:22:41+00:00","og_image":[{"width":800,"height":534,"url":"https:\/\/bozita.com\/de\/wp-content\/uploads\/sites\/8\/2021\/08\/bozita-trana-katt-kattunge.jpg","type":"image\/jpeg"}],"twitter_card":"summary_large_image","schema":{"@context":"https:\/\/schema.org","@graph":[{"@type":"WebPage","@id":"https:\/\/bozita.com\/de\/leben-mit-katze\/die-entwicklung-der-katze-2\/kann-man-eine-katze-oder-ein-kitten-trainieren\/","url":"https:\/\/bozita.com\/de\/leben-mit-katze\/die-entwicklung-der-katze-2\/kann-man-eine-katze-oder-ein-kitten-trainieren\/","name":"Kann man eine Katze oder ein Kitten trainieren? | Bozita DE","isPartOf":{"@id":"https:\/\/bozita.com\/de\/#website"},"datePublished":"2021-08-11T17:34:40+00:00","dateModified":"2022-07-19T05:22:41+00:00","description":"Das Katzentraining l\u00e4sst sich spielend leicht mit Belohnungen realisieren. So k\u00f6nnen Sie etwa mit Ihrem Kitten trainieren, die Transportbox zu akzeptieren.","breadcrumb":{"@id":"https:\/\/bozita.com\/de\/leben-mit-katze\/die-entwicklung-der-katze-2\/kann-man-eine-katze-oder-ein-kitten-trainieren\/#breadcrumb"},"inLanguage":"de","potentialAction":[{"@type":"ReadAction","target":["https:\/\/bozita.com\/de\/leben-mit-katze\/die-entwicklung-der-katze-2\/kann-man-eine-katze-oder-ein-kitten-trainieren\/"]}]},{"@type":"BreadcrumbList","@id":"https:\/\/bozita.com\/de\/leben-mit-katze\/die-entwicklung-der-katze-2\/kann-man-eine-katze-oder-ein-kitten-trainieren\/#breadcrumb","itemListElement":[{"@type":"ListItem","position":1,"name":"Startseite","item":"https:\/\/bozita.com\/de\/"},{"@type":"ListItem","position":2,"name":"Leben mit Katze","item":"https:\/\/bozita.com\/de\/leben-mit-katze\/"},{"@type":"ListItem","position":3,"name":"Katzenentwicklung \u2013 Guter Katzenbesitzer werden","item":"https:\/\/bozita.com\/de\/leben-mit-katze\/die-entwicklung-der-katze-2\/"},{"@type":"ListItem","position":4,"name":"Kann man eine Katze oder ein Kitten trainieren?"}]},{"@type":"WebSite","@id":"https:\/\/bozita.com\/de\/#website","url":"https:\/\/bozita.com\/de\/","name":"Bozita DE","description":"","potentialAction":[{"@type":"SearchAction","target":{"@type":"EntryPoint","urlTemplate":"https:\/\/bozita.com\/de\/?s={search_term_string}"},"query-input":"required name=search_term_string"}],"inLanguage":"de"}]}},"_links":{"self":[{"href":"https:\/\/bozita.com\/de\/wp-json\/wp\/v2\/pages\/7053"}],"collection":[{"href":"https:\/\/bozita.com\/de\/wp-json\/wp\/v2\/pages"}],"about":[{"href":"https:\/\/bozita.com\/de\/wp-json\/wp\/v2\/types\/page"}],"author":[{"embeddable":true,"href":"https:\/\/bozita.com\/de\/wp-json\/wp\/v2\/users\/1"}],"replies":[{"embeddable":true,"href":"https:\/\/bozita.com\/de\/wp-json\/wp\/v2\/comments?post=7053"}],"version-history":[{"count":4,"href":"https:\/\/bozita.com\/de\/wp-json\/wp\/v2\/pages\/7053\/revisions"}],"predecessor-version":[{"id":11851,"href":"https:\/\/bozita.com\/de\/wp-json\/wp\/v2\/pages\/7053\/revisions\/11851"}],"up":[{"embeddable":true,"href":"https:\/\/bozita.com\/de\/wp-json\/wp\/v2\/pages\/6955"}],"wp:featuredmedia":[{"embeddable":true,"href":"https:\/\/bozita.com\/de\/wp-json\/wp\/v2\/media\/7054"}],"wp:attachment":[{"href":"https:\/\/bozita.com\/de\/wp-json\/wp\/v2\/media?parent=7053"}],"curies":[{"name":"wp","href":"https:\/\/api.w.org\/{rel}","templated":true}]}}