{"id":7059,"date":"2021-08-11T17:33:56","date_gmt":"2021-08-11T17:33:56","guid":{"rendered":"https:\/\/bozita.com\/de\/die-entwicklung-der-katze\/gewohne-katze-und-hund-in-drei-schritten-aneinander\/"},"modified":"2022-07-19T07:35:01","modified_gmt":"2022-07-19T07:35:01","slug":"gewohne-katze-und-hund-in-drei-schritten-aneinander","status":"publish","type":"page","link":"https:\/\/bozita.com\/de\/leben-mit-katze\/die-entwicklung-der-katze-2\/gewohne-katze-und-hund-in-drei-schritten-aneinander\/","title":{"rendered":"Hund an Katze gew\u00f6hnen \u2013 So funktioniert&#8217;s"},"content":{"rendered":"\t\t<section class=\"small-hero\">\n\t\t\t<div class=\"container\">\n\t\t\t\t<h1 class=\"small-hero-title\">Gew\u00f6hne Katze und Hund in drei Schritten aneinander<\/h1>\t\t\t<\/div>\n\t\t\t<\/div>\n\t\t<\/section>\n\t\n\n\t<div class=\"text-box-warp\">\n\t\t<div class=\"container\">\n\t\t\t<div class=\"text-content\">\n\t\t\t\t<p>Hund und Katze aneinander zu gew\u00f6hnen funktioniert in den meisten F\u00e4llen reibungslos, doch ben\u00f6tigt es etwas \u00dcbung und Geduld, bis sie gut miteinander auskommen und zusammenleben k\u00f6nnen. Das Wichtigste sind die Sicherheit und die passenden Voraussetzungen f\u00fcr beide Tiere, sodass das Treffen zum m\u00f6glichst positiven Erlebnis wird und sie sich letztendlich gegenseitig akzeptieren. Im Folgenden findest Du drei einfache Schritte, die Du befolgen kannst, wenn Du Dir eine Katze anschaffen m\u00f6chtest und bereits einen Hund hast.<\/p>\n<h2>SCHRITT 1 \u2013 GEW\u00d6HNE KATZE UND HUND AN DEN JEWEILIGEN GERUCH DES ANDEREN TIERES<\/h2>\n<p>Sowohl Katzen als auch Hunde kommunizieren \u00fcber die Markierung von Duftnoten, weshalb es wichtig ist, Hund und Katze einander zun\u00e4chst \u00fcber den anderen Geruch vorzustellen. Bringe die beiden Tiere in zwei verschiedenen R\u00e4umen unter und lasse Katze und Hund an der Decke oder einem Spielzeug des jeweils anderen schnuppern. Danach wird das erste Aufeinandertreffen nicht mehr ganz so schockierend sein.<\/p>\n<p>Reagiert eines der beiden Tiere negativ auf Decke oder Spielzeug, nimm den Gegenstand weg, breche die \u00dcbung ab und probiere es zu einem sp\u00e4teren Zeitpunkt erneut. Erzwinge nichts. Lasse die beiden die R\u00e4ume wechseln und gehe auf gleiche Weise vor, bis Hund und Katze neutral oder positiv auf den jeweils anderen Geruch reagieren. Belohne die Tiere mit Leckerlis und Lob, wenn sie gelassen am Objekt schnuppern oder sich nicht darum k\u00fcmmern.<\/p>\n<h2>SCHRITT 2 \u2013 KATZE UND HUND AUF ABSTAND KENNENLERNEN LASSEN<\/h2>\n<p>Ist der erste Schritt gemacht und Katze und Hund haben sich an den jeweils anderen Geruch in ihrem eigenen Revier gew\u00f6hnt, kannst Du die beiden von Angesicht zu Angesicht miteinander vertraut machen. Achte darauf, zun\u00e4chst ein Gitter oder einen Treppenschutz bereitzustellen. Wenn Du Hund und Katze miteinander bekanntmachst, solltest Du den Hund vorerst anleinen, sodass er unter Kontrolle ist, sollte er allzu aufgeregt sein oder aggressiv werden.<\/p>\n<p>Belohne auch hier die positiven und neutralen Reaktionen der beiden mit Leckerlis und Lob und wiederhole die \u00dcbung lieber mehrmals f\u00fcr kurze statt f\u00fcr l\u00e4ngere Zeit. Es kann etwas dauern, bis Katze und Hund sich in der Gesellschaft des jeweils anderen sicher f\u00fchlen. Zudem ist es sehr wichtig, dass es f\u00fcr beide als positives Erlebnis empfunden wird.<\/p>\n<h2>SCHRITT 3 \u2013 KATZE UND HUND IM SELBEN RAUM LASSEN<\/h2>\n<p>Haben sich die beiden Tiere auf Abstand kennengelernt, ist es an der Zeit, dass sie sich richtig beschnuppern k\u00f6nnen. Lasse sie zun\u00e4chst im selben Raum, w\u00e4hrend der Hund weiterhin angeleint ist oder ein Geschirr tr\u00e4gt. M\u00f6chtest Du einen kleineren Hund oder Welpen an eine Katze gew\u00f6hnen, kann es n\u00f6tig sein, diesen vor der Katze zu besch\u00fctzen, sollte sie aggressiv werden. Achte darauf, der Katze einen Fluchtweg zu bieten, falls es ihr zu viel wird. Lasse daf\u00fcr mindestens eine Zimmert\u00fcr ge\u00f6ffnet. Belohne auch hier gutes Verhalten, sodass sich die Tiere gegenseitig mit etwas Positivem verbinden.<\/p>\n<p>Lasse das Kennenlernen zwischen Hund und Katze in aller Ruhe ablaufen und bleibe in der ersten Zeit immer bei den Tieren. Auch hier sind \u00dcbung und Wiederholungen notwendig. Erst wenn sich beide f\u00fcr l\u00e4ngere Zeit im selben Raum aufhalten k\u00f6nnen, ohne sich dabei unwohl zu f\u00fchlen, sind Hund und Katze dazu bereit, richtig gute Freunde zu werden.<\/p>\n<p>Wir w\u00fcnschen Dir viel Erfolg dabei, Hund und Katze aneinander zu gew\u00f6hnen.<\/p>\n\t\t\t<\/div>\n\t\t<\/div>\n\t<\/div>\n\n\n\n\t<section class=\"block related-articles\">\n\t\t<div class=\"container\">\n\t\t\t<h2>Entdecke weitere Artikel<\/h2>\n\t\t\t<div class=\"row justify-content-center\">\n\t\t\t\t\t\t\t\t\t\t<div class=\"col-sm-6 col-md-6 col-lg-3\">\n\t\t\t\t\t\t\t\t\t\t\t\t\t\t<div class=\"card \">\n\t\t\t\t\t\t\t\t\t\t\t\t\t\t\t\t\t<img decoding=\"async\"  src=\"https:\/\/bozita.com\/de\/wp-content\/uploads\/sites\/8\/2021\/09\/bozita-socialisera-kattunge.jpg\" alt=\"\">\n\t\t\t\t\t\t\t\t\t\t\t\t\t\t\t\t\t<!-- <img decoding=\"async\" src=\"\n\t\t\t\t\t\t\t\t\t\t\t\t\t\t\t\t\t\t\t\t\" alt=\"\n\t\t\t\t\t\t\t\t\t\t\t\t\t\t\t\t\t\t\t\t\t\t\t\t\t\t\t\"> -->\n\t\t\t\t\t\t\t\t<div class=\"card-body\">\n\t\t\t\t\t\t\t\t\t\t\t\t\t\t\t\t\t\t\t<h6>Katzenbabys entwicklung \u2013\u00a0Die erste Zeit mit Katze<\/h6>\n\t\t\t\t\t\t\t\t\t\t\t\t\t\t\t\t\t\t\t<a href=\"https:\/\/bozita.com\/de\/leben-mit-katze\/die-entwicklung-der-katze\/katzenbabys-entwicklung-und-sozialisierung\/\">Weiterlesen &nbsp; ><\/a>\n\t\t\t\t\t\t\t\t<\/div>\n\t\t\t\t\t\t\t<\/div>\n\t\t\t\t\t\t<\/div>\n\n\t\t\t\t\t\t\t\t\t\t\t<div class=\"col-sm-6 col-md-6 col-lg-3\">\n\t\t\t\t\t\t\t\t\t\t\t\t\t\t<div class=\"card \">\n\t\t\t\t\t\t\t\t\t\t\t\t\t\t\t\t\t<img decoding=\"async\"  src=\"https:\/\/bozita.com\/de\/wp-content\/uploads\/sites\/8\/2021\/08\/bozita_swedish-natural-quality.jpg\" alt=\"\">\n\t\t\t\t\t\t\t\t\t\t\t\t\t\t\t\t\t<!-- <img decoding=\"async\" src=\"\n\t\t\t\t\t\t\t\t\t\t\t\t\t\t\t\t\t\t\t\t\" alt=\"\n\t\t\t\t\t\t\t\t\t\t\t\t\t\t\t\t\t\t\t\t\t\t\t\t\t\t\t\"> -->\n\t\t\t\t\t\t\t\t<div class=\"card-body\">\n\t\t\t\t\t\t\t\t\t\t\t\t\t\t\t\t\t\t\t<h6>Anatomie und Physiologie der Katze<\/h6>\n\t\t\t\t\t\t\t\t\t\t\t\t\t\t\t\t\t\t\t<a href=\"https:\/\/bozita.com\/de\/leben-mit-katze\/die-entwicklung-der-katze-2\/anatomie-und-physiologie-der-katze\/\">Weiterlesen &nbsp; ><\/a>\n\t\t\t\t\t\t\t\t<\/div>\n\t\t\t\t\t\t\t<\/div>\n\t\t\t\t\t\t<\/div>\n\n\t\t\t\t\t\t\t\t\t\t\t<div class=\"col-sm-6 col-md-6 col-lg-3\">\n\t\t\t\t\t\t\t\t\t\t\t\t\t\t<div class=\"card \">\n\t\t\t\t\t\t\t\t\t\t\t\t\t\t\t\t\t<img decoding=\"async\"  src=\"https:\/\/bozita.com\/de\/wp-content\/uploads\/sites\/8\/2021\/08\/bozita-kattens-kroppssprak.jpg\" alt=\"\">\n\t\t\t\t\t\t\t\t\t\t\t\t\t\t\t\t\t<!-- <img decoding=\"async\" src=\"\n\t\t\t\t\t\t\t\t\t\t\t\t\t\t\t\t\t\t\t\t\" alt=\"\n\t\t\t\t\t\t\t\t\t\t\t\t\t\t\t\t\t\t\t\t\t\t\t\t\t\t\t\"> -->\n\t\t\t\t\t\t\t\t<div class=\"card-body\">\n\t\t\t\t\t\t\t\t\t\t\t\t\t\t\t\t\t\t\t<h6>Katzenverhalten &amp; K\u00f6rpersprache von Katzen<\/h6>\n\t\t\t\t\t\t\t\t\t\t\t\t\t\t\t\t\t\t\t<a href=\"https:\/\/bozita.com\/de\/leben-mit-katze\/die-entwicklung-der-katze-2\/verhalten-und-korpersprache-von-katzen\/\">Weiterlesen &nbsp; ><\/a>\n\t\t\t\t\t\t\t\t<\/div>\n\t\t\t\t\t\t\t<\/div>\n\t\t\t\t\t\t<\/div>\n\n\t\t\t\t\t\t\t\t\t\t\t\t<\/div>\n\t\t<\/div>\n\t<\/section>\n","protected":false},"excerpt":{"rendered":"","protected":false},"author":1,"featured_media":7060,"parent":6955,"menu_order":0,"comment_status":"closed","ping_status":"closed","template":"guternberg.php","meta":{"footnotes":""},"acf":[],"yoast_head":"<!-- This site is optimized with the Yoast SEO plugin v21.3 - https:\/\/yoast.com\/wordpress\/plugins\/seo\/ -->\n<title>Hund an Katze gew\u00f6hnen \u2013 So funktioniert&#039;s | Bozita DE<\/title>\n<meta name=\"description\" content=\"Das Zusammenleben von Katze und Hund erfordert etwas \u00dcbung. Mit dem 3-Punkte-Plan von Bozita erzielen Sie garantiert ein erfolgreiches Resultat!\" \/>\n<meta name=\"robots\" content=\"index, follow, max-snippet:-1, max-image-preview:large, max-video-preview:-1\" \/>\n<link rel=\"canonical\" href=\"https:\/\/bozita.com\/de\/leben-mit-katze\/die-entwicklung-der-katze-2\/gewohne-katze-und-hund-in-drei-schritten-aneinander\/\" \/>\n<meta property=\"og:locale\" content=\"de_DE\" \/>\n<meta property=\"og:type\" content=\"article\" \/>\n<meta property=\"og:title\" content=\"Hund an Katze gew\u00f6hnen \u2013 So funktioniert&#039;s | Bozita DE\" \/>\n<meta property=\"og:description\" content=\"Das Zusammenleben von Katze und Hund erfordert etwas \u00dcbung. Mit dem 3-Punkte-Plan von Bozita erzielen Sie garantiert ein erfolgreiches Resultat!\" \/>\n<meta property=\"og:url\" content=\"https:\/\/bozita.com\/de\/leben-mit-katze\/die-entwicklung-der-katze-2\/gewohne-katze-und-hund-in-drei-schritten-aneinander\/\" \/>\n<meta property=\"og:site_name\" content=\"Bozita DE\" \/>\n<meta property=\"article:modified_time\" content=\"2022-07-19T07:35:01+00:00\" \/>\n<meta property=\"og:image\" content=\"https:\/\/bozita.com\/de\/wp-content\/uploads\/sites\/8\/2021\/08\/bozita-introducera-katt-hund.jpg\" \/>\n\t<meta property=\"og:image:width\" content=\"800\" \/>\n\t<meta property=\"og:image:height\" content=\"533\" \/>\n\t<meta property=\"og:image:type\" content=\"image\/jpeg\" \/>\n<meta name=\"twitter:card\" content=\"summary_large_image\" \/>\n<!-- \/ Yoast SEO plugin. -->","yoast_head_json":{"title":"Hund an Katze gew\u00f6hnen \u2013 So funktioniert's | Bozita DE","description":"Das Zusammenleben von Katze und Hund erfordert etwas \u00dcbung. Mit dem 3-Punkte-Plan von Bozita erzielen Sie garantiert ein erfolgreiches Resultat!","robots":{"index":"index","follow":"follow","max-snippet":"max-snippet:-1","max-image-preview":"max-image-preview:large","max-video-preview":"max-video-preview:-1"},"canonical":"https:\/\/bozita.com\/de\/leben-mit-katze\/die-entwicklung-der-katze-2\/gewohne-katze-und-hund-in-drei-schritten-aneinander\/","og_locale":"de_DE","og_type":"article","og_title":"Hund an Katze gew\u00f6hnen \u2013 So funktioniert's | Bozita DE","og_description":"Das Zusammenleben von Katze und Hund erfordert etwas \u00dcbung. Mit dem 3-Punkte-Plan von Bozita erzielen Sie garantiert ein erfolgreiches Resultat!","og_url":"https:\/\/bozita.com\/de\/leben-mit-katze\/die-entwicklung-der-katze-2\/gewohne-katze-und-hund-in-drei-schritten-aneinander\/","og_site_name":"Bozita DE","article_modified_time":"2022-07-19T07:35:01+00:00","og_image":[{"width":800,"height":533,"url":"https:\/\/bozita.com\/de\/wp-content\/uploads\/sites\/8\/2021\/08\/bozita-introducera-katt-hund.jpg","type":"image\/jpeg"}],"twitter_card":"summary_large_image","schema":{"@context":"https:\/\/schema.org","@graph":[{"@type":"WebPage","@id":"https:\/\/bozita.com\/de\/leben-mit-katze\/die-entwicklung-der-katze-2\/gewohne-katze-und-hund-in-drei-schritten-aneinander\/","url":"https:\/\/bozita.com\/de\/leben-mit-katze\/die-entwicklung-der-katze-2\/gewohne-katze-und-hund-in-drei-schritten-aneinander\/","name":"Hund an Katze gew\u00f6hnen \u2013 So funktioniert's | Bozita DE","isPartOf":{"@id":"https:\/\/bozita.com\/de\/#website"},"datePublished":"2021-08-11T17:33:56+00:00","dateModified":"2022-07-19T07:35:01+00:00","description":"Das Zusammenleben von Katze und Hund erfordert etwas \u00dcbung. Mit dem 3-Punkte-Plan von Bozita erzielen Sie garantiert ein erfolgreiches Resultat!","breadcrumb":{"@id":"https:\/\/bozita.com\/de\/leben-mit-katze\/die-entwicklung-der-katze-2\/gewohne-katze-und-hund-in-drei-schritten-aneinander\/#breadcrumb"},"inLanguage":"de","potentialAction":[{"@type":"ReadAction","target":["https:\/\/bozita.com\/de\/leben-mit-katze\/die-entwicklung-der-katze-2\/gewohne-katze-und-hund-in-drei-schritten-aneinander\/"]}]},{"@type":"BreadcrumbList","@id":"https:\/\/bozita.com\/de\/leben-mit-katze\/die-entwicklung-der-katze-2\/gewohne-katze-und-hund-in-drei-schritten-aneinander\/#breadcrumb","itemListElement":[{"@type":"ListItem","position":1,"name":"Startseite","item":"https:\/\/bozita.com\/de\/"},{"@type":"ListItem","position":2,"name":"Leben mit Katze","item":"https:\/\/bozita.com\/de\/leben-mit-katze\/"},{"@type":"ListItem","position":3,"name":"Katzenentwicklung \u2013 Guter Katzenbesitzer werden","item":"https:\/\/bozita.com\/de\/leben-mit-katze\/die-entwicklung-der-katze-2\/"},{"@type":"ListItem","position":4,"name":"Hund an Katze gew\u00f6hnen \u2013 So funktioniert&#8217;s"}]},{"@type":"WebSite","@id":"https:\/\/bozita.com\/de\/#website","url":"https:\/\/bozita.com\/de\/","name":"Bozita DE","description":"","potentialAction":[{"@type":"SearchAction","target":{"@type":"EntryPoint","urlTemplate":"https:\/\/bozita.com\/de\/?s={search_term_string}"},"query-input":"required name=search_term_string"}],"inLanguage":"de"}]}},"_links":{"self":[{"href":"https:\/\/bozita.com\/de\/wp-json\/wp\/v2\/pages\/7059"}],"collection":[{"href":"https:\/\/bozita.com\/de\/wp-json\/wp\/v2\/pages"}],"about":[{"href":"https:\/\/bozita.com\/de\/wp-json\/wp\/v2\/types\/page"}],"author":[{"embeddable":true,"href":"https:\/\/bozita.com\/de\/wp-json\/wp\/v2\/users\/1"}],"replies":[{"embeddable":true,"href":"https:\/\/bozita.com\/de\/wp-json\/wp\/v2\/comments?post=7059"}],"version-history":[{"count":7,"href":"https:\/\/bozita.com\/de\/wp-json\/wp\/v2\/pages\/7059\/revisions"}],"predecessor-version":[{"id":17222,"href":"https:\/\/bozita.com\/de\/wp-json\/wp\/v2\/pages\/7059\/revisions\/17222"}],"up":[{"embeddable":true,"href":"https:\/\/bozita.com\/de\/wp-json\/wp\/v2\/pages\/6955"}],"wp:featuredmedia":[{"embeddable":true,"href":"https:\/\/bozita.com\/de\/wp-json\/wp\/v2\/media\/7060"}],"wp:attachment":[{"href":"https:\/\/bozita.com\/de\/wp-json\/wp\/v2\/media?parent=7059"}],"curies":[{"name":"wp","href":"https:\/\/api.w.org\/{rel}","templated":true}]}}