{"id":7063,"date":"2021-08-11T17:33:25","date_gmt":"2021-08-11T17:33:25","guid":{"rendered":"https:\/\/bozita.com\/de\/krallen-schneiden-katze-wie-oft-sollte-man-dem-tier-die-krallen-schneiden\/"},"modified":"2022-07-19T08:43:21","modified_gmt":"2022-07-19T08:43:21","slug":"krallen-schneiden-katze-wie-oft-sollte-man-dem-tier-die-krallen-schneiden","status":"publish","type":"page","link":"https:\/\/bozita.com\/de\/leben-mit-katze\/katzengesundheit\/krallen-schneiden-katze-wie-oft-sollte-man-dem-tier-die-krallen-schneiden\/","title":{"rendered":"Krallen schneiden Katze \u2013 Tipps, wie Sie vorgehen"},"content":{"rendered":"\t\t<section class=\"small-hero\">\n\t\t\t<div class=\"container\">\n\t\t\t\t<h1 class=\"small-hero-title\">Krallen schneiden &#8211; wie oft solltest Du Deiner Katze die Krallen schneiden? <\/h1>\t\t\t<\/div>\n\t\t\t<\/div>\n\t\t<\/section>\n\t\n\n\t<div class=\"text-box-warp\">\n\t\t<div class=\"container\">\n\t\t\t<div class=\"text-content\">\n\t\t\t\t<p>Das K\u00fcrzen von Katzenkrallen kann einiges an Geduld erfordern, insbesondere zu Beginn, wenn sich der Stubentiger noch nicht vollst\u00e4ndig daran gew\u00f6hnt hat. Wie oft Du die Krallen bei Deiner Katze grunds\u00e4tzlich schneiden solltest, h\u00e4ngt davon ab, ob sich Deine Katze im Freien oder ausschlie\u00dflich in Innenr\u00e4umen aufh\u00e4lt. Wohnungskatzen ben\u00f6tigen in dieser Hinsicht mehr Pflege als Freig\u00e4nger, da letztere sich ihre Krallen auf nat\u00fcrliche Weise in der Natur stutzen.<\/p>\n<h2>KATZENKRALLEN SCHNEIDEN \u2013 BESONDERHEITEN UND UNTERSCHIEDE BEI FREIG\u00c4NGERN UND WOHNUNGSKATZEN<\/h2>\n<p>Eine Katze verwendet ihre Krallen unter anderem zum Jagen, Klettern und auf der Flucht. Daher solltest Du die Katzenkrallen bei Freig\u00e4ngern m\u00f6glichst nicht schneiden, da sie ihre Krallen h\u00e4ufig verwenden und sich diese auf ganz nat\u00fcrliche Weise selbst k\u00fcrzen.<\/p>\n<p>Bei \u00e4lteren Katzen, die sich zwar viel im Freien aufhalten, allerdings nicht sonderlich aktiv sind und so ihre Krallen nicht so oft nutzen wie j\u00fcngere Katzen, solltest Du die Pfoten regelm\u00e4\u00dfig \u00fcberpr\u00fcfen und darauf achten, dass die Krallen nicht in die Ballen hineinwachsen oder besch\u00e4digt sind.<\/p>\n<p>Eine Wohnungskatze, die ihre Krallen nicht an Baumst\u00e4mmen oder auf dem Asphalt abnutzt, kann sich stattdessen an einem Kratzbaum oder Kratzbrett die Krallen sch\u00e4rfen. Mitunter ist dies ausreichend, um die richtige L\u00e4nge beizubehalten, oft ist es aber auch sinnvoll, nachzuhelfen, indem Du die Katzenkrallen schneidest.<\/p>\n<p>Mache es Dir zur Gewohnheit, die Krallen Deiner Katze zu kontrollieren, wenn Ihr beispielsweise zusammen auf der Couch kuschelt. Sicherlich wirst Du schon bald ein Gesp\u00fcr daf\u00fcr entwickeln, wie schnell die Krallen wachsen und wie oft Du die Katzenkrallen schneiden musst.<\/p>\n<h2>KRALLEN SCHNEIDEN \u2013 SO GEW\u00d6HNST DU DEINEN LIEBLING DARAN<\/h2>\n<p>Gew\u00f6hne Deine Katze bereits in jungen Jahren an das Krallenschneiden, sofern dies m\u00f6glich ist. Du musst nicht gleich mit der Krallenschere beginnen, sondern kannst zun\u00e4chst einfach die Pfoten Deines Katzenbabys ber\u00fchren. Massiere die Ballen und taste Dich langsam zu den Zehen vor. Wiederhole dies so oft wie m\u00f6glich, am besten, wenn die Katze entspannt ist und gerne kuscheln m\u00f6chte.<\/p>\n<p>Sobald Du merkst, dass die Katze diese Art der Ber\u00fchrung nicht l\u00e4nger st\u00f6rt oder sich dagegen wehrt, kannst Du vorsichtig auf einen Zeh dr\u00fccken, sodass die Kralle zum Vorschein kommt. Bleibt das Tier dabei ruhig, kannst Du die Katzenkrallen schneiden. Wird die Katze dabei unruhig oder beginnt zu zappeln, solltest Du den Versuch lieber beenden und es zu einem sp\u00e4teren Zeitpunkt erneut probieren.<\/p>\n<p>Gehst Du zu schnell vor, k\u00f6nnte sich die Katze unwohl f\u00fchlen und es in Zukunft grunds\u00e4tzlich ablehnen, sich an den Pfoten ber\u00fchren zu lassen.<\/p>\n<p><strong>Lies auch, <\/strong>wie Du mit ein wenig \u00dcbung Deine Katze an neue Dinge gew\u00f6hnen kannst\u2013 entdecke die besten Tipps von Bozita\u00b4s Katzenexpertin Elin Hirsch im Artikel <a title=\"Kann man eine Katze oder ein Kitten trainieren\" href=\"https:\/\/bozita.com\/de\/leben-mit-hund\/die-gesundheit-des-hundes\/die-entwicklung-der-katze\/kann-man-eine-katze-oder-ein-kitten-trainieren\/\" data-udi=\"umb:\/\/document\/573e77bedca340a59222592766446d05\">Kann man eine Katze oder ein Kitten trainieren?<\/a><\/p>\n<h2>KATZENKRALLEN SCHNEIDEN, WENN SICH DAS TIER WEHRT<\/h2>\n<p>Manche Katzen m\u00f6chten \u00fcberhaupt nicht an den Pfoten oder Krallen ber\u00fchrt werden. In diesem Fall kannst Du probieren, Deine Katze erst einmal am ganzen K\u00f6rper zu streicheln, sodass sie entspannt ist und sich wohl dabei f\u00fchlt, wenn Du sie ber\u00fchrst. Versuche dann, die Beine Deines Stubentigers zu streicheln und zum Schluss die Pfoten zu massieren.<br \/>\nFindet Dein Liebling es auch nach mehreren Versuchen noch unangenehm, wenn Du ihr die Katzenkrallen schneiden m\u00f6chtest, kann Dir der Tierarzt dabei helfen, die Krallen auf die richtige L\u00e4nge zu k\u00fcrzen.<\/p>\n\t\t\t<\/div>\n\t\t<\/div>\n\t<\/div>\n\n\n\n\t<section class=\"block related-articles\">\n\t\t<div class=\"container\">\n\t\t\t<h2>Entdecke weitere Artikel<\/h2>\n\t\t\t<div class=\"row justify-content-center\">\n\t\t\t\t\t\t\t\t\t\t<div class=\"col-sm-6 col-md-6 col-lg-3\">\n\t\t\t\t\t\t\t\t\t\t\t\t\t\t<div class=\"card \">\n\t\t\t\t\t\t\t\t\t\t\t\t\t\t\t\t\t<img decoding=\"async\"  src=\"https:\/\/bozita.com\/de\/wp-content\/uploads\/sites\/8\/2021\/08\/bozita-trana-katt-kattunge.jpg\" alt=\"\">\n\t\t\t\t\t\t\t\t\t\t\t\t\t\t\t\t\t<!-- <img decoding=\"async\" src=\"\n\t\t\t\t\t\t\t\t\t\t\t\t\t\t\t\t\t\t\t\t\" alt=\"\n\t\t\t\t\t\t\t\t\t\t\t\t\t\t\t\t\t\t\t\t\t\t\t\t\t\t\t\"> -->\n\t\t\t\t\t\t\t\t<div class=\"card-body\">\n\t\t\t\t\t\t\t\t\t\t\t\t\t\t\t\t\t\t\t<h6>Kann man eine Katze oder ein Kitten trainieren?<\/h6>\n\t\t\t\t\t\t\t\t\t\t\t\t\t\t\t\t\t\t\t<a href=\"https:\/\/bozita.com\/de\/leben-mit-katze\/die-entwicklung-der-katze-2\/kann-man-eine-katze-oder-ein-kitten-trainieren\/\">Weiterlesen &nbsp; ><\/a>\n\t\t\t\t\t\t\t\t<\/div>\n\t\t\t\t\t\t\t<\/div>\n\t\t\t\t\t\t<\/div>\n\n\t\t\t\t\t\t\t\t\t\t\t<div class=\"col-sm-6 col-md-6 col-lg-3\">\n\t\t\t\t\t\t\t\t\t\t\t\t\t\t<div class=\"card \">\n\t\t\t\t\t\t\t\t\t\t\t\t\t\t\t\t\t<img decoding=\"async\"  src=\"https:\/\/bozita.com\/de\/wp-content\/uploads\/sites\/8\/2021\/09\/bozita-katt-rumsren-ga-pa-ladan.jpg\" alt=\"\">\n\t\t\t\t\t\t\t\t\t\t\t\t\t\t\t\t\t<!-- <img decoding=\"async\" src=\"\n\t\t\t\t\t\t\t\t\t\t\t\t\t\t\t\t\t\t\t\t\" alt=\"\n\t\t\t\t\t\t\t\t\t\t\t\t\t\t\t\t\t\t\t\t\t\t\t\t\t\t\t\"> -->\n\t\t\t\t\t\t\t\t<div class=\"card-body\">\n\t\t\t\t\t\t\t\t\t\t\t\t\t\t\t\t\t\t\t<h6>Wie bekommt man katzen oder kitten stubenrein?<\/h6>\n\t\t\t\t\t\t\t\t\t\t\t\t\t\t\t\t\t\t\t<a href=\"https:\/\/bozita.com\/de\/leben-mit-katze\/katze-kaufen\/wie-bekommt-man-katzen-stubenrein\/\">Weiterlesen &nbsp; ><\/a>\n\t\t\t\t\t\t\t\t<\/div>\n\t\t\t\t\t\t\t<\/div>\n\t\t\t\t\t\t<\/div>\n\n\t\t\t\t\t\t\t\t\t\t\t<div class=\"col-sm-6 col-md-6 col-lg-3\">\n\t\t\t\t\t\t\t\t\t\t\t\t\t\t<div class=\"card \">\n\t\t\t\t\t\t\t\t\t\t\t\t\t\t\t\t\t<img decoding=\"async\"  src=\"https:\/\/bozita.com\/de\/wp-content\/uploads\/sites\/8\/2021\/09\/bozita-lamna-katt-ensam.jpg\" alt=\"\">\n\t\t\t\t\t\t\t\t\t\t\t\t\t\t\t\t\t<!-- <img decoding=\"async\" src=\"\n\t\t\t\t\t\t\t\t\t\t\t\t\t\t\t\t\t\t\t\t\" alt=\"\n\t\t\t\t\t\t\t\t\t\t\t\t\t\t\t\t\t\t\t\t\t\t\t\t\t\t\t\"> -->\n\t\t\t\t\t\t\t\t<div class=\"card-body\">\n\t\t\t\t\t\t\t\t\t\t\t\t\t\t\t\t\t\t\t<h6>Wie lange kann man eine Katze allein lassen?<\/h6>\n\t\t\t\t\t\t\t\t\t\t\t\t\t\t\t\t\t\t\t<a href=\"https:\/\/bozita.com\/de\/leben-mit-katze\/katze-kaufen\/wie-lange-kann-man-eine-katze-allein-lassen\/\">Weiterlesen &nbsp; ><\/a>\n\t\t\t\t\t\t\t\t<\/div>\n\t\t\t\t\t\t\t<\/div>\n\t\t\t\t\t\t<\/div>\n\n\t\t\t\t\t\t\t\t\t\t\t\t<\/div>\n\t\t<\/div>\n\t<\/section>\n","protected":false},"excerpt":{"rendered":"","protected":false},"author":1,"featured_media":6964,"parent":7079,"menu_order":0,"comment_status":"closed","ping_status":"closed","template":"guternberg.php","meta":{"footnotes":""},"acf":[],"yoast_head":"<!-- This site is optimized with the Yoast SEO plugin v21.3 - https:\/\/yoast.com\/wordpress\/plugins\/seo\/ -->\n<title>Krallen schneiden Katze \u2013 Tipps, wie Sie vorgehen | Bozita DE<\/title>\n<meta name=\"description\" content=\"Wie oft und wie sollte man Katzenkrallen schneiden? Gew\u00f6hnen Sie Ihre Katze bereits in jungen Jahren an das Krallenschneiden. Bozita hilft Ihnen dabei.\" \/>\n<meta name=\"robots\" content=\"index, follow, max-snippet:-1, max-image-preview:large, max-video-preview:-1\" \/>\n<link rel=\"canonical\" href=\"https:\/\/bozita.com\/de\/leben-mit-katze\/katzengesundheit\/krallen-schneiden-katze-wie-oft-sollte-man-dem-tier-die-krallen-schneiden\/\" \/>\n<meta property=\"og:locale\" content=\"de_DE\" \/>\n<meta property=\"og:type\" content=\"article\" \/>\n<meta property=\"og:title\" content=\"Krallen schneiden Katze \u2013 Tipps, wie Sie vorgehen | Bozita DE\" \/>\n<meta property=\"og:description\" content=\"Wie oft und wie sollte man Katzenkrallen schneiden? Gew\u00f6hnen Sie Ihre Katze bereits in jungen Jahren an das Krallenschneiden. Bozita hilft Ihnen dabei.\" \/>\n<meta property=\"og:url\" content=\"https:\/\/bozita.com\/de\/leben-mit-katze\/katzengesundheit\/krallen-schneiden-katze-wie-oft-sollte-man-dem-tier-die-krallen-schneiden\/\" \/>\n<meta property=\"og:site_name\" content=\"Bozita DE\" \/>\n<meta property=\"article:modified_time\" content=\"2022-07-19T08:43:21+00:00\" \/>\n<meta property=\"og:image\" content=\"https:\/\/bozita.com\/de\/wp-content\/uploads\/sites\/8\/2021\/08\/bozita_swedish-natural-quality.jpg\" \/>\n\t<meta property=\"og:image:width\" content=\"800\" \/>\n\t<meta property=\"og:image:height\" content=\"533\" \/>\n\t<meta property=\"og:image:type\" content=\"image\/jpeg\" \/>\n<meta name=\"twitter:card\" content=\"summary_large_image\" \/>\n<!-- \/ Yoast SEO plugin. -->","yoast_head_json":{"title":"Krallen schneiden Katze \u2013 Tipps, wie Sie vorgehen | Bozita DE","description":"Wie oft und wie sollte man Katzenkrallen schneiden? Gew\u00f6hnen Sie Ihre Katze bereits in jungen Jahren an das Krallenschneiden. Bozita hilft Ihnen dabei.","robots":{"index":"index","follow":"follow","max-snippet":"max-snippet:-1","max-image-preview":"max-image-preview:large","max-video-preview":"max-video-preview:-1"},"canonical":"https:\/\/bozita.com\/de\/leben-mit-katze\/katzengesundheit\/krallen-schneiden-katze-wie-oft-sollte-man-dem-tier-die-krallen-schneiden\/","og_locale":"de_DE","og_type":"article","og_title":"Krallen schneiden Katze \u2013 Tipps, wie Sie vorgehen | Bozita DE","og_description":"Wie oft und wie sollte man Katzenkrallen schneiden? Gew\u00f6hnen Sie Ihre Katze bereits in jungen Jahren an das Krallenschneiden. Bozita hilft Ihnen dabei.","og_url":"https:\/\/bozita.com\/de\/leben-mit-katze\/katzengesundheit\/krallen-schneiden-katze-wie-oft-sollte-man-dem-tier-die-krallen-schneiden\/","og_site_name":"Bozita DE","article_modified_time":"2022-07-19T08:43:21+00:00","og_image":[{"width":800,"height":533,"url":"https:\/\/bozita.com\/de\/wp-content\/uploads\/sites\/8\/2021\/08\/bozita_swedish-natural-quality.jpg","type":"image\/jpeg"}],"twitter_card":"summary_large_image","schema":{"@context":"https:\/\/schema.org","@graph":[{"@type":"WebPage","@id":"https:\/\/bozita.com\/de\/leben-mit-katze\/katzengesundheit\/krallen-schneiden-katze-wie-oft-sollte-man-dem-tier-die-krallen-schneiden\/","url":"https:\/\/bozita.com\/de\/leben-mit-katze\/katzengesundheit\/krallen-schneiden-katze-wie-oft-sollte-man-dem-tier-die-krallen-schneiden\/","name":"Krallen schneiden Katze \u2013 Tipps, wie Sie vorgehen | Bozita DE","isPartOf":{"@id":"https:\/\/bozita.com\/de\/#website"},"datePublished":"2021-08-11T17:33:25+00:00","dateModified":"2022-07-19T08:43:21+00:00","description":"Wie oft und wie sollte man Katzenkrallen schneiden? Gew\u00f6hnen Sie Ihre Katze bereits in jungen Jahren an das Krallenschneiden. Bozita hilft Ihnen dabei.","breadcrumb":{"@id":"https:\/\/bozita.com\/de\/leben-mit-katze\/katzengesundheit\/krallen-schneiden-katze-wie-oft-sollte-man-dem-tier-die-krallen-schneiden\/#breadcrumb"},"inLanguage":"de","potentialAction":[{"@type":"ReadAction","target":["https:\/\/bozita.com\/de\/leben-mit-katze\/katzengesundheit\/krallen-schneiden-katze-wie-oft-sollte-man-dem-tier-die-krallen-schneiden\/"]}]},{"@type":"BreadcrumbList","@id":"https:\/\/bozita.com\/de\/leben-mit-katze\/katzengesundheit\/krallen-schneiden-katze-wie-oft-sollte-man-dem-tier-die-krallen-schneiden\/#breadcrumb","itemListElement":[{"@type":"ListItem","position":1,"name":"Startseite","item":"https:\/\/bozita.com\/de\/"},{"@type":"ListItem","position":2,"name":"Leben mit Katze","item":"https:\/\/bozita.com\/de\/leben-mit-katze\/"},{"@type":"ListItem","position":3,"name":"K\u00fcmmern Sie sich um Ihre Katze \u2013 Katzengesundheit","item":"https:\/\/bozita.com\/de\/leben-mit-katze\/katzengesundheit\/"},{"@type":"ListItem","position":4,"name":"Krallen schneiden Katze \u2013 Tipps, wie Sie vorgehen"}]},{"@type":"WebSite","@id":"https:\/\/bozita.com\/de\/#website","url":"https:\/\/bozita.com\/de\/","name":"Bozita DE","description":"","potentialAction":[{"@type":"SearchAction","target":{"@type":"EntryPoint","urlTemplate":"https:\/\/bozita.com\/de\/?s={search_term_string}"},"query-input":"required name=search_term_string"}],"inLanguage":"de"}]}},"_links":{"self":[{"href":"https:\/\/bozita.com\/de\/wp-json\/wp\/v2\/pages\/7063"}],"collection":[{"href":"https:\/\/bozita.com\/de\/wp-json\/wp\/v2\/pages"}],"about":[{"href":"https:\/\/bozita.com\/de\/wp-json\/wp\/v2\/types\/page"}],"author":[{"embeddable":true,"href":"https:\/\/bozita.com\/de\/wp-json\/wp\/v2\/users\/1"}],"replies":[{"embeddable":true,"href":"https:\/\/bozita.com\/de\/wp-json\/wp\/v2\/comments?post=7063"}],"version-history":[{"count":13,"href":"https:\/\/bozita.com\/de\/wp-json\/wp\/v2\/pages\/7063\/revisions"}],"predecessor-version":[{"id":17238,"href":"https:\/\/bozita.com\/de\/wp-json\/wp\/v2\/pages\/7063\/revisions\/17238"}],"up":[{"embeddable":true,"href":"https:\/\/bozita.com\/de\/wp-json\/wp\/v2\/pages\/7079"}],"wp:featuredmedia":[{"embeddable":true,"href":"https:\/\/bozita.com\/de\/wp-json\/wp\/v2\/media\/6964"}],"wp:attachment":[{"href":"https:\/\/bozita.com\/de\/wp-json\/wp\/v2\/media?parent=7063"}],"curies":[{"name":"wp","href":"https:\/\/api.w.org\/{rel}","templated":true}]}}