{"id":7069,"date":"2021-08-11T17:32:16","date_gmt":"2021-08-11T17:32:16","guid":{"rendered":"https:\/\/bozita.com\/de\/verbessern-sie-die-interaktion-mit-ihrem-hund-mithilfe-von-aktivitaten\/"},"modified":"2024-07-19T12:51:44","modified_gmt":"2024-07-19T12:51:44","slug":"verbessern-sie-die-interaktion-mit-ihrem-hund-mithilfe-von-aktivitaten","status":"publish","type":"page","link":"https:\/\/bozita.com\/de\/leben-mit-hund\/hunde-beschaftigen\/verbessern-sie-die-interaktion-mit-ihrem-hund-mithilfe-von-aktivitaten\/","title":{"rendered":"Verbessere die Interaktion mit Deinem Hund mithilfe von Aktivit\u00e4ten"},"content":{"rendered":"\t\t<section class=\"small-hero\">\n\t\t\t<div class=\"container\">\n\t\t\t\t<h1 class=\"small-hero-title\">Verbessere die Interaktion mit Deinem Hund mithilfe von Aktivit\u00e4ten<\/h1>\t\t\t<\/div>\n\t\t\t<\/div>\n\t\t<\/section>\n\t\n\n\t<div class=\"text-box-warp\">\n\t\t<div class=\"container\">\n\t\t\t<div class=\"text-content\">\n\t\t\t\t<p>Ob Du an Wettk\u00e4mpfen oder Pr\u00fcfungen mit Deinem Hund teilnehmen m\u00f6chtest oder nicht \u2013 Kurse und Ausstellungen sind eine gute M\u00f6glichkeit, ein harmonisches Zusammenspiel zwischen Dir und Deinem Hund zu entwickeln und dabei Aktivit\u00e4ten zu finden, die sowohl physisch als auch mental fordern. Im Folgenden zeigen wir Dir einige Ideen f\u00fcr Aktivit\u00e4ten und Informationen dazu, wo Du geeignete Kurse findest.<\/p>\n<h2>FINDE AKTIVIT\u00c4TEN UND KURSE<\/h2>\n<p>Aktivit\u00e4ten und geeignete Hundekurse sowie Hundeausbildungen findest Du auf den Seiten des Berufsverbands zertifizierter Hundetrainer e.V. (BVZ-Hundetrainer e.V.), des Verbands f\u00fcr das Deutsche Hundewesen (VDH) e.V., bei lokal ans\u00e4ssigen Landesverb\u00e4nden oder auf den Webseiten von Rassehunde- oder Spezialclubs. Grunds\u00e4tzlich solltest Du darauf achten, dass der gew\u00e4hlte Kurs von einem erfahrenen Hundetrainer mit geeigneten Qualifikationen durchgef\u00fchrt wird.<\/p>\n<ul>\n<li>Finde Kurse \u00fcber den BVZ-Hundetrainer e.V.<\/li>\n<li>Finde Kurse \u00fcber den Verband f\u00fcr das Deutsche Hundewesen (VDH) e.V.<\/li>\n<\/ul>\n\t\t\t<\/div>\n\t\t<\/div>\n\t<\/div>\n\n\n\t<section class=\"media-object-wrap\">\n\t\t<div class=\"container\">\n\t\t\t<div class=\"media-object\">\n\t\t\t\t<div class=\"row row-eq-height align-items-stretch\">\n\t\t\t\t\t<div class=\"col-md-5\">\n\t\t\t\t\t\t\t\t\t\t\t\t\t<img decoding=\"async\" src=\"https:\/\/bozita.com\/de\/wp-content\/uploads\/sites\/8\/2021\/05\/Anette-Andersson_030919_5161_HIRES@2x.jpg\" alt=\"\">\n\t\t\t\t\t\t\t\t\t\t\t\t<\/div>\n\t\t\t\t\t<div class=\"col-md-7 d-flex align-items-center\">\n\t\t\t\t\t\t<div class=\"media-content\">\n\t\t\t\t\t\t<h3>BESUCHE KURSE MIT DEINEM WELPEN<\/h3><p>\u00dcblicherweise sollte ein Welpe etwa 4 Monate alt sein, damit du mit ihm einen Hundekurs besuchen kannst. Zu diesem Zeitpunkt ist er reif genug, um Neues aufzunehmen und mit allem umzugehen, was um ihn herum passiert.<\/p>\n<p>Zudem sollte der Welpe zu Beginn des Kurses geimpft sein. Die Grundimmunisierung erfolgt in einem Alter von 7 bis 8 Wochen und wird in der 12. Lebenswoche aufgefrischt.<\/p>\n<ul>\n<li><a title=\"Hunde und impfungen\" href=\"https:\/\/bozita.com\/de\/leben-mit-hund\/die-gesundheit-des-hundes\/hunde-und-impfungen\/\">Hunde und Impfungen<\/a><\/li>\n<\/ul>\n\t\t\t\t\t\t<\/div>\n\t\t\t\t\t<\/div>\n\t\t\t\t<\/div>\n\t\t\t<\/div>\n\t\t<\/div>\n\t<\/section>\n   \n\n\n\t<div class=\"text-box-warp\">\n\t\t<div class=\"container\">\n\t\t\t<div class=\"text-content\">\n\t\t\t\t<h2>VORSCHL\u00c4GE F\u00dcR AKTIVIT\u00c4TEN MIT HUNDEN<\/h2>\n<h3>WELPENKURS<\/h3>\n<p>Einen Welpenkurs zu besuchen ist eine ausgezeichnete Gelegenheit f\u00fcr Dich und Deinen Hund, den Grundstein f\u00fcr eine gute Zusammenarbeit und einen optimal funktionierenden Gehorsam im Alltag zu legen, unabh\u00e4ngig davon, ob Du Neuling oder erfahrener Hundebesitzer bist. Dein Welpe kann dort sowohl neue Menschen als auch unbekannte Hunde in einer fremden Umgebung treffen, zudem lernst Du andere Hundebesitzer kennen und kannst Dich mit diesen austauschen sowie Deine Erfahrungen teilen.<\/p>\n<p>&nbsp;<\/p>\n\t\t\t<\/div>\n\t\t<\/div>\n\t<\/div>\n\n\n\t<section class=\"media-object-wrap\">\n\t\t<div class=\"container\">\n\t\t\t<div class=\"media-object\">\n\t\t\t\t<div class=\"row row-eq-height align-items-stretch\">\n\t\t\t\t\t<div class=\"col-md-5\">\n\t\t\t\t\t\t\t\t\t\t\t\t\t<img decoding=\"async\" src=\"https:\/\/bozita.com\/de\/wp-content\/uploads\/sites\/8\/2024\/07\/AdobeStock_158556469-scaled.jpeg\" alt=\"\">\n\t\t\t\t\t\t\t\t\t\t\t\t<\/div>\n\t\t\t\t\t<div class=\"col-md-7 d-flex align-items-center\">\n\t\t\t\t\t\t<div class=\"media-content\">\n\t\t\t\t\t\t<h3>LEINENTRAINING<\/h3><p>Gut an der Leine zu laufen, ohne dabei zu ziehen, ist eine nahezu notwendige Eigenschaft f\u00fcr jeden Hund. In bestimmten Gegenden und Zeiten im Jahr ist es gesetzlich sogar vorgeschrieben, den Hund anzuleinen.<\/p>\n<p>Das Leinentraining kann bereits fr\u00fchzeitig im Leben des Hundes begonnen werden. Welpen f\u00e4llt das Lernen leichter, sie sind kleiner und leichter zu handhaben. Bestimmte Leinentrainings sind Bestandteil der meisten Welpenkurse, doch es gibt auch Kurse, die ausschlie\u00dflich auf das Leinentraining ausgelegt sind.<\/p>\n<p>Denke daran, dass ein Hund niemals Wild jagen darf, sofern keine Jagdzeit und das Tier kein arbeitender Jagdhund ist. Du solltest insoweit Kontrolle \u00fcber Deinen Hund haben, als dass er kommt, wenn Du ihn rufst. Werden rechtliche Folgen eingeleitet, kann Deinem Hund ein ganzj\u00e4hriger Leinenzwang auferlegt werden.<\/p>\n\t\t\t\t\t\t<\/div>\n\t\t\t\t\t<\/div>\n\t\t\t\t<\/div>\n\t\t\t<\/div>\n\t\t<\/div>\n\t<\/section>\n   \n\n\n\t<div class=\"text-box-warp\">\n\t\t<div class=\"container\">\n\t\t\t<div class=\"text-content\">\n\t\t\t\t<h3>GEHORSAMKEITSTRAINING<\/h3>\n<p>Gehorsamkeitstrainings eignen sich f\u00fcr Dich, wenn Du Gehorsam f\u00fcr einen harmonischen und gut funktionierenden Alltag trainieren (Allgemeiner Gehorsam) oder an Wettk\u00e4mpfen zum Gehorsam mit Deinem Hund teilnehmen m\u00f6chtest (Wettkampfgehorsam).<\/p>\n<p>Allgemeiner Gehorsam beinhaltet das \u00dcben von Kommandos zum Sitzen, Liegen, Stehenbleiben, Rufen, zur Kontaktaufnahme und zum Laufen an der Leine. Weiterhin liegt der Schwerpunkt darauf, eine gute Kommunikation und eine enge Bindung zwischen Hundebesitzer und Hund zu schaffen.<\/p>\n<p>Kurse zum Wettkampfgehorsam verlangen in der Regel einen Teil Vorwissen (beispielsweise aus einem erfolgreich absolvierten Kurs zu allgemeinem Gehorsam). Dabei liegt der Fokus auf Detailarbeit von Situationen, die Teil von verschiedenen Gehorsamkeitsklassen und der Kontrolle von Wettkampfregeln sind. Auch hier wird am Kontakt zwischen Hund und Besitzer gearbeitet.<\/p>\n<h3>F\u00c4HRTENARBEIT UND SPURENSUCHE<\/h3>\n<p>Die Nase eines Hundes ist ungemein komplexer als die des Menschen. Bereits in einem Alter von etwa 5 Monaten steigert sich das Interesse des Welpen f\u00fcr D\u00fcfte und er beginnt, verschiedenen Spuren zu folgen. Die F\u00e4higkeit zur Spurensuche zu trainieren macht Spa\u00df und ist n\u00fctzlich zugleich, egal, ob Du Wettkampf- oder Jagdambitionen hegst oder dies einfach zum Vergn\u00fcgen machen m\u00f6chtest. Zudem bietet es sowohl physische als auch mentale Anregung und ist eine verh\u00e4ltnism\u00e4\u00dfig einfache Art, den Hund zu fordern, selbst in Innenbereichen. Einige Beispiele f\u00fcr Kurse zur F\u00e4hrtenarbeit und Spurensuche sind Personensuche (Mantrailing), Wildspuren, Apportieren und Nosework.<\/p>\n<h3>RALLY OBEDIENCE<\/h3>\n<p>Rally Obedience entstand in den 2000ern in den USA und hat schnell viele begeisterte Fans gefunden. Bei dieser Hundesportart geht es darum, dass Tier und Herrchen bzw. Frauchen sich den Weg durch einen vorgegebenen Parcours mit verschiedenen Stationen bahnen. An jedem Punkt findet sich ein Schild mit Angaben dazu, welche Aufgabe bew\u00e4ltigt werden soll \u2013 beispielsweise legt sich der Hund hin und der Besitzer l\u00e4uft um ihn herum, um daraufhin zum n\u00e4chsten Schild zu gelangen. Dabei kommt es weniger auf Schnelligkeit an, sondern vielmehr darauf, dass eine gute Kommunikation zwischen Hund und Herrchen bzw. Frauchen herrscht und man gemeinsam Spa\u00df hat!<\/p>\n<p>Diese Sportart setzt im Prinzip keinerlei Bedingungen an die physische Form voraus und eignet sich daher f\u00fcr jeden Hund, egal, ob jung oder alt, ganz klein oder besonders gro\u00df. Allerdings sollte der Hund bereits vor Beginn des Kurses Grundkenntnisse besitzen, etwa sich auf Kommando hinzusetzen, hinzulegen oder aufzustehen. Wettk\u00e4mpfe stehen allen Hunden ab einem Alter von 10 Monaten offen.<\/p>\n<h3>AGILITY<\/h3>\n<p>Agility kam in den 1980er Jahren nach Deutschland, z\u00e4hlt seit 1987 als offizielle Hundesportart und ist ein absoluter Publikumsfavorit. Beim Agility geht es darum, in bestenfalls kurzer Zeit und mit so wenigen Fehlern wie m\u00f6glich einen Hindernisparcours zu durchlaufen, der aus beispielsweise Slalomstangen, Hindernissen und Wippen bestehen kann. Diese Disziplin bietet eine gute M\u00f6glichkeit, am Kontakt zum Hund zu arbeiten. Auch das Selbstvertrauen des Hundes wird gest\u00e4rkt, da darauf Wert gelegt wird, dass er sich bei den verschiedenen Hindernissen sicher f\u00fchlt und selbstst\u00e4ndig arbeiten m\u00f6chte.<\/p>\n<p>Agility ist eine vor allem physisch herausfordernde Aktivit\u00e4t. Bevor Du mit dem Training beginnst, sollte der Hund 1 Jahr alt und ausgewachsen sein, damit Skelett und Muskeln bereit f\u00fcr die Belastung sind. Wettk\u00e4mpfe stehen allen Hunden ab einem Alter von 18 Monaten offen.<\/p>\n\t\t\t<\/div>\n\t\t<\/div>\n\t<\/div>\n\n\n\t<section class=\"block section-promos\">\n\t\t<div class=\"container\">\n\t\t\t<div class=\"row\">\n\t\t\t\t\t\t\t\t\t\t<div class=\"col-md-6\">\n\t\t\t\t\t\t\t<div class=\"card\">\n\t\t\t\t\t\t\t\t\t\t\t\t\t\t\t\t\t<img decoding=\"async\" class=\"card-img-top\" src=\"https:\/\/bozita.com\/de\/wp-content\/uploads\/sites\/8\/2024\/07\/Hund-trocken-scaled.jpg\" alt=\"\">\n\t\t\t\t\t\t\t\t\t\t\t\t\t\t\t\t<div class=\"card-body\">\n\t\t\t\t\t\t\t\t\t<h5 class=\"card-title\">Bozita Trockenfutter Hund<\/h5>\n\t\t\t\t\t\t\t\t\t<p class=\"card-text\"><\/p>\n\t\t\t\t\t\t\t\t\t\t\t\t\t\t\t\t\t\t\t<a target=\"_blank\" href=\"https:\/\/www.bozita-shop.de\/Hunde\/Hundefutter-trocken:::15_35.html\" class=\"btn btn-white\">ONLINE KAUFEN<\/a>\n\t\t\t\t\t\t\t\t\t\t\t\t\t\t\t\t\t\t<\/div>\n\t\t\t\t\t\t\t<\/div>\n\t\t\t\t\t\t<\/div>\n\t\t\t\t\t\t\t\t\t\t\t\t<div class=\"col-md-6\">\n\t\t\t\t\t\t\t<div class=\"card\">\n\t\t\t\t\t\t\t\t\t\t\t\t\t\t\t\t\t<img decoding=\"async\" class=\"card-img-top\" src=\"https:\/\/bozita.com\/de\/wp-content\/uploads\/sites\/8\/2024\/07\/Hund-Nassfutter-scaled.jpg\" alt=\"\">\n\t\t\t\t\t\t\t\t\t\t\t\t\t\t\t\t<div class=\"card-body\">\n\t\t\t\t\t\t\t\t\t<h5 class=\"card-title\">Bozita Nassfutter Hund<\/h5>\n\t\t\t\t\t\t\t\t\t<p class=\"card-text\"><\/p>\n\t\t\t\t\t\t\t\t\t\t\t\t\t\t\t\t\t\t\t<a target=\"_blank\" href=\"https:\/\/www.bozita-shop.de\/Hunde\/Hundefutter-nass:::15_33.html\" class=\"btn btn-white\">ONLINE KAUFEN<\/a>\n\t\t\t\t\t\t\t\t\t\t\t\t\t\t\t\t\t\t<\/div>\n\t\t\t\t\t\t\t<\/div>\n\t\t\t\t\t\t<\/div>\n\t\t\t\t\t\t\t\t\t<\/div>\n\t\t<\/div>\n\t<\/section>\n\n\n\n\t<section class=\"block related-articles\">\n\t\t<div class=\"container\">\n\t\t\t<h2>Entdecke weitere Artikel<\/h2>\n\t\t\t<div class=\"row justify-content-center\">\n\t\t\t\t\t\t\t\t\t\t<div class=\"col-sm-6 col-md-6 col-lg-3\">\n\t\t\t\t\t\t\t\t\t\t\t\t\t\t<div class=\"card \">\n\t\t\t\t\t\t\t\t\t\t\t\t\t\t\t\t<!-- <img decoding=\"async\" src=\"\n\t\t\t\t\t\t\t\t\t\t\t\t\t\t\t\t\t\t\t\t\" alt=\"\n\t\t\t\t\t\t\t\t\t\t\t\t\t\t\t\t\t\t\t\t\t\t\t\t\t\t\t\"> -->\n\t\t\t\t\t\t\t\t<div class=\"card-body\">\n\t\t\t\t\t\t\t\t\t\t\t\t\t\t\t\t\t\t\t<h6>Das Interesse f\u00fcr Lauftraining mit Hund im Canicross-Geschirr w\u00e4chst<\/h6>\n\t\t\t\t\t\t\t\t\t\t\t\t\t\t\t\t\t\t\t<a href=\"https:\/\/bozita.com\/de\/das-interesse-fur-lauftraining-mit-hund-im-canicross-geschirr-wachst\/\">Weiterlesen &nbsp; ><\/a>\n\t\t\t\t\t\t\t\t<\/div>\n\t\t\t\t\t\t\t<\/div>\n\t\t\t\t\t\t<\/div>\n\n\t\t\t\t\t\t\t\t\t\t\t<div class=\"col-sm-6 col-md-6 col-lg-3\">\n\t\t\t\t\t\t\t\t\t\t\t\t\t\t<div class=\"card \">\n\t\t\t\t\t\t\t\t\t\t\t\t\t\t\t\t\t<img decoding=\"async\"  src=\"https:\/\/bozita.com\/de\/wp-content\/uploads\/sites\/8\/2021\/08\/bozita_swedish-natural-quality.jpg\" alt=\"\">\n\t\t\t\t\t\t\t\t\t\t\t\t\t\t\t\t\t<!-- <img decoding=\"async\" src=\"\n\t\t\t\t\t\t\t\t\t\t\t\t\t\t\t\t\t\t\t\t\" alt=\"\n\t\t\t\t\t\t\t\t\t\t\t\t\t\t\t\t\t\t\t\t\t\t\t\t\t\t\t\"> -->\n\t\t\t\t\t\t\t\t<div class=\"card-body\">\n\t\t\t\t\t\t\t\t\t\t\t\t\t\t\t\t\t\t\t<h6>Balance Training mit Astrid<\/h6>\n\t\t\t\t\t\t\t\t\t\t\t\t\t\t\t\t\t\t\t<a href=\"https:\/\/bozita.com\/de\/leben-mit-hund\/hunde-beschaftigen\/balance-training-mit-astrid\/\">Weiterlesen &nbsp; ><\/a>\n\t\t\t\t\t\t\t\t<\/div>\n\t\t\t\t\t\t\t<\/div>\n\t\t\t\t\t\t<\/div>\n\n\t\t\t\t\t\t\t\t\t\t\t<div class=\"col-sm-6 col-md-6 col-lg-3\">\n\t\t\t\t\t\t\t\t\t\t\t\t\t\t<div class=\"card \">\n\t\t\t\t\t\t\t\t\t\t\t\t\t\t\t\t\t<img decoding=\"async\"  src=\"https:\/\/bozita.com\/de\/wp-content\/uploads\/sites\/8\/2021\/08\/bozita-hundvalp-miljotraning-socialisering.jpeg\" alt=\"\">\n\t\t\t\t\t\t\t\t\t\t\t\t\t\t\t\t\t<!-- <img decoding=\"async\" src=\"\n\t\t\t\t\t\t\t\t\t\t\t\t\t\t\t\t\t\t\t\t\" alt=\"\n\t\t\t\t\t\t\t\t\t\t\t\t\t\t\t\t\t\t\t\t\t\t\t\t\t\t\t\"> -->\n\t\t\t\t\t\t\t\t<div class=\"card-body\">\n\t\t\t\t\t\t\t\t\t\t\t\t\t\t\t\t\t\t\t<h6>Umgebungstraining mit dem Welpen \u2013 was, wann und wie<\/h6>\n\t\t\t\t\t\t\t\t\t\t\t\t\t\t\t\t\t\t\t<a href=\"https:\/\/bozita.com\/de\/leben-mit-hund\/entwicklung-deines-hundes\/umgebungstraining-mit-dem-welpen-was-wann-und-wie\/\">Weiterlesen &nbsp; ><\/a>\n\t\t\t\t\t\t\t\t<\/div>\n\t\t\t\t\t\t\t<\/div>\n\t\t\t\t\t\t<\/div>\n\n\t\t\t\t\t\t\t\t\t\t\t\t<\/div>\n\t\t<\/div>\n\t<\/section>\n","protected":false},"excerpt":{"rendered":"","protected":false},"author":1,"featured_media":7070,"parent":7134,"menu_order":0,"comment_status":"closed","ping_status":"closed","template":"guternberg.php","meta":{"footnotes":""},"acf":[],"yoast_head":"<!-- This site is optimized with the Yoast SEO plugin v21.3 - https:\/\/yoast.com\/wordpress\/plugins\/seo\/ -->\n<title>Verbessere die Interaktion mit Deinem Hund mithilfe von Aktivit\u00e4ten | Bozita DE<\/title>\n<meta name=\"description\" content=\"Ein Hundekurs ist eine gute M\u00f6glichkeit, Ihren Hund oder Welpen zu fordern. Welpentraining, Leinentraining und Folgsamkeit. Hier haben wir einige Tipps f\u00fcr Sie!\" \/>\n<meta name=\"robots\" content=\"index, follow, max-snippet:-1, max-image-preview:large, max-video-preview:-1\" \/>\n<link rel=\"canonical\" href=\"https:\/\/bozita.com\/de\/leben-mit-hund\/hunde-beschaftigen\/verbessern-sie-die-interaktion-mit-ihrem-hund-mithilfe-von-aktivitaten\/\" \/>\n<meta property=\"og:locale\" content=\"de_DE\" \/>\n<meta property=\"og:type\" content=\"article\" \/>\n<meta property=\"og:title\" content=\"Verbessere die Interaktion mit Deinem Hund mithilfe von Aktivit\u00e4ten | Bozita DE\" \/>\n<meta property=\"og:description\" content=\"Ein Hundekurs ist eine gute M\u00f6glichkeit, Ihren Hund oder Welpen zu fordern. Welpentraining, Leinentraining und Folgsamkeit. Hier haben wir einige Tipps f\u00fcr Sie!\" \/>\n<meta property=\"og:url\" content=\"https:\/\/bozita.com\/de\/leben-mit-hund\/hunde-beschaftigen\/verbessern-sie-die-interaktion-mit-ihrem-hund-mithilfe-von-aktivitaten\/\" \/>\n<meta property=\"og:site_name\" content=\"Bozita DE\" \/>\n<meta property=\"article:modified_time\" content=\"2024-07-19T12:51:44+00:00\" \/>\n<meta property=\"og:image\" content=\"https:\/\/bozita.com\/de\/wp-content\/uploads\/sites\/8\/2021\/06\/bozita-smakgaranti-hundmat-kattmat.jpeg\" \/>\n\t<meta property=\"og:image:width\" content=\"800\" \/>\n\t<meta property=\"og:image:height\" content=\"533\" \/>\n\t<meta property=\"og:image:type\" content=\"image\/jpeg\" \/>\n<meta name=\"twitter:card\" content=\"summary_large_image\" \/>\n<!-- \/ Yoast SEO plugin. -->","yoast_head_json":{"title":"Verbessere die Interaktion mit Deinem Hund mithilfe von Aktivit\u00e4ten | Bozita DE","description":"Ein Hundekurs ist eine gute M\u00f6glichkeit, Ihren Hund oder Welpen zu fordern. Welpentraining, Leinentraining und Folgsamkeit. Hier haben wir einige Tipps f\u00fcr Sie!","robots":{"index":"index","follow":"follow","max-snippet":"max-snippet:-1","max-image-preview":"max-image-preview:large","max-video-preview":"max-video-preview:-1"},"canonical":"https:\/\/bozita.com\/de\/leben-mit-hund\/hunde-beschaftigen\/verbessern-sie-die-interaktion-mit-ihrem-hund-mithilfe-von-aktivitaten\/","og_locale":"de_DE","og_type":"article","og_title":"Verbessere die Interaktion mit Deinem Hund mithilfe von Aktivit\u00e4ten | Bozita DE","og_description":"Ein Hundekurs ist eine gute M\u00f6glichkeit, Ihren Hund oder Welpen zu fordern. Welpentraining, Leinentraining und Folgsamkeit. Hier haben wir einige Tipps f\u00fcr Sie!","og_url":"https:\/\/bozita.com\/de\/leben-mit-hund\/hunde-beschaftigen\/verbessern-sie-die-interaktion-mit-ihrem-hund-mithilfe-von-aktivitaten\/","og_site_name":"Bozita DE","article_modified_time":"2024-07-19T12:51:44+00:00","og_image":[{"width":800,"height":533,"url":"https:\/\/bozita.com\/de\/wp-content\/uploads\/sites\/8\/2021\/06\/bozita-smakgaranti-hundmat-kattmat.jpeg","type":"image\/jpeg"}],"twitter_card":"summary_large_image","schema":{"@context":"https:\/\/schema.org","@graph":[{"@type":"WebPage","@id":"https:\/\/bozita.com\/de\/leben-mit-hund\/hunde-beschaftigen\/verbessern-sie-die-interaktion-mit-ihrem-hund-mithilfe-von-aktivitaten\/","url":"https:\/\/bozita.com\/de\/leben-mit-hund\/hunde-beschaftigen\/verbessern-sie-die-interaktion-mit-ihrem-hund-mithilfe-von-aktivitaten\/","name":"Verbessere die Interaktion mit Deinem Hund mithilfe von Aktivit\u00e4ten | Bozita DE","isPartOf":{"@id":"https:\/\/bozita.com\/de\/#website"},"datePublished":"2021-08-11T17:32:16+00:00","dateModified":"2024-07-19T12:51:44+00:00","description":"Ein Hundekurs ist eine gute M\u00f6glichkeit, Ihren Hund oder Welpen zu fordern. Welpentraining, Leinentraining und Folgsamkeit. Hier haben wir einige Tipps f\u00fcr Sie!","breadcrumb":{"@id":"https:\/\/bozita.com\/de\/leben-mit-hund\/hunde-beschaftigen\/verbessern-sie-die-interaktion-mit-ihrem-hund-mithilfe-von-aktivitaten\/#breadcrumb"},"inLanguage":"de","potentialAction":[{"@type":"ReadAction","target":["https:\/\/bozita.com\/de\/leben-mit-hund\/hunde-beschaftigen\/verbessern-sie-die-interaktion-mit-ihrem-hund-mithilfe-von-aktivitaten\/"]}]},{"@type":"BreadcrumbList","@id":"https:\/\/bozita.com\/de\/leben-mit-hund\/hunde-beschaftigen\/verbessern-sie-die-interaktion-mit-ihrem-hund-mithilfe-von-aktivitaten\/#breadcrumb","itemListElement":[{"@type":"ListItem","position":1,"name":"Startseite","item":"https:\/\/bozita.com\/de\/"},{"@type":"ListItem","position":2,"name":"Leben mit Hund","item":"https:\/\/bozita.com\/de\/leben-mit-hund\/"},{"@type":"ListItem","position":3,"name":"Besch\u00e4ftige Deinen Hund","item":"https:\/\/bozita.com\/de\/leben-mit-hund\/hunde-beschaftigen\/"},{"@type":"ListItem","position":4,"name":"Verbessere die Interaktion mit Deinem Hund mithilfe von Aktivit\u00e4ten"}]},{"@type":"WebSite","@id":"https:\/\/bozita.com\/de\/#website","url":"https:\/\/bozita.com\/de\/","name":"Bozita DE","description":"","potentialAction":[{"@type":"SearchAction","target":{"@type":"EntryPoint","urlTemplate":"https:\/\/bozita.com\/de\/?s={search_term_string}"},"query-input":"required name=search_term_string"}],"inLanguage":"de"}]}},"_links":{"self":[{"href":"https:\/\/bozita.com\/de\/wp-json\/wp\/v2\/pages\/7069"}],"collection":[{"href":"https:\/\/bozita.com\/de\/wp-json\/wp\/v2\/pages"}],"about":[{"href":"https:\/\/bozita.com\/de\/wp-json\/wp\/v2\/types\/page"}],"author":[{"embeddable":true,"href":"https:\/\/bozita.com\/de\/wp-json\/wp\/v2\/users\/1"}],"replies":[{"embeddable":true,"href":"https:\/\/bozita.com\/de\/wp-json\/wp\/v2\/comments?post=7069"}],"version-history":[{"count":30,"href":"https:\/\/bozita.com\/de\/wp-json\/wp\/v2\/pages\/7069\/revisions"}],"predecessor-version":[{"id":28346,"href":"https:\/\/bozita.com\/de\/wp-json\/wp\/v2\/pages\/7069\/revisions\/28346"}],"up":[{"embeddable":true,"href":"https:\/\/bozita.com\/de\/wp-json\/wp\/v2\/pages\/7134"}],"wp:featuredmedia":[{"embeddable":true,"href":"https:\/\/bozita.com\/de\/wp-json\/wp\/v2\/media\/7070"}],"wp:attachment":[{"href":"https:\/\/bozita.com\/de\/wp-json\/wp\/v2\/media?parent=7069"}],"curies":[{"name":"wp","href":"https:\/\/api.w.org\/{rel}","templated":true}]}}