{"id":7076,"date":"2021-08-11T17:31:34","date_gmt":"2021-08-11T17:31:34","guid":{"rendered":"https:\/\/bozita.com\/de\/dogs-on-boats-four-safety-tips\/"},"modified":"2024-08-12T11:43:30","modified_gmt":"2024-08-12T11:43:30","slug":"dogs-on-boats-four-safety-tips","status":"publish","type":"page","link":"https:\/\/bozita.com\/de\/leben-mit-hund\/hunde-beschaftigen\/dogs-on-boats-four-safety-tips\/","title":{"rendered":"Boot-Trip mit Hund &#8211; 4 Sicherheitstipps"},"content":{"rendered":"\t\t<section class=\"small-hero\">\n\t\t\t<div class=\"container\">\n\t\t\t\t<h1 class=\"small-hero-title\">Boot-Trip mit Hund &#8211; 4 Sicherheitstipps<\/h1>\t\t\t<\/div>\n\t\t\t<\/div>\n\t\t<\/section>\n\t\n\n\t<div class=\"text-box-warp\">\n\t\t<div class=\"container\">\n\t\t\t<div class=\"text-content\">\n\t\t\t\t<p>Wenn du einen Sommer auf dem Meer geplant hast und deinen Hund mit an Bord nehmen m\u00f6chtest, gibt es viel zu bedenken, bevor du ablegst!<\/p>\n<p>\u00dcber Wasser zu gleiten, das wie ein Spiegel gl\u00e4nzt, ohne dass eine Wolke in Sicht ist, mag wie ein sorgenfreies Erlebnis erscheinen. Als Hundebesitzer m\u00f6chtest du wahrscheinlich deinen Hund mitnehmen. Bootfahren kann eine der einfachen Freuden des Lebens sein, stellt aber auch hohe Anforderungen an deine Sicherheits- und Logistikplanung, vor allem wenn dein Hund dich begleitet. Es ist eine seltsame Erfahrung f\u00fcr Hunde, pl\u00f6tzlich auf einem kleinen unbekannten Ding zu sein, \u00fcber dem Wasser zu schweben, es ist also schwierig vorab zu sagen, ob dein Hund Freude daran hat und wie er sich verhalten wird.<\/p>\n\t\t\t<\/div>\n\t\t<\/div>\n\t<\/div>\n\n\n\t<section class=\"media-object-wrap\">\n\t\t<div class=\"container\">\n\t\t\t<div class=\"media-object\">\n\t\t\t\t<div class=\"row row-eq-height align-items-stretch\">\n\t\t\t\t\t<div class=\"col-md-5\">\n\t\t\t\t\t\t\t\t\t\t\t\t\t<img decoding=\"async\" src=\"https:\/\/bozita.com\/de\/wp-content\/uploads\/sites\/8\/2024\/08\/shutterstock_2220739223-scaled.jpg\" alt=\"\">\n\t\t\t\t\t\t\t\t\t\t\t\t<\/div>\n\t\t\t\t\t<div class=\"col-md-7 d-flex align-items-center\">\n\t\t\t\t\t\t<div class=\"media-content\">\n\t\t\t\t\t\t<h2>SCHWIMMWESTE F\u00dcR HUNDE<\/h2>\n<p>Die erste und wichtigste Sache, an die es zu denken gilt, wenn du deinen Hund auf ein Boot mitnimmst, ist, dass er sowohl an Bord als auch auf dem Steg eine Schwimmweste tr\u00e4gt. Dein Hund kann gerne schwimmen und ein hervorragender Schwimmer sein, aber wenn er oder sie \u00fcber Bord f\u00e4llt, kann es schnell extrem stressig und be\u00e4ngstigend werden. Die Schwimmweste gibt dir auch die M\u00f6glichkeit, deinen Hund festzuhalten und ihm leichter aus dem Wasser zu helfen. Also denke daran, Hund auf Boot = Hundeschwimmweste.<\/p>\n<p>Welche Schwimmweste du nehmen solltest, h\u00e4ngt vom Gewicht deines Hundes ab. Denke daran, ein paar Kilos mehr einzuplanen, wenn er oder sie beispielsweise langes Fell hat, da das Fell schwerer wird, wenn es nass ist. Eine gute Schwimmweste sollte Griffe auf der R\u00fcckseite und eine Schlaufe zum Befestigen einer Leine haben. Beachte, dass dein Hund auf einem Boot oder Steg keinesfalls mit Leine und Halsband festgebunden wird, das kann verheerende Folgen haben, wenn der Hund ins Wasser f\u00e4llt. Hake stattdessen die Leine an der Schlaufe an der Schwimmweste des Hundes ein.<\/p>\n\t\t\t\t\t\t<\/div>\n\t\t\t\t\t<\/div>\n\t\t\t\t<\/div>\n\t\t\t<\/div>\n\t\t<\/div>\n\t<\/section>\n   \n\n\n\t<div class=\"text-box-warp\">\n\t\t<div class=\"container\">\n\t\t\t<div class=\"text-content\">\n\t\t\t\t<h2>SCHWIMMEN MIT EINEM HUND \u2013 BEDENKE FOLGENDES<\/h2>\n<p>Einige Hunde schwimmen sehr gerne und es ist einfach, ein Bad zu nehmen, wenn das Wasser so verf\u00fchrerisch nah ist. Schwimmen ist eine sehr gute Form der Bewegung f\u00fcr Hunde, also z\u00f6gere nicht, Spa\u00df ins Training mit einzubauen, indem du deinen Hund ins Wasser holst und mit ihm schwimmen gehst. Achte allerdings auf das richtige Tempo und passe dies an die Kondition deines Hundes an, schwimmen kann sehr anstrengend sein.<\/p>\n<p>Wenn dein Hund ein Anf\u00e4ngerschwimmer ist, ist es sinnvoll, langsam zu beginnen. Warum nicht im flachen Wasser beginnen? Locke deinen Hund mit Hilfe von Spielzeug ins Wasser und bleibe in der N\u00e4he. Beachte, dass rutschige Felsen nicht gut f\u00fcr Hunde sind, die Angst vor dem Schwimmen haben, und sie sich nicht an den Pfoten verletzen.<\/p>\n\t\t\t<\/div>\n\t\t<\/div>\n\t<\/div>\n\n\n\t<section class=\"media-object-wrap\">\n\t\t<div class=\"container\">\n\t\t\t<div class=\"media-object\">\n\t\t\t\t<div class=\"row row-eq-height align-items-stretch\">\n\t\t\t\t\t<div class=\"col-md-5\">\n\t\t\t\t\t\t\t\t\t\t\t\t\t<img decoding=\"async\" src=\"https:\/\/bozita.com\/de\/wp-content\/uploads\/sites\/8\/2024\/08\/Hund-Boot.jpg\" alt=\"\">\n\t\t\t\t\t\t\t\t\t\t\t\t<\/div>\n\t\t\t\t\t<div class=\"col-md-7 d-flex align-items-center\">\n\t\t\t\t\t\t<div class=\"media-content\">\n\t\t\t\t\t\t<h2>TROCKNE DEINEN HUND NACH DEM SCHWIMMEN AB \u2013 VERMEIDE SCHWANZMUSKELLEIDEN<\/h2>\n<p>Es ist wichtig, deinen Hund nach dem Schwimmen abzutrocknen. Ein Hund, der viel schwimmt und nicht richtig trocknet, kann an Schwanzmuskelleiden erkranken. Dies ist eine Entz\u00fcndung der Schwanzwurzel, die auftritt, wenn Hunde feucht und kalt werden. Schwanzmuskelleiden ist sehr schmerzhaft und l\u00e4sst den Bereich um das Ges\u00e4\u00df sehr wund werden. Wenn der Hund warm und trocken gehalten wird, verschwindet es normalerweise von selbst nach ein paar Tagen, aber wenn nicht, solltest du einen Tierarzt f\u00fcr Schmerzmittel und entz\u00fcndungshemmende Mittel aufsuchen.<\/p>\n<p>Um Schwanzmuskelleiden zu vermeiden, ist es wichtig, deinen Hund nach dem Schwimmen zu trocknen und ihn zwischen den Schwimmeinheiten warm zu halten. Neben dem Abtrocknen deines Hundes nach dem Schwimmen ist es auch wichtig, ihn gelegentlich gr\u00fcndlich mit frischem Wasser abzusp\u00fclen. K\u00e4mme au\u00dferdem sein Fell, um Bakterien und Parasiten, die sich im Meer befinden k\u00f6nnen, loszuwerden.<\/p>\n\t\t\t\t\t\t<\/div>\n\t\t\t\t\t<\/div>\n\t\t\t\t<\/div>\n\t\t\t<\/div>\n\t\t<\/div>\n\t<\/section>\n   \n\n\n\t<div class=\"text-box-warp\">\n\t\t<div class=\"container\">\n\t\t\t<div class=\"text-content\">\n\t\t\t\t<h2>PLANE DEINEN TRIP SORGF\u00c4LTIG<\/h2>\n<p>Planen deine Reise sorgf\u00e4ltig, bevor du deinen Hund auf ein Boot mitnimmst. Wenn ein Hund an Bord ist, gibt es einige praktische Dinge, \u00fcber die du nachdenken solltest. Hunde sind im Allgemeinen nicht gerne zu lange auf See, also lasse zwischen den Zwischenstopps nicht mehr als vier bis f\u00fcnf Stunden liegen. Achte darauf, ausreichend Trinkwasser bei dir zu haben und lasse den Hund oft trinken, sonst bekommt er den Drang Salzwasser zu schlucken, was zu einer Salzwasservergiftung f\u00fchren kann. Lasse deinen Hund auch nicht schwimmen, wenn du vermutest, dass Algenbl\u00fcten im Wasser sind, da diese giftig sein k\u00f6nnen. Packe einen Erste-Hilfe-Kasten ein, wenn du einen Hund auf dem Boot hast, nur f\u00fcr den Fall, dass etwas schief geht. Und warum nicht auch Tier\u00e4rzte in der n\u00e4heren Umgebung vorab heraussuchen? Lasse deinen Hund sowohl ausruhen als auch aktiv bleiben, wenn du an Land bist und gib ihm einen ruhigen und sicheren Platz zum Ausruhen an Bord.<\/p>\n<p>Wenn du das alles getan hast, bist du bereit, abzulegen. Nimm deinen Hund mit an Bord und erlebe einen Sommer voller toller Bootserlebnisse!<\/p>\n<p><strong>Lies auch<\/strong><\/p>\n<ul>\n<li><a href=\"https:\/\/bozita.com\/de\/leben-mit-hund\/die-gesundheit-des-hundes\/aufbluhen-der-algen\/\">Algen und Hunde<\/a><\/li>\n<\/ul>\n\t\t\t<\/div>\n\t\t<\/div>\n\t<\/div>\n\n\n\t<section class=\"block section-promos\">\n\t\t<div class=\"container\">\n\t\t\t<div class=\"row\">\n\t\t\t\t\t\t\t\t\t\t<div class=\"col-md-6\">\n\t\t\t\t\t\t\t<div class=\"card\">\n\t\t\t\t\t\t\t\t\t\t\t\t\t\t\t\t\t<img decoding=\"async\" class=\"card-img-top\" src=\"https:\/\/bozita.com\/de\/wp-content\/uploads\/sites\/8\/2024\/07\/Hund-trocken-scaled.jpg\" alt=\"\">\n\t\t\t\t\t\t\t\t\t\t\t\t\t\t\t\t<div class=\"card-body\">\n\t\t\t\t\t\t\t\t\t<h5 class=\"card-title\">Bozita Trockenfutter Hund<\/h5>\n\t\t\t\t\t\t\t\t\t<p class=\"card-text\"><\/p>\n\t\t\t\t\t\t\t\t\t\t\t\t\t\t\t\t\t\t\t<a target=\"_blank\" href=\"https:\/\/www.bozita-shop.de\/Hunde\/Hundefutter-trocken:::15_35.html\" class=\"btn btn-white\">ONLINE KAUFEN<\/a>\n\t\t\t\t\t\t\t\t\t\t\t\t\t\t\t\t\t\t<\/div>\n\t\t\t\t\t\t\t<\/div>\n\t\t\t\t\t\t<\/div>\n\t\t\t\t\t\t\t\t\t\t\t\t<div class=\"col-md-6\">\n\t\t\t\t\t\t\t<div class=\"card\">\n\t\t\t\t\t\t\t\t\t\t\t\t\t\t\t\t\t<img decoding=\"async\" class=\"card-img-top\" src=\"https:\/\/bozita.com\/de\/wp-content\/uploads\/sites\/8\/2024\/07\/Hund-Nassfutter-scaled.jpg\" alt=\"\">\n\t\t\t\t\t\t\t\t\t\t\t\t\t\t\t\t<div class=\"card-body\">\n\t\t\t\t\t\t\t\t\t<h5 class=\"card-title\">Bozita Nassfutter Hund<\/h5>\n\t\t\t\t\t\t\t\t\t<p class=\"card-text\"><\/p>\n\t\t\t\t\t\t\t\t\t\t\t\t\t\t\t\t\t\t\t<a target=\"_blank\" href=\"https:\/\/www.bozita-shop.de\/Hunde\/Hundefutter-nass:::15_33.html\" class=\"btn btn-white\">ONLINE KAUFEN<\/a>\n\t\t\t\t\t\t\t\t\t\t\t\t\t\t\t\t\t\t<\/div>\n\t\t\t\t\t\t\t<\/div>\n\t\t\t\t\t\t<\/div>\n\t\t\t\t\t\t\t\t\t<\/div>\n\t\t<\/div>\n\t<\/section>\n\n\n\n\t<section class=\"block related-articles\">\n\t\t<div class=\"container\">\n\t\t\t<h2>Entdecke weitere Artikel<\/h2>\n\t\t\t<div class=\"row justify-content-center\">\n\t\t\t\t\t\t\t\t\t\t<div class=\"col-sm-6 col-md-6 col-lg-3\">\n\t\t\t\t\t\t\t\t\t\t\t\t\t\t<div class=\"card \">\n\t\t\t\t\t\t\t\t\t\t\t\t\t\t\t\t\t<img decoding=\"async\"  src=\"https:\/\/bozita.com\/de\/wp-content\/uploads\/sites\/8\/2021\/08\/bozita_swedish-natural-quality.jpg\" alt=\"\">\n\t\t\t\t\t\t\t\t\t\t\t\t\t\t\t\t\t<!-- <img decoding=\"async\" src=\"\n\t\t\t\t\t\t\t\t\t\t\t\t\t\t\t\t\t\t\t\t\" alt=\"\n\t\t\t\t\t\t\t\t\t\t\t\t\t\t\t\t\t\t\t\t\t\t\t\t\t\t\t\"> -->\n\t\t\t\t\t\t\t\t<div class=\"card-body\">\n\t\t\t\t\t\t\t\t\t\t\t\t\t\t\t\t\t\t\t<h6>Balance Training mit Astrid<\/h6>\n\t\t\t\t\t\t\t\t\t\t\t\t\t\t\t\t\t\t\t<a href=\"https:\/\/bozita.com\/de\/leben-mit-hund\/hunde-beschaftigen\/balance-training-mit-astrid\/\">Weiterlesen &nbsp; ><\/a>\n\t\t\t\t\t\t\t\t<\/div>\n\t\t\t\t\t\t\t<\/div>\n\t\t\t\t\t\t<\/div>\n\n\t\t\t\t\t\t\t\t\t\t\t<div class=\"col-sm-6 col-md-6 col-lg-3\">\n\t\t\t\t\t\t\t\t\t\t\t\t\t\t<div class=\"card \">\n\t\t\t\t\t\t\t\t\t\t\t\t\t\t\t\t<!-- <img decoding=\"async\" src=\"\n\t\t\t\t\t\t\t\t\t\t\t\t\t\t\t\t\t\t\t\t\" alt=\"\n\t\t\t\t\t\t\t\t\t\t\t\t\t\t\t\t\t\t\t\t\t\t\t\t\t\t\t\"> -->\n\t\t\t\t\t\t\t\t<div class=\"card-body\">\n\t\t\t\t\t\t\t\t\t\t\t\t\t\t\t\t\t\t\t<h6>Das Interesse f\u00fcr Lauftraining mit Hund im Canicross-Geschirr w\u00e4chst<\/h6>\n\t\t\t\t\t\t\t\t\t\t\t\t\t\t\t\t\t\t\t<a href=\"https:\/\/bozita.com\/de\/das-interesse-fur-lauftraining-mit-hund-im-canicross-geschirr-wachst\/\">Weiterlesen &nbsp; ><\/a>\n\t\t\t\t\t\t\t\t<\/div>\n\t\t\t\t\t\t\t<\/div>\n\t\t\t\t\t\t<\/div>\n\n\t\t\t\t\t\t\t\t\t\t\t<div class=\"col-sm-6 col-md-6 col-lg-3\">\n\t\t\t\t\t\t\t\t\t\t\t\t\t\t<div class=\"card \">\n\t\t\t\t\t\t\t\t\t\t\t\t\t\t\t\t\t<img decoding=\"async\"  src=\"https:\/\/bozita.com\/de\/wp-content\/uploads\/sites\/8\/2021\/06\/bozita-smakgaranti-hundmat-kattmat.jpeg\" alt=\"\">\n\t\t\t\t\t\t\t\t\t\t\t\t\t\t\t\t\t<!-- <img decoding=\"async\" src=\"\n\t\t\t\t\t\t\t\t\t\t\t\t\t\t\t\t\t\t\t\t\" alt=\"\n\t\t\t\t\t\t\t\t\t\t\t\t\t\t\t\t\t\t\t\t\t\t\t\t\t\t\t\"> -->\n\t\t\t\t\t\t\t\t<div class=\"card-body\">\n\t\t\t\t\t\t\t\t\t\t\t\t\t\t\t\t\t\t\t<h6>Verbessere die Interaktion mit Deinem Hund mithilfe von Aktivit\u00e4ten<\/h6>\n\t\t\t\t\t\t\t\t\t\t\t\t\t\t\t\t\t\t\t<a href=\"https:\/\/bozita.com\/de\/leben-mit-hund\/hunde-beschaftigen\/verbessern-sie-die-interaktion-mit-ihrem-hund-mithilfe-von-aktivitaten\/\">Weiterlesen &nbsp; ><\/a>\n\t\t\t\t\t\t\t\t<\/div>\n\t\t\t\t\t\t\t<\/div>\n\t\t\t\t\t\t<\/div>\n\n\t\t\t\t\t\t\t\t\t\t\t\t<\/div>\n\t\t<\/div>\n\t<\/section>\n","protected":false},"excerpt":{"rendered":"","protected":false},"author":1,"featured_media":7077,"parent":7134,"menu_order":0,"comment_status":"closed","ping_status":"closed","template":"guternberg.php","meta":{"footnotes":""},"acf":[],"yoast_head":"<!-- This site is optimized with the Yoast SEO plugin v21.3 - https:\/\/yoast.com\/wordpress\/plugins\/seo\/ -->\n<title>Boot-Trip mit Hund - 4 Sicherheitstipps | Bozita DE<\/title>\n<meta name=\"description\" content=\"Tips for you who should take your dog on the boat and swim with your dog. You need e.g. wear the right life jacket and think about drying the dog after bathing. Read more here.\" \/>\n<meta name=\"robots\" content=\"index, follow, max-snippet:-1, max-image-preview:large, max-video-preview:-1\" \/>\n<link rel=\"canonical\" href=\"https:\/\/bozita.com\/de\/leben-mit-hund\/hunde-beschaftigen\/dogs-on-boats-four-safety-tips\/\" \/>\n<meta property=\"og:locale\" content=\"de_DE\" \/>\n<meta property=\"og:type\" content=\"article\" \/>\n<meta property=\"og:title\" content=\"Boot-Trip mit Hund - 4 Sicherheitstipps | Bozita DE\" \/>\n<meta property=\"og:description\" content=\"Tips for you who should take your dog on the boat and swim with your dog. You need e.g. wear the right life jacket and think about drying the dog after bathing. Read more here.\" \/>\n<meta property=\"og:url\" content=\"https:\/\/bozita.com\/de\/leben-mit-hund\/hunde-beschaftigen\/dogs-on-boats-four-safety-tips\/\" \/>\n<meta property=\"og:site_name\" content=\"Bozita DE\" \/>\n<meta property=\"article:modified_time\" content=\"2024-08-12T11:43:30+00:00\" \/>\n<meta property=\"og:image\" content=\"https:\/\/bozita.com\/de\/wp-content\/uploads\/sites\/8\/2021\/08\/bozita-ta-med-hunde-pa-baten.jpeg\" \/>\n\t<meta property=\"og:image:width\" content=\"800\" \/>\n\t<meta property=\"og:image:height\" content=\"534\" \/>\n\t<meta property=\"og:image:type\" content=\"image\/jpeg\" \/>\n<meta name=\"twitter:card\" content=\"summary_large_image\" \/>\n<!-- \/ Yoast SEO plugin. -->","yoast_head_json":{"title":"Boot-Trip mit Hund - 4 Sicherheitstipps | Bozita DE","description":"Tips for you who should take your dog on the boat and swim with your dog. You need e.g. wear the right life jacket and think about drying the dog after bathing. Read more here.","robots":{"index":"index","follow":"follow","max-snippet":"max-snippet:-1","max-image-preview":"max-image-preview:large","max-video-preview":"max-video-preview:-1"},"canonical":"https:\/\/bozita.com\/de\/leben-mit-hund\/hunde-beschaftigen\/dogs-on-boats-four-safety-tips\/","og_locale":"de_DE","og_type":"article","og_title":"Boot-Trip mit Hund - 4 Sicherheitstipps | Bozita DE","og_description":"Tips for you who should take your dog on the boat and swim with your dog. You need e.g. wear the right life jacket and think about drying the dog after bathing. Read more here.","og_url":"https:\/\/bozita.com\/de\/leben-mit-hund\/hunde-beschaftigen\/dogs-on-boats-four-safety-tips\/","og_site_name":"Bozita DE","article_modified_time":"2024-08-12T11:43:30+00:00","og_image":[{"width":800,"height":534,"url":"https:\/\/bozita.com\/de\/wp-content\/uploads\/sites\/8\/2021\/08\/bozita-ta-med-hunde-pa-baten.jpeg","type":"image\/jpeg"}],"twitter_card":"summary_large_image","schema":{"@context":"https:\/\/schema.org","@graph":[{"@type":"WebPage","@id":"https:\/\/bozita.com\/de\/leben-mit-hund\/hunde-beschaftigen\/dogs-on-boats-four-safety-tips\/","url":"https:\/\/bozita.com\/de\/leben-mit-hund\/hunde-beschaftigen\/dogs-on-boats-four-safety-tips\/","name":"Boot-Trip mit Hund - 4 Sicherheitstipps | Bozita DE","isPartOf":{"@id":"https:\/\/bozita.com\/de\/#website"},"datePublished":"2021-08-11T17:31:34+00:00","dateModified":"2024-08-12T11:43:30+00:00","description":"Tips for you who should take your dog on the boat and swim with your dog. You need e.g. wear the right life jacket and think about drying the dog after bathing. Read more here.","breadcrumb":{"@id":"https:\/\/bozita.com\/de\/leben-mit-hund\/hunde-beschaftigen\/dogs-on-boats-four-safety-tips\/#breadcrumb"},"inLanguage":"de","potentialAction":[{"@type":"ReadAction","target":["https:\/\/bozita.com\/de\/leben-mit-hund\/hunde-beschaftigen\/dogs-on-boats-four-safety-tips\/"]}]},{"@type":"BreadcrumbList","@id":"https:\/\/bozita.com\/de\/leben-mit-hund\/hunde-beschaftigen\/dogs-on-boats-four-safety-tips\/#breadcrumb","itemListElement":[{"@type":"ListItem","position":1,"name":"Startseite","item":"https:\/\/bozita.com\/de\/"},{"@type":"ListItem","position":2,"name":"Leben mit Hund","item":"https:\/\/bozita.com\/de\/leben-mit-hund\/"},{"@type":"ListItem","position":3,"name":"Besch\u00e4ftige Deinen Hund","item":"https:\/\/bozita.com\/de\/leben-mit-hund\/hunde-beschaftigen\/"},{"@type":"ListItem","position":4,"name":"Boot-Trip mit Hund &#8211; 4 Sicherheitstipps"}]},{"@type":"WebSite","@id":"https:\/\/bozita.com\/de\/#website","url":"https:\/\/bozita.com\/de\/","name":"Bozita DE","description":"","potentialAction":[{"@type":"SearchAction","target":{"@type":"EntryPoint","urlTemplate":"https:\/\/bozita.com\/de\/?s={search_term_string}"},"query-input":"required name=search_term_string"}],"inLanguage":"de"}]}},"_links":{"self":[{"href":"https:\/\/bozita.com\/de\/wp-json\/wp\/v2\/pages\/7076"}],"collection":[{"href":"https:\/\/bozita.com\/de\/wp-json\/wp\/v2\/pages"}],"about":[{"href":"https:\/\/bozita.com\/de\/wp-json\/wp\/v2\/types\/page"}],"author":[{"embeddable":true,"href":"https:\/\/bozita.com\/de\/wp-json\/wp\/v2\/users\/1"}],"replies":[{"embeddable":true,"href":"https:\/\/bozita.com\/de\/wp-json\/wp\/v2\/comments?post=7076"}],"version-history":[{"count":41,"href":"https:\/\/bozita.com\/de\/wp-json\/wp\/v2\/pages\/7076\/revisions"}],"predecessor-version":[{"id":28738,"href":"https:\/\/bozita.com\/de\/wp-json\/wp\/v2\/pages\/7076\/revisions\/28738"}],"up":[{"embeddable":true,"href":"https:\/\/bozita.com\/de\/wp-json\/wp\/v2\/pages\/7134"}],"wp:featuredmedia":[{"embeddable":true,"href":"https:\/\/bozita.com\/de\/wp-json\/wp\/v2\/media\/7077"}],"wp:attachment":[{"href":"https:\/\/bozita.com\/de\/wp-json\/wp\/v2\/media?parent=7076"}],"curies":[{"name":"wp","href":"https:\/\/api.w.org\/{rel}","templated":true}]}}