{"id":7078,"date":"2021-08-11T17:31:20","date_gmt":"2021-08-11T17:31:20","guid":{"rendered":"https:\/\/bozita.com\/de\/der-naturliche-weg-zum-wohlbefinden\/sustainable-for-animals-and-nature\/"},"modified":"2025-02-18T09:02:19","modified_gmt":"2025-02-18T09:02:19","slug":"sustainable-for-animals-and-nature","status":"publish","type":"page","link":"https:\/\/bozita.com\/de\/der-naturliche-weg-zum-wohlbefinden\/sustainable-for-animals-and-nature\/","title":{"rendered":"Nachhaltig f\u00fcr Tier und Natur"},"content":{"rendered":"\t\t<section class=\"small-hero\">\n\t\t\t<div class=\"container\">\n\t\t\t\t<h5>Bozita<\/h5><h1 class=\"small-hero-title\">Nachhaltig f\u00fcr Tier und Natur<\/h1><p><p>Unser Ziel bei Bozita ist es, qualitativ hochwertiges Hunde- und Katzenfutter in einem nachhaltigen und umweltfreundlichen Verfahren zu produzieren und so zum Schutz unserer Umwelt beizutragen.<\/p>\n<\/p>\t\t\t<\/div>\n\t\t\t<\/div>\n\t\t<\/section>\n\t\n\n\t<div class=\"text-box-warp\">\n\t\t<div class=\"container\">\n\t\t\t<div class=\"text-content\">\n\t\t\t\t<h2>ERNEUERBARE ENERGIE &#8211; PRODUKTION IM EINKLANG MIT DER NATUR<\/h2>\n<p>Unsere K\u00fcche, in der alle Bozita-Produkte hergestellt werden, befindet sich in V\u00e5rg\u00e5rda, im Zentrum der sch\u00f6nen landwirtschaftlichen Region Westschwedens. Die K\u00fcche wird zu 100 Prozent mit erneuerbarer Energie betrieben. Drei Viertel der Energie stammt aus dem Dampf der V\u00e5rg\u00e5rda \u00c5ngfabrik und ein Viertel aus Wasserkraft, der umweltfreundlichsten Art von Strom.<\/p>\n<p>Speisereste und Abf\u00e4lle aus der Futtermittelproduktion werden wiederverwertet und in Biogas umgewandelt, das Stadtbusse und M\u00fcllwagen antreibt.<\/p>\n<h2>Nat\u00fcrliche Inhaltsstoffe<\/h2>\n<p>Wir w\u00e4hlen unsere Zutaten mit gro\u00dfer Sorgfalt aus. Viele unserer Zutaten werden direkt von schwedischen Bauernh\u00f6fen an unsere K\u00fcche geliefert und nach den schwedischen Tierhaltungsgesetzen erzeugt. Dies bringt viele Vorteile mit sich.<\/p>\n<ul>\n<li>Strenge Tierschutzgesetze &#8211; Das schwedische Tierschutzgesetz ist eines der strengsten der Welt.<\/li>\n<li>Keine Wachstumshormone &#8211; Die Verwendung von Wachstumshormonen in der Tierhaltung ist in Schweden verboten.<\/li>\n<li>BSE-freies Land &#8211; Schweden ist eines der ersten L\u00e4nder der Welt, das von der Weltorganisation f\u00fcr Tiergesundheit als BSE-frei (Rinderwahnsinn) eingestuft wurde.<\/li>\n<\/ul>\n<p>Au\u00dferdem bestehen die Zutaten, die wir heute verwenden, nicht aus Lebensmittelbest\u00e4nden des Menschen. Stattdessen verwenden wir Produkte, die aus der Produktionskette von Lebensmitteln ausgeschlossen werden, aber immer noch von hoher Qualit\u00e4t sind. Aus diesen Produkten bereiten wir schmackhafte und hochwertige Mahlzeiten zu, die an die heutigen Bed\u00fcrfnisse der Hunde und Katzen angepasst sind.<\/p>\n<h2>Klimafreundliche Verpackung<\/h2>\n<p>Die Verpackungen unserer Produkte, ob aus Karton, Kunststoff oder im Tetra Recart\u00ae, haben eine geringe Auswirkung auf die Umwelt. Wir waren die ersten, die eine umweltfreundliche Verpackung auf Kartonbasis, die Tetra Recart \u00ae, angeboten haben. Diese ist leicht zu \u00f6ffnen und wieder zu verschlie\u00dfen und kann effizient verpackt werden, was den Transportplatz reduziert. Das Material unserer Tetra Recart\u00ae Verpackung ist FSC-zertifiziert.<\/p>\n<p><a href=\"https:\/\/bozita.com\/de\/der-naturliche-weg-zum-wohlbefinden\/tetra-recart-die-umweltschonende-verpackung-fur-nassfutter\/\">Tetra Recart\u00ae &#8211; eine klimafreundliche Tierfutterverpackung<\/a><\/p>\n<h2>LEBENSMITTELZERTIFIZIERTE TIERNAHRUNG SEIT 2007<\/h2>\n<p>F\u00fcr uns ist es wichtig, dass alles, was wir Euren Tieren servieren, von h\u00f6chster Qualit\u00e4t ist. Deshalb ist unsere Heimtierfutterproduktion in V\u00e5rg\u00e5rda seit 2007 nach ISO 22000 zertifiziert. Wir waren sogar der erste schwedische Tierfutterhersteller, der in eine Produktion mit Lebensmittelsicherheitszertifikat investierte. ISO 22000 ist eine Norm f\u00fcr das Qualit\u00e4tsmanagement in der Lebensmittelindustrie, die sich auf die Lebensmittelsicherheit konzentriert. Die Zertifizierung bedeutet unter anderem, dass unsere Zutaten bis zu ihrer Quelle zur\u00fcckverfolgt werden k\u00f6nnen.<\/p>\n<p>Da unsere Fabrik in V\u00e5rg\u00e5rda f\u00fcr Lebensmittelsicherheit zertifiziert ist, kannst Du als Tierhalter darauf vertrauen, dass unsere Produkte nichts enthalten, was f\u00fcr Dein Tier sch\u00e4dlich ist, und dass unser Futter unter den richtigen Bedingungen zubereitet wird. Die Zertifizierung verpflichtet uns auch zur Einhaltung strenger Hygiene- und Sauberkeitsanforderungen in der Produktion, die sowohl von uns als auch von unabh\u00e4ngigen Inspektoren regelm\u00e4\u00dfig \u00fcberpr\u00fcft werden.<\/p>\n\t\t\t<\/div>\n\t\t<\/div>\n\t<\/div>\n\n\n\t<section class=\"block section-promos\">\n\t\t<div class=\"container\">\n\t\t\t<div class=\"row\">\n\t\t\t\t\t\t\t\t\t\t<div class=\"col-md-6 col-lg-4 condensed_V2\">\n\t\t\t\t\t\t\t<div class=\"card\">\n\t\t\t\t\t\t\t\t\t\t\t\t\t\t\t\t\t<img decoding=\"async\" class=\"card-img-top\" src=\"https:\/\/bozita.com\/de\/wp-content\/uploads\/sites\/8\/2021\/06\/bozita-about-us.jpeg\" alt=\"\">\n\t\t\t\t\t\t\t\t\t\t\t\t\t\t\t\t<div class=\"card-body\">\n\t\t\t\t\t\t\t\t\t<h5 class=\"card-title\">\u00dcber uns<\/h5>\n\t\t\t\t\t\t\t\t\t<p class=\"card-text\">Wir stellen seit \u00fcber 100 Jahren Katzen- und Hundefutter her! Unser gesamtes Tierfutter wird in V\u00e5rg\u00e5rda aus Zutaten h\u00f6chster Qualit\u00e4t hergestellt.<\/p>\n\t\t\t\t\t\t\t\t\t\t\t\t\t\t\t\t\t\t\t<a target=\"\" href=\"https:\/\/bozita.com\/de\/uber-uns\/\" class=\"btn btn-white\">Weiterlesen<\/a>\n\t\t\t\t\t\t\t\t\t\t\t\t\t\t\t\t\t\t<\/div>\n\t\t\t\t\t\t\t<\/div>\n\t\t\t\t\t\t<\/div>\n\t\t\t\t\t\t\t\t\t\t\t\t<div class=\"col-md-6 col-lg-4 condensed_V2\">\n\t\t\t\t\t\t\t<div class=\"card\">\n\t\t\t\t\t\t\t\t\t\t\t\t\t\t\t\t\t<img decoding=\"async\" class=\"card-img-top\" src=\"https:\/\/bozita.com\/de\/wp-content\/uploads\/sites\/8\/2023\/09\/Vorschlag-Landschaftsbild-Blog-Nachhaltigkeit.jpg\" alt=\"\">\n\t\t\t\t\t\t\t\t\t\t\t\t\t\t\t\t<div class=\"card-body\">\n\t\t\t\t\t\t\t\t\t<h5 class=\"card-title\">Nachhaltigkeit in der Produktion<\/h5>\n\t\t\t\t\t\t\t\t\t<p class=\"card-text\">Hund und Katze waren schon immer unsere Lieblinge unter den Haustieren, und gerade in den letzten Jahren hat diese Partnerschaft einen regelrechten Boom erfahren. Die gestiegene Nachfrage nach Hunde- und Katzenfutter ist der beste Beweis f\u00fcr diese Entwicklung.<\/p>\n\t\t\t\t\t\t\t\t\t\t\t\t\t\t\t\t\t\t\t<a target=\"\" href=\"https:\/\/bozita.com\/de\/nachhaltigkeit-in-der-tierfutterproduktion\/\" class=\"btn btn-white\">WEITERLESEN<\/a>\n\t\t\t\t\t\t\t\t\t\t\t\t\t\t\t\t\t\t<\/div>\n\t\t\t\t\t\t\t<\/div>\n\t\t\t\t\t\t<\/div>\n\t\t\t\t\t\t\t\t\t\t\t\t<div class=\"col-md-6 col-lg-4 condensed_V2\">\n\t\t\t\t\t\t\t<div class=\"card\">\n\t\t\t\t\t\t\t\t\t\t\t\t\t\t\t\t\t<img decoding=\"async\" class=\"card-img-top\" src=\"https:\/\/bozita.com\/de\/wp-content\/uploads\/sites\/8\/2021\/06\/bozita-breeders-club-dog-cat.jpeg\" alt=\"\">\n\t\t\t\t\t\t\t\t\t\t\t\t\t\t\t\t<div class=\"card-body\">\n\t\t\t\t\t\t\t\t\t<h5 class=\"card-title\">Bozita Breeders Club<\/h5>\n\t\t\t\t\t\t\t\t\t<p class=\"card-text\">Wenn Du Katzen- oder Hundez\u00fcchter bist kannst Du Mitglied in unserem Club, dem Bozita Breeder&#8217;s Club, werden.<\/p>\n\t\t\t\t\t\t\t\t\t\t\t\t\t\t\t\t\t\t\t<a target=\"\" href=\"https:\/\/bozita.com\/de\/bozita-breeders-club\/\" class=\"btn btn-white\">Weiterlesen<\/a>\n\t\t\t\t\t\t\t\t\t\t\t\t\t\t\t\t\t\t<\/div>\n\t\t\t\t\t\t\t<\/div>\n\t\t\t\t\t\t<\/div>\n\t\t\t\t\t\t\t\t\t\t\t\t<div class=\"col-md-6 col-lg-4 condensed_V2\">\n\t\t\t\t\t\t\t<div class=\"card\">\n\t\t\t\t\t\t\t\t\t\t\t\t\t\t\t\t\t<img decoding=\"async\" class=\"card-img-top\" src=\"https:\/\/bozita.com\/de\/wp-content\/uploads\/sites\/8\/2021\/06\/bozita-miljovanlig-forpackning-tetra-recart.jpeg\" alt=\"\">\n\t\t\t\t\t\t\t\t\t\t\t\t\t\t\t\t<div class=\"card-body\">\n\t\t\t\t\t\t\t\t\t<h5 class=\"card-title\">Umweltfreundliche Verpackung<\/h5>\n\t\t\t\t\t\t\t\t\t<p class=\"card-text\">Ein Gro\u00dfteil unseres Nassfutter wird im Tetra Recart geliefert &#8211; einer klimafreundlichen Verpackung, die zusammen mit Papier und Karton recycelt werden kann.<\/p>\n\t\t\t\t\t\t\t\t\t\t\t\t\t\t\t\t\t\t\t<a target=\"\" href=\"https:\/\/bozita.com\/de\/der-naturliche-weg-zum-wohlbefinden\/tetra-recart-die-umweltschonende-verpackung-fur-nassfutter\/\" class=\"btn btn-white\">Weiterlesen<\/a>\n\t\t\t\t\t\t\t\t\t\t\t\t\t\t\t\t\t\t<\/div>\n\t\t\t\t\t\t\t<\/div>\n\t\t\t\t\t\t<\/div>\n\t\t\t\t\t\t\t\t\t\t\t\t<div class=\"col-md-6 col-lg-4 condensed_V2\">\n\t\t\t\t\t\t\t<div class=\"card\">\n\t\t\t\t\t\t\t\t\t\t\t\t\t\t\t\t\t<img decoding=\"async\" class=\"card-img-top\" src=\"https:\/\/bozita.com\/de\/wp-content\/uploads\/sites\/8\/2021\/06\/bozita-tassalyckan-katthem-provsmakare-produktutveckling.jpeg\" alt=\"\">\n\t\t\t\t\t\t\t\t\t\t\t\t\t\t\t\t<div class=\"card-body\">\n\t\t\t\t\t\t\t\t\t<h5 class=\"card-title\">Das Katzenhaus &#8222;Tassalyckan&#8220;<\/h5>\n\t\t\t\t\t\t\t\t\t<p class=\"card-text\">Drei\u00dfig Katzen arbeiten in unserem Katzenhaus Tassalyckan, um uns bei der Verkostung und Entwicklung unseres Trocken- und Nassfutters f\u00fcr Katzen zu helfen.<\/p>\n\t\t\t\t\t\t\t\t\t\t\t\t\t\t\t\t\t\t\t<a target=\"\" href=\"https:\/\/bozita.com\/de\/das-katzenhaus-tassalyckan\/\" class=\"btn btn-white\">Weiterlesen<\/a>\n\t\t\t\t\t\t\t\t\t\t\t\t\t\t\t\t\t\t<\/div>\n\t\t\t\t\t\t\t<\/div>\n\t\t\t\t\t\t<\/div>\n\t\t\t\t\t\t\t\t\t<\/div>\n\t\t<\/div>\n\t<\/section>\n","protected":false},"excerpt":{"rendered":"","protected":false},"author":4,"featured_media":6964,"parent":7021,"menu_order":0,"comment_status":"closed","ping_status":"closed","template":"guternberg.php","meta":{"footnotes":""},"acf":[],"yoast_head":"<!-- This site is optimized with the Yoast SEO plugin v21.3 - https:\/\/yoast.com\/wordpress\/plugins\/seo\/ -->\n<title>Nachhaltig f\u00fcr Tier und Natur | Bozita DE<\/title>\n<meta name=\"description\" content=\"At Bozita, our goal is to produce the very best dog and cat food in the best possible way with sustainability, the environment and our common future in focus.\" \/>\n<meta name=\"robots\" content=\"index, follow, max-snippet:-1, max-image-preview:large, max-video-preview:-1\" \/>\n<link rel=\"canonical\" href=\"https:\/\/bozita.com\/de\/der-naturliche-weg-zum-wohlbefinden\/sustainable-for-animals-and-nature\/\" \/>\n<meta property=\"og:locale\" content=\"de_DE\" \/>\n<meta property=\"og:type\" content=\"article\" \/>\n<meta property=\"og:title\" content=\"Nachhaltig f\u00fcr Tier und Natur | Bozita DE\" \/>\n<meta property=\"og:description\" content=\"At Bozita, our goal is to produce the very best dog and cat food in the best possible way with sustainability, the environment and our common future in focus.\" \/>\n<meta property=\"og:url\" content=\"https:\/\/bozita.com\/de\/der-naturliche-weg-zum-wohlbefinden\/sustainable-for-animals-and-nature\/\" \/>\n<meta property=\"og:site_name\" content=\"Bozita DE\" \/>\n<meta property=\"article:modified_time\" content=\"2025-02-18T09:02:19+00:00\" \/>\n<meta property=\"og:image\" content=\"https:\/\/bozita.com\/de\/wp-content\/uploads\/sites\/8\/2021\/08\/bozita_swedish-natural-quality.jpg\" \/>\n\t<meta property=\"og:image:width\" content=\"800\" \/>\n\t<meta property=\"og:image:height\" content=\"533\" \/>\n\t<meta property=\"og:image:type\" content=\"image\/jpeg\" \/>\n<meta name=\"twitter:card\" content=\"summary_large_image\" \/>\n<!-- \/ Yoast SEO plugin. -->","yoast_head_json":{"title":"Nachhaltig f\u00fcr Tier und Natur | Bozita DE","description":"At Bozita, our goal is to produce the very best dog and cat food in the best possible way with sustainability, the environment and our common future in focus.","robots":{"index":"index","follow":"follow","max-snippet":"max-snippet:-1","max-image-preview":"max-image-preview:large","max-video-preview":"max-video-preview:-1"},"canonical":"https:\/\/bozita.com\/de\/der-naturliche-weg-zum-wohlbefinden\/sustainable-for-animals-and-nature\/","og_locale":"de_DE","og_type":"article","og_title":"Nachhaltig f\u00fcr Tier und Natur | Bozita DE","og_description":"At Bozita, our goal is to produce the very best dog and cat food in the best possible way with sustainability, the environment and our common future in focus.","og_url":"https:\/\/bozita.com\/de\/der-naturliche-weg-zum-wohlbefinden\/sustainable-for-animals-and-nature\/","og_site_name":"Bozita DE","article_modified_time":"2025-02-18T09:02:19+00:00","og_image":[{"width":800,"height":533,"url":"https:\/\/bozita.com\/de\/wp-content\/uploads\/sites\/8\/2021\/08\/bozita_swedish-natural-quality.jpg","type":"image\/jpeg"}],"twitter_card":"summary_large_image","schema":{"@context":"https:\/\/schema.org","@graph":[{"@type":"WebPage","@id":"https:\/\/bozita.com\/de\/der-naturliche-weg-zum-wohlbefinden\/sustainable-for-animals-and-nature\/","url":"https:\/\/bozita.com\/de\/der-naturliche-weg-zum-wohlbefinden\/sustainable-for-animals-and-nature\/","name":"Nachhaltig f\u00fcr Tier und Natur | Bozita DE","isPartOf":{"@id":"https:\/\/bozita.com\/de\/#website"},"datePublished":"2021-08-11T17:31:20+00:00","dateModified":"2025-02-18T09:02:19+00:00","description":"At Bozita, our goal is to produce the very best dog and cat food in the best possible way with sustainability, the environment and our common future in focus.","breadcrumb":{"@id":"https:\/\/bozita.com\/de\/der-naturliche-weg-zum-wohlbefinden\/sustainable-for-animals-and-nature\/#breadcrumb"},"inLanguage":"de","potentialAction":[{"@type":"ReadAction","target":["https:\/\/bozita.com\/de\/der-naturliche-weg-zum-wohlbefinden\/sustainable-for-animals-and-nature\/"]}]},{"@type":"BreadcrumbList","@id":"https:\/\/bozita.com\/de\/der-naturliche-weg-zum-wohlbefinden\/sustainable-for-animals-and-nature\/#breadcrumb","itemListElement":[{"@type":"ListItem","position":1,"name":"Startseite","item":"https:\/\/bozita.com\/de\/"},{"@type":"ListItem","position":2,"name":"DER NAT\u00dcRLICHE WEG ZUM WOHLBEFINDEN","item":"https:\/\/bozita.com\/de\/der-naturliche-weg-zum-wohlbefinden\/"},{"@type":"ListItem","position":3,"name":"Nachhaltig f\u00fcr Tier und Natur"}]},{"@type":"WebSite","@id":"https:\/\/bozita.com\/de\/#website","url":"https:\/\/bozita.com\/de\/","name":"Bozita DE","description":"","potentialAction":[{"@type":"SearchAction","target":{"@type":"EntryPoint","urlTemplate":"https:\/\/bozita.com\/de\/?s={search_term_string}"},"query-input":"required name=search_term_string"}],"inLanguage":"de"}]}},"_links":{"self":[{"href":"https:\/\/bozita.com\/de\/wp-json\/wp\/v2\/pages\/7078"}],"collection":[{"href":"https:\/\/bozita.com\/de\/wp-json\/wp\/v2\/pages"}],"about":[{"href":"https:\/\/bozita.com\/de\/wp-json\/wp\/v2\/types\/page"}],"author":[{"embeddable":true,"href":"https:\/\/bozita.com\/de\/wp-json\/wp\/v2\/users\/4"}],"replies":[{"embeddable":true,"href":"https:\/\/bozita.com\/de\/wp-json\/wp\/v2\/comments?post=7078"}],"version-history":[{"count":41,"href":"https:\/\/bozita.com\/de\/wp-json\/wp\/v2\/pages\/7078\/revisions"}],"predecessor-version":[{"id":29299,"href":"https:\/\/bozita.com\/de\/wp-json\/wp\/v2\/pages\/7078\/revisions\/29299"}],"up":[{"embeddable":true,"href":"https:\/\/bozita.com\/de\/wp-json\/wp\/v2\/pages\/7021"}],"wp:featuredmedia":[{"embeddable":true,"href":"https:\/\/bozita.com\/de\/wp-json\/wp\/v2\/media\/6964"}],"wp:attachment":[{"href":"https:\/\/bozita.com\/de\/wp-json\/wp\/v2\/media?parent=7078"}],"curies":[{"name":"wp","href":"https:\/\/api.w.org\/{rel}","templated":true}]}}