{"id":7079,"date":"2021-08-11T17:31:12","date_gmt":"2021-08-11T17:31:12","guid":{"rendered":"https:\/\/bozita.com\/de\/leben-mit-katze\/katzengesundheit\/"},"modified":"2025-06-30T15:47:34","modified_gmt":"2025-06-30T15:47:34","slug":"katzengesundheit","status":"publish","type":"page","link":"https:\/\/bozita.com\/de\/leben-mit-katze\/katzengesundheit\/","title":{"rendered":"K\u00fcmmern Sie sich um Ihre Katze \u2013 Katzengesundheit"},"content":{"rendered":"\n\t\t<section class=\"small-hero-with-image\">\n\t\t\t\t\t\t\t<img decoding=\"async\" class=\"background-image\" src=\"https:\/\/bozita.com\/de\/wp-content\/uploads\/sites\/8\/2021\/08\/bozita-katt-halsa-3-2.jpg\" alt=\"\">\n\t\t\t\t\t\t\t<div class=\"overlay-v1 overlay-bg\">\n\t\t\t\t<div class=\"container\">\n\t\t\t\t\t<div class=\"row\">\n\t\t\t\t\t\t<div class=\"col-md-6 col-lg-5\">\n\t\t\t\t\t\t\t<h5>Katzenwissen<\/h5><h1>Katzengesundheit<\/h1><p><p>Als Katzenbesitzer m\u00f6chtest Du dich nat\u00fcrlich optimal um Deine Katze k\u00fcmmern. Jedes Tier ist ein Individuum f\u00fcr sich, das sowohl Liebe als auch F\u00fcrsorge ben\u00f6tigt. Damit Deine Katze gesund bleibt, ist es wichtig, an Dinge wie Impfungen oder Kastration zu denken und auch im Blick zu behalten, ob sie ausreichend frisst. So schaffst Du ideale Voraussetzungen f\u00fcr das Wohlbefinden sowie ein langes und aktives Leben Deiner Katze.<\/p>\n<\/p>\t\t\t\t\t\t<\/div>\n\t\t\t\t\t<\/div>\n\t\t\t\t<\/div>\n\t\t\t<\/div>\n\t\t<\/section>\n\t\t\n\n\t<section class=\"block section-promos\">\n\t\t<div class=\"container\">\n\t\t\t<div class=\"row\">\n\t\t\t\t\t\t\t\t\t\t<div class=\"col-md-6\">\n\t\t\t\t\t\t\t<div class=\"card\">\n\t\t\t\t\t\t\t\t\t\t\t\t\t\t\t\t\t<img decoding=\"async\" class=\"card-img-top\" src=\"https:\/\/bozita.com\/de\/wp-content\/uploads\/sites\/8\/2023\/09\/1989169127-huge-scaled.jpg\" alt=\"\">\n\t\t\t\t\t\t\t\t\t\t\t\t\t\t\t\t<div class=\"card-body\">\n\t\t\t\t\t\t\t\t\t<h5 class=\"card-title\">Wie alt werden Katzen?<\/h5>\n\t\t\t\t\t\t\t\t\t<p class=\"card-text\">Als Katzenbesitzer m\u00f6chtest du nat\u00fcrlich, dass deine Katze ein langes und gesundes Leben hat. Aber wie alt kann eine Katze wirklich werden? Hier erf\u00e4hrst du, wie lange eine Katze im Durchschnitt lebt und welche Faktoren die Lebenserwartung einer Katze beeinflussen k\u00f6nnen.<\/p>\n\t\t\t\t\t\t\t\t\t\t\t\t\t\t\t\t\t\t\t<a target=\"\" href=\"https:\/\/bozita.com\/de\/leben-mit-katze\/katzengesundheit\/wie-alt-werden-katzen\/\" class=\"btn btn-white\">Weiterlesen<\/a>\n\t\t\t\t\t\t\t\t\t\t\t\t\t\t\t\t\t\t<\/div>\n\t\t\t\t\t\t\t<\/div>\n\t\t\t\t\t\t<\/div>\n\t\t\t\t\t\t\t\t\t\t\t\t<div class=\"col-md-6\">\n\t\t\t\t\t\t\t<div class=\"card\">\n\t\t\t\t\t\t\t\t\t\t\t\t\t\t\t\t\t<img decoding=\"async\" class=\"card-img-top\" src=\"https:\/\/bozita.com\/de\/wp-content\/uploads\/sites\/8\/2021\/08\/bozita-katt-ratt-hull-guide.jpeg\" alt=\"\">\n\t\t\t\t\t\t\t\t\t\t\t\t\t\t\t\t<div class=\"card-body\">\n\t\t\t\t\t\t\t\t\t<h5 class=\"card-title\">Body Ma\u00df Index f\u00fcr Katzen<\/h5>\n\t\t\t\t\t\t\t\t\t<p class=\"card-text\">Es ist sehr wichtig, dass Deine Katze das richtige K\u00f6rpergewicht und damit den korrekten K\u00f6rperfettanteil hat. Das ist insbesondere f\u00fcr das Wohlbefinden und die Gesundheit Deiner Katze wichtig. Bozita\u2019s Body Ma\u00df Index hilft Dir bei der Einsch\u00e4tzung, ob Deine Katze das perfekte Gewicht f\u00fcr ein aktives Leben und eine gute Gesundheit hat. Verwende hierzu die Bilder und den Text, um den K\u00f6rperfettanteil Deiner Katze zu bestimmen.<\/p>\n\t\t\t\t\t\t\t\t\t\t\t\t\t\t\t\t\t\t\t<a target=\"\" href=\"https:\/\/bozita.com\/de\/leben-mit-katze\/katzengesundheit\/hat-deine-katze-den-richtigen-korperfettanteil-bozitas-body-mas-index-fur-katzen-kann-dir-helfen\/\" class=\"btn btn-white\">Weiterlesen<\/a>\n\t\t\t\t\t\t\t\t\t\t\t\t\t\t\t\t\t\t<\/div>\n\t\t\t\t\t\t\t<\/div>\n\t\t\t\t\t\t<\/div>\n\t\t\t\t\t\t\t\t\t\t\t\t<div class=\"col-md-6\">\n\t\t\t\t\t\t\t<div class=\"card\">\n\t\t\t\t\t\t\t\t\t\t\t\t\t\t\t\t\t<img decoding=\"async\" class=\"card-img-top\" src=\"https:\/\/bozita.com\/de\/wp-content\/uploads\/sites\/8\/2021\/08\/bozita-kastrera-katt.jpeg\" alt=\"\">\n\t\t\t\t\t\t\t\t\t\t\t\t\t\t\t\t<div class=\"card-body\">\n\t\t\t\t\t\t\t\t\t<h5 class=\"card-title\">Das kastrieren einer Katze hat viele Vorteile<\/h5>\n\t\t\t\t\t\t\t\t\t<p class=\"card-text\">Laut Deutschem Tierschutzbund e.V. und anderen Organisationen, die sich dem Wohl von Tieren verschrieben haben, sollten Tierhalter verhindern, dass sich freilaufende Katzen unkontrolliert, unerw\u00fcnscht oder \u00fcbertrieben stark vermehren. Dies l\u00e4sst sich durch Kastration, Sterilisation oder auf anderen Wegen erreichen. M\u00f6chtest Du Deine Katze nicht in der Zucht einsetzen, bringt das Kastrieren Deiner Katze viele Vorteile \u2013 sowohl bei einem weiblichen als auch bei einem m\u00e4nnlichen Tier.<\/p>\n\t\t\t\t\t\t\t\t\t\t\t\t\t\t\t\t\t\t\t<a target=\"\" href=\"https:\/\/bozita.com\/de\/leben-mit-katze\/katzengesundheit\/das-kastrieren-einer-katze-hat-viele-vorteile\/\" class=\"btn btn-white\">Weiterlesen<\/a>\n\t\t\t\t\t\t\t\t\t\t\t\t\t\t\t\t\t\t<\/div>\n\t\t\t\t\t\t\t<\/div>\n\t\t\t\t\t\t<\/div>\n\t\t\t\t\t\t\t\t\t\t\t\t<div class=\"col-md-6\">\n\t\t\t\t\t\t\t<div class=\"card\">\n\t\t\t\t\t\t\t\t\t\t\t\t\t\t\t\t\t<img decoding=\"async\" class=\"card-img-top\" src=\"https:\/\/bozita.com\/de\/wp-content\/uploads\/sites\/8\/2021\/06\/bozita-cat-food.jpg\" alt=\"\">\n\t\t\t\t\t\t\t\t\t\t\t\t\t\t\t\t<div class=\"card-body\">\n\t\t\t\t\t\t\t\t\t<h5 class=\"card-title\">Weihnachten ist da!<\/h5>\n\t\t\t\t\t\t\t\t\t<p class=\"card-text\">Weihnachten n\u00e4hert sich und obwohl es eine Zeit voller Gem\u00fctlichkeit ist, welche durch festliche Dekoration, Pflanzen und Lichter gepr\u00e4gt wird, birgt sie viele Risiken f\u00fcr Deine Katze. Um sicher zu gehen, dass Ihr die besten Bedingungen f\u00fcr gem\u00fctliche Feiertage mit Eurer Katze habt, haben wir Euch eine Auswahl der am meisten vorkommenden Weihnachtsgefahren, m\u00f6gliche Vorbeugungen und L\u00f6sungen zusammengestellt. Bozita w\u00fcnscht Euch allen frohe Weihachten!<\/p>\n\t\t\t\t\t\t\t\t\t\t\t\t\t\t\t\t\t\t\t<a target=\"\" href=\"https:\/\/bozita.com\/de\/leben-mit-katze\/katzengesundheit\/weihnachten-ist-da\/\" class=\"btn btn-white\">Weiterlesen<\/a>\n\t\t\t\t\t\t\t\t\t\t\t\t\t\t\t\t\t\t<\/div>\n\t\t\t\t\t\t\t<\/div>\n\t\t\t\t\t\t<\/div>\n\t\t\t\t\t\t\t\t\t\t\t\t<div class=\"col-md-6\">\n\t\t\t\t\t\t\t<div class=\"card\">\n\t\t\t\t\t\t\t\t\t\t\t\t\t\t\t\t\t<img decoding=\"async\" class=\"card-img-top\" src=\"https:\/\/bozita.com\/de\/wp-content\/uploads\/sites\/8\/2021\/09\/bozita-lamna-katt-ensam.jpg\" alt=\"\">\n\t\t\t\t\t\t\t\t\t\t\t\t\t\t\t\t<div class=\"card-body\">\n\t\t\t\t\t\t\t\t\t<h5 class=\"card-title\">Krallen schneiden bei Katzen <\/h5>\n\t\t\t\t\t\t\t\t\t<p class=\"card-text\">Das K\u00fcrzen von Katzenkrallen kann einiges an Geduld erfordern, insbesondere zu Beginn, wenn sich der Stubentiger noch nicht vollst\u00e4ndig daran gew\u00f6hnt hat. Wie oft Du die Krallen bei Deiner Katze grunds\u00e4tzlich schneiden solltest, h\u00e4ngt davon ab, ob sie sich im Freien oder ausschlie\u00dflich in Innenr\u00e4umen aufh\u00e4lt. Wohnungskatzen ben\u00f6tigen in dieser Hinsicht mehr Pflege als Freig\u00e4nger, da letztere sich ihre Krallen auf nat\u00fcrliche Weise in der Natur stutzen.<\/p>\n\t\t\t\t\t\t\t\t\t\t\t\t\t\t\t\t\t\t\t<a target=\"\" href=\"https:\/\/bozita.com\/de\/leben-mit-katze\/katzengesundheit\/krallen-schneiden-katze-wie-oft-sollte-man-dem-tier-die-krallen-schneiden\/\" class=\"btn btn-white\">Weiterlesen<\/a>\n\t\t\t\t\t\t\t\t\t\t\t\t\t\t\t\t\t\t<\/div>\n\t\t\t\t\t\t\t<\/div>\n\t\t\t\t\t\t<\/div>\n\t\t\t\t\t\t\t\t\t\t\t\t<div class=\"col-md-6\">\n\t\t\t\t\t\t\t<div class=\"card\">\n\t\t\t\t\t\t\t\t\t\t\t\t\t\t\t\t\t<img decoding=\"async\" class=\"card-img-top\" src=\"https:\/\/bozita.com\/de\/wp-content\/uploads\/sites\/8\/2021\/09\/bozita-vaccinera-katt.jpg\" alt=\"\">\n\t\t\t\t\t\t\t\t\t\t\t\t\t\t\t\t<div class=\"card-body\">\n\t\t\t\t\t\t\t\t\t<h5 class=\"card-title\">Katzen impfen lassen<\/h5>\n\t\t\t\t\t\t\t\t\t<p class=\"card-text\">Impfungen sind wichtig f\u00fcr sowohl Deine als auch andere Katzen. Indem Du Deine Katze impfen l\u00e4sst, reduzierst Du das Risiko f\u00fcr die Verbreitung h\u00e4ufig auftretender Krankheiten wie Katzenseuche oder Katzenschnupfen, auch Katzengrippe genannt.<\/p>\n\t\t\t\t\t\t\t\t\t\t\t\t\t\t\t\t\t\t\t<a target=\"\" href=\"https:\/\/bozita.com\/de\/leben-mit-katze\/katzengesundheit\/katzen-impfen-lassen\/\" class=\"btn btn-white\">Weiterlesen<\/a>\n\t\t\t\t\t\t\t\t\t\t\t\t\t\t\t\t\t\t<\/div>\n\t\t\t\t\t\t\t<\/div>\n\t\t\t\t\t\t<\/div>\n\t\t\t\t\t\t\t\t\t\t\t\t<div class=\"col-md-6\">\n\t\t\t\t\t\t\t<div class=\"card\">\n\t\t\t\t\t\t\t\t\t\t\t\t\t\t\t\t\t<img decoding=\"async\" class=\"card-img-top\" src=\"https:\/\/bozita.com\/de\/wp-content\/uploads\/sites\/8\/2021\/09\/bozita-palsvard-fibrer-motverkar-harbollar.jpg\" alt=\"\">\n\t\t\t\t\t\t\t\t\t\t\t\t\t\t\t\t<div class=\"card-body\">\n\t\t\t\t\t\t\t\t\t<h5 class=\"card-title\">Erbricht Deine Katze Haarballen?<\/h5>\n\t\t\t\t\t\t\t\t\t<p class=\"card-text\">Putzt sich die Katze, gelangt lose sitzendes Fell in den Magen, wo sich Haarballen bilden. Die Katze versucht, diese verschluckten Haare zu erbrechen, gelingt dies jedoch nicht, m\u00fcssen die Haare den gesamten K\u00f6rper passieren. Mithilfe von Fellpflege und einer ballaststoffreichen Nahrung kannst Du Deiner Katze helfen, eventuelle Beschwerden mit Haarballen zu verringern.<\/p>\n\t\t\t\t\t\t\t\t\t\t\t\t\t\t\t\t\t\t\t<a target=\"\" href=\"https:\/\/bozita.com\/de\/leben-mit-katze\/katzengesundheit\/erbricht-deine-katze-haarballen\/\" class=\"btn btn-white\">Weiterlesen<\/a>\n\t\t\t\t\t\t\t\t\t\t\t\t\t\t\t\t\t\t<\/div>\n\t\t\t\t\t\t\t<\/div>\n\t\t\t\t\t\t<\/div>\n\t\t\t\t\t\t\t\t\t\t\t\t<div class=\"col-md-6\">\n\t\t\t\t\t\t\t<div class=\"card\">\n\t\t\t\t\t\t\t\t\t\t\t\t\t\t\t\t\t<img decoding=\"async\" class=\"card-img-top\" src=\"https:\/\/bozita.com\/de\/wp-content\/uploads\/sites\/8\/2021\/08\/bozita-byta-foder-vuxen-katt.jpg\" alt=\"\">\n\t\t\t\t\t\t\t\t\t\t\t\t\t\t\t\t<div class=\"card-body\">\n\t\t\t\t\t\t\t\t\t<h5 class=\"card-title\">Wurmkur bei Katzen und Katzenbabys<\/h5>\n\t\t\t\t\t\t\t\t\t<p class=\"card-text\">Wie oft Deine Katze eine Wurmkur erhalten sollte, h\u00e4ngt vor allem davon ab, ob sie ein ausgewachsenes Tier oder ein Katzenbaby ist und ob sie sich drinnen oder drau\u00dfen aufh\u00e4lt. Empfohlen wird die Entwurmung bei Katzen in vielen F\u00e4llen nur, sofern das Tier Symptome zeigt, bei denen man von einem Wurmbefall ausgehen kann. Die h\u00e4ufigsten Wurmarten bei Katzen sind Spulwurm und Bandwurm.<\/p>\n\t\t\t\t\t\t\t\t\t\t\t\t\t\t\t\t\t\t\t<a target=\"\" href=\"https:\/\/bozita.com\/de\/leben-mit-katze\/katzengesundheit\/wurmkur-katze-und-katzenbaby\/\" class=\"btn btn-white\">Weiterlesen<\/a>\n\t\t\t\t\t\t\t\t\t\t\t\t\t\t\t\t\t\t<\/div>\n\t\t\t\t\t\t\t<\/div>\n\t\t\t\t\t\t<\/div>\n\t\t\t\t\t\t\t\t\t\t\t\t<div class=\"col-md-6\">\n\t\t\t\t\t\t\t<div class=\"card\">\n\t\t\t\t\t\t\t\t\t\t\t\t\t\t\t\t\t<img decoding=\"async\" class=\"card-img-top\" src=\"https:\/\/bozita.com\/de\/wp-content\/uploads\/sites\/8\/2021\/09\/bozita-introducera-katt-till-nytt-hem.jpg\" alt=\"\">\n\t\t\t\t\t\t\t\t\t\t\t\t\t\t\t\t<div class=\"card-body\">\n\t\t\t\t\t\t\t\t\t<h5 class=\"card-title\">Wie lange schlafen Katzen?<\/h5>\n\t\t\t\t\t\t\t\t\t<p class=\"card-text\">Wie viele Stunden eine Katze am Tag schl\u00e4ft, ist individuell und h\u00e4ngt von mehreren Faktoren wie dem Alter, Aktivit\u00e4tsniveau und der Pers\u00f6nlichkeit ab. <\/p>\n\t\t\t\t\t\t\t\t\t\t\t\t\t\t\t\t\t\t\t<a target=\"\" href=\"https:\/\/bozita.com\/de\/leben-mit-katze\/die-entwicklung-der-katze\/wie-lange-schlafen-katzen\/\" class=\"btn btn-white\">Weiterlesen<\/a>\n\t\t\t\t\t\t\t\t\t\t\t\t\t\t\t\t\t\t<\/div>\n\t\t\t\t\t\t\t<\/div>\n\t\t\t\t\t\t<\/div>\n\t\t\t\t\t\t\t\t\t<\/div>\n\t\t<\/div>\n\t<\/section>\n\n\n\n\t<section class=\"block explore-other-topics\">\n\t<div class=\"container\">\n\t\t<h2>Entdecke weitere Themen<\/h2>\n\t\t<div class=\"row\">\n\t\t\t\t\t\t\t\t<div class=\"col-md-6 col-lg-3\">\n\t\t\t\t\t\t\t\t\t\t\t\t\t<h6>Katzenern\u00e4hrung und Di\u00e4t<\/h6>\n\t\t\t\t\t\t\t\t\t\t\t\t\t<div class=\"card \">\n\t\t\t\t\t\t\t<img loading=\"lazy\" decoding=\"async\" width=\"800\" height=\"533\" src=\"https:\/\/bozita.com\/de\/wp-content\/uploads\/sites\/8\/2021\/06\/bozita-nutrition-kost-katt.jpg\" class=\"attachment-post-thumbnail size-post-thumbnail wp-post-image\" alt=\"Katzenern\u00e4hrung und Di\u00e4t\" srcset=\"https:\/\/bozita.com\/de\/wp-content\/uploads\/sites\/8\/2021\/06\/bozita-nutrition-kost-katt.jpg 800w, https:\/\/bozita.com\/de\/wp-content\/uploads\/sites\/8\/2021\/06\/bozita-nutrition-kost-katt-300x200.jpg 300w, https:\/\/bozita.com\/de\/wp-content\/uploads\/sites\/8\/2021\/06\/bozita-nutrition-kost-katt-768x512.jpg 768w\" sizes=\"(max-width: 800px) 100vw, 800px\" \/>\n\t\t\t\t\t\t\t\t\t\t\t\t\t\t<div class=\"card-body\">\n\t\t\t\t\t\t\t\t\n\t\t\t\t\t\t\t\t\t\t\t\t\t\t\t\t\t<ul>\n\t\t\t\t\t\t\t\t\t\t\t\t\t\t\t\t\t\t\t\t\t<li><a href=\"https:\/\/bozita.com\/de\/katzenfutter\/ernahrung-and-diat\/deine-katze-frisst-oder-trinkt-nicht\/\">Katze frisst oder trinkt nicht? Tipps &amp; Ratschl\u00e4ge<\/a><\/li>\n\t\t\t\t\t\t\t\t\t\t\t\t\t\t\t\t\t\t\t\t\t\t<li><a href=\"https:\/\/bozita.com\/de\/katzenfutter\/ernahrung-and-diat\/was-essen-katzen\/\">Was essen Katzen und wie viel?<\/a><\/li>\n\t\t\t\t\t\t\t\t\t\t\t\t\t\t\t\t\t\t\t\t\t\t<li><a href=\"https:\/\/bozita.com\/de\/katzenfutter\/ernahrung-and-diat\/wie-wechselt-man-das-katzenfutter\/\">Futter von Katzen oder Kitten wechseln? So klappt&#8217;s<\/a><\/li>\n\t\t\t\t\t\t\t\t\t\t\t\t\t\t\t\t\t\t\t\t<\/ul>\n\t\t\t\t\t\t\t\t\t\t\t\t\t\t\t\t<a target=\"\" href=\"https:\/\/bozita.com\/de\/katzenfutter\/ernahrung-and-diat\/\" class=\"btn btn-primary\">Weitere Artikel<\/a>\n\t\t\t\t\t\t\t<\/div>\n\t\t\t\t\t\t<\/div>\n\t\t\t\t\t<\/div>\n\t\t\t\t\t\t\t\t\t\t<div class=\"col-md-6 col-lg-3\">\n\t\t\t\t\t\t\t\t\t\t\t\t\t<h6>Besch\u00e4ftige Deine Katze<\/h6>\n\t\t\t\t\t\t\t\t\t\t\t\t\t<div class=\"card \">\n\t\t\t\t\t\t\t<img loading=\"lazy\" decoding=\"async\" width=\"1600\" height=\"578\" src=\"https:\/\/bozita.com\/de\/wp-content\/uploads\/sites\/8\/2021\/06\/bozita-aktivera-katt.jpg\" class=\"attachment-post-thumbnail size-post-thumbnail wp-post-image\" alt=\"Leben mit Katze\" srcset=\"https:\/\/bozita.com\/de\/wp-content\/uploads\/sites\/8\/2021\/06\/bozita-aktivera-katt.jpg 1600w, https:\/\/bozita.com\/de\/wp-content\/uploads\/sites\/8\/2021\/06\/bozita-aktivera-katt-300x108.jpg 300w, https:\/\/bozita.com\/de\/wp-content\/uploads\/sites\/8\/2021\/06\/bozita-aktivera-katt-1024x370.jpg 1024w, https:\/\/bozita.com\/de\/wp-content\/uploads\/sites\/8\/2021\/06\/bozita-aktivera-katt-768x277.jpg 768w, https:\/\/bozita.com\/de\/wp-content\/uploads\/sites\/8\/2021\/06\/bozita-aktivera-katt-1536x555.jpg 1536w\" sizes=\"(max-width: 1600px) 100vw, 1600px\" \/>\n\t\t\t\t\t\t\t\t\t\t\t\t\t\t<div class=\"card-body\">\n\t\t\t\t\t\t\t\t\n\t\t\t\t\t\t\t\t\t\t\t\t\t\t\t\t\t<ul>\n\t\t\t\t\t\t\t\t\t\t\t\t\t\t\t\t\t\t\t\t\t<li><a href=\"https:\/\/bozita.com\/de\/leben-mit-katze\/beschaftige-deine-katze\/beschaftige-deine-katze\/\">Tipps, wie Sie Ihre Katze besch\u00e4ftigen k\u00f6nnen<\/a><\/li>\n\t\t\t\t\t\t\t\t\t\t\t\t\t\t\t\t\t\t\t\t<\/ul>\n\t\t\t\t\t\t\t\t\t\t\t\t\t\t\t\t<a target=\"\" href=\"https:\/\/bozita.com\/de\/leben-mit-katze\/beschaftige-deine-katze\/\" class=\"btn btn-primary\">Weitere Artikel<\/a>\n\t\t\t\t\t\t\t<\/div>\n\t\t\t\t\t\t<\/div>\n\t\t\t\t\t<\/div>\n\t\t\t\t\t\t\t\t\t\t<div class=\"col-md-6 col-lg-3\">\n\t\t\t\t\t\t\t\t\t\t\t\t\t<h6>Katzenentwicklung \u2013 Guter Katzenbesitzer werden<\/h6>\n\t\t\t\t\t\t\t\t\t\t\t\t\t<div class=\"card \">\n\t\t\t\t\t\t\t<img loading=\"lazy\" decoding=\"async\" width=\"1600\" height=\"578\" src=\"https:\/\/bozita.com\/de\/wp-content\/uploads\/sites\/8\/2021\/06\/bozita-katt-utveckling-2.jpg\" class=\"attachment-post-thumbnail size-post-thumbnail wp-post-image\" alt=\"Katzenentwicklung \u2013 Guter Katzenbesitzer werden\" srcset=\"https:\/\/bozita.com\/de\/wp-content\/uploads\/sites\/8\/2021\/06\/bozita-katt-utveckling-2.jpg 1600w, https:\/\/bozita.com\/de\/wp-content\/uploads\/sites\/8\/2021\/06\/bozita-katt-utveckling-2-300x108.jpg 300w, https:\/\/bozita.com\/de\/wp-content\/uploads\/sites\/8\/2021\/06\/bozita-katt-utveckling-2-1024x370.jpg 1024w, https:\/\/bozita.com\/de\/wp-content\/uploads\/sites\/8\/2021\/06\/bozita-katt-utveckling-2-768x277.jpg 768w, https:\/\/bozita.com\/de\/wp-content\/uploads\/sites\/8\/2021\/06\/bozita-katt-utveckling-2-1536x555.jpg 1536w\" sizes=\"(max-width: 1600px) 100vw, 1600px\" \/>\n\t\t\t\t\t\t\t\t\t\t\t\t\t\t<div class=\"card-body\">\n\t\t\t\t\t\t\t\t\n\t\t\t\t\t\t\t\t\t\t\t\t\t\t\t\t\t<ul>\n\t\t\t\t\t\t\t\t\t\t\t\t\t\t\t\t\t\t\t\t\t<li><a href=\"https:\/\/bozita.com\/de\/leben-mit-katze\/die-entwicklung-der-katze-2\/verhalten-und-korpersprache-von-katzen\/\">Katzenverhalten &amp; K\u00f6rpersprache von Katzen<\/a><\/li>\n\t\t\t\t\t\t\t\t\t\t\t\t\t\t\t\t\t\t\t\t\t\t<li><a href=\"https:\/\/bozita.com\/de\/leben-mit-katze\/die-entwicklung-der-katze-2\/the-history-of-the-cat\/\">Die Geschichte der Katze als Haustier des Menschen<\/a><\/li>\n\t\t\t\t\t\t\t\t\t\t\t\t\t\t\t\t\t\t\t\t\t\t<li><a href=\"https:\/\/bozita.com\/de\/leben-mit-katze\/die-entwicklung-der-katze-2\/anatomie-und-physiologie-der-katze\/\">Anatomie und Physiologie der Katze<\/a><\/li>\n\t\t\t\t\t\t\t\t\t\t\t\t\t\t\t\t\t\t\t\t<\/ul>\n\t\t\t\t\t\t\t\t\t\t\t\t\t\t\t\t<a target=\"\" href=\"https:\/\/bozita.com\/de\/leben-mit-katze\/die-entwicklung-der-katze-2\/\" class=\"btn btn-primary\">Weitere Artikel<\/a>\n\t\t\t\t\t\t\t<\/div>\n\t\t\t\t\t\t<\/div>\n\t\t\t\t\t<\/div>\n\t\t\t\t\t\t\t\t\t\t<div class=\"col-md-6 col-lg-3\">\n\t\t\t\t\t\t\t\t\t\t\t\t\t<h6>Katze kaufen oder anschaffen &#8211; Das ist zu beachten<\/h6>\n\t\t\t\t\t\t\t\t\t\t\t\t\t<div class=\"card \">\n\t\t\t\t\t\t\t<img loading=\"lazy\" decoding=\"async\" width=\"600\" height=\"401\" src=\"https:\/\/bozita.com\/de\/wp-content\/uploads\/sites\/8\/2021\/08\/Bozita_Kitten_lax_optimized-new.png\" class=\"attachment-post-thumbnail size-post-thumbnail wp-post-image\" alt=\"Katze kaufen oder anschaffen &#8211; Das ist zu beachten\" srcset=\"https:\/\/bozita.com\/de\/wp-content\/uploads\/sites\/8\/2021\/08\/Bozita_Kitten_lax_optimized-new.png 600w, https:\/\/bozita.com\/de\/wp-content\/uploads\/sites\/8\/2021\/08\/Bozita_Kitten_lax_optimized-new-300x201.png 300w\" sizes=\"(max-width: 600px) 100vw, 600px\" \/>\n\t\t\t\t\t\t\t\t\t\t\t\t\t\t<div class=\"card-body\">\n\t\t\t\t\t\t\t\t\n\t\t\t\t\t\t\t\t\t\t\t\t\t\t\t\t\t<ul>\n\t\t\t\t\t\t\t\t\t\t\t\t\t\t\t\t\t\t\t\t\t<li><a href=\"https:\/\/bozita.com\/de\/leben-mit-katze\/katze-kaufen\/katze-chippen-und-registrieren-lassen-deshalb-ist-es-so-wichtig\/\">Katze chippen, t\u00e4towieren und registrieren lassen<\/a><\/li>\n\t\t\t\t\t\t\t\t\t\t\t\t\t\t\t\t\t\t\t\t\t\t<li><a href=\"https:\/\/bozita.com\/de\/leben-mit-katze\/katze-kaufen\/wie-werden-katzenbaby-und-katze-freiganger\/\">So werden Katzenbaby und Katze Freig\u00e4nger<\/a><\/li>\n\t\t\t\t\t\t\t\t\t\t\t\t\t\t\t\t\t\t\t\t\t\t<li><a href=\"https:\/\/bozita.com\/de\/leben-mit-katze\/katze-kaufen\/wie-lange-kann-man-eine-katze-allein-lassen\/\">Wie lange kann man eine Katze allein lassen?<\/a><\/li>\n\t\t\t\t\t\t\t\t\t\t\t\t\t\t\t\t\t\t\t\t<\/ul>\n\t\t\t\t\t\t\t\t\t\t\t\t\t\t\t\t<a target=\"\" href=\"https:\/\/bozita.com\/de\/leben-mit-katze\/katze-kaufen\/\" class=\"btn btn-primary\">Weitere Artikel<\/a>\n\t\t\t\t\t\t\t<\/div>\n\t\t\t\t\t\t<\/div>\n\t\t\t\t\t<\/div>\n\t\t\t\t\t\t\t<\/div>\n\t<\/div>\n<\/section>\n\n\n\t<section class=\"block section-promos\">\n\t\t<div class=\"container\">\n\t\t\t<div class=\"row\">\n\t\t\t\t\t\t\t<\/div>\n\t\t<\/div>\n\t<\/section>\n","protected":false},"excerpt":{"rendered":"","protected":false},"author":4,"featured_media":7081,"parent":6994,"menu_order":0,"comment_status":"closed","ping_status":"closed","template":"guternberg.php","meta":{"footnotes":""},"acf":[],"yoast_head":"<!-- This site is optimized with the Yoast SEO plugin v21.3 - https:\/\/yoast.com\/wordpress\/plugins\/seo\/ -->\n<title>K\u00fcmmern Sie sich um Ihre Katze \u2013 Katzengesundheit | Bozita DE<\/title>\n<meta name=\"description\" content=\"Tipps &amp; Ratschl\u00e4ge zu Katzengesundheit und Pflege: Impfungen, Kastration und Sterilisierung, richtiges Gewicht, Fellpflege und Sicherheit.\" \/>\n<meta name=\"robots\" content=\"index, follow, max-snippet:-1, max-image-preview:large, max-video-preview:-1\" \/>\n<link rel=\"canonical\" href=\"https:\/\/bozita.com\/de\/leben-mit-katze\/katzengesundheit\/\" \/>\n<meta property=\"og:locale\" content=\"de_DE\" \/>\n<meta property=\"og:type\" content=\"article\" \/>\n<meta property=\"og:title\" content=\"K\u00fcmmern Sie sich um Ihre Katze \u2013 Katzengesundheit | Bozita DE\" \/>\n<meta property=\"og:description\" content=\"Tipps &amp; Ratschl\u00e4ge zu Katzengesundheit und Pflege: Impfungen, Kastration und Sterilisierung, richtiges Gewicht, Fellpflege und Sicherheit.\" \/>\n<meta property=\"og:url\" content=\"https:\/\/bozita.com\/de\/leben-mit-katze\/katzengesundheit\/\" \/>\n<meta property=\"og:site_name\" content=\"Bozita DE\" \/>\n<meta property=\"article:modified_time\" content=\"2025-06-30T15:47:34+00:00\" \/>\n<meta property=\"og:image\" content=\"https:\/\/bozita.com\/de\/wp-content\/uploads\/sites\/8\/2021\/06\/bozita-katt-halsa.jpg\" \/>\n\t<meta property=\"og:image:width\" content=\"800\" \/>\n\t<meta property=\"og:image:height\" content=\"533\" \/>\n\t<meta property=\"og:image:type\" content=\"image\/jpeg\" \/>\n<meta name=\"twitter:card\" content=\"summary_large_image\" \/>\n<!-- \/ Yoast SEO plugin. -->","yoast_head_json":{"title":"K\u00fcmmern Sie sich um Ihre Katze \u2013 Katzengesundheit | Bozita DE","description":"Tipps & Ratschl\u00e4ge zu Katzengesundheit und Pflege: Impfungen, Kastration und Sterilisierung, richtiges Gewicht, Fellpflege und Sicherheit.","robots":{"index":"index","follow":"follow","max-snippet":"max-snippet:-1","max-image-preview":"max-image-preview:large","max-video-preview":"max-video-preview:-1"},"canonical":"https:\/\/bozita.com\/de\/leben-mit-katze\/katzengesundheit\/","og_locale":"de_DE","og_type":"article","og_title":"K\u00fcmmern Sie sich um Ihre Katze \u2013 Katzengesundheit | Bozita DE","og_description":"Tipps & Ratschl\u00e4ge zu Katzengesundheit und Pflege: Impfungen, Kastration und Sterilisierung, richtiges Gewicht, Fellpflege und Sicherheit.","og_url":"https:\/\/bozita.com\/de\/leben-mit-katze\/katzengesundheit\/","og_site_name":"Bozita DE","article_modified_time":"2025-06-30T15:47:34+00:00","og_image":[{"width":800,"height":533,"url":"https:\/\/bozita.com\/de\/wp-content\/uploads\/sites\/8\/2021\/06\/bozita-katt-halsa.jpg","type":"image\/jpeg"}],"twitter_card":"summary_large_image","schema":{"@context":"https:\/\/schema.org","@graph":[{"@type":"WebPage","@id":"https:\/\/bozita.com\/de\/leben-mit-katze\/katzengesundheit\/","url":"https:\/\/bozita.com\/de\/leben-mit-katze\/katzengesundheit\/","name":"K\u00fcmmern Sie sich um Ihre Katze \u2013 Katzengesundheit | Bozita DE","isPartOf":{"@id":"https:\/\/bozita.com\/de\/#website"},"datePublished":"2021-08-11T17:31:12+00:00","dateModified":"2025-06-30T15:47:34+00:00","description":"Tipps & Ratschl\u00e4ge zu Katzengesundheit und Pflege: Impfungen, Kastration und Sterilisierung, richtiges Gewicht, Fellpflege und Sicherheit.","breadcrumb":{"@id":"https:\/\/bozita.com\/de\/leben-mit-katze\/katzengesundheit\/#breadcrumb"},"inLanguage":"de","potentialAction":[{"@type":"ReadAction","target":["https:\/\/bozita.com\/de\/leben-mit-katze\/katzengesundheit\/"]}]},{"@type":"BreadcrumbList","@id":"https:\/\/bozita.com\/de\/leben-mit-katze\/katzengesundheit\/#breadcrumb","itemListElement":[{"@type":"ListItem","position":1,"name":"Startseite","item":"https:\/\/bozita.com\/de\/"},{"@type":"ListItem","position":2,"name":"Leben mit Katze","item":"https:\/\/bozita.com\/de\/leben-mit-katze\/"},{"@type":"ListItem","position":3,"name":"K\u00fcmmern Sie sich um Ihre Katze \u2013 Katzengesundheit"}]},{"@type":"WebSite","@id":"https:\/\/bozita.com\/de\/#website","url":"https:\/\/bozita.com\/de\/","name":"Bozita DE","description":"","potentialAction":[{"@type":"SearchAction","target":{"@type":"EntryPoint","urlTemplate":"https:\/\/bozita.com\/de\/?s={search_term_string}"},"query-input":"required name=search_term_string"}],"inLanguage":"de"}]}},"_links":{"self":[{"href":"https:\/\/bozita.com\/de\/wp-json\/wp\/v2\/pages\/7079"}],"collection":[{"href":"https:\/\/bozita.com\/de\/wp-json\/wp\/v2\/pages"}],"about":[{"href":"https:\/\/bozita.com\/de\/wp-json\/wp\/v2\/types\/page"}],"author":[{"embeddable":true,"href":"https:\/\/bozita.com\/de\/wp-json\/wp\/v2\/users\/4"}],"replies":[{"embeddable":true,"href":"https:\/\/bozita.com\/de\/wp-json\/wp\/v2\/comments?post=7079"}],"version-history":[{"count":33,"href":"https:\/\/bozita.com\/de\/wp-json\/wp\/v2\/pages\/7079\/revisions"}],"predecessor-version":[{"id":29576,"href":"https:\/\/bozita.com\/de\/wp-json\/wp\/v2\/pages\/7079\/revisions\/29576"}],"up":[{"embeddable":true,"href":"https:\/\/bozita.com\/de\/wp-json\/wp\/v2\/pages\/6994"}],"wp:featuredmedia":[{"embeddable":true,"href":"https:\/\/bozita.com\/de\/wp-json\/wp\/v2\/media\/7081"}],"wp:attachment":[{"href":"https:\/\/bozita.com\/de\/wp-json\/wp\/v2\/media?parent=7079"}],"curies":[{"name":"wp","href":"https:\/\/api.w.org\/{rel}","templated":true}]}}