{"id":7087,"date":"2021-08-10T13:11:41","date_gmt":"2021-08-10T13:11:41","guid":{"rendered":"https:\/\/bozita.com\/de\/der-naturliche-weg-zum-wohlbefinden\/tetra-recart-climate-smart-packaging-for-wet-food\/"},"modified":"2023-09-12T12:29:40","modified_gmt":"2023-09-12T12:29:40","slug":"tetra-recart-die-umweltschonende-verpackung-fur-nassfutter","status":"publish","type":"page","link":"https:\/\/bozita.com\/de\/der-naturliche-weg-zum-wohlbefinden\/tetra-recart-die-umweltschonende-verpackung-fur-nassfutter\/","title":{"rendered":"Tetra Recart\u00ae \u2013 die umweltschonende Verpackung f\u00fcr Nassfutter"},"content":{"rendered":"\n<section class=\"block video\">\n\t<img decoding=\"async\" id=\"videoImg\" src=\"https:\/\/bozita.com\/de\/wp-content\/uploads\/sites\/8\/2021\/08\/tetra-recart-klimatsmart-forpackning-vatfoder.jpg\" alt=\"\">\t\n\t<div class=\"overlay\">\n\t\t<div class=\"container\">\n\t\t\t<div class=\"row\">\n\t\t\t\t<div class=\"col-md-7 col-lg-6\">\n\t\t\t\t\t<h4>Klimafreundliche Verpackung <\/h4>\n\t\t\t\t\t<h1>Tetra Recart\u00ae \u2013 die umweltschonende Verpackung f\u00fcr Nassfutter<\/h1>\n\t\t\t\t\t\t\t\t\t\t<!-- <a class=\"btn btn-default\" href=\"#\"><i class=\"fas fa-play\"><\/i> WATCH THE VIDEO<\/a> -->\n\t\t\t\t\t<button type=\"button\" class=\"btn btn-default video-btn\" data-toggle=\"modal\" data-src=\"https:\/\/bozita.com\/de\/wp-content\/uploads\/sites\/8\/2021\/06\/tetra-recart-campaign-2020-se.mp4\"  data-target=\"#myModal\">\n\t\t\t\t\t\t<i class=\"fas fa-play\"><\/i> SCHAUE DIR DAS VIDEO AN \t\t\t\t\t<\/button>\n\n\t\t\t\t\t<div class=\"modal fade\" id=\"myModal\" tabindex=\"-1\" role=\"dialog\" aria-labelledby=\"exampleModalLabel\" aria-hidden=\"true\">\n\t\t\t\t\t\t<div class=\"modal-dialog modal-dialog-centered\" role=\"document\">\n\t\t\t\t\t\t\t<div class=\"modal-content\">\n\t\t\t\t\t\t\t\t<div class=\"modal-body\">\n\t\t\t\t\t\t\t\t\t<button type=\"button\" class=\"close\" data-dismiss=\"modal\" aria-label=\"Close\">\n\t\t\t\t\t\t\t\t\t\t<span aria-hidden=\"true\">Close X<\/span>\n\t\t\t\t\t\t\t\t\t<\/button>\n\t\t\t\t\t\t\t\t\t<!-- 16:9 aspect ratio -->\n\t\t\t\t\t\t\t\t\t<div class=\"embed-responsive embed-responsive-16by9\">\n\t\t\t\t\t\t\t\t\t\t<iframe class=\"embed-responsive-item\" src=\"\" id=\"video\" allowscriptaccess=\"always\" allow=\"autoplay\"><\/iframe>\n\t\t\t\t\t\t\t\t\t<\/div>\n\t\t\t\t\t\t\t\t<\/div>\n\t\t\t\t\t\t\t<\/div>\n\t\t\t\t\t\t<\/div>\n\t\t\t\t\t<\/div>\n\t\t\t\t<\/div>\n\t\t\t<\/div>\n\n\t\t<\/div>\n\t<\/div>\n<\/section>\n<script>\n\tvar videoImg    = 1;   \n\tvar videoSource = 'https:\/\/bozita.com\/de\/wp-content\/uploads\/sites\/8\/2021\/06\/tetra-recart-campaign-2020-se.mp4'; \n<\/script>\n\n\n\t<div class=\"text-box-warp\">\n\t\t<div class=\"container\">\n\t\t\t<div class=\"text-content\">\n\t\t\t\t<p><strong>Triff eine gute Wahl f\u00fcr Katze, Hund und Klima: Das nat\u00fcrliche Nassfutter von Bozita im cleveren Tetra Recart\u00ae, einer umweltfreundlichen Verpackung auf Kartonbasis mit den Vorteilen einer traditionellen Konservendose.<\/strong><\/p>\n<ul>\n<li>Schwedisches Qualit\u00e4tsfutter f\u00fcr Hund und Katze in cleverer Verpackung<\/li>\n<li>Gut f\u00fcr die Umwelt und f\u00fcr deine Katze oder deinen Hund<\/li>\n<li>So bleiben Futter und K\u00fchlschrank gleicherma\u00dfen frisch<\/li>\n<li>Einfach zu \u00f6ffnen und wieder zu verschlie\u00dfen<\/li>\n<\/ul>\n<p>Die Verpackung l\u00e4sst sich leicht \u00f6ffnen und wieder verschlie\u00dfen. Eine ge\u00f6ffnete Packung Bozita-Nassfutter im Tetra Recart<sup>\u00ae<\/sup> h\u00e4lt bei Lagerung im K\u00fchlschrank mindestens zwei Tage. Ist die Box leer, kann sie leicht ausgesp\u00fclt, gefaltet und entsorgt werden.<\/p>\n<h2>TETRA RECART<sup>\u00ae<\/sup>-VERPACKUNGEN SIND FSC<sup>\u00ae<\/sup>-ZERTIFIZIERT<\/h2>\n<p>Tetra Recart<sup>\u00ae<\/sup>\u00a0ist eine gute Wahl f\u00fcr die Umwelt. Das FSC<sup>\u00ae<\/sup>-Label (Forest Stewardship Council<sup>\u00ae<\/sup>) stellt sicher, dass im Wald nicht mehr B\u00e4ume gef\u00e4llt werden, als wieder nachwachsen k\u00f6nnen, dass Tiere und Pflanzen gesch\u00fctzt werden und dass den Mitarbeitern ein sicheres Arbeitsumfeld und faire Entlohnung geboten wird. Das FSC-Label garantiert, dass der Hersteller seine Umweltverantwortung ernst nimmt. Indem Du mit FSC<sup>\u00ae<\/sup> gekennzeichnete Waren kaufst, tust du der Umwelt einen Gefallen. Tetra Pak arbeitet daran, den Anteil seiner FSC<sup>\u00ae<\/sup>-gekennzeichneten Verpackungsmaterialien zu erh\u00f6hen.<\/p>\n<h2>VIER UMWELTSCHONENDE GR\u00dcNDE, TETRA RECART<sup>\u00ae\u00a0<\/sup>ZU W\u00c4HLEN<\/h2>\n<ol>\n<li><strong>Reduzierter CO2-Fu\u00dfabdruck<\/strong>\u00a0\u2013 Berechnet auf die gesamte Lebensdauer der Verpackung sind die Kohlendioxidemissionen bei Tetra Recart\u00ae um 81 % niedriger* als bei einer Metall- oder Glasverpackung.<\/li>\n<li><strong>Die Verpackung \u201ew\u00e4chst nach\u201c<\/strong>\u00a0\u2013 Mindestens 67 % des Materials** einer Tetra-Recart\u00ae-Verpackung stammen aus nachwachsenden Rohstoffen.<\/li>\n<li><strong>Zukunftsorientierte Forstwirtschaft<\/strong>\u00a0\u2013 Der komplette Karton f\u00fcr Tetra-Recart\u00ae-Verpackungen stammt aus FSC<sup>\u00ae<\/sup>-zertifizierten W\u00e4ldern und anderen kontrollierten Quellen.<\/li>\n<li><strong>Weniger LKW auf den Stra\u00dfen<\/strong>\u00a0\u2013 Tetra Recart\u00ae kann dank seiner rechteckigen Form und seines geringen Gewichts effektiv verpackt und transportiert werden.<\/li>\n<\/ol>\n<p>* Life Cycle Assessment of food packaging, Europe 2017.<br \/>\n**Carton CO2 Calculator certified by the Carbon Trust.<\/p>\n\t\t\t<\/div>\n\t\t<\/div>\n\t<\/div>\n\n\n\t<section class=\"block section-promos\">\n\t\t<div class=\"container\">\n\t\t\t<div class=\"row\">\n\t\t\t\t\t\t\t\t\t\t<div class=\"col-md-6\">\n\t\t\t\t\t\t\t<div class=\"card\">\n\t\t\t\t\t\t\t\t\t\t\t\t\t\t\t\t\t<img decoding=\"async\" class=\"card-img-top\" src=\"https:\/\/bozita.com\/de\/wp-content\/uploads\/sites\/8\/2021\/06\/bozita-hundfoder.jpg\" alt=\"\">\n\t\t\t\t\t\t\t\t\t\t\t\t\t\t\t\t<div class=\"card-body\">\n\t\t\t\t\t\t\t\t\t<h5 class=\"card-title\">Hundefutter<\/h5>\n\t\t\t\t\t\t\t\t\t<p class=\"card-text\">Premiumfutter entwickelt von Ern\u00e4hrungsexperten, sodass Dein Hund stark bleibt.<\/p>\n\t\t\t\t\t\t\t\t\t\t\t\t\t\t\t\t\t\t\t<a target=\"\" href=\"https:\/\/bozita.com\/de\/hundefutter\/\" class=\"btn btn-white\">Weiterlesen<\/a>\n\t\t\t\t\t\t\t\t\t\t\t\t\t\t\t\t\t\t<\/div>\n\t\t\t\t\t\t\t<\/div>\n\t\t\t\t\t\t<\/div>\n\t\t\t\t\t\t\t\t\t\t\t\t<div class=\"col-md-6\">\n\t\t\t\t\t\t\t<div class=\"card\">\n\t\t\t\t\t\t\t\t\t\t\t\t\t\t\t\t\t<img decoding=\"async\" class=\"card-img-top\" src=\"https:\/\/bozita.com\/de\/wp-content\/uploads\/sites\/8\/2021\/06\/bozita-cat-food.jpg\" alt=\"\">\n\t\t\t\t\t\t\t\t\t\t\t\t\t\t\t\t<div class=\"card-body\">\n\t\t\t\t\t\t\t\t\t<h5 class=\"card-title\">Katzenfutter<\/h5>\n\t\t\t\t\t\t\t\t\t<p class=\"card-text\">Mit einem hohen Anteil an frischem schwedischen Fleisch f\u00fcr tollen Geschmack und gute Verdaulichkeit, um zu garantieren, dass Deine Katze alle notwendigen N\u00e4hrstoffe erh\u00e4lt.<\/p>\n\t\t\t\t\t\t\t\t\t\t\t\t\t\t\t\t\t\t\t<a target=\"\" href=\"https:\/\/bozita.com\/de\/katzenfutter\/\" class=\"btn btn-white\">Weiterlesen<\/a>\n\t\t\t\t\t\t\t\t\t\t\t\t\t\t\t\t\t\t<\/div>\n\t\t\t\t\t\t\t<\/div>\n\t\t\t\t\t\t<\/div>\n\t\t\t\t\t\t\t\t\t<\/div>\n\t\t<\/div>\n\t<\/section>\n","protected":false},"excerpt":{"rendered":"","protected":false},"author":1,"featured_media":7089,"parent":7021,"menu_order":0,"comment_status":"closed","ping_status":"closed","template":"guternberg.php","meta":{"footnotes":""},"acf":[],"yoast_head":"<!-- This site is optimized with the Yoast SEO plugin v21.3 - https:\/\/yoast.com\/wordpress\/plugins\/seo\/ -->\n<title>Tetra Recart\u00ae \u2013 die umweltschonende Verpackung f\u00fcr Nassfutter | Bozita DE<\/title>\n<meta name=\"description\" content=\"Nat\u00fcrliche Nassfutter von Bozita im cleveren Tetra Recart\u00ae, einer umweltfreundlichen Verpackung auf Kartonbasis.\" \/>\n<meta name=\"robots\" content=\"index, follow, max-snippet:-1, max-image-preview:large, max-video-preview:-1\" \/>\n<link rel=\"canonical\" href=\"https:\/\/bozita.com\/de\/der-naturliche-weg-zum-wohlbefinden\/tetra-recart-die-umweltschonende-verpackung-fur-nassfutter\/\" \/>\n<meta property=\"og:locale\" content=\"de_DE\" \/>\n<meta property=\"og:type\" content=\"article\" \/>\n<meta property=\"og:title\" content=\"Tetra Recart\u00ae \u2013 die umweltschonende Verpackung f\u00fcr Nassfutter | Bozita DE\" \/>\n<meta property=\"og:description\" content=\"Nat\u00fcrliche Nassfutter von Bozita im cleveren Tetra Recart\u00ae, einer umweltfreundlichen Verpackung auf Kartonbasis.\" \/>\n<meta property=\"og:url\" content=\"https:\/\/bozita.com\/de\/der-naturliche-weg-zum-wohlbefinden\/tetra-recart-die-umweltschonende-verpackung-fur-nassfutter\/\" \/>\n<meta property=\"og:site_name\" content=\"Bozita DE\" \/>\n<meta property=\"article:modified_time\" content=\"2023-09-12T12:29:40+00:00\" \/>\n<meta property=\"og:image\" content=\"https:\/\/bozita.com\/de\/wp-content\/uploads\/sites\/8\/2021\/08\/tetra-recart-klimatsmart-forpackning-vatfoder.jpg\" \/>\n\t<meta property=\"og:image:width\" content=\"1076\" \/>\n\t<meta property=\"og:image:height\" content=\"527\" \/>\n\t<meta property=\"og:image:type\" content=\"image\/jpeg\" \/>\n<meta name=\"twitter:card\" content=\"summary_large_image\" \/>\n<!-- \/ Yoast SEO plugin. -->","yoast_head_json":{"title":"Tetra Recart\u00ae \u2013 die umweltschonende Verpackung f\u00fcr Nassfutter | Bozita DE","description":"Nat\u00fcrliche Nassfutter von Bozita im cleveren Tetra Recart\u00ae, einer umweltfreundlichen Verpackung auf Kartonbasis.","robots":{"index":"index","follow":"follow","max-snippet":"max-snippet:-1","max-image-preview":"max-image-preview:large","max-video-preview":"max-video-preview:-1"},"canonical":"https:\/\/bozita.com\/de\/der-naturliche-weg-zum-wohlbefinden\/tetra-recart-die-umweltschonende-verpackung-fur-nassfutter\/","og_locale":"de_DE","og_type":"article","og_title":"Tetra Recart\u00ae \u2013 die umweltschonende Verpackung f\u00fcr Nassfutter | Bozita DE","og_description":"Nat\u00fcrliche Nassfutter von Bozita im cleveren Tetra Recart\u00ae, einer umweltfreundlichen Verpackung auf Kartonbasis.","og_url":"https:\/\/bozita.com\/de\/der-naturliche-weg-zum-wohlbefinden\/tetra-recart-die-umweltschonende-verpackung-fur-nassfutter\/","og_site_name":"Bozita DE","article_modified_time":"2023-09-12T12:29:40+00:00","og_image":[{"width":1076,"height":527,"url":"https:\/\/bozita.com\/de\/wp-content\/uploads\/sites\/8\/2021\/08\/tetra-recart-klimatsmart-forpackning-vatfoder.jpg","type":"image\/jpeg"}],"twitter_card":"summary_large_image","schema":{"@context":"https:\/\/schema.org","@graph":[{"@type":"WebPage","@id":"https:\/\/bozita.com\/de\/der-naturliche-weg-zum-wohlbefinden\/tetra-recart-die-umweltschonende-verpackung-fur-nassfutter\/","url":"https:\/\/bozita.com\/de\/der-naturliche-weg-zum-wohlbefinden\/tetra-recart-die-umweltschonende-verpackung-fur-nassfutter\/","name":"Tetra Recart\u00ae \u2013 die umweltschonende Verpackung f\u00fcr Nassfutter | Bozita DE","isPartOf":{"@id":"https:\/\/bozita.com\/de\/#website"},"datePublished":"2021-08-10T13:11:41+00:00","dateModified":"2023-09-12T12:29:40+00:00","description":"Nat\u00fcrliche Nassfutter von Bozita im cleveren Tetra Recart\u00ae, einer umweltfreundlichen Verpackung auf Kartonbasis.","breadcrumb":{"@id":"https:\/\/bozita.com\/de\/der-naturliche-weg-zum-wohlbefinden\/tetra-recart-die-umweltschonende-verpackung-fur-nassfutter\/#breadcrumb"},"inLanguage":"de","potentialAction":[{"@type":"ReadAction","target":["https:\/\/bozita.com\/de\/der-naturliche-weg-zum-wohlbefinden\/tetra-recart-die-umweltschonende-verpackung-fur-nassfutter\/"]}]},{"@type":"BreadcrumbList","@id":"https:\/\/bozita.com\/de\/der-naturliche-weg-zum-wohlbefinden\/tetra-recart-die-umweltschonende-verpackung-fur-nassfutter\/#breadcrumb","itemListElement":[{"@type":"ListItem","position":1,"name":"Startseite","item":"https:\/\/bozita.com\/de\/"},{"@type":"ListItem","position":2,"name":"DER NAT\u00dcRLICHE WEG ZUM WOHLBEFINDEN","item":"https:\/\/bozita.com\/de\/der-naturliche-weg-zum-wohlbefinden\/"},{"@type":"ListItem","position":3,"name":"Tetra Recart\u00ae \u2013 die umweltschonende Verpackung f\u00fcr Nassfutter"}]},{"@type":"WebSite","@id":"https:\/\/bozita.com\/de\/#website","url":"https:\/\/bozita.com\/de\/","name":"Bozita DE","description":"","potentialAction":[{"@type":"SearchAction","target":{"@type":"EntryPoint","urlTemplate":"https:\/\/bozita.com\/de\/?s={search_term_string}"},"query-input":"required name=search_term_string"}],"inLanguage":"de"}]}},"_links":{"self":[{"href":"https:\/\/bozita.com\/de\/wp-json\/wp\/v2\/pages\/7087"}],"collection":[{"href":"https:\/\/bozita.com\/de\/wp-json\/wp\/v2\/pages"}],"about":[{"href":"https:\/\/bozita.com\/de\/wp-json\/wp\/v2\/types\/page"}],"author":[{"embeddable":true,"href":"https:\/\/bozita.com\/de\/wp-json\/wp\/v2\/users\/1"}],"replies":[{"embeddable":true,"href":"https:\/\/bozita.com\/de\/wp-json\/wp\/v2\/comments?post=7087"}],"version-history":[{"count":22,"href":"https:\/\/bozita.com\/de\/wp-json\/wp\/v2\/pages\/7087\/revisions"}],"predecessor-version":[{"id":20844,"href":"https:\/\/bozita.com\/de\/wp-json\/wp\/v2\/pages\/7087\/revisions\/20844"}],"up":[{"embeddable":true,"href":"https:\/\/bozita.com\/de\/wp-json\/wp\/v2\/pages\/7021"}],"wp:featuredmedia":[{"embeddable":true,"href":"https:\/\/bozita.com\/de\/wp-json\/wp\/v2\/media\/7089"}],"wp:attachment":[{"href":"https:\/\/bozita.com\/de\/wp-json\/wp\/v2\/media?parent=7087"}],"curies":[{"name":"wp","href":"https:\/\/api.w.org\/{rel}","templated":true}]}}