{"id":7093,"date":"2021-08-10T13:10:35","date_gmt":"2021-08-10T13:10:35","guid":{"rendered":"https:\/\/bozita.com\/de\/uber-uns\/"},"modified":"2025-02-18T09:00:00","modified_gmt":"2025-02-18T09:00:00","slug":"uber-uns","status":"publish","type":"page","link":"https:\/\/bozita.com\/de\/uber-uns\/","title":{"rendered":"\u00dcber uns"},"content":{"rendered":"\n\t\t<section class=\"small-hero-with-image\">\n\t\t\t\t\t\t\t<img decoding=\"async\" class=\"background-image\" src=\"https:\/\/bozita.com\/de\/wp-content\/uploads\/sites\/8\/2021\/08\/bozita-om-oss-2.jpg\" alt=\"\">\n\t\t\t\t\t\t\t<div class=\"overlay-v1 overlay-bg\">\n\t\t\t\t<div class=\"container\">\n\t\t\t\t\t<div class=\"row\">\n\t\t\t\t\t\t<div class=\"col-md-6 col-lg-5\">\n\t\t\t\t\t\t\t<h5>Warum Bozita<\/h5><h1>\u00dcBER UNS<\/h1><p><p>Wir sind ein kleines Unternehmen aus V\u00e5rg\u00e5rda, das seit 1903 Katzen- und Hundefutter herstellt. Wir m\u00f6gen es, Dinge auf eine einfache und nat\u00fcrliche Art zu tun. Wir produzieren unser Hunde- und Katzenfutter aus Premiumzutaten von h\u00f6chster Qualit\u00e4t und ohne unn\u00f6tige Zus\u00e4tze.<\/p>\n<\/p>\t\t\t\t\t\t<\/div>\n\t\t\t\t\t<\/div>\n\t\t\t\t<\/div>\n\t\t\t<\/div>\n\t\t<\/section>\n\t\t\n\n\t<div class=\"text-box-warp\">\n\t\t<div class=\"container\">\n\t\t\t<div class=\"text-content\">\n\t\t\t\t<p>Mitte des 20. Jahrhunderts entwickelte ein junger energischer Gothenburger namens Aaron Heyman aus V\u00e5rg\u00e5rda das Hundefutter &#8222;V\u00e5rg\u00e5rda Hundmj\u00f6l&#8220; aus gedampftem Hafermehl und startete 1903 die erste Produktion. Dies war der erste Schritt in Richtung der heutigen Partner in Pet Food Nordics AB und Bozita Marke. Heute ist die Partner in Pet Food Nordics AB der gr\u00f6\u00dfte Tierfutterproduzent in Schweden und verf\u00fcgt \u00fcber jahrhundertelange Erfahrung in der Tierfuttermanufaktur.<\/p>\n<h2>HERGESTELLT IN SCHWEDEN<\/h2>\n<p>Die schwedischen Attribute eines sauberen und n\u00e4hrreichen Produktes sind die Hauptprinzipien unserer Entwicklung und Produktion. Unsere Nass- und Trockenfutterproduktion ist in West-Schwedens wundersch\u00f6nem Ackerland in V\u00e5rg\u00e5rda lokalisiert. In Schweden nutzen Landwirte weniger Chemikalien als irgendwo anders in der Welt und die schwedische Tierhaltung wird seit Jahrzehnten durch weitreichenden Schutz und Sicherheit gepr\u00e4gt. Das bedeutet, dass unsere Zutaten von h\u00f6chster Qualit\u00e4t und ohne Hormone, Antibiotika und synthetische Zusatzstoffe sind.<\/p>\n<h2>BOZITA \u2013 EIN TEIL DER PARTNER IN PET FOOD NORDICS AB<\/h2>\n<p>Die Partner in Pet Food Nordics AB in V\u00e5rg\u00e5rda ist eine der gr\u00f6\u00dften Futterproduzenten in den nordischen L\u00e4ndern. Die Partner in Pet Food Nordics AB ist laut ISO 9001, 14001 (\u00f6kologisch) und 22000 gepr\u00fcft. ISO 22000 ist das Futterschutz-, Managementsystem, welches die Bedingungen des HACCP (Hazard Analysis and Critical Control Points) durch Identifizieren und Sichern von kritischen Kontrollpunkten erf\u00fcllt. Die ISO 22000 garantiert au\u00dferdem essentielle Routinen f\u00fcr die Nachverfolgung von Prozessketten, um Gesundheit und Qualit\u00e4t zu sichern.<\/p>\n<h2>PRODUKTENTWICKLUNG<\/h2>\n<p>Bei der Partner in Pet Food Nordics AB investieren wir kontinuierlich in die Produktentwicklung, um weiterhin in die f\u00fchrenden Industrieentwicklungen involviert zu sein. Produktentwicklung umfasst sowohl die Entwicklung von neuen Produkten, aber auch die Weiterentwicklung bereits existierender Produkte.<\/p>\n\t\t\t<\/div>\n\t\t<\/div>\n\t<\/div>\n\n\n\t<section class=\"block section-promos\">\n\t\t<div class=\"container\">\n\t\t\t<div class=\"row\">\n\t\t\t\t\t\t\t\t\t\t<div class=\"col-md-6 col-lg-4 condensed_V2\">\n\t\t\t\t\t\t\t<div class=\"card\">\n\t\t\t\t\t\t\t\t\t\t\t\t\t\t\t\t\t<img decoding=\"async\" class=\"card-img-top\" src=\"https:\/\/bozita.com\/de\/wp-content\/uploads\/sites\/8\/2021\/06\/bozita-breeders-club-dog-cat.jpeg\" alt=\"\">\n\t\t\t\t\t\t\t\t\t\t\t\t\t\t\t\t<div class=\"card-body\">\n\t\t\t\t\t\t\t\t\t<h5 class=\"card-title\">Bozita Breeders Club<\/h5>\n\t\t\t\t\t\t\t\t\t<p class=\"card-text\">Wenn Du Katzen- oder Hundez\u00fcchter bist kannst Du Mitglied in unserem Club, dem Bozita Breeder&#8217;s Club, werden.<\/p>\n\t\t\t\t\t\t\t\t\t\t\t\t\t\t\t\t\t\t\t<a target=\"\" href=\"https:\/\/bozita.com\/de\/bozita-breeders-club\/\" class=\"btn btn-white\">Weiterlesen<\/a>\n\t\t\t\t\t\t\t\t\t\t\t\t\t\t\t\t\t\t<\/div>\n\t\t\t\t\t\t\t<\/div>\n\t\t\t\t\t\t<\/div>\n\t\t\t\t\t\t\t\t\t\t\t\t<div class=\"col-md-6 col-lg-4 condensed_V2\">\n\t\t\t\t\t\t\t<div class=\"card\">\n\t\t\t\t\t\t\t\t\t\t\t\t\t\t\t\t\t<img decoding=\"async\" class=\"card-img-top\" src=\"https:\/\/bozita.com\/de\/wp-content\/uploads\/sites\/8\/2021\/06\/bozita-hallbarhet.jpeg\" alt=\"\">\n\t\t\t\t\t\t\t\t\t\t\t\t\t\t\t\t<div class=\"card-body\">\n\t\t\t\t\t\t\t\t\t<h5 class=\"card-title\">Nachhaltig f\u00fcr Tier und Natur<\/h5>\n\t\t\t\t\t\t\t\t\t<p class=\"card-text\">Von der Energie, mit der unsere K\u00fcche betrieben wird, bis hin zu den Verpackungen, in denen das Futter bei Dir ankommt, bem\u00fchen wir uns, jeden Teil unseres Unternehmens nachhaltig zu gestalten.<\/p>\n\t\t\t\t\t\t\t\t\t\t\t\t\t\t\t\t\t\t\t<a target=\"\" href=\"https:\/\/bozita.com\/de\/der-naturliche-weg-zum-wohlbefinden\/sustainable-for-animals-and-nature\/\" class=\"btn btn-white\">Weiterlesen<\/a>\n\t\t\t\t\t\t\t\t\t\t\t\t\t\t\t\t\t\t<\/div>\n\t\t\t\t\t\t\t<\/div>\n\t\t\t\t\t\t<\/div>\n\t\t\t\t\t\t\t\t\t\t\t\t<div class=\"col-md-6 col-lg-4 condensed_V2\">\n\t\t\t\t\t\t\t<div class=\"card\">\n\t\t\t\t\t\t\t\t\t\t\t\t\t\t\t\t\t<img decoding=\"async\" class=\"card-img-top\" src=\"https:\/\/bozita.com\/de\/wp-content\/uploads\/sites\/8\/2021\/06\/bozita-miljovanlig-forpackning-tetra-recart.jpeg\" alt=\"\">\n\t\t\t\t\t\t\t\t\t\t\t\t\t\t\t\t<div class=\"card-body\">\n\t\t\t\t\t\t\t\t\t<h5 class=\"card-title\">Umweltfreundliche Verpackung<\/h5>\n\t\t\t\t\t\t\t\t\t<p class=\"card-text\">Ein Gro\u00dfteil unseres Nassfutter wird im Tetra Recart geliefert &#8211; einer klimafreundlichen Verpackung, die zusammen mit Papier und Karton recycelt werden kann.<\/p>\n\t\t\t\t\t\t\t\t\t\t\t\t\t\t\t\t\t\t\t<a target=\"\" href=\"https:\/\/bozita.com\/de\/der-naturliche-weg-zum-wohlbefinden\/tetra-recart-die-umweltschonende-verpackung-fur-nassfutter\/\" class=\"btn btn-white\">Weiterlesen<\/a>\n\t\t\t\t\t\t\t\t\t\t\t\t\t\t\t\t\t\t<\/div>\n\t\t\t\t\t\t\t<\/div>\n\t\t\t\t\t\t<\/div>\n\t\t\t\t\t\t\t\t\t\t\t\t<div class=\"col-md-6 col-lg-4 condensed_V2\">\n\t\t\t\t\t\t\t<div class=\"card\">\n\t\t\t\t\t\t\t\t\t\t\t\t\t\t\t\t\t<img decoding=\"async\" class=\"card-img-top\" src=\"\" alt=\"\">\n\t\t\t\t\t\t\t\t\t\t\t\t\t\t\t\t<div class=\"card-body\">\n\t\t\t\t\t\t\t\t\t<h5 class=\"card-title\">Markenbotschafter<\/h5>\n\t\t\t\t\t\t\t\t\t<p class=\"card-text\">Darum haben wir uns f\u00fcr unsere Markenbotschafter entschieden.<\/p>\n\t\t\t\t\t\t\t\t\t\t\t\t\t\t\t\t\t\t\t<a target=\"\" href=\"https:\/\/bozita.com\/de\/der-naturliche-weg-zum-wohlbefinden\/markenbotschafter\/\" class=\"btn btn-white\">Weiterlesen<\/a>\n\t\t\t\t\t\t\t\t\t\t\t\t\t\t\t\t\t\t<\/div>\n\t\t\t\t\t\t\t<\/div>\n\t\t\t\t\t\t<\/div>\n\t\t\t\t\t\t\t\t\t\t\t\t<div class=\"col-md-6 col-lg-4 condensed_V2\">\n\t\t\t\t\t\t\t<div class=\"card\">\n\t\t\t\t\t\t\t\t\t\t\t\t\t\t\t\t\t<img decoding=\"async\" class=\"card-img-top\" src=\"https:\/\/bozita.com\/de\/wp-content\/uploads\/sites\/8\/2021\/06\/bozita-tassalyckan-katthem-provsmakare-produktutveckling.jpeg\" alt=\"\">\n\t\t\t\t\t\t\t\t\t\t\t\t\t\t\t\t<div class=\"card-body\">\n\t\t\t\t\t\t\t\t\t<h5 class=\"card-title\">Das Katzenhaus &#8222;Tassalyckan&#8220;<\/h5>\n\t\t\t\t\t\t\t\t\t<p class=\"card-text\">Drei\u00dfig Katzen arbeiten in unserem Katzenhaus Tassalyckan, um uns bei der Verkostung und Entwicklung unseres Trocken- und Nassfutters f\u00fcr Katzen zu helfen.<\/p>\n\t\t\t\t\t\t\t\t\t\t\t\t\t\t\t\t\t\t\t<a target=\"\" href=\"https:\/\/bozita.com\/de\/das-katzenhaus-tassalyckan\/\" class=\"btn btn-white\">Weiterlesen<\/a>\n\t\t\t\t\t\t\t\t\t\t\t\t\t\t\t\t\t\t<\/div>\n\t\t\t\t\t\t\t<\/div>\n\t\t\t\t\t\t<\/div>\n\t\t\t\t\t\t\t\t\t<\/div>\n\t\t<\/div>\n\t<\/section>\n","protected":false},"excerpt":{"rendered":"","protected":false},"author":1,"featured_media":7094,"parent":0,"menu_order":0,"comment_status":"closed","ping_status":"closed","template":"guternberg.php","meta":{"footnotes":""},"acf":[],"yoast_head":"<!-- This site is optimized with the Yoast SEO plugin v21.3 - https:\/\/yoast.com\/wordpress\/plugins\/seo\/ -->\n<title>\u00dcber uns | Bozita DE<\/title>\n<meta name=\"description\" content=\"Wir sind ein kleines Unternehmen aus Schweden. Wir produzieren unser Hunde- und Katzenfutter aus Premiumzutaten von h\u00f6chster Qualit\u00e4t und ohne unn\u00f6tige Zus\u00e4tze.\" \/>\n<meta name=\"robots\" content=\"index, follow, max-snippet:-1, max-image-preview:large, max-video-preview:-1\" \/>\n<link rel=\"canonical\" href=\"https:\/\/bozita.com\/de\/uber-uns\/\" \/>\n<meta property=\"og:locale\" content=\"de_DE\" \/>\n<meta property=\"og:type\" content=\"article\" \/>\n<meta property=\"og:title\" content=\"\u00dcber uns | Bozita DE\" \/>\n<meta property=\"og:description\" content=\"Wir sind ein kleines Unternehmen aus Schweden. Wir produzieren unser Hunde- und Katzenfutter aus Premiumzutaten von h\u00f6chster Qualit\u00e4t und ohne unn\u00f6tige Zus\u00e4tze.\" \/>\n<meta property=\"og:url\" content=\"https:\/\/bozita.com\/de\/uber-uns\/\" \/>\n<meta property=\"og:site_name\" content=\"Bozita DE\" \/>\n<meta property=\"article:modified_time\" content=\"2025-02-18T09:00:00+00:00\" \/>\n<meta property=\"og:image\" content=\"https:\/\/bozita.com\/de\/wp-content\/uploads\/sites\/8\/2021\/06\/bozita-om-oss.jpg\" \/>\n\t<meta property=\"og:image:width\" content=\"1600\" \/>\n\t<meta property=\"og:image:height\" content=\"578\" \/>\n\t<meta property=\"og:image:type\" content=\"image\/jpeg\" \/>\n<meta name=\"twitter:card\" content=\"summary_large_image\" \/>\n<!-- \/ Yoast SEO plugin. -->","yoast_head_json":{"title":"\u00dcber uns | Bozita DE","description":"Wir sind ein kleines Unternehmen aus Schweden. Wir produzieren unser Hunde- und Katzenfutter aus Premiumzutaten von h\u00f6chster Qualit\u00e4t und ohne unn\u00f6tige Zus\u00e4tze.","robots":{"index":"index","follow":"follow","max-snippet":"max-snippet:-1","max-image-preview":"max-image-preview:large","max-video-preview":"max-video-preview:-1"},"canonical":"https:\/\/bozita.com\/de\/uber-uns\/","og_locale":"de_DE","og_type":"article","og_title":"\u00dcber uns | Bozita DE","og_description":"Wir sind ein kleines Unternehmen aus Schweden. Wir produzieren unser Hunde- und Katzenfutter aus Premiumzutaten von h\u00f6chster Qualit\u00e4t und ohne unn\u00f6tige Zus\u00e4tze.","og_url":"https:\/\/bozita.com\/de\/uber-uns\/","og_site_name":"Bozita DE","article_modified_time":"2025-02-18T09:00:00+00:00","og_image":[{"width":1600,"height":578,"url":"https:\/\/bozita.com\/de\/wp-content\/uploads\/sites\/8\/2021\/06\/bozita-om-oss.jpg","type":"image\/jpeg"}],"twitter_card":"summary_large_image","schema":{"@context":"https:\/\/schema.org","@graph":[{"@type":"WebPage","@id":"https:\/\/bozita.com\/de\/uber-uns\/","url":"https:\/\/bozita.com\/de\/uber-uns\/","name":"\u00dcber uns | Bozita DE","isPartOf":{"@id":"https:\/\/bozita.com\/de\/#website"},"datePublished":"2021-08-10T13:10:35+00:00","dateModified":"2025-02-18T09:00:00+00:00","description":"Wir sind ein kleines Unternehmen aus Schweden. Wir produzieren unser Hunde- und Katzenfutter aus Premiumzutaten von h\u00f6chster Qualit\u00e4t und ohne unn\u00f6tige Zus\u00e4tze.","breadcrumb":{"@id":"https:\/\/bozita.com\/de\/uber-uns\/#breadcrumb"},"inLanguage":"de","potentialAction":[{"@type":"ReadAction","target":["https:\/\/bozita.com\/de\/uber-uns\/"]}]},{"@type":"BreadcrumbList","@id":"https:\/\/bozita.com\/de\/uber-uns\/#breadcrumb","itemListElement":[{"@type":"ListItem","position":1,"name":"Startseite","item":"https:\/\/bozita.com\/de\/"},{"@type":"ListItem","position":2,"name":"\u00dcber uns"}]},{"@type":"WebSite","@id":"https:\/\/bozita.com\/de\/#website","url":"https:\/\/bozita.com\/de\/","name":"Bozita DE","description":"","potentialAction":[{"@type":"SearchAction","target":{"@type":"EntryPoint","urlTemplate":"https:\/\/bozita.com\/de\/?s={search_term_string}"},"query-input":"required name=search_term_string"}],"inLanguage":"de"}]}},"_links":{"self":[{"href":"https:\/\/bozita.com\/de\/wp-json\/wp\/v2\/pages\/7093"}],"collection":[{"href":"https:\/\/bozita.com\/de\/wp-json\/wp\/v2\/pages"}],"about":[{"href":"https:\/\/bozita.com\/de\/wp-json\/wp\/v2\/types\/page"}],"author":[{"embeddable":true,"href":"https:\/\/bozita.com\/de\/wp-json\/wp\/v2\/users\/1"}],"replies":[{"embeddable":true,"href":"https:\/\/bozita.com\/de\/wp-json\/wp\/v2\/comments?post=7093"}],"version-history":[{"count":37,"href":"https:\/\/bozita.com\/de\/wp-json\/wp\/v2\/pages\/7093\/revisions"}],"predecessor-version":[{"id":29293,"href":"https:\/\/bozita.com\/de\/wp-json\/wp\/v2\/pages\/7093\/revisions\/29293"}],"wp:featuredmedia":[{"embeddable":true,"href":"https:\/\/bozita.com\/de\/wp-json\/wp\/v2\/media\/7094"}],"wp:attachment":[{"href":"https:\/\/bozita.com\/de\/wp-json\/wp\/v2\/media?parent=7093"}],"curies":[{"name":"wp","href":"https:\/\/api.w.org\/{rel}","templated":true}]}}