{"id":7100,"date":"2021-08-10T13:09:14","date_gmt":"2021-08-10T13:09:14","guid":{"rendered":"https:\/\/bozita.com\/de\/katzenfutter\/ernahrung-and-diat\/wie-wechselt-man-das-katzenfutter\/"},"modified":"2024-11-05T12:22:55","modified_gmt":"2024-11-05T12:22:55","slug":"wie-wechselt-man-das-katzenfutter","status":"publish","type":"page","link":"https:\/\/bozita.com\/de\/katzenfutter\/ernahrung-and-diat\/wie-wechselt-man-das-katzenfutter\/","title":{"rendered":"Futter von Katzen oder Kitten wechseln? So klappt&#8217;s"},"content":{"rendered":"\t\t<section class=\"small-hero\">\n\t\t\t<div class=\"container\">\n\t\t\t\t<h5>Wissen<\/h5><h1 class=\"small-hero-title\">Wie wechselt man das Katzenfutter?<\/h1>\t\t\t<\/div>\n\t\t\t<\/div>\n\t\t<\/section>\n\t\n\n\t<div class=\"text-box-warp\">\n\t\t<div class=\"container\">\n\t\t\t<div class=\"text-content\">\n\t\t\t\t<div class=\"article__introduction\">\n<p>Aus verschiedenen Gr\u00fcnden kann es notwendig sein, das Futter f\u00fcr Katze oder Kitten zu wechseln \u2013 zum Beispiel, wenn eine neue Lebensphase bevorsteht oder die Katze kastriert wurde. Vielleicht muss deine Katze fortan auch mit einer Diagnose leben, die eine andere Art von Kost verlangt? Grunds\u00e4tzlich ist es immer wichtig, dass der Futterwechsel richtig durchgef\u00fchrt wird. Hier findest du Tipps von unserer Expertin \u00c5sa L\u00f6fstrand, Ern\u00e4hrungs- und Agrarwissenschaftlerin mit Schwerpunkt Haustiere.<\/p>\n<\/div>\n\t\t\t<\/div>\n\t\t<\/div>\n\t<\/div>\n\n\n\t<section class=\"media-object-wrap\">\n\t\t<div class=\"container\">\n\t\t\t<div class=\"media-object\">\n\t\t\t\t<div class=\"row row-eq-height align-items-stretch\">\n\t\t\t\t\t<div class=\"col-md-5\">\n\t\t\t\t\t\t\t\t\t\t\t\t\t<img decoding=\"async\" src=\"https:\/\/bozita.com\/de\/wp-content\/uploads\/sites\/8\/2024\/11\/shutterstock_1677774394-scaled.jpg\" alt=\"\">\n\t\t\t\t\t\t\t\t\t\t\t\t<\/div>\n\t\t\t\t\t<div class=\"col-md-7 d-flex align-items-center\">\n\t\t\t\t\t\t<div class=\"media-content\">\n\t\t\t\t\t\t<p><strong>DER FUTTERWECHSEL SOLLTE LANGSAM ERFOLGEN<\/strong><\/p>\n<p>Der Wechsel zu einem g\u00e4nzlich neuen Futter sollte nach und nach erfolgen, sodass der Magen der Katze und die darin befindlichen Bakterienkulturen Zeit haben, sich daran zu gew\u00f6hnen und anzupassen. Ein zu schneller Futterwechsel kann Probleme in Magen und Darm verursachen \u2013 wie Durchfall, Erbrechen und Verstopfung. Wie schnell du die Nahrung deiner Katze wechseln kannst, h\u00e4ngt davon ab, wie empfindlich das Tier ist. Wir empfehlen den Futterwechsel auf einen Zeitraum von zwei bis vier Wochen anzusetzen.<\/p>\n<p>Beginne, indem du maximal 1\/4 des neuen Futters mit mindestens 3\/4 des alten Futters mischst und dann \u00fcber einen Zeitraum von mindestens zwei Wochen allm\u00e4hlich die Menge der neuen Kost in der Mischung erh\u00f6hst. Bemerkst du w\u00e4hrend der ersten Tage, dass die Katze unter beispielsweise Erbrechen oder ver\u00e4ndertem Stuhlgang leidet, erfolgt der Wechsel vermutlich zu schnell. In diesem Fall solltest du von Anfang an eine kleinere Menge des neuen Futters in die Mischung geben und eventuell den Wechsel auf einen l\u00e4ngeren Zeitraum als zwei bis vier Wochen ausweiten.<\/p>\n<ul>\n<li>Entdecke Bozita\u00b4s Auswahl an\u00a0<a href=\"https:\/\/bozita.com\/de\/katzenfutter\/\">Katzenfutter aus Schweden<\/a>\u00a0\u2013\u00a0<a href=\"https:\/\/bozita.com\/de\/katzenfutter\/bozita-trockenfutter-katze\/\">Trockenfutter Katze<\/a>\u00a0und\u00a0<a href=\"https:\/\/bozita.com\/de\/katzenfutter\/bozita-nassfutter-katze\/\">Nassfutter Katze<\/a><\/li>\n<\/ul>\n\t\t\t\t\t\t<\/div>\n\t\t\t\t\t<\/div>\n\t\t\t\t<\/div>\n\t\t\t<\/div>\n\t\t<\/div>\n\t<\/section>\n   \n\n\n\t<div class=\"text-box-warp\">\n\t\t<div class=\"container\">\n\t\t\t<div class=\"text-content\">\n\t\t\t\t<p><strong>VERMEIDE DIE GABE VON LECKERLIS BEIM WECHSEL DES KATZENFUTTERS<\/strong><\/p>\n<p>Es empfiehlt sich, der Katze in der Zeit des Futterwechsels keine anderen Nahrungsmittel wie Leckerlis oder Essensreste zu geben. So verl\u00e4uft der \u00dcbergang f\u00fcr den Katzenmagen entspannter und es ist leichter f\u00fcr dich, den \u00dcberblick dar\u00fcber zu behalten, was das Tier zu sich nimmt und vertr\u00e4gt.<\/p>\n<p><strong>FUTTER F\u00dcR KITTEN WECHSELN<\/strong><\/p>\n<p>Kaufst du ein Katzenbaby von einem Z\u00fcchter oder Tierschutzverein, wird dir dieser vermutlich Empfehlungen mit auf den Weg geben, was das junge Tier fressen sollte. M\u00f6chtest du dennoch das Futter des Katzenbabys austauschen, solltest du auch hier den Futterwechsel langsam durchf\u00fchren und stoppen, sobald das Kitten Probleme mit dem Magen bekommt oder auf andere Weise negativ darauf reagiert. Erkundige dich beim Z\u00fcchter oder Tierschutzverein, welches Futter bislang gegeben wurde und fahre damit fort, wenn du mit deinem Katzenbaby zu Hause bist. Eine neue Bleibe ist schon Ver\u00e4nderung genug. Nach etwa einem Monat, sobald die Katze sich wohl und sicher in ihrem neuen Zuhause f\u00fchlt, kannst du langsam das neue Futter einf\u00fchren.<\/p>\n<p><strong>ZEITPLAN F\u00dcR DEN FUTTERWECHSEL BEI KITTEN<\/strong><\/p>\n<ul>\n<li><strong>Tag 1\u20133:<\/strong>\u00a020 % neues Futter und 80 % altes Futter<\/li>\n<li><strong>Tag 4\u20137:<\/strong>\u00a040 % neues Futter und 60 % altes Futter<\/li>\n<li><strong>Tag 8\u201310:<\/strong>\u00a060 % neues Futter und 40 % altes Futter<\/li>\n<li><strong>Tag 11\u201314:<\/strong>\u00a080 % neues Futter und 20 % altes Futter<\/li>\n<li><strong>Tag 15 und folgende:<\/strong>\u00a0100 % neues Futter<\/li>\n<\/ul>\n<p>Optimales Futter f\u00fcr Kitten:<\/p>\n<ul>\n<li>Trockenfutter:\u00a0<a href=\"https:\/\/bozita.com\/de\/katzenfutter\/bozita-kitten-getreidefrei-huhn\/\">Bozita Kitten Getreidefrei Huhn<\/a><\/li>\n<li>Nassfutter:\u00a0<a href=\"https:\/\/bozita.com\/de\/katzenfutter\/bozita-kitten-happchen-in-sosse-mit-huhnchen\/\">Bozita Kitten H\u00e4ppchen in Sauce 370g<\/a>\u00a0oder\u00a0<a href=\"https:\/\/bozita.com\/de\/katzenfutter\/bozita-kitten-with-chicken-chunks-in-sauce-pouch\/\">Bozita Kitten H\u00e4ppchen in Sauce 85g<\/a><\/li>\n<\/ul>\n\t\t\t<\/div>\n\t\t<\/div>\n\t<\/div>\n\n\n\n\t<section class=\"block related-articles\">\n\t\t<div class=\"container\">\n\t\t\t<h2>Entdecke weitere Themen <\/h2>\n\t\t\t<div class=\"row justify-content-center\">\n\t\t\t\t\t\t\t\t\t\t<div class=\"col-sm-6 col-md-6 col-lg-3\">\n\t\t\t\t\t\t\t\t\t\t\t\t\t\t<div class=\"card \">\n\t\t\t\t\t\t\t\t\t\t\t\t\t\t\t\t\t<img decoding=\"async\"  src=\"https:\/\/bozita.com\/de\/wp-content\/uploads\/sites\/8\/2021\/09\/bozita-katter-ar-kottatare.jpg\" alt=\"\">\n\t\t\t\t\t\t\t\t\t\t\t\t\t\t\t\t\t<!-- <img decoding=\"async\" src=\"\n\t\t\t\t\t\t\t\t\t\t\t\t\t\t\t\t\t\t\t\t\" alt=\"\n\t\t\t\t\t\t\t\t\t\t\t\t\t\t\t\t\t\t\t\t\t\t\t\t\t\t\t\"> -->\n\t\t\t\t\t\t\t\t<div class=\"card-body\">\n\t\t\t\t\t\t\t\t\t\t\t\t\t\t\t\t\t\t\t<h6>Katze frisst oder trinkt nicht? Tipps &amp; Ratschl\u00e4ge<\/h6>\n\t\t\t\t\t\t\t\t\t\t\t\t\t\t\t\t\t\t\t<a href=\"https:\/\/bozita.com\/de\/katzenfutter\/ernahrung-and-diat\/deine-katze-frisst-oder-trinkt-nicht\/\">Weiterlesen &nbsp; ><\/a>\n\t\t\t\t\t\t\t\t<\/div>\n\t\t\t\t\t\t\t<\/div>\n\t\t\t\t\t\t<\/div>\n\n\t\t\t\t\t\t\t\t\t\t\t<div class=\"col-sm-6 col-md-6 col-lg-3\">\n\t\t\t\t\t\t\t\t\t\t\t\t\t\t<div class=\"card \">\n\t\t\t\t\t\t\t\t\t\t\t\t\t\t\t\t\t<img decoding=\"async\"  src=\"https:\/\/bozita.com\/de\/wp-content\/uploads\/sites\/8\/2021\/09\/bozita-katt-ratt-hull-guide.jpg\" alt=\"\">\n\t\t\t\t\t\t\t\t\t\t\t\t\t\t\t\t\t<!-- <img decoding=\"async\" src=\"\n\t\t\t\t\t\t\t\t\t\t\t\t\t\t\t\t\t\t\t\t\" alt=\"\n\t\t\t\t\t\t\t\t\t\t\t\t\t\t\t\t\t\t\t\t\t\t\t\t\t\t\t\"> -->\n\t\t\t\t\t\t\t\t<div class=\"card-body\">\n\t\t\t\t\t\t\t\t\t\t\t\t\t\t\t\t\t\t\t<h6>Wie viel sollte eine Katze wiegen?<\/h6>\n\t\t\t\t\t\t\t\t\t\t\t\t\t\t\t\t\t\t\t<a href=\"https:\/\/bozita.com\/de\/leben-mit-katze\/katzengesundheit\/hat-deine-katze-den-richtigen-korperfettanteil-bozitas-body-mas-index-fur-katzen-kann-dir-helfen\/\">Weiterlesen &nbsp; ><\/a>\n\t\t\t\t\t\t\t\t<\/div>\n\t\t\t\t\t\t\t<\/div>\n\t\t\t\t\t\t<\/div>\n\n\t\t\t\t\t\t\t\t\t\t\t<div class=\"col-sm-6 col-md-6 col-lg-3\">\n\t\t\t\t\t\t\t\t\t\t\t\t\t\t<div class=\"card \">\n\t\t\t\t\t\t\t\t\t\t\t\t\t\t\t\t\t<img decoding=\"async\"  src=\"https:\/\/bozita.com\/de\/wp-content\/uploads\/sites\/8\/2021\/06\/bozita-feline-vatfoder.jpg\" alt=\"\">\n\t\t\t\t\t\t\t\t\t\t\t\t\t\t\t\t\t<!-- <img decoding=\"async\" src=\"\n\t\t\t\t\t\t\t\t\t\t\t\t\t\t\t\t\t\t\t\t\" alt=\"\n\t\t\t\t\t\t\t\t\t\t\t\t\t\t\t\t\t\t\t\t\t\t\t\t\t\t\t\"> -->\n\t\t\t\t\t\t\t\t<div class=\"card-body\">\n\t\t\t\t\t\t\t\t\t\t\t\t\t\t\t\t\t\t\t<h6>Nassfutter Katze \u2013 in Schweden hergestellt<\/h6>\n\t\t\t\t\t\t\t\t\t\t\t\t\t\t\t\t\t\t\t<a href=\"https:\/\/bozita.com\/de\/katzenfutter\/bozita-nassfutter-katze\/\">Weiterlesen &nbsp; ><\/a>\n\t\t\t\t\t\t\t\t<\/div>\n\t\t\t\t\t\t\t<\/div>\n\t\t\t\t\t\t<\/div>\n\n\t\t\t\t\t\t\t\t\t\t\t\t<\/div>\n\t\t<\/div>\n\t<\/section>\n","protected":false},"excerpt":{"rendered":"","protected":false},"author":1,"featured_media":7101,"parent":7040,"menu_order":0,"comment_status":"closed","ping_status":"closed","template":"guternberg.php","meta":{"footnotes":""},"acf":[],"yoast_head":"<!-- This site is optimized with the Yoast SEO plugin v21.3 - https:\/\/yoast.com\/wordpress\/plugins\/seo\/ -->\n<title>Futter von Katzen oder Kitten wechseln? So klappt&#039;s | Bozita DE<\/title>\n<meta name=\"description\" content=\"Lassen Sie sich Zeit beim Futterwechsel von Katze oder Kitten. Zu schnelles Wechseln kann zu Durchfall, Erbrechen und Verstopfung f\u00fchren. So gehen Sie vor.\" \/>\n<meta name=\"robots\" content=\"index, follow, max-snippet:-1, max-image-preview:large, max-video-preview:-1\" \/>\n<link rel=\"canonical\" href=\"https:\/\/bozita.com\/de\/katzenfutter\/ernahrung-and-diat\/wie-wechselt-man-das-katzenfutter\/\" \/>\n<meta property=\"og:locale\" content=\"de_DE\" \/>\n<meta property=\"og:type\" content=\"article\" \/>\n<meta property=\"og:title\" content=\"Futter von Katzen oder Kitten wechseln? So klappt&#039;s | Bozita DE\" \/>\n<meta property=\"og:description\" content=\"Lassen Sie sich Zeit beim Futterwechsel von Katze oder Kitten. Zu schnelles Wechseln kann zu Durchfall, Erbrechen und Verstopfung f\u00fchren. So gehen Sie vor.\" \/>\n<meta property=\"og:url\" content=\"https:\/\/bozita.com\/de\/katzenfutter\/ernahrung-and-diat\/wie-wechselt-man-das-katzenfutter\/\" \/>\n<meta property=\"og:site_name\" content=\"Bozita DE\" \/>\n<meta property=\"article:modified_time\" content=\"2024-11-05T12:22:55+00:00\" \/>\n<meta property=\"og:image\" content=\"https:\/\/bozita.com\/de\/wp-content\/uploads\/sites\/8\/2021\/08\/bozita-byta-foder-vuxen-katt.jpg\" \/>\n\t<meta property=\"og:image:width\" content=\"800\" \/>\n\t<meta property=\"og:image:height\" content=\"532\" \/>\n\t<meta property=\"og:image:type\" content=\"image\/jpeg\" \/>\n<meta name=\"twitter:card\" content=\"summary_large_image\" \/>\n<!-- \/ Yoast SEO plugin. -->","yoast_head_json":{"title":"Futter von Katzen oder Kitten wechseln? So klappt's | Bozita DE","description":"Lassen Sie sich Zeit beim Futterwechsel von Katze oder Kitten. Zu schnelles Wechseln kann zu Durchfall, Erbrechen und Verstopfung f\u00fchren. So gehen Sie vor.","robots":{"index":"index","follow":"follow","max-snippet":"max-snippet:-1","max-image-preview":"max-image-preview:large","max-video-preview":"max-video-preview:-1"},"canonical":"https:\/\/bozita.com\/de\/katzenfutter\/ernahrung-and-diat\/wie-wechselt-man-das-katzenfutter\/","og_locale":"de_DE","og_type":"article","og_title":"Futter von Katzen oder Kitten wechseln? So klappt's | Bozita DE","og_description":"Lassen Sie sich Zeit beim Futterwechsel von Katze oder Kitten. Zu schnelles Wechseln kann zu Durchfall, Erbrechen und Verstopfung f\u00fchren. So gehen Sie vor.","og_url":"https:\/\/bozita.com\/de\/katzenfutter\/ernahrung-and-diat\/wie-wechselt-man-das-katzenfutter\/","og_site_name":"Bozita DE","article_modified_time":"2024-11-05T12:22:55+00:00","og_image":[{"width":800,"height":532,"url":"https:\/\/bozita.com\/de\/wp-content\/uploads\/sites\/8\/2021\/08\/bozita-byta-foder-vuxen-katt.jpg","type":"image\/jpeg"}],"twitter_card":"summary_large_image","schema":{"@context":"https:\/\/schema.org","@graph":[{"@type":"WebPage","@id":"https:\/\/bozita.com\/de\/katzenfutter\/ernahrung-and-diat\/wie-wechselt-man-das-katzenfutter\/","url":"https:\/\/bozita.com\/de\/katzenfutter\/ernahrung-and-diat\/wie-wechselt-man-das-katzenfutter\/","name":"Futter von Katzen oder Kitten wechseln? So klappt's | Bozita DE","isPartOf":{"@id":"https:\/\/bozita.com\/de\/#website"},"datePublished":"2021-08-10T13:09:14+00:00","dateModified":"2024-11-05T12:22:55+00:00","description":"Lassen Sie sich Zeit beim Futterwechsel von Katze oder Kitten. Zu schnelles Wechseln kann zu Durchfall, Erbrechen und Verstopfung f\u00fchren. So gehen Sie vor.","breadcrumb":{"@id":"https:\/\/bozita.com\/de\/katzenfutter\/ernahrung-and-diat\/wie-wechselt-man-das-katzenfutter\/#breadcrumb"},"inLanguage":"de","potentialAction":[{"@type":"ReadAction","target":["https:\/\/bozita.com\/de\/katzenfutter\/ernahrung-and-diat\/wie-wechselt-man-das-katzenfutter\/"]}]},{"@type":"BreadcrumbList","@id":"https:\/\/bozita.com\/de\/katzenfutter\/ernahrung-and-diat\/wie-wechselt-man-das-katzenfutter\/#breadcrumb","itemListElement":[{"@type":"ListItem","position":1,"name":"Startseite","item":"https:\/\/bozita.com\/de\/"},{"@type":"ListItem","position":2,"name":"Bozita Katzenfutter \u2013 Nat\u00fcrliches f\u00fcr Ihre Katze","item":"https:\/\/bozita.com\/de\/katzenfutter\/"},{"@type":"ListItem","position":3,"name":"Katzenern\u00e4hrung und Di\u00e4t","item":"https:\/\/bozita.com\/de\/katzenfutter\/ernahrung-and-diat\/"},{"@type":"ListItem","position":4,"name":"Futter von Katzen oder Kitten wechseln? So klappt&#8217;s"}]},{"@type":"WebSite","@id":"https:\/\/bozita.com\/de\/#website","url":"https:\/\/bozita.com\/de\/","name":"Bozita DE","description":"","potentialAction":[{"@type":"SearchAction","target":{"@type":"EntryPoint","urlTemplate":"https:\/\/bozita.com\/de\/?s={search_term_string}"},"query-input":"required name=search_term_string"}],"inLanguage":"de"}]}},"_links":{"self":[{"href":"https:\/\/bozita.com\/de\/wp-json\/wp\/v2\/pages\/7100"}],"collection":[{"href":"https:\/\/bozita.com\/de\/wp-json\/wp\/v2\/pages"}],"about":[{"href":"https:\/\/bozita.com\/de\/wp-json\/wp\/v2\/types\/page"}],"author":[{"embeddable":true,"href":"https:\/\/bozita.com\/de\/wp-json\/wp\/v2\/users\/1"}],"replies":[{"embeddable":true,"href":"https:\/\/bozita.com\/de\/wp-json\/wp\/v2\/comments?post=7100"}],"version-history":[{"count":21,"href":"https:\/\/bozita.com\/de\/wp-json\/wp\/v2\/pages\/7100\/revisions"}],"predecessor-version":[{"id":29182,"href":"https:\/\/bozita.com\/de\/wp-json\/wp\/v2\/pages\/7100\/revisions\/29182"}],"up":[{"embeddable":true,"href":"https:\/\/bozita.com\/de\/wp-json\/wp\/v2\/pages\/7040"}],"wp:featuredmedia":[{"embeddable":true,"href":"https:\/\/bozita.com\/de\/wp-json\/wp\/v2\/media\/7101"}],"wp:attachment":[{"href":"https:\/\/bozita.com\/de\/wp-json\/wp\/v2\/media?parent=7100"}],"curies":[{"name":"wp","href":"https:\/\/api.w.org\/{rel}","templated":true}]}}