{"id":7102,"date":"2021-08-10T13:09:07","date_gmt":"2021-08-10T13:09:07","guid":{"rendered":"https:\/\/bozita.com\/de\/katzenfutter\/ernahrung-and-diat\/the-benefits-of-giving-your-cat-wet-food-every-day\/"},"modified":"2025-02-18T15:24:48","modified_gmt":"2025-02-18T15:24:48","slug":"the-benefits-of-giving-your-cat-wet-food-every-day","status":"publish","type":"page","link":"https:\/\/bozita.com\/de\/katzenfutter\/ernahrung-and-diat\/the-benefits-of-giving-your-cat-wet-food-every-day\/","title":{"rendered":"Die Vorteile, wenn Du Deiner Katze jeden Tag Nassfutter gibst"},"content":{"rendered":"\t\t<section class=\"small-hero\">\n\t\t\t<div class=\"container\">\n\t\t\t\t<h1 class=\"small-hero-title\">Die Vorteile, wenn Du Deiner Katze jeden Tag Nassfutter gibst<\/h1>\t\t\t<\/div>\n\t\t\t<\/div>\n\t\t<\/section>\n\t\n\n\t<div class=\"text-box-warp\">\n\t\t<div class=\"container\">\n\t\t\t<div class=\"text-content\">\n\t\t\t\t<p>Manche Katzenbesitzer vermeiden es, ihrer Katze Nassfutter zu geben, da es unordentlich und auch \u00e4rgerlich sein kann, dass die ge\u00f6ffnete Packung gek\u00fchlt aufbewahrt werden muss. Aber Nassfutter hat viele Vorteile. Zuallererst ist es lecker!<\/p>\n<h2>NASSFUTTER IST VOLLER FL\u00dcSSIGKEIT<\/h2>\n<p>Wenn Du Deiner Katze zus\u00e4tzlich zum Trockenfutter t\u00e4glich Nassfutter f\u00fctterst, wird sichergestellt, dass Deine Katze viel Fl\u00fcssigkeit erh\u00e4lt. Dies liegt daran, dass Futtermittel mit frischen, tierischen Zutaten von Natur aus viel Wasser enthalten, welches auch ein wichtiger Bestandteil des Gelees ist und so die St\u00fccke zusammenh\u00e4lt.<\/p>\n<p>Es ist wichtig, dass Katzen tags\u00fcber gen\u00fcgend Fl\u00fcssigkeit erhalten, da sonst viele K\u00f6rperfunktionen beeintr\u00e4chtigt werden und dies zu Blasensteinen beitragen kann. Katzen, die nur Trockenfutter erhalten, nehmen oft zu wenig Fl\u00fcssigkeit mit der Nahrung auf, was zu \u00fcberm\u00e4\u00dfig konzentriertem Urin mit erh\u00f6htem Risiko zu Blasensteinen f\u00fchrt.<\/p>\n<h2>NASSFUTTER HILFT DEINER KATZE DAS RICHTIGE GEWICHT ZU HALTEN<\/h2>\n<p>Nassfutter hat aber noch viele weitere Vorteile, nicht nur den Fl\u00fcssigkeitsgehalt. Es Katzen hilft sogar, ein gesundes Gewicht zu halten. Trockenfutter ist eine sehr konzentrierte Energieform und 100 g liefern etwa viermal so viel Energie wie 100 g Nassfutter. Wenn Du Deiner Katze Nassfutter gibst, ist sie mit einer geringeren Energieaufnahme zufrieden und Deine Katze wird leichter ein gesundes Gewicht halten k\u00f6nnen.<\/p>\n<p>\u00dcbergewicht verursacht bei Katzen viele Probleme, beeintr\u00e4chtigt ihre Lebensqualit\u00e4t und tr\u00e4gt zu mehreren, oft schweren Krankheiten bei. Daher m\u00fcssen Katzenbesitzer darauf achten, ihre Katze nicht zu \u00fcberf\u00fcttern, damit sie weiterhin ein erf\u00fclltes und gesundes Leben f\u00fchren kann.<\/p>\n<ul>\n<li><a href=\"https:\/\/bozita.com\/de\/katzenfutter\/bozita-nassfutter-katze\/\">Bozita Nassfutter f\u00fcr Katzen gibt es in vielen verschiedenen Geschmacksrichtungen<\/a><\/li>\n<\/ul>\n<h2>TETRA RECART UND PORTIONSBEUTEL MACHEN ES EINFACH<\/h2>\n<p>Viele Nassfuttersorten von Bozita werden in einer intelligenten <a href=\"https:\/\/bozita.com\/de\/der-naturliche-weg-zum-wohlbefinden\/tetra-recart-die-umweltschonende-verpackung-fur-nassfutter\/\">Tetra Recart\u00ae-Verpackung<\/a> geliefert, die leicht zu \u00f6ffnen und wiederverschlie\u00dfbar ist. So bleiben die Futter frisch und ein unangenehmer Geruch im K\u00fchlschrank wird verhindert. Die Verpackung ist zudem umweltfreundlich und leicht zu recyceln.<\/p>\n<p>Einige unserer Nassfuttersorten sind auch in Portionsbeuteln erh\u00e4ltlich, was das Servieren und Aufbewahren noch einfacher macht. Diese sind auch sehr praktisch, wenn Du mit Deiner Katze verreist.<\/p>\n<p>Versuche, Deiner Katze mindestens einmal t\u00e4glich Nassfutter zu geben \u2013 es tut Deiner Katze nicht nur gut, sondern wird oft sehr gesch\u00e4tzt.<\/p>\n\t\t\t<\/div>\n\t\t<\/div>\n\t<\/div>\n\n\n<section class=\"block product-promos\">\n\t<div class=\"container\">\n\t\t<div class=\"row align-items-center\">\n\t\t\t<div class=\"col-md-5\">\n\t\t\t\t<div class=\"prdt__promos-heading\">\n\t\t\t\t\t<h3>\n\t\t\t\t\t\tEinige unserer Nassfutter-Favoriten\t\t\t\t\t<\/h3>\n\t\t\t\t\t\t\t\t\t<\/div>\n\t\t\t<\/div>\n\t\t\t<div class=\"col-md-7\">\n\t\t\t\t\t\t\t\t\t<div class=\"owl-carousel owl-theme product-promo-carousel\">\n\t\t\t\t\t\t\t\t\t\t\t\t\t<a href=\"https:\/\/bozita.com\/de\/katzenfutter\/bozita-happchen-in-gelee-mit-viel-huhn\/\">\n\t\t\t\t\t\t\t\t<div class=\"blk__prdt-item\">\n\t\t\t\t\t\t\t\t\t<figure>\n\t\t\t\t\t\t\t\t\t\t<img loading=\"lazy\" decoding=\"async\" width=\"600\" height=\"600\" src=\"https:\/\/bozita.com\/de\/wp-content\/uploads\/sites\/8\/2024\/09\/64917_Bozita-Haeppchen-in-Gelee-mit-viel-Huhn-370-g-Tetra.png\" class=\"attachment-post-thumbnail size-post-thumbnail wp-post-image\" alt=\"\" srcset=\"https:\/\/bozita.com\/de\/wp-content\/uploads\/sites\/8\/2024\/09\/64917_Bozita-Haeppchen-in-Gelee-mit-viel-Huhn-370-g-Tetra.png 600w, https:\/\/bozita.com\/de\/wp-content\/uploads\/sites\/8\/2024\/09\/64917_Bozita-Haeppchen-in-Gelee-mit-viel-Huhn-370-g-Tetra-300x300.png 300w, https:\/\/bozita.com\/de\/wp-content\/uploads\/sites\/8\/2024\/09\/64917_Bozita-Haeppchen-in-Gelee-mit-viel-Huhn-370-g-Tetra-150x150.png 150w\" sizes=\"(max-width: 600px) 100vw, 600px\" \/>\t\t\t\t\t\t\t\t\t\t\t\t\t\t\t\t\t\t\t<\/figure>\n\t\t\t\t\t\t\t\t\t<h4 class=\"carousel-title\"><\/h4>\n\t\t\t\t\t\t\t\t\t<span class=\"carousel-category\">BOZITA H\u00c4PPCHEN IN GELEE MIT VIEL HUHN<\/span>\n\t\t\t\t\t\t\t\t\t  \n\t\t\t\t\t\t\t\t\t<ul class=\"category-list\">\n\t\t\t\t\t\t\t\t\t\t\t\t\t\t\t\t\t\t\t\t\t\t\t<li class=\"svg-image\">\n\t\t\t\t\t\t\t\t\t\t\t\t\t\t<img decoding=\"async\" src=\"https:\/\/bozita.com\/de\/wp-content\/uploads\/sites\/8\/2021\/06\/icon-grain-free.svg\" \/>\n\t\t\t\t\t\t\t\t\t\t\t\t\t<\/li>\n\t\t\t\t\t\t\t\t\t\t\t\t\t\t\t\t\t\t\t\t\t\t\t\t\t\t\t\t\t\t\t\t\t\t\t\t<li class=\"svg-image\">\n\t\t\t\t\t\t\t\t\t\t\t\t\t\t<img decoding=\"async\" src=\"https:\/\/bozita.com\/de\/wp-content\/uploads\/sites\/8\/2021\/06\/icon-flavour-chicken.svg\" \/>\n\t\t\t\t\t\t\t\t\t\t\t\t\t<\/li>\n\t\t\t\t\t\t\t\t\t\t\t\t\t\t\t\t\t\t\t\t\t\t<\/ul>       \n\n\t\t\t\t\t\t\t\t<\/div>\n\t\t\t\t\t\t\t<\/a>\n\t\t\t\t\t\t\t\t\t\t\t\t\t\t\t\t\t\t\t\t<a href=\"https:\/\/bozita.com\/de\/katzenfutter\/bozita-happchen-in-gelee-mit-makrele\/\">\n\t\t\t\t\t\t\t\t<div class=\"blk__prdt-item\">\n\t\t\t\t\t\t\t\t\t<figure>\n\t\t\t\t\t\t\t\t\t\t<img loading=\"lazy\" decoding=\"async\" width=\"600\" height=\"600\" src=\"https:\/\/bozita.com\/de\/wp-content\/uploads\/sites\/8\/2024\/09\/64911_Bozita-Haeppchen-in-Gelee-mit-Makrele-370-g-Tetra.png\" class=\"attachment-post-thumbnail size-post-thumbnail wp-post-image\" alt=\"\" srcset=\"https:\/\/bozita.com\/de\/wp-content\/uploads\/sites\/8\/2024\/09\/64911_Bozita-Haeppchen-in-Gelee-mit-Makrele-370-g-Tetra.png 600w, https:\/\/bozita.com\/de\/wp-content\/uploads\/sites\/8\/2024\/09\/64911_Bozita-Haeppchen-in-Gelee-mit-Makrele-370-g-Tetra-300x300.png 300w, https:\/\/bozita.com\/de\/wp-content\/uploads\/sites\/8\/2024\/09\/64911_Bozita-Haeppchen-in-Gelee-mit-Makrele-370-g-Tetra-150x150.png 150w\" sizes=\"(max-width: 600px) 100vw, 600px\" \/>\t\t\t\t\t\t\t\t\t\t\t\t\t\t\t\t\t\t\t<\/figure>\n\t\t\t\t\t\t\t\t\t<h4 class=\"carousel-title\"><\/h4>\n\t\t\t\t\t\t\t\t\t<span class=\"carousel-category\">BOZITA H\u00c4PPCHEN IN GELEE MIT MAKRELE<\/span>\n\t\t\t\t\t\t\t\t\t  \n\t\t\t\t\t\t\t\t\t<ul class=\"category-list\">\n\t\t\t\t\t\t\t\t\t\t\t\t\t\t\t\t\t\t\t\t\t\t\t<li class=\"svg-image\">\n\t\t\t\t\t\t\t\t\t\t\t\t\t\t<img decoding=\"async\" src=\"https:\/\/bozita.com\/de\/wp-content\/uploads\/sites\/8\/2021\/06\/icon-grain-free.svg\" \/>\n\t\t\t\t\t\t\t\t\t\t\t\t\t<\/li>\n\t\t\t\t\t\t\t\t\t\t\t\t\t\t\t\t\t\t\t\t\t\t\t\t\t\t\t\t\t\t\t\t\t\t\t\t<li class=\"svg-image\">\n\t\t\t\t\t\t\t\t\t\t\t\t\t\t<img decoding=\"async\" src=\"https:\/\/bozita.com\/de\/wp-content\/uploads\/sites\/8\/2021\/06\/icon-flavour-salmon.svg\" \/>\n\t\t\t\t\t\t\t\t\t\t\t\t\t<\/li>\n\t\t\t\t\t\t\t\t\t\t\t\t\t\t\t\t\t\t\t\t\t\t<\/ul>       \n\n\t\t\t\t\t\t\t\t<\/div>\n\t\t\t\t\t\t\t<\/a>\n\t\t\t\t\t\t\t\t\t\t\t\t\t\t\t\t\t\t\t\t\t\t\t\t\t\t\t<a href=\"https:\/\/bozita.com\/de\/katzenfutter\/bozita-happchen-in-sosse-mit-hering\/\">\n\t\t\t\t\t\t\t\t<div class=\"blk__prdt-item\">\n\t\t\t\t\t\t\t\t\t<figure>\n\t\t\t\t\t\t\t\t\t\t<img loading=\"lazy\" decoding=\"async\" width=\"1300\" height=\"1300\" src=\"https:\/\/bozita.com\/de\/wp-content\/uploads\/sites\/8\/2021\/08\/3615-02-Bozita-Herring-in-Sauce-85g-Pouch.png\" class=\"attachment-post-thumbnail size-post-thumbnail wp-post-image\" alt=\"Bozita H\u00e4ppchen in Sauce mit Hering\" srcset=\"https:\/\/bozita.com\/de\/wp-content\/uploads\/sites\/8\/2021\/08\/3615-02-Bozita-Herring-in-Sauce-85g-Pouch.png 1300w, https:\/\/bozita.com\/de\/wp-content\/uploads\/sites\/8\/2021\/08\/3615-02-Bozita-Herring-in-Sauce-85g-Pouch-300x300.png 300w, https:\/\/bozita.com\/de\/wp-content\/uploads\/sites\/8\/2021\/08\/3615-02-Bozita-Herring-in-Sauce-85g-Pouch-1024x1024.png 1024w, https:\/\/bozita.com\/de\/wp-content\/uploads\/sites\/8\/2021\/08\/3615-02-Bozita-Herring-in-Sauce-85g-Pouch-150x150.png 150w, https:\/\/bozita.com\/de\/wp-content\/uploads\/sites\/8\/2021\/08\/3615-02-Bozita-Herring-in-Sauce-85g-Pouch-768x768.png 768w\" sizes=\"(max-width: 1300px) 100vw, 1300px\" \/>\t\t\t\t\t\t\t\t\t\t\t\t\t\t\t\t\t\t\t<\/figure>\n\t\t\t\t\t\t\t\t\t<h4 class=\"carousel-title\"><\/h4>\n\t\t\t\t\t\t\t\t\t<span class=\"carousel-category\">Bozita H\u00e4ppchen in Sauce mit Hering<\/span>\n\t\t\t\t\t\t\t\t\t  \n\t\t\t\t\t\t\t\t\t<ul class=\"category-list\">\n\t\t\t\t\t\t\t\t\t\t\t\t\t\t\t\t\t\t\t\t\t\t\t<li class=\"svg-image\">\n\t\t\t\t\t\t\t\t\t\t\t\t\t\t<img decoding=\"async\" src=\"https:\/\/bozita.com\/de\/wp-content\/uploads\/sites\/8\/2021\/06\/icon-grain-free.svg\" \/>\n\t\t\t\t\t\t\t\t\t\t\t\t\t<\/li>\n\t\t\t\t\t\t\t\t\t\t\t\t\t\t\t\t\t\t\t\t\t\t\t\t\t\t<li class=\"svg-image\">\n\t\t\t\t\t\t\t\t\t\t\t\t\t\t<img decoding=\"async\" src=\"https:\/\/bozita.com\/de\/wp-content\/uploads\/sites\/8\/2021\/06\/icon-wheat-free.svg\" \/>\n\t\t\t\t\t\t\t\t\t\t\t\t\t<\/li>\n\t\t\t\t\t\t\t\t\t\t\t\t\t\t\t\t\t\t\t\t\t\t\t\t\t\t\t\t\t\t\t\t\t\t\t\t<li class=\"svg-image\">\n\t\t\t\t\t\t\t\t\t\t\t\t\t\t<img decoding=\"async\" src=\"https:\/\/bozita.com\/de\/wp-content\/uploads\/sites\/8\/2021\/06\/icon-flavour-salmon.svg\" \/>\n\t\t\t\t\t\t\t\t\t\t\t\t\t<\/li>\n\t\t\t\t\t\t\t\t\t\t\t\t\t\t\t\t\t\t\t\t\t\t<\/ul>       \n\n\t\t\t\t\t\t\t\t<\/div>\n\t\t\t\t\t\t\t<\/a>\n\t\t\t\t\t\t\t\t\t\t\t\t\t\t\t\t\t\t\t\t<a href=\"https:\/\/bozita.com\/de\/katzenfutter\/bozita-happchen-in-sosse-mit-rentier\/\">\n\t\t\t\t\t\t\t\t<div class=\"blk__prdt-item\">\n\t\t\t\t\t\t\t\t\t<figure>\n\t\t\t\t\t\t\t\t\t\t<img loading=\"lazy\" decoding=\"async\" width=\"1300\" height=\"1300\" src=\"https:\/\/bozita.com\/de\/wp-content\/uploads\/sites\/8\/2021\/08\/3611-02-Bozita-Reindeer-in-Sauce-85g-Pouch.png\" class=\"attachment-post-thumbnail size-post-thumbnail wp-post-image\" alt=\"Bozita H\u00e4ppchen in Sauce mit Rentier\" srcset=\"https:\/\/bozita.com\/de\/wp-content\/uploads\/sites\/8\/2021\/08\/3611-02-Bozita-Reindeer-in-Sauce-85g-Pouch.png 1300w, https:\/\/bozita.com\/de\/wp-content\/uploads\/sites\/8\/2021\/08\/3611-02-Bozita-Reindeer-in-Sauce-85g-Pouch-300x300.png 300w, https:\/\/bozita.com\/de\/wp-content\/uploads\/sites\/8\/2021\/08\/3611-02-Bozita-Reindeer-in-Sauce-85g-Pouch-1024x1024.png 1024w, https:\/\/bozita.com\/de\/wp-content\/uploads\/sites\/8\/2021\/08\/3611-02-Bozita-Reindeer-in-Sauce-85g-Pouch-150x150.png 150w, https:\/\/bozita.com\/de\/wp-content\/uploads\/sites\/8\/2021\/08\/3611-02-Bozita-Reindeer-in-Sauce-85g-Pouch-768x768.png 768w\" sizes=\"(max-width: 1300px) 100vw, 1300px\" \/>\t\t\t\t\t\t\t\t\t\t\t\t\t\t\t\t\t\t\t<\/figure>\n\t\t\t\t\t\t\t\t\t<h4 class=\"carousel-title\"><\/h4>\n\t\t\t\t\t\t\t\t\t<span class=\"carousel-category\">Bozita H\u00e4ppchen in Sauce mit Rentier<\/span>\n\t\t\t\t\t\t\t\t\t  \n\t\t\t\t\t\t\t\t\t<ul class=\"category-list\">\n\t\t\t\t\t\t\t\t\t\t\t\t\t\t\t\t\t\t\t\t\t\t\t<li class=\"svg-image\">\n\t\t\t\t\t\t\t\t\t\t\t\t\t\t<img decoding=\"async\" src=\"https:\/\/bozita.com\/de\/wp-content\/uploads\/sites\/8\/2021\/06\/icon-grain-free.svg\" \/>\n\t\t\t\t\t\t\t\t\t\t\t\t\t<\/li>\n\t\t\t\t\t\t\t\t\t\t\t\t\t\t\t\t\t\t\t\t\t\t\t\t\t\t<li class=\"svg-image\">\n\t\t\t\t\t\t\t\t\t\t\t\t\t\t<img decoding=\"async\" src=\"https:\/\/bozita.com\/de\/wp-content\/uploads\/sites\/8\/2021\/06\/icon-wheat-free.svg\" \/>\n\t\t\t\t\t\t\t\t\t\t\t\t\t<\/li>\n\t\t\t\t\t\t\t\t\t\t\t\t\t\t\t\t\t\t\t\t\t\t\t\t\t\t\t\t\t\t\t\t\t\t\t\t<li class=\"svg-image\">\n\t\t\t\t\t\t\t\t\t\t\t\t\t\t<img decoding=\"async\" src=\"https:\/\/bozita.com\/de\/wp-content\/uploads\/sites\/8\/2021\/06\/icon-flavour-reindeer.svg\" \/>\n\t\t\t\t\t\t\t\t\t\t\t\t\t<\/li>\n\t\t\t\t\t\t\t\t\t\t\t\t\t\t\t\t\t\t\t\t\t\t<\/ul>       \n\n\t\t\t\t\t\t\t\t<\/div>\n\t\t\t\t\t\t\t<\/a>\n\t\t\t\t\t\t\t\t\t\t\t\t\t\t\t\t\t\t\t\t\t\t\t\t\t\t\t<a href=\"https:\/\/bozita.com\/de\/katzenfutter\/bozita-kitten-with-salmon-chunks-in-sauce-pouch\/\">\n\t\t\t\t\t\t\t\t<div class=\"blk__prdt-item\">\n\t\t\t\t\t\t\t\t\t<figure>\n\t\t\t\t\t\t\t\t\t\t<img loading=\"lazy\" decoding=\"async\" width=\"1300\" height=\"1300\" src=\"https:\/\/bozita.com\/de\/wp-content\/uploads\/sites\/8\/2022\/02\/3621-02_Bozita_Kitten-Salmon-in-Sauce_85g_Cat_Pouch.png\" class=\"attachment-post-thumbnail size-post-thumbnail wp-post-image\" alt=\"BOZITA KITTEN H\u00c4PPCHEN IN SAUCE MIT LACHS\" srcset=\"https:\/\/bozita.com\/de\/wp-content\/uploads\/sites\/8\/2022\/02\/3621-02_Bozita_Kitten-Salmon-in-Sauce_85g_Cat_Pouch.png 1300w, https:\/\/bozita.com\/de\/wp-content\/uploads\/sites\/8\/2022\/02\/3621-02_Bozita_Kitten-Salmon-in-Sauce_85g_Cat_Pouch-300x300.png 300w, https:\/\/bozita.com\/de\/wp-content\/uploads\/sites\/8\/2022\/02\/3621-02_Bozita_Kitten-Salmon-in-Sauce_85g_Cat_Pouch-1024x1024.png 1024w, https:\/\/bozita.com\/de\/wp-content\/uploads\/sites\/8\/2022\/02\/3621-02_Bozita_Kitten-Salmon-in-Sauce_85g_Cat_Pouch-150x150.png 150w, https:\/\/bozita.com\/de\/wp-content\/uploads\/sites\/8\/2022\/02\/3621-02_Bozita_Kitten-Salmon-in-Sauce_85g_Cat_Pouch-768x768.png 768w\" sizes=\"(max-width: 1300px) 100vw, 1300px\" \/>\t\t\t\t\t\t\t\t\t\t\t\t\t\t\t\t\t\t\t<\/figure>\n\t\t\t\t\t\t\t\t\t<h4 class=\"carousel-title\"><\/h4>\n\t\t\t\t\t\t\t\t\t<span class=\"carousel-category\">BOZITA KITTEN H\u00c4PPCHEN IN SAUCE MIT LACHS<\/span>\n\t\t\t\t\t\t\t\t\t  \n\t\t\t\t\t\t\t\t\t<ul class=\"category-list\">\n\t\t\t\t\t\t\t\t\t\t\t\t\t\t\t\t\t\t\t\t\t\t\t<li class=\"svg-image\">\n\t\t\t\t\t\t\t\t\t\t\t\t\t\t<img decoding=\"async\" src=\"https:\/\/bozita.com\/de\/wp-content\/uploads\/sites\/8\/2021\/06\/icon-grain-free.svg\" \/>\n\t\t\t\t\t\t\t\t\t\t\t\t\t<\/li>\n\t\t\t\t\t\t\t\t\t\t\t\t\t\t\t\t\t\t\t\t\t\t\t\t\t\t\t\t\t\t\t\t\t\t\t\t<li class=\"svg-image\">\n\t\t\t\t\t\t\t\t\t\t\t\t\t\t<img decoding=\"async\" src=\"https:\/\/bozita.com\/de\/wp-content\/uploads\/sites\/8\/2021\/06\/icon-flavour-salmon.svg\" \/>\n\t\t\t\t\t\t\t\t\t\t\t\t\t<\/li>\n\t\t\t\t\t\t\t\t\t\t\t\t\t\t\t\t\t\t\t\t\t\t<\/ul>       \n\n\t\t\t\t\t\t\t\t<\/div>\n\t\t\t\t\t\t\t<\/a>\n\t\t\t\t\t\t\t\t\t\t\t\t\t\t\t\t\t\t<\/div>\n\t\t\t\t\t\t\t<\/div>\n\t\t<\/div>\n\t<\/div>\n<\/section>\n<script>\njQuery(document).ready(function($) {\n\tjQuery('.product-promo-carousel').owlCarousel({\n\tloop: true,\n\tmargin: 10,\n\tresponsiveClass: true,\n\tresponsive: {\n\t\t0: {\n\t\titems: 1,\n\t\tnav: true\n\t\t},\n\t\t600: {\n\t\titems: 1,\n\t\tnav: true\n\t\t},\n\t\t1000: {\n\t\titems: 2,\n\t\tnav: true,\n\t\t}\n\t}\n\t})\n\tjQuery(\".owl-prev\").html('<span><<\/span>');\n\tjQuery(\".owl-next\").html('<span>><\/span>');\n\n\tvar slider = jQuery('.promo-slider-list');\n\tslider.owlCarousel();\n\tjQuery('.nextbtn-a').click(function() {\n\tslider.trigger('next.owl.carousel');\n\t})\n\t\/\/ Go to the previous item\n\tjQuery('.prebtn-a').click(function() {\n\tslider.trigger('prev.owl.carousel', [300]);\n\t})\n});\n<\/script>\n\n\n\n\t<section class=\"block related-articles\">\n\t\t<div class=\"container\">\n\t\t\t<h2>\u00c4hnliche Themen<\/h2>\n\t\t\t<div class=\"row justify-content-center\">\n\t\t\t\t\t\t\t<\/div>\n\t\t<\/div>\n\t<\/section>\n","protected":false},"excerpt":{"rendered":"","protected":false},"author":1,"featured_media":6964,"parent":7040,"menu_order":0,"comment_status":"closed","ping_status":"closed","template":"guternberg.php","meta":{"footnotes":""},"acf":[],"yoast_head":"<!-- This site is optimized with the Yoast SEO plugin v21.3 - https:\/\/yoast.com\/wordpress\/plugins\/seo\/ -->\n<title>Die Vorteile, wenn Du Deiner Katze jeden Tag Nassfutter gibst | Bozita DE<\/title>\n<meta name=\"description\" content=\"There are several benefits to giving a cat wet food every day. Wet food allows the cat to get enough fluid and reduces the risk of urinary stones. Wet food contains less energy than dry food. Then your cat can eat full without and get too much energy and find it easier to maintain the right weight.\" \/>\n<meta name=\"robots\" content=\"index, follow, max-snippet:-1, max-image-preview:large, max-video-preview:-1\" \/>\n<link rel=\"canonical\" href=\"https:\/\/bozita.com\/de\/katzenfutter\/ernahrung-and-diat\/the-benefits-of-giving-your-cat-wet-food-every-day\/\" \/>\n<meta property=\"og:locale\" content=\"de_DE\" \/>\n<meta property=\"og:type\" content=\"article\" \/>\n<meta property=\"og:title\" content=\"Die Vorteile, wenn Du Deiner Katze jeden Tag Nassfutter gibst | Bozita DE\" \/>\n<meta property=\"og:description\" content=\"There are several benefits to giving a cat wet food every day. Wet food allows the cat to get enough fluid and reduces the risk of urinary stones. Wet food contains less energy than dry food. Then your cat can eat full without and get too much energy and find it easier to maintain the right weight.\" \/>\n<meta property=\"og:url\" content=\"https:\/\/bozita.com\/de\/katzenfutter\/ernahrung-and-diat\/the-benefits-of-giving-your-cat-wet-food-every-day\/\" \/>\n<meta property=\"og:site_name\" content=\"Bozita DE\" \/>\n<meta property=\"article:modified_time\" content=\"2025-02-18T15:24:48+00:00\" \/>\n<meta property=\"og:image\" content=\"https:\/\/bozita.com\/de\/wp-content\/uploads\/sites\/8\/2021\/08\/bozita_swedish-natural-quality.jpg\" \/>\n\t<meta property=\"og:image:width\" content=\"800\" \/>\n\t<meta property=\"og:image:height\" content=\"533\" \/>\n\t<meta property=\"og:image:type\" content=\"image\/jpeg\" \/>\n<meta name=\"twitter:card\" content=\"summary_large_image\" \/>\n<!-- \/ Yoast SEO plugin. -->","yoast_head_json":{"title":"Die Vorteile, wenn Du Deiner Katze jeden Tag Nassfutter gibst | Bozita DE","description":"There are several benefits to giving a cat wet food every day. Wet food allows the cat to get enough fluid and reduces the risk of urinary stones. Wet food contains less energy than dry food. Then your cat can eat full without and get too much energy and find it easier to maintain the right weight.","robots":{"index":"index","follow":"follow","max-snippet":"max-snippet:-1","max-image-preview":"max-image-preview:large","max-video-preview":"max-video-preview:-1"},"canonical":"https:\/\/bozita.com\/de\/katzenfutter\/ernahrung-and-diat\/the-benefits-of-giving-your-cat-wet-food-every-day\/","og_locale":"de_DE","og_type":"article","og_title":"Die Vorteile, wenn Du Deiner Katze jeden Tag Nassfutter gibst | Bozita DE","og_description":"There are several benefits to giving a cat wet food every day. Wet food allows the cat to get enough fluid and reduces the risk of urinary stones. Wet food contains less energy than dry food. Then your cat can eat full without and get too much energy and find it easier to maintain the right weight.","og_url":"https:\/\/bozita.com\/de\/katzenfutter\/ernahrung-and-diat\/the-benefits-of-giving-your-cat-wet-food-every-day\/","og_site_name":"Bozita DE","article_modified_time":"2025-02-18T15:24:48+00:00","og_image":[{"width":800,"height":533,"url":"https:\/\/bozita.com\/de\/wp-content\/uploads\/sites\/8\/2021\/08\/bozita_swedish-natural-quality.jpg","type":"image\/jpeg"}],"twitter_card":"summary_large_image","schema":{"@context":"https:\/\/schema.org","@graph":[{"@type":"WebPage","@id":"https:\/\/bozita.com\/de\/katzenfutter\/ernahrung-and-diat\/the-benefits-of-giving-your-cat-wet-food-every-day\/","url":"https:\/\/bozita.com\/de\/katzenfutter\/ernahrung-and-diat\/the-benefits-of-giving-your-cat-wet-food-every-day\/","name":"Die Vorteile, wenn Du Deiner Katze jeden Tag Nassfutter gibst | Bozita DE","isPartOf":{"@id":"https:\/\/bozita.com\/de\/#website"},"datePublished":"2021-08-10T13:09:07+00:00","dateModified":"2025-02-18T15:24:48+00:00","description":"There are several benefits to giving a cat wet food every day. Wet food allows the cat to get enough fluid and reduces the risk of urinary stones. Wet food contains less energy than dry food. Then your cat can eat full without and get too much energy and find it easier to maintain the right weight.","breadcrumb":{"@id":"https:\/\/bozita.com\/de\/katzenfutter\/ernahrung-and-diat\/the-benefits-of-giving-your-cat-wet-food-every-day\/#breadcrumb"},"inLanguage":"de","potentialAction":[{"@type":"ReadAction","target":["https:\/\/bozita.com\/de\/katzenfutter\/ernahrung-and-diat\/the-benefits-of-giving-your-cat-wet-food-every-day\/"]}]},{"@type":"BreadcrumbList","@id":"https:\/\/bozita.com\/de\/katzenfutter\/ernahrung-and-diat\/the-benefits-of-giving-your-cat-wet-food-every-day\/#breadcrumb","itemListElement":[{"@type":"ListItem","position":1,"name":"Startseite","item":"https:\/\/bozita.com\/de\/"},{"@type":"ListItem","position":2,"name":"Bozita Katzenfutter \u2013 Nat\u00fcrliches f\u00fcr Ihre Katze","item":"https:\/\/bozita.com\/de\/katzenfutter\/"},{"@type":"ListItem","position":3,"name":"Katzenern\u00e4hrung und Di\u00e4t","item":"https:\/\/bozita.com\/de\/katzenfutter\/ernahrung-and-diat\/"},{"@type":"ListItem","position":4,"name":"Die Vorteile, wenn Du Deiner Katze jeden Tag Nassfutter gibst"}]},{"@type":"WebSite","@id":"https:\/\/bozita.com\/de\/#website","url":"https:\/\/bozita.com\/de\/","name":"Bozita DE","description":"","potentialAction":[{"@type":"SearchAction","target":{"@type":"EntryPoint","urlTemplate":"https:\/\/bozita.com\/de\/?s={search_term_string}"},"query-input":"required name=search_term_string"}],"inLanguage":"de"}]}},"_links":{"self":[{"href":"https:\/\/bozita.com\/de\/wp-json\/wp\/v2\/pages\/7102"}],"collection":[{"href":"https:\/\/bozita.com\/de\/wp-json\/wp\/v2\/pages"}],"about":[{"href":"https:\/\/bozita.com\/de\/wp-json\/wp\/v2\/types\/page"}],"author":[{"embeddable":true,"href":"https:\/\/bozita.com\/de\/wp-json\/wp\/v2\/users\/1"}],"replies":[{"embeddable":true,"href":"https:\/\/bozita.com\/de\/wp-json\/wp\/v2\/comments?post=7102"}],"version-history":[{"count":15,"href":"https:\/\/bozita.com\/de\/wp-json\/wp\/v2\/pages\/7102\/revisions"}],"predecessor-version":[{"id":29323,"href":"https:\/\/bozita.com\/de\/wp-json\/wp\/v2\/pages\/7102\/revisions\/29323"}],"up":[{"embeddable":true,"href":"https:\/\/bozita.com\/de\/wp-json\/wp\/v2\/pages\/7040"}],"wp:featuredmedia":[{"embeddable":true,"href":"https:\/\/bozita.com\/de\/wp-json\/wp\/v2\/media\/6964"}],"wp:attachment":[{"href":"https:\/\/bozita.com\/de\/wp-json\/wp\/v2\/media?parent=7102"}],"curies":[{"name":"wp","href":"https:\/\/api.w.org\/{rel}","templated":true}]}}