{"id":7103,"date":"2021-08-10T13:08:19","date_gmt":"2021-08-10T13:08:19","guid":{"rendered":"https:\/\/bozita.com\/de\/katzenfutter\/ernahrung-and-diat\/gutes-futter-fur-katzenbabys-futter-fur-kitten\/"},"modified":"2024-08-12T13:10:56","modified_gmt":"2024-08-12T13:10:56","slug":"gutes-futter-fur-katzenbabys-futter-fur-kitten","status":"publish","type":"page","link":"https:\/\/bozita.com\/de\/katzenfutter\/ernahrung-and-diat\/gutes-futter-fur-katzenbabys-futter-fur-kitten\/","title":{"rendered":"Kittenfutter \u2013\u00a0welches eignet sich am besten?"},"content":{"rendered":"\t\t<section class=\"small-hero\">\n\t\t\t<div class=\"container\">\n\t\t\t\t<h1 class=\"small-hero-title\">GUTES FUTTER F\u00dcR KATZENBABYS &#8211; FUTTER F\u00dcR KITTEN<\/h1>\t\t\t<\/div>\n\t\t\t<\/div>\n\t\t<\/section>\n\t\n\n\t<div class=\"text-box-warp\">\n\t\t<div class=\"container\">\n\t\t\t<div class=\"text-content\">\n\t\t\t\t<p>Was eine Katze frisst, beeinflusst ihre Gesundheit. Ein heranwachsendes Katzenbaby hat einen wesentlich h\u00f6heren Energiebedarf als eine ausgewachsene Katze. Es ist also wichtig, dass Du Deinem Kitten Futter gibst, das speziell auf die Bed\u00fcrfnisse aktiver, wachsender Katzenbabys abgestimmt ist. So kannst Du sicherstellen, dass Dein Katzenbaby alles bekommt, was es braucht \u2013 in der richtigen Menge.<\/p>\n<p>Das Futter f\u00fcr das Katzenbaby muss einen hohen Energie- und Proteingehalt aufweisen, um optimale Bedingungen f\u00fcr das Wachstum und die Entwicklung zu schaffen, sowie ausreichend Mineralstoffe f\u00fcr eine normale Entwicklung des Skeletts beinhalten.<\/p>\n<p>Bedenke auch, dass Dein Kitten immer Zugang zu frischem und sauberem Wasser haben sollte, vorzugsweise an verschiedenen Orten. Gib dem Katzenbaby keine Milch, da dies zu Magenverstimmungen f\u00fchren kann.<\/p>\n\t\t\t<\/div>\n\t\t<\/div>\n\t<\/div>\n\n\n\t<section class=\"media-object-wrap\">\n\t\t<div class=\"container\">\n\t\t\t<div class=\"media-object\">\n\t\t\t\t<div class=\"row row-eq-height align-items-stretch\">\n\t\t\t\t\t<div class=\"col-md-5\">\n\t\t\t\t\t\t\t\t\t\t\t\t\t<img decoding=\"async\" src=\"https:\/\/bozita.com\/de\/wp-content\/uploads\/sites\/8\/2024\/08\/shutterstock_1992302843-scaled.jpg\" alt=\"\">\n\t\t\t\t\t\t\t\t\t\t\t\t<\/div>\n\t\t\t\t\t<div class=\"col-md-7 d-flex align-items-center\">\n\t\t\t\t\t\t<div class=\"media-content\">\n\t\t\t\t\t\t<h2>SOLLTE EIN KATZENBABY TROCKENFUTTER ODER NASSFUTTER FRESSEN?<\/h2>\n<p>Wichtig ist, dass Du Deinem Kitten Futter gibst, das speziell auf sein Alter und Aktivit\u00e4tsniveau abgestimmt ist. Lieber Trockenfutter oder Nassfutter f\u00fcr Dein Kitten? Beide haben ihre Vorteile. Es liegt an Dir und Deinem Katzenbaby, f\u00fcr welches Futter Du Dich entscheidest. Du kannst Dich auch f\u00fcr eine Mischung aus Nass- und Trockenfutter entscheiden.<\/p>\n<p>Der Vorteil von Trockenfutter ist, dass es immer parat steht und das Katzenbaby selbst entscheiden kann, wann es fressen m\u00f6chte. Es gibt Katzen die M\u00f6glichkeit, so zu fressen, wie sie es aus der Natur gewohnt sind, d. h. mehrmals t\u00e4glich in kleinen Portionen. Allerdings sind nicht alle Kitten gleicherma\u00dfen in der Lage, ihre Futteraufnahme auf ein angemessenes Ma\u00df zu regulieren. In diesem Fall sind mehrmalig portionierte Futterzugaben im Laufe des Tages notwendig.<\/p>\n<p>Der Vorteil von Nassfutter besteht darin, dass es den Bedarf an Fl\u00fcssigkeit mit abdeckt, aber auch f\u00fcr uners\u00e4ttliche Kitten geeignet sein kann. Auch wenn diese viel Energie ben\u00f6tigen, so sollten sie doch nicht zu schnell wachsen. Nassfutter kann hier eine optimale L\u00f6sung sein. Es verleiht dem Katzenbaby ein gutes S\u00e4ttigungsgef\u00fchl, ohne ihm zu viel Energie zuzuf\u00fchren.<\/p>\n\t\t\t\t\t\t<\/div>\n\t\t\t\t\t<\/div>\n\t\t\t\t<\/div>\n\t\t\t<\/div>\n\t\t<\/div>\n\t<\/section>\n   \n\n\n\t<div class=\"text-box-warp\">\n\t\t<div class=\"container\">\n\t\t\t<div class=\"text-content\">\n\t\t\t\t<h2>WIE VIEL FUTTER SOLLTE EIN KITTEN FRESSEN?<\/h2>\n<p>Wie viel Futter ein Katzenbaby fressen sollte, h\u00e4ngt ein bisschen von der Gr\u00f6\u00dfe des K\u00e4tzchens ab. Folge beim F\u00fcttern Deines Katzenbabys den Anweisungen auf der Verpackung.<\/p>\n<p>Es ist wichtig, dass das Kitten nicht zu schnell w\u00e4chst. Bei einem normalen Wachstum sollte ein Katzenbaby das erwartete Erwachsenengewicht in einem Alter von 8\u201312 Monaten erreichen. Wenn Du bemerkst, dass Deine Katze zu viel an Gewicht zunimmt, solltest Du die Tagesration, also die t\u00e4gliche Futtermenge, die Du Deinem Kitten anbietest, reduzieren.<\/p>\n<h2>WIE OFT SOLLTE EIN KATZENBABY FRESSEN?<\/h2>\n<p>Bedenke, dass Futter mit einem hohen Energiegehalt, wie Futter f\u00fcr Kitten, f\u00fcr ein schnelles S\u00e4ttigungsgef\u00fchl sorgt und obwohl Katzenbabys oft einen gro\u00dfen Appetit haben, besitzen sie doch kleine M\u00e4gen. Gib Deinem Kitten mindestens vier Mal am Tag eine kleine Portion Futter. So sorgst Du daf\u00fcr, dass das Katzenbaby die optimale Tagesmenge an Futter bekommt.<\/p>\n<p><a href=\"https:\/\/www.bozita-shop.de\/Katzen:::163.html?filter=6_3%7B13%7D\">Probiere Bozita\u00b4s Futter f\u00fcr Kitten und bestelle hier<\/a><\/p>\n<p><strong>Lies auch<\/strong><\/p>\n<ul>\n<li><a href=\"https:\/\/bozita.com\/de\/katzenfutter\/ernahrung-and-diat\/was-essen-katzen\/\">Was und wie sollte eine ausgewachsene Katze fressen: Was essen Katzen<\/a><\/li>\n<li><a href=\"https:\/\/bozita.com\/de\/katzenfutter\/ernahrung-and-diat\/wie-wechselt-man-das-katzenfutter\/\">Katzenfutter wechseln \u2013 So wird\u2019s gemacht<\/a><\/li>\n<li><a href=\"https:\/\/bozita.com\/de\/katzenfutter\/ernahrung-and-diat\/deine-katze-frisst-oder-trinkt-nicht\/\">Was tun, wenn eine Katze weder frisst noch trinkt<\/a><\/li>\n<\/ul>\n\t\t\t<\/div>\n\t\t<\/div>\n\t<\/div>\n\n\n\t<section class=\"block section-promos\">\n\t\t<div class=\"container\">\n\t\t\t<div class=\"row\">\n\t\t\t\t\t\t\t\t\t\t<div class=\"col-md-6\">\n\t\t\t\t\t\t\t<div class=\"card\">\n\t\t\t\t\t\t\t\t\t\t\t\t\t\t\t\t\t<img decoding=\"async\" class=\"card-img-top\" src=\"https:\/\/bozita.com\/de\/wp-content\/uploads\/sites\/8\/2024\/08\/Katze-Nassfutter-scaled.jpg\" alt=\"\">\n\t\t\t\t\t\t\t\t\t\t\t\t\t\t\t\t<div class=\"card-body\">\n\t\t\t\t\t\t\t\t\t<h5 class=\"card-title\">Bozita Nassfutter Katze<\/h5>\n\t\t\t\t\t\t\t\t\t<p class=\"card-text\"><\/p>\n\t\t\t\t\t\t\t\t\t\t\t\t\t\t\t\t\t\t\t<a target=\"_blank\" href=\"https:\/\/www.bozita-shop.de\/Katzen\/Katzenfutter-nass:::163_171.html\" class=\"btn btn-white\">ONLINE KAUFEN<\/a>\n\t\t\t\t\t\t\t\t\t\t\t\t\t\t\t\t\t\t<\/div>\n\t\t\t\t\t\t\t<\/div>\n\t\t\t\t\t\t<\/div>\n\t\t\t\t\t\t\t\t\t\t\t\t<div class=\"col-md-6\">\n\t\t\t\t\t\t\t<div class=\"card\">\n\t\t\t\t\t\t\t\t\t\t\t\t\t\t\t\t\t<img decoding=\"async\" class=\"card-img-top\" src=\"https:\/\/bozita.com\/de\/wp-content\/uploads\/sites\/8\/2024\/08\/Katze-Trockenfutter-scaled.jpg\" alt=\"\">\n\t\t\t\t\t\t\t\t\t\t\t\t\t\t\t\t<div class=\"card-body\">\n\t\t\t\t\t\t\t\t\t<h5 class=\"card-title\">Bozita Trockenfutter Katze<\/h5>\n\t\t\t\t\t\t\t\t\t<p class=\"card-text\"><\/p>\n\t\t\t\t\t\t\t\t\t\t\t\t\t\t\t\t\t\t\t<a target=\"_blank\" href=\"https:\/\/www.bozita-shop.de\/Katzen\/Katzenfutter-trocken:::163_175.html\" class=\"btn btn-white\">ONLINE KAUFEN<\/a>\n\t\t\t\t\t\t\t\t\t\t\t\t\t\t\t\t\t\t<\/div>\n\t\t\t\t\t\t\t<\/div>\n\t\t\t\t\t\t<\/div>\n\t\t\t\t\t\t\t\t\t<\/div>\n\t\t<\/div>\n\t<\/section>\n\n\n\n\t<section class=\"block related-articles\">\n\t\t<div class=\"container\">\n\t\t\t<h2>Entdecke weitere Themen <\/h2>\n\t\t\t<div class=\"row justify-content-center\">\n\t\t\t\t\t\t\t\t\t\t<div class=\"col-sm-6 col-md-6 col-lg-3\">\n\t\t\t\t\t\t\t\t\t\t\t\t\t\t<div class=\"card \">\n\t\t\t\t\t\t\t\t\t\t\t\t\t\t\t\t\t<img decoding=\"async\"  src=\"https:\/\/bozita.com\/de\/wp-content\/uploads\/sites\/8\/2021\/08\/bozita-byta-foder-vuxen-katt.jpg\" alt=\"\">\n\t\t\t\t\t\t\t\t\t\t\t\t\t\t\t\t\t<!-- <img decoding=\"async\" src=\"\n\t\t\t\t\t\t\t\t\t\t\t\t\t\t\t\t\t\t\t\t\" alt=\"\n\t\t\t\t\t\t\t\t\t\t\t\t\t\t\t\t\t\t\t\t\t\t\t\t\t\t\t\"> -->\n\t\t\t\t\t\t\t\t<div class=\"card-body\">\n\t\t\t\t\t\t\t\t\t\t\t\t\t\t\t\t\t\t\t<h6>Futter von Katzen oder Kitten wechseln? So klappt&#8217;s<\/h6>\n\t\t\t\t\t\t\t\t\t\t\t\t\t\t\t\t\t\t\t<a href=\"https:\/\/bozita.com\/de\/katzenfutter\/ernahrung-and-diat\/wie-wechselt-man-das-katzenfutter\/\">Weiterlesen &nbsp; ><\/a>\n\t\t\t\t\t\t\t\t<\/div>\n\t\t\t\t\t\t\t<\/div>\n\t\t\t\t\t\t<\/div>\n\n\t\t\t\t\t\t\t\t\t\t\t<div class=\"col-sm-6 col-md-6 col-lg-3\">\n\t\t\t\t\t\t\t\t\t\t\t\t\t\t<div class=\"card \">\n\t\t\t\t\t\t\t\t\t\t\t\t\t\t\t\t\t<img decoding=\"async\"  src=\"https:\/\/bozita.com\/de\/wp-content\/uploads\/sites\/8\/2021\/09\/bozita-katter-ar-kottatare.jpg\" alt=\"\">\n\t\t\t\t\t\t\t\t\t\t\t\t\t\t\t\t\t<!-- <img decoding=\"async\" src=\"\n\t\t\t\t\t\t\t\t\t\t\t\t\t\t\t\t\t\t\t\t\" alt=\"\n\t\t\t\t\t\t\t\t\t\t\t\t\t\t\t\t\t\t\t\t\t\t\t\t\t\t\t\"> -->\n\t\t\t\t\t\t\t\t<div class=\"card-body\">\n\t\t\t\t\t\t\t\t\t\t\t\t\t\t\t\t\t\t\t<h6>Katze frisst oder trinkt nicht? Tipps &amp; Ratschl\u00e4ge<\/h6>\n\t\t\t\t\t\t\t\t\t\t\t\t\t\t\t\t\t\t\t<a href=\"https:\/\/bozita.com\/de\/katzenfutter\/ernahrung-and-diat\/deine-katze-frisst-oder-trinkt-nicht\/\">Weiterlesen &nbsp; ><\/a>\n\t\t\t\t\t\t\t\t<\/div>\n\t\t\t\t\t\t\t<\/div>\n\t\t\t\t\t\t<\/div>\n\n\t\t\t\t\t\t\t\t\t\t\t<div class=\"col-sm-6 col-md-6 col-lg-3\">\n\t\t\t\t\t\t\t\t\t\t\t\t\t\t<div class=\"card \">\n\t\t\t\t\t\t\t\t\t\t\t\t\t\t\t\t\t<img decoding=\"async\"  src=\"https:\/\/bozita.com\/de\/wp-content\/uploads\/sites\/8\/2021\/09\/bozita-katt-ratt-hull-guide.jpg\" alt=\"\">\n\t\t\t\t\t\t\t\t\t\t\t\t\t\t\t\t\t<!-- <img decoding=\"async\" src=\"\n\t\t\t\t\t\t\t\t\t\t\t\t\t\t\t\t\t\t\t\t\" alt=\"\n\t\t\t\t\t\t\t\t\t\t\t\t\t\t\t\t\t\t\t\t\t\t\t\t\t\t\t\"> -->\n\t\t\t\t\t\t\t\t<div class=\"card-body\">\n\t\t\t\t\t\t\t\t\t\t\t\t\t\t\t\t\t\t\t<h6>Wie viel sollte eine Katze wiegen?<\/h6>\n\t\t\t\t\t\t\t\t\t\t\t\t\t\t\t\t\t\t\t<a href=\"https:\/\/bozita.com\/de\/leben-mit-katze\/katzengesundheit\/hat-deine-katze-den-richtigen-korperfettanteil-bozitas-body-mas-index-fur-katzen-kann-dir-helfen\/\">Weiterlesen &nbsp; ><\/a>\n\t\t\t\t\t\t\t\t<\/div>\n\t\t\t\t\t\t\t<\/div>\n\t\t\t\t\t\t<\/div>\n\n\t\t\t\t\t\t\t\t\t\t\t\t<\/div>\n\t\t<\/div>\n\t<\/section>\n","protected":false},"excerpt":{"rendered":"","protected":false},"author":1,"featured_media":6964,"parent":7040,"menu_order":0,"comment_status":"closed","ping_status":"closed","template":"guternberg.php","meta":{"footnotes":""},"acf":[],"yoast_head":"<!-- This site is optimized with the Yoast SEO plugin v21.3 - https:\/\/yoast.com\/wordpress\/plugins\/seo\/ -->\n<title>Kittenfutter \u2013\u00a0welches eignet sich am besten? | Bozita DE<\/title>\n<meta name=\"description\" content=\"Welches Kittenfutter sollten Sie w\u00e4hlen und wie viel frisst das junge Tier? Bozita zeigt Ihnen, welches Katzenbaby-Futter in welchem Ma\u00dfe gut ist.\" \/>\n<meta name=\"robots\" content=\"index, follow, max-snippet:-1, max-image-preview:large, max-video-preview:-1\" \/>\n<link rel=\"canonical\" href=\"https:\/\/bozita.com\/de\/katzenfutter\/ernahrung-and-diat\/gutes-futter-fur-katzenbabys-futter-fur-kitten\/\" \/>\n<meta property=\"og:locale\" content=\"de_DE\" \/>\n<meta property=\"og:type\" content=\"article\" \/>\n<meta property=\"og:title\" content=\"Kittenfutter \u2013\u00a0welches eignet sich am besten? | Bozita DE\" \/>\n<meta property=\"og:description\" content=\"Welches Kittenfutter sollten Sie w\u00e4hlen und wie viel frisst das junge Tier? Bozita zeigt Ihnen, welches Katzenbaby-Futter in welchem Ma\u00dfe gut ist.\" \/>\n<meta property=\"og:url\" content=\"https:\/\/bozita.com\/de\/katzenfutter\/ernahrung-and-diat\/gutes-futter-fur-katzenbabys-futter-fur-kitten\/\" \/>\n<meta property=\"og:site_name\" content=\"Bozita DE\" \/>\n<meta property=\"article:modified_time\" content=\"2024-08-12T13:10:56+00:00\" \/>\n<meta property=\"og:image\" content=\"https:\/\/bozita.com\/de\/wp-content\/uploads\/sites\/8\/2021\/08\/bozita_swedish-natural-quality.jpg\" \/>\n\t<meta property=\"og:image:width\" content=\"800\" \/>\n\t<meta property=\"og:image:height\" content=\"533\" \/>\n\t<meta property=\"og:image:type\" content=\"image\/jpeg\" \/>\n<meta name=\"twitter:card\" content=\"summary_large_image\" \/>\n<!-- \/ Yoast SEO plugin. -->","yoast_head_json":{"title":"Kittenfutter \u2013\u00a0welches eignet sich am besten? | Bozita DE","description":"Welches Kittenfutter sollten Sie w\u00e4hlen und wie viel frisst das junge Tier? Bozita zeigt Ihnen, welches Katzenbaby-Futter in welchem Ma\u00dfe gut ist.","robots":{"index":"index","follow":"follow","max-snippet":"max-snippet:-1","max-image-preview":"max-image-preview:large","max-video-preview":"max-video-preview:-1"},"canonical":"https:\/\/bozita.com\/de\/katzenfutter\/ernahrung-and-diat\/gutes-futter-fur-katzenbabys-futter-fur-kitten\/","og_locale":"de_DE","og_type":"article","og_title":"Kittenfutter \u2013\u00a0welches eignet sich am besten? | Bozita DE","og_description":"Welches Kittenfutter sollten Sie w\u00e4hlen und wie viel frisst das junge Tier? Bozita zeigt Ihnen, welches Katzenbaby-Futter in welchem Ma\u00dfe gut ist.","og_url":"https:\/\/bozita.com\/de\/katzenfutter\/ernahrung-and-diat\/gutes-futter-fur-katzenbabys-futter-fur-kitten\/","og_site_name":"Bozita DE","article_modified_time":"2024-08-12T13:10:56+00:00","og_image":[{"width":800,"height":533,"url":"https:\/\/bozita.com\/de\/wp-content\/uploads\/sites\/8\/2021\/08\/bozita_swedish-natural-quality.jpg","type":"image\/jpeg"}],"twitter_card":"summary_large_image","schema":{"@context":"https:\/\/schema.org","@graph":[{"@type":"WebPage","@id":"https:\/\/bozita.com\/de\/katzenfutter\/ernahrung-and-diat\/gutes-futter-fur-katzenbabys-futter-fur-kitten\/","url":"https:\/\/bozita.com\/de\/katzenfutter\/ernahrung-and-diat\/gutes-futter-fur-katzenbabys-futter-fur-kitten\/","name":"Kittenfutter \u2013\u00a0welches eignet sich am besten? | Bozita DE","isPartOf":{"@id":"https:\/\/bozita.com\/de\/#website"},"datePublished":"2021-08-10T13:08:19+00:00","dateModified":"2024-08-12T13:10:56+00:00","description":"Welches Kittenfutter sollten Sie w\u00e4hlen und wie viel frisst das junge Tier? Bozita zeigt Ihnen, welches Katzenbaby-Futter in welchem Ma\u00dfe gut ist.","breadcrumb":{"@id":"https:\/\/bozita.com\/de\/katzenfutter\/ernahrung-and-diat\/gutes-futter-fur-katzenbabys-futter-fur-kitten\/#breadcrumb"},"inLanguage":"de","potentialAction":[{"@type":"ReadAction","target":["https:\/\/bozita.com\/de\/katzenfutter\/ernahrung-and-diat\/gutes-futter-fur-katzenbabys-futter-fur-kitten\/"]}]},{"@type":"BreadcrumbList","@id":"https:\/\/bozita.com\/de\/katzenfutter\/ernahrung-and-diat\/gutes-futter-fur-katzenbabys-futter-fur-kitten\/#breadcrumb","itemListElement":[{"@type":"ListItem","position":1,"name":"Startseite","item":"https:\/\/bozita.com\/de\/"},{"@type":"ListItem","position":2,"name":"Bozita Katzenfutter \u2013 Nat\u00fcrliches f\u00fcr Ihre Katze","item":"https:\/\/bozita.com\/de\/katzenfutter\/"},{"@type":"ListItem","position":3,"name":"Katzenern\u00e4hrung und Di\u00e4t","item":"https:\/\/bozita.com\/de\/katzenfutter\/ernahrung-and-diat\/"},{"@type":"ListItem","position":4,"name":"Kittenfutter \u2013\u00a0welches eignet sich am besten?"}]},{"@type":"WebSite","@id":"https:\/\/bozita.com\/de\/#website","url":"https:\/\/bozita.com\/de\/","name":"Bozita DE","description":"","potentialAction":[{"@type":"SearchAction","target":{"@type":"EntryPoint","urlTemplate":"https:\/\/bozita.com\/de\/?s={search_term_string}"},"query-input":"required name=search_term_string"}],"inLanguage":"de"}]}},"_links":{"self":[{"href":"https:\/\/bozita.com\/de\/wp-json\/wp\/v2\/pages\/7103"}],"collection":[{"href":"https:\/\/bozita.com\/de\/wp-json\/wp\/v2\/pages"}],"about":[{"href":"https:\/\/bozita.com\/de\/wp-json\/wp\/v2\/types\/page"}],"author":[{"embeddable":true,"href":"https:\/\/bozita.com\/de\/wp-json\/wp\/v2\/users\/1"}],"replies":[{"embeddable":true,"href":"https:\/\/bozita.com\/de\/wp-json\/wp\/v2\/comments?post=7103"}],"version-history":[{"count":22,"href":"https:\/\/bozita.com\/de\/wp-json\/wp\/v2\/pages\/7103\/revisions"}],"predecessor-version":[{"id":28832,"href":"https:\/\/bozita.com\/de\/wp-json\/wp\/v2\/pages\/7103\/revisions\/28832"}],"up":[{"embeddable":true,"href":"https:\/\/bozita.com\/de\/wp-json\/wp\/v2\/pages\/7040"}],"wp:featuredmedia":[{"embeddable":true,"href":"https:\/\/bozita.com\/de\/wp-json\/wp\/v2\/media\/6964"}],"wp:attachment":[{"href":"https:\/\/bozita.com\/de\/wp-json\/wp\/v2\/media?parent=7103"}],"curies":[{"name":"wp","href":"https:\/\/api.w.org\/{rel}","templated":true}]}}