{"id":7104,"date":"2021-08-10T13:08:10","date_gmt":"2021-08-10T13:08:10","guid":{"rendered":"https:\/\/bozita.com\/de\/find-a-store\/"},"modified":"2022-12-20T06:18:08","modified_gmt":"2022-12-20T06:18:08","slug":"fachhandler-suchen","status":"publish","type":"page","link":"https:\/\/bozita.com\/de\/fachhandler-suchen\/","title":{"rendered":"FACHH\u00c4NDLER SUCHEN"},"content":{"rendered":"","protected":false},"excerpt":{"rendered":"","protected":false},"author":4,"featured_media":6964,"parent":0,"menu_order":0,"comment_status":"closed","ping_status":"closed","template":"template-locations.php","meta":{"footnotes":""},"acf":[],"yoast_head":"<!-- This site is optimized with the Yoast SEO plugin v21.3 - https:\/\/yoast.com\/wordpress\/plugins\/seo\/ -->\n<title>FACHH\u00c4NDLER SUCHEN | Bozita DE<\/title>\n<meta name=\"description\" content=\"Fachh\u00e4ndler in Deiner N\u00e4he suchen. Wir w\u00e4hlen unsere Gesch\u00e4fte sorgf\u00e4ltig aus, damit Du beim Kauf unserer Produkte den bestm\u00f6glichen Service erh\u00e4ltst.\" \/>\n<meta name=\"robots\" content=\"index, follow, max-snippet:-1, max-image-preview:large, max-video-preview:-1\" \/>\n<link rel=\"canonical\" href=\"https:\/\/bozita.com\/de\/fachhandler-suchen\/\" \/>\n<meta property=\"og:locale\" content=\"de_DE\" \/>\n<meta property=\"og:type\" content=\"article\" \/>\n<meta property=\"og:title\" content=\"FACHH\u00c4NDLER SUCHEN | Bozita DE\" \/>\n<meta property=\"og:description\" content=\"Fachh\u00e4ndler in Deiner N\u00e4he suchen. Wir w\u00e4hlen unsere Gesch\u00e4fte sorgf\u00e4ltig aus, damit Du beim Kauf unserer Produkte den bestm\u00f6glichen Service erh\u00e4ltst.\" \/>\n<meta property=\"og:url\" content=\"https:\/\/bozita.com\/de\/fachhandler-suchen\/\" \/>\n<meta property=\"og:site_name\" content=\"Bozita DE\" \/>\n<meta property=\"article:modified_time\" content=\"2022-12-20T06:18:08+00:00\" \/>\n<meta property=\"og:image\" content=\"https:\/\/bozita.com\/de\/wp-content\/uploads\/sites\/8\/2021\/08\/bozita_swedish-natural-quality.jpg\" \/>\n\t<meta property=\"og:image:width\" content=\"800\" \/>\n\t<meta property=\"og:image:height\" content=\"533\" \/>\n\t<meta property=\"og:image:type\" content=\"image\/jpeg\" \/>\n<meta name=\"twitter:card\" content=\"summary_large_image\" \/>\n<!-- \/ Yoast SEO plugin. -->","yoast_head_json":{"title":"FACHH\u00c4NDLER SUCHEN | Bozita DE","description":"Fachh\u00e4ndler in Deiner N\u00e4he suchen. Wir w\u00e4hlen unsere Gesch\u00e4fte sorgf\u00e4ltig aus, damit Du beim Kauf unserer Produkte den bestm\u00f6glichen Service erh\u00e4ltst.","robots":{"index":"index","follow":"follow","max-snippet":"max-snippet:-1","max-image-preview":"max-image-preview:large","max-video-preview":"max-video-preview:-1"},"canonical":"https:\/\/bozita.com\/de\/fachhandler-suchen\/","og_locale":"de_DE","og_type":"article","og_title":"FACHH\u00c4NDLER SUCHEN | Bozita DE","og_description":"Fachh\u00e4ndler in Deiner N\u00e4he suchen. Wir w\u00e4hlen unsere Gesch\u00e4fte sorgf\u00e4ltig aus, damit Du beim Kauf unserer Produkte den bestm\u00f6glichen Service erh\u00e4ltst.","og_url":"https:\/\/bozita.com\/de\/fachhandler-suchen\/","og_site_name":"Bozita DE","article_modified_time":"2022-12-20T06:18:08+00:00","og_image":[{"width":800,"height":533,"url":"https:\/\/bozita.com\/de\/wp-content\/uploads\/sites\/8\/2021\/08\/bozita_swedish-natural-quality.jpg","type":"image\/jpeg"}],"twitter_card":"summary_large_image","schema":{"@context":"https:\/\/schema.org","@graph":[{"@type":"WebPage","@id":"https:\/\/bozita.com\/de\/fachhandler-suchen\/","url":"https:\/\/bozita.com\/de\/fachhandler-suchen\/","name":"FACHH\u00c4NDLER SUCHEN | Bozita DE","isPartOf":{"@id":"https:\/\/bozita.com\/de\/#website"},"datePublished":"2021-08-10T13:08:10+00:00","dateModified":"2022-12-20T06:18:08+00:00","description":"Fachh\u00e4ndler in Deiner N\u00e4he suchen. Wir w\u00e4hlen unsere Gesch\u00e4fte sorgf\u00e4ltig aus, damit Du beim Kauf unserer Produkte den bestm\u00f6glichen Service erh\u00e4ltst.","breadcrumb":{"@id":"https:\/\/bozita.com\/de\/fachhandler-suchen\/#breadcrumb"},"inLanguage":"de","potentialAction":[{"@type":"ReadAction","target":["https:\/\/bozita.com\/de\/fachhandler-suchen\/"]}]},{"@type":"BreadcrumbList","@id":"https:\/\/bozita.com\/de\/fachhandler-suchen\/#breadcrumb","itemListElement":[{"@type":"ListItem","position":1,"name":"Startseite","item":"https:\/\/bozita.com\/de\/"},{"@type":"ListItem","position":2,"name":"FACHH\u00c4NDLER SUCHEN"}]},{"@type":"WebSite","@id":"https:\/\/bozita.com\/de\/#website","url":"https:\/\/bozita.com\/de\/","name":"Bozita DE","description":"","potentialAction":[{"@type":"SearchAction","target":{"@type":"EntryPoint","urlTemplate":"https:\/\/bozita.com\/de\/?s={search_term_string}"},"query-input":"required name=search_term_string"}],"inLanguage":"de"}]}},"_links":{"self":[{"href":"https:\/\/bozita.com\/de\/wp-json\/wp\/v2\/pages\/7104"}],"collection":[{"href":"https:\/\/bozita.com\/de\/wp-json\/wp\/v2\/pages"}],"about":[{"href":"https:\/\/bozita.com\/de\/wp-json\/wp\/v2\/types\/page"}],"author":[{"embeddable":true,"href":"https:\/\/bozita.com\/de\/wp-json\/wp\/v2\/users\/4"}],"replies":[{"embeddable":true,"href":"https:\/\/bozita.com\/de\/wp-json\/wp\/v2\/comments?post=7104"}],"version-history":[{"count":8,"href":"https:\/\/bozita.com\/de\/wp-json\/wp\/v2\/pages\/7104\/revisions"}],"predecessor-version":[{"id":20877,"href":"https:\/\/bozita.com\/de\/wp-json\/wp\/v2\/pages\/7104\/revisions\/20877"}],"wp:featuredmedia":[{"embeddable":true,"href":"https:\/\/bozita.com\/de\/wp-json\/wp\/v2\/media\/6964"}],"wp:attachment":[{"href":"https:\/\/bozita.com\/de\/wp-json\/wp\/v2\/media?parent=7104"}],"curies":[{"name":"wp","href":"https:\/\/api.w.org\/{rel}","templated":true}]}}