{"id":7105,"date":"2021-08-10T13:07:59","date_gmt":"2021-08-10T13:07:59","guid":{"rendered":"https:\/\/bozita.com\/de\/leben-mit-katze\/katzengesundheit\/is-your-cat-throwing-up-hairballs\/"},"modified":"2022-07-19T08:42:33","modified_gmt":"2022-07-19T08:42:33","slug":"is-your-cat-throwing-up-hairballs","status":"publish","type":"page","link":"https:\/\/bozita.com\/de\/leben-mit-katze\/katzengesundheit\/is-your-cat-throwing-up-hairballs\/","title":{"rendered":"Haarballen bei der Katze. So beugen Sie vor"},"content":{"rendered":"\t\t<section class=\"small-hero\">\n\t\t\t<div class=\"container\">\n\t\t\t\t<h1 class=\"small-hero-title\">ERBRICHT DEINE KATZE HAARBALLEN?<\/h1>\t\t\t<\/div>\n\t\t\t<\/div>\n\t\t<\/section>\n\t\n\n\t<div class=\"text-box-warp\">\n\t\t<div class=\"container\">\n\t\t\t<div class=\"text-content\">\n\t\t\t\t<div class=\"article__introduction\">\n<p>Es ist sehr wichtig, dass Deine Katze das richtige K\u00f6rpergewicht und damit den korrekten K\u00f6rperfettanteil hat. Das ist insbesondere f\u00fcr das Wohlbefinden und die Gesundheit Deiner Katze wichtig. Bozita&#8217;s Body Ma\u00df Index hilft Dir bei der Einsch\u00e4tzung, ob Deine Katze das perfekte Gewicht f\u00fcr ein aktives Leben und eine gute Gesundheit hat. Verwende hierzu die Bilder und den Text, um den K\u00f6rperfettanteil Deiner Katze zu bestimmen.<\/p>\n<\/div>\n<div class=\"article__body\">\n<p>Eine Katze, die unter dem Idealgewicht liegt, muss mehr Energie aufnehmen. Die Katze braucht mehr Futter und m\u00f6glicherweise ein energiereicheres Futter.<\/p>\n<p>Eine \u00fcbergewichtige Katze ben\u00f6tigt weniger Futter und m\u00f6glicherweise ein Futter mit geringerem Energiegehalt, um ein Idealgewicht zu erreichen. Wenn die Katze als \u00fcbergewichtig eingestuft wird, sollte der Tierarzt zu einem speziell angepassten Ern\u00e4hrungsplan befragt werden. Eine zu schnelle Reduktion des Gewichts kann zu lebensbedrohlichen Fettlebererkrankungen f\u00fcr die Katze f\u00fchren.<\/p>\n<p><a title=\"body-mass-index_DE.pdf\" href=\"https:\/\/bozita.com\/de\/wp-content\/uploads\/sites\/8\/2021\/09\/body-mass-index_de.pdf\" target=\"_blank\" rel=\"noopener\" data-id=\"16280\" data-udi=\"umb:\/\/media\/d810eb09ae1a4a5eb3e204bde5956b16\">Download\u00a0Bozita&#8217;s\u00a0body mass index as pdf<\/a><\/p>\n<\/div>\n\t\t\t<\/div>\n\t\t<\/div>\n\t<\/div>\n\n\n\n\t<section class=\"block related-articles\">\n\t\t<div class=\"container\">\n\t\t\t<h2>Entdecke weitere Themen<\/h2>\n\t\t\t<div class=\"row justify-content-center\">\n\t\t\t\t\t\t\t\t\t\t<div class=\"col-sm-6 col-md-6 col-lg-3\">\n\t\t\t\t\t\t\t\t\t\t\t\t\t\t<div class=\"card \">\n\t\t\t\t\t\t\t\t\t\t\t\t\t\t\t\t\t<img decoding=\"async\"  src=\"https:\/\/bozita.com\/de\/wp-content\/uploads\/sites\/8\/2021\/09\/bozita-vaccinera-katt.jpg\" alt=\"\">\n\t\t\t\t\t\t\t\t\t\t\t\t\t\t\t\t\t<!-- <img decoding=\"async\" src=\"\n\t\t\t\t\t\t\t\t\t\t\t\t\t\t\t\t\t\t\t\t\" alt=\"\n\t\t\t\t\t\t\t\t\t\t\t\t\t\t\t\t\t\t\t\t\t\t\t\t\t\t\t\"> -->\n\t\t\t\t\t\t\t\t<div class=\"card-body\">\n\t\t\t\t\t\t\t\t\t\t\t\t\t\t\t\t\t\t\t<h6>Katzen impfen lassen &#8211; wann und wie oft?<\/h6>\n\t\t\t\t\t\t\t\t\t\t\t\t\t\t\t\t\t\t\t<a href=\"https:\/\/bozita.com\/de\/leben-mit-katze\/katzengesundheit\/katzen-impfen-lassen\/\">Weiterlesen &nbsp; ><\/a>\n\t\t\t\t\t\t\t\t<\/div>\n\t\t\t\t\t\t\t<\/div>\n\t\t\t\t\t\t<\/div>\n\n\t\t\t\t\t\t\t\t\t\t\t<div class=\"col-sm-6 col-md-6 col-lg-3\">\n\t\t\t\t\t\t\t\t\t\t\t\t\t\t<div class=\"card \">\n\t\t\t\t\t\t\t\t\t\t\t\t\t\t\t\t\t<img decoding=\"async\"  src=\"https:\/\/bozita.com\/de\/wp-content\/uploads\/sites\/8\/2021\/08\/bozita-katter-ar-kottatare.jpg\" alt=\"\">\n\t\t\t\t\t\t\t\t\t\t\t\t\t\t\t\t\t<!-- <img decoding=\"async\" src=\"\n\t\t\t\t\t\t\t\t\t\t\t\t\t\t\t\t\t\t\t\t\" alt=\"\n\t\t\t\t\t\t\t\t\t\t\t\t\t\t\t\t\t\t\t\t\t\t\t\t\t\t\t\"> -->\n\t\t\t\t\t\t\t\t<div class=\"card-body\">\n\t\t\t\t\t\t\t\t\t\t\t\t\t\t\t\t\t\t\t<h6>Was essen Katzen und wie viel?<\/h6>\n\t\t\t\t\t\t\t\t\t\t\t\t\t\t\t\t\t\t\t<a href=\"https:\/\/bozita.com\/de\/katzenfutter\/ernahrung-and-diat\/was-essen-katzen\/\">Weiterlesen &nbsp; ><\/a>\n\t\t\t\t\t\t\t\t<\/div>\n\t\t\t\t\t\t\t<\/div>\n\t\t\t\t\t\t<\/div>\n\n\t\t\t\t\t\t\t\t\t\t\t<div class=\"col-sm-6 col-md-6 col-lg-3\">\n\t\t\t\t\t\t\t\t\t\t\t\t\t\t<div class=\"card \">\n\t\t\t\t\t\t\t\t\t\t\t\t\t\t\t\t<!-- <img decoding=\"async\" src=\"\n\t\t\t\t\t\t\t\t\t\t\t\t\t\t\t\t\t\t\t\t\" alt=\"\n\t\t\t\t\t\t\t\t\t\t\t\t\t\t\t\t\t\t\t\t\t\t\t\t\t\t\t\"> -->\n\t\t\t\t\t\t\t\t<div class=\"card-body\">\n\t\t\t\t\t\t\t\t\t\t\t\t\t\t\t\t\t\t\t<h6>Urlaub mit Katze \u2013\u00a0das sollten Sie wissen<\/h6>\n\t\t\t\t\t\t\t\t\t\t\t\t\t\t\t\t\t\t\t<a href=\"https:\/\/bozita.com\/de\/leben-mit-katze\/die-entwicklung-der-katze\/reisen-und-urlaub-mit-katze-so-klappt-es\/\">Weiterlesen &nbsp; ><\/a>\n\t\t\t\t\t\t\t\t<\/div>\n\t\t\t\t\t\t\t<\/div>\n\t\t\t\t\t\t<\/div>\n\n\t\t\t\t\t\t\t\t\t\t\t\t<\/div>\n\t\t<\/div>\n\t<\/section>\n","protected":false},"excerpt":{"rendered":"","protected":false},"author":1,"featured_media":7106,"parent":7079,"menu_order":0,"comment_status":"closed","ping_status":"closed","template":"guternberg.php","meta":{"footnotes":""},"acf":[],"yoast_head":"<!-- This site is optimized with the Yoast SEO plugin v21.3 - https:\/\/yoast.com\/wordpress\/plugins\/seo\/ -->\n<title>Haarballen bei der Katze. So beugen Sie vor | Bozita DE<\/title>\n<meta name=\"description\" content=\"Haarballen k\u00f6nnen die Verdauung von Katzen beeintr\u00e4chtigen. Ein Futter mit hohem Ballaststoffanteil und eine gute Fellpflege wirken vorbeugend.\" \/>\n<meta name=\"robots\" content=\"index, follow, max-snippet:-1, max-image-preview:large, max-video-preview:-1\" \/>\n<link rel=\"canonical\" href=\"https:\/\/bozita.com\/de\/leben-mit-katze\/katzengesundheit\/is-your-cat-throwing-up-hairballs\/\" \/>\n<meta property=\"og:locale\" content=\"de_DE\" \/>\n<meta property=\"og:type\" content=\"article\" \/>\n<meta property=\"og:title\" content=\"Haarballen bei der Katze. So beugen Sie vor | Bozita DE\" \/>\n<meta property=\"og:description\" content=\"Haarballen k\u00f6nnen die Verdauung von Katzen beeintr\u00e4chtigen. Ein Futter mit hohem Ballaststoffanteil und eine gute Fellpflege wirken vorbeugend.\" \/>\n<meta property=\"og:url\" content=\"https:\/\/bozita.com\/de\/leben-mit-katze\/katzengesundheit\/is-your-cat-throwing-up-hairballs\/\" \/>\n<meta property=\"og:site_name\" content=\"Bozita DE\" \/>\n<meta property=\"article:modified_time\" content=\"2022-07-19T08:42:33+00:00\" \/>\n<meta property=\"og:image\" content=\"https:\/\/bozita.com\/de\/wp-content\/uploads\/sites\/8\/2021\/08\/bozita-palsvard-fibrer-motverkar-harbollar.jpg\" \/>\n\t<meta property=\"og:image:width\" content=\"800\" \/>\n\t<meta property=\"og:image:height\" content=\"533\" \/>\n\t<meta property=\"og:image:type\" content=\"image\/jpeg\" \/>\n<meta name=\"twitter:card\" content=\"summary_large_image\" \/>\n<!-- \/ Yoast SEO plugin. -->","yoast_head_json":{"title":"Haarballen bei der Katze. So beugen Sie vor | Bozita DE","description":"Haarballen k\u00f6nnen die Verdauung von Katzen beeintr\u00e4chtigen. Ein Futter mit hohem Ballaststoffanteil und eine gute Fellpflege wirken vorbeugend.","robots":{"index":"index","follow":"follow","max-snippet":"max-snippet:-1","max-image-preview":"max-image-preview:large","max-video-preview":"max-video-preview:-1"},"canonical":"https:\/\/bozita.com\/de\/leben-mit-katze\/katzengesundheit\/is-your-cat-throwing-up-hairballs\/","og_locale":"de_DE","og_type":"article","og_title":"Haarballen bei der Katze. So beugen Sie vor | Bozita DE","og_description":"Haarballen k\u00f6nnen die Verdauung von Katzen beeintr\u00e4chtigen. Ein Futter mit hohem Ballaststoffanteil und eine gute Fellpflege wirken vorbeugend.","og_url":"https:\/\/bozita.com\/de\/leben-mit-katze\/katzengesundheit\/is-your-cat-throwing-up-hairballs\/","og_site_name":"Bozita DE","article_modified_time":"2022-07-19T08:42:33+00:00","og_image":[{"width":800,"height":533,"url":"https:\/\/bozita.com\/de\/wp-content\/uploads\/sites\/8\/2021\/08\/bozita-palsvard-fibrer-motverkar-harbollar.jpg","type":"image\/jpeg"}],"twitter_card":"summary_large_image","schema":{"@context":"https:\/\/schema.org","@graph":[{"@type":"WebPage","@id":"https:\/\/bozita.com\/de\/leben-mit-katze\/katzengesundheit\/is-your-cat-throwing-up-hairballs\/","url":"https:\/\/bozita.com\/de\/leben-mit-katze\/katzengesundheit\/is-your-cat-throwing-up-hairballs\/","name":"Haarballen bei der Katze. So beugen Sie vor | Bozita DE","isPartOf":{"@id":"https:\/\/bozita.com\/de\/#website"},"datePublished":"2021-08-10T13:07:59+00:00","dateModified":"2022-07-19T08:42:33+00:00","description":"Haarballen k\u00f6nnen die Verdauung von Katzen beeintr\u00e4chtigen. Ein Futter mit hohem Ballaststoffanteil und eine gute Fellpflege wirken vorbeugend.","breadcrumb":{"@id":"https:\/\/bozita.com\/de\/leben-mit-katze\/katzengesundheit\/is-your-cat-throwing-up-hairballs\/#breadcrumb"},"inLanguage":"de","potentialAction":[{"@type":"ReadAction","target":["https:\/\/bozita.com\/de\/leben-mit-katze\/katzengesundheit\/is-your-cat-throwing-up-hairballs\/"]}]},{"@type":"BreadcrumbList","@id":"https:\/\/bozita.com\/de\/leben-mit-katze\/katzengesundheit\/is-your-cat-throwing-up-hairballs\/#breadcrumb","itemListElement":[{"@type":"ListItem","position":1,"name":"Startseite","item":"https:\/\/bozita.com\/de\/"},{"@type":"ListItem","position":2,"name":"Leben mit Katze","item":"https:\/\/bozita.com\/de\/leben-mit-katze\/"},{"@type":"ListItem","position":3,"name":"K\u00fcmmern Sie sich um Ihre Katze \u2013 Katzengesundheit","item":"https:\/\/bozita.com\/de\/leben-mit-katze\/katzengesundheit\/"},{"@type":"ListItem","position":4,"name":"Haarballen bei der Katze. So beugen Sie vor"}]},{"@type":"WebSite","@id":"https:\/\/bozita.com\/de\/#website","url":"https:\/\/bozita.com\/de\/","name":"Bozita DE","description":"","potentialAction":[{"@type":"SearchAction","target":{"@type":"EntryPoint","urlTemplate":"https:\/\/bozita.com\/de\/?s={search_term_string}"},"query-input":"required name=search_term_string"}],"inLanguage":"de"}]}},"_links":{"self":[{"href":"https:\/\/bozita.com\/de\/wp-json\/wp\/v2\/pages\/7105"}],"collection":[{"href":"https:\/\/bozita.com\/de\/wp-json\/wp\/v2\/pages"}],"about":[{"href":"https:\/\/bozita.com\/de\/wp-json\/wp\/v2\/types\/page"}],"author":[{"embeddable":true,"href":"https:\/\/bozita.com\/de\/wp-json\/wp\/v2\/users\/1"}],"replies":[{"embeddable":true,"href":"https:\/\/bozita.com\/de\/wp-json\/wp\/v2\/comments?post=7105"}],"version-history":[{"count":12,"href":"https:\/\/bozita.com\/de\/wp-json\/wp\/v2\/pages\/7105\/revisions"}],"predecessor-version":[{"id":17236,"href":"https:\/\/bozita.com\/de\/wp-json\/wp\/v2\/pages\/7105\/revisions\/17236"}],"up":[{"embeddable":true,"href":"https:\/\/bozita.com\/de\/wp-json\/wp\/v2\/pages\/7079"}],"wp:featuredmedia":[{"embeddable":true,"href":"https:\/\/bozita.com\/de\/wp-json\/wp\/v2\/media\/7106"}],"wp:attachment":[{"href":"https:\/\/bozita.com\/de\/wp-json\/wp\/v2\/media?parent=7105"}],"curies":[{"name":"wp","href":"https:\/\/api.w.org\/{rel}","templated":true}]}}