{"id":7115,"date":"2021-08-10T13:02:05","date_gmt":"2021-08-10T13:02:05","guid":{"rendered":"https:\/\/bozita.com\/de\/bozita-breeders-club\/"},"modified":"2025-02-18T08:57:54","modified_gmt":"2025-02-18T08:57:54","slug":"bozita-breeders-club","status":"publish","type":"page","link":"https:\/\/bozita.com\/de\/bozita-breeders-club\/","title":{"rendered":"Bozita Breeders Club"},"content":{"rendered":"\t\t<section class=\"block full-width-promo \">\n\t\t<div class=\"overlay-v2\">\n\t\t\t\t\t\t\t\t<img decoding=\"async\" class=\"background-image-v2\" src=\"https:\/\/bozita.com\/de\/wp-content\/uploads\/sites\/8\/2021\/05\/Breeders-Club-Header-Image@2x-scaled.jpg\" alt=\"\">\n\t\t\t\t\t\t\t\t<div class=\"container\">\n\t\t\t\t<div class=\"row\">\n\t\t\t\t\t<div class=\"col-md-6 col-lg-5\">\n\t\t\t\t\t\t<h5>Bozita Breeders Club<\/h5><h1>Bist Du Z\u00fcchter?<\/h1><p>Mitglied kann jeder werden, der eingetragener Hunde- oder Katzenz\u00fcchter ist.\r\n\r\nAls registrierter Z\u00fcchter hast Du die M\u00f6glichkeit, Mitglied in unserem Bozita Breeders Club zu werden. Die Mitgliedschaft ist kostenlos. Voraussetzung f\u00fcr eine Mitgliedschaft ist die Vorlage einer Zwingerschutzkarte bzw. -urkunde. Die Vorlage einer Mitgliedskarte ist leider nicht ausreichend.<\/p>\t\t\t\t\t\t<a class=\"btn btn-white\" href=\"https:\/\/www.bozita-shop.de\/create_account.php\">www.bozita-shop.de<\/a>\t\t\t\t\t<\/div>\n\t\t\t\t<\/div>\n\t\t\t<\/div>\n\t\t<\/div>\n\t<\/section>\n\n\n\t<div class=\"text-box-warp\">\n\t\t<div class=\"container\">\n\t\t\t<div class=\"text-content\">\n\t\t\t\t<h2>Bozita Breeders Club<\/h2>\n<p>Mitglied kann jeder werden, der eingetragener Hunde- oder Katzenz\u00fcchter ist.<\/p>\n<p>Als registrierter Z\u00fcchter hast Du die M\u00f6glichkeit, Mitglied in unserem Bozita Breeders Club zu werden. Die Mitgliedschaft ist kostenlos. Voraussetzung f\u00fcr eine Mitgliedschaft ist die Vorlage einer Zwingerschutzkarte bzw. -urkunde. Die Vorlage einer Mitgliedskarte ist leider nicht ausreichend.<\/p>\n<p>Als Mitglied erh\u00e4lst Du Rabatte auf unser Sortiment und es k\u00f6nnen laut den Mitgliedsbestimmungen kostenlose Startpakete f\u00fcr Deine Welpen- oder Kittenk\u00e4ufer bestellt werden. Du erh\u00e4lst unseren Bozita Newsletter, Beratung zum Thema Ern\u00e4hrung und Informationen gerne per Telefon oder auch per Mail. Dar\u00fcber hinaus stehen wir gerne als pers\u00f6nlicher Ansprechpartner bei Fragen zu unseren Produkten zur Verf\u00fcgung.<\/p>\n<p>Die Unterlagen zu unserem Bozita Breeders Club senden wir gerne unverbindlich per E-Mail an Dich. Wenn Interesse besteht, melde Dich gerne ebenfalls via E-Mail bei uns, dann werden wir eine Aufnahme\u00a0 in den Breeders Club, nach Pr\u00fcfung der Erf\u00fcllung der Mitgliedsbestimmungen, vornehmen.<\/p>\n<p>Bitte beachte, dass die Bestellung der Welpen- bzw. Kittenpakete vier Wochen vor dem gew\u00fcnschten Liefertermin vorliegen muss, um eine rechtzeitige Lieferung zu gew\u00e4hrleisten.<\/p>\n<p><strong>Email:\u00a0<\/strong>bbc@bozita.com<br \/>\n<strong>Telefon<\/strong>: 040 \/ 398 957 80<\/p>\n\t\t\t<\/div>\n\t\t<\/div>\n\t<\/div>\n\n\n\t<section class=\"block section-promos\">\n\t\t<div class=\"container\">\n\t\t\t<div class=\"row\">\n\t\t\t\t\t\t\t\t\t\t<div class=\"col-md-6 col-lg-4 condensed_V2\">\n\t\t\t\t\t\t\t<div class=\"card\">\n\t\t\t\t\t\t\t\t\t\t\t\t\t\t\t\t\t<img decoding=\"async\" class=\"card-img-top\" src=\"https:\/\/bozita.com\/de\/wp-content\/uploads\/sites\/8\/2021\/06\/bozita-about-us.jpeg\" alt=\"\">\n\t\t\t\t\t\t\t\t\t\t\t\t\t\t\t\t<div class=\"card-body\">\n\t\t\t\t\t\t\t\t\t<h5 class=\"card-title\">\u00dcber uns<\/h5>\n\t\t\t\t\t\t\t\t\t<p class=\"card-text\">Wir stellen seit \u00fcber 100 Jahren Katzen- und Hundefutter her! Unser gesamtes Tierfutter wird in V\u00e5rg\u00e5rda aus Zutaten h\u00f6chster Qualit\u00e4t hergestellt.<\/p>\n\t\t\t\t\t\t\t\t\t\t\t\t\t\t\t\t\t\t\t<a target=\"\" href=\"https:\/\/bozita.com\/de\/uber-uns\/\" class=\"btn btn-white\">Weiterlesen<\/a>\n\t\t\t\t\t\t\t\t\t\t\t\t\t\t\t\t\t\t<\/div>\n\t\t\t\t\t\t\t<\/div>\n\t\t\t\t\t\t<\/div>\n\t\t\t\t\t\t\t\t\t\t\t\t<div class=\"col-md-6 col-lg-4 condensed_V2\">\n\t\t\t\t\t\t\t<div class=\"card\">\n\t\t\t\t\t\t\t\t\t\t\t\t\t\t\t\t\t<img decoding=\"async\" class=\"card-img-top\" src=\"https:\/\/bozita.com\/de\/wp-content\/uploads\/sites\/8\/2021\/06\/bozita-miljovanlig-forpackning-tetra-recart.jpeg\" alt=\"\">\n\t\t\t\t\t\t\t\t\t\t\t\t\t\t\t\t<div class=\"card-body\">\n\t\t\t\t\t\t\t\t\t<h5 class=\"card-title\">Umweltfreundliche Verpackung <\/h5>\n\t\t\t\t\t\t\t\t\t<p class=\"card-text\">Ein Gro\u00dfteil unseres Nassfutter wird im Tetra Recart geliefert &#8211; einer klimafreundlichen Verpackung, die zusammen mit Papier und Karton recycelt werden kann.<\/p>\n\t\t\t\t\t\t\t\t\t\t\t\t\t\t\t\t\t\t\t<a target=\"\" href=\"https:\/\/bozita.com\/de\/der-naturliche-weg-zum-wohlbefinden\/tetra-recart-die-umweltschonende-verpackung-fur-nassfutter\/\" class=\"btn btn-white\">Weiterlesen<\/a>\n\t\t\t\t\t\t\t\t\t\t\t\t\t\t\t\t\t\t<\/div>\n\t\t\t\t\t\t\t<\/div>\n\t\t\t\t\t\t<\/div>\n\t\t\t\t\t\t\t\t\t\t\t\t<div class=\"col-md-6 col-lg-4 condensed_V2\">\n\t\t\t\t\t\t\t<div class=\"card\">\n\t\t\t\t\t\t\t\t\t\t\t\t\t\t\t\t\t<img decoding=\"async\" class=\"card-img-top\" src=\"https:\/\/bozita.com\/de\/wp-content\/uploads\/sites\/8\/2021\/06\/bozita-tassalyckan-katthem-provsmakare-produktutveckling.jpeg\" alt=\"\">\n\t\t\t\t\t\t\t\t\t\t\t\t\t\t\t\t<div class=\"card-body\">\n\t\t\t\t\t\t\t\t\t<h5 class=\"card-title\">Das Katzenhaus &#8222;Tassalyckan&#8220;<\/h5>\n\t\t\t\t\t\t\t\t\t<p class=\"card-text\">Drei\u00dfig Katzen arbeiten in unserem Katzenhaus Tassalyckan, um uns bei der Verkostung und Entwicklung unseres Trocken- und Nassfutters f\u00fcr Katzen zu helfen.<\/p>\n\t\t\t\t\t\t\t\t\t\t\t\t\t\t\t\t\t\t\t<a target=\"\" href=\"https:\/\/bozita.com\/de\/das-katzenhaus-tassalyckan\/\" class=\"btn btn-white\">Weiterlesen<\/a>\n\t\t\t\t\t\t\t\t\t\t\t\t\t\t\t\t\t\t<\/div>\n\t\t\t\t\t\t\t<\/div>\n\t\t\t\t\t\t<\/div>\n\t\t\t\t\t\t\t\t\t\t\t\t<div class=\"col-md-6 col-lg-4 condensed_V2\">\n\t\t\t\t\t\t\t<div class=\"card\">\n\t\t\t\t\t\t\t\t\t\t\t\t\t\t\t\t\t<img decoding=\"async\" class=\"card-img-top\" src=\"https:\/\/bozita.com\/de\/wp-content\/uploads\/sites\/8\/2021\/06\/bozita-hallbarhet.jpeg\" alt=\"\">\n\t\t\t\t\t\t\t\t\t\t\t\t\t\t\t\t<div class=\"card-body\">\n\t\t\t\t\t\t\t\t\t<h5 class=\"card-title\">Nachhaltig f\u00fcr Tier und Natur<\/h5>\n\t\t\t\t\t\t\t\t\t<p class=\"card-text\">Von der Energie, mit der unsere K\u00fcche betrieben wird, bis hin zu den Verpackungen, in denen das Futter bei Dir ankommt, bem\u00fchen wir uns, jeden Teil unseres Unternehmens nachhaltig zu gestalten.<\/p>\n\t\t\t\t\t\t\t\t\t\t\t\t\t\t\t\t\t\t\t<a target=\"\" href=\"https:\/\/bozita.com\/de\/der-naturliche-weg-zum-wohlbefinden\/sustainable-for-animals-and-nature\/\" class=\"btn btn-white\">Weiterlesen<\/a>\n\t\t\t\t\t\t\t\t\t\t\t\t\t\t\t\t\t\t<\/div>\n\t\t\t\t\t\t\t<\/div>\n\t\t\t\t\t\t<\/div>\n\t\t\t\t\t\t\t\t\t<\/div>\n\t\t<\/div>\n\t<\/section>\n","protected":false},"excerpt":{"rendered":"","protected":false},"author":4,"featured_media":7116,"parent":0,"menu_order":0,"comment_status":"closed","ping_status":"closed","template":"guternberg.php","meta":{"footnotes":""},"acf":[],"yoast_head":"<!-- This site is optimized with the Yoast SEO plugin v21.3 - https:\/\/yoast.com\/wordpress\/plugins\/seo\/ -->\n<title>Bozita Breeders Club | Bozita DE<\/title>\n<meta name=\"description\" content=\"Als registrierter Z\u00fcchter in Deutschland, z. B. im Z\u00fcchterbund e.V., haben Sie die M\u00f6glichkeit Mitglied im Z\u00fcchterclub von Bozita zu werden.\" \/>\n<meta name=\"robots\" content=\"index, follow, max-snippet:-1, max-image-preview:large, max-video-preview:-1\" \/>\n<link rel=\"canonical\" href=\"https:\/\/bozita.com\/de\/bozita-breeders-club\/\" \/>\n<meta property=\"og:locale\" content=\"de_DE\" \/>\n<meta property=\"og:type\" content=\"article\" \/>\n<meta property=\"og:title\" content=\"Bozita Breeders Club | Bozita DE\" \/>\n<meta property=\"og:description\" content=\"Als registrierter Z\u00fcchter in Deutschland, z. B. im Z\u00fcchterbund e.V., haben Sie die M\u00f6glichkeit Mitglied im Z\u00fcchterclub von Bozita zu werden.\" \/>\n<meta property=\"og:url\" content=\"https:\/\/bozita.com\/de\/bozita-breeders-club\/\" \/>\n<meta property=\"og:site_name\" content=\"Bozita DE\" \/>\n<meta property=\"article:modified_time\" content=\"2025-02-18T08:57:54+00:00\" \/>\n<meta property=\"og:image\" content=\"https:\/\/bozita.com\/de\/wp-content\/uploads\/sites\/8\/2021\/05\/Breeders-Club-Header-Image@2x-scaled.jpg\" \/>\n\t<meta property=\"og:image:width\" content=\"2560\" \/>\n\t<meta property=\"og:image:height\" content=\"1056\" \/>\n\t<meta property=\"og:image:type\" content=\"image\/jpeg\" \/>\n<meta name=\"twitter:card\" content=\"summary_large_image\" \/>\n<!-- \/ Yoast SEO plugin. -->","yoast_head_json":{"title":"Bozita Breeders Club | Bozita DE","description":"Als registrierter Z\u00fcchter in Deutschland, z. B. im Z\u00fcchterbund e.V., haben Sie die M\u00f6glichkeit Mitglied im Z\u00fcchterclub von Bozita zu werden.","robots":{"index":"index","follow":"follow","max-snippet":"max-snippet:-1","max-image-preview":"max-image-preview:large","max-video-preview":"max-video-preview:-1"},"canonical":"https:\/\/bozita.com\/de\/bozita-breeders-club\/","og_locale":"de_DE","og_type":"article","og_title":"Bozita Breeders Club | Bozita DE","og_description":"Als registrierter Z\u00fcchter in Deutschland, z. B. im Z\u00fcchterbund e.V., haben Sie die M\u00f6glichkeit Mitglied im Z\u00fcchterclub von Bozita zu werden.","og_url":"https:\/\/bozita.com\/de\/bozita-breeders-club\/","og_site_name":"Bozita DE","article_modified_time":"2025-02-18T08:57:54+00:00","og_image":[{"width":2560,"height":1056,"url":"https:\/\/bozita.com\/de\/wp-content\/uploads\/sites\/8\/2021\/05\/Breeders-Club-Header-Image@2x-scaled.jpg","type":"image\/jpeg"}],"twitter_card":"summary_large_image","schema":{"@context":"https:\/\/schema.org","@graph":[{"@type":"WebPage","@id":"https:\/\/bozita.com\/de\/bozita-breeders-club\/","url":"https:\/\/bozita.com\/de\/bozita-breeders-club\/","name":"Bozita Breeders Club | Bozita DE","isPartOf":{"@id":"https:\/\/bozita.com\/de\/#website"},"datePublished":"2021-08-10T13:02:05+00:00","dateModified":"2025-02-18T08:57:54+00:00","description":"Als registrierter Z\u00fcchter in Deutschland, z. B. im Z\u00fcchterbund e.V., haben Sie die M\u00f6glichkeit Mitglied im Z\u00fcchterclub von Bozita zu werden.","breadcrumb":{"@id":"https:\/\/bozita.com\/de\/bozita-breeders-club\/#breadcrumb"},"inLanguage":"de","potentialAction":[{"@type":"ReadAction","target":["https:\/\/bozita.com\/de\/bozita-breeders-club\/"]}]},{"@type":"BreadcrumbList","@id":"https:\/\/bozita.com\/de\/bozita-breeders-club\/#breadcrumb","itemListElement":[{"@type":"ListItem","position":1,"name":"Startseite","item":"https:\/\/bozita.com\/de\/"},{"@type":"ListItem","position":2,"name":"Bozita Breeders Club"}]},{"@type":"WebSite","@id":"https:\/\/bozita.com\/de\/#website","url":"https:\/\/bozita.com\/de\/","name":"Bozita DE","description":"","potentialAction":[{"@type":"SearchAction","target":{"@type":"EntryPoint","urlTemplate":"https:\/\/bozita.com\/de\/?s={search_term_string}"},"query-input":"required name=search_term_string"}],"inLanguage":"de"}]}},"_links":{"self":[{"href":"https:\/\/bozita.com\/de\/wp-json\/wp\/v2\/pages\/7115"}],"collection":[{"href":"https:\/\/bozita.com\/de\/wp-json\/wp\/v2\/pages"}],"about":[{"href":"https:\/\/bozita.com\/de\/wp-json\/wp\/v2\/types\/page"}],"author":[{"embeddable":true,"href":"https:\/\/bozita.com\/de\/wp-json\/wp\/v2\/users\/4"}],"replies":[{"embeddable":true,"href":"https:\/\/bozita.com\/de\/wp-json\/wp\/v2\/comments?post=7115"}],"version-history":[{"count":19,"href":"https:\/\/bozita.com\/de\/wp-json\/wp\/v2\/pages\/7115\/revisions"}],"predecessor-version":[{"id":29287,"href":"https:\/\/bozita.com\/de\/wp-json\/wp\/v2\/pages\/7115\/revisions\/29287"}],"wp:featuredmedia":[{"embeddable":true,"href":"https:\/\/bozita.com\/de\/wp-json\/wp\/v2\/media\/7116"}],"wp:attachment":[{"href":"https:\/\/bozita.com\/de\/wp-json\/wp\/v2\/media?parent=7115"}],"curies":[{"name":"wp","href":"https:\/\/api.w.org\/{rel}","templated":true}]}}