{"id":7119,"date":"2021-08-06T13:58:37","date_gmt":"2021-08-06T13:58:37","guid":{"rendered":"https:\/\/bozita.com\/de\/balance-training-mit-astrid\/"},"modified":"2022-07-18T12:05:25","modified_gmt":"2022-07-18T12:05:25","slug":"balance-training-mit-astrid","status":"publish","type":"page","link":"https:\/\/bozita.com\/de\/leben-mit-hund\/hunde-beschaftigen\/balance-training-mit-astrid\/","title":{"rendered":"Balance Training mit Astrid"},"content":{"rendered":"\t\t<section class=\"small-hero\">\n\t\t\t<div class=\"container\">\n\t\t\t\t<h1 class=\"small-hero-title\">Balance Training mit Astrid<\/h1>\t\t\t<\/div>\n\t\t\t<\/div>\n\t\t<\/section>\n\t\n\n\t<div class=\"text-box-warp\">\n\t\t<div class=\"container\">\n\t\t\t<div class=\"text-content\">\n\t\t\t\t<p>Astrid ist ein Pudel und lebt bei unserem Bozita Produktentwickler. Bereits im ersten Jahr entdeckten sie, dass etwas mit ihrem Hinterbein nicht stimmte, beispielsweise, wenn sie h\u00fcpfte wie ein Frosch oder aus dem Sitzen aufstand. Beim Tierarzt wurde festgestellt, dass Astrid eine Kniescheibenfehlstellung hat.<\/p>\n<p>Dies bedeutet, dass die Kniescheibe immer wieder herausspringt. In vielen F\u00e4llen ist es m\u00f6glich, die Muskeln neben der Kniescheibe zu festigen, sodass die Kniescheibe stabilisiert wird. In Astrid\u00b4s Fall, war es leider bereits so schlimm, dass der Tierarzt eine Operation empfahl, zun\u00e4chst f\u00fcr nur ein Knie. Nach der Operation sollte eine lange Zeit der Rehabilitation folgen, mit Besuchen beim Physiotherapeuten und Orthop\u00e4den.<\/p>\n<p><img loading=\"lazy\" decoding=\"async\" class=\"alignnone size-medium wp-image-3462\" src=\"https:\/\/bozita.com\/de\/wp-content\/uploads\/sites\/8\/2021\/08\/bozita-balanstraning-med-astrid-1-300x200.jpg\" alt=\"\" width=\"300\" height=\"200\" srcset=\"https:\/\/bozita.com\/de\/wp-content\/uploads\/sites\/8\/2021\/08\/bozita-balanstraning-med-astrid-1-300x200.jpg 300w, https:\/\/bozita.com\/de\/wp-content\/uploads\/sites\/8\/2021\/08\/bozita-balanstraning-med-astrid-1.jpg 500w\" sizes=\"(max-width: 300px) 100vw, 300px\" \/><\/p>\n<p>Das Rehabilitationstraining diente dazu, das Knie zu mobilisieren und die schwachen Muskeln rund um das Knie zu st\u00e4rken. Dies erfolgte in Form von Balance- und Koordinationstrainings, um Astrid dazu zu motivieren, beide Beine gleich zu belasten, da sie zu diesem Zeitpunkt das eine Bein etwas mehr belastete als das andere. Um dies zu erreichen, musste Astrid laufen und in Bewegung bleiben. Damit sie ihre Beine richtig anheben und nutzen konnte, war die Bewegung im Wasser sehr wichtig, sowohl im Becken beim Tierarzt als auch drau\u00dfen im See.<\/p>\n<p>Heute kann Astrid ohne Probleme laufen, sogar auf einer Balance Platte. Zu Beginn war es jedoch eine Herausforderung, dass sie die Platte akzeptierte. Sie ist ein sehr zur\u00fcckhaltender Hund und sie war sehr vorsichtig, wo sie ihre Pfoten auf der Platte platzierte. Die L\u00f6sung des Problems war die Pr\u00e4gung. Wenn sie kleine Schritte von sich aus machte, wurde sie sofort belohnt, sodass sie am Ende die Platte vollst\u00e4ndig akzeptierte. Es sorgte daf\u00fcr, dass Astrid mehr an sich selbst glaubte, selbstbewusster wurde und von Mal zu Mal weniger Angst hatte. Pl\u00f6tzlich stand sie mit all ihren vier Pfoten auf der Platte und bewegte sich sogar darauf, ohne Probleme.<\/p>\n<p>Heute ist Astrid sechs Jahre alt und hat keine Probleme mehr mit ihren Knien. Nichtsdestotrotz muss ihr Besitzer weiterhin vorsichtig sein, bez\u00fcglich Bewegungsschwierigkeiten. Er muss so pr\u00e4ventiv wie m\u00f6glich bei den t\u00e4glich Aktivit\u00e4ten agieren, sodass keine weiteren Probleme auftreten.<\/p>\n\t\t\t<\/div>\n\t\t<\/div>\n\t<\/div>\n\n\n\n\t<section class=\"block related-articles\">\n\t\t<div class=\"container\">\n\t\t\t<h2>Entdecke weitere Artikel<\/h2>\n\t\t\t<div class=\"row justify-content-center\">\n\t\t\t\t\t\t\t\t\t\t<div class=\"col-sm-6 col-md-6 col-lg-3\">\n\t\t\t\t\t\t\t\t\t\t\t\t\t\t<div class=\"card \">\n\t\t\t\t\t\t\t\t\t\t\t\t\t\t\t\t\t<img decoding=\"async\"  src=\"https:\/\/bozita.com\/de\/wp-content\/uploads\/sites\/8\/2021\/06\/bozita-smakgaranti-hundmat-kattmat.jpeg\" alt=\"\">\n\t\t\t\t\t\t\t\t\t\t\t\t\t\t\t\t\t<!-- <img decoding=\"async\" src=\"\n\t\t\t\t\t\t\t\t\t\t\t\t\t\t\t\t\t\t\t\t\" alt=\"\n\t\t\t\t\t\t\t\t\t\t\t\t\t\t\t\t\t\t\t\t\t\t\t\t\t\t\t\"> -->\n\t\t\t\t\t\t\t\t<div class=\"card-body\">\n\t\t\t\t\t\t\t\t\t\t\t\t\t\t\t\t\t\t\t<h6>Verbessere die Interaktion mit Deinem Hund mithilfe von Aktivit\u00e4ten<\/h6>\n\t\t\t\t\t\t\t\t\t\t\t\t\t\t\t\t\t\t\t<a href=\"https:\/\/bozita.com\/de\/leben-mit-hund\/hunde-beschaftigen\/verbessern-sie-die-interaktion-mit-ihrem-hund-mithilfe-von-aktivitaten\/\">Weiterlesen &nbsp; ><\/a>\n\t\t\t\t\t\t\t\t<\/div>\n\t\t\t\t\t\t\t<\/div>\n\t\t\t\t\t\t<\/div>\n\n\t\t\t\t\t\t\t\t\t\t\t<div class=\"col-sm-6 col-md-6 col-lg-3\">\n\t\t\t\t\t\t\t\t\t\t\t\t\t\t<div class=\"card \">\n\t\t\t\t\t\t\t\t\t\t\t\t\t\t\t\t<!-- <img decoding=\"async\" src=\"\n\t\t\t\t\t\t\t\t\t\t\t\t\t\t\t\t\t\t\t\t\" alt=\"\n\t\t\t\t\t\t\t\t\t\t\t\t\t\t\t\t\t\t\t\t\t\t\t\t\t\t\t\"> -->\n\t\t\t\t\t\t\t\t<div class=\"card-body\">\n\t\t\t\t\t\t\t\t\t\t\t\t\t\t\t\t\t\t\t<h6>Wandern mit Deinem Hund<\/h6>\n\t\t\t\t\t\t\t\t\t\t\t\t\t\t\t\t\t\t\t<a href=\"https:\/\/bozita.com\/de\/leben-mit-hund\/hunde-beschaftigen\/wandern-mit-deinem-hund\/\">Weiterlesen &nbsp; ><\/a>\n\t\t\t\t\t\t\t\t<\/div>\n\t\t\t\t\t\t\t<\/div>\n\t\t\t\t\t\t<\/div>\n\n\t\t\t\t\t\t\t\t\t\t\t<div class=\"col-sm-6 col-md-6 col-lg-3\">\n\t\t\t\t\t\t\t\t\t\t\t\t\t\t<div class=\"card \">\n\t\t\t\t\t\t\t\t\t\t\t\t\t\t\t\t<!-- <img decoding=\"async\" src=\"\n\t\t\t\t\t\t\t\t\t\t\t\t\t\t\t\t\t\t\t\t\" alt=\"\n\t\t\t\t\t\t\t\t\t\t\t\t\t\t\t\t\t\t\t\t\t\t\t\t\t\t\t\"> -->\n\t\t\t\t\t\t\t\t<div class=\"card-body\">\n\t\t\t\t\t\t\t\t\t\t\t\t\t\t\t\t\t\t\t<h6>Das Interesse f\u00fcr Lauftraining mit Hund im Canicross-Geschirr w\u00e4chst<\/h6>\n\t\t\t\t\t\t\t\t\t\t\t\t\t\t\t\t\t\t\t<a href=\"https:\/\/bozita.com\/de\/das-interesse-fur-lauftraining-mit-hund-im-canicross-geschirr-wachst\/\">Weiterlesen &nbsp; ><\/a>\n\t\t\t\t\t\t\t\t<\/div>\n\t\t\t\t\t\t\t<\/div>\n\t\t\t\t\t\t<\/div>\n\n\t\t\t\t\t\t\t\t\t\t\t\t<\/div>\n\t\t<\/div>\n\t<\/section>\n","protected":false},"excerpt":{"rendered":"","protected":false},"author":1,"featured_media":6964,"parent":7134,"menu_order":0,"comment_status":"closed","ping_status":"closed","template":"guternberg.php","meta":{"footnotes":""},"acf":[],"yoast_head":"<!-- This site is optimized with the Yoast SEO plugin v21.3 - https:\/\/yoast.com\/wordpress\/plugins\/seo\/ -->\n<title>Balance Training mit Astrid | Bozita DE<\/title>\n<meta name=\"description\" content=\"Astrid ist ein Pudel und lebt bei unserem Bozita Produktentwickler. Bereits im ersten Jahr entdeckten sie, dass etwas mit ihrem Hinterbein nicht stimmte.\" \/>\n<meta name=\"robots\" content=\"index, follow, max-snippet:-1, max-image-preview:large, max-video-preview:-1\" \/>\n<link rel=\"canonical\" href=\"https:\/\/bozita.com\/de\/leben-mit-hund\/hunde-beschaftigen\/balance-training-mit-astrid\/\" \/>\n<meta property=\"og:locale\" content=\"de_DE\" \/>\n<meta property=\"og:type\" content=\"article\" \/>\n<meta property=\"og:title\" content=\"Balance Training mit Astrid | Bozita DE\" \/>\n<meta property=\"og:description\" content=\"Astrid ist ein Pudel und lebt bei unserem Bozita Produktentwickler. Bereits im ersten Jahr entdeckten sie, dass etwas mit ihrem Hinterbein nicht stimmte.\" \/>\n<meta property=\"og:url\" content=\"https:\/\/bozita.com\/de\/leben-mit-hund\/hunde-beschaftigen\/balance-training-mit-astrid\/\" \/>\n<meta property=\"og:site_name\" content=\"Bozita DE\" \/>\n<meta property=\"article:modified_time\" content=\"2022-07-18T12:05:25+00:00\" \/>\n<meta property=\"og:image\" content=\"https:\/\/bozita.com\/de\/wp-content\/uploads\/sites\/8\/2021\/08\/bozita_swedish-natural-quality.jpg\" \/>\n\t<meta property=\"og:image:width\" content=\"800\" \/>\n\t<meta property=\"og:image:height\" content=\"533\" \/>\n\t<meta property=\"og:image:type\" content=\"image\/jpeg\" \/>\n<meta name=\"twitter:card\" content=\"summary_large_image\" \/>\n<!-- \/ Yoast SEO plugin. -->","yoast_head_json":{"title":"Balance Training mit Astrid | Bozita DE","description":"Astrid ist ein Pudel und lebt bei unserem Bozita Produktentwickler. Bereits im ersten Jahr entdeckten sie, dass etwas mit ihrem Hinterbein nicht stimmte.","robots":{"index":"index","follow":"follow","max-snippet":"max-snippet:-1","max-image-preview":"max-image-preview:large","max-video-preview":"max-video-preview:-1"},"canonical":"https:\/\/bozita.com\/de\/leben-mit-hund\/hunde-beschaftigen\/balance-training-mit-astrid\/","og_locale":"de_DE","og_type":"article","og_title":"Balance Training mit Astrid | Bozita DE","og_description":"Astrid ist ein Pudel und lebt bei unserem Bozita Produktentwickler. Bereits im ersten Jahr entdeckten sie, dass etwas mit ihrem Hinterbein nicht stimmte.","og_url":"https:\/\/bozita.com\/de\/leben-mit-hund\/hunde-beschaftigen\/balance-training-mit-astrid\/","og_site_name":"Bozita DE","article_modified_time":"2022-07-18T12:05:25+00:00","og_image":[{"width":800,"height":533,"url":"https:\/\/bozita.com\/de\/wp-content\/uploads\/sites\/8\/2021\/08\/bozita_swedish-natural-quality.jpg","type":"image\/jpeg"}],"twitter_card":"summary_large_image","schema":{"@context":"https:\/\/schema.org","@graph":[{"@type":"WebPage","@id":"https:\/\/bozita.com\/de\/leben-mit-hund\/hunde-beschaftigen\/balance-training-mit-astrid\/","url":"https:\/\/bozita.com\/de\/leben-mit-hund\/hunde-beschaftigen\/balance-training-mit-astrid\/","name":"Balance Training mit Astrid | Bozita DE","isPartOf":{"@id":"https:\/\/bozita.com\/de\/#website"},"datePublished":"2021-08-06T13:58:37+00:00","dateModified":"2022-07-18T12:05:25+00:00","description":"Astrid ist ein Pudel und lebt bei unserem Bozita Produktentwickler. Bereits im ersten Jahr entdeckten sie, dass etwas mit ihrem Hinterbein nicht stimmte.","breadcrumb":{"@id":"https:\/\/bozita.com\/de\/leben-mit-hund\/hunde-beschaftigen\/balance-training-mit-astrid\/#breadcrumb"},"inLanguage":"de","potentialAction":[{"@type":"ReadAction","target":["https:\/\/bozita.com\/de\/leben-mit-hund\/hunde-beschaftigen\/balance-training-mit-astrid\/"]}]},{"@type":"BreadcrumbList","@id":"https:\/\/bozita.com\/de\/leben-mit-hund\/hunde-beschaftigen\/balance-training-mit-astrid\/#breadcrumb","itemListElement":[{"@type":"ListItem","position":1,"name":"Startseite","item":"https:\/\/bozita.com\/de\/"},{"@type":"ListItem","position":2,"name":"Leben mit Hund","item":"https:\/\/bozita.com\/de\/leben-mit-hund\/"},{"@type":"ListItem","position":3,"name":"Besch\u00e4ftige Deinen Hund","item":"https:\/\/bozita.com\/de\/leben-mit-hund\/hunde-beschaftigen\/"},{"@type":"ListItem","position":4,"name":"Balance Training mit Astrid"}]},{"@type":"WebSite","@id":"https:\/\/bozita.com\/de\/#website","url":"https:\/\/bozita.com\/de\/","name":"Bozita DE","description":"","potentialAction":[{"@type":"SearchAction","target":{"@type":"EntryPoint","urlTemplate":"https:\/\/bozita.com\/de\/?s={search_term_string}"},"query-input":"required name=search_term_string"}],"inLanguage":"de"}]}},"_links":{"self":[{"href":"https:\/\/bozita.com\/de\/wp-json\/wp\/v2\/pages\/7119"}],"collection":[{"href":"https:\/\/bozita.com\/de\/wp-json\/wp\/v2\/pages"}],"about":[{"href":"https:\/\/bozita.com\/de\/wp-json\/wp\/v2\/types\/page"}],"author":[{"embeddable":true,"href":"https:\/\/bozita.com\/de\/wp-json\/wp\/v2\/users\/1"}],"replies":[{"embeddable":true,"href":"https:\/\/bozita.com\/de\/wp-json\/wp\/v2\/comments?post=7119"}],"version-history":[{"count":6,"href":"https:\/\/bozita.com\/de\/wp-json\/wp\/v2\/pages\/7119\/revisions"}],"predecessor-version":[{"id":12112,"href":"https:\/\/bozita.com\/de\/wp-json\/wp\/v2\/pages\/7119\/revisions\/12112"}],"up":[{"embeddable":true,"href":"https:\/\/bozita.com\/de\/wp-json\/wp\/v2\/pages\/7134"}],"wp:featuredmedia":[{"embeddable":true,"href":"https:\/\/bozita.com\/de\/wp-json\/wp\/v2\/media\/6964"}],"wp:attachment":[{"href":"https:\/\/bozita.com\/de\/wp-json\/wp\/v2\/media?parent=7119"}],"curies":[{"name":"wp","href":"https:\/\/api.w.org\/{rel}","templated":true}]}}