{"id":7121,"date":"2021-08-06T13:58:36","date_gmt":"2021-08-06T13:58:36","guid":{"rendered":"https:\/\/bozita.com\/de\/leben-mit-katze\/katzengesundheit\/wurmkur-katze-und-katzenbaby\/"},"modified":"2022-07-19T05:51:24","modified_gmt":"2022-07-19T05:51:24","slug":"wurmkur-katze-und-katzenbaby","status":"publish","type":"page","link":"https:\/\/bozita.com\/de\/leben-mit-katze\/katzengesundheit\/wurmkur-katze-und-katzenbaby\/","title":{"rendered":"Wurmkur bei Katze und Katzenbabys"},"content":{"rendered":"\t\t<section class=\"small-hero\">\n\t\t\t<div class=\"container\">\n\t\t\t\t<h1 class=\"small-hero-title\">Wurmkur bei Katzen und Katzenbabys<\/h1>\t\t\t<\/div>\n\t\t\t<\/div>\n\t\t<\/section>\n\t\n\n\t<div class=\"text-box-warp\">\n\t\t<div class=\"container\">\n\t\t\t<div class=\"text-content\">\n\t\t\t\t<p>Wie oft Deine Katze eine Wurmkur erhalten sollte, h\u00e4ngt vor allem davon ab, ob sie ein ausgewachsenes Tier oder ein Katzenbaby ist und ob sie sich drinnen oder drau\u00dfen aufh\u00e4lt. Empfohlen wird die Entwurmung bei Katzen in vielen F\u00e4llen nur, sofern das Tier Symptome zeigt, bei denen man von einem Wurmbefall ausgehen kann. Die h\u00e4ufigsten Wurmarten bei Katzen sind Spulwurm und Bandwurm.<\/p>\n<h2>ENTWURMUNG BEI KATZEN \u2013 WIE OFT SOLLTE MAN EINE KATZE ENTWURMEN?<\/h2>\n<p>Ausgewachsene Freig\u00e4ngerkatzen m\u00fcssen f\u00fcr gew\u00f6hnlich \u00f6fter entwurmt werden als reine Wohnungskatzen, da sie oft M\u00e4use und andere Arten von Kleintieren jagen, die von Parasiten befallen sein k\u00f6nnen. Wohnungskatzen sind in den seltensten F\u00e4llen von W\u00fcrmern betroffen, da sie keine Kleintiere jagen und fressen, allerdings besteht das Risiko, dass sie sich bei anderen Katzen \u00fcber die Katzentoilette anstecken.<\/p>\n<p>In Deutschland wird die regelm\u00e4\u00dfige Entwurmung bzw. die Untersuchung von Katzenkot prinzipiell empfohlen, doch es gibt auch Stimmen, die eine Wurmkur lediglich bei einem m\u00f6glichen Wurmbefall empfehlen, jedoch nicht als prophylaktische Gabe. Werden die Tiere allzu oft entwurmt, besteht das Risiko, dass sie eine Resistenz gegen\u00fcber dem Entwurmungsmittel entwickeln, sodass es bei erneutem Auftreten von W\u00fcrmern schwer sein kann, die Katze entwurmen zu lassen. Solltest Du Dir unsicher sein, wende Dich an Deinen Tierarzt, damit dieser eine Untersuchung oder Kotprobe durchf\u00fchren kann.<\/p>\n<p><strong>Mehr lesen<\/strong><\/p>\n<ul>\n<li><a href=\"https:\/\/www.esccap.de\/parasiten\/wuermer\/wurminfektionen-bei-katzen-das-sollten-katzenbesitzer-beachten\/\" target=\"_blank\" rel=\"noopener\">Weiterf\u00fchrende Informationen zur Behandlung von W\u00fcrmern bei Katzen<\/a><\/li>\n<\/ul>\n<h2>ENTWURMUNG BEI KATZENBABYS \u2013 WANN SOLLTE MAN DAMIT BEGINNEN?<\/h2>\n<p>Katzenbabys stecken sich oft \u00fcber die Muttermilch mit Spulw\u00fcrmern an, weshalb Du ein Kitten \u00f6fter entwurmen solltest als eine ausgewachsene Katze.<\/p>\n<p>Ein Katzenbaby sollte das erste Mal entwurmt werden, bevor es drei Wochen alt ist. Wenn Du das Tier in einem Alter von fr\u00fchestens 12 Wochen von einem Z\u00fcchter kaufst, ist das Kitten mit hoher Wahrscheinlichkeit bereits entwurmt. Hat es jedoch noch keine Wurmkur erhalten, solltest Du das Katzenbaby entwurmen \u2013 bis zu einem Alter von drei Monaten m\u00f6glichst mehrmals, wobei dies vom jeweiligen Pr\u00e4parat abh\u00e4ngt. Kontaktiere Deinen Tierarzt, wenn Du Dir unsicher bist.<\/p>\n<h2>TYPISCHE SYMPTOME BEI WURMBEFALL<\/h2>\n<p>Katzen k\u00f6nnen durchaus ohne deutlich erkennbare Symptome von W\u00fcrmern befallen sein, doch in den allermeisten F\u00e4llen zeigen sich die Parasiten im Kot oder Erbrochenen. Gleichzeitig kann das Tier abgemagert wirken, ein stumpfes Fell bekommen oder unter Erbrechen und\/oder Durchfall leiden.<\/p>\n<h2>SO REDUZIERST DU DAS RISIKO VON WURMBEFALL UND EINER WEITEREN ANSTECKUNG<\/h2>\n<p>Katzen k\u00f6nnen auf verschiedene Art und Weise von W\u00fcrmern befallen werden.<\/p>\n<p>Sowohl Spul- als auch Bandw\u00fcrmer k\u00f6nnen \u00fcber Kleintiere wie M\u00e4use, Ratten oder V\u00f6gel, die von Katzen gefressen werden, auf die Tiere \u00fcbergehen. H\u00e4ltst Du mehrere Katzen in Deinem Haushalt, besteht zudem das Risiko, dass die unsichtbaren Eier des Spulwurms beispielsweise \u00fcber die Katzentoilette oder gemeinsam genutzte Decken verbreitet werden. Auch Hunde und Katzen k\u00f6nnen sich untereinander anstecken.<\/p>\n<p>Daher ist es besonders wichtig, die Katzentoilette bei einem m\u00f6glichen Wurmbefall regelm\u00e4\u00dfig und gr\u00fcndlich zu reinigen. Wasche auch Spielsachen, Decken und andere Dinge, die die Katze h\u00e4ufig nutzt.<\/p>\n<h2>SO SEHEN SPULW\u00dcRMER UND BANDW\u00dcRMER BEI KATZEN AUS<\/h2>\n<p>Der Spulwurm ist die h\u00e4ufigste Art von Parasit bei Katzen und man geht davon aus, dass etwa 5\u201315 Prozent aller Freig\u00e4ngerkatzen von Spulw\u00fcrmern betroffen sind. Die Farbe des Spulwurms kann variieren, doch in den meisten F\u00e4llen ist er gelblich-wei\u00df und wenige Zentimeter lang.<\/p>\n<p>Bandw\u00fcrmer, die auch als Zestoden bezeichnet werden, sind einige Zentimeter lang, flach und von wei\u00dfer F\u00e4rbung und lassen sich in ihrem Aussehen oftmals mit Reisk\u00f6rnern vergleichen. Da der Bandwurm nicht \u00fcber die Ausscheidungen der Katze, sondern nur \u00fcber Beutetiere in der freien Natur \u00fcbertragen wird, treten Zestoden am h\u00e4ufigsten bei ausgewachsenen Freig\u00e4ngerkatzen auf.<\/p>\n\t\t\t<\/div>\n\t\t<\/div>\n\t<\/div>\n\n\n\n\t<section class=\"block related-articles\">\n\t\t<div class=\"container\">\n\t\t\t<h2>Entdecke weitere Artikel<\/h2>\n\t\t\t<div class=\"row justify-content-center\">\n\t\t\t\t\t\t\t\t\t\t<div class=\"col-sm-6 col-md-6 col-lg-3\">\n\t\t\t\t\t\t\t\t\t\t\t\t\t\t<div class=\"card \">\n\t\t\t\t\t\t\t\t\t\t\t\t\t\t\t\t\t<img decoding=\"async\"  src=\"https:\/\/bozita.com\/de\/wp-content\/uploads\/sites\/8\/2021\/09\/bozita_swedish-natural-quality.jpg\" alt=\"\">\n\t\t\t\t\t\t\t\t\t\t\t\t\t\t\t\t\t<!-- <img decoding=\"async\" src=\"\n\t\t\t\t\t\t\t\t\t\t\t\t\t\t\t\t\t\t\t\t\" alt=\"\n\t\t\t\t\t\t\t\t\t\t\t\t\t\t\t\t\t\t\t\t\t\t\t\t\t\t\t\"> -->\n\t\t\t\t\t\t\t\t<div class=\"card-body\">\n\t\t\t\t\t\t\t\t\t\t\t\t\t\t\t\t\t\t\t<h6>So werden Katzenbaby und Katze Freig\u00e4nger<\/h6>\n\t\t\t\t\t\t\t\t\t\t\t\t\t\t\t\t\t\t\t<a href=\"https:\/\/bozita.com\/de\/leben-mit-katze\/katze-kaufen\/wie-werden-katzenbaby-und-katze-freiganger\/\">Weiterlesen &nbsp; ><\/a>\n\t\t\t\t\t\t\t\t<\/div>\n\t\t\t\t\t\t\t<\/div>\n\t\t\t\t\t\t<\/div>\n\n\t\t\t\t\t\t\t\t\t\t\t<div class=\"col-sm-6 col-md-6 col-lg-3\">\n\t\t\t\t\t\t\t\t\t\t\t\t\t\t<div class=\"card \">\n\t\t\t\t\t\t\t\t\t\t\t\t\t\t\t\t\t<img decoding=\"async\"  src=\"https:\/\/bozita.com\/de\/wp-content\/uploads\/sites\/8\/2021\/09\/bozita-vaccinera-katt.jpg\" alt=\"\">\n\t\t\t\t\t\t\t\t\t\t\t\t\t\t\t\t\t<!-- <img decoding=\"async\" src=\"\n\t\t\t\t\t\t\t\t\t\t\t\t\t\t\t\t\t\t\t\t\" alt=\"\n\t\t\t\t\t\t\t\t\t\t\t\t\t\t\t\t\t\t\t\t\t\t\t\t\t\t\t\"> -->\n\t\t\t\t\t\t\t\t<div class=\"card-body\">\n\t\t\t\t\t\t\t\t\t\t\t\t\t\t\t\t\t\t\t<h6>Katzen impfen lassen &#8211; wann und wie oft?<\/h6>\n\t\t\t\t\t\t\t\t\t\t\t\t\t\t\t\t\t\t\t<a href=\"https:\/\/bozita.com\/de\/leben-mit-katze\/katzengesundheit\/katzen-impfen-lassen\/\">Weiterlesen &nbsp; ><\/a>\n\t\t\t\t\t\t\t\t<\/div>\n\t\t\t\t\t\t\t<\/div>\n\t\t\t\t\t\t<\/div>\n\n\t\t\t\t\t\t\t\t\t\t\t<div class=\"col-sm-6 col-md-6 col-lg-3\">\n\t\t\t\t\t\t\t\t\t\t\t\t\t\t<div class=\"card \">\n\t\t\t\t\t\t\t\t\t\t\t\t\t\t\t\t\t<img decoding=\"async\"  src=\"https:\/\/bozita.com\/de\/wp-content\/uploads\/sites\/8\/2021\/09\/bozita_swedish-natural-quality.jpg\" alt=\"\">\n\t\t\t\t\t\t\t\t\t\t\t\t\t\t\t\t\t<!-- <img decoding=\"async\" src=\"\n\t\t\t\t\t\t\t\t\t\t\t\t\t\t\t\t\t\t\t\t\" alt=\"\n\t\t\t\t\t\t\t\t\t\t\t\t\t\t\t\t\t\t\t\t\t\t\t\t\t\t\t\"> -->\n\t\t\t\t\t\t\t\t<div class=\"card-body\">\n\t\t\t\t\t\t\t\t\t\t\t\t\t\t\t\t\t\t\t<h6>Katze chippen, t\u00e4towieren und registrieren lassen<\/h6>\n\t\t\t\t\t\t\t\t\t\t\t\t\t\t\t\t\t\t\t<a href=\"https:\/\/bozita.com\/de\/leben-mit-katze\/katze-kaufen\/katze-chippen-und-registrieren-lassen-deshalb-ist-es-so-wichtig\/\">Weiterlesen &nbsp; ><\/a>\n\t\t\t\t\t\t\t\t<\/div>\n\t\t\t\t\t\t\t<\/div>\n\t\t\t\t\t\t<\/div>\n\n\t\t\t\t\t\t\t\t\t\t\t\t<\/div>\n\t\t<\/div>\n\t<\/section>\n","protected":false},"excerpt":{"rendered":"","protected":false},"author":1,"featured_media":6964,"parent":7079,"menu_order":0,"comment_status":"closed","ping_status":"closed","template":"guternberg.php","meta":{"footnotes":""},"acf":[],"yoast_head":"<!-- This site is optimized with the Yoast SEO plugin v21.3 - https:\/\/yoast.com\/wordpress\/plugins\/seo\/ -->\n<title>Wurmkur bei Katze und Katzenbabys | Bozita DE<\/title>\n<meta name=\"description\" content=\"Wie oft sollte man Katze &amp; Katzenbaby entwurmen? Wurmkur bei Freig\u00e4ngern und Wohnungskatzen, Symptome, Ausbreitung, Aussehen von Spul- und Bandw\u00fcrmern.\" \/>\n<meta name=\"robots\" content=\"index, follow, max-snippet:-1, max-image-preview:large, max-video-preview:-1\" \/>\n<link rel=\"canonical\" href=\"https:\/\/bozita.com\/de\/leben-mit-katze\/katzengesundheit\/wurmkur-katze-und-katzenbaby\/\" \/>\n<meta property=\"og:locale\" content=\"de_DE\" \/>\n<meta property=\"og:type\" content=\"article\" \/>\n<meta property=\"og:title\" content=\"Wurmkur bei Katze und Katzenbabys | Bozita DE\" \/>\n<meta property=\"og:description\" content=\"Wie oft sollte man Katze &amp; Katzenbaby entwurmen? Wurmkur bei Freig\u00e4ngern und Wohnungskatzen, Symptome, Ausbreitung, Aussehen von Spul- und Bandw\u00fcrmern.\" \/>\n<meta property=\"og:url\" content=\"https:\/\/bozita.com\/de\/leben-mit-katze\/katzengesundheit\/wurmkur-katze-und-katzenbaby\/\" \/>\n<meta property=\"og:site_name\" content=\"Bozita DE\" \/>\n<meta property=\"article:modified_time\" content=\"2022-07-19T05:51:24+00:00\" \/>\n<meta property=\"og:image\" content=\"https:\/\/bozita.com\/de\/wp-content\/uploads\/sites\/8\/2021\/08\/bozita_swedish-natural-quality.jpg\" \/>\n\t<meta property=\"og:image:width\" content=\"800\" \/>\n\t<meta property=\"og:image:height\" content=\"533\" \/>\n\t<meta property=\"og:image:type\" content=\"image\/jpeg\" \/>\n<meta name=\"twitter:card\" content=\"summary_large_image\" \/>\n<!-- \/ Yoast SEO plugin. -->","yoast_head_json":{"title":"Wurmkur bei Katze und Katzenbabys | Bozita DE","description":"Wie oft sollte man Katze & Katzenbaby entwurmen? Wurmkur bei Freig\u00e4ngern und Wohnungskatzen, Symptome, Ausbreitung, Aussehen von Spul- und Bandw\u00fcrmern.","robots":{"index":"index","follow":"follow","max-snippet":"max-snippet:-1","max-image-preview":"max-image-preview:large","max-video-preview":"max-video-preview:-1"},"canonical":"https:\/\/bozita.com\/de\/leben-mit-katze\/katzengesundheit\/wurmkur-katze-und-katzenbaby\/","og_locale":"de_DE","og_type":"article","og_title":"Wurmkur bei Katze und Katzenbabys | Bozita DE","og_description":"Wie oft sollte man Katze & Katzenbaby entwurmen? Wurmkur bei Freig\u00e4ngern und Wohnungskatzen, Symptome, Ausbreitung, Aussehen von Spul- und Bandw\u00fcrmern.","og_url":"https:\/\/bozita.com\/de\/leben-mit-katze\/katzengesundheit\/wurmkur-katze-und-katzenbaby\/","og_site_name":"Bozita DE","article_modified_time":"2022-07-19T05:51:24+00:00","og_image":[{"width":800,"height":533,"url":"https:\/\/bozita.com\/de\/wp-content\/uploads\/sites\/8\/2021\/08\/bozita_swedish-natural-quality.jpg","type":"image\/jpeg"}],"twitter_card":"summary_large_image","schema":{"@context":"https:\/\/schema.org","@graph":[{"@type":"WebPage","@id":"https:\/\/bozita.com\/de\/leben-mit-katze\/katzengesundheit\/wurmkur-katze-und-katzenbaby\/","url":"https:\/\/bozita.com\/de\/leben-mit-katze\/katzengesundheit\/wurmkur-katze-und-katzenbaby\/","name":"Wurmkur bei Katze und Katzenbabys | Bozita DE","isPartOf":{"@id":"https:\/\/bozita.com\/de\/#website"},"datePublished":"2021-08-06T13:58:36+00:00","dateModified":"2022-07-19T05:51:24+00:00","description":"Wie oft sollte man Katze & Katzenbaby entwurmen? Wurmkur bei Freig\u00e4ngern und Wohnungskatzen, Symptome, Ausbreitung, Aussehen von Spul- und Bandw\u00fcrmern.","breadcrumb":{"@id":"https:\/\/bozita.com\/de\/leben-mit-katze\/katzengesundheit\/wurmkur-katze-und-katzenbaby\/#breadcrumb"},"inLanguage":"de","potentialAction":[{"@type":"ReadAction","target":["https:\/\/bozita.com\/de\/leben-mit-katze\/katzengesundheit\/wurmkur-katze-und-katzenbaby\/"]}]},{"@type":"BreadcrumbList","@id":"https:\/\/bozita.com\/de\/leben-mit-katze\/katzengesundheit\/wurmkur-katze-und-katzenbaby\/#breadcrumb","itemListElement":[{"@type":"ListItem","position":1,"name":"Startseite","item":"https:\/\/bozita.com\/de\/"},{"@type":"ListItem","position":2,"name":"Leben mit Katze","item":"https:\/\/bozita.com\/de\/leben-mit-katze\/"},{"@type":"ListItem","position":3,"name":"K\u00fcmmern Sie sich um Ihre Katze \u2013 Katzengesundheit","item":"https:\/\/bozita.com\/de\/leben-mit-katze\/katzengesundheit\/"},{"@type":"ListItem","position":4,"name":"Wurmkur bei Katze und Katzenbabys"}]},{"@type":"WebSite","@id":"https:\/\/bozita.com\/de\/#website","url":"https:\/\/bozita.com\/de\/","name":"Bozita DE","description":"","potentialAction":[{"@type":"SearchAction","target":{"@type":"EntryPoint","urlTemplate":"https:\/\/bozita.com\/de\/?s={search_term_string}"},"query-input":"required name=search_term_string"}],"inLanguage":"de"}]}},"_links":{"self":[{"href":"https:\/\/bozita.com\/de\/wp-json\/wp\/v2\/pages\/7121"}],"collection":[{"href":"https:\/\/bozita.com\/de\/wp-json\/wp\/v2\/pages"}],"about":[{"href":"https:\/\/bozita.com\/de\/wp-json\/wp\/v2\/types\/page"}],"author":[{"embeddable":true,"href":"https:\/\/bozita.com\/de\/wp-json\/wp\/v2\/users\/1"}],"replies":[{"embeddable":true,"href":"https:\/\/bozita.com\/de\/wp-json\/wp\/v2\/comments?post=7121"}],"version-history":[{"count":11,"href":"https:\/\/bozita.com\/de\/wp-json\/wp\/v2\/pages\/7121\/revisions"}],"predecessor-version":[{"id":11929,"href":"https:\/\/bozita.com\/de\/wp-json\/wp\/v2\/pages\/7121\/revisions\/11929"}],"up":[{"embeddable":true,"href":"https:\/\/bozita.com\/de\/wp-json\/wp\/v2\/pages\/7079"}],"wp:featuredmedia":[{"embeddable":true,"href":"https:\/\/bozita.com\/de\/wp-json\/wp\/v2\/media\/6964"}],"wp:attachment":[{"href":"https:\/\/bozita.com\/de\/wp-json\/wp\/v2\/media?parent=7121"}],"curies":[{"name":"wp","href":"https:\/\/api.w.org\/{rel}","templated":true}]}}