{"id":7127,"date":"2021-08-06T13:58:35","date_gmt":"2021-08-06T13:58:35","guid":{"rendered":"https:\/\/bozita.com\/de\/der-naturliche-weg-zum-wohlbefinden\/ambassadors\/"},"modified":"2024-01-05T06:13:57","modified_gmt":"2024-01-05T06:13:57","slug":"markenbotschafter","status":"publish","type":"page","link":"https:\/\/bozita.com\/de\/der-naturliche-weg-zum-wohlbefinden\/markenbotschafter\/","title":{"rendered":"Markenbotschafter"},"content":{"rendered":"\t\t<section class=\"small-hero\">\n\t\t\t<div class=\"container\">\n\t\t\t\t<h1 class=\"small-hero-title\">Entwicklung zusammen mit unseren Experten<\/h1><p><p>Wir arbeiten eng mit unseren Markenbotschaftern zusammen, um kontinuierlich unsere Produkte weiterzuentwickeln. Alle Bozita-Markenbotschafter sind engagierte und ambitionierte Profis und Experten mit viel Know-How und gro\u00dfen Erfolgsgeschichten. Auch unsere eigenen Hunde und Katzen sind eifrige und hingebungsvolle Entwickler und Tester. Wir wissen: Erfolg entsteht nicht durch Zufall.<\/p>\n<\/p>\t\t\t<\/div>\n\t\t\t<\/div>\n\t\t<\/section>\n\t\n\n<section class=\"block ambassadeur-wrap\">\n\t<div class=\"container\">\n\t\t<div class=\"row\">\n\t\t\t\t\t\t\t\t<div class=\"col-md-6\">\n\t\t\t\t\t\t<div class=\"card\">\n\t\t\t\t\t\t\t\t\t\t\t\t\t\t<img decoding=\"async\" class=\"card-img-top\" src=\"https:\/\/bozita.com\/de\/wp-content\/uploads\/sites\/8\/2021\/09\/Andrea-2.jpg\" alt=\"\">\n\t\t\t\t\t\t\t\t\t\t\t\t\t\t<div class=\"card-body\">\n\t\t\t\t\t\t\t\t<h5 class=\"card-title\">ANDREA &#8211; HUNDETRAINERIN UND Z\u00dcCHTERIN VON RHODESIAN RIDGEBACKS<\/h5>\n\t\t\t\t\t\t\t\t<p class=\"more\">Andrea ist in Hamburg, im Norden von Deutschland, gro\u00df geworden. Seit ihrer Kindheit interessiert Andrea sich sehr f\u00fcr Hunde. Durch ihren ersten Hund Shyva kam Andrea dazu, sich mit verschiedenen Erziehungskonzepten auseinanderzusetzen. Zus\u00e4tzlich absolvierte sie eine Ausbildung als Hunde Verhaltenstherapeutin. Ihr gesammeltes Wissen gibt Andrea heute als Hundetrainerin an Hundebesitzer weiter und entwickelt gemeinsam mit ihnen ein passendes Konzept. Die Pers\u00f6nlichkeit, St\u00e4rken und Schw\u00e4chen des Hundes hat sie dabei immer im Auge. Andrea hat neben ihrer Hundeschule, die seit 2008 besteht und den Namen ihres ersten Hundes tr\u00e4gt, ein Hundehotel gegr\u00fcndet und z\u00fcchtet selbst Rhodesien Ridgebacks.<\/p>\n\t\t\t\t\t\t\t\t\t\t\t\t\t\t\t\t\t<h5 class=\"social-icon-headline\">Folge Andrea auf Social Media<\/h5>\n\t\t\t\t\t\t\t\t\t\t\t\t\t\t\t\t\t\t\t\t\t\t\t\t\t\t<ul>\n\t\t\t\t\t\t\t\t\t\t\t\t\t\t\t\t\t\t\t\t\t<li><a href=\"https:\/\/www.facebook.com\/shyva.de\" target=\"_blank\"><i class=\"fab fa-facebook\"><\/i><\/a><\/li>\n\t\t\t\t\t\t\t\t\t\t\t\t\t\t\t\t\t\t\t\t\t\t\t\t\t\t\t\t\t\t\t\t<li><a href=\"https:\/\/www.instagram.com\/hundeschule_shyva\/\" target=\"_blank\"><i class=\"fab fa-instagram\"><\/i><\/a><\/li>\n\t\t\t\t\t\t\t\t\t\t\t\t\t\t\t\t\t\t\t\t\t\t\t\t\t\t\t\t\t\t\t\t\t\t\t\t\t\t\t\t\t\t<li><a href=\"https:\/\/shyva.de\/\" target=\"_blank\"><i class=\"fas fa-globe\"><\/i><\/a><\/li>\n\t\t\t\t\t\t\t\t\t\t\t\t\t\t\t\t\t\t\t\t\t\t\t\t\t\t\t\t\t<\/ul>\n\t\t\t\t\t\t\t\t\t\n\t\t\t\t\t\t\t<\/div>\n\t\t\t\t\t\t<\/div>\n\t\t\t\t\t<\/div>\n\t\t\t\t\t\t\t\t\t\t<div class=\"col-md-6\">\n\t\t\t\t\t\t<div class=\"card\">\n\t\t\t\t\t\t\t\t\t\t\t\t\t\t<img decoding=\"async\" class=\"card-img-top\" src=\"https:\/\/bozita.com\/de\/wp-content\/uploads\/sites\/8\/2021\/08\/bozita-ingrid-tomas-olofsson-ambassadors.jpeg\" alt=\"\">\n\t\t\t\t\t\t\t\t\t\t\t\t\t\t<div class=\"card-body\">\n\t\t\t\t\t\t\t\t<h5 class=\"card-title\">INGRID UND TOMAS OLOFSSON Z\u00dcCHTEN M\u00dcNSTERL\u00c4NDER UND DEUTSCH KURZHAAR VORSTEHHUNDE<\/h5>\n\t\t\t\t\t\t\t\t<p class=\"more\">Ingrid und Tomas&#8216; Hunde fressen Bozita Robur Adult Maintenance, Bozita Robur Active Performance und Bozita Robur Sensitive Grain Free Reindeer. Auf dem Hof Hedinge in der N\u00e4he von Tidaholm in V\u00e4sterg\u00f6tland z\u00fcchten sie unter dem Namen \u201cHed\u00e4ngens Kennel\u201d kleine M\u00fcnsterl\u00e4nder und Deutsch Kurzhaar-Pointer. Die Hunde werden als Allround-Hunde ausgebildet, sind aber auf die Vogeljagd und Gehorsamkeit spezialisiert. Das Ziel von Ingrid und Tomas ist es, gesunde, jagdlich guten Tieren zu z\u00fcchten. Sie erwarben ihre ersten Zuchthunde im Jahr 2000 und haben seitdem mehrere W\u00fcrfe von kleinen M\u00fcnsterl\u00e4ndern und Deutschen Kurzhaar-Pointer gehabt. Sie haben auch Nachkommen behalten, die zur Jagd ausgebildet wurden und sich ausgezahlt haben.<\/p>\n\t\t\t\t\t\t\t\t\t\t\t\t\t\t\t\t\t<h5 class=\"social-icon-headline\">Folge Ingrid und Tomas auf ihrer Webseite <\/h5>\n\t\t\t\t\t\t\t\t\t\t\t\t\t\t\t\t\t\t\t\t\t\t\t\t\t\t<ul>\n\t\t\t\t\t\t\t\t\t\t\t\t\t\t\t\t\t\t\t\t\t\t\t\t\t\t\t\t\t\t\t\t\t\t\t\t\t\t\t\t\t\t\t\t\t\t\t\t\t\t\t<li><a href=\"https:\/\/hedangens.se\/?page_id=170\" target=\"_blank\"><i class=\"fas fa-globe\"><\/i><\/a><\/li>\n\t\t\t\t\t\t\t\t\t\t\t\t\t\t\t\t\t\t\t\t\t\t\t\t\t\t\t\t\t<\/ul>\n\t\t\t\t\t\t\t\t\t\n\t\t\t\t\t\t\t<\/div>\n\t\t\t\t\t\t<\/div>\n\t\t\t\t\t<\/div>\n\t\t\t\t\t\t\t<\/div>\n\t<\/div>\n<\/section>\n","protected":false},"excerpt":{"rendered":"","protected":false},"author":4,"featured_media":0,"parent":7021,"menu_order":0,"comment_status":"closed","ping_status":"closed","template":"guternberg.php","meta":{"footnotes":""},"acf":[],"yoast_head":"<!-- This site is optimized with the Yoast SEO plugin v21.3 - https:\/\/yoast.com\/wordpress\/plugins\/seo\/ -->\n<title>Markenbotschafter | Bozita DE<\/title>\n<meta name=\"description\" content=\"Wir arbeiten eng mit Botschaftlern zusammen, um uns st\u00e4ndig zu verbessern. Dies sind engagierte Spitzensportler, die viele Siege feiern konnten und werden.\" \/>\n<meta name=\"robots\" content=\"index, follow, max-snippet:-1, max-image-preview:large, max-video-preview:-1\" \/>\n<link rel=\"canonical\" href=\"https:\/\/bozita.com\/de\/der-naturliche-weg-zum-wohlbefinden\/markenbotschafter\/\" \/>\n<meta property=\"og:locale\" content=\"de_DE\" \/>\n<meta property=\"og:type\" content=\"article\" \/>\n<meta property=\"og:title\" content=\"Markenbotschafter | Bozita DE\" \/>\n<meta property=\"og:description\" content=\"Wir arbeiten eng mit Botschaftlern zusammen, um uns st\u00e4ndig zu verbessern. Dies sind engagierte Spitzensportler, die viele Siege feiern konnten und werden.\" \/>\n<meta property=\"og:url\" content=\"https:\/\/bozita.com\/de\/der-naturliche-weg-zum-wohlbefinden\/markenbotschafter\/\" \/>\n<meta property=\"og:site_name\" content=\"Bozita DE\" \/>\n<meta property=\"article:modified_time\" content=\"2024-01-05T06:13:57+00:00\" \/>\n<meta property=\"og:image\" content=\"https:\/\/bozita.com\/de\/wp-content\/uploads\/sites\/8\/2021\/08\/bozita-petter-karlsson-vinner-finnmarkslopet-2018.jpeg\" \/>\n\t<meta property=\"og:image:width\" content=\"800\" \/>\n\t<meta property=\"og:image:height\" content=\"533\" \/>\n\t<meta property=\"og:image:type\" content=\"image\/jpeg\" \/>\n<meta name=\"twitter:card\" content=\"summary_large_image\" \/>\n<!-- \/ Yoast SEO plugin. -->","yoast_head_json":{"title":"Markenbotschafter | Bozita DE","description":"Wir arbeiten eng mit Botschaftlern zusammen, um uns st\u00e4ndig zu verbessern. Dies sind engagierte Spitzensportler, die viele Siege feiern konnten und werden.","robots":{"index":"index","follow":"follow","max-snippet":"max-snippet:-1","max-image-preview":"max-image-preview:large","max-video-preview":"max-video-preview:-1"},"canonical":"https:\/\/bozita.com\/de\/der-naturliche-weg-zum-wohlbefinden\/markenbotschafter\/","og_locale":"de_DE","og_type":"article","og_title":"Markenbotschafter | Bozita DE","og_description":"Wir arbeiten eng mit Botschaftlern zusammen, um uns st\u00e4ndig zu verbessern. Dies sind engagierte Spitzensportler, die viele Siege feiern konnten und werden.","og_url":"https:\/\/bozita.com\/de\/der-naturliche-weg-zum-wohlbefinden\/markenbotschafter\/","og_site_name":"Bozita DE","article_modified_time":"2024-01-05T06:13:57+00:00","og_image":[{"width":800,"height":533,"url":"https:\/\/bozita.com\/de\/wp-content\/uploads\/sites\/8\/2021\/08\/bozita-petter-karlsson-vinner-finnmarkslopet-2018.jpeg","type":"image\/jpeg"}],"twitter_card":"summary_large_image","schema":{"@context":"https:\/\/schema.org","@graph":[{"@type":"WebPage","@id":"https:\/\/bozita.com\/de\/der-naturliche-weg-zum-wohlbefinden\/markenbotschafter\/","url":"https:\/\/bozita.com\/de\/der-naturliche-weg-zum-wohlbefinden\/markenbotschafter\/","name":"Markenbotschafter | Bozita DE","isPartOf":{"@id":"https:\/\/bozita.com\/de\/#website"},"datePublished":"2021-08-06T13:58:35+00:00","dateModified":"2024-01-05T06:13:57+00:00","description":"Wir arbeiten eng mit Botschaftlern zusammen, um uns st\u00e4ndig zu verbessern. Dies sind engagierte Spitzensportler, die viele Siege feiern konnten und werden.","breadcrumb":{"@id":"https:\/\/bozita.com\/de\/der-naturliche-weg-zum-wohlbefinden\/markenbotschafter\/#breadcrumb"},"inLanguage":"de","potentialAction":[{"@type":"ReadAction","target":["https:\/\/bozita.com\/de\/der-naturliche-weg-zum-wohlbefinden\/markenbotschafter\/"]}]},{"@type":"BreadcrumbList","@id":"https:\/\/bozita.com\/de\/der-naturliche-weg-zum-wohlbefinden\/markenbotschafter\/#breadcrumb","itemListElement":[{"@type":"ListItem","position":1,"name":"Startseite","item":"https:\/\/bozita.com\/de\/"},{"@type":"ListItem","position":2,"name":"DER NAT\u00dcRLICHE WEG ZUM WOHLBEFINDEN","item":"https:\/\/bozita.com\/de\/der-naturliche-weg-zum-wohlbefinden\/"},{"@type":"ListItem","position":3,"name":"Markenbotschafter"}]},{"@type":"WebSite","@id":"https:\/\/bozita.com\/de\/#website","url":"https:\/\/bozita.com\/de\/","name":"Bozita DE","description":"","potentialAction":[{"@type":"SearchAction","target":{"@type":"EntryPoint","urlTemplate":"https:\/\/bozita.com\/de\/?s={search_term_string}"},"query-input":"required name=search_term_string"}],"inLanguage":"de"}]}},"_links":{"self":[{"href":"https:\/\/bozita.com\/de\/wp-json\/wp\/v2\/pages\/7127"}],"collection":[{"href":"https:\/\/bozita.com\/de\/wp-json\/wp\/v2\/pages"}],"about":[{"href":"https:\/\/bozita.com\/de\/wp-json\/wp\/v2\/types\/page"}],"author":[{"embeddable":true,"href":"https:\/\/bozita.com\/de\/wp-json\/wp\/v2\/users\/4"}],"replies":[{"embeddable":true,"href":"https:\/\/bozita.com\/de\/wp-json\/wp\/v2\/comments?post=7127"}],"version-history":[{"count":32,"href":"https:\/\/bozita.com\/de\/wp-json\/wp\/v2\/pages\/7127\/revisions"}],"predecessor-version":[{"id":26975,"href":"https:\/\/bozita.com\/de\/wp-json\/wp\/v2\/pages\/7127\/revisions\/26975"}],"up":[{"embeddable":true,"href":"https:\/\/bozita.com\/de\/wp-json\/wp\/v2\/pages\/7021"}],"wp:attachment":[{"href":"https:\/\/bozita.com\/de\/wp-json\/wp\/v2\/media?parent=7127"}],"curies":[{"name":"wp","href":"https:\/\/api.w.org\/{rel}","templated":true}]}}