{"id":7130,"date":"2021-08-06T13:58:35","date_gmt":"2021-08-06T13:58:35","guid":{"rendered":"https:\/\/bozita.com\/de\/leben-mit-katze\/katzengesundheit\/das-kastrieren-einer-katze-hat-viele-vorteile\/"},"modified":"2022-07-19T08:42:02","modified_gmt":"2022-07-19T08:42:02","slug":"das-kastrieren-einer-katze-hat-viele-vorteile","status":"publish","type":"page","link":"https:\/\/bozita.com\/de\/leben-mit-katze\/katzengesundheit\/das-kastrieren-einer-katze-hat-viele-vorteile\/","title":{"rendered":"Lassen Sie Ihre Katze kastrieren oder sterilisieren"},"content":{"rendered":"\t\t<section class=\"small-hero\">\n\t\t\t<div class=\"container\">\n\t\t\t\t<h1 class=\"small-hero-title\">Das Kastrieren einer Katze hat viele Vorteile<\/h1>\t\t\t<\/div>\n\t\t\t<\/div>\n\t\t<\/section>\n\t\n\n\t<div class=\"text-box-warp\">\n\t\t<div class=\"container\">\n\t\t\t<div class=\"text-content\">\n\t\t\t\t<p>Laut Deutschem Tierschutzbund e.V. und anderen Organisationen, die sich dem Wohl von Tieren verschrieben haben, sollten Tierhalter verhindern, dass sich freilaufende Katzen unkontrolliert, unerw\u00fcnscht oder \u00fcbertrieben stark vermehren. Dies l\u00e4sst sich durch Kastration, Sterilisation oder auf anderen Wegen erreichen. M\u00f6chtest Du Deine Katze nicht in der Zucht einsetzen, bringt das Kastrieren Deiner Katze viele Vorteile \u2013 sowohl bei einem weiblichen als auch bei einem m\u00e4nnlichen Tier.<\/p>\n<p>Dieser Artikel basiert auf Gespr\u00e4chen mit Bozita\u00b4s Katzenexpertin Elin Hirsch, die einen Doktortitel in Verhaltensforschung mit Schwerpunkt Katzenverhalten innehat.<\/p>\n<h2>WANN KANN EINE KATZE KASTRIERT ODER STERILISIERT WERDEN?<\/h2>\n<p><a title=\"Tieraerzteverband\" href=\"https:\/\/www.tieraerzteverband.de\/smile\/smile-tiergesundheit\/katze\/kastration.php\" target=\"_blank\" rel=\"noopener\">\u00dcblicherweise werden Katzen sp\u00e4testens zu Beginn der Geschlechtsreife<\/a>\u00a0kastriert. Die Tiere sind in einem Alter von etwa sechs Monaten geschlechtsreif und oftmals empfehlen Tier\u00e4rzte, die Katze genau in diesem Alter kastrieren zu lassen.<\/p>\n<h2>KATZE KASTRIEREN LASSEN \u2013 GESUNDHEITLICHE VORTEILE UND VERHALTEN<\/h2>\n<p>Durch die Kastration vermeidest Du unerw\u00fcnschten Nachwuchs und hilfst, die Anzahl heimatloser Katzen zu verringern. Dar\u00fcber hinaus bietet diese Methode viele gesundheitliche Vorteile.<\/p>\n<p>Die Kastration oder Sterilisation von Katzen bewirkt eine Menge positiver Ver\u00e4nderungen im Verhalten der Katze. Weiterhin sinkt das Risiko, dass die Katze mit ihrem Urin ihr Revier in Innen- und Au\u00dfenbereichen markiert. Kastrierte freilaufende Katzen entfernen sich nicht so weit vom Haus und haben weniger Kontakt zu anderen Katzen, sodass sich das Risiko f\u00fcr Ansteckungen und Verletzungen nach m\u00f6glichen Auseinandersetzungen verringert. Bei einer kastrierten weiblichen Katze h\u00f6rt die Rolligkeit auf und Du vermeidest ein frustriertes Tier, das Dir unter Umst\u00e4nden schlaflose N\u00e4chte bereitet, denn liebestolle Katzen sind nicht gerade besonders leise und diskret.<\/p>\n<p>Zudem sind kastrierte Katzen oftmals liebevoller zu ihren Besitzern, sodass die Kastration nicht nur positiv f\u00fcr Deinen vierbeinigen Freund ist, sondern auch Eurer gemeinsamen Beziehung zugutekommt.<\/p>\n<h2>DAS RISIKO F\u00dcR \u00dcBERGEWICHT STEIGT<\/h2>\n<p>Nach einer Kastration oder Sterilisation ver\u00e4ndert sich f\u00fcr gew\u00f6hnlich der Stoffwechsel der Katze, sodass der Futterbedarf zu steigen scheint und sie vermutlich weniger aktiv sein wird. Damit erh\u00f6ht sich auch das Risiko f\u00fcr \u00dcbergewicht. In diesem Fall kannst Du zu einem Futter wechseln, das speziell auf die Bed\u00fcrfnisse kastrierter und sterilisierter Katzen abgestimmt ist \u2013 beispielsweise\u00a0<a href=\"https:\/\/bozita.com\/de\/katzenfutter\/bozita-indoor-and-sterilised-getreidefrei-rentier\/\">Bozita Indoor &amp; Sterilised Getreidefrei Rentier<\/a>\u00a0\u2013 und den K\u00f6rperfettanteil bzw. das Fettgewebe Deiner Katze im Auge behalten.<\/p>\n<ul>\n<li><a title=\"Wie viel sollte eine katze wiegen\" href=\"https:\/\/bozita.com\/de\/leben-mit-katze\/katzengesundheit\/das-kastrieren-einer-katze-hat-viele-vorteile\/\" data-udi=\"umb:\/\/document\/33f6b33afe92464c8b27e64fe6848a02\">Nutze unseren Guide zur Bestimmung des Gewichtes<\/a><\/li>\n<\/ul>\n<h2>KASTRATION BEI DER KATZE \u2013 SO FUNKTIONIERT ES<\/h2>\n<p>Kastration, Sterilisation oder Hormonbehandlung \u2013 viele verschiedene Methoden k\u00f6nnen verhindern, dass Katzen sich vermehren. Als Katzenbesitzer kann es hilfreich sein zu wissen, wie derartige Eingriffe verlaufen und wie Du mit Deiner Katze vor und nach der Operation umgehen solltest.<\/p>\n<p>Damit Deine Katze unter der Narkose nicht erbricht, darf sie ab Mitternacht vor dem Eingriff keine Nahrung mehr zu sich nehmen. Dahingegen ist es in Ordnung, wenn sie am Morgen der Operation Wasser trinkt. Lasse Deine Katze im Haus, sodass Du sie im Blick behalten kannst.<\/p>\n<h2>KASTRATION WEIBLICHER KATZEN<\/h2>\n<p>F\u00fcr eine weibliche Katze bedeutet die Kastration eine Operation unter Narkose. Es handelt sich dabei um einen Routineeingriff, den Tier\u00e4rzte tagt\u00e4glich durchf\u00fchren. Zumeist wird das Tier morgens in der Praxis abgegeben und kann nachmittags wieder abgeholt werden. Vor der Operation wird untersucht, ob sich die Katze in einem entsprechenden Zustand f\u00fcr die Kastration befindet.<\/p>\n<p>Deine Katze erh\u00e4lt sowohl vor als auch nach dem medizinischen Eingriff ein schmerzstillendes Medikament. Das Fell am Bauch wird rasiert und die Haut gr\u00fcndlich gewaschen. W\u00e4hrend der Operation werden Eileiter, Eierst\u00f6cke und Geb\u00e4rmutter entfernt und die Bauchwunde wieder verschlossen.<\/p>\n<p>Ist Deine Katze danach richtig wach, wird die Operationswunde ein letztes Mal untersucht, bevor das Tier nach Hause darf.<\/p>\n<h2>KASTRATION M\u00c4NNLICHER KATZEN<\/h2>\n<p>Bei einem Kater ist die Kastration ein etwas kleinerer Eingriff als bei einer K\u00e4tzin. Der Ablauf bei Ankunft in der Tierarztpraxis ist der gleiche: Der Kater wird zun\u00e4chst vom Tierarzt untersucht und dann narkotisiert. Der Bereich um den Hodensack herum wird rasiert und steril gereinigt. W\u00e4hrend der Operation wird der Hodensack des Katers ge\u00f6ffnet, der Samenleiter durchtrennt und die Hoden durch zwei kleine Schnitte in den Hodensack entfernt. Nach dem Eingriff wird die Wunde nicht zusammengen\u00e4ht, denn der Hodensack verheilt von allein.<\/p>\n<p>Der Kater erh\u00e4lt vor und nach der OP schmerzstillende Medikamente. Sobald er richtig wach ist, wird die Operationswunde ein letztes Mal untersucht, bevor das Tier nach Hause darf.<\/p>\n<h2>K\u00dcMMERE DICH NACH DER KASTRATION UM DEINE KATZE<\/h2>\n<p>Bist Du mit Deiner Katze wieder zu Hause, solltest Du sie in einem dunklen Raum allein lassen, bis sie vollst\u00e4ndig wach ist. Gib ihr erst Futter und Wasser, wenn sie richtig munter und stabil ist. Dabei sollten es zun\u00e4chst nur kleine Portionen sein.<\/p>\n<p>Die Katze bekommt auch in den folgenden Tagen schmerzlindernde Medikamente. Um Probleme mit der Wunde zu vermeiden, solltest Du das Tier im Haus behalten, bis der Schnitt verheilt ist.<\/p>\n<p>Leckt Deine Katze an der Wunde, braucht sie einen Kragen. Sollten nach der Kastration weitere Probleme auftreten, kontaktiere Deinen Tierarzt. Die Haut ist in der Regel nach 10\u201312 Tagen verheilt, w\u00e4hrend sich eventuelle F\u00e4den oftmals von selbst aufl\u00f6sen. Frage Deinen Tierarzt, wenn Du Dir unsicher bist.<\/p>\n\t\t\t<\/div>\n\t\t<\/div>\n\t<\/div>\n\n\n\n\t<section class=\"block related-articles\">\n\t\t<div class=\"container\">\n\t\t\t<h2>Entdecke weitere Artikel<\/h2>\n\t\t\t<div class=\"row justify-content-center\">\n\t\t\t\t\t\t\t\t\t\t<div class=\"col-sm-6 col-md-6 col-lg-3\">\n\t\t\t\t\t\t\t\t\t\t\t\t\t\t<div class=\"card \">\n\t\t\t\t\t\t\t\t\t\t\t\t\t\t\t\t\t<img decoding=\"async\"  src=\"https:\/\/bozita.com\/de\/wp-content\/uploads\/sites\/8\/2021\/08\/bozita-palsvard-fibrer-motverkar-harbollar.jpg\" alt=\"\">\n\t\t\t\t\t\t\t\t\t\t\t\t\t\t\t\t\t<!-- <img decoding=\"async\" src=\"\n\t\t\t\t\t\t\t\t\t\t\t\t\t\t\t\t\t\t\t\t\" alt=\"\n\t\t\t\t\t\t\t\t\t\t\t\t\t\t\t\t\t\t\t\t\t\t\t\t\t\t\t\"> -->\n\t\t\t\t\t\t\t\t<div class=\"card-body\">\n\t\t\t\t\t\t\t\t\t\t\t\t\t\t\t\t\t\t\t<h6>Haarballen bei der Katze. So beugen Sie vor<\/h6>\n\t\t\t\t\t\t\t\t\t\t\t\t\t\t\t\t\t\t\t<a href=\"https:\/\/bozita.com\/de\/leben-mit-katze\/katzengesundheit\/is-your-cat-throwing-up-hairballs\/\">Weiterlesen &nbsp; ><\/a>\n\t\t\t\t\t\t\t\t<\/div>\n\t\t\t\t\t\t\t<\/div>\n\t\t\t\t\t\t<\/div>\n\n\t\t\t\t\t\t\t\t\t\t\t<div class=\"col-sm-6 col-md-6 col-lg-3\">\n\t\t\t\t\t\t\t\t\t\t\t\t\t\t<div class=\"card \">\n\t\t\t\t\t\t\t\t\t\t\t\t\t\t\t\t\t<img decoding=\"async\"  src=\"https:\/\/bozita.com\/de\/wp-content\/uploads\/sites\/8\/2021\/09\/bozita_swedish-natural-quality.jpg\" alt=\"\">\n\t\t\t\t\t\t\t\t\t\t\t\t\t\t\t\t\t<!-- <img decoding=\"async\" src=\"\n\t\t\t\t\t\t\t\t\t\t\t\t\t\t\t\t\t\t\t\t\" alt=\"\n\t\t\t\t\t\t\t\t\t\t\t\t\t\t\t\t\t\t\t\t\t\t\t\t\t\t\t\"> -->\n\t\t\t\t\t\t\t\t<div class=\"card-body\">\n\t\t\t\t\t\t\t\t\t\t\t\t\t\t\t\t\t\t\t<h6>Katze chippen, t\u00e4towieren und registrieren lassen<\/h6>\n\t\t\t\t\t\t\t\t\t\t\t\t\t\t\t\t\t\t\t<a href=\"https:\/\/bozita.com\/de\/leben-mit-katze\/katze-kaufen\/katze-chippen-und-registrieren-lassen-deshalb-ist-es-so-wichtig\/\">Weiterlesen &nbsp; ><\/a>\n\t\t\t\t\t\t\t\t<\/div>\n\t\t\t\t\t\t\t<\/div>\n\t\t\t\t\t\t<\/div>\n\n\t\t\t\t\t\t\t\t\t\t\t<div class=\"col-sm-6 col-md-6 col-lg-3\">\n\t\t\t\t\t\t\t\t\t\t\t\t\t\t<div class=\"card \">\n\t\t\t\t\t\t\t\t\t\t\t\t\t\t\t\t\t<img decoding=\"async\"  src=\"https:\/\/bozita.com\/de\/wp-content\/uploads\/sites\/8\/2021\/09\/bozita-vaccinera-katt.jpg\" alt=\"\">\n\t\t\t\t\t\t\t\t\t\t\t\t\t\t\t\t\t<!-- <img decoding=\"async\" src=\"\n\t\t\t\t\t\t\t\t\t\t\t\t\t\t\t\t\t\t\t\t\" alt=\"\n\t\t\t\t\t\t\t\t\t\t\t\t\t\t\t\t\t\t\t\t\t\t\t\t\t\t\t\"> -->\n\t\t\t\t\t\t\t\t<div class=\"card-body\">\n\t\t\t\t\t\t\t\t\t\t\t\t\t\t\t\t\t\t\t<h6>Katzen impfen lassen &#8211; wann und wie oft?<\/h6>\n\t\t\t\t\t\t\t\t\t\t\t\t\t\t\t\t\t\t\t<a href=\"https:\/\/bozita.com\/de\/leben-mit-katze\/katzengesundheit\/katzen-impfen-lassen\/\">Weiterlesen &nbsp; ><\/a>\n\t\t\t\t\t\t\t\t<\/div>\n\t\t\t\t\t\t\t<\/div>\n\t\t\t\t\t\t<\/div>\n\n\t\t\t\t\t\t\t\t\t\t\t\t<\/div>\n\t\t<\/div>\n\t<\/section>\n","protected":false},"excerpt":{"rendered":"","protected":false},"author":1,"featured_media":7131,"parent":7079,"menu_order":0,"comment_status":"closed","ping_status":"closed","template":"guternberg.php","meta":{"footnotes":""},"acf":[],"yoast_head":"<!-- This site is optimized with the Yoast SEO plugin v21.3 - https:\/\/yoast.com\/wordpress\/plugins\/seo\/ -->\n<title>Lassen Sie Ihre Katze kastrieren oder sterilisieren | Bozita DE<\/title>\n<meta name=\"description\" content=\"Kastration und Sterilisierung von Katzen. Warum sollten Sie Katze oder Kater kastrieren lassen und wie funktioniert das? Tipps &amp; Ratschl\u00e4ge.\" \/>\n<meta name=\"robots\" content=\"index, follow, max-snippet:-1, max-image-preview:large, max-video-preview:-1\" \/>\n<link rel=\"canonical\" href=\"https:\/\/bozita.com\/de\/leben-mit-katze\/katzengesundheit\/das-kastrieren-einer-katze-hat-viele-vorteile\/\" \/>\n<meta property=\"og:locale\" content=\"de_DE\" \/>\n<meta property=\"og:type\" content=\"article\" \/>\n<meta property=\"og:title\" content=\"Lassen Sie Ihre Katze kastrieren oder sterilisieren | Bozita DE\" \/>\n<meta property=\"og:description\" content=\"Kastration und Sterilisierung von Katzen. Warum sollten Sie Katze oder Kater kastrieren lassen und wie funktioniert das? Tipps &amp; Ratschl\u00e4ge.\" \/>\n<meta property=\"og:url\" content=\"https:\/\/bozita.com\/de\/leben-mit-katze\/katzengesundheit\/das-kastrieren-einer-katze-hat-viele-vorteile\/\" \/>\n<meta property=\"og:site_name\" content=\"Bozita DE\" \/>\n<meta property=\"article:modified_time\" content=\"2022-07-19T08:42:02+00:00\" \/>\n<meta property=\"og:image\" content=\"https:\/\/bozita.com\/de\/wp-content\/uploads\/sites\/8\/2021\/08\/bozita-kastrera-katt.jpeg\" \/>\n\t<meta property=\"og:image:width\" content=\"800\" \/>\n\t<meta property=\"og:image:height\" content=\"533\" \/>\n\t<meta property=\"og:image:type\" content=\"image\/jpeg\" \/>\n<meta name=\"twitter:card\" content=\"summary_large_image\" \/>\n<!-- \/ Yoast SEO plugin. -->","yoast_head_json":{"title":"Lassen Sie Ihre Katze kastrieren oder sterilisieren | Bozita DE","description":"Kastration und Sterilisierung von Katzen. Warum sollten Sie Katze oder Kater kastrieren lassen und wie funktioniert das? Tipps & Ratschl\u00e4ge.","robots":{"index":"index","follow":"follow","max-snippet":"max-snippet:-1","max-image-preview":"max-image-preview:large","max-video-preview":"max-video-preview:-1"},"canonical":"https:\/\/bozita.com\/de\/leben-mit-katze\/katzengesundheit\/das-kastrieren-einer-katze-hat-viele-vorteile\/","og_locale":"de_DE","og_type":"article","og_title":"Lassen Sie Ihre Katze kastrieren oder sterilisieren | Bozita DE","og_description":"Kastration und Sterilisierung von Katzen. Warum sollten Sie Katze oder Kater kastrieren lassen und wie funktioniert das? Tipps & Ratschl\u00e4ge.","og_url":"https:\/\/bozita.com\/de\/leben-mit-katze\/katzengesundheit\/das-kastrieren-einer-katze-hat-viele-vorteile\/","og_site_name":"Bozita DE","article_modified_time":"2022-07-19T08:42:02+00:00","og_image":[{"width":800,"height":533,"url":"https:\/\/bozita.com\/de\/wp-content\/uploads\/sites\/8\/2021\/08\/bozita-kastrera-katt.jpeg","type":"image\/jpeg"}],"twitter_card":"summary_large_image","schema":{"@context":"https:\/\/schema.org","@graph":[{"@type":"WebPage","@id":"https:\/\/bozita.com\/de\/leben-mit-katze\/katzengesundheit\/das-kastrieren-einer-katze-hat-viele-vorteile\/","url":"https:\/\/bozita.com\/de\/leben-mit-katze\/katzengesundheit\/das-kastrieren-einer-katze-hat-viele-vorteile\/","name":"Lassen Sie Ihre Katze kastrieren oder sterilisieren | Bozita DE","isPartOf":{"@id":"https:\/\/bozita.com\/de\/#website"},"datePublished":"2021-08-06T13:58:35+00:00","dateModified":"2022-07-19T08:42:02+00:00","description":"Kastration und Sterilisierung von Katzen. Warum sollten Sie Katze oder Kater kastrieren lassen und wie funktioniert das? Tipps & Ratschl\u00e4ge.","breadcrumb":{"@id":"https:\/\/bozita.com\/de\/leben-mit-katze\/katzengesundheit\/das-kastrieren-einer-katze-hat-viele-vorteile\/#breadcrumb"},"inLanguage":"de","potentialAction":[{"@type":"ReadAction","target":["https:\/\/bozita.com\/de\/leben-mit-katze\/katzengesundheit\/das-kastrieren-einer-katze-hat-viele-vorteile\/"]}]},{"@type":"BreadcrumbList","@id":"https:\/\/bozita.com\/de\/leben-mit-katze\/katzengesundheit\/das-kastrieren-einer-katze-hat-viele-vorteile\/#breadcrumb","itemListElement":[{"@type":"ListItem","position":1,"name":"Startseite","item":"https:\/\/bozita.com\/de\/"},{"@type":"ListItem","position":2,"name":"Leben mit Katze","item":"https:\/\/bozita.com\/de\/leben-mit-katze\/"},{"@type":"ListItem","position":3,"name":"K\u00fcmmern Sie sich um Ihre Katze \u2013 Katzengesundheit","item":"https:\/\/bozita.com\/de\/leben-mit-katze\/katzengesundheit\/"},{"@type":"ListItem","position":4,"name":"Lassen Sie Ihre Katze kastrieren oder sterilisieren"}]},{"@type":"WebSite","@id":"https:\/\/bozita.com\/de\/#website","url":"https:\/\/bozita.com\/de\/","name":"Bozita DE","description":"","potentialAction":[{"@type":"SearchAction","target":{"@type":"EntryPoint","urlTemplate":"https:\/\/bozita.com\/de\/?s={search_term_string}"},"query-input":"required name=search_term_string"}],"inLanguage":"de"}]}},"_links":{"self":[{"href":"https:\/\/bozita.com\/de\/wp-json\/wp\/v2\/pages\/7130"}],"collection":[{"href":"https:\/\/bozita.com\/de\/wp-json\/wp\/v2\/pages"}],"about":[{"href":"https:\/\/bozita.com\/de\/wp-json\/wp\/v2\/types\/page"}],"author":[{"embeddable":true,"href":"https:\/\/bozita.com\/de\/wp-json\/wp\/v2\/users\/1"}],"replies":[{"embeddable":true,"href":"https:\/\/bozita.com\/de\/wp-json\/wp\/v2\/comments?post=7130"}],"version-history":[{"count":14,"href":"https:\/\/bozita.com\/de\/wp-json\/wp\/v2\/pages\/7130\/revisions"}],"predecessor-version":[{"id":17235,"href":"https:\/\/bozita.com\/de\/wp-json\/wp\/v2\/pages\/7130\/revisions\/17235"}],"up":[{"embeddable":true,"href":"https:\/\/bozita.com\/de\/wp-json\/wp\/v2\/pages\/7079"}],"wp:featuredmedia":[{"embeddable":true,"href":"https:\/\/bozita.com\/de\/wp-json\/wp\/v2\/media\/7131"}],"wp:attachment":[{"href":"https:\/\/bozita.com\/de\/wp-json\/wp\/v2\/media?parent=7130"}],"curies":[{"name":"wp","href":"https:\/\/api.w.org\/{rel}","templated":true}]}}