{"id":7134,"date":"2021-08-06T13:58:34","date_gmt":"2021-08-06T13:58:34","guid":{"rendered":"https:\/\/bozita.com\/de\/leben-mit-hund\/hunde-beschaftigen\/"},"modified":"2022-07-18T12:04:20","modified_gmt":"2022-07-18T12:04:20","slug":"hunde-beschaftigen","status":"publish","type":"page","link":"https:\/\/bozita.com\/de\/leben-mit-hund\/hunde-beschaftigen\/","title":{"rendered":"Besch\u00e4ftige Deinen Hund"},"content":{"rendered":"\n\t\t<section class=\"small-hero-with-image\">\n\t\t\t\t\t\t\t<img decoding=\"async\" class=\"background-image\" src=\"https:\/\/bozita.com\/de\/wp-content\/uploads\/sites\/8\/2021\/08\/bozita-aktivera-hund-2.jpg\" alt=\"\">\n\t\t\t\t\t\t\t<div class=\"overlay-v1 overlay-bg\">\n\t\t\t\t<div class=\"container\">\n\t\t\t\t\t<div class=\"row\">\n\t\t\t\t\t\t<div class=\"col-md-6 col-lg-5\">\n\t\t\t\t\t\t\t<h5>Hundewissen<\/h5><h1>Besch\u00e4ftige Deinen Hund<\/h1>\t\t\t\t\t\t<\/div>\n\t\t\t\t\t<\/div>\n\t\t\t\t<\/div>\n\t\t\t<\/div>\n\t\t<\/section>\n\t\t\n\n\t<section class=\"block section-promos\">\n\t\t<div class=\"container\">\n\t\t\t<div class=\"row\">\n\t\t\t\t\t\t\t\t\t\t<div class=\"col-md-6\">\n\t\t\t\t\t\t\t<div class=\"card\">\n\t\t\t\t\t\t\t\t\t\t\t\t\t\t\t\t\t<img decoding=\"async\" class=\"card-img-top\" src=\"https:\/\/bozita.com\/de\/wp-content\/uploads\/sites\/8\/2021\/08\/bozita-balanstraning-med-astrid-1.jpg\" alt=\"\">\n\t\t\t\t\t\t\t\t\t\t\t\t\t\t\t\t<div class=\"card-body\">\n\t\t\t\t\t\t\t\t\t<h5 class=\"card-title\">Balance Training mit Astrid<\/h5>\n\t\t\t\t\t\t\t\t\t<p class=\"card-text\">Astrid ist ein Pudel und lebt bei unserem Bozita Produktentwickler. Bereits im ersten Jahr entdeckten sie, dass etwas mit ihrem Hinterbein nicht stimmte, beispielsweise, wenn sie h\u00fcpfte wie ein Frosch oder aus dem Sitzen aufstand. Beim Tierarzt wurde festgestellt, dass Astrid eine Kniescheibenfehlstellung hat.<\/p>\n\t\t\t\t\t\t\t\t\t\t\t\t\t\t\t\t\t\t\t<a target=\"\" href=\"https:\/\/bozita.com\/de\/leben-mit-hund\/hunde-beschaftigen\/balance-training-mit-astrid\/\" class=\"btn btn-white\">Weiterlesen<\/a>\n\t\t\t\t\t\t\t\t\t\t\t\t\t\t\t\t\t\t<\/div>\n\t\t\t\t\t\t\t<\/div>\n\t\t\t\t\t\t<\/div>\n\t\t\t\t\t\t\t\t\t\t\t\t<div class=\"col-md-6\">\n\t\t\t\t\t\t\t<div class=\"card\">\n\t\t\t\t\t\t\t\t\t\t\t\t\t\t\t\t\t<img decoding=\"async\" class=\"card-img-top\" src=\"\" alt=\"\">\n\t\t\t\t\t\t\t\t\t\t\t\t\t\t\t\t<div class=\"card-body\">\n\t\t\t\t\t\t\t\t\t<h5 class=\"card-title\">Wandern mit Deinem Hund<\/h5>\n\t\t\t\t\t\t\t\t\t<p class=\"card-text\">Es gibt viele M\u00f6glichkeiten, um gemeinsam mit Deinem Hund aktiv zu sein. Die wohl bekannteste ist gemeinsames Wandern mit dem Hund.<\/p>\n\t\t\t\t\t\t\t\t\t\t\t\t\t\t\t\t\t\t\t<a target=\"\" href=\"https:\/\/bozita.com\/de\/leben-mit-hund\/hunde-beschaftigen\/wandern-mit-deinem-hund\/\" class=\"btn btn-white\">Weiterlesen<\/a>\n\t\t\t\t\t\t\t\t\t\t\t\t\t\t\t\t\t\t<\/div>\n\t\t\t\t\t\t\t<\/div>\n\t\t\t\t\t\t<\/div>\n\t\t\t\t\t\t\t\t\t\t\t\t<div class=\"col-md-6\">\n\t\t\t\t\t\t\t<div class=\"card\">\n\t\t\t\t\t\t\t\t\t\t\t\t\t\t\t\t\t<img decoding=\"async\" class=\"card-img-top\" src=\"\" alt=\"\">\n\t\t\t\t\t\t\t\t\t\t\t\t\t\t\t\t<div class=\"card-body\">\n\t\t\t\t\t\t\t\t\t<h5 class=\"card-title\">Das Interesse f\u00fcr Lauftraining mit Hund im Canicross-Geschirr w\u00e4chst<\/h5>\n\t\t\t\t\t\t\t\t\t<p class=\"card-text\">Lisa Lindblom trainiert mit Schlittenhunden, seit sie sechs Jahre alt ist. Sie freut sich \u00fcber das Interesse an Canicross, oder dass immer mehr Hundebesitzer mit ihrem Hund im Geschirr trainieren. Sie findet, dass zwischen dem Lauftraining mit Hund am Halsband und im Geschirr ein gro\u00dfer Unterschied besteht.<\/p>\n\t\t\t\t\t\t\t\t\t\t\t\t\t\t\t\t\t\t\t<a target=\"\" href=\"https:\/\/bozita.com\/de\/das-interesse-fur-lauftraining-mit-hund-im-canicross-geschirr-wachst\/\" class=\"btn btn-white\">Weiterlesen<\/a>\n\t\t\t\t\t\t\t\t\t\t\t\t\t\t\t\t\t\t<\/div>\n\t\t\t\t\t\t\t<\/div>\n\t\t\t\t\t\t<\/div>\n\t\t\t\t\t\t\t\t\t\t\t\t<div class=\"col-md-6\">\n\t\t\t\t\t\t\t<div class=\"card\">\n\t\t\t\t\t\t\t\t\t\t\t\t\t\t\t\t\t<img decoding=\"async\" class=\"card-img-top\" src=\"https:\/\/bozita.com\/de\/wp-content\/uploads\/sites\/8\/2021\/06\/bozita-hundfoder.jpg\" alt=\"\">\n\t\t\t\t\t\t\t\t\t\t\t\t\t\t\t\t<div class=\"card-body\">\n\t\t\t\t\t\t\t\t\t<h5 class=\"card-title\">Verbessere die Interaktion mit Deinem Hund mithilfe von Aktivit\u00e4ten<\/h5>\n\t\t\t\t\t\t\t\t\t<p class=\"card-text\">Ob Du an Wettk\u00e4mpfen oder Pr\u00fcfungen mit Deinem Hund teilnehmen m\u00f6chtest oder nicht \u2013 Kurse und Ausstellungen sind eine gute M\u00f6glichkeit, ein harmonisches Zusammenspiel zwischen Dir und Deinem Hund zu entwickeln und dabei Aktivit\u00e4ten zu finden, die sowohl physisch als auch mental fordern. Im Folgenden zeigen wir Dir einige Ideen f\u00fcr Aktivit\u00e4ten und Informationen dazu, wo Du geeignete Kurse findest.<\/p>\n\t\t\t\t\t\t\t\t\t\t\t\t\t\t\t\t\t\t\t<a target=\"\" href=\"https:\/\/bozita.com\/de\/leben-mit-hund\/hunde-beschaftigen\/verbessern-sie-die-interaktion-mit-ihrem-hund-mithilfe-von-aktivitaten\/\" class=\"btn btn-white\">Weiterlesen<\/a>\n\t\t\t\t\t\t\t\t\t\t\t\t\t\t\t\t\t\t<\/div>\n\t\t\t\t\t\t\t<\/div>\n\t\t\t\t\t\t<\/div>\n\t\t\t\t\t\t\t\t\t\t\t\t<div class=\"col-md-6\">\n\t\t\t\t\t\t\t<div class=\"card\">\n\t\t\t\t\t\t\t\t\t\t\t\t\t\t\t\t\t<img decoding=\"async\" class=\"card-img-top\" src=\"https:\/\/bozita.com\/de\/wp-content\/uploads\/sites\/8\/2021\/08\/bozita-ta-med-hunde-pa-baten.jpeg\" alt=\"\">\n\t\t\t\t\t\t\t\t\t\t\t\t\t\t\t\t<div class=\"card-body\">\n\t\t\t\t\t\t\t\t\t<h5 class=\"card-title\">Boot-Trip mit Hund \u2013 4 Sicherheitstipps<\/h5>\n\t\t\t\t\t\t\t\t\t<p class=\"card-text\">Wenn Du einen Sommer auf dem Meer geplant hast und Deinen Hund mit an Bord nehmen m\u00f6chtest, gibt es viel zu bedenken, bevor Du ablegst!<\/p>\n\t\t\t\t\t\t\t\t\t\t\t\t\t\t\t\t\t\t\t<a target=\"\" href=\"https:\/\/bozita.com\/de\/leben-mit-hund\/hunde-beschaftigen\/dogs-on-boats-four-safety-tips\/\" class=\"btn btn-white\">Weiterlesen<\/a>\n\t\t\t\t\t\t\t\t\t\t\t\t\t\t\t\t\t\t<\/div>\n\t\t\t\t\t\t\t<\/div>\n\t\t\t\t\t\t<\/div>\n\t\t\t\t\t\t\t\t\t<\/div>\n\t\t<\/div>\n\t<\/section>\n\n\n<section class=\"block product-promos\">\n\t<div class=\"container\">\n\t\t<div class=\"row align-items-center\">\n\t\t\t<div class=\"col-md-5\">\n\t\t\t\t<div class=\"prdt__promos-heading\">\n\t\t\t\t\t<h3>\n\t\t\t\t\t\tNassfutter f\u00fcr zus\u00e4tzliche Energie und Fl\u00fcssigkeit\t\t\t\t\t<\/h3>\n\t\t\t\t\t\t\t\t\t<\/div>\n\t\t\t<\/div>\n\t\t\t<div class=\"col-md-7\">\n\t\t\t\t\t\t\t\t\t<div class=\"owl-carousel owl-theme product-promo-carousel\">\n\t\t\t\t\t\t\t\t\t\t\t\t\t<a href=\"https:\/\/bozita.com\/de\/hundefutter\/bozita-robur-sensitive-grain-free-reindeer-old\/\">\n\t\t\t\t\t\t\t\t<div class=\"blk__prdt-item\">\n\t\t\t\t\t\t\t\t\t<figure>\n\t\t\t\t\t\t\t\t\t\t<img loading=\"lazy\" decoding=\"async\" width=\"400\" height=\"457\" src=\"https:\/\/bozita.com\/de\/wp-content\/uploads\/sites\/8\/2021\/06\/2032-bozita-robur-sensitive-grain-free-reindeer.png\" class=\"attachment-post-thumbnail size-post-thumbnail wp-post-image\" alt=\"Bozita Robur Sensitive Grain Free Reindeer\" srcset=\"https:\/\/bozita.com\/de\/wp-content\/uploads\/sites\/8\/2021\/06\/2032-bozita-robur-sensitive-grain-free-reindeer.png 400w, https:\/\/bozita.com\/de\/wp-content\/uploads\/sites\/8\/2021\/06\/2032-bozita-robur-sensitive-grain-free-reindeer-263x300.png 263w\" sizes=\"(max-width: 400px) 100vw, 400px\" \/>\t\t\t\t\t\t\t\t\t\t\t\t\t\t\t\t\t\t\t<\/figure>\n\t\t\t\t\t\t\t\t\t<h4 class=\"carousel-title\"><\/h4>\n\t\t\t\t\t\t\t\t\t<span class=\"carousel-category\">Bozita Robur Sensitive Grain Free Reindeer<\/span>\n\t\t\t\t\t\t\t\t\t  \n\t\t\t\t\t\t\t\t\t<ul class=\"category-list\">\n\t\t\t\t\t\t\t\t\t\t\t\t\t\t\t\t\t\t\t\t\t\t\t<li class=\"svg-image\">\n\t\t\t\t\t\t\t\t\t\t\t\t\t\t<img decoding=\"async\" src=\"https:\/\/bozita.com\/de\/wp-content\/uploads\/sites\/8\/2021\/06\/icon-grain-free.svg\" \/>\n\t\t\t\t\t\t\t\t\t\t\t\t\t<\/li>\n\t\t\t\t\t\t\t\t\t\t\t\t\t\t\t\t\t\t\t\t\t\t\t\t\t\t<li class=\"svg-image\">\n\t\t\t\t\t\t\t\t\t\t\t\t\t\t<img decoding=\"async\" src=\"https:\/\/bozita.com\/de\/wp-content\/uploads\/sites\/8\/2021\/06\/icon-wheat-free.svg\" \/>\n\t\t\t\t\t\t\t\t\t\t\t\t\t<\/li>\n\t\t\t\t\t\t\t\t\t\t\t\t\t\t\t\t\t\t\t\t\t\t\t\t\t\t\t\t\t\t\t\t\t\t\t\t<li class=\"svg-image\">\n\t\t\t\t\t\t\t\t\t\t\t\t\t\t<img decoding=\"async\" src=\"https:\/\/bozita.com\/de\/wp-content\/uploads\/sites\/8\/2021\/06\/icon-flavour-reindeer.svg\" \/>\n\t\t\t\t\t\t\t\t\t\t\t\t\t<\/li>\n\t\t\t\t\t\t\t\t\t\t\t\t\t\t\t\t\t\t\t\t\t\t<\/ul>       \n\n\t\t\t\t\t\t\t\t<\/div>\n\t\t\t\t\t\t\t<\/a>\n\t\t\t\t\t\t\t\t\t\t\t\t\t\t\t\t\t\t<\/div>\n\t\t\t\t\t\t\t<\/div>\n\t\t<\/div>\n\t<\/div>\n<\/section>\n<script>\njQuery(document).ready(function($) {\n\tjQuery('.product-promo-carousel').owlCarousel({\n\tloop: true,\n\tmargin: 10,\n\tresponsiveClass: true,\n\tresponsive: {\n\t\t0: {\n\t\titems: 1,\n\t\tnav: true\n\t\t},\n\t\t600: {\n\t\titems: 1,\n\t\tnav: true\n\t\t},\n\t\t1000: {\n\t\titems: 1,\n\t\tnav: true,\n\t\t}\n\t}\n\t})\n\tjQuery(\".owl-prev\").html('<span><<\/span>');\n\tjQuery(\".owl-next\").html('<span>><\/span>');\n\n\tvar slider = jQuery('.promo-slider-list');\n\tslider.owlCarousel();\n\tjQuery('.nextbtn-a').click(function() {\n\tslider.trigger('next.owl.carousel');\n\t})\n\t\/\/ Go to the previous item\n\tjQuery('.prebtn-a').click(function() {\n\tslider.trigger('prev.owl.carousel', [300]);\n\t})\n});\n<\/script>\n\n\n\n\t<section class=\"block explore-other-topics\">\n\t<div class=\"container\">\n\t\t<h2>Entdecke weitere Themen<\/h2>\n\t\t<div class=\"row\">\n\t\t\t\t\t\t\t\t<div class=\"col-md-6 col-lg-3\">\n\t\t\t\t\t\t\t\t\t\t\t\t\t<h6>Gesundheit Deines Hundes<\/h6>\n\t\t\t\t\t\t\t\t\t\t\t\t\t<div class=\"card \">\n\t\t\t\t\t\t\t<img loading=\"lazy\" decoding=\"async\" width=\"800\" height=\"533\" src=\"https:\/\/bozita.com\/de\/wp-content\/uploads\/sites\/8\/2021\/06\/bozita-avmaska-hundvalp-hund.jpg\" class=\"attachment-post-thumbnail size-post-thumbnail wp-post-image\" alt=\"Leben mit Hund\" srcset=\"https:\/\/bozita.com\/de\/wp-content\/uploads\/sites\/8\/2021\/06\/bozita-avmaska-hundvalp-hund.jpg 800w, https:\/\/bozita.com\/de\/wp-content\/uploads\/sites\/8\/2021\/06\/bozita-avmaska-hundvalp-hund-300x200.jpg 300w, https:\/\/bozita.com\/de\/wp-content\/uploads\/sites\/8\/2021\/06\/bozita-avmaska-hundvalp-hund-768x512.jpg 768w\" sizes=\"(max-width: 800px) 100vw, 800px\" \/>\n\t\t\t\t\t\t\t\t\t\t\t\t\t\t<div class=\"card-body\">\n\t\t\t\t\t\t\t\t\n\t\t\t\t\t\t\t\t\t\t\t\t\t\t\t\t\t<ul>\n\t\t\t\t\t\t\t\t\t\t\t\t\t\t\t\t\t\t\t\t\t<li><a href=\"https:\/\/bozita.com\/de\/leben-mit-hund\/die-gesundheit-des-hundes\/vipern-mogen-die-sonne\/\">Vipern m\u00f6gen die Sonne<\/a><\/li>\n\t\t\t\t\t\t\t\t\t\t\t\t\t\t\t\t\t\t\t\t\t\t<li><a href=\"https:\/\/bozita.com\/de\/leben-mit-hund\/die-gesundheit-des-hundes\/geburt-von-welpen\/\">Geburt von Welpen<\/a><\/li>\n\t\t\t\t\t\t\t\t\t\t\t\t\t\t\t\t\t\t\t\t\t\t<li><a href=\"https:\/\/bozita.com\/de\/leben-mit-hund\/die-gesundheit-des-hundes\/hund-kastrieren\/\">Hund kastrieren<\/a><\/li>\n\t\t\t\t\t\t\t\t\t\t\t\t\t\t\t\t\t\t\t\t<\/ul>\n\t\t\t\t\t\t\t\t\t\t\t\t\t\t\t\t<a target=\"\" href=\"https:\/\/bozita.com\/de\/leben-mit-hund\/die-gesundheit-des-hundes\/\" class=\"btn btn-primary\">Weitere Artikel<\/a>\n\t\t\t\t\t\t\t<\/div>\n\t\t\t\t\t\t<\/div>\n\t\t\t\t\t<\/div>\n\t\t\t\t\t\t\t\t\t\t<div class=\"col-md-6 col-lg-3\">\n\t\t\t\t\t\t\t\t\t\t\t\t\t<h6>Ern\u00e4hrung und Di\u00e4t<\/h6>\n\t\t\t\t\t\t\t\t\t\t\t\t\t<div class=\"card \">\n\t\t\t\t\t\t\t<img loading=\"lazy\" decoding=\"async\" width=\"800\" height=\"537\" src=\"https:\/\/bozita.com\/de\/wp-content\/uploads\/sites\/8\/2021\/06\/bozita-nutrition-kost.jpg\" class=\"attachment-post-thumbnail size-post-thumbnail wp-post-image\" alt=\"Leben mit Hund\" srcset=\"https:\/\/bozita.com\/de\/wp-content\/uploads\/sites\/8\/2021\/06\/bozita-nutrition-kost.jpg 800w, https:\/\/bozita.com\/de\/wp-content\/uploads\/sites\/8\/2021\/06\/bozita-nutrition-kost-300x201.jpg 300w, https:\/\/bozita.com\/de\/wp-content\/uploads\/sites\/8\/2021\/06\/bozita-nutrition-kost-768x516.jpg 768w\" sizes=\"(max-width: 800px) 100vw, 800px\" \/>\n\t\t\t\t\t\t\t\t\t\t\t\t\t\t<div class=\"card-body\">\n\t\t\t\t\t\t\t\t\n\t\t\t\t\t\t\t\t\t\t\t\t\t\t\t\t\t<ul>\n\t\t\t\t\t\t\t\t\t\t\t\t\t\t\t\t\t\t\t\t\t<li><a href=\"https:\/\/bozita.com\/de\/hundefutter\/ernahrung-and-diat\/was-und-wie-viel-sollte-ein-hund-am-tag-fressen\/\">Was essen Hunde? Wie viel sollte ein Hund fressen?<\/a><\/li>\n\t\t\t\t\t\t\t\t\t\t\t\t\t\t\t\t\t\t\t\t\t\t<li><a href=\"https:\/\/bozita.com\/de\/hundefutter\/ernahrung-and-diat\/welpen-futtern\/\">Welpen f\u00fcttern<\/a><\/li>\n\t\t\t\t\t\t\t\t\t\t\t\t\t\t\t\t\t\t\t\t\t\t<li><a href=\"https:\/\/bozita.com\/de\/hundefutter\/ernahrung-and-diat\/getreidefreies-hundefutter-alles-was-du-wissen-musst\/\">Warum Getreidefreies Hundefutter w\u00e4hlen<\/a><\/li>\n\t\t\t\t\t\t\t\t\t\t\t\t\t\t\t\t\t\t\t\t<\/ul>\n\t\t\t\t\t\t\t\t\t\t\t\t\t\t\t\t<a target=\"\" href=\"https:\/\/bozita.com\/de\/hundefutter\/ernahrung-and-diat\/\" class=\"btn btn-primary\">Weitere Artikel<\/a>\n\t\t\t\t\t\t\t<\/div>\n\t\t\t\t\t\t<\/div>\n\t\t\t\t\t<\/div>\n\t\t\t\t\t\t\t\t\t\t<div class=\"col-md-6 col-lg-3\">\n\t\t\t\t\t\t\t\t\t\t\t\t\t<h6>Entwicklung Deines Hundes<\/h6>\n\t\t\t\t\t\t\t\t\t\t\t\t\t<div class=\"card \">\n\t\t\t\t\t\t\t<img loading=\"lazy\" decoding=\"async\" width=\"800\" height=\"536\" src=\"https:\/\/bozita.com\/de\/wp-content\/uploads\/sites\/8\/2021\/06\/bozita-hundens-utveckling.jpg\" class=\"attachment-post-thumbnail size-post-thumbnail wp-post-image\" alt=\"Entwicklung Deines Hundes\" srcset=\"https:\/\/bozita.com\/de\/wp-content\/uploads\/sites\/8\/2021\/06\/bozita-hundens-utveckling.jpg 800w, https:\/\/bozita.com\/de\/wp-content\/uploads\/sites\/8\/2021\/06\/bozita-hundens-utveckling-300x201.jpg 300w, https:\/\/bozita.com\/de\/wp-content\/uploads\/sites\/8\/2021\/06\/bozita-hundens-utveckling-768x515.jpg 768w\" sizes=\"(max-width: 800px) 100vw, 800px\" \/>\n\t\t\t\t\t\t\t\t\t\t\t\t\t\t<div class=\"card-body\">\n\t\t\t\t\t\t\t\t\n\t\t\t\t\t\t\t\t\t\t\t\t\t\t\t\t\t<ul>\n\t\t\t\t\t\t\t\t\t\t\t\t\t\t\t\t\t\t\t\t\t<li><a href=\"https:\/\/bozita.com\/de\/leben-mit-hund\/entwicklung-deines-hundes\/die-entwicklung-des-hundes-vom-welpen-zum-erwachsenen-hund\/\">Die Entwicklung des Hundes vom Welpen zum erwachsenen Hund<\/a><\/li>\n\t\t\t\t\t\t\t\t\t\t\t\t\t\t\t\t\t\t\t\t\t\t<li><a href=\"https:\/\/bozita.com\/de\/leben-mit-hund\/entwicklung-deines-hundes\/so-trainieren-sie-ihren-hund-allein-zu-sein\/\">So trainierst Du Deinen Hund, allein zu sein<\/a><\/li>\n\t\t\t\t\t\t\t\t\t\t\t\t\t\t\t\t\t\t\t\t\t\t<li><a href=\"https:\/\/bozita.com\/de\/leben-mit-hund\/entwicklung-deines-hundes\/umgebungstraining-mit-dem-welpen-was-wann-und-wie\/\">Umgebungstraining mit dem Welpen \u2013 was, wann und wie<\/a><\/li>\n\t\t\t\t\t\t\t\t\t\t\t\t\t\t\t\t\t\t\t\t<\/ul>\n\t\t\t\t\t\t\t\t\t\t\t\t\t\t\t\t<a target=\"\" href=\"https:\/\/bozita.com\/de\/leben-mit-hund\/entwicklung-deines-hundes\/\" class=\"btn btn-primary\">Weitere Artikel<\/a>\n\t\t\t\t\t\t\t<\/div>\n\t\t\t\t\t\t<\/div>\n\t\t\t\t\t<\/div>\n\t\t\t\t\t\t\t\t\t\t<div class=\"col-md-6 col-lg-3\">\n\t\t\t\t\t\t\t\t\t\t\t\t\t<h6>Einen Hund kaufen<\/h6>\n\t\t\t\t\t\t\t\t\t\t\t\t\t<div class=\"card \">\n\t\t\t\t\t\t\t<img loading=\"lazy\" decoding=\"async\" width=\"800\" height=\"532\" src=\"https:\/\/bozita.com\/de\/wp-content\/uploads\/sites\/8\/2021\/06\/bozita-kopa-hund.jpg\" class=\"attachment-post-thumbnail size-post-thumbnail wp-post-image\" alt=\"Leben mit Hund\" srcset=\"https:\/\/bozita.com\/de\/wp-content\/uploads\/sites\/8\/2021\/06\/bozita-kopa-hund.jpg 800w, https:\/\/bozita.com\/de\/wp-content\/uploads\/sites\/8\/2021\/06\/bozita-kopa-hund-300x200.jpg 300w, https:\/\/bozita.com\/de\/wp-content\/uploads\/sites\/8\/2021\/06\/bozita-kopa-hund-768x511.jpg 768w\" sizes=\"(max-width: 800px) 100vw, 800px\" \/>\n\t\t\t\t\t\t\t\t\t\t\t\t\t\t<div class=\"card-body\">\n\t\t\t\t\t\t\t\t\n\t\t\t\t\t\t\t\t\t\t\t\t\t\t\t\t\t<ul>\n\t\t\t\t\t\t\t\t\t\t\t\t\t\t\t\t\t\t\t\t\t<li><a href=\"https:\/\/bozita.com\/de\/leben-mit-hund\/hund-kaufen\/wie-man-die-richtige-rasse-auswahlt\/\">Wie man die richtige Rasse ausw\u00e4hlt<\/a><\/li>\n\t\t\t\t\t\t\t\t\t\t\t\t\t\t\t\t\t\t\t\t<\/ul>\n\t\t\t\t\t\t\t\t\t\t\t\t\t\t\t\t<a target=\"\" href=\"https:\/\/bozita.com\/de\/leben-mit-hund\/hund-kaufen\/\" class=\"btn btn-primary\">Weitere Artikel<\/a>\n\t\t\t\t\t\t\t<\/div>\n\t\t\t\t\t\t<\/div>\n\t\t\t\t\t<\/div>\n\t\t\t\t\t\t\t<\/div>\n\t<\/div>\n<\/section>\n","protected":false},"excerpt":{"rendered":"","protected":false},"author":4,"featured_media":7136,"parent":7047,"menu_order":0,"comment_status":"closed","ping_status":"closed","template":"guternberg.php","meta":{"footnotes":""},"acf":[],"yoast_head":"<!-- This site is optimized with the Yoast SEO plugin v21.3 - https:\/\/yoast.com\/wordpress\/plugins\/seo\/ -->\n<title>Besch\u00e4ftige Deinen Hund | Bozita DE<\/title>\n<meta name=\"description\" content=\"Besch\u00e4ftige Deinen Hund. Hier erhalten Sie Tipps, wie Sie Ihren Hund Besch\u00e4ftigen.\" \/>\n<meta name=\"robots\" content=\"index, follow, max-snippet:-1, max-image-preview:large, max-video-preview:-1\" \/>\n<link rel=\"canonical\" href=\"https:\/\/bozita.com\/de\/leben-mit-hund\/hunde-beschaftigen\/\" \/>\n<meta property=\"og:locale\" content=\"de_DE\" \/>\n<meta property=\"og:type\" content=\"article\" \/>\n<meta property=\"og:title\" content=\"Besch\u00e4ftige Deinen Hund | Bozita DE\" \/>\n<meta property=\"og:description\" content=\"Besch\u00e4ftige Deinen Hund. Hier erhalten Sie Tipps, wie Sie Ihren Hund Besch\u00e4ftigen.\" \/>\n<meta property=\"og:url\" content=\"https:\/\/bozita.com\/de\/leben-mit-hund\/hunde-beschaftigen\/\" \/>\n<meta property=\"og:site_name\" content=\"Bozita DE\" \/>\n<meta property=\"article:modified_time\" content=\"2022-07-18T12:04:20+00:00\" \/>\n<meta property=\"og:image\" content=\"https:\/\/bozita.com\/de\/wp-content\/uploads\/sites\/8\/2021\/06\/bozita-aktivera-hund.jpg\" \/>\n\t<meta property=\"og:image:width\" content=\"800\" \/>\n\t<meta property=\"og:image:height\" content=\"531\" \/>\n\t<meta property=\"og:image:type\" content=\"image\/jpeg\" \/>\n<meta name=\"twitter:card\" content=\"summary_large_image\" \/>\n<!-- \/ Yoast SEO plugin. -->","yoast_head_json":{"title":"Besch\u00e4ftige Deinen Hund | Bozita DE","description":"Besch\u00e4ftige Deinen Hund. Hier erhalten Sie Tipps, wie Sie Ihren Hund Besch\u00e4ftigen.","robots":{"index":"index","follow":"follow","max-snippet":"max-snippet:-1","max-image-preview":"max-image-preview:large","max-video-preview":"max-video-preview:-1"},"canonical":"https:\/\/bozita.com\/de\/leben-mit-hund\/hunde-beschaftigen\/","og_locale":"de_DE","og_type":"article","og_title":"Besch\u00e4ftige Deinen Hund | Bozita DE","og_description":"Besch\u00e4ftige Deinen Hund. Hier erhalten Sie Tipps, wie Sie Ihren Hund Besch\u00e4ftigen.","og_url":"https:\/\/bozita.com\/de\/leben-mit-hund\/hunde-beschaftigen\/","og_site_name":"Bozita DE","article_modified_time":"2022-07-18T12:04:20+00:00","og_image":[{"width":800,"height":531,"url":"https:\/\/bozita.com\/de\/wp-content\/uploads\/sites\/8\/2021\/06\/bozita-aktivera-hund.jpg","type":"image\/jpeg"}],"twitter_card":"summary_large_image","schema":{"@context":"https:\/\/schema.org","@graph":[{"@type":"WebPage","@id":"https:\/\/bozita.com\/de\/leben-mit-hund\/hunde-beschaftigen\/","url":"https:\/\/bozita.com\/de\/leben-mit-hund\/hunde-beschaftigen\/","name":"Besch\u00e4ftige Deinen Hund | Bozita DE","isPartOf":{"@id":"https:\/\/bozita.com\/de\/#website"},"datePublished":"2021-08-06T13:58:34+00:00","dateModified":"2022-07-18T12:04:20+00:00","description":"Besch\u00e4ftige Deinen Hund. Hier erhalten Sie Tipps, wie Sie Ihren Hund Besch\u00e4ftigen.","breadcrumb":{"@id":"https:\/\/bozita.com\/de\/leben-mit-hund\/hunde-beschaftigen\/#breadcrumb"},"inLanguage":"de","potentialAction":[{"@type":"ReadAction","target":["https:\/\/bozita.com\/de\/leben-mit-hund\/hunde-beschaftigen\/"]}]},{"@type":"BreadcrumbList","@id":"https:\/\/bozita.com\/de\/leben-mit-hund\/hunde-beschaftigen\/#breadcrumb","itemListElement":[{"@type":"ListItem","position":1,"name":"Startseite","item":"https:\/\/bozita.com\/de\/"},{"@type":"ListItem","position":2,"name":"Leben mit Hund","item":"https:\/\/bozita.com\/de\/leben-mit-hund\/"},{"@type":"ListItem","position":3,"name":"Besch\u00e4ftige Deinen Hund"}]},{"@type":"WebSite","@id":"https:\/\/bozita.com\/de\/#website","url":"https:\/\/bozita.com\/de\/","name":"Bozita DE","description":"","potentialAction":[{"@type":"SearchAction","target":{"@type":"EntryPoint","urlTemplate":"https:\/\/bozita.com\/de\/?s={search_term_string}"},"query-input":"required name=search_term_string"}],"inLanguage":"de"}]}},"_links":{"self":[{"href":"https:\/\/bozita.com\/de\/wp-json\/wp\/v2\/pages\/7134"}],"collection":[{"href":"https:\/\/bozita.com\/de\/wp-json\/wp\/v2\/pages"}],"about":[{"href":"https:\/\/bozita.com\/de\/wp-json\/wp\/v2\/types\/page"}],"author":[{"embeddable":true,"href":"https:\/\/bozita.com\/de\/wp-json\/wp\/v2\/users\/4"}],"replies":[{"embeddable":true,"href":"https:\/\/bozita.com\/de\/wp-json\/wp\/v2\/comments?post=7134"}],"version-history":[{"count":20,"href":"https:\/\/bozita.com\/de\/wp-json\/wp\/v2\/pages\/7134\/revisions"}],"predecessor-version":[{"id":12115,"href":"https:\/\/bozita.com\/de\/wp-json\/wp\/v2\/pages\/7134\/revisions\/12115"}],"up":[{"embeddable":true,"href":"https:\/\/bozita.com\/de\/wp-json\/wp\/v2\/pages\/7047"}],"wp:featuredmedia":[{"embeddable":true,"href":"https:\/\/bozita.com\/de\/wp-json\/wp\/v2\/media\/7136"}],"wp:attachment":[{"href":"https:\/\/bozita.com\/de\/wp-json\/wp\/v2\/media?parent=7134"}],"curies":[{"name":"wp","href":"https:\/\/api.w.org\/{rel}","templated":true}]}}