{"id":7140,"date":"2021-06-20T21:23:57","date_gmt":"2021-06-20T21:23:57","guid":{"rendered":"https:\/\/bozita.com\/de\/hundefutter\/ernahrung-and-diat\/was-durfen-hunde-nicht-fressen\/"},"modified":"2024-11-05T13:12:42","modified_gmt":"2024-11-05T13:12:42","slug":"was-durfen-hunde-nicht-fressen","status":"publish","type":"page","link":"https:\/\/bozita.com\/de\/hundefutter\/ernahrung-and-diat\/was-durfen-hunde-nicht-fressen\/","title":{"rendered":"Was d\u00fcrfen Hunde nicht fressen?"},"content":{"rendered":"\t\t<section class=\"small-hero\">\n\t\t\t<div class=\"container\">\n\t\t\t\t<h1 class=\"small-hero-title\">Was d\u00fcrfen Hunde nicht fressen?<\/h1>\t\t\t<\/div>\n\t\t\t<\/div>\n\t\t<\/section>\n\t\n\n\t<div class=\"text-box-warp\">\n\t\t<div class=\"container\">\n\t\t\t<div class=\"text-content\">\n\t\t\t\t<div class=\"article__introduction\">\n<p>Hunde sollten wirklich nur Hundefutter bekommen, das auf sie und ihre Lebensweise abgestimmt ist. Es kann dennoch ab und zu vorkommen, dass dein Hund etwas von dir zugesteckt bekommt, vielleicht einen Bissen von deinem eigenen Teller oder ein St\u00fcckchen eines gew\u00f6hnlichen Lebensmittels, das du in der K\u00fcche gerade in der Hand hast. Dann musst du aber beachten, dass bestimmte g\u00e4ngige Lebensmittel deinen Hund krank machen und direkt giftig f\u00fcr ihn sein k\u00f6nnen. Daher ist es wichtig, dass du im Auge beh\u00e4ltst, was Hunde nicht fressen d\u00fcrfen und was f\u00fcr sie unmittelbar gef\u00e4hrlich ist. Bozita&#8217;s Ern\u00e4hrungsberaterin Cecilia Hjelm, ausgebildete Tier-Agronomin und Produktentwicklerin mit Fachkompetenz Ern\u00e4hrung, hilft dir dabei, den \u00dcberblick zu behalten.<\/p>\n<\/div>\n\t\t\t<\/div>\n\t\t<\/div>\n\t<\/div>\n\n\n\t<section class=\"media-object-wrap\">\n\t\t<div class=\"container\">\n\t\t\t<div class=\"media-object\">\n\t\t\t\t<div class=\"row row-eq-height align-items-stretch\">\n\t\t\t\t\t<div class=\"col-md-5\">\n\t\t\t\t\t\t\t\t\t\t\t\t\t<img decoding=\"async\" src=\"https:\/\/bozita.com\/de\/wp-content\/uploads\/sites\/8\/2024\/11\/Hund-Teig.jpg\" alt=\"\">\n\t\t\t\t\t\t\t\t\t\t\t\t<\/div>\n\t\t\t\t\t<div class=\"col-md-7 d-flex align-items-center\">\n\t\t\t\t\t\t<div class=\"media-content\">\n\t\t\t\t\t\t<p><strong>WELCHE LEBENSMITTEL SIND F\u00dcR HUNDE GEF\u00c4HRLICH?<\/strong><\/p>\n<p>Leider gibt es viele Lebensmittel und Substanzen, die auf der Liste der Dinge stehen, die f\u00fcr Hunde sch\u00e4dlich oder sogar giftig sind. Viele Menschen wissen, dass es absolut verboten ist, ihrem Hund Schokolade und Zwiebeln zu geben. Unser Essen enth\u00e4lt auch oft viel Salz und Fett, was f\u00fcr Deinen Hund ebenfalls sch\u00e4dlich sein kann. Aber kennst Du den Rest?<\/p>\n\t\t\t\t\t\t<\/div>\n\t\t\t\t\t<\/div>\n\t\t\t\t<\/div>\n\t\t\t<\/div>\n\t\t<\/div>\n\t<\/section>\n   \n\n\n\t<div class=\"text-box-warp\">\n\t\t<div class=\"container\">\n\t\t\t<div class=\"text-content\">\n\t\t\t\t<p><strong>HUNDE UND SCHOKOLADE \u2013 WAS HUNDE NICHT FRESSEN SOLLTEN<\/strong><\/p>\n<p>Schokolade, oder eigentlich Kakao, ist f\u00fcr den Hund giftig, da Theobromin enthalten ist. Wie der Hund reagiert h\u00e4ngt z. B. davon ab, wie viel er im Verh\u00e4ltnis zu seiner Gr\u00f6\u00dfe aufgenommen hat und ob es helle oder dunkle Schokolade war. Aber die Grundregel lautet: Achte darauf, dass dein Hund \u00fcberhaupt keine Schokolade frisst. Vergiftungssymptome sind Herzklopfen, Muskelzittern, Durchfall und viel Wasserlassen.<\/p>\n<p><strong>D\u00dcRFEN HUNDE WEINTRAUBEN FRESSEN?<\/strong><\/p>\n<p>Eine einzelne Traube ist f\u00fcr deinen Hund nicht gef\u00e4hrlich, aber eine gro\u00dfe Menge Trauben kann sch\u00e4dlich sein und beim Hund zu Nierenversagen f\u00fchren. Verschiedene Hunde k\u00f6nnen unterschiedlich empfindlich sein, aber vermeide es am besten komplett, deinem Hund Trauben zu geben. Dies gilt sowohl f\u00fcr wei\u00dfe, gr\u00fcne oder rote als auch f\u00fcr Trauben mit und ohne Kerne.<\/p>\n<p><strong>SIND KARTOFFELN GEF\u00c4HRLICH F\u00dcR HUNDE?<\/strong><\/p>\n<p>Salzkartoffeln zu fressen ist f\u00fcr Hunde ungef\u00e4hrlich. Du solltest deinem Hund jedoch niemals rohe Kartoffeln geben, da Hunde genau wie Menschen Schwierigkeiten haben, Kartoffeln zu verdauen. Gr\u00fcne Kartoffeln k\u00f6nnen auch erh\u00f6hte Solaninwerte aufweisen, was nicht gut f\u00fcr Hunde ist. Symptome, dass ein Hund rohe Kartoffeln gefressen hat, k\u00f6nnen Erbrechen, Durchfall, Schwindel und Kr\u00e4mpfe sein.<\/p>\n<p><strong>IST AVOCADO GEF\u00c4HRLICH F\u00dcR HUNDE?<\/strong><\/p>\n<p>Sei bei Avocado vorsichtig, da sie Persin enth\u00e4lt, eine Substanz, die die Brustdr\u00fcsen und das Herz des Hundes beeintr\u00e4chtigen kann. Also ja, Avocados sind gef\u00e4hrlich f\u00fcr Hunde. Der Stoff Persin ist f\u00fcr den Menschen ungef\u00e4hrlich, aber f\u00fcr fast alle Haustiere giftig. Vergiftungssymptome sind hier Atemnot, Durchfall, Erbrechen und Husten.<\/p>\n<p><strong>GIFTIGE UND GEF\u00c4HRLICHE NAHRUNGSMITTEL F\u00dcR HUNDE \u2013 LISTE<\/strong><\/p>\n<p>Wenn du dir nicht sicher bist, kannst du in der folgenden Liste nach den Lebensmitteln suchen, die f\u00fcr Hunde sowohl giftig sein als auch gef\u00e4hrliche Stoffe enthalten k\u00f6nnen. Wenn du vermutest, dass dein Hund etwas Giftiges gefressen hat oder wenn er Symptome zeigt, solltest du immer sofort einen Tierarzt aufsuchen. Denke daran, dass es Lebensmittel gibt, die offensichtlich kein gutes Futter f\u00fcr deinen Hund sind, aber nicht unbedingt auf der Liste stehen, wie z. B. Chips, Erdnussflips, Kuchen und andere S\u00fc\u00dfigkeiten, zuckerhaltige Speisen, sehr scharfe Speisen mit viel Chili oder Jalapeno, frittiertes Essen und alle Speisen, die salzig und fettig sind. Wenn du dir bei einem bestimmten Lebensmittel unsicher bist, gib es deinem Hund lieber nicht.<\/p>\n<ul>\n<li><strong>Aprikosen\u00a0<\/strong>\u2013 siehe Steinobst.<\/li>\n<li><strong>Avocado<\/strong>\u00a0\u2013 enth\u00e4lt Persin, das die Milchdr\u00fcsen und das Herz des Hundes beeintr\u00e4chtigen kann.<\/li>\n<li><strong>Backpulver<\/strong>\u00a0\u2013enth\u00e4lt Natriumbikarbonat, das in gro\u00dfen Mengen Muskelkr\u00e4mpfe und Herzinsuffizienz verursachen kann.<\/li>\n<li><strong>Brokkoli roh<\/strong>\u00a0\u2013 gekochter Brokkoli schmeckt gut, w\u00e4hrend roher Brokkoli die Schilddr\u00fcsenfunktion des Hundes beeintr\u00e4chtigen kann.<\/li>\n<li><strong>Eicheln<\/strong>\u00a0\u2013 enthalten Tannin, das in gro\u00dfen Mengen t\u00f6dlich sein kann. Schon kleinere Mengen k\u00f6nnen Vergiftungssymptome verursachen.<\/li>\n<li><strong>Eiwei\u00df roh<\/strong>\u00a0\u2013 enth\u00e4lt Avidin. Gekochtes oder gebratenes Eiwei\u00df ist f\u00fcr den Hund ungef\u00e4hrlich.<\/li>\n<li><strong>Glykol<\/strong>\u00a0\u2013 mag seltsam erscheinen, ist aber s\u00fc\u00df und der Hund leckt es gerne auf, wenn Du etwas versch\u00fcttest. Ist aber schon in kleinen Mengen sehr giftig.<\/li>\n<li><strong>Gr\u00fcnschimmelk\u00e4se<\/strong>\u00a0\u2013 enth\u00e4lt Roquefortin, einen giftigen Schimmelpilz.<\/li>\n<li><strong>Kartoffeln roh\u00a0<\/strong>\u2013 enthalten Solanin, auf das Hunde empfindlich reagieren k\u00f6nnen. Gilt f\u00fcr rohe Kartoffeln.<\/li>\n<li><strong>Kirschen<\/strong>\u00a0\u2013 siehe Steinobst.<\/li>\n<li><strong>Knoblauch<\/strong>\u00a0\u2013 siehe Zwiebelpflanzen.<\/li>\n<li><strong>Koffein<\/strong>\u00a0und Kaffee.<\/li>\n<li><strong>Maiskolben<\/strong>\u00a0\u2013 gef\u00e4hrlich ist nur der Kolben selbst, Maisk\u00f6rner sind gutes Futter. Lasse Deinen Hund aber nicht auf dem Kolben kauen, denn dieser kann im Darm steckenbleiben und Dein Hund muss notoperiert werden.<\/li>\n<li><strong>N\u00fcsse<\/strong>\u00a0\u2013 vermeide N\u00fcsse aller Arten wie beispielsweise Erdn\u00fcsse, Macadamian\u00fcsse und Waln\u00fcsse.<\/li>\n<li><strong>Pflaumen<\/strong>\u00a0\u2013 siehe Steinobst.<\/li>\n<li><strong>Pilze<\/strong>\u00a0\u2013 Giftige Pilze sind sowohl f\u00fcr Dich als auch f\u00fcr Deinen Hund gef\u00e4hrlich.<\/li>\n<li><strong>Rhabarber<\/strong>\u00a0\u2013 enth\u00e4lt mehrere Stoffe, die nicht gut f\u00fcr Deinen Hund sind.<\/li>\n<li><strong>Rosinen<\/strong>\u00a0\u2013 k\u00f6nnen bei Hunden akutes Nierenversagen verursachen.<\/li>\n<li><strong>Safran<\/strong>\u00a0\u2013 kann mildere Vergiftungssymptome hervorrufen.<\/li>\n<li><strong>Salz<\/strong>\u00a0\u2013 auch Salzwasser und sehr salzige Speisen wie z. B. Speck.<\/li>\n<li><strong>Schmerztabletten<\/strong>\u00a0mit Paracetamol oder Acetylsalicyls\u00e4ure und andere Arzneimittel.<\/li>\n<li><strong>Schnittlauch<\/strong>\u00a0\u2013 siehe Zwiebelpflanzen.<\/li>\n<li><strong>Schokolade und Kakao<\/strong>\u00a0\u2013 enth\u00e4lt Theobromin, das f\u00fcr Deinen Hund giftig ist.<\/li>\n<li><strong>Spinat<\/strong>\u00a0\u2013 ist nicht giftig, sollte aber begrenzt werden.<\/li>\n<li><strong>Steinobst<\/strong>\u00a0\u2013 wie z. B. Aprikosen, Kirschen und Pflaumen. Der Zellkern von Steinobst enth\u00e4lt Amygdalin.<\/li>\n<li><strong>Teig<\/strong>\u00a0\u2013 Teig, der g\u00e4rt, ist sch\u00e4dlich f\u00fcr Deinen Hund.<\/li>\n<li><strong>Tomaten\u00a0<\/strong>\u2013 Gib Deinem Hund keine gr\u00fcnen Tomaten, die kleinere Mengen an Tomatin enthalten k\u00f6nnen, was sch\u00e4dlich f\u00fcr Deinen Hund sein kann.<\/li>\n<li><strong>Weintrauben<\/strong>\u00a0\u2013 k\u00f6nnen zu Nierenversagen f\u00fchren. Eine einzelne Traube ist nicht gef\u00e4hrlich, in gro\u00dfen Mengen aber problematisch.<\/li>\n<li><strong>Xylit<\/strong>\u00a0\u2013 S\u00fc\u00dfungsmittel in beispielsweise Zahnpasta, Kaugummi und zuckerfreien S\u00fc\u00dfigkeiten.<\/li>\n<li><strong>Zimt<\/strong>\u00a0\u2013 ist ungiftig, kann jedoch das Maul und den Magen-Darm-Trakt reizen.<\/li>\n<li><strong>Zitrusfr\u00fcchte<\/strong>\u00a0\u2013k\u00f6nnen zu Allergien und Magen-Darm-Problemen f\u00fchren. Kleinere Mengen sind nicht gef\u00e4hrlich.<\/li>\n<li><strong>Zwiebelpflanzen\u00a0<\/strong>sind wie Zwiebeln, Knoblauch und Schnittlauch f\u00fcr Deinen Hund wirklich sehr giftig. Dies gilt sowohl f\u00fcr rohe als auch f\u00fcr gekochte Zwiebeln. Zwiebelpflanzen enthalten Allicin, was f\u00fcr Hunde giftig ist.<\/li>\n<\/ul>\n<p><strong>Wenn du vermutest, dass sich dein Hund vergiftet hat, kontaktiere immer einen sofort Tierarzt.<\/strong><\/p>\n<p><strong>Lies hier mehr \u00fcber Gefahren f\u00fcr Hunde<\/strong><\/p>\n<ul>\n<li><a href=\"https:\/\/bozita.com\/de\/leben-mit-hund\/die-gesundheit-des-hundes\/aufbluhen-der-algen\/\">Algenbl\u00fcten k\u00f6nnen bei Hunden eine Algenvergiftung verursachen<\/a><\/li>\n<li><a href=\"https:\/\/bozita.com\/de\/leben-mit-hund\/die-gesundheit-des-hundes\/vipern-mogen-die-sonne\/\">Otternbiss Hund \u2013 so kannst Du Euch sch\u00fctzen\u00a0<\/a><\/li>\n<li><a href=\"https:\/\/bozita.com\/de\/leben-mit-hund\/die-gesundheit-des-hundes\/vorsicht-vergiftungsgefahr-durch-pilze-im-wald\/\">Pilzvergiftung Hund \u2013 Vorsicht im Pilzwald\u00a0<\/a><\/li>\n<\/ul>\n\t\t\t<\/div>\n\t\t<\/div>\n\t<\/div>\n\n\n<section class=\"block product-promos\">\n\t<div class=\"container\">\n\t\t<div class=\"row align-items-center\">\n\t\t\t<div class=\"col-md-5\">\n\t\t\t\t<div class=\"prdt__promos-heading\">\n\t\t\t\t\t<h3>\n\t\t\t\t\t\tGutes Futter f\u00fcr Welpen und Junghunde\t\t\t\t\t<\/h3>\n\t\t\t\t\t\t\t\t\t<\/div>\n\t\t\t<\/div>\n\t\t\t<div class=\"col-md-7\">\n\t\t\t\t\t\t\t\t\t<div class=\"owl-carousel owl-theme product-promo-carousel\">\n\t\t\t\t\t\t\t\t\t\t\t\t\t<a href=\"https:\/\/bozita.com\/de\/hundefutter\/bozita-robur-mother-and-puppy-old\/\">\n\t\t\t\t\t\t\t\t<div class=\"blk__prdt-item\">\n\t\t\t\t\t\t\t\t\t<figure>\n\t\t\t\t\t\t\t\t\t\t<img loading=\"lazy\" decoding=\"async\" width=\"400\" height=\"457\" src=\"https:\/\/bozita.com\/de\/wp-content\/uploads\/sites\/8\/2021\/06\/2035-bozita-robur-mother-puppy.png\" class=\"attachment-post-thumbnail size-post-thumbnail wp-post-image\" alt=\"Bozita Robur Mother &amp; Puppy\" srcset=\"https:\/\/bozita.com\/de\/wp-content\/uploads\/sites\/8\/2021\/06\/2035-bozita-robur-mother-puppy.png 400w, https:\/\/bozita.com\/de\/wp-content\/uploads\/sites\/8\/2021\/06\/2035-bozita-robur-mother-puppy-263x300.png 263w\" sizes=\"(max-width: 400px) 100vw, 400px\" \/>\t\t\t\t\t\t\t\t\t\t\t\t\t\t\t\t\t\t\t<\/figure>\n\t\t\t\t\t\t\t\t\t<h4 class=\"carousel-title\"><\/h4>\n\t\t\t\t\t\t\t\t\t<span class=\"carousel-category\">Bozita Robur Mother &amp; Puppy<\/span>\n\t\t\t\t\t\t\t\t\t  \n\t\t\t\t\t\t\t\t\t<ul class=\"category-list\">\n\t\t\t\t\t\t\t\t\t\t\t\t\t\t\t\t\t\t\t\t\t\t\t<li class=\"svg-image\">\n\t\t\t\t\t\t\t\t\t\t\t\t\t\t<img decoding=\"async\" src=\"https:\/\/bozita.com\/de\/wp-content\/uploads\/sites\/8\/2021\/06\/icon-wheat-free.svg\" \/>\n\t\t\t\t\t\t\t\t\t\t\t\t\t<\/li>\n\t\t\t\t\t\t\t\t\t\t\t\t\t\t\t\t\t\t\t\t\t\t\t\t\t\t\t\t\t\t\t\t\t\t\t\t<li class=\"svg-image\">\n\t\t\t\t\t\t\t\t\t\t\t\t\t\t<img decoding=\"async\" src=\"https:\/\/bozita.com\/de\/wp-content\/uploads\/sites\/8\/2021\/06\/icon-flavour-chicken.svg\" \/>\n\t\t\t\t\t\t\t\t\t\t\t\t\t<\/li>\n\t\t\t\t\t\t\t\t\t\t\t\t\t\t\t\t\t\t\t\t\t\t<\/ul>       \n\n\t\t\t\t\t\t\t\t<\/div>\n\t\t\t\t\t\t\t<\/a>\n\t\t\t\t\t\t\t\t\t\t\t\t\t\t\t\t\t\t\t\t<a href=\"https:\/\/bozita.com\/de\/hundefutter\/bozita-robur-mother-and-puppy-xl-old\/\">\n\t\t\t\t\t\t\t\t<div class=\"blk__prdt-item\">\n\t\t\t\t\t\t\t\t\t<figure>\n\t\t\t\t\t\t\t\t\t\t<img loading=\"lazy\" decoding=\"async\" width=\"400\" height=\"457\" src=\"https:\/\/bozita.com\/de\/wp-content\/uploads\/sites\/8\/2021\/06\/2036-bozita-robur-mother-puppy-xl.png\" class=\"attachment-post-thumbnail size-post-thumbnail wp-post-image\" alt=\"Bozita Active &amp; Sterilised Getreidefrei Lamm\" srcset=\"https:\/\/bozita.com\/de\/wp-content\/uploads\/sites\/8\/2021\/06\/2036-bozita-robur-mother-puppy-xl.png 400w, https:\/\/bozita.com\/de\/wp-content\/uploads\/sites\/8\/2021\/06\/2036-bozita-robur-mother-puppy-xl-263x300.png 263w\" sizes=\"(max-width: 400px) 100vw, 400px\" \/>\t\t\t\t\t\t\t\t\t\t\t\t\t\t\t\t\t\t\t<\/figure>\n\t\t\t\t\t\t\t\t\t<h4 class=\"carousel-title\"><\/h4>\n\t\t\t\t\t\t\t\t\t<span class=\"carousel-category\">Bozita Robur Mother &amp; Puppy XL<\/span>\n\t\t\t\t\t\t\t\t\t  \n\t\t\t\t\t\t\t\t\t<ul class=\"category-list\">\n\t\t\t\t\t\t\t\t\t\t\t\t\t\t\t\t\t\t\t\t\t\t\t<li class=\"svg-image\">\n\t\t\t\t\t\t\t\t\t\t\t\t\t\t<img decoding=\"async\" src=\"https:\/\/bozita.com\/de\/wp-content\/uploads\/sites\/8\/2021\/06\/icon-wheat-free.svg\" \/>\n\t\t\t\t\t\t\t\t\t\t\t\t\t<\/li>\n\t\t\t\t\t\t\t\t\t\t\t\t\t\t\t\t\t\t\t\t\t\t\t\t\t\t\t\t\t\t\t\t\t\t\t\t<li class=\"svg-image\">\n\t\t\t\t\t\t\t\t\t\t\t\t\t\t<img decoding=\"async\" src=\"https:\/\/bozita.com\/de\/wp-content\/uploads\/sites\/8\/2021\/06\/icon-flavour-chicken.svg\" \/>\n\t\t\t\t\t\t\t\t\t\t\t\t\t<\/li>\n\t\t\t\t\t\t\t\t\t\t\t\t\t\t\t\t\t\t\t\t\t\t<\/ul>       \n\n\t\t\t\t\t\t\t\t<\/div>\n\t\t\t\t\t\t\t<\/a>\n\t\t\t\t\t\t\t\t\t\t\t\t\t\t\t\t\t\t<\/div>\n\t\t\t\t\t\t\t<\/div>\n\t\t<\/div>\n\t<\/div>\n<\/section>\n<script>\njQuery(document).ready(function($) {\n\tjQuery('.product-promo-carousel').owlCarousel({\n\tloop: true,\n\tmargin: 10,\n\tresponsiveClass: true,\n\tresponsive: {\n\t\t0: {\n\t\titems: 1,\n\t\tnav: true\n\t\t},\n\t\t600: {\n\t\titems: 1,\n\t\tnav: true\n\t\t},\n\t\t1000: {\n\t\titems: 2,\n\t\tnav: true,\n\t\t}\n\t}\n\t})\n\tjQuery(\".owl-prev\").html('<span><<\/span>');\n\tjQuery(\".owl-next\").html('<span>><\/span>');\n\n\tvar slider = jQuery('.promo-slider-list');\n\tslider.owlCarousel();\n\tjQuery('.nextbtn-a').click(function() {\n\tslider.trigger('next.owl.carousel');\n\t})\n\t\/\/ Go to the previous item\n\tjQuery('.prebtn-a').click(function() {\n\tslider.trigger('prev.owl.carousel', [300]);\n\t})\n});\n<\/script>\n\n\n\n\t<section class=\"block related-articles\">\n\t\t<div class=\"container\">\n\t\t\t<h2>Entdecke weitere Artikel<\/h2>\n\t\t\t<div class=\"row justify-content-center\">\n\t\t\t\t\t\t\t\t\t\t<div class=\"col-sm-6 col-md-6 col-lg-3\">\n\t\t\t\t\t\t\t\t\t\t\t\t\t\t<div class=\"card \">\n\t\t\t\t\t\t\t\t\t\t\t\t\t\t\t\t\t<img decoding=\"async\"  src=\"https:\/\/bozita.com\/de\/wp-content\/uploads\/sites\/8\/2021\/08\/bozita_swedish-natural-quality.jpg\" alt=\"\">\n\t\t\t\t\t\t\t\t\t\t\t\t\t\t\t\t\t<!-- <img decoding=\"async\" src=\"\n\t\t\t\t\t\t\t\t\t\t\t\t\t\t\t\t\t\t\t\t\" alt=\"\n\t\t\t\t\t\t\t\t\t\t\t\t\t\t\t\t\t\t\t\t\t\t\t\t\t\t\t\"> -->\n\t\t\t\t\t\t\t\t<div class=\"card-body\">\n\t\t\t\t\t\t\t\t\t\t\t\t\t\t\t\t\t\t\t<h6>Was essen Hunde? Wie viel sollte ein Hund fressen?<\/h6>\n\t\t\t\t\t\t\t\t\t\t\t\t\t\t\t\t\t\t\t<a href=\"https:\/\/bozita.com\/de\/hundefutter\/ernahrung-and-diat\/was-und-wie-viel-sollte-ein-hund-am-tag-fressen\/\">Weiterlesen &nbsp; ><\/a>\n\t\t\t\t\t\t\t\t<\/div>\n\t\t\t\t\t\t\t<\/div>\n\t\t\t\t\t\t<\/div>\n\n\t\t\t\t\t\t\t\t\t\t\t<div class=\"col-sm-6 col-md-6 col-lg-3\">\n\t\t\t\t\t\t\t\t\t\t\t\t\t\t<div class=\"card \">\n\t\t\t\t\t\t\t\t\t\t\t\t\t\t\t\t\t<img decoding=\"async\"  src=\"https:\/\/bozita.com\/de\/wp-content\/uploads\/sites\/8\/2021\/08\/bozita-hund-byta-valpfoder-vuxenfoder.jpeg\" alt=\"\">\n\t\t\t\t\t\t\t\t\t\t\t\t\t\t\t\t\t<!-- <img decoding=\"async\" src=\"\n\t\t\t\t\t\t\t\t\t\t\t\t\t\t\t\t\t\t\t\t\" alt=\"\n\t\t\t\t\t\t\t\t\t\t\t\t\t\t\t\t\t\t\t\t\t\t\t\t\t\t\t\"> -->\n\t\t\t\t\t\t\t\t<div class=\"card-body\">\n\t\t\t\t\t\t\t\t\t\t\t\t\t\t\t\t\t\t\t<h6>Vom Welpenfutter zum normalen Futter wechseln<\/h6>\n\t\t\t\t\t\t\t\t\t\t\t\t\t\t\t\t\t\t\t<a href=\"https:\/\/bozita.com\/de\/hundefutter\/ernahrung-and-diat\/vom-welpenfutter-zum-normalen-futter-wechseln\/\">Weiterlesen &nbsp; ><\/a>\n\t\t\t\t\t\t\t\t<\/div>\n\t\t\t\t\t\t\t<\/div>\n\t\t\t\t\t\t<\/div>\n\n\t\t\t\t\t\t\t\t\t\t\t<div class=\"col-sm-6 col-md-6 col-lg-3\">\n\t\t\t\t\t\t\t\t\t\t\t\t\t\t<div class=\"card \">\n\t\t\t\t\t\t\t\t\t\t\t\t\t\t\t\t\t<img decoding=\"async\"  src=\"https:\/\/bozita.com\/de\/wp-content\/uploads\/sites\/8\/2021\/08\/bozita_swedish-natural-quality.jpg\" alt=\"\">\n\t\t\t\t\t\t\t\t\t\t\t\t\t\t\t\t\t<!-- <img decoding=\"async\" src=\"\n\t\t\t\t\t\t\t\t\t\t\t\t\t\t\t\t\t\t\t\t\" alt=\"\n\t\t\t\t\t\t\t\t\t\t\t\t\t\t\t\t\t\t\t\t\t\t\t\t\t\t\t\"> -->\n\t\t\t\t\t\t\t\t<div class=\"card-body\">\n\t\t\t\t\t\t\t\t\t\t\t\t\t\t\t\t\t\t\t<h6>Warum Getreidefreies Hundefutter w\u00e4hlen<\/h6>\n\t\t\t\t\t\t\t\t\t\t\t\t\t\t\t\t\t\t\t<a href=\"https:\/\/bozita.com\/de\/hundefutter\/ernahrung-and-diat\/getreidefreies-hundefutter-alles-was-du-wissen-musst\/\">Weiterlesen &nbsp; ><\/a>\n\t\t\t\t\t\t\t\t<\/div>\n\t\t\t\t\t\t\t<\/div>\n\t\t\t\t\t\t<\/div>\n\n\t\t\t\t\t\t\t\t\t\t\t\t<\/div>\n\t\t<\/div>\n\t<\/section>\n","protected":false},"excerpt":{"rendered":"","protected":false},"author":1,"featured_media":6972,"parent":7043,"menu_order":0,"comment_status":"closed","ping_status":"closed","template":"guternberg.php","meta":{"footnotes":""},"acf":[],"yoast_head":"<!-- This site is optimized with the Yoast SEO plugin v21.3 - https:\/\/yoast.com\/wordpress\/plugins\/seo\/ -->\n<title>Was d\u00fcrfen Hunde nicht fressen? | Bozita DE<\/title>\n<meta name=\"description\" content=\"Wie ist das mit Hunden und Schokolade? D\u00fcrfen Hunde Trauben fressen? Was d\u00fcrfen Hunde nicht fressen und was ist unmittelbar gef\u00e4hrlich f\u00fcr Hunde?\" \/>\n<meta name=\"robots\" content=\"index, follow, max-snippet:-1, max-image-preview:large, max-video-preview:-1\" \/>\n<link rel=\"canonical\" href=\"https:\/\/bozita.com\/de\/hundefutter\/ernahrung-and-diat\/was-durfen-hunde-nicht-fressen\/\" \/>\n<meta property=\"og:locale\" content=\"de_DE\" \/>\n<meta property=\"og:type\" content=\"article\" \/>\n<meta property=\"og:title\" content=\"Was d\u00fcrfen Hunde nicht fressen? | Bozita DE\" \/>\n<meta property=\"og:description\" content=\"Wie ist das mit Hunden und Schokolade? D\u00fcrfen Hunde Trauben fressen? Was d\u00fcrfen Hunde nicht fressen und was ist unmittelbar gef\u00e4hrlich f\u00fcr Hunde?\" \/>\n<meta property=\"og:url\" content=\"https:\/\/bozita.com\/de\/hundefutter\/ernahrung-and-diat\/was-durfen-hunde-nicht-fressen\/\" \/>\n<meta property=\"og:site_name\" content=\"Bozita DE\" \/>\n<meta property=\"article:modified_time\" content=\"2024-11-05T13:12:42+00:00\" \/>\n<meta property=\"og:image\" content=\"https:\/\/bozita.com\/de\/wp-content\/uploads\/sites\/8\/2021\/06\/bozita-utfodra-valp.jpg\" \/>\n\t<meta property=\"og:image:width\" content=\"1600\" \/>\n\t<meta property=\"og:image:height\" content=\"578\" \/>\n\t<meta property=\"og:image:type\" content=\"image\/jpeg\" \/>\n<meta name=\"twitter:card\" content=\"summary_large_image\" \/>\n<!-- \/ Yoast SEO plugin. -->","yoast_head_json":{"title":"Was d\u00fcrfen Hunde nicht fressen? | Bozita DE","description":"Wie ist das mit Hunden und Schokolade? D\u00fcrfen Hunde Trauben fressen? Was d\u00fcrfen Hunde nicht fressen und was ist unmittelbar gef\u00e4hrlich f\u00fcr Hunde?","robots":{"index":"index","follow":"follow","max-snippet":"max-snippet:-1","max-image-preview":"max-image-preview:large","max-video-preview":"max-video-preview:-1"},"canonical":"https:\/\/bozita.com\/de\/hundefutter\/ernahrung-and-diat\/was-durfen-hunde-nicht-fressen\/","og_locale":"de_DE","og_type":"article","og_title":"Was d\u00fcrfen Hunde nicht fressen? | Bozita DE","og_description":"Wie ist das mit Hunden und Schokolade? D\u00fcrfen Hunde Trauben fressen? Was d\u00fcrfen Hunde nicht fressen und was ist unmittelbar gef\u00e4hrlich f\u00fcr Hunde?","og_url":"https:\/\/bozita.com\/de\/hundefutter\/ernahrung-and-diat\/was-durfen-hunde-nicht-fressen\/","og_site_name":"Bozita DE","article_modified_time":"2024-11-05T13:12:42+00:00","og_image":[{"width":1600,"height":578,"url":"https:\/\/bozita.com\/de\/wp-content\/uploads\/sites\/8\/2021\/06\/bozita-utfodra-valp.jpg","type":"image\/jpeg"}],"twitter_card":"summary_large_image","schema":{"@context":"https:\/\/schema.org","@graph":[{"@type":"WebPage","@id":"https:\/\/bozita.com\/de\/hundefutter\/ernahrung-and-diat\/was-durfen-hunde-nicht-fressen\/","url":"https:\/\/bozita.com\/de\/hundefutter\/ernahrung-and-diat\/was-durfen-hunde-nicht-fressen\/","name":"Was d\u00fcrfen Hunde nicht fressen? | Bozita DE","isPartOf":{"@id":"https:\/\/bozita.com\/de\/#website"},"datePublished":"2021-06-20T21:23:57+00:00","dateModified":"2024-11-05T13:12:42+00:00","description":"Wie ist das mit Hunden und Schokolade? D\u00fcrfen Hunde Trauben fressen? Was d\u00fcrfen Hunde nicht fressen und was ist unmittelbar gef\u00e4hrlich f\u00fcr Hunde?","breadcrumb":{"@id":"https:\/\/bozita.com\/de\/hundefutter\/ernahrung-and-diat\/was-durfen-hunde-nicht-fressen\/#breadcrumb"},"inLanguage":"de","potentialAction":[{"@type":"ReadAction","target":["https:\/\/bozita.com\/de\/hundefutter\/ernahrung-and-diat\/was-durfen-hunde-nicht-fressen\/"]}]},{"@type":"BreadcrumbList","@id":"https:\/\/bozita.com\/de\/hundefutter\/ernahrung-and-diat\/was-durfen-hunde-nicht-fressen\/#breadcrumb","itemListElement":[{"@type":"ListItem","position":1,"name":"Startseite","item":"https:\/\/bozita.com\/de\/"},{"@type":"ListItem","position":2,"name":"Hundefutter &#8211; In Schweden hergestellt und nat\u00fcrlich","item":"https:\/\/bozita.com\/de\/hundefutter\/"},{"@type":"ListItem","position":3,"name":"Ern\u00e4hrung und Di\u00e4t","item":"https:\/\/bozita.com\/de\/hundefutter\/ernahrung-and-diat\/"},{"@type":"ListItem","position":4,"name":"Was d\u00fcrfen Hunde nicht fressen?"}]},{"@type":"WebSite","@id":"https:\/\/bozita.com\/de\/#website","url":"https:\/\/bozita.com\/de\/","name":"Bozita DE","description":"","potentialAction":[{"@type":"SearchAction","target":{"@type":"EntryPoint","urlTemplate":"https:\/\/bozita.com\/de\/?s={search_term_string}"},"query-input":"required name=search_term_string"}],"inLanguage":"de"}]}},"_links":{"self":[{"href":"https:\/\/bozita.com\/de\/wp-json\/wp\/v2\/pages\/7140"}],"collection":[{"href":"https:\/\/bozita.com\/de\/wp-json\/wp\/v2\/pages"}],"about":[{"href":"https:\/\/bozita.com\/de\/wp-json\/wp\/v2\/types\/page"}],"author":[{"embeddable":true,"href":"https:\/\/bozita.com\/de\/wp-json\/wp\/v2\/users\/1"}],"replies":[{"embeddable":true,"href":"https:\/\/bozita.com\/de\/wp-json\/wp\/v2\/comments?post=7140"}],"version-history":[{"count":22,"href":"https:\/\/bozita.com\/de\/wp-json\/wp\/v2\/pages\/7140\/revisions"}],"predecessor-version":[{"id":29210,"href":"https:\/\/bozita.com\/de\/wp-json\/wp\/v2\/pages\/7140\/revisions\/29210"}],"up":[{"embeddable":true,"href":"https:\/\/bozita.com\/de\/wp-json\/wp\/v2\/pages\/7043"}],"wp:featuredmedia":[{"embeddable":true,"href":"https:\/\/bozita.com\/de\/wp-json\/wp\/v2\/media\/6972"}],"wp:attachment":[{"href":"https:\/\/bozita.com\/de\/wp-json\/wp\/v2\/media?parent=7140"}],"curies":[{"name":"wp","href":"https:\/\/api.w.org\/{rel}","templated":true}]}}