{"id":11462,"date":"2025-04-30T06:49:45","date_gmt":"2025-04-30T06:49:45","guid":{"rendered":"https:\/\/bozita.com\/fi\/?page_id=11462"},"modified":"2025-07-03T10:55:32","modified_gmt":"2025-07-03T10:55:32","slug":"postbiotics-go","status":"publish","type":"page","link":"https:\/\/bozita.com\/fi\/postbiotics-go\/","title":{"rendered":"Postbiootit"},"content":{"rendered":"\n\t\t<section class=\"small-hero-with-image\">\n\t\t\t\t\t\t\t<img decoding=\"async\" class=\"background-image\" src=\"https:\/\/bozita.com\/fi\/wp-content\/uploads\/sites\/11\/2025\/04\/Postbiotics-heroimage-scaled.jpg\" alt=\"\">\n\t\t\t\t\t\t\t<div class=\"overlay-v1 overlay-bg\">\n\t\t\t\t<div class=\"container\">\n\t\t\t\t\t<div class=\"row\">\n\t\t\t\t\t\t<div class=\"col-md-6 col-lg-5\">\n\t\t\t\t\t\t\t<h1>Ensimm\u00e4inen ja ainoa eurooppalainen koiran- ja kissaruokamerkki, joka sis\u00e4lt\u00e4\u00e4 postbiootteja.<\/h1><p><p>Uusi postbiootteja sis\u00e4lt\u00e4v\u00e4 Bozita \u2013 tukee koirasi ja kissasi terveytt\u00e4 ja hyvinvointia entist\u00e4 paremmin.<\/p>\n<\/p>\t\t\t\t\t\t<\/div>\n\t\t\t\t\t<\/div>\n\t\t\t\t<\/div>\n\t\t\t<\/div>\n\t\t<\/section>\n\t\t\n\n\t<div class=\"text-box-warp\">\n\t\t<div class=\"container\">\n\t\t\t<div class=\"text-content\">\n\t\t\t\t<h5>Mutta mit\u00e4 postbiootit oikein ovat, ja miksi ne ovat niin hy\u00f6dyllisi\u00e4?<\/h5>\n<p>Tutkimukset osoittavat postbiooteilla olevan useita positiivisia vaikutuksia terveyteen ja hyvinvointiin:<\/p>\n<h2>Optimoi immuunipuolustusj\u00e4rjestelm\u00e4\u00e4<\/h2>\n<p>Postbiootit voivat auttaa immuunij\u00e4rjestelm\u00e4\u00e4 reagoimaan nopeammin ja tehokkaammin edist\u00e4m\u00e4ll\u00e4 solujen kyky\u00e4 havaita bakteereita ja viruksia.<\/p>\n<h2>Edist\u00e4\u00e4 suolistoterveytt\u00e4<\/h2>\n<p>Terve suolistofloora on v\u00e4ltt\u00e4m\u00e4t\u00f6n ruoansulatuksen, ravinteiden imeytymisen ja yleisen hyvinvoinnin kannalta. Postbiootit auttavat parantamaan suolistotervett\u00e4 \u2013 mik\u00e4 voi my\u00f6s v\u00e4hent\u00e4\u00e4 ulosteiden hajua.<\/p>\n<h2>Enemm\u00e4n energiaa ja elinvoimaa<\/h2>\n<p>Tutkimukset osoittava, ett\u00e4 koirat, jotka saavat postbiootteja ravinnossaan, ovat usein aktiivisempia, valppaampia ja niiden liikuntakyky on parempi \u2013 ne jopa juoksevat nopeammin!<\/p>\n<h2>N\u00e4in eri biootit liittyv\u00e4t toisiinsa \u2013 pre-, pro- ja postbiootit<\/h2>\n<ul>\n<li><strong>Prebiootit<\/strong> \u2013 Kuidut, jotka toimivat ravintona suoliston hy\u00f6dyllisille bakteereille. (Ovat jo pitk\u00e4\u00e4n sis\u00e4ltyneet esimerkiksi Bozita Robur -koirien kuivaruokaan!)<\/li>\n<li><strong>Probiootit<\/strong> \u2013 El\u00e4vi\u00e4 hy\u00f6dyllisi\u00e4 bakteereja, jotka tukevat tervett\u00e4 ruoansulatusta ja suolistoflooraa. (Luonnostaan l\u00e4sn\u00e4 suolistossa!)<\/li>\n<li><strong>Postbiootit<\/strong> \u2013 Hy\u00f6dylliset yhdisteet, joita syntyy probioottisten bakteerien hajoittaessa prebiootteja ja muita ravintoaineita suolistossa.<\/li>\n<\/ul>\n<p>&nbsp;<\/p>\n<p><strong>UUTTA!<\/strong> Olemme nyt lis\u00e4nneet postbiootteja valikoituihin Bozita tuotteisiin!<\/p>\n<h2>Toisin sanoen:<\/h2>\n<p>Postbiootit ovat probioottien ja prebioottien vuorovaikutuksen tulosta \u2013 ja juuri n\u00e4m\u00e4 monihy\u00f6dylliset yhdisteet olemme lis\u00e4nneet antamaan koirallesi ja kissallesi aktiivisen ja terveellisen el\u00e4m\u00e4\u00e4n!<\/p>\n\t\t\t<\/div>\n\t\t<\/div>\n\t<\/div>\n\n\n<section class=\"block product-promos\">\n\t<div class=\"container\">\n\t\t<div class=\"row align-items-center\">\n\t\t\t<div class=\"col-md-5\">\n\t\t\t\t<div class=\"prdt__promos-heading\">\n\t\t\t\t\t<h3>\n\t\t\t\t\t\tHYV\u00c4 RUOKA KOKO EL\u00c4M\u00c4N AJAN\t\t\t\t\t<\/h3>\n\t\t\t\t\t\t\t\t\t<\/div>\n\t\t\t<\/div>\n\t\t\t<div class=\"col-md-7\">\n\t\t\t\t\t\t\t\t\t<div class=\"owl-carousel owl-theme product-promo-carousel\">\n\t\t\t\t\t\t\t\t\t\t\t\t\t<a href=\"https:\/\/bozita.com\/fi\/koiranruoka\/bozita-robur-adult-maintenance\/\">\n\t\t\t\t\t\t\t\t<div class=\"blk__prdt-item\">\n\t\t\t\t\t\t\t\t\t<figure>\n\t\t\t\t\t\t\t\t\t\t<img loading=\"lazy\" decoding=\"async\" width=\"800\" height=\"800\" src=\"https:\/\/bozita.com\/fi\/wp-content\/uploads\/sites\/11\/1970\/01\/Bozita-Dog-Robur-Adult-Maintenance.png\" class=\"attachment-post-thumbnail size-post-thumbnail wp-post-image\" alt=\"ROBUR ADULT MAINTENANCE\" srcset=\"https:\/\/bozita.com\/fi\/wp-content\/uploads\/sites\/11\/1970\/01\/Bozita-Dog-Robur-Adult-Maintenance.png 800w, https:\/\/bozita.com\/fi\/wp-content\/uploads\/sites\/11\/1970\/01\/Bozita-Dog-Robur-Adult-Maintenance-300x300.png 300w, https:\/\/bozita.com\/fi\/wp-content\/uploads\/sites\/11\/1970\/01\/Bozita-Dog-Robur-Adult-Maintenance-150x150.png 150w, https:\/\/bozita.com\/fi\/wp-content\/uploads\/sites\/11\/1970\/01\/Bozita-Dog-Robur-Adult-Maintenance-768x768.png 768w\" sizes=\"(max-width: 800px) 100vw, 800px\" \/>\t\t\t\t\t\t\t\t\t\t\t\t\t\t\t\t\t\t\t\t\t<div class=\"thumbnail-badge left\" style=\"background-image: url(https:\/\/bozita.com\/fi\/wp-content\/uploads\/sites\/11\/2024\/05\/bozita-blue-badge.png);\">\n\t\t\t\t\t\t\t\t\t\t\t\t<span>Uusi design<\/span>\t\t\t\t\t\t\t\t\t\t\t<\/div>\n\t\t\t\t\t\t\t\t\t\t\t\t\t\t\t\t\t\t\t\t<\/figure>\n\t\t\t\t\t\t\t\t\t<h4 class=\"carousel-title\"><\/h4>\n\t\t\t\t\t\t\t\t\t<span class=\"carousel-category\">ROBUR ADULT MAINTENANCE<\/span>\n\t\t\t\t\t\t\t\t\t  \n\t\t\t\t\t\t\t\t\t<ul class=\"category-list\">\n\t\t\t\t\t\t\t\t\t\t\t\t\t\t\t\t\t\t\t\t\t\t\t<li class=\"svg-image\">\n\t\t\t\t\t\t\t\t\t\t\t\t\t\t<img decoding=\"async\" src=\"https:\/\/bozita.com\/fi\/wp-content\/uploads\/sites\/11\/2023\/09\/icon-wheat-free.svg\" \/>\n\t\t\t\t\t\t\t\t\t\t\t\t\t<\/li>\n\t\t\t\t\t\t\t\t\t\t\t\t\t\t\t\t\t\t\t\t\t\t\t\t\t\t\t\t\t\t\t\t\t\t\t\t<li class=\"svg-image\">\n\t\t\t\t\t\t\t\t\t\t\t\t\t\t<img decoding=\"async\" src=\"https:\/\/bozita.com\/fi\/wp-content\/uploads\/sites\/11\/2023\/09\/icon-flavour-chicken.svg\" \/>\n\t\t\t\t\t\t\t\t\t\t\t\t\t<\/li>\n\t\t\t\t\t\t\t\t\t\t\t\t\t\t\t\t\t\t\t\t\t\t<\/ul>       \n\n\t\t\t\t\t\t\t\t<\/div>\n\t\t\t\t\t\t\t<\/a>\n\t\t\t\t\t\t\t\t\t\t\t\t\t\t\t\t\t\t\t\t<a href=\"https:\/\/bozita.com\/fi\/koiranruoka\/bozita-robur-active-performance\/\">\n\t\t\t\t\t\t\t\t<div class=\"blk__prdt-item\">\n\t\t\t\t\t\t\t\t\t<figure>\n\t\t\t\t\t\t\t\t\t\t<img loading=\"lazy\" decoding=\"async\" width=\"1300\" height=\"1300\" src=\"https:\/\/bozita.com\/fi\/wp-content\/uploads\/sites\/11\/1970\/01\/Bozita-Dog-Robur-Adult-Active-Performance-Reindeer.png\" class=\"attachment-post-thumbnail size-post-thumbnail wp-post-image\" alt=\"ROBUR ACTIVE PERFORMANCE\" srcset=\"https:\/\/bozita.com\/fi\/wp-content\/uploads\/sites\/11\/1970\/01\/Bozita-Dog-Robur-Adult-Active-Performance-Reindeer.png 1300w, https:\/\/bozita.com\/fi\/wp-content\/uploads\/sites\/11\/1970\/01\/Bozita-Dog-Robur-Adult-Active-Performance-Reindeer-300x300.png 300w, https:\/\/bozita.com\/fi\/wp-content\/uploads\/sites\/11\/1970\/01\/Bozita-Dog-Robur-Adult-Active-Performance-Reindeer-1024x1024.png 1024w, https:\/\/bozita.com\/fi\/wp-content\/uploads\/sites\/11\/1970\/01\/Bozita-Dog-Robur-Adult-Active-Performance-Reindeer-150x150.png 150w, https:\/\/bozita.com\/fi\/wp-content\/uploads\/sites\/11\/1970\/01\/Bozita-Dog-Robur-Adult-Active-Performance-Reindeer-768x768.png 768w\" sizes=\"(max-width: 1300px) 100vw, 1300px\" \/>\t\t\t\t\t\t\t\t\t\t\t\t\t\t\t\t\t\t\t\t\t<div class=\"thumbnail-badge left\" style=\"background-image: url(https:\/\/bozita.com\/fi\/wp-content\/uploads\/sites\/11\/2024\/05\/bozita-blue-badge.png);\">\n\t\t\t\t\t\t\t\t\t\t\t\t<span>Uusi design<\/span>\t\t\t\t\t\t\t\t\t\t\t<\/div>\n\t\t\t\t\t\t\t\t\t\t\t\t\t\t\t\t\t\t\t\t<\/figure>\n\t\t\t\t\t\t\t\t\t<h4 class=\"carousel-title\"><\/h4>\n\t\t\t\t\t\t\t\t\t<span class=\"carousel-category\">ROBUR ACTIVE PERFORMANCE<\/span>\n\t\t\t\t\t\t\t\t\t  \n\t\t\t\t\t\t\t\t\t<ul class=\"category-list\">\n\t\t\t\t\t\t\t\t\t\t\t\t\t\t\t\t\t\t\t\t\t\t\t<li class=\"svg-image\">\n\t\t\t\t\t\t\t\t\t\t\t\t\t\t<img decoding=\"async\" src=\"https:\/\/bozita.com\/fi\/wp-content\/uploads\/sites\/11\/2023\/09\/icon-wheat-free.svg\" \/>\n\t\t\t\t\t\t\t\t\t\t\t\t\t<\/li>\n\t\t\t\t\t\t\t\t\t\t\t\t\t\t\t\t\t\t\t\t\t\t\t\t\t\t\t\t\t\t\t\t\t\t\t\t<li class=\"svg-image\">\n\t\t\t\t\t\t\t\t\t\t\t\t\t\t<img decoding=\"async\" src=\"https:\/\/bozita.com\/fi\/wp-content\/uploads\/sites\/11\/2023\/09\/icon-flavour-reindeer.svg\" \/>\n\t\t\t\t\t\t\t\t\t\t\t\t\t<\/li>\n\t\t\t\t\t\t\t\t\t\t\t\t\t\t\t\t\t\t\t\t\t\t<\/ul>       \n\n\t\t\t\t\t\t\t\t<\/div>\n\t\t\t\t\t\t\t<\/a>\n\t\t\t\t\t\t\t\t\t\t\t\t\t\t\t\t\t\t\t\t\t\t\t\t\t\t\t<a href=\"https:\/\/bozita.com\/fi\/koiranruoka\/bozita-robur-mother-puppy\/\">\n\t\t\t\t\t\t\t\t<div class=\"blk__prdt-item\">\n\t\t\t\t\t\t\t\t\t<figure>\n\t\t\t\t\t\t\t\t\t\t<img loading=\"lazy\" decoding=\"async\" width=\"1300\" height=\"1300\" src=\"https:\/\/bozita.com\/fi\/wp-content\/uploads\/sites\/11\/1970\/01\/Bozita-Dog-Robur-Puppy-Junior.png\" class=\"attachment-post-thumbnail size-post-thumbnail wp-post-image\" alt=\"ROBUR PUPPY &amp; JUNIOR\" srcset=\"https:\/\/bozita.com\/fi\/wp-content\/uploads\/sites\/11\/1970\/01\/Bozita-Dog-Robur-Puppy-Junior.png 1300w, https:\/\/bozita.com\/fi\/wp-content\/uploads\/sites\/11\/1970\/01\/Bozita-Dog-Robur-Puppy-Junior-300x300.png 300w, https:\/\/bozita.com\/fi\/wp-content\/uploads\/sites\/11\/1970\/01\/Bozita-Dog-Robur-Puppy-Junior-1024x1024.png 1024w, https:\/\/bozita.com\/fi\/wp-content\/uploads\/sites\/11\/1970\/01\/Bozita-Dog-Robur-Puppy-Junior-150x150.png 150w, https:\/\/bozita.com\/fi\/wp-content\/uploads\/sites\/11\/1970\/01\/Bozita-Dog-Robur-Puppy-Junior-768x768.png 768w\" sizes=\"(max-width: 1300px) 100vw, 1300px\" \/>\t\t\t\t\t\t\t\t\t\t\t\t\t\t\t\t\t\t\t\t\t<div class=\"thumbnail-badge left\" style=\"background-image: url(https:\/\/bozita.com\/fi\/wp-content\/uploads\/sites\/11\/2024\/05\/bozita-blue-badge.png);\">\n\t\t\t\t\t\t\t\t\t\t\t\t<span>Uusi design<\/span>\t\t\t\t\t\t\t\t\t\t\t<\/div>\n\t\t\t\t\t\t\t\t\t\t\t\t\t\t\t\t\t\t\t\t<\/figure>\n\t\t\t\t\t\t\t\t\t<h4 class=\"carousel-title\"><\/h4>\n\t\t\t\t\t\t\t\t\t<span class=\"carousel-category\">ROBUR PUPPY &amp; JUNIOR<\/span>\n\t\t\t\t\t\t\t\t\t  \n\t\t\t\t\t\t\t\t\t<ul class=\"category-list\">\n\t\t\t\t\t\t\t\t\t\t\t\t\t\t\t\t\t\t\t\t\t\t\t<li class=\"svg-image\">\n\t\t\t\t\t\t\t\t\t\t\t\t\t\t<img decoding=\"async\" src=\"https:\/\/bozita.com\/fi\/wp-content\/uploads\/sites\/11\/2023\/09\/icon-wheat-free.svg\" \/>\n\t\t\t\t\t\t\t\t\t\t\t\t\t<\/li>\n\t\t\t\t\t\t\t\t\t\t\t\t\t\t\t\t\t\t\t\t\t\t\t\t\t\t\t\t\t\t\t\t\t\t\t\t<li class=\"svg-image\">\n\t\t\t\t\t\t\t\t\t\t\t\t\t\t<img decoding=\"async\" src=\"https:\/\/bozita.com\/fi\/wp-content\/uploads\/sites\/11\/2023\/09\/icon-flavour-chicken.svg\" \/>\n\t\t\t\t\t\t\t\t\t\t\t\t\t<\/li>\n\t\t\t\t\t\t\t\t\t\t\t\t\t\t\t\t\t\t\t\t\t\t<\/ul>       \n\n\t\t\t\t\t\t\t\t<\/div>\n\t\t\t\t\t\t\t<\/a>\n\t\t\t\t\t\t\t\t\t\t\t\t\t\t\t\t\t\t\t\t<a href=\"https:\/\/bozita.com\/fi\/koiranruoka\/bozita-robur-senior\/\">\n\t\t\t\t\t\t\t\t<div class=\"blk__prdt-item\">\n\t\t\t\t\t\t\t\t\t<figure>\n\t\t\t\t\t\t\t\t\t\t<img loading=\"lazy\" decoding=\"async\" width=\"800\" height=\"800\" src=\"https:\/\/bozita.com\/fi\/wp-content\/uploads\/sites\/11\/1970\/01\/Bozita-Dog-Robur-Adult-Senior.png\" class=\"attachment-post-thumbnail size-post-thumbnail wp-post-image\" alt=\"ROBUR SENIOR\" srcset=\"https:\/\/bozita.com\/fi\/wp-content\/uploads\/sites\/11\/1970\/01\/Bozita-Dog-Robur-Adult-Senior.png 800w, https:\/\/bozita.com\/fi\/wp-content\/uploads\/sites\/11\/1970\/01\/Bozita-Dog-Robur-Adult-Senior-300x300.png 300w, https:\/\/bozita.com\/fi\/wp-content\/uploads\/sites\/11\/1970\/01\/Bozita-Dog-Robur-Adult-Senior-150x150.png 150w, https:\/\/bozita.com\/fi\/wp-content\/uploads\/sites\/11\/1970\/01\/Bozita-Dog-Robur-Adult-Senior-768x768.png 768w\" sizes=\"(max-width: 800px) 100vw, 800px\" \/>\t\t\t\t\t\t\t\t\t\t\t\t\t\t\t\t\t\t\t\t\t<div class=\"thumbnail-badge left\" style=\"background-image: url(https:\/\/bozita.com\/fi\/wp-content\/uploads\/sites\/11\/2024\/05\/bozita-blue-badge.png);\">\n\t\t\t\t\t\t\t\t\t\t\t\t<span>Uusi design<\/span>\t\t\t\t\t\t\t\t\t\t\t<\/div>\n\t\t\t\t\t\t\t\t\t\t\t\t\t\t\t\t\t\t\t\t<\/figure>\n\t\t\t\t\t\t\t\t\t<h4 class=\"carousel-title\"><\/h4>\n\t\t\t\t\t\t\t\t\t<span class=\"carousel-category\">ROBUR SENIOR<\/span>\n\t\t\t\t\t\t\t\t\t  \n\t\t\t\t\t\t\t\t\t<ul class=\"category-list\">\n\t\t\t\t\t\t\t\t\t\t\t\t\t\t\t\t\t\t\t\t\t\t\t<li class=\"svg-image\">\n\t\t\t\t\t\t\t\t\t\t\t\t\t\t<img decoding=\"async\" src=\"https:\/\/bozita.com\/fi\/wp-content\/uploads\/sites\/11\/2023\/09\/icon-wheat-free.svg\" \/>\n\t\t\t\t\t\t\t\t\t\t\t\t\t<\/li>\n\t\t\t\t\t\t\t\t\t\t\t\t\t\t\t\t\t\t\t\t\t\t\t\t\t\t\t\t\t\t\t\t\t\t\t\t<li class=\"svg-image\">\n\t\t\t\t\t\t\t\t\t\t\t\t\t\t<img decoding=\"async\" src=\"https:\/\/bozita.com\/fi\/wp-content\/uploads\/sites\/11\/2023\/09\/icon-flavour-chicken.svg\" \/>\n\t\t\t\t\t\t\t\t\t\t\t\t\t<\/li>\n\t\t\t\t\t\t\t\t\t\t\t\t\t\t\t\t\t\t\t\t\t\t<\/ul>       \n\n\t\t\t\t\t\t\t\t<\/div>\n\t\t\t\t\t\t\t<\/a>\n\t\t\t\t\t\t\t\t\t\t\t\t\t\t\t\t\t\t<\/div>\n\t\t\t\t\t\t\t<\/div>\n\t\t<\/div>\n\t<\/div>\n<\/section>\n<script>\njQuery(document).ready(function($) {\n\tjQuery('.product-promo-carousel').owlCarousel({\n\tloop: true,\n\tmargin: 10,\n\tresponsiveClass: true,\n\tresponsive: {\n\t\t0: {\n\t\titems: 1,\n\t\tnav: true\n\t\t},\n\t\t600: {\n\t\titems: 1,\n\t\tnav: true\n\t\t},\n\t\t1000: {\n\t\titems: 2,\n\t\tnav: true,\n\t\t}\n\t}\n\t})\n\tjQuery(\".owl-prev\").html('<span><<\/span>');\n\tjQuery(\".owl-next\").html('<span>><\/span>');\n\n\tvar slider = jQuery('.promo-slider-list');\n\tslider.owlCarousel();\n\tjQuery('.nextbtn-a').click(function() {\n\tslider.trigger('next.owl.carousel');\n\t})\n\t\/\/ Go to the previous item\n\tjQuery('.prebtn-a').click(function() {\n\tslider.trigger('prev.owl.carousel', [300]);\n\t})\n});\n<\/script>\n\n\n\n\t<section class=\"block explore-other-topics\">\n\t<div class=\"container\">\n\t\t<h2>Tutustu toisiin aiheisiin<\/h2>\n\t\t<div class=\"row\">\n\t\t\t\t\t\t\t\t<div class=\"col-md-6 col-lg-3\">\n\t\t\t\t\t\t\t\t\t\t\t\t\t<h6>Ravitsemus ja ruokavalio<\/h6>\n\t\t\t\t\t\t\t\t\t\t\t\t\t<div class=\"card \">\n\t\t\t\t\t\t\t<img loading=\"lazy\" decoding=\"async\" width=\"800\" height=\"537\" src=\"https:\/\/bozita.com\/fi\/wp-content\/uploads\/sites\/11\/2021\/06\/bozita-nutrition-kost.jpg\" class=\"attachment-post-thumbnail size-post-thumbnail wp-post-image\" alt=\"El\u00e4m\u00e4 koiran kanssa\" srcset=\"https:\/\/bozita.com\/fi\/wp-content\/uploads\/sites\/11\/2021\/06\/bozita-nutrition-kost.jpg 800w, https:\/\/bozita.com\/fi\/wp-content\/uploads\/sites\/11\/2021\/06\/bozita-nutrition-kost-300x201.jpg 300w, https:\/\/bozita.com\/fi\/wp-content\/uploads\/sites\/11\/2021\/06\/bozita-nutrition-kost-768x516.jpg 768w\" sizes=\"(max-width: 800px) 100vw, 800px\" \/>\n\t\t\t\t\t\t\t\t\t\t\t\t\t\t<div class=\"card-body\">\n\t\t\t\t\t\t\t\t\n\t\t\t\t\t\t\t\t\t\t\t\t\t\t\t\t\t<ul>\n\t\t\t\t\t\t\t\t\t\t\t\t\t\t\t\t\t\t\t\t\t<li><a href=\"https:\/\/bozita.com\/fi\/ravitsemus-ja-ruokavalio\/kuinka-paljon-pennun-pitaa-syoda-ja-mika-on-paras-ruoka\/\">Kuinka paljon pennun pit\u00e4\u00e4 sy\u00f6d\u00e4 ja mik\u00e4 on paras ruoka?<\/a><\/li>\n\t\t\t\t\t\t\t\t\t\t\t\t\t\t\t\t\t\t\t\t\t\t<li><a href=\"https:\/\/bozita.com\/fi\/ravitsemus-ja-ruokavalio\/vaihto-penturuoasta-aikuisen-koiran-ruokaan\/\">Vaihto penturuoasta aikuisen koiran ruokaan<\/a><\/li>\n\t\t\t\t\t\t\t\t\t\t\t\t\t\t\t\t\t\t\t\t\t\t<li><a href=\"https:\/\/bozita.com\/fi\/ravitsemus-ja-ruokavalio\/kantavien-ja-imettavien-narttujen-ruokinta\/\">Kantavien ja imett\u00e4vien narttujen ruokinta<\/a><\/li>\n\t\t\t\t\t\t\t\t\t\t\t\t\t\t\t\t\t\t\t\t<\/ul>\n\t\t\t\t\t\t\t\t\t\t\t\t\t\t\t\t<a target=\"\" href=\"https:\/\/bozita.com\/fi\/ravitsemus-ja-ruokavalio\/\" class=\"btn btn-primary\">More Articles<\/a>\n\t\t\t\t\t\t\t<\/div>\n\t\t\t\t\t\t<\/div>\n\t\t\t\t\t<\/div>\n\t\t\t\t\t\t\t\t\t\t<div class=\"col-md-6 col-lg-3\">\n\t\t\t\t\t\t\t\t\t\t\t\t\t<h6>Koirasi terveys<\/h6>\n\t\t\t\t\t\t\t\t\t\t\t\t\t<div class=\"card \">\n\t\t\t\t\t\t\t<img loading=\"lazy\" decoding=\"async\" width=\"800\" height=\"533\" src=\"https:\/\/bozita.com\/fi\/wp-content\/uploads\/sites\/11\/2021\/06\/bozita-avmaska-hundvalp-hund.jpg\" class=\"attachment-post-thumbnail size-post-thumbnail wp-post-image\" alt=\"El\u00e4m\u00e4 koiran kanssa\" srcset=\"https:\/\/bozita.com\/fi\/wp-content\/uploads\/sites\/11\/2021\/06\/bozita-avmaska-hundvalp-hund.jpg 800w, https:\/\/bozita.com\/fi\/wp-content\/uploads\/sites\/11\/2021\/06\/bozita-avmaska-hundvalp-hund-300x200.jpg 300w, https:\/\/bozita.com\/fi\/wp-content\/uploads\/sites\/11\/2021\/06\/bozita-avmaska-hundvalp-hund-768x512.jpg 768w\" sizes=\"(max-width: 800px) 100vw, 800px\" \/>\n\t\t\t\t\t\t\t\t\t\t\t\t\t\t<div class=\"card-body\">\n\t\t\t\t\t\t\t\t\n\t\t\t\t\t\t\t\t\t\t\t\t\t\t\t\t\t<ul>\n\t\t\t\t\t\t\t\t\t\t\t\t\t\t\t\t\t\t\t\t\t<li><a href=\"https:\/\/bozita.com\/fi\/koirasi-terveys\/levakukinta-ja-koirat-mita-sinun-tulee-tietaa\/\">Lev\u00e4kukinta ja koirat &#8211; mit\u00e4 sinun tulee tiet\u00e4\u00e4<\/a><\/li>\n\t\t\t\t\t\t\t\t\t\t\t\t\t\t\t\t\t\t\t\t\t\t<li><a href=\"https:\/\/bozita.com\/fi\/koirasi-terveys\/koirien-ja-pentujen-madottaminen\/\">Koirien ja pentujen madottaminen<\/a><\/li>\n\t\t\t\t\t\t\t\t\t\t\t\t\t\t\t\t\t\t\t\t\t\t<li><a href=\"https:\/\/bozita.com\/fi\/koirasi-terveys\/kaarmeenpuremat-kuinka-suojautua\/\">K\u00e4\u00e4rmeenpuremat &#8211; Kuinka suojautua<\/a><\/li>\n\t\t\t\t\t\t\t\t\t\t\t\t\t\t\t\t\t\t\t\t<\/ul>\n\t\t\t\t\t\t\t\t\t\t\t\t\t\t\t\t<a target=\"\" href=\"https:\/\/bozita.com\/fi\/koirasi-terveys\/\" class=\"btn btn-primary\">More Articles<\/a>\n\t\t\t\t\t\t\t<\/div>\n\t\t\t\t\t\t<\/div>\n\t\t\t\t\t<\/div>\n\t\t\t\t\t\t\t\t\t\t<div class=\"col-md-6 col-lg-3\">\n\t\t\t\t\t\t\t\t\t\t\t\t\t<h6>Aktivoi koiraasi<\/h6>\n\t\t\t\t\t\t\t\t\t\t\t\t\t<div class=\"card \">\n\t\t\t\t\t\t\t<img loading=\"lazy\" decoding=\"async\" width=\"800\" height=\"531\" src=\"https:\/\/bozita.com\/fi\/wp-content\/uploads\/sites\/11\/2021\/06\/bozita-aktivera-hund.jpg\" class=\"attachment-post-thumbnail size-post-thumbnail wp-post-image\" alt=\"Aktivoi koiraasi\" srcset=\"https:\/\/bozita.com\/fi\/wp-content\/uploads\/sites\/11\/2021\/06\/bozita-aktivera-hund.jpg 800w, https:\/\/bozita.com\/fi\/wp-content\/uploads\/sites\/11\/2021\/06\/bozita-aktivera-hund-300x199.jpg 300w, https:\/\/bozita.com\/fi\/wp-content\/uploads\/sites\/11\/2021\/06\/bozita-aktivera-hund-768x510.jpg 768w\" sizes=\"(max-width: 800px) 100vw, 800px\" \/>\n\t\t\t\t\t\t\t\t\t\t\t\t\t\t<div class=\"card-body\">\n\t\t\t\t\t\t\t\t\n\t\t\t\t\t\t\t\t\t\t\t\t\t\t\t\t\t<ul>\n\t\t\t\t\t\t\t\t\t\t\t\t\t\t\t\t\t\t\t\t\t<li><a href=\"https:\/\/bozita.com\/fi\/aktiovoi-koirasi\/koirien-tasapainoharjoittelu\/\">Koirien tasapainoharjoittelu<\/a><\/li>\n\t\t\t\t\t\t\t\t\t\t\t\t\t\t\t\t\t\t\t\t\t\t<li><a href=\"https:\/\/bozita.com\/fi\/aktiovoi-koirasi\/koirat-veneissa-nelja-turvallisuusvinkkia\/\">Koirat veneiss\u00e4 &#8211; nelj\u00e4 turvallisuusvinkki\u00e4<\/a><\/li>\n\t\t\t\t\t\t\t\t\t\t\t\t\t\t\t\t\t\t\t\t\t\t<li><a href=\"https:\/\/bozita.com\/fi\/aktiovoi-koirasi\/koirakurssit-ja-aktiviteetit\/\">Koirakurssit ja aktiviteetit<\/a><\/li>\n\t\t\t\t\t\t\t\t\t\t\t\t\t\t\t\t\t\t\t\t<\/ul>\n\t\t\t\t\t\t\t\t\t\t\t\t\t\t\t\t<a target=\"\" href=\"https:\/\/bozita.com\/fi\/aktiovoi-koirasi\/\" class=\"btn btn-primary\">More Articles<\/a>\n\t\t\t\t\t\t\t<\/div>\n\t\t\t\t\t\t<\/div>\n\t\t\t\t\t<\/div>\n\t\t\t\t\t\t\t\t\t\t<div class=\"col-md-6 col-lg-3\">\n\t\t\t\t\t\t\t\t\t\t\t\t\t<h6>Koiran hankinta<\/h6>\n\t\t\t\t\t\t\t\t\t\t\t\t\t<div class=\"card \">\n\t\t\t\t\t\t\t<img loading=\"lazy\" decoding=\"async\" width=\"800\" height=\"532\" src=\"https:\/\/bozita.com\/fi\/wp-content\/uploads\/sites\/11\/2021\/06\/bozita-kopa-hund.jpg\" class=\"attachment-post-thumbnail size-post-thumbnail wp-post-image\" alt=\"El\u00e4m\u00e4 koiran kanssa\" srcset=\"https:\/\/bozita.com\/fi\/wp-content\/uploads\/sites\/11\/2021\/06\/bozita-kopa-hund.jpg 800w, https:\/\/bozita.com\/fi\/wp-content\/uploads\/sites\/11\/2021\/06\/bozita-kopa-hund-300x200.jpg 300w, https:\/\/bozita.com\/fi\/wp-content\/uploads\/sites\/11\/2021\/06\/bozita-kopa-hund-768x511.jpg 768w\" sizes=\"(max-width: 800px) 100vw, 800px\" \/>\n\t\t\t\t\t\t\t\t\t\t\t\t\t\t<div class=\"card-body\">\n\t\t\t\t\t\t\t\t\n\t\t\t\t\t\t\t\t\t\t\t\t\t\t\t\t<a target=\"\" href=\"https:\/\/bozita.com\/fi\/koiran-hankinta\/\" class=\"btn btn-primary\">More Articles<\/a>\n\t\t\t\t\t\t\t<\/div>\n\t\t\t\t\t\t<\/div>\n\t\t\t\t\t<\/div>\n\t\t\t\t\t\t\t<\/div>\n\t<\/div>\n<\/section>\n","protected":false},"excerpt":{"rendered":"","protected":false},"author":1,"featured_media":0,"parent":0,"menu_order":0,"comment_status":"closed","ping_status":"closed","template":"guternberg.php","meta":{"footnotes":""},"acf":[],"yoast_head":"<!-- This site is optimized with the Yoast SEO plugin v21.3 - https:\/\/yoast.com\/wordpress\/plugins\/seo\/ -->\n<title>Postbiootit - Bozita Finland<\/title>\n<meta name=\"robots\" content=\"index, follow, max-snippet:-1, max-image-preview:large, max-video-preview:-1\" \/>\n<link rel=\"canonical\" href=\"https:\/\/bozita.com\/fi\/postbiotics-go\/\" \/>\n<meta property=\"og:locale\" content=\"fi_FI\" \/>\n<meta property=\"og:type\" content=\"article\" \/>\n<meta property=\"og:title\" content=\"Postbiootit - Bozita Finland\" \/>\n<meta property=\"og:url\" content=\"https:\/\/bozita.com\/fi\/postbiotics-go\/\" \/>\n<meta property=\"og:site_name\" content=\"Bozita Finland\" \/>\n<meta property=\"article:modified_time\" content=\"2025-07-03T10:55:32+00:00\" \/>\n<meta name=\"twitter:card\" content=\"summary_large_image\" \/>\n<!-- \/ Yoast SEO plugin. -->","yoast_head_json":{"title":"Postbiootit - Bozita Finland","robots":{"index":"index","follow":"follow","max-snippet":"max-snippet:-1","max-image-preview":"max-image-preview:large","max-video-preview":"max-video-preview:-1"},"canonical":"https:\/\/bozita.com\/fi\/postbiotics-go\/","og_locale":"fi_FI","og_type":"article","og_title":"Postbiootit - Bozita Finland","og_url":"https:\/\/bozita.com\/fi\/postbiotics-go\/","og_site_name":"Bozita Finland","article_modified_time":"2025-07-03T10:55:32+00:00","twitter_card":"summary_large_image","schema":{"@context":"https:\/\/schema.org","@graph":[{"@type":"WebPage","@id":"https:\/\/bozita.com\/fi\/postbiotics-go\/","url":"https:\/\/bozita.com\/fi\/postbiotics-go\/","name":"Postbiootit - Bozita Finland","isPartOf":{"@id":"https:\/\/bozita.com\/fi\/#website"},"datePublished":"2025-04-30T06:49:45+00:00","dateModified":"2025-07-03T10:55:32+00:00","breadcrumb":{"@id":"https:\/\/bozita.com\/fi\/postbiotics-go\/#breadcrumb"},"inLanguage":"fi","potentialAction":[{"@type":"ReadAction","target":["https:\/\/bozita.com\/fi\/postbiotics-go\/"]}]},{"@type":"BreadcrumbList","@id":"https:\/\/bozita.com\/fi\/postbiotics-go\/#breadcrumb","itemListElement":[{"@type":"ListItem","position":1,"name":"Koti","item":"https:\/\/bozita.com\/fi\/"},{"@type":"ListItem","position":2,"name":"Postbiootit"}]},{"@type":"WebSite","@id":"https:\/\/bozita.com\/fi\/#website","url":"https:\/\/bozita.com\/fi\/","name":"Bozita Finland","description":"","potentialAction":[{"@type":"SearchAction","target":{"@type":"EntryPoint","urlTemplate":"https:\/\/bozita.com\/fi\/?s={search_term_string}"},"query-input":"required name=search_term_string"}],"inLanguage":"fi"}]}},"_links":{"self":[{"href":"https:\/\/bozita.com\/fi\/wp-json\/wp\/v2\/pages\/11462"}],"collection":[{"href":"https:\/\/bozita.com\/fi\/wp-json\/wp\/v2\/pages"}],"about":[{"href":"https:\/\/bozita.com\/fi\/wp-json\/wp\/v2\/types\/page"}],"author":[{"embeddable":true,"href":"https:\/\/bozita.com\/fi\/wp-json\/wp\/v2\/users\/1"}],"replies":[{"embeddable":true,"href":"https:\/\/bozita.com\/fi\/wp-json\/wp\/v2\/comments?post=11462"}],"version-history":[{"count":20,"href":"https:\/\/bozita.com\/fi\/wp-json\/wp\/v2\/pages\/11462\/revisions"}],"predecessor-version":[{"id":11654,"href":"https:\/\/bozita.com\/fi\/wp-json\/wp\/v2\/pages\/11462\/revisions\/11654"}],"wp:attachment":[{"href":"https:\/\/bozita.com\/fi\/wp-json\/wp\/v2\/media?parent=11462"}],"curies":[{"name":"wp","href":"https:\/\/api.w.org\/{rel}","templated":true}]}}